{"id":126151,"date":"2026-04-06T04:18:06","date_gmt":"2026-04-06T04:18:06","guid":{"rendered":"https:\/\/adl-regalosempresa.com\/tiendaonline\/articulos\/merchandising\/sudadera-de-cuello-redondo-unisex-para-personalizar-con-logo-4\/"},"modified":"2026-04-16T09:40:14","modified_gmt":"2026-04-16T09:40:14","slug":"sudadera-de-cuello-redondo-unisex-para-personalizar-con-logo-2","status":"publish","type":"product","link":"https:\/\/adl-regalosempresa.com\/tiendaonline\/articulos\/merchandising\/sudadera-de-cuello-redondo-unisex-para-personalizar-con-logo-2\/","title":{"rendered":"Sudadera de cuello redondo unisex  para personalizar con logo"},"content":{"rendered":"<p>Sudadera en dise\u00f1o cl\u00e1sico, con cuello, pu\u00f1os y cintura de canal\u00e9 1&#215;1 con elastano. Cubrecosturas reforzado en cuello. Etiqueta extra\u00edble. El modelo mide 185 cms y lleva la talla L.<\/p>\n","protected":false},"excerpt":{"rendered":"<p><strong>Descuentos por cantidades<\/strong><br \/>&#8211; a partir de 100 unidades: 10,22 \u20ac\/ud<br \/>&#8211; a partir de 250 unidades: 10,22 \u20ac\/ud<br \/>&#8211; a partir de 1000 unidades: 10,12 \u20ac\/ud<\/p>\n<p>Para cantidades superiores a las aqu\u00ed indicadas, no dudes en ponerte en contacto con nuestro departamento comercial o <a href='https:\/\/adl-regalosempresa.com\/tiendaonline\/solicitud-presupuesto\/'>pedirnos presupuesto personalizado<\/a>, ajustaremos el presupuesto a tus necesidades.<\/p>\n","protected":false},"featured_media":126173,"template":"","meta":{"_kad_post_transparent":"","_kad_post_title":"","_kad_post_layout":"","_kad_post_sidebar_id":"","_kad_post_content_style":"","_kad_post_vertical_padding":"","_kad_post_feature":"","_kad_post_feature_position":"","_kad_post_header":false,"_kad_post_footer":false,"_kad_post_classname":""},"product_brand":[],"product_cat":[3649,3650],"product_tag":[],"class_list":{"0":"post-126151","1":"product","2":"type-product","3":"status-publish","4":"has-post-thumbnail","6":"product_cat-ropa","7":"product_cat-sueteres","8":"pa_color-amarillo","9":"pa_color-amarillo-curry","10":"pa_color-arena","11":"pa_color-azul-celeste","12":"pa_color-azul-marino","13":"pa_color-azul-oceano","14":"pa_color-azul-real","15":"pa_color-azul-tormenta","16":"pa_color-azul-turquesa","17":"pa_color-azul-zen","18":"pa_color-blanco","19":"pa_color-blanco-ceniza-jaspeado","20":"pa_color-blanco-vintage","21":"pa_color-dark-lead","22":"pa_color-garnet","23":"pa_color-granate","24":"pa_color-gris-jaspeado","25":"pa_color-gris-perla","26":"pa_color-kelly-green","27":"pa_color-lila","28":"pa_color-marl-grey","29":"pa_color-morado","30":"pa_color-naranja","31":"pa_color-negro-intenso","32":"pa_color-plomo-oscuro","33":"pa_color-rojo","34":"pa_color-rojo-baya","35":"pa_color-rojo-palido","36":"pa_color-rosa-claro","37":"pa_color-roseta","38":"pa_color-rossette","39":"pa_color-royal","40":"pa_color-venture-green","41":"pa_color-verde-botella","42":"pa_color-verde-kelly","43":"pa_color-verde-niebla","44":"pa_color-verde-oasis","45":"pa_color-verde-venture","46":"pa_color-simple-amarillo","47":"pa_color-simple-azul","48":"pa_color-simple-blanco","49":"pa_color-simple-gris","50":"pa_color-simple-naranja","51":"pa_color-simple-negro-intenso","52":"pa_color-simple-purpura","53":"pa_color-simple-rojo","54":"pa_color-simple-rosa","55":"pa_color-simple-verde","56":"pa_genero-unisex","57":"pa_marca-roly","58":"pa_material-punto-50-algodon-50-poliester-280-g-m2","59":"pa_peso-351-gr","60":"pa_talla-2xl","61":"pa_talla-xs","62":"pa_talla-s","63":"pa_talla-m","64":"pa_talla-l","65":"pa_talla-xl","66":"pa_talla-3xl","68":"first","69":"instock","70":"taxable","71":"shipping-taxable","72":"purchasable","73":"product-type-variable","74":"entry","75":"content-bg","76":"loop-entry"},"yoast_head":"<!-- This site is optimized with the Yoast SEO plugin v26.3 - https:\/\/yoast.com\/wordpress\/plugins\/seo\/ -->\n<title>Merchandising Sudadera de cuello redondo unisex para personalizar con logo - ADL<\/title>\n<meta name=\"description\" content=\"Art\u00edculo de merchandising Sudadera de cuello redondo unisex &quot;Clasica&quot;. Sudadera en dise\u00f1o cl\u00e1sico, con cuello, pu\u00f1os y cintura de canal\u00e9 1x1 con elastano. Cubrecosturas reforzado en cuello. Etiqueta extra\u00edble. El modelo mide 185 cms y lleva la talla L.\" \/>\n<meta name=\"robots\" content=\"index, follow, max-snippet:-1, max-image-preview:large, max-video-preview:-1\" \/>\n<link rel=\"canonical\" href=\"https:\/\/adl-regalosempresa.com\/tiendaonline\/articulos\/merchandising\/sudadera-de-cuello-redondo-unisex-para-personalizar-con-logo-2\/\" \/>\n<meta property=\"og:locale\" content=\"es_ES\" \/>\n<meta property=\"og:type\" content=\"article\" \/>\n<meta property=\"og:title\" content=\"Merchandising Sudadera de cuello redondo unisex para personalizar con logo - ADL\" \/>\n<meta property=\"og:description\" content=\"Art\u00edculo de merchandising Sudadera de cuello redondo unisex &quot;Clasica&quot;. Sudadera en dise\u00f1o cl\u00e1sico, con cuello, pu\u00f1os y cintura de canal\u00e9 1x1 con elastano. Cubrecosturas reforzado en cuello. Etiqueta extra\u00edble. El modelo mide 185 cms y lleva la talla L.\" \/>\n<meta property=\"og:url\" content=\"https:\/\/adl-regalosempresa.com\/tiendaonline\/articulos\/merchandising\/sudadera-de-cuello-redondo-unisex-para-personalizar-con-logo-2\/\" \/>\n<meta property=\"og:site_name\" content=\"ADL Comunicaci\u00f3n\" \/>\n<meta property=\"article:modified_time\" content=\"2026-04-16T09:40:14+00:00\" \/>\n<meta property=\"og:image\" content=\"https:\/\/adl-regalosempresa.com\/tiendaonline\/wp-content\/uploads\/2024\/01\/R10701B.jpg\" \/>\n\t<meta property=\"og:image:width\" content=\"1600\" \/>\n\t<meta property=\"og:image:height\" content=\"1600\" \/>\n\t<meta property=\"og:image:type\" content=\"image\/jpeg\" \/>\n<meta name=\"twitter:card\" content=\"summary_large_image\" \/>\n<meta name=\"twitter:title\" content=\"Merchandising Sudadera de cuello redondo unisex para personalizar con logo - ADL\" \/>\n<script type=\"application\/ld+json\" class=\"yoast-schema-graph\">{\"@context\":\"https:\/\/schema.org\",\"@graph\":[{\"@type\":\"WebPage\",\"@id\":\"https:\/\/adl-regalosempresa.com\/tiendaonline\/articulos\/merchandising\/sudadera-de-cuello-redondo-unisex-para-personalizar-con-logo-2\/\",\"url\":\"https:\/\/adl-regalosempresa.com\/tiendaonline\/articulos\/merchandising\/sudadera-de-cuello-redondo-unisex-para-personalizar-con-logo-2\/\",\"name\":\"Merchandising Sudadera de cuello redondo unisex para personalizar con logo - ADL\",\"isPartOf\":{\"@id\":\"https:\/\/adl-regalosempresa.com\/tiendaonline\/#website\"},\"primaryImageOfPage\":{\"@id\":\"https:\/\/adl-regalosempresa.com\/tiendaonline\/articulos\/merchandising\/sudadera-de-cuello-redondo-unisex-para-personalizar-con-logo-2\/#primaryimage\"},\"image\":{\"@id\":\"https:\/\/adl-regalosempresa.com\/tiendaonline\/articulos\/merchandising\/sudadera-de-cuello-redondo-unisex-para-personalizar-con-logo-2\/#primaryimage\"},\"thumbnailUrl\":\"https:\/\/adl-regalosempresa.com\/tiendaonline\/wp-content\/uploads\/2024\/01\/R10701B.jpg\",\"datePublished\":\"2026-04-06T04:18:06+00:00\",\"dateModified\":\"2026-04-16T09:40:14+00:00\",\"description\":\"Art\u00edculo de merchandising Sudadera de cuello redondo unisex \\\"Clasica\\\". Sudadera en dise\u00f1o cl\u00e1sico, con cuello, pu\u00f1os y cintura de canal\u00e9 1x1 con elastano. Cubrecosturas reforzado en cuello. Etiqueta extra\u00edble. El modelo mide 185 cms y lleva la talla L.\",\"breadcrumb\":{\"@id\":\"https:\/\/adl-regalosempresa.com\/tiendaonline\/articulos\/merchandising\/sudadera-de-cuello-redondo-unisex-para-personalizar-con-logo-2\/#breadcrumb\"},\"inLanguage\":\"es\",\"potentialAction\":[{\"@type\":\"ReadAction\",\"target\":[\"https:\/\/adl-regalosempresa.com\/tiendaonline\/articulos\/merchandising\/sudadera-de-cuello-redondo-unisex-para-personalizar-con-logo-2\/\"]}]},{\"@type\":\"ImageObject\",\"inLanguage\":\"es\",\"@id\":\"https:\/\/adl-regalosempresa.com\/tiendaonline\/articulos\/merchandising\/sudadera-de-cuello-redondo-unisex-para-personalizar-con-logo-2\/#primaryimage\",\"url\":\"https:\/\/adl-regalosempresa.com\/tiendaonline\/wp-content\/uploads\/2024\/01\/R10701B.jpg\",\"contentUrl\":\"https:\/\/adl-regalosempresa.com\/tiendaonline\/wp-content\/uploads\/2024\/01\/R10701B.jpg\",\"width\":1600,\"height\":1600,\"caption\":\"Sudadera de cuello redondo unisex \\\"Clasica\\\"\"},{\"@type\":\"BreadcrumbList\",\"@id\":\"https:\/\/adl-regalosempresa.com\/tiendaonline\/articulos\/merchandising\/sudadera-de-cuello-redondo-unisex-para-personalizar-con-logo-2\/#breadcrumb\",\"itemListElement\":[{\"@type\":\"ListItem\",\"position\":1,\"name\":\"Portada\",\"item\":\"https:\/\/adl-regalosempresa.com\/tiendaonline\/\"},{\"@type\":\"ListItem\",\"position\":2,\"name\":\"Tienda\",\"item\":\"https:\/\/adl-regalosempresa.com\/tiendaonline\/tienda\/\"},{\"@type\":\"ListItem\",\"position\":3,\"name\":\"Sudadera de cuello redondo unisex para personalizar con logo\"}]},{\"@type\":\"WebSite\",\"@id\":\"https:\/\/adl-regalosempresa.com\/tiendaonline\/#website\",\"url\":\"https:\/\/adl-regalosempresa.com\/tiendaonline\/\",\"name\":\"ADL Comunicaci\u00f3n\",\"description\":\"Regalos de empresa\",\"publisher\":{\"@id\":\"https:\/\/adl-regalosempresa.com\/tiendaonline\/#organization\"},\"potentialAction\":[{\"@type\":\"SearchAction\",\"target\":{\"@type\":\"EntryPoint\",\"urlTemplate\":\"https:\/\/adl-regalosempresa.com\/tiendaonline\/?s={search_term_string}\"},\"query-input\":{\"@type\":\"PropertyValueSpecification\",\"valueRequired\":true,\"valueName\":\"search_term_string\"}}],\"inLanguage\":\"es\"},{\"@type\":\"Organization\",\"@id\":\"https:\/\/adl-regalosempresa.com\/tiendaonline\/#organization\",\"name\":\"ADL Comunicaci\u00f3n\",\"url\":\"https:\/\/adl-regalosempresa.com\/tiendaonline\/\",\"logo\":{\"@type\":\"ImageObject\",\"inLanguage\":\"es\",\"@id\":\"https:\/\/adl-regalosempresa.com\/tiendaonline\/#\/schema\/logo\/image\/\",\"url\":\"https:\/\/adl-regalosempresa.com\/tiendaonline\/wp-content\/uploads\/2017\/09\/logo-adl-wp.png\",\"contentUrl\":\"https:\/\/adl-regalosempresa.com\/tiendaonline\/wp-content\/uploads\/2017\/09\/logo-adl-wp.png\",\"width\":407,\"height\":185,\"caption\":\"ADL Comunicaci\u00f3n\"},\"image\":{\"@id\":\"https:\/\/adl-regalosempresa.com\/tiendaonline\/#\/schema\/logo\/image\/\"}}]}<\/script>\n<!-- \/ Yoast SEO plugin. -->","yoast_head_json":{"title":"Merchandising Sudadera de cuello redondo unisex para personalizar con logo - ADL","description":"Art\u00edculo de merchandising Sudadera de cuello redondo unisex \"Clasica\". Sudadera en dise\u00f1o cl\u00e1sico, con cuello, pu\u00f1os y cintura de canal\u00e9 1x1 con elastano. Cubrecosturas reforzado en cuello. Etiqueta extra\u00edble. El modelo mide 185 cms y lleva la talla L.","robots":{"index":"index","follow":"follow","max-snippet":"max-snippet:-1","max-image-preview":"max-image-preview:large","max-video-preview":"max-video-preview:-1"},"canonical":"https:\/\/adl-regalosempresa.com\/tiendaonline\/articulos\/merchandising\/sudadera-de-cuello-redondo-unisex-para-personalizar-con-logo-2\/","og_locale":"es_ES","og_type":"article","og_title":"Merchandising Sudadera de cuello redondo unisex para personalizar con logo - ADL","og_description":"Art\u00edculo de merchandising Sudadera de cuello redondo unisex \"Clasica\". Sudadera en dise\u00f1o cl\u00e1sico, con cuello, pu\u00f1os y cintura de canal\u00e9 1x1 con elastano. Cubrecosturas reforzado en cuello. Etiqueta extra\u00edble. El modelo mide 185 cms y lleva la talla L.","og_url":"https:\/\/adl-regalosempresa.com\/tiendaonline\/articulos\/merchandising\/sudadera-de-cuello-redondo-unisex-para-personalizar-con-logo-2\/","og_site_name":"ADL Comunicaci\u00f3n","article_modified_time":"2026-04-16T09:40:14+00:00","og_image":[{"width":1600,"height":1600,"url":"https:\/\/adl-regalosempresa.com\/tiendaonline\/wp-content\/uploads\/2024\/01\/R10701B.jpg","type":"image\/jpeg"}],"twitter_card":"summary_large_image","twitter_title":"Merchandising Sudadera de cuello redondo unisex para personalizar con logo - ADL","schema":{"@context":"https:\/\/schema.org","@graph":[{"@type":"WebPage","@id":"https:\/\/adl-regalosempresa.com\/tiendaonline\/articulos\/merchandising\/sudadera-de-cuello-redondo-unisex-para-personalizar-con-logo-2\/","url":"https:\/\/adl-regalosempresa.com\/tiendaonline\/articulos\/merchandising\/sudadera-de-cuello-redondo-unisex-para-personalizar-con-logo-2\/","name":"Merchandising Sudadera de cuello redondo unisex para personalizar con logo - ADL","isPartOf":{"@id":"https:\/\/adl-regalosempresa.com\/tiendaonline\/#website"},"primaryImageOfPage":{"@id":"https:\/\/adl-regalosempresa.com\/tiendaonline\/articulos\/merchandising\/sudadera-de-cuello-redondo-unisex-para-personalizar-con-logo-2\/#primaryimage"},"image":{"@id":"https:\/\/adl-regalosempresa.com\/tiendaonline\/articulos\/merchandising\/sudadera-de-cuello-redondo-unisex-para-personalizar-con-logo-2\/#primaryimage"},"thumbnailUrl":"https:\/\/adl-regalosempresa.com\/tiendaonline\/wp-content\/uploads\/2024\/01\/R10701B.jpg","datePublished":"2026-04-06T04:18:06+00:00","dateModified":"2026-04-16T09:40:14+00:00","description":"Art\u00edculo de merchandising Sudadera de cuello redondo unisex \"Clasica\". Sudadera en dise\u00f1o cl\u00e1sico, con cuello, pu\u00f1os y cintura de canal\u00e9 1x1 con elastano. Cubrecosturas reforzado en cuello. Etiqueta extra\u00edble. El modelo mide 185 cms y lleva la talla L.","breadcrumb":{"@id":"https:\/\/adl-regalosempresa.com\/tiendaonline\/articulos\/merchandising\/sudadera-de-cuello-redondo-unisex-para-personalizar-con-logo-2\/#breadcrumb"},"inLanguage":"es","potentialAction":[{"@type":"ReadAction","target":["https:\/\/adl-regalosempresa.com\/tiendaonline\/articulos\/merchandising\/sudadera-de-cuello-redondo-unisex-para-personalizar-con-logo-2\/"]}]},{"@type":"ImageObject","inLanguage":"es","@id":"https:\/\/adl-regalosempresa.com\/tiendaonline\/articulos\/merchandising\/sudadera-de-cuello-redondo-unisex-para-personalizar-con-logo-2\/#primaryimage","url":"https:\/\/adl-regalosempresa.com\/tiendaonline\/wp-content\/uploads\/2024\/01\/R10701B.jpg","contentUrl":"https:\/\/adl-regalosempresa.com\/tiendaonline\/wp-content\/uploads\/2024\/01\/R10701B.jpg","width":1600,"height":1600,"caption":"Sudadera de cuello redondo unisex \"Clasica\""},{"@type":"BreadcrumbList","@id":"https:\/\/adl-regalosempresa.com\/tiendaonline\/articulos\/merchandising\/sudadera-de-cuello-redondo-unisex-para-personalizar-con-logo-2\/#breadcrumb","itemListElement":[{"@type":"ListItem","position":1,"name":"Portada","item":"https:\/\/adl-regalosempresa.com\/tiendaonline\/"},{"@type":"ListItem","position":2,"name":"Tienda","item":"https:\/\/adl-regalosempresa.com\/tiendaonline\/tienda\/"},{"@type":"ListItem","position":3,"name":"Sudadera de cuello redondo unisex para personalizar con logo"}]},{"@type":"WebSite","@id":"https:\/\/adl-regalosempresa.com\/tiendaonline\/#website","url":"https:\/\/adl-regalosempresa.com\/tiendaonline\/","name":"ADL Comunicaci\u00f3n","description":"Regalos de empresa","publisher":{"@id":"https:\/\/adl-regalosempresa.com\/tiendaonline\/#organization"},"potentialAction":[{"@type":"SearchAction","target":{"@type":"EntryPoint","urlTemplate":"https:\/\/adl-regalosempresa.com\/tiendaonline\/?s={search_term_string}"},"query-input":{"@type":"PropertyValueSpecification","valueRequired":true,"valueName":"search_term_string"}}],"inLanguage":"es"},{"@type":"Organization","@id":"https:\/\/adl-regalosempresa.com\/tiendaonline\/#organization","name":"ADL Comunicaci\u00f3n","url":"https:\/\/adl-regalosempresa.com\/tiendaonline\/","logo":{"@type":"ImageObject","inLanguage":"es","@id":"https:\/\/adl-regalosempresa.com\/tiendaonline\/#\/schema\/logo\/image\/","url":"https:\/\/adl-regalosempresa.com\/tiendaonline\/wp-content\/uploads\/2017\/09\/logo-adl-wp.png","contentUrl":"https:\/\/adl-regalosempresa.com\/tiendaonline\/wp-content\/uploads\/2017\/09\/logo-adl-wp.png","width":407,"height":185,"caption":"ADL Comunicaci\u00f3n"},"image":{"@id":"https:\/\/adl-regalosempresa.com\/tiendaonline\/#\/schema\/logo\/image\/"}}]}},"_links":{"self":[{"href":"https:\/\/adl-regalosempresa.com\/tiendaonline\/wp-json\/wp\/v2\/product\/126151","targetHints":{"allow":["GET"]}}],"collection":[{"href":"https:\/\/adl-regalosempresa.com\/tiendaonline\/wp-json\/wp\/v2\/product"}],"about":[{"href":"https:\/\/adl-regalosempresa.com\/tiendaonline\/wp-json\/wp\/v2\/types\/product"}],"wp:featuredmedia":[{"embeddable":true,"href":"https:\/\/adl-regalosempresa.com\/tiendaonline\/wp-json\/wp\/v2\/media\/126173"}],"wp:attachment":[{"href":"https:\/\/adl-regalosempresa.com\/tiendaonline\/wp-json\/wp\/v2\/media?parent=126151"}],"wp:term":[{"taxonomy":"product_brand","embeddable":true,"href":"https:\/\/adl-regalosempresa.com\/tiendaonline\/wp-json\/wp\/v2\/product_brand?post=126151"},{"taxonomy":"product_cat","embeddable":true,"href":"https:\/\/adl-regalosempresa.com\/tiendaonline\/wp-json\/wp\/v2\/product_cat?post=126151"},{"taxonomy":"product_tag","embeddable":true,"href":"https:\/\/adl-regalosempresa.com\/tiendaonline\/wp-json\/wp\/v2\/product_tag?post=126151"}],"curies":[{"name":"wp","href":"https:\/\/api.w.org\/{rel}","templated":true}]}}