{"id":125208,"date":"2026-04-11T04:27:05","date_gmt":"2026-04-11T04:27:05","guid":{"rendered":"https:\/\/adl-regalosempresa.com\/tiendaonline\/articulos\/merchandising\/camiseta-de-manga-corta-para-hombre-para-personalizar-con-logo-5\/"},"modified":"2026-04-19T10:34:12","modified_gmt":"2026-04-19T10:34:12","slug":"camiseta-de-manga-corta-para-hombre-algodon-organico-para-personalizar-con-logo","status":"publish","type":"product","link":"https:\/\/adl-regalosempresa.com\/tiendaonline\/articulos\/merchandising\/camiseta-de-manga-corta-para-hombre-algodon-organico-para-personalizar-con-logo\/","title":{"rendered":"Camiseta de manga corta para hombre algod\u00f3n org\u00e1nico  para personalizar con logo"},"content":{"rendered":"<p>Camiseta tubular de manga corta en algod\u00f3n org\u00e1nico. Cuello redondo en canal\u00e9 1&#215;1. Cubrecosturas reforzado en cuello. Etiqueta extra\u00edble.<\/p>\n","protected":false},"excerpt":{"rendered":"<p><strong>Descuentos por cantidades<\/strong><br \/>&#8211; a partir de 100 unidades: 5,12 \u20ac\/ud<br \/>&#8211; a partir de 250 unidades: 5,12 \u20ac\/ud<br \/>&#8211; a partir de 1000 unidades: 5,07 \u20ac\/ud<\/p>\n<p>Para cantidades superiores a las aqu\u00ed indicadas, no dudes en ponerte en contacto con nuestro departamento comercial o <a href='https:\/\/adl-regalosempresa.com\/tiendaonline\/solicitud-presupuesto\/'>pedirnos presupuesto personalizado<\/a>, ajustaremos el presupuesto a tus necesidades.<\/p>\n","protected":false},"featured_media":131105,"template":"","meta":{"_kad_post_transparent":"","_kad_post_title":"","_kad_post_layout":"","_kad_post_sidebar_id":"","_kad_post_content_style":"","_kad_post_vertical_padding":"","_kad_post_feature":"","_kad_post_feature_position":"","_kad_post_header":false,"_kad_post_footer":false,"_kad_post_classname":""},"product_brand":[],"product_cat":[5430,3649],"product_tag":[],"class_list":{"0":"post-125208","1":"product","2":"type-product","3":"status-publish","4":"has-post-thumbnail","6":"product_cat-camisetas","7":"product_cat-ropa","8":"pa_color-amarillo","9":"pa_color-azul-celeste","10":"pa_color-azul-marino","11":"pa_color-azul-polvoriento","12":"pa_color-azul-real","13":"pa_color-azul-tranquilo","14":"pa_color-blanco","15":"pa_color-garnet","16":"pa_color-granate","17":"pa_color-greek-orange","18":"pa_color-gris-jaspeado","19":"pa_color-lavanda","20":"pa_color-lila","21":"pa_color-marl-grey","22":"pa_color-militar-green","23":"pa_color-mist-green","24":"pa_color-naranja-griego","25":"pa_color-negro-intenso","26":"pa_color-rojo","27":"pa_color-rojo-palido","28":"pa_color-royal","29":"pa_color-verde-militar","30":"pa_color-verde-niebla","31":"pa_color-simple-amarillo","32":"pa_color-simple-azul","33":"pa_color-simple-blanco","34":"pa_color-simple-gris","35":"pa_color-simple-naranja","36":"pa_color-simple-negro-intenso","37":"pa_color-simple-purpura","38":"pa_color-simple-rojo","39":"pa_color-simple-verde","40":"pa_genero-hombre","41":"pa_marca-roly","42":"pa_material-punto-de-jersey-sencillo-100-algodon-organico-175-g-m2","43":"pa_peso-145-gr","44":"pa_talla-2xl","45":"pa_talla-s","46":"pa_talla-m","47":"pa_talla-l","48":"pa_talla-xl","49":"pa_talla-3xl","51":"first","52":"instock","53":"taxable","54":"shipping-taxable","55":"purchasable","56":"product-type-variable","57":"entry","58":"content-bg","59":"loop-entry"},"yoast_head":"<!-- This site is optimized with the Yoast SEO plugin v26.3 - https:\/\/yoast.com\/wordpress\/plugins\/seo\/ -->\n<title>Merchandising Camiseta de manga corta para hombre algod\u00f3n org\u00e1nico para personalizar con logo - ADL<\/title>\n<meta name=\"description\" content=\"Art\u00edculo de merchandising Camiseta de manga corta para hombre algod\u00f3n org\u00e1nico &quot;Breda&quot;. Camiseta tubular de manga corta en algod\u00f3n org\u00e1nico. Cuello redondo en canal\u00e9 1x1. Cubrecosturas reforzado en cuello. Etiqueta extra\u00edble.\" \/>\n<meta name=\"robots\" content=\"index, follow, max-snippet:-1, max-image-preview:large, max-video-preview:-1\" \/>\n<link rel=\"canonical\" href=\"https:\/\/adl-regalosempresa.com\/tiendaonline\/articulos\/merchandising\/camiseta-de-manga-corta-para-hombre-algodon-organico-para-personalizar-con-logo\/\" \/>\n<meta property=\"og:locale\" content=\"es_ES\" \/>\n<meta property=\"og:type\" content=\"article\" \/>\n<meta property=\"og:title\" content=\"Merchandising Camiseta de manga corta para hombre algod\u00f3n org\u00e1nico para personalizar con logo - ADL\" \/>\n<meta property=\"og:description\" content=\"Art\u00edculo de merchandising Camiseta de manga corta para hombre algod\u00f3n org\u00e1nico &quot;Breda&quot;. Camiseta tubular de manga corta en algod\u00f3n org\u00e1nico. Cuello redondo en canal\u00e9 1x1. Cubrecosturas reforzado en cuello. Etiqueta extra\u00edble.\" \/>\n<meta property=\"og:url\" content=\"https:\/\/adl-regalosempresa.com\/tiendaonline\/articulos\/merchandising\/camiseta-de-manga-corta-para-hombre-algodon-organico-para-personalizar-con-logo\/\" \/>\n<meta property=\"og:site_name\" content=\"ADL Comunicaci\u00f3n\" \/>\n<meta property=\"article:modified_time\" content=\"2026-04-19T10:34:12+00:00\" \/>\n<meta property=\"og:image\" content=\"https:\/\/adl-regalosempresa.com\/tiendaonline\/wp-content\/uploads\/2024\/01\/R66981B.jpg\" \/>\n\t<meta property=\"og:image:width\" content=\"1600\" \/>\n\t<meta property=\"og:image:height\" content=\"1600\" \/>\n\t<meta property=\"og:image:type\" content=\"image\/jpeg\" \/>\n<meta name=\"twitter:card\" content=\"summary_large_image\" \/>\n<meta name=\"twitter:title\" content=\"Merchandising Camiseta de manga corta para hombre algod\u00f3n org\u00e1nico para personalizar con logo - ADL\" \/>\n<script type=\"application\/ld+json\" class=\"yoast-schema-graph\">{\"@context\":\"https:\/\/schema.org\",\"@graph\":[{\"@type\":\"WebPage\",\"@id\":\"https:\/\/adl-regalosempresa.com\/tiendaonline\/articulos\/merchandising\/camiseta-de-manga-corta-para-hombre-algodon-organico-para-personalizar-con-logo\/\",\"url\":\"https:\/\/adl-regalosempresa.com\/tiendaonline\/articulos\/merchandising\/camiseta-de-manga-corta-para-hombre-algodon-organico-para-personalizar-con-logo\/\",\"name\":\"Merchandising Camiseta de manga corta para hombre algod\u00f3n org\u00e1nico para personalizar con logo - ADL\",\"isPartOf\":{\"@id\":\"https:\/\/adl-regalosempresa.com\/tiendaonline\/#website\"},\"primaryImageOfPage\":{\"@id\":\"https:\/\/adl-regalosempresa.com\/tiendaonline\/articulos\/merchandising\/camiseta-de-manga-corta-para-hombre-algodon-organico-para-personalizar-con-logo\/#primaryimage\"},\"image\":{\"@id\":\"https:\/\/adl-regalosempresa.com\/tiendaonline\/articulos\/merchandising\/camiseta-de-manga-corta-para-hombre-algodon-organico-para-personalizar-con-logo\/#primaryimage\"},\"thumbnailUrl\":\"https:\/\/adl-regalosempresa.com\/tiendaonline\/wp-content\/uploads\/2024\/01\/R66981B.jpg\",\"datePublished\":\"2026-04-11T04:27:05+00:00\",\"dateModified\":\"2026-04-19T10:34:12+00:00\",\"description\":\"Art\u00edculo de merchandising Camiseta de manga corta para hombre algod\u00f3n org\u00e1nico \\\"Breda\\\". Camiseta tubular de manga corta en algod\u00f3n org\u00e1nico. Cuello redondo en canal\u00e9 1x1. Cubrecosturas reforzado en cuello. Etiqueta extra\u00edble.\",\"breadcrumb\":{\"@id\":\"https:\/\/adl-regalosempresa.com\/tiendaonline\/articulos\/merchandising\/camiseta-de-manga-corta-para-hombre-algodon-organico-para-personalizar-con-logo\/#breadcrumb\"},\"inLanguage\":\"es\",\"potentialAction\":[{\"@type\":\"ReadAction\",\"target\":[\"https:\/\/adl-regalosempresa.com\/tiendaonline\/articulos\/merchandising\/camiseta-de-manga-corta-para-hombre-algodon-organico-para-personalizar-con-logo\/\"]}]},{\"@type\":\"ImageObject\",\"inLanguage\":\"es\",\"@id\":\"https:\/\/adl-regalosempresa.com\/tiendaonline\/articulos\/merchandising\/camiseta-de-manga-corta-para-hombre-algodon-organico-para-personalizar-con-logo\/#primaryimage\",\"url\":\"https:\/\/adl-regalosempresa.com\/tiendaonline\/wp-content\/uploads\/2024\/01\/R66981B.jpg\",\"contentUrl\":\"https:\/\/adl-regalosempresa.com\/tiendaonline\/wp-content\/uploads\/2024\/01\/R66981B.jpg\",\"width\":1600,\"height\":1600,\"caption\":\"Camiseta de manga corta para hombre algod\u00f3n org\u00e1nico \\\"Breda\\\"\"},{\"@type\":\"BreadcrumbList\",\"@id\":\"https:\/\/adl-regalosempresa.com\/tiendaonline\/articulos\/merchandising\/camiseta-de-manga-corta-para-hombre-algodon-organico-para-personalizar-con-logo\/#breadcrumb\",\"itemListElement\":[{\"@type\":\"ListItem\",\"position\":1,\"name\":\"Portada\",\"item\":\"https:\/\/adl-regalosempresa.com\/tiendaonline\/\"},{\"@type\":\"ListItem\",\"position\":2,\"name\":\"Tienda\",\"item\":\"https:\/\/adl-regalosempresa.com\/tiendaonline\/tienda\/\"},{\"@type\":\"ListItem\",\"position\":3,\"name\":\"Camiseta de manga corta para hombre algod\u00f3n org\u00e1nico para personalizar con logo\"}]},{\"@type\":\"WebSite\",\"@id\":\"https:\/\/adl-regalosempresa.com\/tiendaonline\/#website\",\"url\":\"https:\/\/adl-regalosempresa.com\/tiendaonline\/\",\"name\":\"ADL Comunicaci\u00f3n\",\"description\":\"Regalos de empresa\",\"publisher\":{\"@id\":\"https:\/\/adl-regalosempresa.com\/tiendaonline\/#organization\"},\"potentialAction\":[{\"@type\":\"SearchAction\",\"target\":{\"@type\":\"EntryPoint\",\"urlTemplate\":\"https:\/\/adl-regalosempresa.com\/tiendaonline\/?s={search_term_string}\"},\"query-input\":{\"@type\":\"PropertyValueSpecification\",\"valueRequired\":true,\"valueName\":\"search_term_string\"}}],\"inLanguage\":\"es\"},{\"@type\":\"Organization\",\"@id\":\"https:\/\/adl-regalosempresa.com\/tiendaonline\/#organization\",\"name\":\"ADL Comunicaci\u00f3n\",\"url\":\"https:\/\/adl-regalosempresa.com\/tiendaonline\/\",\"logo\":{\"@type\":\"ImageObject\",\"inLanguage\":\"es\",\"@id\":\"https:\/\/adl-regalosempresa.com\/tiendaonline\/#\/schema\/logo\/image\/\",\"url\":\"https:\/\/adl-regalosempresa.com\/tiendaonline\/wp-content\/uploads\/2017\/09\/logo-adl-wp.png\",\"contentUrl\":\"https:\/\/adl-regalosempresa.com\/tiendaonline\/wp-content\/uploads\/2017\/09\/logo-adl-wp.png\",\"width\":407,\"height\":185,\"caption\":\"ADL Comunicaci\u00f3n\"},\"image\":{\"@id\":\"https:\/\/adl-regalosempresa.com\/tiendaonline\/#\/schema\/logo\/image\/\"}}]}<\/script>\n<!-- \/ Yoast SEO plugin. -->","yoast_head_json":{"title":"Merchandising Camiseta de manga corta para hombre algod\u00f3n org\u00e1nico para personalizar con logo - ADL","description":"Art\u00edculo de merchandising Camiseta de manga corta para hombre algod\u00f3n org\u00e1nico \"Breda\". Camiseta tubular de manga corta en algod\u00f3n org\u00e1nico. Cuello redondo en canal\u00e9 1x1. Cubrecosturas reforzado en cuello. Etiqueta extra\u00edble.","robots":{"index":"index","follow":"follow","max-snippet":"max-snippet:-1","max-image-preview":"max-image-preview:large","max-video-preview":"max-video-preview:-1"},"canonical":"https:\/\/adl-regalosempresa.com\/tiendaonline\/articulos\/merchandising\/camiseta-de-manga-corta-para-hombre-algodon-organico-para-personalizar-con-logo\/","og_locale":"es_ES","og_type":"article","og_title":"Merchandising Camiseta de manga corta para hombre algod\u00f3n org\u00e1nico para personalizar con logo - ADL","og_description":"Art\u00edculo de merchandising Camiseta de manga corta para hombre algod\u00f3n org\u00e1nico \"Breda\". Camiseta tubular de manga corta en algod\u00f3n org\u00e1nico. Cuello redondo en canal\u00e9 1x1. Cubrecosturas reforzado en cuello. Etiqueta extra\u00edble.","og_url":"https:\/\/adl-regalosempresa.com\/tiendaonline\/articulos\/merchandising\/camiseta-de-manga-corta-para-hombre-algodon-organico-para-personalizar-con-logo\/","og_site_name":"ADL Comunicaci\u00f3n","article_modified_time":"2026-04-19T10:34:12+00:00","og_image":[{"width":1600,"height":1600,"url":"https:\/\/adl-regalosempresa.com\/tiendaonline\/wp-content\/uploads\/2024\/01\/R66981B.jpg","type":"image\/jpeg"}],"twitter_card":"summary_large_image","twitter_title":"Merchandising Camiseta de manga corta para hombre algod\u00f3n org\u00e1nico para personalizar con logo - ADL","schema":{"@context":"https:\/\/schema.org","@graph":[{"@type":"WebPage","@id":"https:\/\/adl-regalosempresa.com\/tiendaonline\/articulos\/merchandising\/camiseta-de-manga-corta-para-hombre-algodon-organico-para-personalizar-con-logo\/","url":"https:\/\/adl-regalosempresa.com\/tiendaonline\/articulos\/merchandising\/camiseta-de-manga-corta-para-hombre-algodon-organico-para-personalizar-con-logo\/","name":"Merchandising Camiseta de manga corta para hombre algod\u00f3n org\u00e1nico para personalizar con logo - ADL","isPartOf":{"@id":"https:\/\/adl-regalosempresa.com\/tiendaonline\/#website"},"primaryImageOfPage":{"@id":"https:\/\/adl-regalosempresa.com\/tiendaonline\/articulos\/merchandising\/camiseta-de-manga-corta-para-hombre-algodon-organico-para-personalizar-con-logo\/#primaryimage"},"image":{"@id":"https:\/\/adl-regalosempresa.com\/tiendaonline\/articulos\/merchandising\/camiseta-de-manga-corta-para-hombre-algodon-organico-para-personalizar-con-logo\/#primaryimage"},"thumbnailUrl":"https:\/\/adl-regalosempresa.com\/tiendaonline\/wp-content\/uploads\/2024\/01\/R66981B.jpg","datePublished":"2026-04-11T04:27:05+00:00","dateModified":"2026-04-19T10:34:12+00:00","description":"Art\u00edculo de merchandising Camiseta de manga corta para hombre algod\u00f3n org\u00e1nico \"Breda\". Camiseta tubular de manga corta en algod\u00f3n org\u00e1nico. Cuello redondo en canal\u00e9 1x1. Cubrecosturas reforzado en cuello. Etiqueta extra\u00edble.","breadcrumb":{"@id":"https:\/\/adl-regalosempresa.com\/tiendaonline\/articulos\/merchandising\/camiseta-de-manga-corta-para-hombre-algodon-organico-para-personalizar-con-logo\/#breadcrumb"},"inLanguage":"es","potentialAction":[{"@type":"ReadAction","target":["https:\/\/adl-regalosempresa.com\/tiendaonline\/articulos\/merchandising\/camiseta-de-manga-corta-para-hombre-algodon-organico-para-personalizar-con-logo\/"]}]},{"@type":"ImageObject","inLanguage":"es","@id":"https:\/\/adl-regalosempresa.com\/tiendaonline\/articulos\/merchandising\/camiseta-de-manga-corta-para-hombre-algodon-organico-para-personalizar-con-logo\/#primaryimage","url":"https:\/\/adl-regalosempresa.com\/tiendaonline\/wp-content\/uploads\/2024\/01\/R66981B.jpg","contentUrl":"https:\/\/adl-regalosempresa.com\/tiendaonline\/wp-content\/uploads\/2024\/01\/R66981B.jpg","width":1600,"height":1600,"caption":"Camiseta de manga corta para hombre algod\u00f3n org\u00e1nico \"Breda\""},{"@type":"BreadcrumbList","@id":"https:\/\/adl-regalosempresa.com\/tiendaonline\/articulos\/merchandising\/camiseta-de-manga-corta-para-hombre-algodon-organico-para-personalizar-con-logo\/#breadcrumb","itemListElement":[{"@type":"ListItem","position":1,"name":"Portada","item":"https:\/\/adl-regalosempresa.com\/tiendaonline\/"},{"@type":"ListItem","position":2,"name":"Tienda","item":"https:\/\/adl-regalosempresa.com\/tiendaonline\/tienda\/"},{"@type":"ListItem","position":3,"name":"Camiseta de manga corta para hombre algod\u00f3n org\u00e1nico para personalizar con logo"}]},{"@type":"WebSite","@id":"https:\/\/adl-regalosempresa.com\/tiendaonline\/#website","url":"https:\/\/adl-regalosempresa.com\/tiendaonline\/","name":"ADL Comunicaci\u00f3n","description":"Regalos de empresa","publisher":{"@id":"https:\/\/adl-regalosempresa.com\/tiendaonline\/#organization"},"potentialAction":[{"@type":"SearchAction","target":{"@type":"EntryPoint","urlTemplate":"https:\/\/adl-regalosempresa.com\/tiendaonline\/?s={search_term_string}"},"query-input":{"@type":"PropertyValueSpecification","valueRequired":true,"valueName":"search_term_string"}}],"inLanguage":"es"},{"@type":"Organization","@id":"https:\/\/adl-regalosempresa.com\/tiendaonline\/#organization","name":"ADL Comunicaci\u00f3n","url":"https:\/\/adl-regalosempresa.com\/tiendaonline\/","logo":{"@type":"ImageObject","inLanguage":"es","@id":"https:\/\/adl-regalosempresa.com\/tiendaonline\/#\/schema\/logo\/image\/","url":"https:\/\/adl-regalosempresa.com\/tiendaonline\/wp-content\/uploads\/2017\/09\/logo-adl-wp.png","contentUrl":"https:\/\/adl-regalosempresa.com\/tiendaonline\/wp-content\/uploads\/2017\/09\/logo-adl-wp.png","width":407,"height":185,"caption":"ADL Comunicaci\u00f3n"},"image":{"@id":"https:\/\/adl-regalosempresa.com\/tiendaonline\/#\/schema\/logo\/image\/"}}]}},"_links":{"self":[{"href":"https:\/\/adl-regalosempresa.com\/tiendaonline\/wp-json\/wp\/v2\/product\/125208","targetHints":{"allow":["GET"]}}],"collection":[{"href":"https:\/\/adl-regalosempresa.com\/tiendaonline\/wp-json\/wp\/v2\/product"}],"about":[{"href":"https:\/\/adl-regalosempresa.com\/tiendaonline\/wp-json\/wp\/v2\/types\/product"}],"wp:featuredmedia":[{"embeddable":true,"href":"https:\/\/adl-regalosempresa.com\/tiendaonline\/wp-json\/wp\/v2\/media\/131105"}],"wp:attachment":[{"href":"https:\/\/adl-regalosempresa.com\/tiendaonline\/wp-json\/wp\/v2\/media?parent=125208"}],"wp:term":[{"taxonomy":"product_brand","embeddable":true,"href":"https:\/\/adl-regalosempresa.com\/tiendaonline\/wp-json\/wp\/v2\/product_brand?post=125208"},{"taxonomy":"product_cat","embeddable":true,"href":"https:\/\/adl-regalosempresa.com\/tiendaonline\/wp-json\/wp\/v2\/product_cat?post=125208"},{"taxonomy":"product_tag","embeddable":true,"href":"https:\/\/adl-regalosempresa.com\/tiendaonline\/wp-json\/wp\/v2\/product_tag?post=125208"}],"curies":[{"name":"wp","href":"https:\/\/api.w.org\/{rel}","templated":true}]}}