{"id":123424,"date":"2026-04-19T04:19:03","date_gmt":"2026-04-19T04:19:03","guid":{"rendered":"https:\/\/adl-regalosempresa.com\/tiendaonline\/articulos\/merchandising\/set-boligrafos-de-bambu-para-personalizar-con-logo-2\/"},"modified":"2026-04-19T04:20:14","modified_gmt":"2026-04-19T04:20:14","slug":"set-boligrafos-de-bambu-para-personalizar-con-logo-2","status":"publish","type":"product","link":"https:\/\/adl-regalosempresa.com\/tiendaonline\/articulos\/merchandising\/set-boligrafos-de-bambu-para-personalizar-con-logo-2\/","title":{"rendered":"Set bol\u00edgrafos de bamb\u00fa  para personalizar con logo"},"content":{"rendered":"<p>El bol\u00edgrafo doble \u00abSamambu\u00bb de bamb\u00fa tiene dos puntas: 1 bol\u00edgrafo con tinta y 1 bol\u00edgrafo sin tinta. La punta sin tinta no requiere cartuchos de tinta ni recambios. La punta de grafito negro del bol\u00edgrafo se ha dise\u00f1ado para dejar un rastro visible al entrar en contacto con la superficie de escritura. Elegir un bol\u00edgrafo de bamb\u00fa promueve la toma de decisiones m\u00e1s sostenibles y fomenta el uso de materiales renovables. El bol\u00edgrafo tiene tinta azul, un tama\u00f1o de la punta de 1,00\u00a0mm y una longitud de escritura de 600\u00a0metros. Longitud de escritura del bol\u00edgrafo sin tinta: 1500 metros.<\/p>\n","protected":false},"excerpt":{"rendered":"<p><strong>Descuentos por cantidades<\/strong><br \/>&#8211; a partir de 500 unidades: 0,24 \u20ac\/ud<br \/>&#8211; a partir de 1000 unidades: 0,24 \u20ac\/ud<br \/>&#8211; a partir de 2500 unidades: 0,24 \u20ac\/ud<\/p>\n<p>Para cantidades superiores a las aqu\u00ed indicadas, no dudes en ponerte en contacto con nuestro departamento comercial o <a href='https:\/\/adl-regalosempresa.com\/tiendaonline\/solicitud-presupuesto\/'>pedirnos presupuesto personalizado<\/a>, ajustaremos el presupuesto a tus necesidades.<\/p>\n","protected":false},"featured_media":123426,"template":"","meta":{"_kad_post_transparent":"","_kad_post_title":"","_kad_post_layout":"","_kad_post_sidebar_id":"","_kad_post_content_style":"","_kad_post_vertical_padding":"","_kad_post_feature":"","_kad_post_feature_position":"","_kad_post_header":false,"_kad_post_footer":false,"_kad_post_classname":""},"product_brand":[],"product_cat":[4287,4325],"product_tag":[],"class_list":{"0":"post-123424","1":"product","2":"type-product","3":"status-publish","4":"has-post-thumbnail","6":"product_cat-boligrafos-y-escritura","7":"product_cat-otros","8":"pa_color-natural","9":"pa_color-simple-natural","10":"pa_diametro-09-cm","11":"pa_largo-172-cm","12":"pa_marca-unbranded","13":"pa_material-bambu-certificado-fsc","14":"pa_peso-7-gr","16":"first","17":"instock","18":"taxable","19":"shipping-taxable","20":"purchasable","21":"product-type-variable","22":"entry","23":"content-bg","24":"loop-entry"},"yoast_head":"<!-- This site is optimized with the Yoast SEO plugin v26.3 - https:\/\/yoast.com\/wordpress\/plugins\/seo\/ -->\n<title>Merchandising Set bol\u00edgrafos de bamb\u00fa para personalizar con logo - ADL<\/title>\n<meta name=\"description\" content=\"Art\u00edculo de merchandising Set bol\u00edgrafos de bamb\u00fa &quot;Samambu&quot; (tinta negra). El bol\u00edgrafo doble &quot;Samambu&quot; de bamb\u00fa tiene dos puntas: 1 bol\u00edgrafo con tinta y 1 bol\u00edgrafo sin tinta. La punta sin tinta no requiere cartuchos de tinta ni recambios. La punta de grafito negro del bol\u00edgrafo se ha dise\u00f1ado para dejar un rastro visible al entrar en contacto con la superficie de escritura. Elegir un bol\u00edgrafo de bamb\u00fa promueve la toma de decisiones m\u00e1s sostenibles y fomenta el uso de materiales renovables. El bol\u00edgrafo tiene tinta azul, un tama\u00f1o de la punta de 1,00\u00a0mm y una longitud de escritura de 600\u00a0metros. Longitud de escritura del bol\u00edgrafo sin tinta: 1500 metros.\" \/>\n<meta name=\"robots\" content=\"index, follow, max-snippet:-1, max-image-preview:large, max-video-preview:-1\" \/>\n<link rel=\"canonical\" href=\"https:\/\/adl-regalosempresa.com\/tiendaonline\/articulos\/merchandising\/set-boligrafos-de-bambu-para-personalizar-con-logo-2\/\" \/>\n<meta property=\"og:locale\" content=\"es_ES\" \/>\n<meta property=\"og:type\" content=\"article\" \/>\n<meta property=\"og:title\" content=\"Merchandising Set bol\u00edgrafos de bamb\u00fa para personalizar con logo - ADL\" \/>\n<meta property=\"og:description\" content=\"Art\u00edculo de merchandising Set bol\u00edgrafos de bamb\u00fa &quot;Samambu&quot; (tinta negra). El bol\u00edgrafo doble &quot;Samambu&quot; de bamb\u00fa tiene dos puntas: 1 bol\u00edgrafo con tinta y 1 bol\u00edgrafo sin tinta. La punta sin tinta no requiere cartuchos de tinta ni recambios. La punta de grafito negro del bol\u00edgrafo se ha dise\u00f1ado para dejar un rastro visible al entrar en contacto con la superficie de escritura. Elegir un bol\u00edgrafo de bamb\u00fa promueve la toma de decisiones m\u00e1s sostenibles y fomenta el uso de materiales renovables. El bol\u00edgrafo tiene tinta azul, un tama\u00f1o de la punta de 1,00\u00a0mm y una longitud de escritura de 600\u00a0metros. Longitud de escritura del bol\u00edgrafo sin tinta: 1500 metros.\" \/>\n<meta property=\"og:url\" content=\"https:\/\/adl-regalosempresa.com\/tiendaonline\/articulos\/merchandising\/set-boligrafos-de-bambu-para-personalizar-con-logo-2\/\" \/>\n<meta property=\"og:site_name\" content=\"ADL Comunicaci\u00f3n\" \/>\n<meta property=\"article:modified_time\" content=\"2026-04-19T04:20:14+00:00\" \/>\n<meta property=\"og:image\" content=\"https:\/\/adl-regalosempresa.com\/tiendaonline\/wp-content\/uploads\/2024\/01\/10789206.jpg\" \/>\n\t<meta property=\"og:image:width\" content=\"1600\" \/>\n\t<meta property=\"og:image:height\" content=\"1600\" \/>\n\t<meta property=\"og:image:type\" content=\"image\/jpeg\" \/>\n<meta name=\"twitter:card\" content=\"summary_large_image\" \/>\n<meta name=\"twitter:title\" content=\"Merchandising Set bol\u00edgrafos de bamb\u00fa para personalizar con logo - ADL\" \/>\n<meta name=\"twitter:label1\" content=\"Tiempo de lectura\" \/>\n\t<meta name=\"twitter:data1\" content=\"1 minuto\" \/>\n<script type=\"application\/ld+json\" class=\"yoast-schema-graph\">{\"@context\":\"https:\/\/schema.org\",\"@graph\":[{\"@type\":\"WebPage\",\"@id\":\"https:\/\/adl-regalosempresa.com\/tiendaonline\/articulos\/merchandising\/set-boligrafos-de-bambu-para-personalizar-con-logo-2\/\",\"url\":\"https:\/\/adl-regalosempresa.com\/tiendaonline\/articulos\/merchandising\/set-boligrafos-de-bambu-para-personalizar-con-logo-2\/\",\"name\":\"Merchandising Set bol\u00edgrafos de bamb\u00fa para personalizar con logo - ADL\",\"isPartOf\":{\"@id\":\"https:\/\/adl-regalosempresa.com\/tiendaonline\/#website\"},\"primaryImageOfPage\":{\"@id\":\"https:\/\/adl-regalosempresa.com\/tiendaonline\/articulos\/merchandising\/set-boligrafos-de-bambu-para-personalizar-con-logo-2\/#primaryimage\"},\"image\":{\"@id\":\"https:\/\/adl-regalosempresa.com\/tiendaonline\/articulos\/merchandising\/set-boligrafos-de-bambu-para-personalizar-con-logo-2\/#primaryimage\"},\"thumbnailUrl\":\"https:\/\/adl-regalosempresa.com\/tiendaonline\/wp-content\/uploads\/2024\/01\/10789206.jpg\",\"datePublished\":\"2026-04-19T04:19:03+00:00\",\"dateModified\":\"2026-04-19T04:20:14+00:00\",\"description\":\"Art\u00edculo de merchandising Set bol\u00edgrafos de bamb\u00fa \\\"Samambu\\\" (tinta negra). El bol\u00edgrafo doble \\\"Samambu\\\" de bamb\u00fa tiene dos puntas: 1 bol\u00edgrafo con tinta y 1 bol\u00edgrafo sin tinta. La punta sin tinta no requiere cartuchos de tinta ni recambios. La punta de grafito negro del bol\u00edgrafo se ha dise\u00f1ado para dejar un rastro visible al entrar en contacto con la superficie de escritura. Elegir un bol\u00edgrafo de bamb\u00fa promueve la toma de decisiones m\u00e1s sostenibles y fomenta el uso de materiales renovables. El bol\u00edgrafo tiene tinta azul, un tama\u00f1o de la punta de 1,00\u00a0mm y una longitud de escritura de 600\u00a0metros. Longitud de escritura del bol\u00edgrafo sin tinta: 1500 metros.\",\"breadcrumb\":{\"@id\":\"https:\/\/adl-regalosempresa.com\/tiendaonline\/articulos\/merchandising\/set-boligrafos-de-bambu-para-personalizar-con-logo-2\/#breadcrumb\"},\"inLanguage\":\"es\",\"potentialAction\":[{\"@type\":\"ReadAction\",\"target\":[\"https:\/\/adl-regalosempresa.com\/tiendaonline\/articulos\/merchandising\/set-boligrafos-de-bambu-para-personalizar-con-logo-2\/\"]}]},{\"@type\":\"ImageObject\",\"inLanguage\":\"es\",\"@id\":\"https:\/\/adl-regalosempresa.com\/tiendaonline\/articulos\/merchandising\/set-boligrafos-de-bambu-para-personalizar-con-logo-2\/#primaryimage\",\"url\":\"https:\/\/adl-regalosempresa.com\/tiendaonline\/wp-content\/uploads\/2024\/01\/10789206.jpg\",\"contentUrl\":\"https:\/\/adl-regalosempresa.com\/tiendaonline\/wp-content\/uploads\/2024\/01\/10789206.jpg\",\"width\":1600,\"height\":1600,\"caption\":\"Set bol\u00edgrafos de bamb\u00fa \\\"Samambu\\\" (tinta negra)\"},{\"@type\":\"BreadcrumbList\",\"@id\":\"https:\/\/adl-regalosempresa.com\/tiendaonline\/articulos\/merchandising\/set-boligrafos-de-bambu-para-personalizar-con-logo-2\/#breadcrumb\",\"itemListElement\":[{\"@type\":\"ListItem\",\"position\":1,\"name\":\"Portada\",\"item\":\"https:\/\/adl-regalosempresa.com\/tiendaonline\/\"},{\"@type\":\"ListItem\",\"position\":2,\"name\":\"Tienda\",\"item\":\"https:\/\/adl-regalosempresa.com\/tiendaonline\/tienda\/\"},{\"@type\":\"ListItem\",\"position\":3,\"name\":\"Set bol\u00edgrafos de bamb\u00fa para personalizar con logo\"}]},{\"@type\":\"WebSite\",\"@id\":\"https:\/\/adl-regalosempresa.com\/tiendaonline\/#website\",\"url\":\"https:\/\/adl-regalosempresa.com\/tiendaonline\/\",\"name\":\"ADL Comunicaci\u00f3n\",\"description\":\"Regalos de empresa\",\"publisher\":{\"@id\":\"https:\/\/adl-regalosempresa.com\/tiendaonline\/#organization\"},\"potentialAction\":[{\"@type\":\"SearchAction\",\"target\":{\"@type\":\"EntryPoint\",\"urlTemplate\":\"https:\/\/adl-regalosempresa.com\/tiendaonline\/?s={search_term_string}\"},\"query-input\":{\"@type\":\"PropertyValueSpecification\",\"valueRequired\":true,\"valueName\":\"search_term_string\"}}],\"inLanguage\":\"es\"},{\"@type\":\"Organization\",\"@id\":\"https:\/\/adl-regalosempresa.com\/tiendaonline\/#organization\",\"name\":\"ADL Comunicaci\u00f3n\",\"url\":\"https:\/\/adl-regalosempresa.com\/tiendaonline\/\",\"logo\":{\"@type\":\"ImageObject\",\"inLanguage\":\"es\",\"@id\":\"https:\/\/adl-regalosempresa.com\/tiendaonline\/#\/schema\/logo\/image\/\",\"url\":\"https:\/\/adl-regalosempresa.com\/tiendaonline\/wp-content\/uploads\/2017\/09\/logo-adl-wp.png\",\"contentUrl\":\"https:\/\/adl-regalosempresa.com\/tiendaonline\/wp-content\/uploads\/2017\/09\/logo-adl-wp.png\",\"width\":407,\"height\":185,\"caption\":\"ADL Comunicaci\u00f3n\"},\"image\":{\"@id\":\"https:\/\/adl-regalosempresa.com\/tiendaonline\/#\/schema\/logo\/image\/\"}}]}<\/script>\n<!-- \/ Yoast SEO plugin. -->","yoast_head_json":{"title":"Merchandising Set bol\u00edgrafos de bamb\u00fa para personalizar con logo - ADL","description":"Art\u00edculo de merchandising Set bol\u00edgrafos de bamb\u00fa \"Samambu\" (tinta negra). El bol\u00edgrafo doble \"Samambu\" de bamb\u00fa tiene dos puntas: 1 bol\u00edgrafo con tinta y 1 bol\u00edgrafo sin tinta. La punta sin tinta no requiere cartuchos de tinta ni recambios. La punta de grafito negro del bol\u00edgrafo se ha dise\u00f1ado para dejar un rastro visible al entrar en contacto con la superficie de escritura. Elegir un bol\u00edgrafo de bamb\u00fa promueve la toma de decisiones m\u00e1s sostenibles y fomenta el uso de materiales renovables. El bol\u00edgrafo tiene tinta azul, un tama\u00f1o de la punta de 1,00\u00a0mm y una longitud de escritura de 600\u00a0metros. Longitud de escritura del bol\u00edgrafo sin tinta: 1500 metros.","robots":{"index":"index","follow":"follow","max-snippet":"max-snippet:-1","max-image-preview":"max-image-preview:large","max-video-preview":"max-video-preview:-1"},"canonical":"https:\/\/adl-regalosempresa.com\/tiendaonline\/articulos\/merchandising\/set-boligrafos-de-bambu-para-personalizar-con-logo-2\/","og_locale":"es_ES","og_type":"article","og_title":"Merchandising Set bol\u00edgrafos de bamb\u00fa para personalizar con logo - ADL","og_description":"Art\u00edculo de merchandising Set bol\u00edgrafos de bamb\u00fa \"Samambu\" (tinta negra). El bol\u00edgrafo doble \"Samambu\" de bamb\u00fa tiene dos puntas: 1 bol\u00edgrafo con tinta y 1 bol\u00edgrafo sin tinta. La punta sin tinta no requiere cartuchos de tinta ni recambios. La punta de grafito negro del bol\u00edgrafo se ha dise\u00f1ado para dejar un rastro visible al entrar en contacto con la superficie de escritura. Elegir un bol\u00edgrafo de bamb\u00fa promueve la toma de decisiones m\u00e1s sostenibles y fomenta el uso de materiales renovables. El bol\u00edgrafo tiene tinta azul, un tama\u00f1o de la punta de 1,00\u00a0mm y una longitud de escritura de 600\u00a0metros. Longitud de escritura del bol\u00edgrafo sin tinta: 1500 metros.","og_url":"https:\/\/adl-regalosempresa.com\/tiendaonline\/articulos\/merchandising\/set-boligrafos-de-bambu-para-personalizar-con-logo-2\/","og_site_name":"ADL Comunicaci\u00f3n","article_modified_time":"2026-04-19T04:20:14+00:00","og_image":[{"width":1600,"height":1600,"url":"https:\/\/adl-regalosempresa.com\/tiendaonline\/wp-content\/uploads\/2024\/01\/10789206.jpg","type":"image\/jpeg"}],"twitter_card":"summary_large_image","twitter_title":"Merchandising Set bol\u00edgrafos de bamb\u00fa para personalizar con logo - ADL","twitter_misc":{"Tiempo de lectura":"1 minuto"},"schema":{"@context":"https:\/\/schema.org","@graph":[{"@type":"WebPage","@id":"https:\/\/adl-regalosempresa.com\/tiendaonline\/articulos\/merchandising\/set-boligrafos-de-bambu-para-personalizar-con-logo-2\/","url":"https:\/\/adl-regalosempresa.com\/tiendaonline\/articulos\/merchandising\/set-boligrafos-de-bambu-para-personalizar-con-logo-2\/","name":"Merchandising Set bol\u00edgrafos de bamb\u00fa para personalizar con logo - ADL","isPartOf":{"@id":"https:\/\/adl-regalosempresa.com\/tiendaonline\/#website"},"primaryImageOfPage":{"@id":"https:\/\/adl-regalosempresa.com\/tiendaonline\/articulos\/merchandising\/set-boligrafos-de-bambu-para-personalizar-con-logo-2\/#primaryimage"},"image":{"@id":"https:\/\/adl-regalosempresa.com\/tiendaonline\/articulos\/merchandising\/set-boligrafos-de-bambu-para-personalizar-con-logo-2\/#primaryimage"},"thumbnailUrl":"https:\/\/adl-regalosempresa.com\/tiendaonline\/wp-content\/uploads\/2024\/01\/10789206.jpg","datePublished":"2026-04-19T04:19:03+00:00","dateModified":"2026-04-19T04:20:14+00:00","description":"Art\u00edculo de merchandising Set bol\u00edgrafos de bamb\u00fa \"Samambu\" (tinta negra). El bol\u00edgrafo doble \"Samambu\" de bamb\u00fa tiene dos puntas: 1 bol\u00edgrafo con tinta y 1 bol\u00edgrafo sin tinta. La punta sin tinta no requiere cartuchos de tinta ni recambios. La punta de grafito negro del bol\u00edgrafo se ha dise\u00f1ado para dejar un rastro visible al entrar en contacto con la superficie de escritura. Elegir un bol\u00edgrafo de bamb\u00fa promueve la toma de decisiones m\u00e1s sostenibles y fomenta el uso de materiales renovables. El bol\u00edgrafo tiene tinta azul, un tama\u00f1o de la punta de 1,00\u00a0mm y una longitud de escritura de 600\u00a0metros. Longitud de escritura del bol\u00edgrafo sin tinta: 1500 metros.","breadcrumb":{"@id":"https:\/\/adl-regalosempresa.com\/tiendaonline\/articulos\/merchandising\/set-boligrafos-de-bambu-para-personalizar-con-logo-2\/#breadcrumb"},"inLanguage":"es","potentialAction":[{"@type":"ReadAction","target":["https:\/\/adl-regalosempresa.com\/tiendaonline\/articulos\/merchandising\/set-boligrafos-de-bambu-para-personalizar-con-logo-2\/"]}]},{"@type":"ImageObject","inLanguage":"es","@id":"https:\/\/adl-regalosempresa.com\/tiendaonline\/articulos\/merchandising\/set-boligrafos-de-bambu-para-personalizar-con-logo-2\/#primaryimage","url":"https:\/\/adl-regalosempresa.com\/tiendaonline\/wp-content\/uploads\/2024\/01\/10789206.jpg","contentUrl":"https:\/\/adl-regalosempresa.com\/tiendaonline\/wp-content\/uploads\/2024\/01\/10789206.jpg","width":1600,"height":1600,"caption":"Set bol\u00edgrafos de bamb\u00fa \"Samambu\" (tinta negra)"},{"@type":"BreadcrumbList","@id":"https:\/\/adl-regalosempresa.com\/tiendaonline\/articulos\/merchandising\/set-boligrafos-de-bambu-para-personalizar-con-logo-2\/#breadcrumb","itemListElement":[{"@type":"ListItem","position":1,"name":"Portada","item":"https:\/\/adl-regalosempresa.com\/tiendaonline\/"},{"@type":"ListItem","position":2,"name":"Tienda","item":"https:\/\/adl-regalosempresa.com\/tiendaonline\/tienda\/"},{"@type":"ListItem","position":3,"name":"Set bol\u00edgrafos de bamb\u00fa para personalizar con logo"}]},{"@type":"WebSite","@id":"https:\/\/adl-regalosempresa.com\/tiendaonline\/#website","url":"https:\/\/adl-regalosempresa.com\/tiendaonline\/","name":"ADL Comunicaci\u00f3n","description":"Regalos de empresa","publisher":{"@id":"https:\/\/adl-regalosempresa.com\/tiendaonline\/#organization"},"potentialAction":[{"@type":"SearchAction","target":{"@type":"EntryPoint","urlTemplate":"https:\/\/adl-regalosempresa.com\/tiendaonline\/?s={search_term_string}"},"query-input":{"@type":"PropertyValueSpecification","valueRequired":true,"valueName":"search_term_string"}}],"inLanguage":"es"},{"@type":"Organization","@id":"https:\/\/adl-regalosempresa.com\/tiendaonline\/#organization","name":"ADL Comunicaci\u00f3n","url":"https:\/\/adl-regalosempresa.com\/tiendaonline\/","logo":{"@type":"ImageObject","inLanguage":"es","@id":"https:\/\/adl-regalosempresa.com\/tiendaonline\/#\/schema\/logo\/image\/","url":"https:\/\/adl-regalosempresa.com\/tiendaonline\/wp-content\/uploads\/2017\/09\/logo-adl-wp.png","contentUrl":"https:\/\/adl-regalosempresa.com\/tiendaonline\/wp-content\/uploads\/2017\/09\/logo-adl-wp.png","width":407,"height":185,"caption":"ADL Comunicaci\u00f3n"},"image":{"@id":"https:\/\/adl-regalosempresa.com\/tiendaonline\/#\/schema\/logo\/image\/"}}]}},"_links":{"self":[{"href":"https:\/\/adl-regalosempresa.com\/tiendaonline\/wp-json\/wp\/v2\/product\/123424","targetHints":{"allow":["GET"]}}],"collection":[{"href":"https:\/\/adl-regalosempresa.com\/tiendaonline\/wp-json\/wp\/v2\/product"}],"about":[{"href":"https:\/\/adl-regalosempresa.com\/tiendaonline\/wp-json\/wp\/v2\/types\/product"}],"wp:featuredmedia":[{"embeddable":true,"href":"https:\/\/adl-regalosempresa.com\/tiendaonline\/wp-json\/wp\/v2\/media\/123426"}],"wp:attachment":[{"href":"https:\/\/adl-regalosempresa.com\/tiendaonline\/wp-json\/wp\/v2\/media?parent=123424"}],"wp:term":[{"taxonomy":"product_brand","embeddable":true,"href":"https:\/\/adl-regalosempresa.com\/tiendaonline\/wp-json\/wp\/v2\/product_brand?post=123424"},{"taxonomy":"product_cat","embeddable":true,"href":"https:\/\/adl-regalosempresa.com\/tiendaonline\/wp-json\/wp\/v2\/product_cat?post=123424"},{"taxonomy":"product_tag","embeddable":true,"href":"https:\/\/adl-regalosempresa.com\/tiendaonline\/wp-json\/wp\/v2\/product_tag?post=123424"}],"curies":[{"name":"wp","href":"https:\/\/api.w.org\/{rel}","templated":true}]}}