{"id":123355,"date":"2026-04-19T04:18:56","date_gmt":"2026-04-19T04:18:56","guid":{"rendered":"https:\/\/adl-regalosempresa.com\/tiendaonline\/articulos\/merchandising\/cable-de-carga-modular-de-plastico-reciclado-para-personalizar-con-logo\/"},"modified":"2026-04-19T04:20:14","modified_gmt":"2026-04-19T04:20:14","slug":"cable-de-carga-modular-de-plastico-reciclado-para-personalizar-con-logo","status":"publish","type":"product","link":"https:\/\/adl-regalosempresa.com\/tiendaonline\/articulos\/merchandising\/cable-de-carga-modular-de-plastico-reciclado-para-personalizar-con-logo\/","title":{"rendered":"Cable de carga modular de pl\u00e1stico reciclado  para personalizar con logo"},"content":{"rendered":"<p>El cable modular de transferencia de datos y carga fabricado con pl\u00e1stico reciclado se entrega en un elegante estuche. El cable ofrece m\u00faltiples soluciones de carga: Entrada USB tipo C y A, y salida USB tipo C\/iOS\/micro. Gracias a todos estos adaptadores y conectores, este cable permite cargar la mayor\u00eda de smartphones, c\u00e1maras, bater\u00edas externas, auriculares, etc. El cable tiene una potencia de salida m\u00e1xima de 2 A. Dispone de un pasador de expulsi\u00f3n que resulta muy \u00fatil para extraer la tarjeta SIM del tel\u00e9fono. El estuche tambi\u00e9n tiene espacio para guardar una tarjeta de memoria micro SD, as\u00ed como una tarjeta nano SIM, lo que lo convierte en el accesorio de viaje perfecto. Longitud del cable: 28 cm. Se entrega en un sobre de papel kraft 100 % reciclado.<\/p>\n","protected":false},"excerpt":{"rendered":"<p><strong>Descuentos por cantidades<\/strong><br \/>&#8211; a partir de 100 unidades: 4,68 \u20ac\/ud<br \/>&#8211; a partir de 250 unidades: 4,52 \u20ac\/ud<br \/>&#8211; a partir de 1000 unidades: 4,44 \u20ac\/ud<\/p>\n<p>Para cantidades superiores a las aqu\u00ed indicadas, no dudes en ponerte en contacto con nuestro departamento comercial o <a href='https:\/\/adl-regalosempresa.com\/tiendaonline\/solicitud-presupuesto\/'>pedirnos presupuesto personalizado<\/a>, ajustaremos el presupuesto a tus necesidades.<\/p>\n","protected":false},"featured_media":123357,"template":"","meta":{"_kad_post_transparent":"","_kad_post_title":"","_kad_post_layout":"","_kad_post_sidebar_id":"","_kad_post_content_style":"","_kad_post_vertical_padding":"","_kad_post_feature":"","_kad_post_feature_position":"","_kad_post_header":false,"_kad_post_footer":false,"_kad_post_classname":""},"product_brand":[],"product_cat":[5101,486],"product_tag":[],"class_list":{"0":"post-123355","1":"product","2":"type-product","3":"status-publish","4":"has-post-thumbnail","6":"product_cat-cables","7":"product_cat-tecnologia","8":"pa_alto-15-cm","9":"pa_ancho-15-cm","10":"pa_color-blanco","11":"pa_color-negro-intenso","12":"pa_color-simple-blanco","13":"pa_color-simple-negro-intenso","14":"pa_largo-105-cm","15":"pa_marca-unbranded","16":"pa_material-plastico-abs-reciclado","17":"pa_peso-36-gr","19":"first","20":"instock","21":"taxable","22":"shipping-taxable","23":"purchasable","24":"product-type-variable","25":"entry","26":"content-bg","27":"loop-entry"},"yoast_head":"<!-- This site is optimized with the Yoast SEO plugin v26.3 - https:\/\/yoast.com\/wordpress\/plugins\/seo\/ -->\n<title>Merchandising Cable de carga modular de pl\u00e1stico reciclado para personalizar con logo - ADL<\/title>\n<meta name=\"description\" content=\"Art\u00edculo de merchandising Cable de carga modular de pl\u00e1stico reciclado &quot;Whiz&quot;. El cable modular de transferencia de datos y carga fabricado con pl\u00e1stico reciclado se entrega en un elegante estuche. El cable ofrece m\u00faltiples soluciones de carga: Entrada USB tipo C y A, y salida USB tipo C\/iOS\/micro. Gracias a todos estos adaptadores y conectores, este cable permite cargar la mayor\u00eda de smartphones, c\u00e1maras, bater\u00edas externas, auriculares, etc. El cable tiene una potencia de salida m\u00e1xima de 2 A. Dispone de un pasador de expulsi\u00f3n que resulta muy \u00fatil para extraer la tarjeta SIM del tel\u00e9fono. El estuche tambi\u00e9n tiene espacio para guardar una tarjeta de memoria micro SD, as\u00ed como una tarjeta nano SIM, lo que lo convierte en el accesorio de viaje perfecto. Longitud del cable: 28 cm. Se entrega en un sobre de papel kraft 100 % reciclado.\" \/>\n<meta name=\"robots\" content=\"index, follow, max-snippet:-1, max-image-preview:large, max-video-preview:-1\" \/>\n<link rel=\"canonical\" href=\"https:\/\/adl-regalosempresa.com\/tiendaonline\/articulos\/merchandising\/cable-de-carga-modular-de-plastico-reciclado-para-personalizar-con-logo\/\" \/>\n<meta property=\"og:locale\" content=\"es_ES\" \/>\n<meta property=\"og:type\" content=\"article\" \/>\n<meta property=\"og:title\" content=\"Merchandising Cable de carga modular de pl\u00e1stico reciclado para personalizar con logo - ADL\" \/>\n<meta property=\"og:description\" content=\"Art\u00edculo de merchandising Cable de carga modular de pl\u00e1stico reciclado &quot;Whiz&quot;. El cable modular de transferencia de datos y carga fabricado con pl\u00e1stico reciclado se entrega en un elegante estuche. El cable ofrece m\u00faltiples soluciones de carga: Entrada USB tipo C y A, y salida USB tipo C\/iOS\/micro. Gracias a todos estos adaptadores y conectores, este cable permite cargar la mayor\u00eda de smartphones, c\u00e1maras, bater\u00edas externas, auriculares, etc. El cable tiene una potencia de salida m\u00e1xima de 2 A. Dispone de un pasador de expulsi\u00f3n que resulta muy \u00fatil para extraer la tarjeta SIM del tel\u00e9fono. El estuche tambi\u00e9n tiene espacio para guardar una tarjeta de memoria micro SD, as\u00ed como una tarjeta nano SIM, lo que lo convierte en el accesorio de viaje perfecto. Longitud del cable: 28 cm. Se entrega en un sobre de papel kraft 100 % reciclado.\" \/>\n<meta property=\"og:url\" content=\"https:\/\/adl-regalosempresa.com\/tiendaonline\/articulos\/merchandising\/cable-de-carga-modular-de-plastico-reciclado-para-personalizar-con-logo\/\" \/>\n<meta property=\"og:site_name\" content=\"ADL Comunicaci\u00f3n\" \/>\n<meta property=\"article:modified_time\" content=\"2026-04-19T04:20:14+00:00\" \/>\n<meta property=\"og:image\" content=\"https:\/\/adl-regalosempresa.com\/tiendaonline\/wp-content\/uploads\/2024\/01\/12436201.jpg\" \/>\n\t<meta property=\"og:image:width\" content=\"1600\" \/>\n\t<meta property=\"og:image:height\" content=\"1600\" \/>\n\t<meta property=\"og:image:type\" content=\"image\/jpeg\" \/>\n<meta name=\"twitter:card\" content=\"summary_large_image\" \/>\n<meta name=\"twitter:title\" content=\"Merchandising Cable de carga modular de pl\u00e1stico reciclado para personalizar con logo - ADL\" \/>\n<meta name=\"twitter:label1\" content=\"Tiempo de lectura\" \/>\n\t<meta name=\"twitter:data1\" content=\"1 minuto\" \/>\n<script type=\"application\/ld+json\" class=\"yoast-schema-graph\">{\"@context\":\"https:\/\/schema.org\",\"@graph\":[{\"@type\":\"WebPage\",\"@id\":\"https:\/\/adl-regalosempresa.com\/tiendaonline\/articulos\/merchandising\/cable-de-carga-modular-de-plastico-reciclado-para-personalizar-con-logo\/\",\"url\":\"https:\/\/adl-regalosempresa.com\/tiendaonline\/articulos\/merchandising\/cable-de-carga-modular-de-plastico-reciclado-para-personalizar-con-logo\/\",\"name\":\"Merchandising Cable de carga modular de pl\u00e1stico reciclado para personalizar con logo - ADL\",\"isPartOf\":{\"@id\":\"https:\/\/adl-regalosempresa.com\/tiendaonline\/#website\"},\"primaryImageOfPage\":{\"@id\":\"https:\/\/adl-regalosempresa.com\/tiendaonline\/articulos\/merchandising\/cable-de-carga-modular-de-plastico-reciclado-para-personalizar-con-logo\/#primaryimage\"},\"image\":{\"@id\":\"https:\/\/adl-regalosempresa.com\/tiendaonline\/articulos\/merchandising\/cable-de-carga-modular-de-plastico-reciclado-para-personalizar-con-logo\/#primaryimage\"},\"thumbnailUrl\":\"https:\/\/adl-regalosempresa.com\/tiendaonline\/wp-content\/uploads\/2024\/01\/12436201.jpg\",\"datePublished\":\"2026-04-19T04:18:56+00:00\",\"dateModified\":\"2026-04-19T04:20:14+00:00\",\"description\":\"Art\u00edculo de merchandising Cable de carga modular de pl\u00e1stico reciclado \\\"Whiz\\\". El cable modular de transferencia de datos y carga fabricado con pl\u00e1stico reciclado se entrega en un elegante estuche. El cable ofrece m\u00faltiples soluciones de carga: Entrada USB tipo C y A, y salida USB tipo C\/iOS\/micro. Gracias a todos estos adaptadores y conectores, este cable permite cargar la mayor\u00eda de smartphones, c\u00e1maras, bater\u00edas externas, auriculares, etc. El cable tiene una potencia de salida m\u00e1xima de 2 A. Dispone de un pasador de expulsi\u00f3n que resulta muy \u00fatil para extraer la tarjeta SIM del tel\u00e9fono. El estuche tambi\u00e9n tiene espacio para guardar una tarjeta de memoria micro SD, as\u00ed como una tarjeta nano SIM, lo que lo convierte en el accesorio de viaje perfecto. Longitud del cable: 28 cm. Se entrega en un sobre de papel kraft 100 % reciclado.\",\"breadcrumb\":{\"@id\":\"https:\/\/adl-regalosempresa.com\/tiendaonline\/articulos\/merchandising\/cable-de-carga-modular-de-plastico-reciclado-para-personalizar-con-logo\/#breadcrumb\"},\"inLanguage\":\"es\",\"potentialAction\":[{\"@type\":\"ReadAction\",\"target\":[\"https:\/\/adl-regalosempresa.com\/tiendaonline\/articulos\/merchandising\/cable-de-carga-modular-de-plastico-reciclado-para-personalizar-con-logo\/\"]}]},{\"@type\":\"ImageObject\",\"inLanguage\":\"es\",\"@id\":\"https:\/\/adl-regalosempresa.com\/tiendaonline\/articulos\/merchandising\/cable-de-carga-modular-de-plastico-reciclado-para-personalizar-con-logo\/#primaryimage\",\"url\":\"https:\/\/adl-regalosempresa.com\/tiendaonline\/wp-content\/uploads\/2024\/01\/12436201.jpg\",\"contentUrl\":\"https:\/\/adl-regalosempresa.com\/tiendaonline\/wp-content\/uploads\/2024\/01\/12436201.jpg\",\"width\":1600,\"height\":1600,\"caption\":\"Cable de carga modular de pl\u00e1stico reciclado \\\"Whiz\\\"\"},{\"@type\":\"BreadcrumbList\",\"@id\":\"https:\/\/adl-regalosempresa.com\/tiendaonline\/articulos\/merchandising\/cable-de-carga-modular-de-plastico-reciclado-para-personalizar-con-logo\/#breadcrumb\",\"itemListElement\":[{\"@type\":\"ListItem\",\"position\":1,\"name\":\"Portada\",\"item\":\"https:\/\/adl-regalosempresa.com\/tiendaonline\/\"},{\"@type\":\"ListItem\",\"position\":2,\"name\":\"Tienda\",\"item\":\"https:\/\/adl-regalosempresa.com\/tiendaonline\/tienda\/\"},{\"@type\":\"ListItem\",\"position\":3,\"name\":\"Cable de carga modular de pl\u00e1stico reciclado para personalizar con logo\"}]},{\"@type\":\"WebSite\",\"@id\":\"https:\/\/adl-regalosempresa.com\/tiendaonline\/#website\",\"url\":\"https:\/\/adl-regalosempresa.com\/tiendaonline\/\",\"name\":\"ADL Comunicaci\u00f3n\",\"description\":\"Regalos de empresa\",\"publisher\":{\"@id\":\"https:\/\/adl-regalosempresa.com\/tiendaonline\/#organization\"},\"potentialAction\":[{\"@type\":\"SearchAction\",\"target\":{\"@type\":\"EntryPoint\",\"urlTemplate\":\"https:\/\/adl-regalosempresa.com\/tiendaonline\/?s={search_term_string}\"},\"query-input\":{\"@type\":\"PropertyValueSpecification\",\"valueRequired\":true,\"valueName\":\"search_term_string\"}}],\"inLanguage\":\"es\"},{\"@type\":\"Organization\",\"@id\":\"https:\/\/adl-regalosempresa.com\/tiendaonline\/#organization\",\"name\":\"ADL Comunicaci\u00f3n\",\"url\":\"https:\/\/adl-regalosempresa.com\/tiendaonline\/\",\"logo\":{\"@type\":\"ImageObject\",\"inLanguage\":\"es\",\"@id\":\"https:\/\/adl-regalosempresa.com\/tiendaonline\/#\/schema\/logo\/image\/\",\"url\":\"https:\/\/adl-regalosempresa.com\/tiendaonline\/wp-content\/uploads\/2017\/09\/logo-adl-wp.png\",\"contentUrl\":\"https:\/\/adl-regalosempresa.com\/tiendaonline\/wp-content\/uploads\/2017\/09\/logo-adl-wp.png\",\"width\":407,\"height\":185,\"caption\":\"ADL Comunicaci\u00f3n\"},\"image\":{\"@id\":\"https:\/\/adl-regalosempresa.com\/tiendaonline\/#\/schema\/logo\/image\/\"}}]}<\/script>\n<!-- \/ Yoast SEO plugin. -->","yoast_head_json":{"title":"Merchandising Cable de carga modular de pl\u00e1stico reciclado para personalizar con logo - ADL","description":"Art\u00edculo de merchandising Cable de carga modular de pl\u00e1stico reciclado \"Whiz\". El cable modular de transferencia de datos y carga fabricado con pl\u00e1stico reciclado se entrega en un elegante estuche. El cable ofrece m\u00faltiples soluciones de carga: Entrada USB tipo C y A, y salida USB tipo C\/iOS\/micro. Gracias a todos estos adaptadores y conectores, este cable permite cargar la mayor\u00eda de smartphones, c\u00e1maras, bater\u00edas externas, auriculares, etc. El cable tiene una potencia de salida m\u00e1xima de 2 A. Dispone de un pasador de expulsi\u00f3n que resulta muy \u00fatil para extraer la tarjeta SIM del tel\u00e9fono. El estuche tambi\u00e9n tiene espacio para guardar una tarjeta de memoria micro SD, as\u00ed como una tarjeta nano SIM, lo que lo convierte en el accesorio de viaje perfecto. Longitud del cable: 28 cm. Se entrega en un sobre de papel kraft 100 % reciclado.","robots":{"index":"index","follow":"follow","max-snippet":"max-snippet:-1","max-image-preview":"max-image-preview:large","max-video-preview":"max-video-preview:-1"},"canonical":"https:\/\/adl-regalosempresa.com\/tiendaonline\/articulos\/merchandising\/cable-de-carga-modular-de-plastico-reciclado-para-personalizar-con-logo\/","og_locale":"es_ES","og_type":"article","og_title":"Merchandising Cable de carga modular de pl\u00e1stico reciclado para personalizar con logo - ADL","og_description":"Art\u00edculo de merchandising Cable de carga modular de pl\u00e1stico reciclado \"Whiz\". El cable modular de transferencia de datos y carga fabricado con pl\u00e1stico reciclado se entrega en un elegante estuche. El cable ofrece m\u00faltiples soluciones de carga: Entrada USB tipo C y A, y salida USB tipo C\/iOS\/micro. Gracias a todos estos adaptadores y conectores, este cable permite cargar la mayor\u00eda de smartphones, c\u00e1maras, bater\u00edas externas, auriculares, etc. El cable tiene una potencia de salida m\u00e1xima de 2 A. Dispone de un pasador de expulsi\u00f3n que resulta muy \u00fatil para extraer la tarjeta SIM del tel\u00e9fono. El estuche tambi\u00e9n tiene espacio para guardar una tarjeta de memoria micro SD, as\u00ed como una tarjeta nano SIM, lo que lo convierte en el accesorio de viaje perfecto. Longitud del cable: 28 cm. Se entrega en un sobre de papel kraft 100 % reciclado.","og_url":"https:\/\/adl-regalosempresa.com\/tiendaonline\/articulos\/merchandising\/cable-de-carga-modular-de-plastico-reciclado-para-personalizar-con-logo\/","og_site_name":"ADL Comunicaci\u00f3n","article_modified_time":"2026-04-19T04:20:14+00:00","og_image":[{"width":1600,"height":1600,"url":"https:\/\/adl-regalosempresa.com\/tiendaonline\/wp-content\/uploads\/2024\/01\/12436201.jpg","type":"image\/jpeg"}],"twitter_card":"summary_large_image","twitter_title":"Merchandising Cable de carga modular de pl\u00e1stico reciclado para personalizar con logo - ADL","twitter_misc":{"Tiempo de lectura":"1 minuto"},"schema":{"@context":"https:\/\/schema.org","@graph":[{"@type":"WebPage","@id":"https:\/\/adl-regalosempresa.com\/tiendaonline\/articulos\/merchandising\/cable-de-carga-modular-de-plastico-reciclado-para-personalizar-con-logo\/","url":"https:\/\/adl-regalosempresa.com\/tiendaonline\/articulos\/merchandising\/cable-de-carga-modular-de-plastico-reciclado-para-personalizar-con-logo\/","name":"Merchandising Cable de carga modular de pl\u00e1stico reciclado para personalizar con logo - ADL","isPartOf":{"@id":"https:\/\/adl-regalosempresa.com\/tiendaonline\/#website"},"primaryImageOfPage":{"@id":"https:\/\/adl-regalosempresa.com\/tiendaonline\/articulos\/merchandising\/cable-de-carga-modular-de-plastico-reciclado-para-personalizar-con-logo\/#primaryimage"},"image":{"@id":"https:\/\/adl-regalosempresa.com\/tiendaonline\/articulos\/merchandising\/cable-de-carga-modular-de-plastico-reciclado-para-personalizar-con-logo\/#primaryimage"},"thumbnailUrl":"https:\/\/adl-regalosempresa.com\/tiendaonline\/wp-content\/uploads\/2024\/01\/12436201.jpg","datePublished":"2026-04-19T04:18:56+00:00","dateModified":"2026-04-19T04:20:14+00:00","description":"Art\u00edculo de merchandising Cable de carga modular de pl\u00e1stico reciclado \"Whiz\". El cable modular de transferencia de datos y carga fabricado con pl\u00e1stico reciclado se entrega en un elegante estuche. El cable ofrece m\u00faltiples soluciones de carga: Entrada USB tipo C y A, y salida USB tipo C\/iOS\/micro. Gracias a todos estos adaptadores y conectores, este cable permite cargar la mayor\u00eda de smartphones, c\u00e1maras, bater\u00edas externas, auriculares, etc. El cable tiene una potencia de salida m\u00e1xima de 2 A. Dispone de un pasador de expulsi\u00f3n que resulta muy \u00fatil para extraer la tarjeta SIM del tel\u00e9fono. El estuche tambi\u00e9n tiene espacio para guardar una tarjeta de memoria micro SD, as\u00ed como una tarjeta nano SIM, lo que lo convierte en el accesorio de viaje perfecto. Longitud del cable: 28 cm. Se entrega en un sobre de papel kraft 100 % reciclado.","breadcrumb":{"@id":"https:\/\/adl-regalosempresa.com\/tiendaonline\/articulos\/merchandising\/cable-de-carga-modular-de-plastico-reciclado-para-personalizar-con-logo\/#breadcrumb"},"inLanguage":"es","potentialAction":[{"@type":"ReadAction","target":["https:\/\/adl-regalosempresa.com\/tiendaonline\/articulos\/merchandising\/cable-de-carga-modular-de-plastico-reciclado-para-personalizar-con-logo\/"]}]},{"@type":"ImageObject","inLanguage":"es","@id":"https:\/\/adl-regalosempresa.com\/tiendaonline\/articulos\/merchandising\/cable-de-carga-modular-de-plastico-reciclado-para-personalizar-con-logo\/#primaryimage","url":"https:\/\/adl-regalosempresa.com\/tiendaonline\/wp-content\/uploads\/2024\/01\/12436201.jpg","contentUrl":"https:\/\/adl-regalosempresa.com\/tiendaonline\/wp-content\/uploads\/2024\/01\/12436201.jpg","width":1600,"height":1600,"caption":"Cable de carga modular de pl\u00e1stico reciclado \"Whiz\""},{"@type":"BreadcrumbList","@id":"https:\/\/adl-regalosempresa.com\/tiendaonline\/articulos\/merchandising\/cable-de-carga-modular-de-plastico-reciclado-para-personalizar-con-logo\/#breadcrumb","itemListElement":[{"@type":"ListItem","position":1,"name":"Portada","item":"https:\/\/adl-regalosempresa.com\/tiendaonline\/"},{"@type":"ListItem","position":2,"name":"Tienda","item":"https:\/\/adl-regalosempresa.com\/tiendaonline\/tienda\/"},{"@type":"ListItem","position":3,"name":"Cable de carga modular de pl\u00e1stico reciclado para personalizar con logo"}]},{"@type":"WebSite","@id":"https:\/\/adl-regalosempresa.com\/tiendaonline\/#website","url":"https:\/\/adl-regalosempresa.com\/tiendaonline\/","name":"ADL Comunicaci\u00f3n","description":"Regalos de empresa","publisher":{"@id":"https:\/\/adl-regalosempresa.com\/tiendaonline\/#organization"},"potentialAction":[{"@type":"SearchAction","target":{"@type":"EntryPoint","urlTemplate":"https:\/\/adl-regalosempresa.com\/tiendaonline\/?s={search_term_string}"},"query-input":{"@type":"PropertyValueSpecification","valueRequired":true,"valueName":"search_term_string"}}],"inLanguage":"es"},{"@type":"Organization","@id":"https:\/\/adl-regalosempresa.com\/tiendaonline\/#organization","name":"ADL Comunicaci\u00f3n","url":"https:\/\/adl-regalosempresa.com\/tiendaonline\/","logo":{"@type":"ImageObject","inLanguage":"es","@id":"https:\/\/adl-regalosempresa.com\/tiendaonline\/#\/schema\/logo\/image\/","url":"https:\/\/adl-regalosempresa.com\/tiendaonline\/wp-content\/uploads\/2017\/09\/logo-adl-wp.png","contentUrl":"https:\/\/adl-regalosempresa.com\/tiendaonline\/wp-content\/uploads\/2017\/09\/logo-adl-wp.png","width":407,"height":185,"caption":"ADL Comunicaci\u00f3n"},"image":{"@id":"https:\/\/adl-regalosempresa.com\/tiendaonline\/#\/schema\/logo\/image\/"}}]}},"_links":{"self":[{"href":"https:\/\/adl-regalosempresa.com\/tiendaonline\/wp-json\/wp\/v2\/product\/123355","targetHints":{"allow":["GET"]}}],"collection":[{"href":"https:\/\/adl-regalosempresa.com\/tiendaonline\/wp-json\/wp\/v2\/product"}],"about":[{"href":"https:\/\/adl-regalosempresa.com\/tiendaonline\/wp-json\/wp\/v2\/types\/product"}],"wp:featuredmedia":[{"embeddable":true,"href":"https:\/\/adl-regalosempresa.com\/tiendaonline\/wp-json\/wp\/v2\/media\/123357"}],"wp:attachment":[{"href":"https:\/\/adl-regalosempresa.com\/tiendaonline\/wp-json\/wp\/v2\/media?parent=123355"}],"wp:term":[{"taxonomy":"product_brand","embeddable":true,"href":"https:\/\/adl-regalosempresa.com\/tiendaonline\/wp-json\/wp\/v2\/product_brand?post=123355"},{"taxonomy":"product_cat","embeddable":true,"href":"https:\/\/adl-regalosempresa.com\/tiendaonline\/wp-json\/wp\/v2\/product_cat?post=123355"},{"taxonomy":"product_tag","embeddable":true,"href":"https:\/\/adl-regalosempresa.com\/tiendaonline\/wp-json\/wp\/v2\/product_tag?post=123355"}],"curies":[{"name":"wp","href":"https:\/\/api.w.org\/{rel}","templated":true}]}}