{"id":123263,"date":"2026-03-24T06:21:04","date_gmt":"2026-03-24T06:21:04","guid":{"rendered":"https:\/\/adl-regalosempresa.com\/tiendaonline\/articulos\/merchandising\/funda-para-personalizar-con-logo\/"},"modified":"2026-04-15T08:32:21","modified_gmt":"2026-04-15T08:32:21","slug":"cartera-para-personalizar-con-logo","status":"publish","type":"product","link":"https:\/\/adl-regalosempresa.com\/tiendaonline\/articulos\/merchandising\/cartera-para-personalizar-con-logo\/","title":{"rendered":"Cartera  para personalizar con logo"},"content":{"rendered":"<p>La cartera \u00abTurner\u00bb est\u00e1 dise\u00f1ado con materiales duraderos y sostenibles. El exterior est\u00e1 fabricado con un 51\u00a0% de pl\u00e1stico de poliuretano reciclado GRS y el forro est\u00e1 fabricado con un 100\u00a0% de RPET reciclado GRS. Esta cartera es perfecto como bolsillo adicional para guardar objetos peque\u00f1os en su interior, y puede utilizarse en combinaci\u00f3n con otras bolsas para organizar mejor los objetos. Esta cartera est\u00e1 concebido para durar, y con su dise\u00f1o cl\u00e1sico y sus materiales resistentes, ser\u00e1 uno de tus accesorios favoritos.<\/p>\n","protected":false},"excerpt":{"rendered":"<p><strong>Descuentos por cantidades<\/strong><br \/>&#8211; a partir de 100 unidades: 2,98 \u20ac\/ud<br \/>&#8211; a partir de 250 unidades: 2,98 \u20ac\/ud<br \/>&#8211; a partir de 1000 unidades: 2,98 \u20ac\/ud<\/p>\n<p>Para cantidades superiores a las aqu\u00ed indicadas, no dudes en ponerte en contacto con nuestro departamento comercial o <a href='https:\/\/adl-regalosempresa.com\/tiendaonline\/solicitud-presupuesto\/'>pedirnos presupuesto personalizado<\/a>, ajustaremos el presupuesto a tus necesidades.<\/p>\n","protected":false},"featured_media":123265,"template":"","meta":{"_kad_post_transparent":"","_kad_post_title":"","_kad_post_layout":"","_kad_post_sidebar_id":"","_kad_post_content_style":"","_kad_post_vertical_padding":"","_kad_post_feature":"","_kad_post_feature_position":"","_kad_post_header":false,"_kad_post_footer":false,"_kad_post_classname":""},"product_brand":[],"product_cat":[4869,3375],"product_tag":[],"class_list":{"0":"post-123263","1":"product","2":"type-product","3":"status-publish","4":"has-post-thumbnail","6":"product_cat-articulos-de-viaje","7":"product_cat-deportes-y-ocio","8":"pa_alto-145-cm","9":"pa_color-negro-intenso","10":"pa_color-simple-negro-intenso","11":"pa_largo-20-cm","12":"pa_marca-unbranded","13":"pa_material-poliuretano-pu-reciclado-grs","14":"pa_peso-58-gr","16":"first","17":"instock","18":"taxable","19":"shipping-taxable","20":"purchasable","21":"product-type-variable","22":"entry","23":"content-bg","24":"loop-entry"},"yoast_head":"<!-- This site is optimized with the Yoast SEO plugin v26.3 - https:\/\/yoast.com\/wordpress\/plugins\/seo\/ -->\n<title>Merchandising Cartera para personalizar con logo - ADL<\/title>\n<meta name=\"description\" content=\"Art\u00edculo de merchandising Cartera &quot;Turner&quot; de material reciclado GRS. La cartera &quot;Turner&quot; est\u00e1 dise\u00f1ado con materiales duraderos y sostenibles. El exterior est\u00e1 fabricado con un 51\u00a0% de pl\u00e1stico de poliuretano reciclado GRS y el forro est\u00e1 fabricado con un 100\u00a0% de RPET reciclado GRS. Esta cartera es perfecto como bolsillo adicional para guardar objetos peque\u00f1os en su interior, y puede utilizarse en combinaci\u00f3n con otras bolsas para organizar mejor los objetos. Esta cartera est\u00e1 concebido para durar, y con su dise\u00f1o cl\u00e1sico y sus materiales resistentes, ser\u00e1 uno de tus accesorios favoritos.\" \/>\n<meta name=\"robots\" content=\"index, follow, max-snippet:-1, max-image-preview:large, max-video-preview:-1\" \/>\n<link rel=\"canonical\" href=\"https:\/\/adl-regalosempresa.com\/tiendaonline\/articulos\/merchandising\/cartera-para-personalizar-con-logo\/\" \/>\n<meta property=\"og:locale\" content=\"es_ES\" \/>\n<meta property=\"og:type\" content=\"article\" \/>\n<meta property=\"og:title\" content=\"Merchandising Cartera para personalizar con logo - ADL\" \/>\n<meta property=\"og:description\" content=\"Art\u00edculo de merchandising Cartera &quot;Turner&quot; de material reciclado GRS. La cartera &quot;Turner&quot; est\u00e1 dise\u00f1ado con materiales duraderos y sostenibles. El exterior est\u00e1 fabricado con un 51\u00a0% de pl\u00e1stico de poliuretano reciclado GRS y el forro est\u00e1 fabricado con un 100\u00a0% de RPET reciclado GRS. Esta cartera es perfecto como bolsillo adicional para guardar objetos peque\u00f1os en su interior, y puede utilizarse en combinaci\u00f3n con otras bolsas para organizar mejor los objetos. Esta cartera est\u00e1 concebido para durar, y con su dise\u00f1o cl\u00e1sico y sus materiales resistentes, ser\u00e1 uno de tus accesorios favoritos.\" \/>\n<meta property=\"og:url\" content=\"https:\/\/adl-regalosempresa.com\/tiendaonline\/articulos\/merchandising\/cartera-para-personalizar-con-logo\/\" \/>\n<meta property=\"og:site_name\" content=\"ADL Comunicaci\u00f3n\" \/>\n<meta property=\"article:modified_time\" content=\"2026-04-15T08:32:21+00:00\" \/>\n<meta property=\"og:image\" content=\"https:\/\/adl-regalosempresa.com\/tiendaonline\/wp-content\/uploads\/2024\/01\/12070990.jpg\" \/>\n\t<meta property=\"og:image:width\" content=\"1600\" \/>\n\t<meta property=\"og:image:height\" content=\"1600\" \/>\n\t<meta property=\"og:image:type\" content=\"image\/jpeg\" \/>\n<meta name=\"twitter:card\" content=\"summary_large_image\" \/>\n<meta name=\"twitter:title\" content=\"Merchandising Cartera para personalizar con logo - ADL\" \/>\n<script type=\"application\/ld+json\" class=\"yoast-schema-graph\">{\"@context\":\"https:\/\/schema.org\",\"@graph\":[{\"@type\":\"WebPage\",\"@id\":\"https:\/\/adl-regalosempresa.com\/tiendaonline\/articulos\/merchandising\/cartera-para-personalizar-con-logo\/\",\"url\":\"https:\/\/adl-regalosempresa.com\/tiendaonline\/articulos\/merchandising\/cartera-para-personalizar-con-logo\/\",\"name\":\"Merchandising Cartera para personalizar con logo - ADL\",\"isPartOf\":{\"@id\":\"https:\/\/adl-regalosempresa.com\/tiendaonline\/#website\"},\"primaryImageOfPage\":{\"@id\":\"https:\/\/adl-regalosempresa.com\/tiendaonline\/articulos\/merchandising\/cartera-para-personalizar-con-logo\/#primaryimage\"},\"image\":{\"@id\":\"https:\/\/adl-regalosempresa.com\/tiendaonline\/articulos\/merchandising\/cartera-para-personalizar-con-logo\/#primaryimage\"},\"thumbnailUrl\":\"https:\/\/adl-regalosempresa.com\/tiendaonline\/wp-content\/uploads\/2024\/01\/12070990.jpg\",\"datePublished\":\"2026-03-24T06:21:04+00:00\",\"dateModified\":\"2026-04-15T08:32:21+00:00\",\"description\":\"Art\u00edculo de merchandising Cartera \\\"Turner\\\" de material reciclado GRS. La cartera \\\"Turner\\\" est\u00e1 dise\u00f1ado con materiales duraderos y sostenibles. El exterior est\u00e1 fabricado con un 51\u00a0% de pl\u00e1stico de poliuretano reciclado GRS y el forro est\u00e1 fabricado con un 100\u00a0% de RPET reciclado GRS. Esta cartera es perfecto como bolsillo adicional para guardar objetos peque\u00f1os en su interior, y puede utilizarse en combinaci\u00f3n con otras bolsas para organizar mejor los objetos. Esta cartera est\u00e1 concebido para durar, y con su dise\u00f1o cl\u00e1sico y sus materiales resistentes, ser\u00e1 uno de tus accesorios favoritos.\",\"breadcrumb\":{\"@id\":\"https:\/\/adl-regalosempresa.com\/tiendaonline\/articulos\/merchandising\/cartera-para-personalizar-con-logo\/#breadcrumb\"},\"inLanguage\":\"es\",\"potentialAction\":[{\"@type\":\"ReadAction\",\"target\":[\"https:\/\/adl-regalosempresa.com\/tiendaonline\/articulos\/merchandising\/cartera-para-personalizar-con-logo\/\"]}]},{\"@type\":\"ImageObject\",\"inLanguage\":\"es\",\"@id\":\"https:\/\/adl-regalosempresa.com\/tiendaonline\/articulos\/merchandising\/cartera-para-personalizar-con-logo\/#primaryimage\",\"url\":\"https:\/\/adl-regalosempresa.com\/tiendaonline\/wp-content\/uploads\/2024\/01\/12070990.jpg\",\"contentUrl\":\"https:\/\/adl-regalosempresa.com\/tiendaonline\/wp-content\/uploads\/2024\/01\/12070990.jpg\",\"width\":1600,\"height\":1600,\"caption\":\"Cartera \\\"Turner\\\" de material reciclado GRS\"},{\"@type\":\"BreadcrumbList\",\"@id\":\"https:\/\/adl-regalosempresa.com\/tiendaonline\/articulos\/merchandising\/cartera-para-personalizar-con-logo\/#breadcrumb\",\"itemListElement\":[{\"@type\":\"ListItem\",\"position\":1,\"name\":\"Portada\",\"item\":\"https:\/\/adl-regalosempresa.com\/tiendaonline\/\"},{\"@type\":\"ListItem\",\"position\":2,\"name\":\"Tienda\",\"item\":\"https:\/\/adl-regalosempresa.com\/tiendaonline\/tienda\/\"},{\"@type\":\"ListItem\",\"position\":3,\"name\":\"Cartera para personalizar con logo\"}]},{\"@type\":\"WebSite\",\"@id\":\"https:\/\/adl-regalosempresa.com\/tiendaonline\/#website\",\"url\":\"https:\/\/adl-regalosempresa.com\/tiendaonline\/\",\"name\":\"ADL Comunicaci\u00f3n\",\"description\":\"Regalos de empresa\",\"publisher\":{\"@id\":\"https:\/\/adl-regalosempresa.com\/tiendaonline\/#organization\"},\"potentialAction\":[{\"@type\":\"SearchAction\",\"target\":{\"@type\":\"EntryPoint\",\"urlTemplate\":\"https:\/\/adl-regalosempresa.com\/tiendaonline\/?s={search_term_string}\"},\"query-input\":{\"@type\":\"PropertyValueSpecification\",\"valueRequired\":true,\"valueName\":\"search_term_string\"}}],\"inLanguage\":\"es\"},{\"@type\":\"Organization\",\"@id\":\"https:\/\/adl-regalosempresa.com\/tiendaonline\/#organization\",\"name\":\"ADL Comunicaci\u00f3n\",\"url\":\"https:\/\/adl-regalosempresa.com\/tiendaonline\/\",\"logo\":{\"@type\":\"ImageObject\",\"inLanguage\":\"es\",\"@id\":\"https:\/\/adl-regalosempresa.com\/tiendaonline\/#\/schema\/logo\/image\/\",\"url\":\"https:\/\/adl-regalosempresa.com\/tiendaonline\/wp-content\/uploads\/2017\/09\/logo-adl-wp.png\",\"contentUrl\":\"https:\/\/adl-regalosempresa.com\/tiendaonline\/wp-content\/uploads\/2017\/09\/logo-adl-wp.png\",\"width\":407,\"height\":185,\"caption\":\"ADL Comunicaci\u00f3n\"},\"image\":{\"@id\":\"https:\/\/adl-regalosempresa.com\/tiendaonline\/#\/schema\/logo\/image\/\"}}]}<\/script>\n<!-- \/ Yoast SEO plugin. -->","yoast_head_json":{"title":"Merchandising Cartera para personalizar con logo - ADL","description":"Art\u00edculo de merchandising Cartera \"Turner\" de material reciclado GRS. La cartera \"Turner\" est\u00e1 dise\u00f1ado con materiales duraderos y sostenibles. El exterior est\u00e1 fabricado con un 51\u00a0% de pl\u00e1stico de poliuretano reciclado GRS y el forro est\u00e1 fabricado con un 100\u00a0% de RPET reciclado GRS. Esta cartera es perfecto como bolsillo adicional para guardar objetos peque\u00f1os en su interior, y puede utilizarse en combinaci\u00f3n con otras bolsas para organizar mejor los objetos. Esta cartera est\u00e1 concebido para durar, y con su dise\u00f1o cl\u00e1sico y sus materiales resistentes, ser\u00e1 uno de tus accesorios favoritos.","robots":{"index":"index","follow":"follow","max-snippet":"max-snippet:-1","max-image-preview":"max-image-preview:large","max-video-preview":"max-video-preview:-1"},"canonical":"https:\/\/adl-regalosempresa.com\/tiendaonline\/articulos\/merchandising\/cartera-para-personalizar-con-logo\/","og_locale":"es_ES","og_type":"article","og_title":"Merchandising Cartera para personalizar con logo - ADL","og_description":"Art\u00edculo de merchandising Cartera \"Turner\" de material reciclado GRS. La cartera \"Turner\" est\u00e1 dise\u00f1ado con materiales duraderos y sostenibles. El exterior est\u00e1 fabricado con un 51\u00a0% de pl\u00e1stico de poliuretano reciclado GRS y el forro est\u00e1 fabricado con un 100\u00a0% de RPET reciclado GRS. Esta cartera es perfecto como bolsillo adicional para guardar objetos peque\u00f1os en su interior, y puede utilizarse en combinaci\u00f3n con otras bolsas para organizar mejor los objetos. Esta cartera est\u00e1 concebido para durar, y con su dise\u00f1o cl\u00e1sico y sus materiales resistentes, ser\u00e1 uno de tus accesorios favoritos.","og_url":"https:\/\/adl-regalosempresa.com\/tiendaonline\/articulos\/merchandising\/cartera-para-personalizar-con-logo\/","og_site_name":"ADL Comunicaci\u00f3n","article_modified_time":"2026-04-15T08:32:21+00:00","og_image":[{"width":1600,"height":1600,"url":"https:\/\/adl-regalosempresa.com\/tiendaonline\/wp-content\/uploads\/2024\/01\/12070990.jpg","type":"image\/jpeg"}],"twitter_card":"summary_large_image","twitter_title":"Merchandising Cartera para personalizar con logo - ADL","schema":{"@context":"https:\/\/schema.org","@graph":[{"@type":"WebPage","@id":"https:\/\/adl-regalosempresa.com\/tiendaonline\/articulos\/merchandising\/cartera-para-personalizar-con-logo\/","url":"https:\/\/adl-regalosempresa.com\/tiendaonline\/articulos\/merchandising\/cartera-para-personalizar-con-logo\/","name":"Merchandising Cartera para personalizar con logo - ADL","isPartOf":{"@id":"https:\/\/adl-regalosempresa.com\/tiendaonline\/#website"},"primaryImageOfPage":{"@id":"https:\/\/adl-regalosempresa.com\/tiendaonline\/articulos\/merchandising\/cartera-para-personalizar-con-logo\/#primaryimage"},"image":{"@id":"https:\/\/adl-regalosempresa.com\/tiendaonline\/articulos\/merchandising\/cartera-para-personalizar-con-logo\/#primaryimage"},"thumbnailUrl":"https:\/\/adl-regalosempresa.com\/tiendaonline\/wp-content\/uploads\/2024\/01\/12070990.jpg","datePublished":"2026-03-24T06:21:04+00:00","dateModified":"2026-04-15T08:32:21+00:00","description":"Art\u00edculo de merchandising Cartera \"Turner\" de material reciclado GRS. La cartera \"Turner\" est\u00e1 dise\u00f1ado con materiales duraderos y sostenibles. El exterior est\u00e1 fabricado con un 51\u00a0% de pl\u00e1stico de poliuretano reciclado GRS y el forro est\u00e1 fabricado con un 100\u00a0% de RPET reciclado GRS. Esta cartera es perfecto como bolsillo adicional para guardar objetos peque\u00f1os en su interior, y puede utilizarse en combinaci\u00f3n con otras bolsas para organizar mejor los objetos. Esta cartera est\u00e1 concebido para durar, y con su dise\u00f1o cl\u00e1sico y sus materiales resistentes, ser\u00e1 uno de tus accesorios favoritos.","breadcrumb":{"@id":"https:\/\/adl-regalosempresa.com\/tiendaonline\/articulos\/merchandising\/cartera-para-personalizar-con-logo\/#breadcrumb"},"inLanguage":"es","potentialAction":[{"@type":"ReadAction","target":["https:\/\/adl-regalosempresa.com\/tiendaonline\/articulos\/merchandising\/cartera-para-personalizar-con-logo\/"]}]},{"@type":"ImageObject","inLanguage":"es","@id":"https:\/\/adl-regalosempresa.com\/tiendaonline\/articulos\/merchandising\/cartera-para-personalizar-con-logo\/#primaryimage","url":"https:\/\/adl-regalosempresa.com\/tiendaonline\/wp-content\/uploads\/2024\/01\/12070990.jpg","contentUrl":"https:\/\/adl-regalosempresa.com\/tiendaonline\/wp-content\/uploads\/2024\/01\/12070990.jpg","width":1600,"height":1600,"caption":"Cartera \"Turner\" de material reciclado GRS"},{"@type":"BreadcrumbList","@id":"https:\/\/adl-regalosempresa.com\/tiendaonline\/articulos\/merchandising\/cartera-para-personalizar-con-logo\/#breadcrumb","itemListElement":[{"@type":"ListItem","position":1,"name":"Portada","item":"https:\/\/adl-regalosempresa.com\/tiendaonline\/"},{"@type":"ListItem","position":2,"name":"Tienda","item":"https:\/\/adl-regalosempresa.com\/tiendaonline\/tienda\/"},{"@type":"ListItem","position":3,"name":"Cartera para personalizar con logo"}]},{"@type":"WebSite","@id":"https:\/\/adl-regalosempresa.com\/tiendaonline\/#website","url":"https:\/\/adl-regalosempresa.com\/tiendaonline\/","name":"ADL Comunicaci\u00f3n","description":"Regalos de empresa","publisher":{"@id":"https:\/\/adl-regalosempresa.com\/tiendaonline\/#organization"},"potentialAction":[{"@type":"SearchAction","target":{"@type":"EntryPoint","urlTemplate":"https:\/\/adl-regalosempresa.com\/tiendaonline\/?s={search_term_string}"},"query-input":{"@type":"PropertyValueSpecification","valueRequired":true,"valueName":"search_term_string"}}],"inLanguage":"es"},{"@type":"Organization","@id":"https:\/\/adl-regalosempresa.com\/tiendaonline\/#organization","name":"ADL Comunicaci\u00f3n","url":"https:\/\/adl-regalosempresa.com\/tiendaonline\/","logo":{"@type":"ImageObject","inLanguage":"es","@id":"https:\/\/adl-regalosempresa.com\/tiendaonline\/#\/schema\/logo\/image\/","url":"https:\/\/adl-regalosempresa.com\/tiendaonline\/wp-content\/uploads\/2017\/09\/logo-adl-wp.png","contentUrl":"https:\/\/adl-regalosempresa.com\/tiendaonline\/wp-content\/uploads\/2017\/09\/logo-adl-wp.png","width":407,"height":185,"caption":"ADL Comunicaci\u00f3n"},"image":{"@id":"https:\/\/adl-regalosempresa.com\/tiendaonline\/#\/schema\/logo\/image\/"}}]}},"_links":{"self":[{"href":"https:\/\/adl-regalosempresa.com\/tiendaonline\/wp-json\/wp\/v2\/product\/123263","targetHints":{"allow":["GET"]}}],"collection":[{"href":"https:\/\/adl-regalosempresa.com\/tiendaonline\/wp-json\/wp\/v2\/product"}],"about":[{"href":"https:\/\/adl-regalosempresa.com\/tiendaonline\/wp-json\/wp\/v2\/types\/product"}],"wp:featuredmedia":[{"embeddable":true,"href":"https:\/\/adl-regalosempresa.com\/tiendaonline\/wp-json\/wp\/v2\/media\/123265"}],"wp:attachment":[{"href":"https:\/\/adl-regalosempresa.com\/tiendaonline\/wp-json\/wp\/v2\/media?parent=123263"}],"wp:term":[{"taxonomy":"product_brand","embeddable":true,"href":"https:\/\/adl-regalosempresa.com\/tiendaonline\/wp-json\/wp\/v2\/product_brand?post=123263"},{"taxonomy":"product_cat","embeddable":true,"href":"https:\/\/adl-regalosempresa.com\/tiendaonline\/wp-json\/wp\/v2\/product_cat?post=123263"},{"taxonomy":"product_tag","embeddable":true,"href":"https:\/\/adl-regalosempresa.com\/tiendaonline\/wp-json\/wp\/v2\/product_tag?post=123263"}],"curies":[{"name":"wp","href":"https:\/\/api.w.org\/{rel}","templated":true}]}}