{"id":123149,"date":"2026-04-18T04:18:29","date_gmt":"2026-04-18T04:18:29","guid":{"rendered":"https:\/\/adl-regalosempresa.com\/tiendaonline\/articulos\/merchandising\/polo-de-material-reciclado-unisex-de-manga-corta-para-personalizar-con-logo\/"},"modified":"2026-04-18T04:21:53","modified_gmt":"2026-04-18T04:21:53","slug":"polo-de-manga-corta-unisex-con-material-reciclado-aware-para-personalizar-con-logo","status":"publish","type":"product","link":"https:\/\/adl-regalosempresa.com\/tiendaonline\/articulos\/merchandising\/polo-de-manga-corta-unisex-con-material-reciclado-aware-para-personalizar-con-logo\/","title":{"rendered":"Polo de manga corta unisex con material reciclado Aware\u2122  para personalizar con logo"},"content":{"rendered":"<p>El polo de material reciclado unisex de manga corta \u00abEmerald\u00bb combina comodidad y estilo. Garantiza comodidad y durabilidad, con un dobladillo de canal\u00e9 1\u00a0\u00d7\u00a01 en las mangas. El polo tambi\u00e9n incorpora botones con certificaci\u00f3n GRS, por lo que se reduce a\u00fan m\u00e1s su impacto medioambiental. Gracias a las aberturas laterales que facilitan el movimiento, este polo es muy funcional. De algod\u00f3n reciclado de 200 g\/m\u00b2 mezclado con poli\u00e9ster reciclado con punto piqu\u00e9. El polo incorpora fibras recicladas Cyclo\u00a9 en las que se utilizan residuos preclasificados que determinan el color del hilo. Estas fibras no solo reducen la demanda de recursos v\u00edrgenes, sino que tambi\u00e9n muestran un compromiso con la econom\u00eda circular, ya que encarnan la esencia de la reducci\u00f3n de residuos y promueven un sistema de circuito cerrado. Cada polo tambi\u00e9n viene con un rastreador Aware\u2122. Esta innovadora funci\u00f3n permite a los usuarios rastrear el origen y el recorrido de su art\u00edculo a trav\u00e9s de un c\u00f3digo QR, lo que aumenta la transparencia de la cadena de suministro y fomenta una mayor conexi\u00f3n entre el producto y su proceso de producci\u00f3n.<\/p>\n","protected":false},"excerpt":{"rendered":"<p><strong>Descuentos por cantidades<\/strong><br \/>&#8211; a partir de 25 unidades: 5,93 \u20ac\/ud<br \/>&#8211; a partir de 50 unidades: 5,93 \u20ac\/ud<br \/>&#8211; a partir de 100 unidades: 5,93 \u20ac\/ud<\/p>\n<p>Para cantidades superiores a las aqu\u00ed indicadas, no dudes en ponerte en contacto con nuestro departamento comercial o <a href='https:\/\/adl-regalosempresa.com\/tiendaonline\/solicitud-presupuesto\/'>pedirnos presupuesto personalizado<\/a>, ajustaremos el presupuesto a tus necesidades.<\/p>\n","protected":false},"featured_media":123151,"template":"","meta":{"_kad_post_transparent":"","_kad_post_title":"","_kad_post_layout":"","_kad_post_sidebar_id":"","_kad_post_content_style":"","_kad_post_vertical_padding":"","_kad_post_feature":"","_kad_post_feature_position":"","_kad_post_header":false,"_kad_post_footer":false,"_kad_post_classname":""},"product_brand":[],"product_cat":[5414,3649],"product_tag":[],"class_list":{"0":"post-123149","1":"product","2":"type-product","3":"status-publish","4":"has-post-thumbnail","6":"product_cat-polos","7":"product_cat-ropa","8":"pa_color-avena","9":"pa_color-azul-marino","10":"pa_color-blanco","11":"pa_color-negro-intenso","12":"pa_color-simple-azul","13":"pa_color-simple-blanco","14":"pa_color-simple-natural","15":"pa_color-simple-negro-intenso","16":"pa_genero-unisex","17":"pa_marca-elevate","18":"pa_material-punto-pique-50-algodon-reciclado-50-poliester-reciclado-200-g-m2","19":"pa_peso-244-gr","20":"pa_talla-xxs","21":"pa_talla-xs","22":"pa_talla-s","23":"pa_talla-m","24":"pa_talla-l","25":"pa_talla-xl","26":"pa_talla-xxl","27":"pa_talla-3xl","29":"first","30":"instock","31":"taxable","32":"shipping-taxable","33":"purchasable","34":"product-type-variable","35":"entry","36":"content-bg","37":"loop-entry"},"yoast_head":"<!-- This site is optimized with the Yoast SEO plugin v26.3 - https:\/\/yoast.com\/wordpress\/plugins\/seo\/ -->\n<title>Merchandising Polo de manga corta unisex con material reciclado Aware\u2122 para personalizar con logo - ADL<\/title>\n<meta name=\"description\" content=\"Art\u00edculo de merchandising Polo de manga corta unisex con material reciclado Aware\u2122 &quot;Emerald&quot;. El polo de material reciclado unisex de manga corta &quot;Emerald&quot; combina comodidad y estilo. Garantiza comodidad y durabilidad, con un dobladillo de canal\u00e9 1\u00a0\u00d7\u00a01 en las mangas. El polo tambi\u00e9n incorpora botones con certificaci\u00f3n GRS, por lo que se reduce a\u00fan m\u00e1s su impacto medioambiental. Gracias a las aberturas laterales que facilitan el movimiento, este polo es muy funcional. De algod\u00f3n reciclado de 200 g\/m\u00b2 mezclado con poli\u00e9ster reciclado con punto piqu\u00e9. El polo incorpora fibras recicladas Cyclo\u00a9 en las que se utilizan residuos preclasificados que determinan el color del hilo. Estas fibras no solo reducen la demanda de recursos v\u00edrgenes, sino que tambi\u00e9n muestran un compromiso con la econom\u00eda circular, ya que encarnan la esencia de la reducci\u00f3n de residuos y promueven un sistema de circuito cerrado. Cada polo tambi\u00e9n viene con un rastreador Aware\u2122. Esta innovadora funci\u00f3n permite a los usuarios rastrear el origen y el recorrido de su art\u00edculo a trav\u00e9s de un c\u00f3digo QR, lo que aumenta la transparencia de la cadena de suministro y fomenta una mayor conexi\u00f3n entre el producto y su proceso de producci\u00f3n.\" \/>\n<meta name=\"robots\" content=\"index, follow, max-snippet:-1, max-image-preview:large, max-video-preview:-1\" \/>\n<link rel=\"canonical\" href=\"https:\/\/adl-regalosempresa.com\/tiendaonline\/articulos\/merchandising\/polo-de-manga-corta-unisex-con-material-reciclado-aware-para-personalizar-con-logo\/\" \/>\n<meta property=\"og:locale\" content=\"es_ES\" \/>\n<meta property=\"og:type\" content=\"article\" \/>\n<meta property=\"og:title\" content=\"Merchandising Polo de manga corta unisex con material reciclado Aware\u2122 para personalizar con logo - ADL\" \/>\n<meta property=\"og:description\" content=\"Art\u00edculo de merchandising Polo de manga corta unisex con material reciclado Aware\u2122 &quot;Emerald&quot;. El polo de material reciclado unisex de manga corta &quot;Emerald&quot; combina comodidad y estilo. Garantiza comodidad y durabilidad, con un dobladillo de canal\u00e9 1\u00a0\u00d7\u00a01 en las mangas. El polo tambi\u00e9n incorpora botones con certificaci\u00f3n GRS, por lo que se reduce a\u00fan m\u00e1s su impacto medioambiental. Gracias a las aberturas laterales que facilitan el movimiento, este polo es muy funcional. De algod\u00f3n reciclado de 200 g\/m\u00b2 mezclado con poli\u00e9ster reciclado con punto piqu\u00e9. El polo incorpora fibras recicladas Cyclo\u00a9 en las que se utilizan residuos preclasificados que determinan el color del hilo. Estas fibras no solo reducen la demanda de recursos v\u00edrgenes, sino que tambi\u00e9n muestran un compromiso con la econom\u00eda circular, ya que encarnan la esencia de la reducci\u00f3n de residuos y promueven un sistema de circuito cerrado. Cada polo tambi\u00e9n viene con un rastreador Aware\u2122. Esta innovadora funci\u00f3n permite a los usuarios rastrear el origen y el recorrido de su art\u00edculo a trav\u00e9s de un c\u00f3digo QR, lo que aumenta la transparencia de la cadena de suministro y fomenta una mayor conexi\u00f3n entre el producto y su proceso de producci\u00f3n.\" \/>\n<meta property=\"og:url\" content=\"https:\/\/adl-regalosempresa.com\/tiendaonline\/articulos\/merchandising\/polo-de-manga-corta-unisex-con-material-reciclado-aware-para-personalizar-con-logo\/\" \/>\n<meta property=\"og:site_name\" content=\"ADL Comunicaci\u00f3n\" \/>\n<meta property=\"article:modified_time\" content=\"2026-04-18T04:21:53+00:00\" \/>\n<meta property=\"og:image\" content=\"https:\/\/adl-regalosempresa.com\/tiendaonline\/wp-content\/uploads\/2024\/01\/3753901.jpg\" \/>\n\t<meta property=\"og:image:width\" content=\"1600\" \/>\n\t<meta property=\"og:image:height\" content=\"1600\" \/>\n\t<meta property=\"og:image:type\" content=\"image\/jpeg\" \/>\n<meta name=\"twitter:card\" content=\"summary_large_image\" \/>\n<meta name=\"twitter:title\" content=\"Merchandising Polo de manga corta unisex con material reciclado Aware\u2122 para personalizar con logo - ADL\" \/>\n<meta name=\"twitter:label1\" content=\"Tiempo de lectura\" \/>\n\t<meta name=\"twitter:data1\" content=\"1 minuto\" \/>\n<script type=\"application\/ld+json\" class=\"yoast-schema-graph\">{\"@context\":\"https:\/\/schema.org\",\"@graph\":[{\"@type\":\"WebPage\",\"@id\":\"https:\/\/adl-regalosempresa.com\/tiendaonline\/articulos\/merchandising\/polo-de-manga-corta-unisex-con-material-reciclado-aware-para-personalizar-con-logo\/\",\"url\":\"https:\/\/adl-regalosempresa.com\/tiendaonline\/articulos\/merchandising\/polo-de-manga-corta-unisex-con-material-reciclado-aware-para-personalizar-con-logo\/\",\"name\":\"Merchandising Polo de manga corta unisex con material reciclado Aware\u2122 para personalizar con logo - ADL\",\"isPartOf\":{\"@id\":\"https:\/\/adl-regalosempresa.com\/tiendaonline\/#website\"},\"primaryImageOfPage\":{\"@id\":\"https:\/\/adl-regalosempresa.com\/tiendaonline\/articulos\/merchandising\/polo-de-manga-corta-unisex-con-material-reciclado-aware-para-personalizar-con-logo\/#primaryimage\"},\"image\":{\"@id\":\"https:\/\/adl-regalosempresa.com\/tiendaonline\/articulos\/merchandising\/polo-de-manga-corta-unisex-con-material-reciclado-aware-para-personalizar-con-logo\/#primaryimage\"},\"thumbnailUrl\":\"https:\/\/adl-regalosempresa.com\/tiendaonline\/wp-content\/uploads\/2024\/01\/3753901.jpg\",\"datePublished\":\"2026-04-18T04:18:29+00:00\",\"dateModified\":\"2026-04-18T04:21:53+00:00\",\"description\":\"Art\u00edculo de merchandising Polo de manga corta unisex con material reciclado Aware\u2122 \\\"Emerald\\\". El polo de material reciclado unisex de manga corta \\\"Emerald\\\" combina comodidad y estilo. Garantiza comodidad y durabilidad, con un dobladillo de canal\u00e9 1\u00a0\u00d7\u00a01 en las mangas. El polo tambi\u00e9n incorpora botones con certificaci\u00f3n GRS, por lo que se reduce a\u00fan m\u00e1s su impacto medioambiental. Gracias a las aberturas laterales que facilitan el movimiento, este polo es muy funcional. De algod\u00f3n reciclado de 200 g\/m\u00b2 mezclado con poli\u00e9ster reciclado con punto piqu\u00e9. El polo incorpora fibras recicladas Cyclo\u00a9 en las que se utilizan residuos preclasificados que determinan el color del hilo. Estas fibras no solo reducen la demanda de recursos v\u00edrgenes, sino que tambi\u00e9n muestran un compromiso con la econom\u00eda circular, ya que encarnan la esencia de la reducci\u00f3n de residuos y promueven un sistema de circuito cerrado. Cada polo tambi\u00e9n viene con un rastreador Aware\u2122. Esta innovadora funci\u00f3n permite a los usuarios rastrear el origen y el recorrido de su art\u00edculo a trav\u00e9s de un c\u00f3digo QR, lo que aumenta la transparencia de la cadena de suministro y fomenta una mayor conexi\u00f3n entre el producto y su proceso de producci\u00f3n.\",\"breadcrumb\":{\"@id\":\"https:\/\/adl-regalosempresa.com\/tiendaonline\/articulos\/merchandising\/polo-de-manga-corta-unisex-con-material-reciclado-aware-para-personalizar-con-logo\/#breadcrumb\"},\"inLanguage\":\"es\",\"potentialAction\":[{\"@type\":\"ReadAction\",\"target\":[\"https:\/\/adl-regalosempresa.com\/tiendaonline\/articulos\/merchandising\/polo-de-manga-corta-unisex-con-material-reciclado-aware-para-personalizar-con-logo\/\"]}]},{\"@type\":\"ImageObject\",\"inLanguage\":\"es\",\"@id\":\"https:\/\/adl-regalosempresa.com\/tiendaonline\/articulos\/merchandising\/polo-de-manga-corta-unisex-con-material-reciclado-aware-para-personalizar-con-logo\/#primaryimage\",\"url\":\"https:\/\/adl-regalosempresa.com\/tiendaonline\/wp-content\/uploads\/2024\/01\/3753901.jpg\",\"contentUrl\":\"https:\/\/adl-regalosempresa.com\/tiendaonline\/wp-content\/uploads\/2024\/01\/3753901.jpg\",\"width\":1600,\"height\":1600,\"caption\":\"Polo de manga corta unisex con material reciclado Aware\u2122 \\\"Emerald\\\"\"},{\"@type\":\"BreadcrumbList\",\"@id\":\"https:\/\/adl-regalosempresa.com\/tiendaonline\/articulos\/merchandising\/polo-de-manga-corta-unisex-con-material-reciclado-aware-para-personalizar-con-logo\/#breadcrumb\",\"itemListElement\":[{\"@type\":\"ListItem\",\"position\":1,\"name\":\"Portada\",\"item\":\"https:\/\/adl-regalosempresa.com\/tiendaonline\/\"},{\"@type\":\"ListItem\",\"position\":2,\"name\":\"Tienda\",\"item\":\"https:\/\/adl-regalosempresa.com\/tiendaonline\/tienda\/\"},{\"@type\":\"ListItem\",\"position\":3,\"name\":\"Polo de manga corta unisex con material reciclado Aware\u2122 para personalizar con logo\"}]},{\"@type\":\"WebSite\",\"@id\":\"https:\/\/adl-regalosempresa.com\/tiendaonline\/#website\",\"url\":\"https:\/\/adl-regalosempresa.com\/tiendaonline\/\",\"name\":\"ADL Comunicaci\u00f3n\",\"description\":\"Regalos de empresa\",\"publisher\":{\"@id\":\"https:\/\/adl-regalosempresa.com\/tiendaonline\/#organization\"},\"potentialAction\":[{\"@type\":\"SearchAction\",\"target\":{\"@type\":\"EntryPoint\",\"urlTemplate\":\"https:\/\/adl-regalosempresa.com\/tiendaonline\/?s={search_term_string}\"},\"query-input\":{\"@type\":\"PropertyValueSpecification\",\"valueRequired\":true,\"valueName\":\"search_term_string\"}}],\"inLanguage\":\"es\"},{\"@type\":\"Organization\",\"@id\":\"https:\/\/adl-regalosempresa.com\/tiendaonline\/#organization\",\"name\":\"ADL Comunicaci\u00f3n\",\"url\":\"https:\/\/adl-regalosempresa.com\/tiendaonline\/\",\"logo\":{\"@type\":\"ImageObject\",\"inLanguage\":\"es\",\"@id\":\"https:\/\/adl-regalosempresa.com\/tiendaonline\/#\/schema\/logo\/image\/\",\"url\":\"https:\/\/adl-regalosempresa.com\/tiendaonline\/wp-content\/uploads\/2017\/09\/logo-adl-wp.png\",\"contentUrl\":\"https:\/\/adl-regalosempresa.com\/tiendaonline\/wp-content\/uploads\/2017\/09\/logo-adl-wp.png\",\"width\":407,\"height\":185,\"caption\":\"ADL Comunicaci\u00f3n\"},\"image\":{\"@id\":\"https:\/\/adl-regalosempresa.com\/tiendaonline\/#\/schema\/logo\/image\/\"}}]}<\/script>\n<!-- \/ Yoast SEO plugin. -->","yoast_head_json":{"title":"Merchandising Polo de manga corta unisex con material reciclado Aware\u2122 para personalizar con logo - ADL","description":"Art\u00edculo de merchandising Polo de manga corta unisex con material reciclado Aware\u2122 \"Emerald\". El polo de material reciclado unisex de manga corta \"Emerald\" combina comodidad y estilo. Garantiza comodidad y durabilidad, con un dobladillo de canal\u00e9 1\u00a0\u00d7\u00a01 en las mangas. El polo tambi\u00e9n incorpora botones con certificaci\u00f3n GRS, por lo que se reduce a\u00fan m\u00e1s su impacto medioambiental. Gracias a las aberturas laterales que facilitan el movimiento, este polo es muy funcional. De algod\u00f3n reciclado de 200 g\/m\u00b2 mezclado con poli\u00e9ster reciclado con punto piqu\u00e9. El polo incorpora fibras recicladas Cyclo\u00a9 en las que se utilizan residuos preclasificados que determinan el color del hilo. Estas fibras no solo reducen la demanda de recursos v\u00edrgenes, sino que tambi\u00e9n muestran un compromiso con la econom\u00eda circular, ya que encarnan la esencia de la reducci\u00f3n de residuos y promueven un sistema de circuito cerrado. Cada polo tambi\u00e9n viene con un rastreador Aware\u2122. Esta innovadora funci\u00f3n permite a los usuarios rastrear el origen y el recorrido de su art\u00edculo a trav\u00e9s de un c\u00f3digo QR, lo que aumenta la transparencia de la cadena de suministro y fomenta una mayor conexi\u00f3n entre el producto y su proceso de producci\u00f3n.","robots":{"index":"index","follow":"follow","max-snippet":"max-snippet:-1","max-image-preview":"max-image-preview:large","max-video-preview":"max-video-preview:-1"},"canonical":"https:\/\/adl-regalosempresa.com\/tiendaonline\/articulos\/merchandising\/polo-de-manga-corta-unisex-con-material-reciclado-aware-para-personalizar-con-logo\/","og_locale":"es_ES","og_type":"article","og_title":"Merchandising Polo de manga corta unisex con material reciclado Aware\u2122 para personalizar con logo - ADL","og_description":"Art\u00edculo de merchandising Polo de manga corta unisex con material reciclado Aware\u2122 \"Emerald\". El polo de material reciclado unisex de manga corta \"Emerald\" combina comodidad y estilo. Garantiza comodidad y durabilidad, con un dobladillo de canal\u00e9 1\u00a0\u00d7\u00a01 en las mangas. El polo tambi\u00e9n incorpora botones con certificaci\u00f3n GRS, por lo que se reduce a\u00fan m\u00e1s su impacto medioambiental. Gracias a las aberturas laterales que facilitan el movimiento, este polo es muy funcional. De algod\u00f3n reciclado de 200 g\/m\u00b2 mezclado con poli\u00e9ster reciclado con punto piqu\u00e9. El polo incorpora fibras recicladas Cyclo\u00a9 en las que se utilizan residuos preclasificados que determinan el color del hilo. Estas fibras no solo reducen la demanda de recursos v\u00edrgenes, sino que tambi\u00e9n muestran un compromiso con la econom\u00eda circular, ya que encarnan la esencia de la reducci\u00f3n de residuos y promueven un sistema de circuito cerrado. Cada polo tambi\u00e9n viene con un rastreador Aware\u2122. Esta innovadora funci\u00f3n permite a los usuarios rastrear el origen y el recorrido de su art\u00edculo a trav\u00e9s de un c\u00f3digo QR, lo que aumenta la transparencia de la cadena de suministro y fomenta una mayor conexi\u00f3n entre el producto y su proceso de producci\u00f3n.","og_url":"https:\/\/adl-regalosempresa.com\/tiendaonline\/articulos\/merchandising\/polo-de-manga-corta-unisex-con-material-reciclado-aware-para-personalizar-con-logo\/","og_site_name":"ADL Comunicaci\u00f3n","article_modified_time":"2026-04-18T04:21:53+00:00","og_image":[{"width":1600,"height":1600,"url":"https:\/\/adl-regalosempresa.com\/tiendaonline\/wp-content\/uploads\/2024\/01\/3753901.jpg","type":"image\/jpeg"}],"twitter_card":"summary_large_image","twitter_title":"Merchandising Polo de manga corta unisex con material reciclado Aware\u2122 para personalizar con logo - ADL","twitter_misc":{"Tiempo de lectura":"1 minuto"},"schema":{"@context":"https:\/\/schema.org","@graph":[{"@type":"WebPage","@id":"https:\/\/adl-regalosempresa.com\/tiendaonline\/articulos\/merchandising\/polo-de-manga-corta-unisex-con-material-reciclado-aware-para-personalizar-con-logo\/","url":"https:\/\/adl-regalosempresa.com\/tiendaonline\/articulos\/merchandising\/polo-de-manga-corta-unisex-con-material-reciclado-aware-para-personalizar-con-logo\/","name":"Merchandising Polo de manga corta unisex con material reciclado Aware\u2122 para personalizar con logo - ADL","isPartOf":{"@id":"https:\/\/adl-regalosempresa.com\/tiendaonline\/#website"},"primaryImageOfPage":{"@id":"https:\/\/adl-regalosempresa.com\/tiendaonline\/articulos\/merchandising\/polo-de-manga-corta-unisex-con-material-reciclado-aware-para-personalizar-con-logo\/#primaryimage"},"image":{"@id":"https:\/\/adl-regalosempresa.com\/tiendaonline\/articulos\/merchandising\/polo-de-manga-corta-unisex-con-material-reciclado-aware-para-personalizar-con-logo\/#primaryimage"},"thumbnailUrl":"https:\/\/adl-regalosempresa.com\/tiendaonline\/wp-content\/uploads\/2024\/01\/3753901.jpg","datePublished":"2026-04-18T04:18:29+00:00","dateModified":"2026-04-18T04:21:53+00:00","description":"Art\u00edculo de merchandising Polo de manga corta unisex con material reciclado Aware\u2122 \"Emerald\". El polo de material reciclado unisex de manga corta \"Emerald\" combina comodidad y estilo. Garantiza comodidad y durabilidad, con un dobladillo de canal\u00e9 1\u00a0\u00d7\u00a01 en las mangas. El polo tambi\u00e9n incorpora botones con certificaci\u00f3n GRS, por lo que se reduce a\u00fan m\u00e1s su impacto medioambiental. Gracias a las aberturas laterales que facilitan el movimiento, este polo es muy funcional. De algod\u00f3n reciclado de 200 g\/m\u00b2 mezclado con poli\u00e9ster reciclado con punto piqu\u00e9. El polo incorpora fibras recicladas Cyclo\u00a9 en las que se utilizan residuos preclasificados que determinan el color del hilo. Estas fibras no solo reducen la demanda de recursos v\u00edrgenes, sino que tambi\u00e9n muestran un compromiso con la econom\u00eda circular, ya que encarnan la esencia de la reducci\u00f3n de residuos y promueven un sistema de circuito cerrado. Cada polo tambi\u00e9n viene con un rastreador Aware\u2122. Esta innovadora funci\u00f3n permite a los usuarios rastrear el origen y el recorrido de su art\u00edculo a trav\u00e9s de un c\u00f3digo QR, lo que aumenta la transparencia de la cadena de suministro y fomenta una mayor conexi\u00f3n entre el producto y su proceso de producci\u00f3n.","breadcrumb":{"@id":"https:\/\/adl-regalosempresa.com\/tiendaonline\/articulos\/merchandising\/polo-de-manga-corta-unisex-con-material-reciclado-aware-para-personalizar-con-logo\/#breadcrumb"},"inLanguage":"es","potentialAction":[{"@type":"ReadAction","target":["https:\/\/adl-regalosempresa.com\/tiendaonline\/articulos\/merchandising\/polo-de-manga-corta-unisex-con-material-reciclado-aware-para-personalizar-con-logo\/"]}]},{"@type":"ImageObject","inLanguage":"es","@id":"https:\/\/adl-regalosempresa.com\/tiendaonline\/articulos\/merchandising\/polo-de-manga-corta-unisex-con-material-reciclado-aware-para-personalizar-con-logo\/#primaryimage","url":"https:\/\/adl-regalosempresa.com\/tiendaonline\/wp-content\/uploads\/2024\/01\/3753901.jpg","contentUrl":"https:\/\/adl-regalosempresa.com\/tiendaonline\/wp-content\/uploads\/2024\/01\/3753901.jpg","width":1600,"height":1600,"caption":"Polo de manga corta unisex con material reciclado Aware\u2122 \"Emerald\""},{"@type":"BreadcrumbList","@id":"https:\/\/adl-regalosempresa.com\/tiendaonline\/articulos\/merchandising\/polo-de-manga-corta-unisex-con-material-reciclado-aware-para-personalizar-con-logo\/#breadcrumb","itemListElement":[{"@type":"ListItem","position":1,"name":"Portada","item":"https:\/\/adl-regalosempresa.com\/tiendaonline\/"},{"@type":"ListItem","position":2,"name":"Tienda","item":"https:\/\/adl-regalosempresa.com\/tiendaonline\/tienda\/"},{"@type":"ListItem","position":3,"name":"Polo de manga corta unisex con material reciclado Aware\u2122 para personalizar con logo"}]},{"@type":"WebSite","@id":"https:\/\/adl-regalosempresa.com\/tiendaonline\/#website","url":"https:\/\/adl-regalosempresa.com\/tiendaonline\/","name":"ADL Comunicaci\u00f3n","description":"Regalos de empresa","publisher":{"@id":"https:\/\/adl-regalosempresa.com\/tiendaonline\/#organization"},"potentialAction":[{"@type":"SearchAction","target":{"@type":"EntryPoint","urlTemplate":"https:\/\/adl-regalosempresa.com\/tiendaonline\/?s={search_term_string}"},"query-input":{"@type":"PropertyValueSpecification","valueRequired":true,"valueName":"search_term_string"}}],"inLanguage":"es"},{"@type":"Organization","@id":"https:\/\/adl-regalosempresa.com\/tiendaonline\/#organization","name":"ADL Comunicaci\u00f3n","url":"https:\/\/adl-regalosempresa.com\/tiendaonline\/","logo":{"@type":"ImageObject","inLanguage":"es","@id":"https:\/\/adl-regalosempresa.com\/tiendaonline\/#\/schema\/logo\/image\/","url":"https:\/\/adl-regalosempresa.com\/tiendaonline\/wp-content\/uploads\/2017\/09\/logo-adl-wp.png","contentUrl":"https:\/\/adl-regalosempresa.com\/tiendaonline\/wp-content\/uploads\/2017\/09\/logo-adl-wp.png","width":407,"height":185,"caption":"ADL Comunicaci\u00f3n"},"image":{"@id":"https:\/\/adl-regalosempresa.com\/tiendaonline\/#\/schema\/logo\/image\/"}}]}},"_links":{"self":[{"href":"https:\/\/adl-regalosempresa.com\/tiendaonline\/wp-json\/wp\/v2\/product\/123149","targetHints":{"allow":["GET"]}}],"collection":[{"href":"https:\/\/adl-regalosempresa.com\/tiendaonline\/wp-json\/wp\/v2\/product"}],"about":[{"href":"https:\/\/adl-regalosempresa.com\/tiendaonline\/wp-json\/wp\/v2\/types\/product"}],"wp:featuredmedia":[{"embeddable":true,"href":"https:\/\/adl-regalosempresa.com\/tiendaonline\/wp-json\/wp\/v2\/media\/123151"}],"wp:attachment":[{"href":"https:\/\/adl-regalosempresa.com\/tiendaonline\/wp-json\/wp\/v2\/media?parent=123149"}],"wp:term":[{"taxonomy":"product_brand","embeddable":true,"href":"https:\/\/adl-regalosempresa.com\/tiendaonline\/wp-json\/wp\/v2\/product_brand?post=123149"},{"taxonomy":"product_cat","embeddable":true,"href":"https:\/\/adl-regalosempresa.com\/tiendaonline\/wp-json\/wp\/v2\/product_cat?post=123149"},{"taxonomy":"product_tag","embeddable":true,"href":"https:\/\/adl-regalosempresa.com\/tiendaonline\/wp-json\/wp\/v2\/product_tag?post=123149"}],"curies":[{"name":"wp","href":"https:\/\/api.w.org\/{rel}","templated":true}]}}