{"id":123031,"date":"2026-03-24T06:19:00","date_gmt":"2026-03-24T06:19:00","guid":{"rendered":"https:\/\/adl-regalosempresa.com\/tiendaonline\/articulos\/merchandising\/bolsa-tote-para-personalizar-con-logo\/"},"modified":"2026-04-05T08:02:08","modified_gmt":"2026-04-05T08:02:08","slug":"bolsa-tote-150-g-m%c2%b2-aware-para-personalizar-con-logo","status":"publish","type":"product","link":"https:\/\/adl-regalosempresa.com\/tiendaonline\/articulos\/merchandising\/bolsa-tote-150-g-m%c2%b2-aware-para-personalizar-con-logo\/","title":{"rendered":"Bolsa Tote 150 g\/m\u00b2 Aware\u2122  para personalizar con logo"},"content":{"rendered":"<p>Bolsa Tote fabricada con una mezcla de poli\u00e9ster y algod\u00f3n reciclado de 150\u00a0g\/m\u00b2. La bolsa se pliega f\u00e1cilmente y cabe en un espacio reducido, por lo que resulta perfecta para una gran variedad de actividades, como ir la compra, salir de excursi\u00f3n durante un d\u00eda o hacer proyectos de manualidades. El algod\u00f3n reciclado se fabrica a partir de los residuos preconsumo generados por las f\u00e1bricas textiles durante el proceso de corte. Los colores similares se mezclan entre s\u00ed, por lo que no es necesario un te\u00f1ido adicional. Debido a la naturaleza del algod\u00f3n reciclado, puede haber una ligera variaci\u00f3n de color. Esto le a\u00f1ade claramente una apariencia m\u00e1s aut\u00e9ntica. Todas las bolsas tienen su propio rastreador Aware\u2122. Esta innovadora funci\u00f3n permite a los usuarios rastrear el origen y el recorrido de su art\u00edculo a trav\u00e9s de un c\u00f3digo QR, lo que aumenta la transparencia de la cadena de suministro y fomenta una mayor conexi\u00f3n entre el producto y su proceso de producci\u00f3n. Resistencia para hasta 5 kg de peso. Longitud del asa: 31 cm.<\/p>\n","protected":false},"excerpt":{"rendered":"<p><strong>Descuentos por cantidades<\/strong><br \/>&#8211; a partir de 100 unidades: 1,65 \u20ac\/ud<br \/>&#8211; a partir de 250 unidades: 1,62 \u20ac\/ud<br \/>&#8211; a partir de 1000 unidades: 1,58 \u20ac\/ud<\/p>\n<p>Para cantidades superiores a las aqu\u00ed indicadas, no dudes en ponerte en contacto con nuestro departamento comercial o <a href='https:\/\/adl-regalosempresa.com\/tiendaonline\/solicitud-presupuesto\/'>pedirnos presupuesto personalizado<\/a>, ajustaremos el presupuesto a tus necesidades.<\/p>\n","protected":false},"featured_media":123033,"template":"","meta":{"_kad_post_transparent":"","_kad_post_title":"","_kad_post_layout":"","_kad_post_sidebar_id":"","_kad_post_content_style":"","_kad_post_vertical_padding":"","_kad_post_feature":"","_kad_post_feature_position":"","_kad_post_header":false,"_kad_post_footer":false,"_kad_post_classname":""},"product_brand":[],"product_cat":[3526,4785],"product_tag":[],"class_list":{"0":"post-123031","1":"product","2":"type-product","3":"status-publish","4":"has-post-thumbnail","6":"product_cat-bolsas","7":"product_cat-bolsas-de-compras","8":"pa_alto-42-cm","9":"pa_color-azul-mezcla","10":"pa_color-natural","11":"pa_color-negro","12":"pa_color-simple-azul","13":"pa_color-simple-natural","14":"pa_color-simple-negro-intenso","15":"pa_largo-38-cm","16":"pa_marca-unbranded","17":"pa_material-algodon-reciclado-poliester-reciclado","18":"pa_peso-74-gr","20":"first","21":"instock","22":"taxable","23":"shipping-taxable","24":"purchasable","25":"product-type-variable","26":"entry","27":"content-bg","28":"loop-entry"},"yoast_head":"<!-- This site is optimized with the Yoast SEO plugin v26.3 - https:\/\/yoast.com\/wordpress\/plugins\/seo\/ -->\n<title>Merchandising Bolsa Tote 150 g\/m\u00b2 Aware\u2122 para personalizar con logo - ADL<\/title>\n<meta name=\"description\" content=\"Art\u00edculo de merchandising Bolsa Tote 150 g\/m\u00b2 Aware\u2122 &quot;Pheebs&quot;. Bolsa Tote fabricada con una mezcla de poli\u00e9ster y algod\u00f3n reciclado de 150\u00a0g\/m\u00b2. La bolsa se pliega f\u00e1cilmente y cabe en un espacio reducido, por lo que resulta perfecta para una gran variedad de actividades, como ir la compra, salir de excursi\u00f3n durante un d\u00eda o hacer proyectos de manualidades. El algod\u00f3n reciclado se fabrica a partir de los residuos preconsumo generados por las f\u00e1bricas textiles durante el proceso de corte. Los colores similares se mezclan entre s\u00ed, por lo que no es necesario un te\u00f1ido adicional. Debido a la naturaleza del algod\u00f3n reciclado, puede haber una ligera variaci\u00f3n de color. Esto le a\u00f1ade claramente una apariencia m\u00e1s aut\u00e9ntica. Todas las bolsas tienen su propio rastreador Aware\u2122. Esta innovadora funci\u00f3n permite a los usuarios rastrear el origen y el recorrido de su art\u00edculo a trav\u00e9s de un c\u00f3digo QR, lo que aumenta la transparencia de la cadena de suministro y fomenta una mayor conexi\u00f3n entre el producto y su proceso de producci\u00f3n. Resistencia para hasta 5 kg de peso. Longitud del asa: 31 cm.\" \/>\n<meta name=\"robots\" content=\"index, follow, max-snippet:-1, max-image-preview:large, max-video-preview:-1\" \/>\n<link rel=\"canonical\" href=\"https:\/\/adl-regalosempresa.com\/tiendaonline\/articulos\/merchandising\/bolsa-tote-150-g-m\u00b2-aware-para-personalizar-con-logo\/\" \/>\n<meta property=\"og:locale\" content=\"es_ES\" \/>\n<meta property=\"og:type\" content=\"article\" \/>\n<meta property=\"og:title\" content=\"Merchandising Bolsa Tote 150 g\/m\u00b2 Aware\u2122 para personalizar con logo - ADL\" \/>\n<meta property=\"og:description\" content=\"Art\u00edculo de merchandising Bolsa Tote 150 g\/m\u00b2 Aware\u2122 &quot;Pheebs&quot;. Bolsa Tote fabricada con una mezcla de poli\u00e9ster y algod\u00f3n reciclado de 150\u00a0g\/m\u00b2. La bolsa se pliega f\u00e1cilmente y cabe en un espacio reducido, por lo que resulta perfecta para una gran variedad de actividades, como ir la compra, salir de excursi\u00f3n durante un d\u00eda o hacer proyectos de manualidades. El algod\u00f3n reciclado se fabrica a partir de los residuos preconsumo generados por las f\u00e1bricas textiles durante el proceso de corte. Los colores similares se mezclan entre s\u00ed, por lo que no es necesario un te\u00f1ido adicional. Debido a la naturaleza del algod\u00f3n reciclado, puede haber una ligera variaci\u00f3n de color. Esto le a\u00f1ade claramente una apariencia m\u00e1s aut\u00e9ntica. Todas las bolsas tienen su propio rastreador Aware\u2122. Esta innovadora funci\u00f3n permite a los usuarios rastrear el origen y el recorrido de su art\u00edculo a trav\u00e9s de un c\u00f3digo QR, lo que aumenta la transparencia de la cadena de suministro y fomenta una mayor conexi\u00f3n entre el producto y su proceso de producci\u00f3n. Resistencia para hasta 5 kg de peso. Longitud del asa: 31 cm.\" \/>\n<meta property=\"og:url\" content=\"https:\/\/adl-regalosempresa.com\/tiendaonline\/articulos\/merchandising\/bolsa-tote-150-g-m\u00b2-aware-para-personalizar-con-logo\/\" \/>\n<meta property=\"og:site_name\" content=\"ADL Comunicaci\u00f3n\" \/>\n<meta property=\"article:modified_time\" content=\"2026-04-05T08:02:08+00:00\" \/>\n<meta property=\"og:image\" content=\"https:\/\/adl-regalosempresa.com\/tiendaonline\/wp-content\/uploads\/2024\/01\/12070306.jpg\" \/>\n\t<meta property=\"og:image:width\" content=\"1600\" \/>\n\t<meta property=\"og:image:height\" content=\"1600\" \/>\n\t<meta property=\"og:image:type\" content=\"image\/jpeg\" \/>\n<meta name=\"twitter:card\" content=\"summary_large_image\" \/>\n<meta name=\"twitter:title\" content=\"Merchandising Bolsa Tote 150 g\/m\u00b2 Aware\u2122 para personalizar con logo - ADL\" \/>\n<meta name=\"twitter:label1\" content=\"Tiempo de lectura\" \/>\n\t<meta name=\"twitter:data1\" content=\"1 minuto\" \/>\n<script type=\"application\/ld+json\" class=\"yoast-schema-graph\">{\"@context\":\"https:\/\/schema.org\",\"@graph\":[{\"@type\":\"WebPage\",\"@id\":\"https:\/\/adl-regalosempresa.com\/tiendaonline\/articulos\/merchandising\/bolsa-tote-150-g-m%c2%b2-aware-para-personalizar-con-logo\/\",\"url\":\"https:\/\/adl-regalosempresa.com\/tiendaonline\/articulos\/merchandising\/bolsa-tote-150-g-m%c2%b2-aware-para-personalizar-con-logo\/\",\"name\":\"Merchandising Bolsa Tote 150 g\/m\u00b2 Aware\u2122 para personalizar con logo - ADL\",\"isPartOf\":{\"@id\":\"https:\/\/adl-regalosempresa.com\/tiendaonline\/#website\"},\"primaryImageOfPage\":{\"@id\":\"https:\/\/adl-regalosempresa.com\/tiendaonline\/articulos\/merchandising\/bolsa-tote-150-g-m%c2%b2-aware-para-personalizar-con-logo\/#primaryimage\"},\"image\":{\"@id\":\"https:\/\/adl-regalosempresa.com\/tiendaonline\/articulos\/merchandising\/bolsa-tote-150-g-m%c2%b2-aware-para-personalizar-con-logo\/#primaryimage\"},\"thumbnailUrl\":\"https:\/\/adl-regalosempresa.com\/tiendaonline\/wp-content\/uploads\/2024\/01\/12070306.jpg\",\"datePublished\":\"2026-03-24T06:19:00+00:00\",\"dateModified\":\"2026-04-05T08:02:08+00:00\",\"description\":\"Art\u00edculo de merchandising Bolsa Tote 150 g\/m\u00b2 Aware\u2122 \\\"Pheebs\\\". Bolsa Tote fabricada con una mezcla de poli\u00e9ster y algod\u00f3n reciclado de 150\u00a0g\/m\u00b2. La bolsa se pliega f\u00e1cilmente y cabe en un espacio reducido, por lo que resulta perfecta para una gran variedad de actividades, como ir la compra, salir de excursi\u00f3n durante un d\u00eda o hacer proyectos de manualidades. El algod\u00f3n reciclado se fabrica a partir de los residuos preconsumo generados por las f\u00e1bricas textiles durante el proceso de corte. Los colores similares se mezclan entre s\u00ed, por lo que no es necesario un te\u00f1ido adicional. Debido a la naturaleza del algod\u00f3n reciclado, puede haber una ligera variaci\u00f3n de color. Esto le a\u00f1ade claramente una apariencia m\u00e1s aut\u00e9ntica. Todas las bolsas tienen su propio rastreador Aware\u2122. Esta innovadora funci\u00f3n permite a los usuarios rastrear el origen y el recorrido de su art\u00edculo a trav\u00e9s de un c\u00f3digo QR, lo que aumenta la transparencia de la cadena de suministro y fomenta una mayor conexi\u00f3n entre el producto y su proceso de producci\u00f3n. Resistencia para hasta 5 kg de peso. Longitud del asa: 31 cm.\",\"breadcrumb\":{\"@id\":\"https:\/\/adl-regalosempresa.com\/tiendaonline\/articulos\/merchandising\/bolsa-tote-150-g-m%c2%b2-aware-para-personalizar-con-logo\/#breadcrumb\"},\"inLanguage\":\"es\",\"potentialAction\":[{\"@type\":\"ReadAction\",\"target\":[\"https:\/\/adl-regalosempresa.com\/tiendaonline\/articulos\/merchandising\/bolsa-tote-150-g-m%c2%b2-aware-para-personalizar-con-logo\/\"]}]},{\"@type\":\"ImageObject\",\"inLanguage\":\"es\",\"@id\":\"https:\/\/adl-regalosempresa.com\/tiendaonline\/articulos\/merchandising\/bolsa-tote-150-g-m%c2%b2-aware-para-personalizar-con-logo\/#primaryimage\",\"url\":\"https:\/\/adl-regalosempresa.com\/tiendaonline\/wp-content\/uploads\/2024\/01\/12070306.jpg\",\"contentUrl\":\"https:\/\/adl-regalosempresa.com\/tiendaonline\/wp-content\/uploads\/2024\/01\/12070306.jpg\",\"width\":1600,\"height\":1600,\"caption\":\"Bolsa Tote 150 g\/m\u00b2 Aware\u2122 \\\"Pheebs\\\"\"},{\"@type\":\"BreadcrumbList\",\"@id\":\"https:\/\/adl-regalosempresa.com\/tiendaonline\/articulos\/merchandising\/bolsa-tote-150-g-m%c2%b2-aware-para-personalizar-con-logo\/#breadcrumb\",\"itemListElement\":[{\"@type\":\"ListItem\",\"position\":1,\"name\":\"Portada\",\"item\":\"https:\/\/adl-regalosempresa.com\/tiendaonline\/\"},{\"@type\":\"ListItem\",\"position\":2,\"name\":\"Tienda\",\"item\":\"https:\/\/adl-regalosempresa.com\/tiendaonline\/tienda\/\"},{\"@type\":\"ListItem\",\"position\":3,\"name\":\"Bolsa Tote 150 g\/m\u00b2 Aware\u2122 para personalizar con logo\"}]},{\"@type\":\"WebSite\",\"@id\":\"https:\/\/adl-regalosempresa.com\/tiendaonline\/#website\",\"url\":\"https:\/\/adl-regalosempresa.com\/tiendaonline\/\",\"name\":\"ADL Comunicaci\u00f3n\",\"description\":\"Regalos de empresa\",\"publisher\":{\"@id\":\"https:\/\/adl-regalosempresa.com\/tiendaonline\/#organization\"},\"potentialAction\":[{\"@type\":\"SearchAction\",\"target\":{\"@type\":\"EntryPoint\",\"urlTemplate\":\"https:\/\/adl-regalosempresa.com\/tiendaonline\/?s={search_term_string}\"},\"query-input\":{\"@type\":\"PropertyValueSpecification\",\"valueRequired\":true,\"valueName\":\"search_term_string\"}}],\"inLanguage\":\"es\"},{\"@type\":\"Organization\",\"@id\":\"https:\/\/adl-regalosempresa.com\/tiendaonline\/#organization\",\"name\":\"ADL Comunicaci\u00f3n\",\"url\":\"https:\/\/adl-regalosempresa.com\/tiendaonline\/\",\"logo\":{\"@type\":\"ImageObject\",\"inLanguage\":\"es\",\"@id\":\"https:\/\/adl-regalosempresa.com\/tiendaonline\/#\/schema\/logo\/image\/\",\"url\":\"https:\/\/adl-regalosempresa.com\/tiendaonline\/wp-content\/uploads\/2017\/09\/logo-adl-wp.png\",\"contentUrl\":\"https:\/\/adl-regalosempresa.com\/tiendaonline\/wp-content\/uploads\/2017\/09\/logo-adl-wp.png\",\"width\":407,\"height\":185,\"caption\":\"ADL Comunicaci\u00f3n\"},\"image\":{\"@id\":\"https:\/\/adl-regalosempresa.com\/tiendaonline\/#\/schema\/logo\/image\/\"}}]}<\/script>\n<!-- \/ Yoast SEO plugin. -->","yoast_head_json":{"title":"Merchandising Bolsa Tote 150 g\/m\u00b2 Aware\u2122 para personalizar con logo - ADL","description":"Art\u00edculo de merchandising Bolsa Tote 150 g\/m\u00b2 Aware\u2122 \"Pheebs\". Bolsa Tote fabricada con una mezcla de poli\u00e9ster y algod\u00f3n reciclado de 150\u00a0g\/m\u00b2. La bolsa se pliega f\u00e1cilmente y cabe en un espacio reducido, por lo que resulta perfecta para una gran variedad de actividades, como ir la compra, salir de excursi\u00f3n durante un d\u00eda o hacer proyectos de manualidades. El algod\u00f3n reciclado se fabrica a partir de los residuos preconsumo generados por las f\u00e1bricas textiles durante el proceso de corte. Los colores similares se mezclan entre s\u00ed, por lo que no es necesario un te\u00f1ido adicional. Debido a la naturaleza del algod\u00f3n reciclado, puede haber una ligera variaci\u00f3n de color. Esto le a\u00f1ade claramente una apariencia m\u00e1s aut\u00e9ntica. Todas las bolsas tienen su propio rastreador Aware\u2122. Esta innovadora funci\u00f3n permite a los usuarios rastrear el origen y el recorrido de su art\u00edculo a trav\u00e9s de un c\u00f3digo QR, lo que aumenta la transparencia de la cadena de suministro y fomenta una mayor conexi\u00f3n entre el producto y su proceso de producci\u00f3n. Resistencia para hasta 5 kg de peso. Longitud del asa: 31 cm.","robots":{"index":"index","follow":"follow","max-snippet":"max-snippet:-1","max-image-preview":"max-image-preview:large","max-video-preview":"max-video-preview:-1"},"canonical":"https:\/\/adl-regalosempresa.com\/tiendaonline\/articulos\/merchandising\/bolsa-tote-150-g-m\u00b2-aware-para-personalizar-con-logo\/","og_locale":"es_ES","og_type":"article","og_title":"Merchandising Bolsa Tote 150 g\/m\u00b2 Aware\u2122 para personalizar con logo - ADL","og_description":"Art\u00edculo de merchandising Bolsa Tote 150 g\/m\u00b2 Aware\u2122 \"Pheebs\". Bolsa Tote fabricada con una mezcla de poli\u00e9ster y algod\u00f3n reciclado de 150\u00a0g\/m\u00b2. La bolsa se pliega f\u00e1cilmente y cabe en un espacio reducido, por lo que resulta perfecta para una gran variedad de actividades, como ir la compra, salir de excursi\u00f3n durante un d\u00eda o hacer proyectos de manualidades. El algod\u00f3n reciclado se fabrica a partir de los residuos preconsumo generados por las f\u00e1bricas textiles durante el proceso de corte. Los colores similares se mezclan entre s\u00ed, por lo que no es necesario un te\u00f1ido adicional. Debido a la naturaleza del algod\u00f3n reciclado, puede haber una ligera variaci\u00f3n de color. Esto le a\u00f1ade claramente una apariencia m\u00e1s aut\u00e9ntica. Todas las bolsas tienen su propio rastreador Aware\u2122. Esta innovadora funci\u00f3n permite a los usuarios rastrear el origen y el recorrido de su art\u00edculo a trav\u00e9s de un c\u00f3digo QR, lo que aumenta la transparencia de la cadena de suministro y fomenta una mayor conexi\u00f3n entre el producto y su proceso de producci\u00f3n. Resistencia para hasta 5 kg de peso. Longitud del asa: 31 cm.","og_url":"https:\/\/adl-regalosempresa.com\/tiendaonline\/articulos\/merchandising\/bolsa-tote-150-g-m\u00b2-aware-para-personalizar-con-logo\/","og_site_name":"ADL Comunicaci\u00f3n","article_modified_time":"2026-04-05T08:02:08+00:00","og_image":[{"width":1600,"height":1600,"url":"https:\/\/adl-regalosempresa.com\/tiendaonline\/wp-content\/uploads\/2024\/01\/12070306.jpg","type":"image\/jpeg"}],"twitter_card":"summary_large_image","twitter_title":"Merchandising Bolsa Tote 150 g\/m\u00b2 Aware\u2122 para personalizar con logo - ADL","twitter_misc":{"Tiempo de lectura":"1 minuto"},"schema":{"@context":"https:\/\/schema.org","@graph":[{"@type":"WebPage","@id":"https:\/\/adl-regalosempresa.com\/tiendaonline\/articulos\/merchandising\/bolsa-tote-150-g-m%c2%b2-aware-para-personalizar-con-logo\/","url":"https:\/\/adl-regalosempresa.com\/tiendaonline\/articulos\/merchandising\/bolsa-tote-150-g-m%c2%b2-aware-para-personalizar-con-logo\/","name":"Merchandising Bolsa Tote 150 g\/m\u00b2 Aware\u2122 para personalizar con logo - ADL","isPartOf":{"@id":"https:\/\/adl-regalosempresa.com\/tiendaonline\/#website"},"primaryImageOfPage":{"@id":"https:\/\/adl-regalosempresa.com\/tiendaonline\/articulos\/merchandising\/bolsa-tote-150-g-m%c2%b2-aware-para-personalizar-con-logo\/#primaryimage"},"image":{"@id":"https:\/\/adl-regalosempresa.com\/tiendaonline\/articulos\/merchandising\/bolsa-tote-150-g-m%c2%b2-aware-para-personalizar-con-logo\/#primaryimage"},"thumbnailUrl":"https:\/\/adl-regalosempresa.com\/tiendaonline\/wp-content\/uploads\/2024\/01\/12070306.jpg","datePublished":"2026-03-24T06:19:00+00:00","dateModified":"2026-04-05T08:02:08+00:00","description":"Art\u00edculo de merchandising Bolsa Tote 150 g\/m\u00b2 Aware\u2122 \"Pheebs\". Bolsa Tote fabricada con una mezcla de poli\u00e9ster y algod\u00f3n reciclado de 150\u00a0g\/m\u00b2. La bolsa se pliega f\u00e1cilmente y cabe en un espacio reducido, por lo que resulta perfecta para una gran variedad de actividades, como ir la compra, salir de excursi\u00f3n durante un d\u00eda o hacer proyectos de manualidades. El algod\u00f3n reciclado se fabrica a partir de los residuos preconsumo generados por las f\u00e1bricas textiles durante el proceso de corte. Los colores similares se mezclan entre s\u00ed, por lo que no es necesario un te\u00f1ido adicional. Debido a la naturaleza del algod\u00f3n reciclado, puede haber una ligera variaci\u00f3n de color. Esto le a\u00f1ade claramente una apariencia m\u00e1s aut\u00e9ntica. Todas las bolsas tienen su propio rastreador Aware\u2122. Esta innovadora funci\u00f3n permite a los usuarios rastrear el origen y el recorrido de su art\u00edculo a trav\u00e9s de un c\u00f3digo QR, lo que aumenta la transparencia de la cadena de suministro y fomenta una mayor conexi\u00f3n entre el producto y su proceso de producci\u00f3n. Resistencia para hasta 5 kg de peso. Longitud del asa: 31 cm.","breadcrumb":{"@id":"https:\/\/adl-regalosempresa.com\/tiendaonline\/articulos\/merchandising\/bolsa-tote-150-g-m%c2%b2-aware-para-personalizar-con-logo\/#breadcrumb"},"inLanguage":"es","potentialAction":[{"@type":"ReadAction","target":["https:\/\/adl-regalosempresa.com\/tiendaonline\/articulos\/merchandising\/bolsa-tote-150-g-m%c2%b2-aware-para-personalizar-con-logo\/"]}]},{"@type":"ImageObject","inLanguage":"es","@id":"https:\/\/adl-regalosempresa.com\/tiendaonline\/articulos\/merchandising\/bolsa-tote-150-g-m%c2%b2-aware-para-personalizar-con-logo\/#primaryimage","url":"https:\/\/adl-regalosempresa.com\/tiendaonline\/wp-content\/uploads\/2024\/01\/12070306.jpg","contentUrl":"https:\/\/adl-regalosempresa.com\/tiendaonline\/wp-content\/uploads\/2024\/01\/12070306.jpg","width":1600,"height":1600,"caption":"Bolsa Tote 150 g\/m\u00b2 Aware\u2122 \"Pheebs\""},{"@type":"BreadcrumbList","@id":"https:\/\/adl-regalosempresa.com\/tiendaonline\/articulos\/merchandising\/bolsa-tote-150-g-m%c2%b2-aware-para-personalizar-con-logo\/#breadcrumb","itemListElement":[{"@type":"ListItem","position":1,"name":"Portada","item":"https:\/\/adl-regalosempresa.com\/tiendaonline\/"},{"@type":"ListItem","position":2,"name":"Tienda","item":"https:\/\/adl-regalosempresa.com\/tiendaonline\/tienda\/"},{"@type":"ListItem","position":3,"name":"Bolsa Tote 150 g\/m\u00b2 Aware\u2122 para personalizar con logo"}]},{"@type":"WebSite","@id":"https:\/\/adl-regalosempresa.com\/tiendaonline\/#website","url":"https:\/\/adl-regalosempresa.com\/tiendaonline\/","name":"ADL Comunicaci\u00f3n","description":"Regalos de empresa","publisher":{"@id":"https:\/\/adl-regalosempresa.com\/tiendaonline\/#organization"},"potentialAction":[{"@type":"SearchAction","target":{"@type":"EntryPoint","urlTemplate":"https:\/\/adl-regalosempresa.com\/tiendaonline\/?s={search_term_string}"},"query-input":{"@type":"PropertyValueSpecification","valueRequired":true,"valueName":"search_term_string"}}],"inLanguage":"es"},{"@type":"Organization","@id":"https:\/\/adl-regalosempresa.com\/tiendaonline\/#organization","name":"ADL Comunicaci\u00f3n","url":"https:\/\/adl-regalosempresa.com\/tiendaonline\/","logo":{"@type":"ImageObject","inLanguage":"es","@id":"https:\/\/adl-regalosempresa.com\/tiendaonline\/#\/schema\/logo\/image\/","url":"https:\/\/adl-regalosempresa.com\/tiendaonline\/wp-content\/uploads\/2017\/09\/logo-adl-wp.png","contentUrl":"https:\/\/adl-regalosempresa.com\/tiendaonline\/wp-content\/uploads\/2017\/09\/logo-adl-wp.png","width":407,"height":185,"caption":"ADL Comunicaci\u00f3n"},"image":{"@id":"https:\/\/adl-regalosempresa.com\/tiendaonline\/#\/schema\/logo\/image\/"}}]}},"_links":{"self":[{"href":"https:\/\/adl-regalosempresa.com\/tiendaonline\/wp-json\/wp\/v2\/product\/123031","targetHints":{"allow":["GET"]}}],"collection":[{"href":"https:\/\/adl-regalosempresa.com\/tiendaonline\/wp-json\/wp\/v2\/product"}],"about":[{"href":"https:\/\/adl-regalosempresa.com\/tiendaonline\/wp-json\/wp\/v2\/types\/product"}],"wp:featuredmedia":[{"embeddable":true,"href":"https:\/\/adl-regalosempresa.com\/tiendaonline\/wp-json\/wp\/v2\/media\/123033"}],"wp:attachment":[{"href":"https:\/\/adl-regalosempresa.com\/tiendaonline\/wp-json\/wp\/v2\/media?parent=123031"}],"wp:term":[{"taxonomy":"product_brand","embeddable":true,"href":"https:\/\/adl-regalosempresa.com\/tiendaonline\/wp-json\/wp\/v2\/product_brand?post=123031"},{"taxonomy":"product_cat","embeddable":true,"href":"https:\/\/adl-regalosempresa.com\/tiendaonline\/wp-json\/wp\/v2\/product_cat?post=123031"},{"taxonomy":"product_tag","embeddable":true,"href":"https:\/\/adl-regalosempresa.com\/tiendaonline\/wp-json\/wp\/v2\/product_tag?post=123031"}],"curies":[{"name":"wp","href":"https:\/\/api.w.org\/{rel}","templated":true}]}}