{"id":122806,"date":"2026-05-06T04:20:01","date_gmt":"2026-05-06T04:20:01","guid":{"rendered":"https:\/\/adl-regalosempresa.com\/tiendaonline\/articulos\/merchandising\/vaso-con-aislamiento-de-acero-inoxidable-reciclado-de-410-ml-con-certificacion-rcs-para-personalizar-con-logo\/"},"modified":"2026-05-09T07:54:18","modified_gmt":"2026-05-09T07:54:18","slug":"vaso-con-aislamiento-de-acero-inoxidable-reciclado-de-410-ml-con-certificacion-rcs-para-personalizar-con-logo","status":"publish","type":"product","link":"https:\/\/adl-regalosempresa.com\/tiendaonline\/articulos\/merchandising\/vaso-con-aislamiento-de-acero-inoxidable-reciclado-de-410-ml-con-certificacion-rcs-para-personalizar-con-logo\/","title":{"rendered":"Vaso con aislamiento de acero inoxidable reciclado de 410\u00a0ml con certificaci\u00f3n RCS  para personalizar con logo"},"content":{"rendered":"<p>Ya sea para tomar un caf\u00e9 por la ma\u00f1ana mientras te desplazas o para disfrutar de una buena taza de t\u00e9 en la oficina, el vaso \u00abElwood\u00bb de acero inoxidable reciclado con certificaci\u00f3n RCS es la soluci\u00f3n. El aislamiento de doble capa del vaso mantiene las bebidas fr\u00edas o calientes durante 12 horas para ambos casos. Gracias a la tapa de rosca que se ajusta con el pulgar, podr\u00e1s beber c\u00f3modamente. La combinaci\u00f3n de acero inoxidable y pl\u00e1stico logra que el vaso sea muy robusto, resistente a la corrosi\u00f3n y f\u00e1cil de limpiar. Capacidad: 410 ml.<\/p>\n","protected":false},"excerpt":{"rendered":"<p><strong>Descuentos por cantidades<\/strong><br \/>&#8211; a partir de 100 unidades: 4,08 \u20ac\/ud<br \/>&#8211; a partir de 250 unidades: 3,94 \u20ac\/ud<br \/>&#8211; a partir de 1000 unidades: 3,88 \u20ac\/ud<\/p>\n<p>Para cantidades superiores a las aqu\u00ed indicadas, no dudes en ponerte en contacto con nuestro departamento comercial o <a href='https:\/\/adl-regalosempresa.com\/tiendaonline\/solicitud-presupuesto\/'>pedirnos presupuesto personalizado<\/a>, ajustaremos el presupuesto a tus necesidades.<\/p>\n","protected":false},"featured_media":122808,"template":"","meta":{"_kad_post_transparent":"","_kad_post_title":"","_kad_post_layout":"","_kad_post_sidebar_id":"","_kad_post_content_style":"","_kad_post_vertical_padding":"","_kad_post_feature":"","_kad_post_feature_position":"","_kad_post_header":false,"_kad_post_footer":false,"_kad_post_classname":""},"product_brand":[],"product_cat":[3936,3372],"product_tag":[],"class_list":{"0":"post-122806","1":"product","2":"type-product","3":"status-publish","4":"has-post-thumbnail","6":"product_cat-vasos-tazas-de-viaje","7":"product_cat-articulos-para-bebidas","8":"pa_alto-179-cm","9":"pa_ancho-86-cm","10":"pa_color-azul","11":"pa_color-blanco","12":"pa_color-negro-intenso","13":"pa_color-rojo","14":"pa_color-simple-azul","15":"pa_color-simple-blanco","16":"pa_color-simple-negro-intenso","17":"pa_color-simple-rojo","18":"pa_diametro-76-cm","19":"pa_largo-86-cm","20":"pa_marca-unbranded","21":"pa_material-acero-inoxidable-reciclado-plastico-pp","22":"pa_peso-169-gr","24":"first","25":"instock","26":"taxable","27":"shipping-taxable","28":"purchasable","29":"product-type-variable","30":"entry","31":"content-bg","32":"loop-entry"},"yoast_head":"<!-- This site is optimized with the Yoast SEO plugin v26.3 - https:\/\/yoast.com\/wordpress\/plugins\/seo\/ -->\n<title>Merchandising Vaso con aislamiento de acero inoxidable reciclado de 410\u00a0ml con certificaci\u00f3n RCS para personalizar con logo - ADL<\/title>\n<meta name=\"description\" content=\"Art\u00edculo de merchandising Vaso con aislamiento de acero inoxidable reciclado de 410\u00a0ml con certificaci\u00f3n RCS &quot;Elwood&quot;. Ya sea para tomar un caf\u00e9 por la ma\u00f1ana mientras te desplazas o para disfrutar de una buena taza de t\u00e9 en la oficina, el vaso &quot;Elwood&quot; de acero inoxidable reciclado con certificaci\u00f3n RCS es la soluci\u00f3n. El aislamiento de doble capa del vaso mantiene las bebidas fr\u00edas o calientes durante 12 horas para ambos casos. Gracias a la tapa de rosca que se ajusta con el pulgar, podr\u00e1s beber c\u00f3modamente. La combinaci\u00f3n de acero inoxidable y pl\u00e1stico logra que el vaso sea muy robusto, resistente a la corrosi\u00f3n y f\u00e1cil de limpiar. Capacidad: 410 ml.\" \/>\n<meta name=\"robots\" content=\"index, follow, max-snippet:-1, max-image-preview:large, max-video-preview:-1\" \/>\n<link rel=\"canonical\" href=\"https:\/\/adl-regalosempresa.com\/tiendaonline\/articulos\/merchandising\/vaso-con-aislamiento-de-acero-inoxidable-reciclado-de-410-ml-con-certificacion-rcs-para-personalizar-con-logo\/\" \/>\n<meta property=\"og:locale\" content=\"es_ES\" \/>\n<meta property=\"og:type\" content=\"article\" \/>\n<meta property=\"og:title\" content=\"Merchandising Vaso con aislamiento de acero inoxidable reciclado de 410\u00a0ml con certificaci\u00f3n RCS para personalizar con logo - ADL\" \/>\n<meta property=\"og:description\" content=\"Art\u00edculo de merchandising Vaso con aislamiento de acero inoxidable reciclado de 410\u00a0ml con certificaci\u00f3n RCS &quot;Elwood&quot;. Ya sea para tomar un caf\u00e9 por la ma\u00f1ana mientras te desplazas o para disfrutar de una buena taza de t\u00e9 en la oficina, el vaso &quot;Elwood&quot; de acero inoxidable reciclado con certificaci\u00f3n RCS es la soluci\u00f3n. El aislamiento de doble capa del vaso mantiene las bebidas fr\u00edas o calientes durante 12 horas para ambos casos. Gracias a la tapa de rosca que se ajusta con el pulgar, podr\u00e1s beber c\u00f3modamente. La combinaci\u00f3n de acero inoxidable y pl\u00e1stico logra que el vaso sea muy robusto, resistente a la corrosi\u00f3n y f\u00e1cil de limpiar. Capacidad: 410 ml.\" \/>\n<meta property=\"og:url\" content=\"https:\/\/adl-regalosempresa.com\/tiendaonline\/articulos\/merchandising\/vaso-con-aislamiento-de-acero-inoxidable-reciclado-de-410-ml-con-certificacion-rcs-para-personalizar-con-logo\/\" \/>\n<meta property=\"og:site_name\" content=\"ADL Comunicaci\u00f3n\" \/>\n<meta property=\"article:modified_time\" content=\"2026-05-09T07:54:18+00:00\" \/>\n<meta property=\"og:image\" content=\"https:\/\/adl-regalosempresa.com\/tiendaonline\/wp-content\/uploads\/2024\/01\/10076301.jpg\" \/>\n\t<meta property=\"og:image:width\" content=\"1600\" \/>\n\t<meta property=\"og:image:height\" content=\"1600\" \/>\n\t<meta property=\"og:image:type\" content=\"image\/jpeg\" \/>\n<meta name=\"twitter:card\" content=\"summary_large_image\" \/>\n<meta name=\"twitter:title\" content=\"Merchandising Vaso con aislamiento de acero inoxidable reciclado de 410\u00a0ml con certificaci\u00f3n RCS para personalizar con logo - ADL\" \/>\n<meta name=\"twitter:label1\" content=\"Tiempo de lectura\" \/>\n\t<meta name=\"twitter:data1\" content=\"1 minuto\" \/>\n<script type=\"application\/ld+json\" class=\"yoast-schema-graph\">{\"@context\":\"https:\/\/schema.org\",\"@graph\":[{\"@type\":\"WebPage\",\"@id\":\"https:\/\/adl-regalosempresa.com\/tiendaonline\/articulos\/merchandising\/vaso-con-aislamiento-de-acero-inoxidable-reciclado-de-410-ml-con-certificacion-rcs-para-personalizar-con-logo\/\",\"url\":\"https:\/\/adl-regalosempresa.com\/tiendaonline\/articulos\/merchandising\/vaso-con-aislamiento-de-acero-inoxidable-reciclado-de-410-ml-con-certificacion-rcs-para-personalizar-con-logo\/\",\"name\":\"Merchandising Vaso con aislamiento de acero inoxidable reciclado de 410\u00a0ml con certificaci\u00f3n RCS para personalizar con logo - ADL\",\"isPartOf\":{\"@id\":\"https:\/\/adl-regalosempresa.com\/tiendaonline\/#website\"},\"primaryImageOfPage\":{\"@id\":\"https:\/\/adl-regalosempresa.com\/tiendaonline\/articulos\/merchandising\/vaso-con-aislamiento-de-acero-inoxidable-reciclado-de-410-ml-con-certificacion-rcs-para-personalizar-con-logo\/#primaryimage\"},\"image\":{\"@id\":\"https:\/\/adl-regalosempresa.com\/tiendaonline\/articulos\/merchandising\/vaso-con-aislamiento-de-acero-inoxidable-reciclado-de-410-ml-con-certificacion-rcs-para-personalizar-con-logo\/#primaryimage\"},\"thumbnailUrl\":\"https:\/\/adl-regalosempresa.com\/tiendaonline\/wp-content\/uploads\/2024\/01\/10076301.jpg\",\"datePublished\":\"2026-05-06T04:20:01+00:00\",\"dateModified\":\"2026-05-09T07:54:18+00:00\",\"description\":\"Art\u00edculo de merchandising Vaso con aislamiento de acero inoxidable reciclado de 410\u00a0ml con certificaci\u00f3n RCS \\\"Elwood\\\". Ya sea para tomar un caf\u00e9 por la ma\u00f1ana mientras te desplazas o para disfrutar de una buena taza de t\u00e9 en la oficina, el vaso \\\"Elwood\\\" de acero inoxidable reciclado con certificaci\u00f3n RCS es la soluci\u00f3n. El aislamiento de doble capa del vaso mantiene las bebidas fr\u00edas o calientes durante 12 horas para ambos casos. Gracias a la tapa de rosca que se ajusta con el pulgar, podr\u00e1s beber c\u00f3modamente. La combinaci\u00f3n de acero inoxidable y pl\u00e1stico logra que el vaso sea muy robusto, resistente a la corrosi\u00f3n y f\u00e1cil de limpiar. Capacidad: 410 ml.\",\"breadcrumb\":{\"@id\":\"https:\/\/adl-regalosempresa.com\/tiendaonline\/articulos\/merchandising\/vaso-con-aislamiento-de-acero-inoxidable-reciclado-de-410-ml-con-certificacion-rcs-para-personalizar-con-logo\/#breadcrumb\"},\"inLanguage\":\"es\",\"potentialAction\":[{\"@type\":\"ReadAction\",\"target\":[\"https:\/\/adl-regalosempresa.com\/tiendaonline\/articulos\/merchandising\/vaso-con-aislamiento-de-acero-inoxidable-reciclado-de-410-ml-con-certificacion-rcs-para-personalizar-con-logo\/\"]}]},{\"@type\":\"ImageObject\",\"inLanguage\":\"es\",\"@id\":\"https:\/\/adl-regalosempresa.com\/tiendaonline\/articulos\/merchandising\/vaso-con-aislamiento-de-acero-inoxidable-reciclado-de-410-ml-con-certificacion-rcs-para-personalizar-con-logo\/#primaryimage\",\"url\":\"https:\/\/adl-regalosempresa.com\/tiendaonline\/wp-content\/uploads\/2024\/01\/10076301.jpg\",\"contentUrl\":\"https:\/\/adl-regalosempresa.com\/tiendaonline\/wp-content\/uploads\/2024\/01\/10076301.jpg\",\"width\":1600,\"height\":1600,\"caption\":\"Vaso con aislamiento de acero inoxidable reciclado de 410\u00a0ml con certificaci\u00f3n RCS \\\"Elwood\\\"\"},{\"@type\":\"BreadcrumbList\",\"@id\":\"https:\/\/adl-regalosempresa.com\/tiendaonline\/articulos\/merchandising\/vaso-con-aislamiento-de-acero-inoxidable-reciclado-de-410-ml-con-certificacion-rcs-para-personalizar-con-logo\/#breadcrumb\",\"itemListElement\":[{\"@type\":\"ListItem\",\"position\":1,\"name\":\"Portada\",\"item\":\"https:\/\/adl-regalosempresa.com\/tiendaonline\/\"},{\"@type\":\"ListItem\",\"position\":2,\"name\":\"Tienda\",\"item\":\"https:\/\/adl-regalosempresa.com\/tiendaonline\/tienda\/\"},{\"@type\":\"ListItem\",\"position\":3,\"name\":\"Vaso con aislamiento de acero inoxidable reciclado de 410\u00a0ml con certificaci\u00f3n RCS para personalizar con logo\"}]},{\"@type\":\"WebSite\",\"@id\":\"https:\/\/adl-regalosempresa.com\/tiendaonline\/#website\",\"url\":\"https:\/\/adl-regalosempresa.com\/tiendaonline\/\",\"name\":\"ADL Comunicaci\u00f3n\",\"description\":\"Regalos de empresa\",\"publisher\":{\"@id\":\"https:\/\/adl-regalosempresa.com\/tiendaonline\/#organization\"},\"potentialAction\":[{\"@type\":\"SearchAction\",\"target\":{\"@type\":\"EntryPoint\",\"urlTemplate\":\"https:\/\/adl-regalosempresa.com\/tiendaonline\/?s={search_term_string}\"},\"query-input\":{\"@type\":\"PropertyValueSpecification\",\"valueRequired\":true,\"valueName\":\"search_term_string\"}}],\"inLanguage\":\"es\"},{\"@type\":\"Organization\",\"@id\":\"https:\/\/adl-regalosempresa.com\/tiendaonline\/#organization\",\"name\":\"ADL Comunicaci\u00f3n\",\"url\":\"https:\/\/adl-regalosempresa.com\/tiendaonline\/\",\"logo\":{\"@type\":\"ImageObject\",\"inLanguage\":\"es\",\"@id\":\"https:\/\/adl-regalosempresa.com\/tiendaonline\/#\/schema\/logo\/image\/\",\"url\":\"https:\/\/adl-regalosempresa.com\/tiendaonline\/wp-content\/uploads\/2017\/09\/logo-adl-wp.png\",\"contentUrl\":\"https:\/\/adl-regalosempresa.com\/tiendaonline\/wp-content\/uploads\/2017\/09\/logo-adl-wp.png\",\"width\":407,\"height\":185,\"caption\":\"ADL Comunicaci\u00f3n\"},\"image\":{\"@id\":\"https:\/\/adl-regalosempresa.com\/tiendaonline\/#\/schema\/logo\/image\/\"}}]}<\/script>\n<!-- \/ Yoast SEO plugin. -->","yoast_head_json":{"title":"Merchandising Vaso con aislamiento de acero inoxidable reciclado de 410\u00a0ml con certificaci\u00f3n RCS para personalizar con logo - ADL","description":"Art\u00edculo de merchandising Vaso con aislamiento de acero inoxidable reciclado de 410\u00a0ml con certificaci\u00f3n RCS \"Elwood\". Ya sea para tomar un caf\u00e9 por la ma\u00f1ana mientras te desplazas o para disfrutar de una buena taza de t\u00e9 en la oficina, el vaso \"Elwood\" de acero inoxidable reciclado con certificaci\u00f3n RCS es la soluci\u00f3n. El aislamiento de doble capa del vaso mantiene las bebidas fr\u00edas o calientes durante 12 horas para ambos casos. Gracias a la tapa de rosca que se ajusta con el pulgar, podr\u00e1s beber c\u00f3modamente. La combinaci\u00f3n de acero inoxidable y pl\u00e1stico logra que el vaso sea muy robusto, resistente a la corrosi\u00f3n y f\u00e1cil de limpiar. Capacidad: 410 ml.","robots":{"index":"index","follow":"follow","max-snippet":"max-snippet:-1","max-image-preview":"max-image-preview:large","max-video-preview":"max-video-preview:-1"},"canonical":"https:\/\/adl-regalosempresa.com\/tiendaonline\/articulos\/merchandising\/vaso-con-aislamiento-de-acero-inoxidable-reciclado-de-410-ml-con-certificacion-rcs-para-personalizar-con-logo\/","og_locale":"es_ES","og_type":"article","og_title":"Merchandising Vaso con aislamiento de acero inoxidable reciclado de 410\u00a0ml con certificaci\u00f3n RCS para personalizar con logo - ADL","og_description":"Art\u00edculo de merchandising Vaso con aislamiento de acero inoxidable reciclado de 410\u00a0ml con certificaci\u00f3n RCS \"Elwood\". Ya sea para tomar un caf\u00e9 por la ma\u00f1ana mientras te desplazas o para disfrutar de una buena taza de t\u00e9 en la oficina, el vaso \"Elwood\" de acero inoxidable reciclado con certificaci\u00f3n RCS es la soluci\u00f3n. El aislamiento de doble capa del vaso mantiene las bebidas fr\u00edas o calientes durante 12 horas para ambos casos. Gracias a la tapa de rosca que se ajusta con el pulgar, podr\u00e1s beber c\u00f3modamente. La combinaci\u00f3n de acero inoxidable y pl\u00e1stico logra que el vaso sea muy robusto, resistente a la corrosi\u00f3n y f\u00e1cil de limpiar. Capacidad: 410 ml.","og_url":"https:\/\/adl-regalosempresa.com\/tiendaonline\/articulos\/merchandising\/vaso-con-aislamiento-de-acero-inoxidable-reciclado-de-410-ml-con-certificacion-rcs-para-personalizar-con-logo\/","og_site_name":"ADL Comunicaci\u00f3n","article_modified_time":"2026-05-09T07:54:18+00:00","og_image":[{"width":1600,"height":1600,"url":"https:\/\/adl-regalosempresa.com\/tiendaonline\/wp-content\/uploads\/2024\/01\/10076301.jpg","type":"image\/jpeg"}],"twitter_card":"summary_large_image","twitter_title":"Merchandising Vaso con aislamiento de acero inoxidable reciclado de 410\u00a0ml con certificaci\u00f3n RCS para personalizar con logo - ADL","twitter_misc":{"Tiempo de lectura":"1 minuto"},"schema":{"@context":"https:\/\/schema.org","@graph":[{"@type":"WebPage","@id":"https:\/\/adl-regalosempresa.com\/tiendaonline\/articulos\/merchandising\/vaso-con-aislamiento-de-acero-inoxidable-reciclado-de-410-ml-con-certificacion-rcs-para-personalizar-con-logo\/","url":"https:\/\/adl-regalosempresa.com\/tiendaonline\/articulos\/merchandising\/vaso-con-aislamiento-de-acero-inoxidable-reciclado-de-410-ml-con-certificacion-rcs-para-personalizar-con-logo\/","name":"Merchandising Vaso con aislamiento de acero inoxidable reciclado de 410\u00a0ml con certificaci\u00f3n RCS para personalizar con logo - ADL","isPartOf":{"@id":"https:\/\/adl-regalosempresa.com\/tiendaonline\/#website"},"primaryImageOfPage":{"@id":"https:\/\/adl-regalosempresa.com\/tiendaonline\/articulos\/merchandising\/vaso-con-aislamiento-de-acero-inoxidable-reciclado-de-410-ml-con-certificacion-rcs-para-personalizar-con-logo\/#primaryimage"},"image":{"@id":"https:\/\/adl-regalosempresa.com\/tiendaonline\/articulos\/merchandising\/vaso-con-aislamiento-de-acero-inoxidable-reciclado-de-410-ml-con-certificacion-rcs-para-personalizar-con-logo\/#primaryimage"},"thumbnailUrl":"https:\/\/adl-regalosempresa.com\/tiendaonline\/wp-content\/uploads\/2024\/01\/10076301.jpg","datePublished":"2026-05-06T04:20:01+00:00","dateModified":"2026-05-09T07:54:18+00:00","description":"Art\u00edculo de merchandising Vaso con aislamiento de acero inoxidable reciclado de 410\u00a0ml con certificaci\u00f3n RCS \"Elwood\". Ya sea para tomar un caf\u00e9 por la ma\u00f1ana mientras te desplazas o para disfrutar de una buena taza de t\u00e9 en la oficina, el vaso \"Elwood\" de acero inoxidable reciclado con certificaci\u00f3n RCS es la soluci\u00f3n. El aislamiento de doble capa del vaso mantiene las bebidas fr\u00edas o calientes durante 12 horas para ambos casos. Gracias a la tapa de rosca que se ajusta con el pulgar, podr\u00e1s beber c\u00f3modamente. La combinaci\u00f3n de acero inoxidable y pl\u00e1stico logra que el vaso sea muy robusto, resistente a la corrosi\u00f3n y f\u00e1cil de limpiar. Capacidad: 410 ml.","breadcrumb":{"@id":"https:\/\/adl-regalosempresa.com\/tiendaonline\/articulos\/merchandising\/vaso-con-aislamiento-de-acero-inoxidable-reciclado-de-410-ml-con-certificacion-rcs-para-personalizar-con-logo\/#breadcrumb"},"inLanguage":"es","potentialAction":[{"@type":"ReadAction","target":["https:\/\/adl-regalosempresa.com\/tiendaonline\/articulos\/merchandising\/vaso-con-aislamiento-de-acero-inoxidable-reciclado-de-410-ml-con-certificacion-rcs-para-personalizar-con-logo\/"]}]},{"@type":"ImageObject","inLanguage":"es","@id":"https:\/\/adl-regalosempresa.com\/tiendaonline\/articulos\/merchandising\/vaso-con-aislamiento-de-acero-inoxidable-reciclado-de-410-ml-con-certificacion-rcs-para-personalizar-con-logo\/#primaryimage","url":"https:\/\/adl-regalosempresa.com\/tiendaonline\/wp-content\/uploads\/2024\/01\/10076301.jpg","contentUrl":"https:\/\/adl-regalosempresa.com\/tiendaonline\/wp-content\/uploads\/2024\/01\/10076301.jpg","width":1600,"height":1600,"caption":"Vaso con aislamiento de acero inoxidable reciclado de 410\u00a0ml con certificaci\u00f3n RCS \"Elwood\""},{"@type":"BreadcrumbList","@id":"https:\/\/adl-regalosempresa.com\/tiendaonline\/articulos\/merchandising\/vaso-con-aislamiento-de-acero-inoxidable-reciclado-de-410-ml-con-certificacion-rcs-para-personalizar-con-logo\/#breadcrumb","itemListElement":[{"@type":"ListItem","position":1,"name":"Portada","item":"https:\/\/adl-regalosempresa.com\/tiendaonline\/"},{"@type":"ListItem","position":2,"name":"Tienda","item":"https:\/\/adl-regalosempresa.com\/tiendaonline\/tienda\/"},{"@type":"ListItem","position":3,"name":"Vaso con aislamiento de acero inoxidable reciclado de 410\u00a0ml con certificaci\u00f3n RCS para personalizar con logo"}]},{"@type":"WebSite","@id":"https:\/\/adl-regalosempresa.com\/tiendaonline\/#website","url":"https:\/\/adl-regalosempresa.com\/tiendaonline\/","name":"ADL Comunicaci\u00f3n","description":"Regalos de empresa","publisher":{"@id":"https:\/\/adl-regalosempresa.com\/tiendaonline\/#organization"},"potentialAction":[{"@type":"SearchAction","target":{"@type":"EntryPoint","urlTemplate":"https:\/\/adl-regalosempresa.com\/tiendaonline\/?s={search_term_string}"},"query-input":{"@type":"PropertyValueSpecification","valueRequired":true,"valueName":"search_term_string"}}],"inLanguage":"es"},{"@type":"Organization","@id":"https:\/\/adl-regalosempresa.com\/tiendaonline\/#organization","name":"ADL Comunicaci\u00f3n","url":"https:\/\/adl-regalosempresa.com\/tiendaonline\/","logo":{"@type":"ImageObject","inLanguage":"es","@id":"https:\/\/adl-regalosempresa.com\/tiendaonline\/#\/schema\/logo\/image\/","url":"https:\/\/adl-regalosempresa.com\/tiendaonline\/wp-content\/uploads\/2017\/09\/logo-adl-wp.png","contentUrl":"https:\/\/adl-regalosempresa.com\/tiendaonline\/wp-content\/uploads\/2017\/09\/logo-adl-wp.png","width":407,"height":185,"caption":"ADL Comunicaci\u00f3n"},"image":{"@id":"https:\/\/adl-regalosempresa.com\/tiendaonline\/#\/schema\/logo\/image\/"}}]}},"_links":{"self":[{"href":"https:\/\/adl-regalosempresa.com\/tiendaonline\/wp-json\/wp\/v2\/product\/122806","targetHints":{"allow":["GET"]}}],"collection":[{"href":"https:\/\/adl-regalosempresa.com\/tiendaonline\/wp-json\/wp\/v2\/product"}],"about":[{"href":"https:\/\/adl-regalosempresa.com\/tiendaonline\/wp-json\/wp\/v2\/types\/product"}],"wp:featuredmedia":[{"embeddable":true,"href":"https:\/\/adl-regalosempresa.com\/tiendaonline\/wp-json\/wp\/v2\/media\/122808"}],"wp:attachment":[{"href":"https:\/\/adl-regalosempresa.com\/tiendaonline\/wp-json\/wp\/v2\/media?parent=122806"}],"wp:term":[{"taxonomy":"product_brand","embeddable":true,"href":"https:\/\/adl-regalosempresa.com\/tiendaonline\/wp-json\/wp\/v2\/product_brand?post=122806"},{"taxonomy":"product_cat","embeddable":true,"href":"https:\/\/adl-regalosempresa.com\/tiendaonline\/wp-json\/wp\/v2\/product_cat?post=122806"},{"taxonomy":"product_tag","embeddable":true,"href":"https:\/\/adl-regalosempresa.com\/tiendaonline\/wp-json\/wp\/v2\/product_tag?post=122806"}],"curies":[{"name":"wp","href":"https:\/\/api.w.org\/{rel}","templated":true}]}}