{"id":122768,"date":"2026-04-10T04:15:33","date_gmt":"2026-04-10T04:15:33","guid":{"rendered":"https:\/\/adl-regalosempresa.com\/tiendaonline\/articulos\/merchandising\/set-de-herramientas-de-bambu-plastico-reciclado-de-19-piezas-para-personalizar-con-logo\/"},"modified":"2026-04-18T07:48:13","modified_gmt":"2026-04-18T07:48:13","slug":"set-de-herramientas-de-bambu-plastico-reciclado-de-19-piezas-para-personalizar-con-logo","status":"publish","type":"product","link":"https:\/\/adl-regalosempresa.com\/tiendaonline\/articulos\/merchandising\/set-de-herramientas-de-bambu-plastico-reciclado-de-19-piezas-para-personalizar-con-logo\/","title":{"rendered":"Set de herramientas de bamb\u00fa\/pl\u00e1stico reciclado de 19 piezas  para personalizar con logo"},"content":{"rendered":"<p>Disfruta de la combinaci\u00f3n perfecta de sostenibilidad y funcionalidad con el set de herramientas \u00abRivet\u00bb. Esta caja de herramientas de cuidadoso dise\u00f1o no solo es visualmente atractiva, sino que tambi\u00e9n es respetuosa con el medio ambiente, sin poner en entredicho la calidad ni el rendimiento. La resistencia y durabilidad naturales del bamb\u00fa garantizan la protecci\u00f3n de tus herramientas durante a\u00f1os. En el interior del malet\u00edn, encontrar\u00e1s un juego de 19 herramientas esenciales fabricadas con acero al carbono y pl\u00e1stico reciclado: 1 mango articulado largo, 4 vasos de alta calidad para diversas aplicaciones, 1 alargadera para zonas de dif\u00edcil acceso, 10 puntas de destornillador de precisi\u00f3n para cualquier tarea y 3 llaves hexagonales para el montaje de muebles. Tanto si eres una persona aficionada al bricolaje como un profesional, estas herramientas est\u00e1n dise\u00f1adas para ofrecer un rendimiento fiable y aguantar un uso riguroso. Dado que el bamb\u00fa es un producto natural, puede haber ligeras variaciones de color y tama\u00f1o en los art\u00edculos, lo que puede afectar al aspecto final. Empaquetado en una caja de regalo \u00abSTAC\u00bb procedente de fuentes sostenibles.<\/p>\n","protected":false},"excerpt":{"rendered":"<p><strong>Descuentos por cantidades<\/strong><br \/>&#8211; a partir de 100 unidades: 20,86 \u20ac\/ud<br \/>&#8211; a partir de 250 unidades: 20,86 \u20ac\/ud<br \/>&#8211; a partir de 1000 unidades: 20,45 \u20ac\/ud<\/p>\n<p>Para cantidades superiores a las aqu\u00ed indicadas, no dudes en ponerte en contacto con nuestro departamento comercial o <a href='https:\/\/adl-regalosempresa.com\/tiendaonline\/solicitud-presupuesto\/'>pedirnos presupuesto personalizado<\/a>, ajustaremos el presupuesto a tus necesidades.<\/p>\n","protected":false},"featured_media":122770,"template":"","meta":{"_kad_post_transparent":"","_kad_post_title":"","_kad_post_layout":"","_kad_post_sidebar_id":"","_kad_post_content_style":"","_kad_post_vertical_padding":"","_kad_post_feature":"","_kad_post_feature_position":"","_kad_post_header":false,"_kad_post_footer":false,"_kad_post_classname":""},"product_brand":[],"product_cat":[4154,4266],"product_tag":[],"class_list":{"0":"post-122768","1":"product","2":"type-product","3":"status-publish","4":"has-post-thumbnail","6":"product_cat-herramientas-y-accesorios-del-automovil","7":"product_cat-sets-de-herramientas","8":"pa_alto-27-cm","9":"pa_ancho-11-cm","10":"pa_color-natural","11":"pa_color-simple-natural","12":"pa_largo-22-cm","13":"pa_marca-stac","14":"pa_material-madera-de-bambu-polipropileno-reciclado-acero-al-carbono","15":"pa_peso-585-gr","17":"first","18":"instock","19":"taxable","20":"shipping-taxable","21":"purchasable","22":"product-type-variable","23":"entry","24":"content-bg","25":"loop-entry"},"yoast_head":"<!-- This site is optimized with the Yoast SEO plugin v26.3 - https:\/\/yoast.com\/wordpress\/plugins\/seo\/ -->\n<title>Merchandising Set de herramientas de bamb\u00fa\/pl\u00e1stico reciclado de 19 piezas para personalizar con logo - ADL<\/title>\n<meta name=\"description\" content=\"Art\u00edculo de merchandising Set de herramientas de bamb\u00fa\/pl\u00e1stico reciclado de 19 piezas &quot;Rivet&quot;. Disfruta de la combinaci\u00f3n perfecta de sostenibilidad y funcionalidad con el set de herramientas &quot;Rivet&quot;. Esta caja de herramientas de cuidadoso dise\u00f1o no solo es visualmente atractiva, sino que tambi\u00e9n es respetuosa con el medio ambiente, sin poner en entredicho la calidad ni el rendimiento. La resistencia y durabilidad naturales del bamb\u00fa garantizan la protecci\u00f3n de tus herramientas durante a\u00f1os. En el interior del malet\u00edn, encontrar\u00e1s un juego de 19 herramientas esenciales fabricadas con acero al carbono y pl\u00e1stico reciclado: 1 mango articulado largo, 4 vasos de alta calidad para diversas aplicaciones, 1 alargadera para zonas de dif\u00edcil acceso, 10 puntas de destornillador de precisi\u00f3n para cualquier tarea y 3 llaves hexagonales para el montaje de muebles. Tanto si eres una persona aficionada al bricolaje como un profesional, estas herramientas est\u00e1n dise\u00f1adas para ofrecer un rendimiento fiable y aguantar un uso riguroso. Dado que el bamb\u00fa es un producto natural, puede haber ligeras variaciones de color y tama\u00f1o en los art\u00edculos, lo que puede afectar al aspecto final. Empaquetado en una caja de regalo &quot;STAC&quot; procedente de fuentes sostenibles.\" \/>\n<meta name=\"robots\" content=\"index, follow, max-snippet:-1, max-image-preview:large, max-video-preview:-1\" \/>\n<link rel=\"canonical\" href=\"https:\/\/adl-regalosempresa.com\/tiendaonline\/articulos\/merchandising\/set-de-herramientas-de-bambu-plastico-reciclado-de-19-piezas-para-personalizar-con-logo\/\" \/>\n<meta property=\"og:locale\" content=\"es_ES\" \/>\n<meta property=\"og:type\" content=\"article\" \/>\n<meta property=\"og:title\" content=\"Merchandising Set de herramientas de bamb\u00fa\/pl\u00e1stico reciclado de 19 piezas para personalizar con logo - ADL\" \/>\n<meta property=\"og:description\" content=\"Art\u00edculo de merchandising Set de herramientas de bamb\u00fa\/pl\u00e1stico reciclado de 19 piezas &quot;Rivet&quot;. Disfruta de la combinaci\u00f3n perfecta de sostenibilidad y funcionalidad con el set de herramientas &quot;Rivet&quot;. Esta caja de herramientas de cuidadoso dise\u00f1o no solo es visualmente atractiva, sino que tambi\u00e9n es respetuosa con el medio ambiente, sin poner en entredicho la calidad ni el rendimiento. La resistencia y durabilidad naturales del bamb\u00fa garantizan la protecci\u00f3n de tus herramientas durante a\u00f1os. En el interior del malet\u00edn, encontrar\u00e1s un juego de 19 herramientas esenciales fabricadas con acero al carbono y pl\u00e1stico reciclado: 1 mango articulado largo, 4 vasos de alta calidad para diversas aplicaciones, 1 alargadera para zonas de dif\u00edcil acceso, 10 puntas de destornillador de precisi\u00f3n para cualquier tarea y 3 llaves hexagonales para el montaje de muebles. Tanto si eres una persona aficionada al bricolaje como un profesional, estas herramientas est\u00e1n dise\u00f1adas para ofrecer un rendimiento fiable y aguantar un uso riguroso. Dado que el bamb\u00fa es un producto natural, puede haber ligeras variaciones de color y tama\u00f1o en los art\u00edculos, lo que puede afectar al aspecto final. Empaquetado en una caja de regalo &quot;STAC&quot; procedente de fuentes sostenibles.\" \/>\n<meta property=\"og:url\" content=\"https:\/\/adl-regalosempresa.com\/tiendaonline\/articulos\/merchandising\/set-de-herramientas-de-bambu-plastico-reciclado-de-19-piezas-para-personalizar-con-logo\/\" \/>\n<meta property=\"og:site_name\" content=\"ADL Comunicaci\u00f3n\" \/>\n<meta property=\"article:modified_time\" content=\"2026-04-18T07:48:13+00:00\" \/>\n<meta property=\"og:image\" content=\"https:\/\/adl-regalosempresa.com\/tiendaonline\/wp-content\/uploads\/2024\/01\/10457806.jpg\" \/>\n\t<meta property=\"og:image:width\" content=\"1600\" \/>\n\t<meta property=\"og:image:height\" content=\"1600\" \/>\n\t<meta property=\"og:image:type\" content=\"image\/jpeg\" \/>\n<meta name=\"twitter:card\" content=\"summary_large_image\" \/>\n<meta name=\"twitter:title\" content=\"Merchandising Set de herramientas de bamb\u00fa\/pl\u00e1stico reciclado de 19 piezas para personalizar con logo - ADL\" \/>\n<meta name=\"twitter:label1\" content=\"Tiempo de lectura\" \/>\n\t<meta name=\"twitter:data1\" content=\"1 minuto\" \/>\n<script type=\"application\/ld+json\" class=\"yoast-schema-graph\">{\"@context\":\"https:\/\/schema.org\",\"@graph\":[{\"@type\":\"WebPage\",\"@id\":\"https:\/\/adl-regalosempresa.com\/tiendaonline\/articulos\/merchandising\/set-de-herramientas-de-bambu-plastico-reciclado-de-19-piezas-para-personalizar-con-logo\/\",\"url\":\"https:\/\/adl-regalosempresa.com\/tiendaonline\/articulos\/merchandising\/set-de-herramientas-de-bambu-plastico-reciclado-de-19-piezas-para-personalizar-con-logo\/\",\"name\":\"Merchandising Set de herramientas de bamb\u00fa\/pl\u00e1stico reciclado de 19 piezas para personalizar con logo - ADL\",\"isPartOf\":{\"@id\":\"https:\/\/adl-regalosempresa.com\/tiendaonline\/#website\"},\"primaryImageOfPage\":{\"@id\":\"https:\/\/adl-regalosempresa.com\/tiendaonline\/articulos\/merchandising\/set-de-herramientas-de-bambu-plastico-reciclado-de-19-piezas-para-personalizar-con-logo\/#primaryimage\"},\"image\":{\"@id\":\"https:\/\/adl-regalosempresa.com\/tiendaonline\/articulos\/merchandising\/set-de-herramientas-de-bambu-plastico-reciclado-de-19-piezas-para-personalizar-con-logo\/#primaryimage\"},\"thumbnailUrl\":\"https:\/\/adl-regalosempresa.com\/tiendaonline\/wp-content\/uploads\/2024\/01\/10457806.jpg\",\"datePublished\":\"2026-04-10T04:15:33+00:00\",\"dateModified\":\"2026-04-18T07:48:13+00:00\",\"description\":\"Art\u00edculo de merchandising Set de herramientas de bamb\u00fa\/pl\u00e1stico reciclado de 19 piezas \\\"Rivet\\\". Disfruta de la combinaci\u00f3n perfecta de sostenibilidad y funcionalidad con el set de herramientas \\\"Rivet\\\". Esta caja de herramientas de cuidadoso dise\u00f1o no solo es visualmente atractiva, sino que tambi\u00e9n es respetuosa con el medio ambiente, sin poner en entredicho la calidad ni el rendimiento. La resistencia y durabilidad naturales del bamb\u00fa garantizan la protecci\u00f3n de tus herramientas durante a\u00f1os. En el interior del malet\u00edn, encontrar\u00e1s un juego de 19 herramientas esenciales fabricadas con acero al carbono y pl\u00e1stico reciclado: 1 mango articulado largo, 4 vasos de alta calidad para diversas aplicaciones, 1 alargadera para zonas de dif\u00edcil acceso, 10 puntas de destornillador de precisi\u00f3n para cualquier tarea y 3 llaves hexagonales para el montaje de muebles. Tanto si eres una persona aficionada al bricolaje como un profesional, estas herramientas est\u00e1n dise\u00f1adas para ofrecer un rendimiento fiable y aguantar un uso riguroso. Dado que el bamb\u00fa es un producto natural, puede haber ligeras variaciones de color y tama\u00f1o en los art\u00edculos, lo que puede afectar al aspecto final. Empaquetado en una caja de regalo \\\"STAC\\\" procedente de fuentes sostenibles.\",\"breadcrumb\":{\"@id\":\"https:\/\/adl-regalosempresa.com\/tiendaonline\/articulos\/merchandising\/set-de-herramientas-de-bambu-plastico-reciclado-de-19-piezas-para-personalizar-con-logo\/#breadcrumb\"},\"inLanguage\":\"es\",\"potentialAction\":[{\"@type\":\"ReadAction\",\"target\":[\"https:\/\/adl-regalosempresa.com\/tiendaonline\/articulos\/merchandising\/set-de-herramientas-de-bambu-plastico-reciclado-de-19-piezas-para-personalizar-con-logo\/\"]}]},{\"@type\":\"ImageObject\",\"inLanguage\":\"es\",\"@id\":\"https:\/\/adl-regalosempresa.com\/tiendaonline\/articulos\/merchandising\/set-de-herramientas-de-bambu-plastico-reciclado-de-19-piezas-para-personalizar-con-logo\/#primaryimage\",\"url\":\"https:\/\/adl-regalosempresa.com\/tiendaonline\/wp-content\/uploads\/2024\/01\/10457806.jpg\",\"contentUrl\":\"https:\/\/adl-regalosempresa.com\/tiendaonline\/wp-content\/uploads\/2024\/01\/10457806.jpg\",\"width\":1600,\"height\":1600,\"caption\":\"Set de herramientas de bamb\u00fa\/pl\u00e1stico reciclado de 19 piezas \\\"Rivet\\\"\"},{\"@type\":\"BreadcrumbList\",\"@id\":\"https:\/\/adl-regalosempresa.com\/tiendaonline\/articulos\/merchandising\/set-de-herramientas-de-bambu-plastico-reciclado-de-19-piezas-para-personalizar-con-logo\/#breadcrumb\",\"itemListElement\":[{\"@type\":\"ListItem\",\"position\":1,\"name\":\"Portada\",\"item\":\"https:\/\/adl-regalosempresa.com\/tiendaonline\/\"},{\"@type\":\"ListItem\",\"position\":2,\"name\":\"Tienda\",\"item\":\"https:\/\/adl-regalosempresa.com\/tiendaonline\/tienda\/\"},{\"@type\":\"ListItem\",\"position\":3,\"name\":\"Set de herramientas de bamb\u00fa\/pl\u00e1stico reciclado de 19 piezas para personalizar con logo\"}]},{\"@type\":\"WebSite\",\"@id\":\"https:\/\/adl-regalosempresa.com\/tiendaonline\/#website\",\"url\":\"https:\/\/adl-regalosempresa.com\/tiendaonline\/\",\"name\":\"ADL Comunicaci\u00f3n\",\"description\":\"Regalos de empresa\",\"publisher\":{\"@id\":\"https:\/\/adl-regalosempresa.com\/tiendaonline\/#organization\"},\"potentialAction\":[{\"@type\":\"SearchAction\",\"target\":{\"@type\":\"EntryPoint\",\"urlTemplate\":\"https:\/\/adl-regalosempresa.com\/tiendaonline\/?s={search_term_string}\"},\"query-input\":{\"@type\":\"PropertyValueSpecification\",\"valueRequired\":true,\"valueName\":\"search_term_string\"}}],\"inLanguage\":\"es\"},{\"@type\":\"Organization\",\"@id\":\"https:\/\/adl-regalosempresa.com\/tiendaonline\/#organization\",\"name\":\"ADL Comunicaci\u00f3n\",\"url\":\"https:\/\/adl-regalosempresa.com\/tiendaonline\/\",\"logo\":{\"@type\":\"ImageObject\",\"inLanguage\":\"es\",\"@id\":\"https:\/\/adl-regalosempresa.com\/tiendaonline\/#\/schema\/logo\/image\/\",\"url\":\"https:\/\/adl-regalosempresa.com\/tiendaonline\/wp-content\/uploads\/2017\/09\/logo-adl-wp.png\",\"contentUrl\":\"https:\/\/adl-regalosempresa.com\/tiendaonline\/wp-content\/uploads\/2017\/09\/logo-adl-wp.png\",\"width\":407,\"height\":185,\"caption\":\"ADL Comunicaci\u00f3n\"},\"image\":{\"@id\":\"https:\/\/adl-regalosempresa.com\/tiendaonline\/#\/schema\/logo\/image\/\"}}]}<\/script>\n<!-- \/ Yoast SEO plugin. -->","yoast_head_json":{"title":"Merchandising Set de herramientas de bamb\u00fa\/pl\u00e1stico reciclado de 19 piezas para personalizar con logo - ADL","description":"Art\u00edculo de merchandising Set de herramientas de bamb\u00fa\/pl\u00e1stico reciclado de 19 piezas \"Rivet\". Disfruta de la combinaci\u00f3n perfecta de sostenibilidad y funcionalidad con el set de herramientas \"Rivet\". Esta caja de herramientas de cuidadoso dise\u00f1o no solo es visualmente atractiva, sino que tambi\u00e9n es respetuosa con el medio ambiente, sin poner en entredicho la calidad ni el rendimiento. La resistencia y durabilidad naturales del bamb\u00fa garantizan la protecci\u00f3n de tus herramientas durante a\u00f1os. En el interior del malet\u00edn, encontrar\u00e1s un juego de 19 herramientas esenciales fabricadas con acero al carbono y pl\u00e1stico reciclado: 1 mango articulado largo, 4 vasos de alta calidad para diversas aplicaciones, 1 alargadera para zonas de dif\u00edcil acceso, 10 puntas de destornillador de precisi\u00f3n para cualquier tarea y 3 llaves hexagonales para el montaje de muebles. Tanto si eres una persona aficionada al bricolaje como un profesional, estas herramientas est\u00e1n dise\u00f1adas para ofrecer un rendimiento fiable y aguantar un uso riguroso. Dado que el bamb\u00fa es un producto natural, puede haber ligeras variaciones de color y tama\u00f1o en los art\u00edculos, lo que puede afectar al aspecto final. Empaquetado en una caja de regalo \"STAC\" procedente de fuentes sostenibles.","robots":{"index":"index","follow":"follow","max-snippet":"max-snippet:-1","max-image-preview":"max-image-preview:large","max-video-preview":"max-video-preview:-1"},"canonical":"https:\/\/adl-regalosempresa.com\/tiendaonline\/articulos\/merchandising\/set-de-herramientas-de-bambu-plastico-reciclado-de-19-piezas-para-personalizar-con-logo\/","og_locale":"es_ES","og_type":"article","og_title":"Merchandising Set de herramientas de bamb\u00fa\/pl\u00e1stico reciclado de 19 piezas para personalizar con logo - ADL","og_description":"Art\u00edculo de merchandising Set de herramientas de bamb\u00fa\/pl\u00e1stico reciclado de 19 piezas \"Rivet\". Disfruta de la combinaci\u00f3n perfecta de sostenibilidad y funcionalidad con el set de herramientas \"Rivet\". Esta caja de herramientas de cuidadoso dise\u00f1o no solo es visualmente atractiva, sino que tambi\u00e9n es respetuosa con el medio ambiente, sin poner en entredicho la calidad ni el rendimiento. La resistencia y durabilidad naturales del bamb\u00fa garantizan la protecci\u00f3n de tus herramientas durante a\u00f1os. En el interior del malet\u00edn, encontrar\u00e1s un juego de 19 herramientas esenciales fabricadas con acero al carbono y pl\u00e1stico reciclado: 1 mango articulado largo, 4 vasos de alta calidad para diversas aplicaciones, 1 alargadera para zonas de dif\u00edcil acceso, 10 puntas de destornillador de precisi\u00f3n para cualquier tarea y 3 llaves hexagonales para el montaje de muebles. Tanto si eres una persona aficionada al bricolaje como un profesional, estas herramientas est\u00e1n dise\u00f1adas para ofrecer un rendimiento fiable y aguantar un uso riguroso. Dado que el bamb\u00fa es un producto natural, puede haber ligeras variaciones de color y tama\u00f1o en los art\u00edculos, lo que puede afectar al aspecto final. Empaquetado en una caja de regalo \"STAC\" procedente de fuentes sostenibles.","og_url":"https:\/\/adl-regalosempresa.com\/tiendaonline\/articulos\/merchandising\/set-de-herramientas-de-bambu-plastico-reciclado-de-19-piezas-para-personalizar-con-logo\/","og_site_name":"ADL Comunicaci\u00f3n","article_modified_time":"2026-04-18T07:48:13+00:00","og_image":[{"width":1600,"height":1600,"url":"https:\/\/adl-regalosempresa.com\/tiendaonline\/wp-content\/uploads\/2024\/01\/10457806.jpg","type":"image\/jpeg"}],"twitter_card":"summary_large_image","twitter_title":"Merchandising Set de herramientas de bamb\u00fa\/pl\u00e1stico reciclado de 19 piezas para personalizar con logo - ADL","twitter_misc":{"Tiempo de lectura":"1 minuto"},"schema":{"@context":"https:\/\/schema.org","@graph":[{"@type":"WebPage","@id":"https:\/\/adl-regalosempresa.com\/tiendaonline\/articulos\/merchandising\/set-de-herramientas-de-bambu-plastico-reciclado-de-19-piezas-para-personalizar-con-logo\/","url":"https:\/\/adl-regalosempresa.com\/tiendaonline\/articulos\/merchandising\/set-de-herramientas-de-bambu-plastico-reciclado-de-19-piezas-para-personalizar-con-logo\/","name":"Merchandising Set de herramientas de bamb\u00fa\/pl\u00e1stico reciclado de 19 piezas para personalizar con logo - ADL","isPartOf":{"@id":"https:\/\/adl-regalosempresa.com\/tiendaonline\/#website"},"primaryImageOfPage":{"@id":"https:\/\/adl-regalosempresa.com\/tiendaonline\/articulos\/merchandising\/set-de-herramientas-de-bambu-plastico-reciclado-de-19-piezas-para-personalizar-con-logo\/#primaryimage"},"image":{"@id":"https:\/\/adl-regalosempresa.com\/tiendaonline\/articulos\/merchandising\/set-de-herramientas-de-bambu-plastico-reciclado-de-19-piezas-para-personalizar-con-logo\/#primaryimage"},"thumbnailUrl":"https:\/\/adl-regalosempresa.com\/tiendaonline\/wp-content\/uploads\/2024\/01\/10457806.jpg","datePublished":"2026-04-10T04:15:33+00:00","dateModified":"2026-04-18T07:48:13+00:00","description":"Art\u00edculo de merchandising Set de herramientas de bamb\u00fa\/pl\u00e1stico reciclado de 19 piezas \"Rivet\". Disfruta de la combinaci\u00f3n perfecta de sostenibilidad y funcionalidad con el set de herramientas \"Rivet\". Esta caja de herramientas de cuidadoso dise\u00f1o no solo es visualmente atractiva, sino que tambi\u00e9n es respetuosa con el medio ambiente, sin poner en entredicho la calidad ni el rendimiento. La resistencia y durabilidad naturales del bamb\u00fa garantizan la protecci\u00f3n de tus herramientas durante a\u00f1os. En el interior del malet\u00edn, encontrar\u00e1s un juego de 19 herramientas esenciales fabricadas con acero al carbono y pl\u00e1stico reciclado: 1 mango articulado largo, 4 vasos de alta calidad para diversas aplicaciones, 1 alargadera para zonas de dif\u00edcil acceso, 10 puntas de destornillador de precisi\u00f3n para cualquier tarea y 3 llaves hexagonales para el montaje de muebles. Tanto si eres una persona aficionada al bricolaje como un profesional, estas herramientas est\u00e1n dise\u00f1adas para ofrecer un rendimiento fiable y aguantar un uso riguroso. Dado que el bamb\u00fa es un producto natural, puede haber ligeras variaciones de color y tama\u00f1o en los art\u00edculos, lo que puede afectar al aspecto final. Empaquetado en una caja de regalo \"STAC\" procedente de fuentes sostenibles.","breadcrumb":{"@id":"https:\/\/adl-regalosempresa.com\/tiendaonline\/articulos\/merchandising\/set-de-herramientas-de-bambu-plastico-reciclado-de-19-piezas-para-personalizar-con-logo\/#breadcrumb"},"inLanguage":"es","potentialAction":[{"@type":"ReadAction","target":["https:\/\/adl-regalosempresa.com\/tiendaonline\/articulos\/merchandising\/set-de-herramientas-de-bambu-plastico-reciclado-de-19-piezas-para-personalizar-con-logo\/"]}]},{"@type":"ImageObject","inLanguage":"es","@id":"https:\/\/adl-regalosempresa.com\/tiendaonline\/articulos\/merchandising\/set-de-herramientas-de-bambu-plastico-reciclado-de-19-piezas-para-personalizar-con-logo\/#primaryimage","url":"https:\/\/adl-regalosempresa.com\/tiendaonline\/wp-content\/uploads\/2024\/01\/10457806.jpg","contentUrl":"https:\/\/adl-regalosempresa.com\/tiendaonline\/wp-content\/uploads\/2024\/01\/10457806.jpg","width":1600,"height":1600,"caption":"Set de herramientas de bamb\u00fa\/pl\u00e1stico reciclado de 19 piezas \"Rivet\""},{"@type":"BreadcrumbList","@id":"https:\/\/adl-regalosempresa.com\/tiendaonline\/articulos\/merchandising\/set-de-herramientas-de-bambu-plastico-reciclado-de-19-piezas-para-personalizar-con-logo\/#breadcrumb","itemListElement":[{"@type":"ListItem","position":1,"name":"Portada","item":"https:\/\/adl-regalosempresa.com\/tiendaonline\/"},{"@type":"ListItem","position":2,"name":"Tienda","item":"https:\/\/adl-regalosempresa.com\/tiendaonline\/tienda\/"},{"@type":"ListItem","position":3,"name":"Set de herramientas de bamb\u00fa\/pl\u00e1stico reciclado de 19 piezas para personalizar con logo"}]},{"@type":"WebSite","@id":"https:\/\/adl-regalosempresa.com\/tiendaonline\/#website","url":"https:\/\/adl-regalosempresa.com\/tiendaonline\/","name":"ADL Comunicaci\u00f3n","description":"Regalos de empresa","publisher":{"@id":"https:\/\/adl-regalosempresa.com\/tiendaonline\/#organization"},"potentialAction":[{"@type":"SearchAction","target":{"@type":"EntryPoint","urlTemplate":"https:\/\/adl-regalosempresa.com\/tiendaonline\/?s={search_term_string}"},"query-input":{"@type":"PropertyValueSpecification","valueRequired":true,"valueName":"search_term_string"}}],"inLanguage":"es"},{"@type":"Organization","@id":"https:\/\/adl-regalosempresa.com\/tiendaonline\/#organization","name":"ADL Comunicaci\u00f3n","url":"https:\/\/adl-regalosempresa.com\/tiendaonline\/","logo":{"@type":"ImageObject","inLanguage":"es","@id":"https:\/\/adl-regalosempresa.com\/tiendaonline\/#\/schema\/logo\/image\/","url":"https:\/\/adl-regalosempresa.com\/tiendaonline\/wp-content\/uploads\/2017\/09\/logo-adl-wp.png","contentUrl":"https:\/\/adl-regalosempresa.com\/tiendaonline\/wp-content\/uploads\/2017\/09\/logo-adl-wp.png","width":407,"height":185,"caption":"ADL Comunicaci\u00f3n"},"image":{"@id":"https:\/\/adl-regalosempresa.com\/tiendaonline\/#\/schema\/logo\/image\/"}}]}},"_links":{"self":[{"href":"https:\/\/adl-regalosempresa.com\/tiendaonline\/wp-json\/wp\/v2\/product\/122768","targetHints":{"allow":["GET"]}}],"collection":[{"href":"https:\/\/adl-regalosempresa.com\/tiendaonline\/wp-json\/wp\/v2\/product"}],"about":[{"href":"https:\/\/adl-regalosempresa.com\/tiendaonline\/wp-json\/wp\/v2\/types\/product"}],"wp:featuredmedia":[{"embeddable":true,"href":"https:\/\/adl-regalosempresa.com\/tiendaonline\/wp-json\/wp\/v2\/media\/122770"}],"wp:attachment":[{"href":"https:\/\/adl-regalosempresa.com\/tiendaonline\/wp-json\/wp\/v2\/media?parent=122768"}],"wp:term":[{"taxonomy":"product_brand","embeddable":true,"href":"https:\/\/adl-regalosempresa.com\/tiendaonline\/wp-json\/wp\/v2\/product_brand?post=122768"},{"taxonomy":"product_cat","embeddable":true,"href":"https:\/\/adl-regalosempresa.com\/tiendaonline\/wp-json\/wp\/v2\/product_cat?post=122768"},{"taxonomy":"product_tag","embeddable":true,"href":"https:\/\/adl-regalosempresa.com\/tiendaonline\/wp-json\/wp\/v2\/product_tag?post=122768"}],"curies":[{"name":"wp","href":"https:\/\/api.w.org\/{rel}","templated":true}]}}