{"id":122690,"date":"2026-03-31T04:30:43","date_gmt":"2026-03-31T04:30:43","guid":{"rendered":"https:\/\/adl-regalosempresa.com\/tiendaonline\/articulos\/merchandising\/altavoz-bluetooth-de-plastico-reciclado-de-3-w-ipx4-con-certificacion-rcs-para-personalizar-con-logo\/"},"modified":"2026-03-31T04:32:09","modified_gmt":"2026-03-31T04:32:09","slug":"altavoz-bluetooth-de-plastico-reciclado-de-3-w-ipx4-con-certificacion-rcs-para-personalizar-con-logo","status":"publish","type":"product","link":"https:\/\/adl-regalosempresa.com\/tiendaonline\/articulos\/merchandising\/altavoz-bluetooth-de-plastico-reciclado-de-3-w-ipx4-con-certificacion-rcs-para-personalizar-con-logo\/","title":{"rendered":"Altavoz Bluetooth\u00ae de pl\u00e1stico reciclado de 3\u00a0W IPX4 con certificaci\u00f3n RCS  para personalizar con logo"},"content":{"rendered":"<p>Altavoz Bluetooth\u00ae de pl\u00e1stico reciclado con certificaci\u00f3n RCS de 3\u00a0W para reproducir m\u00fasica, p\u00f3dcasts u otros contenidos desde cualquier dispositivo con Bluetooth\u00ae, por lo que resulta el compa\u00f1ero ideal para cualquier ocasi\u00f3n. Gracias a su mosquet\u00f3n, el altavoz se puede sujetar f\u00e1cilmente a una mochila, y la clasificaci\u00f3n IPX4 lo protege contra la lluvia ocasional. Disfruta de hasta 1,5\u00a0horas de m\u00fasica a m\u00e1ximo volumen gracias a su bater\u00eda de iones de litio de 300\u00a0mAh. El tiempo de carga es de 1,5 horas. Bluetooth\u00ae 5.0 con un rango de alcance de aproximadamente 10\u00a0metros. Se entrega con un manual de usuario, un mosquet\u00f3n y un cable de carga USB de tipo A-C de 50 cm, y empaquetado en una caja de papel kraft 100\u00a0% reciclado.<\/p>\n","protected":false},"excerpt":{"rendered":"<p><strong>Descuentos por cantidades<\/strong><br \/>&#8211; a partir de 100 unidades: 12,02 \u20ac\/ud<br \/>&#8211; a partir de 250 unidades: 12,02 \u20ac\/ud<br \/>&#8211; a partir de 1000 unidades: 11,78 \u20ac\/ud<\/p>\n<p>Para cantidades superiores a las aqu\u00ed indicadas, no dudes en ponerte en contacto con nuestro departamento comercial o <a href='https:\/\/adl-regalosempresa.com\/tiendaonline\/solicitud-presupuesto\/'>pedirnos presupuesto personalizado<\/a>, ajustaremos el presupuesto a tus necesidades.<\/p>\n","protected":false},"featured_media":122692,"template":"","meta":{"_kad_post_transparent":"","_kad_post_title":"","_kad_post_layout":"","_kad_post_sidebar_id":"","_kad_post_content_style":"","_kad_post_vertical_padding":"","_kad_post_feature":"","_kad_post_feature_position":"","_kad_post_header":false,"_kad_post_footer":false,"_kad_post_classname":""},"product_brand":[],"product_cat":[8021,486],"product_tag":[],"class_list":{"0":"post-122690","1":"product","2":"type-product","3":"status-publish","4":"has-post-thumbnail","6":"product_cat-altavoces","7":"product_cat-tecnologia","8":"pa_alto-27-cm","9":"pa_ancho-5-cm","10":"pa_color-negro-intenso","11":"pa_color-simple-negro-intenso","12":"pa_largo-12-cm","13":"pa_marca-unbranded","14":"pa_material-plastico-abs-reciclado","15":"pa_peso-117-gr","17":"first","18":"instock","19":"taxable","20":"shipping-taxable","21":"purchasable","22":"product-type-variable","23":"entry","24":"content-bg","25":"loop-entry"},"yoast_head":"<!-- This site is optimized with the Yoast SEO plugin v26.3 - https:\/\/yoast.com\/wordpress\/plugins\/seo\/ -->\n<title>Merchandising Altavoz Bluetooth\u00ae de pl\u00e1stico reciclado de 3\u00a0W IPX4 con certificaci\u00f3n RCS para personalizar con logo - ADL<\/title>\n<meta name=\"description\" content=\"Art\u00edculo de merchandising Altavoz Bluetooth\u00ae de pl\u00e1stico reciclado de 3\u00a0W IPX4 con certificaci\u00f3n RCS &quot;Omni&quot;. Altavoz Bluetooth\u00ae de pl\u00e1stico reciclado con certificaci\u00f3n RCS de 3\u00a0W para reproducir m\u00fasica, p\u00f3dcasts u otros contenidos desde cualquier dispositivo con Bluetooth\u00ae, por lo que resulta el compa\u00f1ero ideal para cualquier ocasi\u00f3n. Gracias a su mosquet\u00f3n, el altavoz se puede sujetar f\u00e1cilmente a una mochila, y la clasificaci\u00f3n IPX4 lo protege contra la lluvia ocasional. Disfruta de hasta 1,5\u00a0horas de m\u00fasica a m\u00e1ximo volumen gracias a su bater\u00eda de iones de litio de 300\u00a0mAh. El tiempo de carga es de 1,5 horas. Bluetooth\u00ae 5.0 con un rango de alcance de aproximadamente 10\u00a0metros. Se entrega con un manual de usuario, un mosquet\u00f3n y un cable de carga USB de tipo A-C de 50 cm, y empaquetado en una caja de papel kraft 100\u00a0% reciclado.\" \/>\n<meta name=\"robots\" content=\"index, follow, max-snippet:-1, max-image-preview:large, max-video-preview:-1\" \/>\n<link rel=\"canonical\" href=\"https:\/\/adl-regalosempresa.com\/tiendaonline\/articulos\/merchandising\/altavoz-bluetooth-de-plastico-reciclado-de-3-w-ipx4-con-certificacion-rcs-para-personalizar-con-logo\/\" \/>\n<meta property=\"og:locale\" content=\"es_ES\" \/>\n<meta property=\"og:type\" content=\"article\" \/>\n<meta property=\"og:title\" content=\"Merchandising Altavoz Bluetooth\u00ae de pl\u00e1stico reciclado de 3\u00a0W IPX4 con certificaci\u00f3n RCS para personalizar con logo - ADL\" \/>\n<meta property=\"og:description\" content=\"Art\u00edculo de merchandising Altavoz Bluetooth\u00ae de pl\u00e1stico reciclado de 3\u00a0W IPX4 con certificaci\u00f3n RCS &quot;Omni&quot;. Altavoz Bluetooth\u00ae de pl\u00e1stico reciclado con certificaci\u00f3n RCS de 3\u00a0W para reproducir m\u00fasica, p\u00f3dcasts u otros contenidos desde cualquier dispositivo con Bluetooth\u00ae, por lo que resulta el compa\u00f1ero ideal para cualquier ocasi\u00f3n. Gracias a su mosquet\u00f3n, el altavoz se puede sujetar f\u00e1cilmente a una mochila, y la clasificaci\u00f3n IPX4 lo protege contra la lluvia ocasional. Disfruta de hasta 1,5\u00a0horas de m\u00fasica a m\u00e1ximo volumen gracias a su bater\u00eda de iones de litio de 300\u00a0mAh. El tiempo de carga es de 1,5 horas. Bluetooth\u00ae 5.0 con un rango de alcance de aproximadamente 10\u00a0metros. Se entrega con un manual de usuario, un mosquet\u00f3n y un cable de carga USB de tipo A-C de 50 cm, y empaquetado en una caja de papel kraft 100\u00a0% reciclado.\" \/>\n<meta property=\"og:url\" content=\"https:\/\/adl-regalosempresa.com\/tiendaonline\/articulos\/merchandising\/altavoz-bluetooth-de-plastico-reciclado-de-3-w-ipx4-con-certificacion-rcs-para-personalizar-con-logo\/\" \/>\n<meta property=\"og:site_name\" content=\"ADL Comunicaci\u00f3n\" \/>\n<meta property=\"article:modified_time\" content=\"2026-03-31T04:32:09+00:00\" \/>\n<meta property=\"og:image\" content=\"https:\/\/adl-regalosempresa.com\/tiendaonline\/wp-content\/uploads\/2024\/01\/12433390.jpg\" \/>\n\t<meta property=\"og:image:width\" content=\"1600\" \/>\n\t<meta property=\"og:image:height\" content=\"1600\" \/>\n\t<meta property=\"og:image:type\" content=\"image\/jpeg\" \/>\n<meta name=\"twitter:card\" content=\"summary_large_image\" \/>\n<meta name=\"twitter:title\" content=\"Merchandising Altavoz Bluetooth\u00ae de pl\u00e1stico reciclado de 3\u00a0W IPX4 con certificaci\u00f3n RCS para personalizar con logo - ADL\" \/>\n<meta name=\"twitter:label1\" content=\"Tiempo de lectura\" \/>\n\t<meta name=\"twitter:data1\" content=\"1 minuto\" \/>\n<script type=\"application\/ld+json\" class=\"yoast-schema-graph\">{\"@context\":\"https:\/\/schema.org\",\"@graph\":[{\"@type\":\"WebPage\",\"@id\":\"https:\/\/adl-regalosempresa.com\/tiendaonline\/articulos\/merchandising\/altavoz-bluetooth-de-plastico-reciclado-de-3-w-ipx4-con-certificacion-rcs-para-personalizar-con-logo\/\",\"url\":\"https:\/\/adl-regalosempresa.com\/tiendaonline\/articulos\/merchandising\/altavoz-bluetooth-de-plastico-reciclado-de-3-w-ipx4-con-certificacion-rcs-para-personalizar-con-logo\/\",\"name\":\"Merchandising Altavoz Bluetooth\u00ae de pl\u00e1stico reciclado de 3\u00a0W IPX4 con certificaci\u00f3n RCS para personalizar con logo - ADL\",\"isPartOf\":{\"@id\":\"https:\/\/adl-regalosempresa.com\/tiendaonline\/#website\"},\"primaryImageOfPage\":{\"@id\":\"https:\/\/adl-regalosempresa.com\/tiendaonline\/articulos\/merchandising\/altavoz-bluetooth-de-plastico-reciclado-de-3-w-ipx4-con-certificacion-rcs-para-personalizar-con-logo\/#primaryimage\"},\"image\":{\"@id\":\"https:\/\/adl-regalosempresa.com\/tiendaonline\/articulos\/merchandising\/altavoz-bluetooth-de-plastico-reciclado-de-3-w-ipx4-con-certificacion-rcs-para-personalizar-con-logo\/#primaryimage\"},\"thumbnailUrl\":\"https:\/\/adl-regalosempresa.com\/tiendaonline\/wp-content\/uploads\/2024\/01\/12433390.jpg\",\"datePublished\":\"2026-03-31T04:30:43+00:00\",\"dateModified\":\"2026-03-31T04:32:09+00:00\",\"description\":\"Art\u00edculo de merchandising Altavoz Bluetooth\u00ae de pl\u00e1stico reciclado de 3\u00a0W IPX4 con certificaci\u00f3n RCS \\\"Omni\\\". Altavoz Bluetooth\u00ae de pl\u00e1stico reciclado con certificaci\u00f3n RCS de 3\u00a0W para reproducir m\u00fasica, p\u00f3dcasts u otros contenidos desde cualquier dispositivo con Bluetooth\u00ae, por lo que resulta el compa\u00f1ero ideal para cualquier ocasi\u00f3n. Gracias a su mosquet\u00f3n, el altavoz se puede sujetar f\u00e1cilmente a una mochila, y la clasificaci\u00f3n IPX4 lo protege contra la lluvia ocasional. Disfruta de hasta 1,5\u00a0horas de m\u00fasica a m\u00e1ximo volumen gracias a su bater\u00eda de iones de litio de 300\u00a0mAh. El tiempo de carga es de 1,5 horas. Bluetooth\u00ae 5.0 con un rango de alcance de aproximadamente 10\u00a0metros. Se entrega con un manual de usuario, un mosquet\u00f3n y un cable de carga USB de tipo A-C de 50 cm, y empaquetado en una caja de papel kraft 100\u00a0% reciclado.\",\"breadcrumb\":{\"@id\":\"https:\/\/adl-regalosempresa.com\/tiendaonline\/articulos\/merchandising\/altavoz-bluetooth-de-plastico-reciclado-de-3-w-ipx4-con-certificacion-rcs-para-personalizar-con-logo\/#breadcrumb\"},\"inLanguage\":\"es\",\"potentialAction\":[{\"@type\":\"ReadAction\",\"target\":[\"https:\/\/adl-regalosempresa.com\/tiendaonline\/articulos\/merchandising\/altavoz-bluetooth-de-plastico-reciclado-de-3-w-ipx4-con-certificacion-rcs-para-personalizar-con-logo\/\"]}]},{\"@type\":\"ImageObject\",\"inLanguage\":\"es\",\"@id\":\"https:\/\/adl-regalosempresa.com\/tiendaonline\/articulos\/merchandising\/altavoz-bluetooth-de-plastico-reciclado-de-3-w-ipx4-con-certificacion-rcs-para-personalizar-con-logo\/#primaryimage\",\"url\":\"https:\/\/adl-regalosempresa.com\/tiendaonline\/wp-content\/uploads\/2024\/01\/12433390.jpg\",\"contentUrl\":\"https:\/\/adl-regalosempresa.com\/tiendaonline\/wp-content\/uploads\/2024\/01\/12433390.jpg\",\"width\":1600,\"height\":1600,\"caption\":\"Altavoz Bluetooth\u00ae de pl\u00e1stico reciclado de 3\u00a0W IPX4 con certificaci\u00f3n RCS \\\"Omni\\\"\"},{\"@type\":\"BreadcrumbList\",\"@id\":\"https:\/\/adl-regalosempresa.com\/tiendaonline\/articulos\/merchandising\/altavoz-bluetooth-de-plastico-reciclado-de-3-w-ipx4-con-certificacion-rcs-para-personalizar-con-logo\/#breadcrumb\",\"itemListElement\":[{\"@type\":\"ListItem\",\"position\":1,\"name\":\"Portada\",\"item\":\"https:\/\/adl-regalosempresa.com\/tiendaonline\/\"},{\"@type\":\"ListItem\",\"position\":2,\"name\":\"Tienda\",\"item\":\"https:\/\/adl-regalosempresa.com\/tiendaonline\/tienda\/\"},{\"@type\":\"ListItem\",\"position\":3,\"name\":\"Altavoz Bluetooth\u00ae de pl\u00e1stico reciclado de 3\u00a0W IPX4 con certificaci\u00f3n RCS para personalizar con logo\"}]},{\"@type\":\"WebSite\",\"@id\":\"https:\/\/adl-regalosempresa.com\/tiendaonline\/#website\",\"url\":\"https:\/\/adl-regalosempresa.com\/tiendaonline\/\",\"name\":\"ADL Comunicaci\u00f3n\",\"description\":\"Regalos de empresa\",\"publisher\":{\"@id\":\"https:\/\/adl-regalosempresa.com\/tiendaonline\/#organization\"},\"potentialAction\":[{\"@type\":\"SearchAction\",\"target\":{\"@type\":\"EntryPoint\",\"urlTemplate\":\"https:\/\/adl-regalosempresa.com\/tiendaonline\/?s={search_term_string}\"},\"query-input\":{\"@type\":\"PropertyValueSpecification\",\"valueRequired\":true,\"valueName\":\"search_term_string\"}}],\"inLanguage\":\"es\"},{\"@type\":\"Organization\",\"@id\":\"https:\/\/adl-regalosempresa.com\/tiendaonline\/#organization\",\"name\":\"ADL Comunicaci\u00f3n\",\"url\":\"https:\/\/adl-regalosempresa.com\/tiendaonline\/\",\"logo\":{\"@type\":\"ImageObject\",\"inLanguage\":\"es\",\"@id\":\"https:\/\/adl-regalosempresa.com\/tiendaonline\/#\/schema\/logo\/image\/\",\"url\":\"https:\/\/adl-regalosempresa.com\/tiendaonline\/wp-content\/uploads\/2017\/09\/logo-adl-wp.png\",\"contentUrl\":\"https:\/\/adl-regalosempresa.com\/tiendaonline\/wp-content\/uploads\/2017\/09\/logo-adl-wp.png\",\"width\":407,\"height\":185,\"caption\":\"ADL Comunicaci\u00f3n\"},\"image\":{\"@id\":\"https:\/\/adl-regalosempresa.com\/tiendaonline\/#\/schema\/logo\/image\/\"}}]}<\/script>\n<!-- \/ Yoast SEO plugin. -->","yoast_head_json":{"title":"Merchandising Altavoz Bluetooth\u00ae de pl\u00e1stico reciclado de 3\u00a0W IPX4 con certificaci\u00f3n RCS para personalizar con logo - ADL","description":"Art\u00edculo de merchandising Altavoz Bluetooth\u00ae de pl\u00e1stico reciclado de 3\u00a0W IPX4 con certificaci\u00f3n RCS \"Omni\". Altavoz Bluetooth\u00ae de pl\u00e1stico reciclado con certificaci\u00f3n RCS de 3\u00a0W para reproducir m\u00fasica, p\u00f3dcasts u otros contenidos desde cualquier dispositivo con Bluetooth\u00ae, por lo que resulta el compa\u00f1ero ideal para cualquier ocasi\u00f3n. Gracias a su mosquet\u00f3n, el altavoz se puede sujetar f\u00e1cilmente a una mochila, y la clasificaci\u00f3n IPX4 lo protege contra la lluvia ocasional. Disfruta de hasta 1,5\u00a0horas de m\u00fasica a m\u00e1ximo volumen gracias a su bater\u00eda de iones de litio de 300\u00a0mAh. El tiempo de carga es de 1,5 horas. Bluetooth\u00ae 5.0 con un rango de alcance de aproximadamente 10\u00a0metros. Se entrega con un manual de usuario, un mosquet\u00f3n y un cable de carga USB de tipo A-C de 50 cm, y empaquetado en una caja de papel kraft 100\u00a0% reciclado.","robots":{"index":"index","follow":"follow","max-snippet":"max-snippet:-1","max-image-preview":"max-image-preview:large","max-video-preview":"max-video-preview:-1"},"canonical":"https:\/\/adl-regalosempresa.com\/tiendaonline\/articulos\/merchandising\/altavoz-bluetooth-de-plastico-reciclado-de-3-w-ipx4-con-certificacion-rcs-para-personalizar-con-logo\/","og_locale":"es_ES","og_type":"article","og_title":"Merchandising Altavoz Bluetooth\u00ae de pl\u00e1stico reciclado de 3\u00a0W IPX4 con certificaci\u00f3n RCS para personalizar con logo - ADL","og_description":"Art\u00edculo de merchandising Altavoz Bluetooth\u00ae de pl\u00e1stico reciclado de 3\u00a0W IPX4 con certificaci\u00f3n RCS \"Omni\". Altavoz Bluetooth\u00ae de pl\u00e1stico reciclado con certificaci\u00f3n RCS de 3\u00a0W para reproducir m\u00fasica, p\u00f3dcasts u otros contenidos desde cualquier dispositivo con Bluetooth\u00ae, por lo que resulta el compa\u00f1ero ideal para cualquier ocasi\u00f3n. Gracias a su mosquet\u00f3n, el altavoz se puede sujetar f\u00e1cilmente a una mochila, y la clasificaci\u00f3n IPX4 lo protege contra la lluvia ocasional. Disfruta de hasta 1,5\u00a0horas de m\u00fasica a m\u00e1ximo volumen gracias a su bater\u00eda de iones de litio de 300\u00a0mAh. El tiempo de carga es de 1,5 horas. Bluetooth\u00ae 5.0 con un rango de alcance de aproximadamente 10\u00a0metros. Se entrega con un manual de usuario, un mosquet\u00f3n y un cable de carga USB de tipo A-C de 50 cm, y empaquetado en una caja de papel kraft 100\u00a0% reciclado.","og_url":"https:\/\/adl-regalosempresa.com\/tiendaonline\/articulos\/merchandising\/altavoz-bluetooth-de-plastico-reciclado-de-3-w-ipx4-con-certificacion-rcs-para-personalizar-con-logo\/","og_site_name":"ADL Comunicaci\u00f3n","article_modified_time":"2026-03-31T04:32:09+00:00","og_image":[{"width":1600,"height":1600,"url":"https:\/\/adl-regalosempresa.com\/tiendaonline\/wp-content\/uploads\/2024\/01\/12433390.jpg","type":"image\/jpeg"}],"twitter_card":"summary_large_image","twitter_title":"Merchandising Altavoz Bluetooth\u00ae de pl\u00e1stico reciclado de 3\u00a0W IPX4 con certificaci\u00f3n RCS para personalizar con logo - ADL","twitter_misc":{"Tiempo de lectura":"1 minuto"},"schema":{"@context":"https:\/\/schema.org","@graph":[{"@type":"WebPage","@id":"https:\/\/adl-regalosempresa.com\/tiendaonline\/articulos\/merchandising\/altavoz-bluetooth-de-plastico-reciclado-de-3-w-ipx4-con-certificacion-rcs-para-personalizar-con-logo\/","url":"https:\/\/adl-regalosempresa.com\/tiendaonline\/articulos\/merchandising\/altavoz-bluetooth-de-plastico-reciclado-de-3-w-ipx4-con-certificacion-rcs-para-personalizar-con-logo\/","name":"Merchandising Altavoz Bluetooth\u00ae de pl\u00e1stico reciclado de 3\u00a0W IPX4 con certificaci\u00f3n RCS para personalizar con logo - ADL","isPartOf":{"@id":"https:\/\/adl-regalosempresa.com\/tiendaonline\/#website"},"primaryImageOfPage":{"@id":"https:\/\/adl-regalosempresa.com\/tiendaonline\/articulos\/merchandising\/altavoz-bluetooth-de-plastico-reciclado-de-3-w-ipx4-con-certificacion-rcs-para-personalizar-con-logo\/#primaryimage"},"image":{"@id":"https:\/\/adl-regalosempresa.com\/tiendaonline\/articulos\/merchandising\/altavoz-bluetooth-de-plastico-reciclado-de-3-w-ipx4-con-certificacion-rcs-para-personalizar-con-logo\/#primaryimage"},"thumbnailUrl":"https:\/\/adl-regalosempresa.com\/tiendaonline\/wp-content\/uploads\/2024\/01\/12433390.jpg","datePublished":"2026-03-31T04:30:43+00:00","dateModified":"2026-03-31T04:32:09+00:00","description":"Art\u00edculo de merchandising Altavoz Bluetooth\u00ae de pl\u00e1stico reciclado de 3\u00a0W IPX4 con certificaci\u00f3n RCS \"Omni\". Altavoz Bluetooth\u00ae de pl\u00e1stico reciclado con certificaci\u00f3n RCS de 3\u00a0W para reproducir m\u00fasica, p\u00f3dcasts u otros contenidos desde cualquier dispositivo con Bluetooth\u00ae, por lo que resulta el compa\u00f1ero ideal para cualquier ocasi\u00f3n. Gracias a su mosquet\u00f3n, el altavoz se puede sujetar f\u00e1cilmente a una mochila, y la clasificaci\u00f3n IPX4 lo protege contra la lluvia ocasional. Disfruta de hasta 1,5\u00a0horas de m\u00fasica a m\u00e1ximo volumen gracias a su bater\u00eda de iones de litio de 300\u00a0mAh. El tiempo de carga es de 1,5 horas. Bluetooth\u00ae 5.0 con un rango de alcance de aproximadamente 10\u00a0metros. Se entrega con un manual de usuario, un mosquet\u00f3n y un cable de carga USB de tipo A-C de 50 cm, y empaquetado en una caja de papel kraft 100\u00a0% reciclado.","breadcrumb":{"@id":"https:\/\/adl-regalosempresa.com\/tiendaonline\/articulos\/merchandising\/altavoz-bluetooth-de-plastico-reciclado-de-3-w-ipx4-con-certificacion-rcs-para-personalizar-con-logo\/#breadcrumb"},"inLanguage":"es","potentialAction":[{"@type":"ReadAction","target":["https:\/\/adl-regalosempresa.com\/tiendaonline\/articulos\/merchandising\/altavoz-bluetooth-de-plastico-reciclado-de-3-w-ipx4-con-certificacion-rcs-para-personalizar-con-logo\/"]}]},{"@type":"ImageObject","inLanguage":"es","@id":"https:\/\/adl-regalosempresa.com\/tiendaonline\/articulos\/merchandising\/altavoz-bluetooth-de-plastico-reciclado-de-3-w-ipx4-con-certificacion-rcs-para-personalizar-con-logo\/#primaryimage","url":"https:\/\/adl-regalosempresa.com\/tiendaonline\/wp-content\/uploads\/2024\/01\/12433390.jpg","contentUrl":"https:\/\/adl-regalosempresa.com\/tiendaonline\/wp-content\/uploads\/2024\/01\/12433390.jpg","width":1600,"height":1600,"caption":"Altavoz Bluetooth\u00ae de pl\u00e1stico reciclado de 3\u00a0W IPX4 con certificaci\u00f3n RCS \"Omni\""},{"@type":"BreadcrumbList","@id":"https:\/\/adl-regalosempresa.com\/tiendaonline\/articulos\/merchandising\/altavoz-bluetooth-de-plastico-reciclado-de-3-w-ipx4-con-certificacion-rcs-para-personalizar-con-logo\/#breadcrumb","itemListElement":[{"@type":"ListItem","position":1,"name":"Portada","item":"https:\/\/adl-regalosempresa.com\/tiendaonline\/"},{"@type":"ListItem","position":2,"name":"Tienda","item":"https:\/\/adl-regalosempresa.com\/tiendaonline\/tienda\/"},{"@type":"ListItem","position":3,"name":"Altavoz Bluetooth\u00ae de pl\u00e1stico reciclado de 3\u00a0W IPX4 con certificaci\u00f3n RCS para personalizar con logo"}]},{"@type":"WebSite","@id":"https:\/\/adl-regalosempresa.com\/tiendaonline\/#website","url":"https:\/\/adl-regalosempresa.com\/tiendaonline\/","name":"ADL Comunicaci\u00f3n","description":"Regalos de empresa","publisher":{"@id":"https:\/\/adl-regalosempresa.com\/tiendaonline\/#organization"},"potentialAction":[{"@type":"SearchAction","target":{"@type":"EntryPoint","urlTemplate":"https:\/\/adl-regalosempresa.com\/tiendaonline\/?s={search_term_string}"},"query-input":{"@type":"PropertyValueSpecification","valueRequired":true,"valueName":"search_term_string"}}],"inLanguage":"es"},{"@type":"Organization","@id":"https:\/\/adl-regalosempresa.com\/tiendaonline\/#organization","name":"ADL Comunicaci\u00f3n","url":"https:\/\/adl-regalosempresa.com\/tiendaonline\/","logo":{"@type":"ImageObject","inLanguage":"es","@id":"https:\/\/adl-regalosempresa.com\/tiendaonline\/#\/schema\/logo\/image\/","url":"https:\/\/adl-regalosempresa.com\/tiendaonline\/wp-content\/uploads\/2017\/09\/logo-adl-wp.png","contentUrl":"https:\/\/adl-regalosempresa.com\/tiendaonline\/wp-content\/uploads\/2017\/09\/logo-adl-wp.png","width":407,"height":185,"caption":"ADL Comunicaci\u00f3n"},"image":{"@id":"https:\/\/adl-regalosempresa.com\/tiendaonline\/#\/schema\/logo\/image\/"}}]}},"_links":{"self":[{"href":"https:\/\/adl-regalosempresa.com\/tiendaonline\/wp-json\/wp\/v2\/product\/122690","targetHints":{"allow":["GET"]}}],"collection":[{"href":"https:\/\/adl-regalosempresa.com\/tiendaonline\/wp-json\/wp\/v2\/product"}],"about":[{"href":"https:\/\/adl-regalosempresa.com\/tiendaonline\/wp-json\/wp\/v2\/types\/product"}],"wp:featuredmedia":[{"embeddable":true,"href":"https:\/\/adl-regalosempresa.com\/tiendaonline\/wp-json\/wp\/v2\/media\/122692"}],"wp:attachment":[{"href":"https:\/\/adl-regalosempresa.com\/tiendaonline\/wp-json\/wp\/v2\/media?parent=122690"}],"wp:term":[{"taxonomy":"product_brand","embeddable":true,"href":"https:\/\/adl-regalosempresa.com\/tiendaonline\/wp-json\/wp\/v2\/product_brand?post=122690"},{"taxonomy":"product_cat","embeddable":true,"href":"https:\/\/adl-regalosempresa.com\/tiendaonline\/wp-json\/wp\/v2\/product_cat?post=122690"},{"taxonomy":"product_tag","embeddable":true,"href":"https:\/\/adl-regalosempresa.com\/tiendaonline\/wp-json\/wp\/v2\/product_tag?post=122690"}],"curies":[{"name":"wp","href":"https:\/\/api.w.org\/{rel}","templated":true}]}}