{"id":122608,"date":"2026-03-31T05:18:05","date_gmt":"2026-03-31T05:18:05","guid":{"rendered":"https:\/\/adl-regalosempresa.com\/tiendaonline\/articulos\/merchandising\/cable-de-carga-5-en-1-para-personalizar-con-logo-3\/"},"modified":"2026-04-16T08:36:10","modified_gmt":"2026-04-16T08:36:10","slug":"cable-de-carga-5-en-1-para-personalizar-con-logo-3","status":"publish","type":"product","link":"https:\/\/adl-regalosempresa.com\/tiendaonline\/articulos\/merchandising\/cable-de-carga-5-en-1-para-personalizar-con-logo-3\/","title":{"rendered":"Cable de carga 5 en 1  para personalizar con logo"},"content":{"rendered":"<p>Cable de carga r\u00e1pida de 2,4\u00a0A (3 x 10 cm) que se puede personalizar con logotipo retroiluminado en ambos lados, que tambi\u00e9n puede ser diferente entre un lado y el otro. Este cable est\u00e1 fabricado \u00edntegramente con materiales m\u00e1s sostenibles: cordones de PET reciclado, bamb\u00fa, fibras de trigo y pl\u00e1stico reciclado. El cable de carga est\u00e1 hecho para ser universal gracias a sus 3 salidas (tipo C, Android y iPhone) y puede cargar hasta tres dispositivos de manera simult\u00e1nea. Gracias a su entrada doble USB y USB-C, es compatible con los cargadores m\u00e1s recientes. Se entrega en una funda de algod\u00f3n (20 x 8 cm), con una tarjeta de papel kraft.<\/p>\n","protected":false},"excerpt":{"rendered":"<p><strong>Descuentos por cantidades<\/strong><br \/>&#8211; a partir de 100 unidades: 22,2 \u20ac\/ud<br \/>&#8211; a partir de 250 unidades: 20,98 \u20ac\/ud<br \/>&#8211; a partir de 500 unidades: 20,09 \u20ac\/ud<\/p>\n<p>Para cantidades superiores a las aqu\u00ed indicadas, no dudes en ponerte en contacto con nuestro departamento comercial o <a href='https:\/\/adl-regalosempresa.com\/tiendaonline\/solicitud-presupuesto\/'>pedirnos presupuesto personalizado<\/a>, ajustaremos el presupuesto a tus necesidades.<\/p>\n","protected":false},"featured_media":122610,"template":"","meta":{"_kad_post_transparent":"","_kad_post_title":"","_kad_post_layout":"","_kad_post_sidebar_id":"","_kad_post_content_style":"","_kad_post_vertical_padding":"","_kad_post_feature":"","_kad_post_feature_position":"","_kad_post_header":false,"_kad_post_footer":false,"_kad_post_classname":""},"product_brand":[],"product_cat":[5101,486],"product_tag":[],"class_list":{"0":"post-122608","1":"product","2":"type-product","3":"status-publish","4":"has-post-thumbnail","6":"product_cat-cables","7":"product_cat-tecnologia","8":"pa_alto-2-cm","9":"pa_ancho-8-cm","10":"pa_color-marron-claro","11":"pa_color-simple-marron","12":"pa_largo-20-cm","13":"pa_marca-scx-design","14":"pa_material-plastico-pet-reciclado-madera-de-bambu","15":"pa_peso-35-gr","17":"first","18":"instock","19":"taxable","20":"shipping-taxable","21":"purchasable","22":"product-type-variable","23":"entry","24":"content-bg","25":"loop-entry"},"yoast_head":"<!-- This site is optimized with the Yoast SEO plugin v26.3 - https:\/\/yoast.com\/wordpress\/plugins\/seo\/ -->\n<title>Merchandising Cable de carga 5 en 1 para personalizar con logo - ADL<\/title>\n<meta name=\"description\" content=\"Art\u00edculo de merchandising Cable de carga 5 en 1 &quot;SCX.design C49&quot;. Cable de carga r\u00e1pida de 2,4\u00a0A (3 x 10 cm) que se puede personalizar con logotipo retroiluminado en ambos lados, que tambi\u00e9n puede ser diferente entre un lado y el otro. Este cable est\u00e1 fabricado \u00edntegramente con materiales m\u00e1s sostenibles: cordones de PET reciclado, bamb\u00fa, fibras de trigo y pl\u00e1stico reciclado. El cable de carga est\u00e1 hecho para ser universal gracias a sus 3 salidas (tipo C, Android y iPhone) y puede cargar hasta tres dispositivos de manera simult\u00e1nea. Gracias a su entrada doble USB y USB-C, es compatible con los cargadores m\u00e1s recientes. Se entrega en una funda de algod\u00f3n (20 x 8 cm), con una tarjeta de papel kraft.\" \/>\n<meta name=\"robots\" content=\"index, follow, max-snippet:-1, max-image-preview:large, max-video-preview:-1\" \/>\n<link rel=\"canonical\" href=\"https:\/\/adl-regalosempresa.com\/tiendaonline\/articulos\/merchandising\/cable-de-carga-5-en-1-para-personalizar-con-logo-3\/\" \/>\n<meta property=\"og:locale\" content=\"es_ES\" \/>\n<meta property=\"og:type\" content=\"article\" \/>\n<meta property=\"og:title\" content=\"Merchandising Cable de carga 5 en 1 para personalizar con logo - ADL\" \/>\n<meta property=\"og:description\" content=\"Art\u00edculo de merchandising Cable de carga 5 en 1 &quot;SCX.design C49&quot;. Cable de carga r\u00e1pida de 2,4\u00a0A (3 x 10 cm) que se puede personalizar con logotipo retroiluminado en ambos lados, que tambi\u00e9n puede ser diferente entre un lado y el otro. Este cable est\u00e1 fabricado \u00edntegramente con materiales m\u00e1s sostenibles: cordones de PET reciclado, bamb\u00fa, fibras de trigo y pl\u00e1stico reciclado. El cable de carga est\u00e1 hecho para ser universal gracias a sus 3 salidas (tipo C, Android y iPhone) y puede cargar hasta tres dispositivos de manera simult\u00e1nea. Gracias a su entrada doble USB y USB-C, es compatible con los cargadores m\u00e1s recientes. Se entrega en una funda de algod\u00f3n (20 x 8 cm), con una tarjeta de papel kraft.\" \/>\n<meta property=\"og:url\" content=\"https:\/\/adl-regalosempresa.com\/tiendaonline\/articulos\/merchandising\/cable-de-carga-5-en-1-para-personalizar-con-logo-3\/\" \/>\n<meta property=\"og:site_name\" content=\"ADL Comunicaci\u00f3n\" \/>\n<meta property=\"article:modified_time\" content=\"2026-04-16T08:36:10+00:00\" \/>\n<meta property=\"og:image\" content=\"https:\/\/adl-regalosempresa.com\/tiendaonline\/wp-content\/uploads\/2023\/12\/2PX12670.jpg\" \/>\n\t<meta property=\"og:image:width\" content=\"1600\" \/>\n\t<meta property=\"og:image:height\" content=\"1600\" \/>\n\t<meta property=\"og:image:type\" content=\"image\/jpeg\" \/>\n<meta name=\"twitter:card\" content=\"summary_large_image\" \/>\n<meta name=\"twitter:title\" content=\"Merchandising Cable de carga 5 en 1 para personalizar con logo - ADL\" \/>\n<meta name=\"twitter:label1\" content=\"Tiempo de lectura\" \/>\n\t<meta name=\"twitter:data1\" content=\"1 minuto\" \/>\n<script type=\"application\/ld+json\" class=\"yoast-schema-graph\">{\"@context\":\"https:\/\/schema.org\",\"@graph\":[{\"@type\":\"WebPage\",\"@id\":\"https:\/\/adl-regalosempresa.com\/tiendaonline\/articulos\/merchandising\/cable-de-carga-5-en-1-para-personalizar-con-logo-3\/\",\"url\":\"https:\/\/adl-regalosempresa.com\/tiendaonline\/articulos\/merchandising\/cable-de-carga-5-en-1-para-personalizar-con-logo-3\/\",\"name\":\"Merchandising Cable de carga 5 en 1 para personalizar con logo - ADL\",\"isPartOf\":{\"@id\":\"https:\/\/adl-regalosempresa.com\/tiendaonline\/#website\"},\"primaryImageOfPage\":{\"@id\":\"https:\/\/adl-regalosempresa.com\/tiendaonline\/articulos\/merchandising\/cable-de-carga-5-en-1-para-personalizar-con-logo-3\/#primaryimage\"},\"image\":{\"@id\":\"https:\/\/adl-regalosempresa.com\/tiendaonline\/articulos\/merchandising\/cable-de-carga-5-en-1-para-personalizar-con-logo-3\/#primaryimage\"},\"thumbnailUrl\":\"https:\/\/adl-regalosempresa.com\/tiendaonline\/wp-content\/uploads\/2023\/12\/2PX12670.jpg\",\"datePublished\":\"2026-03-31T05:18:05+00:00\",\"dateModified\":\"2026-04-16T08:36:10+00:00\",\"description\":\"Art\u00edculo de merchandising Cable de carga 5 en 1 \\\"SCX.design C49\\\". Cable de carga r\u00e1pida de 2,4\u00a0A (3 x 10 cm) que se puede personalizar con logotipo retroiluminado en ambos lados, que tambi\u00e9n puede ser diferente entre un lado y el otro. Este cable est\u00e1 fabricado \u00edntegramente con materiales m\u00e1s sostenibles: cordones de PET reciclado, bamb\u00fa, fibras de trigo y pl\u00e1stico reciclado. El cable de carga est\u00e1 hecho para ser universal gracias a sus 3 salidas (tipo C, Android y iPhone) y puede cargar hasta tres dispositivos de manera simult\u00e1nea. Gracias a su entrada doble USB y USB-C, es compatible con los cargadores m\u00e1s recientes. Se entrega en una funda de algod\u00f3n (20 x 8 cm), con una tarjeta de papel kraft.\",\"breadcrumb\":{\"@id\":\"https:\/\/adl-regalosempresa.com\/tiendaonline\/articulos\/merchandising\/cable-de-carga-5-en-1-para-personalizar-con-logo-3\/#breadcrumb\"},\"inLanguage\":\"es\",\"potentialAction\":[{\"@type\":\"ReadAction\",\"target\":[\"https:\/\/adl-regalosempresa.com\/tiendaonline\/articulos\/merchandising\/cable-de-carga-5-en-1-para-personalizar-con-logo-3\/\"]}]},{\"@type\":\"ImageObject\",\"inLanguage\":\"es\",\"@id\":\"https:\/\/adl-regalosempresa.com\/tiendaonline\/articulos\/merchandising\/cable-de-carga-5-en-1-para-personalizar-con-logo-3\/#primaryimage\",\"url\":\"https:\/\/adl-regalosempresa.com\/tiendaonline\/wp-content\/uploads\/2023\/12\/2PX12670.jpg\",\"contentUrl\":\"https:\/\/adl-regalosempresa.com\/tiendaonline\/wp-content\/uploads\/2023\/12\/2PX12670.jpg\",\"width\":1600,\"height\":1600,\"caption\":\"Cable de carga 5 en 1 \\\"SCX.design C49\\\"\"},{\"@type\":\"BreadcrumbList\",\"@id\":\"https:\/\/adl-regalosempresa.com\/tiendaonline\/articulos\/merchandising\/cable-de-carga-5-en-1-para-personalizar-con-logo-3\/#breadcrumb\",\"itemListElement\":[{\"@type\":\"ListItem\",\"position\":1,\"name\":\"Portada\",\"item\":\"https:\/\/adl-regalosempresa.com\/tiendaonline\/\"},{\"@type\":\"ListItem\",\"position\":2,\"name\":\"Tienda\",\"item\":\"https:\/\/adl-regalosempresa.com\/tiendaonline\/tienda\/\"},{\"@type\":\"ListItem\",\"position\":3,\"name\":\"Cable de carga 5 en 1 para personalizar con logo\"}]},{\"@type\":\"WebSite\",\"@id\":\"https:\/\/adl-regalosempresa.com\/tiendaonline\/#website\",\"url\":\"https:\/\/adl-regalosempresa.com\/tiendaonline\/\",\"name\":\"ADL Comunicaci\u00f3n\",\"description\":\"Regalos de empresa\",\"publisher\":{\"@id\":\"https:\/\/adl-regalosempresa.com\/tiendaonline\/#organization\"},\"potentialAction\":[{\"@type\":\"SearchAction\",\"target\":{\"@type\":\"EntryPoint\",\"urlTemplate\":\"https:\/\/adl-regalosempresa.com\/tiendaonline\/?s={search_term_string}\"},\"query-input\":{\"@type\":\"PropertyValueSpecification\",\"valueRequired\":true,\"valueName\":\"search_term_string\"}}],\"inLanguage\":\"es\"},{\"@type\":\"Organization\",\"@id\":\"https:\/\/adl-regalosempresa.com\/tiendaonline\/#organization\",\"name\":\"ADL Comunicaci\u00f3n\",\"url\":\"https:\/\/adl-regalosempresa.com\/tiendaonline\/\",\"logo\":{\"@type\":\"ImageObject\",\"inLanguage\":\"es\",\"@id\":\"https:\/\/adl-regalosempresa.com\/tiendaonline\/#\/schema\/logo\/image\/\",\"url\":\"https:\/\/adl-regalosempresa.com\/tiendaonline\/wp-content\/uploads\/2017\/09\/logo-adl-wp.png\",\"contentUrl\":\"https:\/\/adl-regalosempresa.com\/tiendaonline\/wp-content\/uploads\/2017\/09\/logo-adl-wp.png\",\"width\":407,\"height\":185,\"caption\":\"ADL Comunicaci\u00f3n\"},\"image\":{\"@id\":\"https:\/\/adl-regalosempresa.com\/tiendaonline\/#\/schema\/logo\/image\/\"}}]}<\/script>\n<!-- \/ Yoast SEO plugin. -->","yoast_head_json":{"title":"Merchandising Cable de carga 5 en 1 para personalizar con logo - ADL","description":"Art\u00edculo de merchandising Cable de carga 5 en 1 \"SCX.design C49\". Cable de carga r\u00e1pida de 2,4\u00a0A (3 x 10 cm) que se puede personalizar con logotipo retroiluminado en ambos lados, que tambi\u00e9n puede ser diferente entre un lado y el otro. Este cable est\u00e1 fabricado \u00edntegramente con materiales m\u00e1s sostenibles: cordones de PET reciclado, bamb\u00fa, fibras de trigo y pl\u00e1stico reciclado. El cable de carga est\u00e1 hecho para ser universal gracias a sus 3 salidas (tipo C, Android y iPhone) y puede cargar hasta tres dispositivos de manera simult\u00e1nea. Gracias a su entrada doble USB y USB-C, es compatible con los cargadores m\u00e1s recientes. Se entrega en una funda de algod\u00f3n (20 x 8 cm), con una tarjeta de papel kraft.","robots":{"index":"index","follow":"follow","max-snippet":"max-snippet:-1","max-image-preview":"max-image-preview:large","max-video-preview":"max-video-preview:-1"},"canonical":"https:\/\/adl-regalosempresa.com\/tiendaonline\/articulos\/merchandising\/cable-de-carga-5-en-1-para-personalizar-con-logo-3\/","og_locale":"es_ES","og_type":"article","og_title":"Merchandising Cable de carga 5 en 1 para personalizar con logo - ADL","og_description":"Art\u00edculo de merchandising Cable de carga 5 en 1 \"SCX.design C49\". Cable de carga r\u00e1pida de 2,4\u00a0A (3 x 10 cm) que se puede personalizar con logotipo retroiluminado en ambos lados, que tambi\u00e9n puede ser diferente entre un lado y el otro. Este cable est\u00e1 fabricado \u00edntegramente con materiales m\u00e1s sostenibles: cordones de PET reciclado, bamb\u00fa, fibras de trigo y pl\u00e1stico reciclado. El cable de carga est\u00e1 hecho para ser universal gracias a sus 3 salidas (tipo C, Android y iPhone) y puede cargar hasta tres dispositivos de manera simult\u00e1nea. Gracias a su entrada doble USB y USB-C, es compatible con los cargadores m\u00e1s recientes. Se entrega en una funda de algod\u00f3n (20 x 8 cm), con una tarjeta de papel kraft.","og_url":"https:\/\/adl-regalosempresa.com\/tiendaonline\/articulos\/merchandising\/cable-de-carga-5-en-1-para-personalizar-con-logo-3\/","og_site_name":"ADL Comunicaci\u00f3n","article_modified_time":"2026-04-16T08:36:10+00:00","og_image":[{"width":1600,"height":1600,"url":"https:\/\/adl-regalosempresa.com\/tiendaonline\/wp-content\/uploads\/2023\/12\/2PX12670.jpg","type":"image\/jpeg"}],"twitter_card":"summary_large_image","twitter_title":"Merchandising Cable de carga 5 en 1 para personalizar con logo - ADL","twitter_misc":{"Tiempo de lectura":"1 minuto"},"schema":{"@context":"https:\/\/schema.org","@graph":[{"@type":"WebPage","@id":"https:\/\/adl-regalosempresa.com\/tiendaonline\/articulos\/merchandising\/cable-de-carga-5-en-1-para-personalizar-con-logo-3\/","url":"https:\/\/adl-regalosempresa.com\/tiendaonline\/articulos\/merchandising\/cable-de-carga-5-en-1-para-personalizar-con-logo-3\/","name":"Merchandising Cable de carga 5 en 1 para personalizar con logo - ADL","isPartOf":{"@id":"https:\/\/adl-regalosempresa.com\/tiendaonline\/#website"},"primaryImageOfPage":{"@id":"https:\/\/adl-regalosempresa.com\/tiendaonline\/articulos\/merchandising\/cable-de-carga-5-en-1-para-personalizar-con-logo-3\/#primaryimage"},"image":{"@id":"https:\/\/adl-regalosempresa.com\/tiendaonline\/articulos\/merchandising\/cable-de-carga-5-en-1-para-personalizar-con-logo-3\/#primaryimage"},"thumbnailUrl":"https:\/\/adl-regalosempresa.com\/tiendaonline\/wp-content\/uploads\/2023\/12\/2PX12670.jpg","datePublished":"2026-03-31T05:18:05+00:00","dateModified":"2026-04-16T08:36:10+00:00","description":"Art\u00edculo de merchandising Cable de carga 5 en 1 \"SCX.design C49\". Cable de carga r\u00e1pida de 2,4\u00a0A (3 x 10 cm) que se puede personalizar con logotipo retroiluminado en ambos lados, que tambi\u00e9n puede ser diferente entre un lado y el otro. Este cable est\u00e1 fabricado \u00edntegramente con materiales m\u00e1s sostenibles: cordones de PET reciclado, bamb\u00fa, fibras de trigo y pl\u00e1stico reciclado. El cable de carga est\u00e1 hecho para ser universal gracias a sus 3 salidas (tipo C, Android y iPhone) y puede cargar hasta tres dispositivos de manera simult\u00e1nea. Gracias a su entrada doble USB y USB-C, es compatible con los cargadores m\u00e1s recientes. Se entrega en una funda de algod\u00f3n (20 x 8 cm), con una tarjeta de papel kraft.","breadcrumb":{"@id":"https:\/\/adl-regalosempresa.com\/tiendaonline\/articulos\/merchandising\/cable-de-carga-5-en-1-para-personalizar-con-logo-3\/#breadcrumb"},"inLanguage":"es","potentialAction":[{"@type":"ReadAction","target":["https:\/\/adl-regalosempresa.com\/tiendaonline\/articulos\/merchandising\/cable-de-carga-5-en-1-para-personalizar-con-logo-3\/"]}]},{"@type":"ImageObject","inLanguage":"es","@id":"https:\/\/adl-regalosempresa.com\/tiendaonline\/articulos\/merchandising\/cable-de-carga-5-en-1-para-personalizar-con-logo-3\/#primaryimage","url":"https:\/\/adl-regalosempresa.com\/tiendaonline\/wp-content\/uploads\/2023\/12\/2PX12670.jpg","contentUrl":"https:\/\/adl-regalosempresa.com\/tiendaonline\/wp-content\/uploads\/2023\/12\/2PX12670.jpg","width":1600,"height":1600,"caption":"Cable de carga 5 en 1 \"SCX.design C49\""},{"@type":"BreadcrumbList","@id":"https:\/\/adl-regalosempresa.com\/tiendaonline\/articulos\/merchandising\/cable-de-carga-5-en-1-para-personalizar-con-logo-3\/#breadcrumb","itemListElement":[{"@type":"ListItem","position":1,"name":"Portada","item":"https:\/\/adl-regalosempresa.com\/tiendaonline\/"},{"@type":"ListItem","position":2,"name":"Tienda","item":"https:\/\/adl-regalosempresa.com\/tiendaonline\/tienda\/"},{"@type":"ListItem","position":3,"name":"Cable de carga 5 en 1 para personalizar con logo"}]},{"@type":"WebSite","@id":"https:\/\/adl-regalosempresa.com\/tiendaonline\/#website","url":"https:\/\/adl-regalosempresa.com\/tiendaonline\/","name":"ADL Comunicaci\u00f3n","description":"Regalos de empresa","publisher":{"@id":"https:\/\/adl-regalosempresa.com\/tiendaonline\/#organization"},"potentialAction":[{"@type":"SearchAction","target":{"@type":"EntryPoint","urlTemplate":"https:\/\/adl-regalosempresa.com\/tiendaonline\/?s={search_term_string}"},"query-input":{"@type":"PropertyValueSpecification","valueRequired":true,"valueName":"search_term_string"}}],"inLanguage":"es"},{"@type":"Organization","@id":"https:\/\/adl-regalosempresa.com\/tiendaonline\/#organization","name":"ADL Comunicaci\u00f3n","url":"https:\/\/adl-regalosempresa.com\/tiendaonline\/","logo":{"@type":"ImageObject","inLanguage":"es","@id":"https:\/\/adl-regalosempresa.com\/tiendaonline\/#\/schema\/logo\/image\/","url":"https:\/\/adl-regalosempresa.com\/tiendaonline\/wp-content\/uploads\/2017\/09\/logo-adl-wp.png","contentUrl":"https:\/\/adl-regalosempresa.com\/tiendaonline\/wp-content\/uploads\/2017\/09\/logo-adl-wp.png","width":407,"height":185,"caption":"ADL Comunicaci\u00f3n"},"image":{"@id":"https:\/\/adl-regalosempresa.com\/tiendaonline\/#\/schema\/logo\/image\/"}}]}},"_links":{"self":[{"href":"https:\/\/adl-regalosempresa.com\/tiendaonline\/wp-json\/wp\/v2\/product\/122608","targetHints":{"allow":["GET"]}}],"collection":[{"href":"https:\/\/adl-regalosempresa.com\/tiendaonline\/wp-json\/wp\/v2\/product"}],"about":[{"href":"https:\/\/adl-regalosempresa.com\/tiendaonline\/wp-json\/wp\/v2\/types\/product"}],"wp:featuredmedia":[{"embeddable":true,"href":"https:\/\/adl-regalosempresa.com\/tiendaonline\/wp-json\/wp\/v2\/media\/122610"}],"wp:attachment":[{"href":"https:\/\/adl-regalosempresa.com\/tiendaonline\/wp-json\/wp\/v2\/media?parent=122608"}],"wp:term":[{"taxonomy":"product_brand","embeddable":true,"href":"https:\/\/adl-regalosempresa.com\/tiendaonline\/wp-json\/wp\/v2\/product_brand?post=122608"},{"taxonomy":"product_cat","embeddable":true,"href":"https:\/\/adl-regalosempresa.com\/tiendaonline\/wp-json\/wp\/v2\/product_cat?post=122608"},{"taxonomy":"product_tag","embeddable":true,"href":"https:\/\/adl-regalosempresa.com\/tiendaonline\/wp-json\/wp\/v2\/product_tag?post=122608"}],"curies":[{"name":"wp","href":"https:\/\/api.w.org\/{rel}","templated":true}]}}