{"id":122197,"date":"2026-04-09T04:24:53","date_gmt":"2026-04-09T04:24:53","guid":{"rendered":"https:\/\/adl-regalosempresa.com\/tiendaonline\/articulos\/merchandising\/mochila-para-portatil-de-15-para-personalizar-con-logo-24\/"},"modified":"2026-04-25T08:28:14","modified_gmt":"2026-04-25T08:28:14","slug":"mochila-para-portatil-de-15-para-personalizar-con-logo-24","status":"publish","type":"product","link":"https:\/\/adl-regalosempresa.com\/tiendaonline\/articulos\/merchandising\/mochila-para-portatil-de-15-para-personalizar-con-logo-24\/","title":{"rendered":"Mochila para port\u00e1til de 15&#8243; para personalizar con logo"},"content":{"rendered":"<p>Mochila para port\u00e1til resistente al agua fabricada con materiales reciclados certificados GRS, incluidas las cremalleras. Cuenta con un compartimento acolchado para port\u00e1til de 15&#8243; con abertura lateral de f\u00e1cil acceso, m\u00faltiples bolsillos de malla, bolsillo frontal con cremallera y ribetes reflectantes para mayor visibilidad. El espaldo moldeado y acolchado y la correa ajustable para el pecho hacen que sea c\u00f3moda de llevar incluso a plena carga. Los materiales reciclados GRS incluyen el tejido principal, el forro, las correas y las cremalleras. Capacidad: 21 litros. Sin PVC.<\/p>\n","protected":false},"excerpt":{"rendered":"<p><strong>Descuentos por cantidades<\/strong><br \/>&#8211; a partir de 50 unidades: 16,98 \u20ac\/ud<br \/>&#8211; a partir de 100 unidades: 16,98 \u20ac\/ud<br \/>&#8211; a partir de 500 unidades: 16,98 \u20ac\/ud<\/p>\n<p>Para cantidades superiores a las aqu\u00ed indicadas, no dudes en ponerte en contacto con nuestro departamento comercial o <a href='https:\/\/adl-regalosempresa.com\/tiendaonline\/solicitud-presupuesto\/'>pedirnos presupuesto personalizado<\/a>, ajustaremos el presupuesto a tus necesidades.<\/p>\n","protected":false},"featured_media":122199,"template":"","meta":{"_kad_post_transparent":"","_kad_post_title":"","_kad_post_layout":"","_kad_post_sidebar_id":"","_kad_post_content_style":"","_kad_post_vertical_padding":"","_kad_post_feature":"","_kad_post_feature_position":"","_kad_post_header":false,"_kad_post_footer":false,"_kad_post_classname":""},"product_brand":[],"product_cat":[3526,4844],"product_tag":[],"class_list":{"0":"post-122197","1":"product","2":"type-product","3":"status-publish","4":"has-post-thumbnail","6":"product_cat-bolsas","7":"product_cat-mochilas-para-portatiles","8":"pa_alto-48-cm","9":"pa_ancho-16-cm","10":"pa_color-negro-intenso","11":"pa_color-simple-negro-intenso","12":"pa_largo-285-cm","13":"pa_marca-unbranded","14":"pa_material-600d-poliester-reciclado-con-certificado-grs","15":"pa_peso-450-gr","17":"first","18":"instock","19":"taxable","20":"shipping-taxable","21":"purchasable","22":"product-type-variable","23":"entry","24":"content-bg","25":"loop-entry"},"yoast_head":"<!-- This site is optimized with the Yoast SEO plugin v26.3 - https:\/\/yoast.com\/wordpress\/plugins\/seo\/ -->\n<title>Merchandising Mochila para port\u00e1til de 15&quot; para personalizar con logo - ADL<\/title>\n<meta name=\"description\" content=\"Art\u00edculo de merchandising Mochila para port\u00e1til de 15&quot; de material reciclado GRS resistente al agua de 21\u00a0l &quot;Aqua&quot;. Mochila para port\u00e1til resistente al agua fabricada con materiales reciclados certificados GRS, incluidas las cremalleras. Cuenta con un compartimento acolchado para port\u00e1til de 15&quot; con abertura lateral de f\u00e1cil acceso, m\u00faltiples bolsillos de malla, bolsillo frontal con cremallera y ribetes reflectantes para mayor visibilidad. El espaldo moldeado y acolchado y la correa ajustable para el pecho hacen que sea c\u00f3moda de llevar incluso a plena carga. Los materiales reciclados GRS incluyen el tejido principal, el forro, las correas y las cremalleras. Capacidad: 21 litros. Sin PVC.\" \/>\n<meta name=\"robots\" content=\"index, follow, max-snippet:-1, max-image-preview:large, max-video-preview:-1\" \/>\n<link rel=\"canonical\" href=\"https:\/\/adl-regalosempresa.com\/tiendaonline\/articulos\/merchandising\/mochila-para-portatil-de-15-para-personalizar-con-logo-24\/\" \/>\n<meta property=\"og:locale\" content=\"es_ES\" \/>\n<meta property=\"og:type\" content=\"article\" \/>\n<meta property=\"og:title\" content=\"Merchandising Mochila para port\u00e1til de 15&quot; para personalizar con logo - ADL\" \/>\n<meta property=\"og:description\" content=\"Art\u00edculo de merchandising Mochila para port\u00e1til de 15&quot; de material reciclado GRS resistente al agua de 21\u00a0l &quot;Aqua&quot;. Mochila para port\u00e1til resistente al agua fabricada con materiales reciclados certificados GRS, incluidas las cremalleras. Cuenta con un compartimento acolchado para port\u00e1til de 15&quot; con abertura lateral de f\u00e1cil acceso, m\u00faltiples bolsillos de malla, bolsillo frontal con cremallera y ribetes reflectantes para mayor visibilidad. El espaldo moldeado y acolchado y la correa ajustable para el pecho hacen que sea c\u00f3moda de llevar incluso a plena carga. Los materiales reciclados GRS incluyen el tejido principal, el forro, las correas y las cremalleras. Capacidad: 21 litros. Sin PVC.\" \/>\n<meta property=\"og:url\" content=\"https:\/\/adl-regalosempresa.com\/tiendaonline\/articulos\/merchandising\/mochila-para-portatil-de-15-para-personalizar-con-logo-24\/\" \/>\n<meta property=\"og:site_name\" content=\"ADL Comunicaci\u00f3n\" \/>\n<meta property=\"article:modified_time\" content=\"2026-04-25T08:28:14+00:00\" \/>\n<meta property=\"og:image\" content=\"https:\/\/adl-regalosempresa.com\/tiendaonline\/wp-content\/uploads\/2023\/08\/13004390.jpg\" \/>\n\t<meta property=\"og:image:width\" content=\"1600\" \/>\n\t<meta property=\"og:image:height\" content=\"1600\" \/>\n\t<meta property=\"og:image:type\" content=\"image\/jpeg\" \/>\n<meta name=\"twitter:card\" content=\"summary_large_image\" \/>\n<meta name=\"twitter:title\" content=\"Merchandising Mochila para port\u00e1til de 15&quot; para personalizar con logo - ADL\" \/>\n<script type=\"application\/ld+json\" class=\"yoast-schema-graph\">{\"@context\":\"https:\/\/schema.org\",\"@graph\":[{\"@type\":\"WebPage\",\"@id\":\"https:\/\/adl-regalosempresa.com\/tiendaonline\/articulos\/merchandising\/mochila-para-portatil-de-15-para-personalizar-con-logo-24\/\",\"url\":\"https:\/\/adl-regalosempresa.com\/tiendaonline\/articulos\/merchandising\/mochila-para-portatil-de-15-para-personalizar-con-logo-24\/\",\"name\":\"Merchandising Mochila para port\u00e1til de 15\\\" para personalizar con logo - ADL\",\"isPartOf\":{\"@id\":\"https:\/\/adl-regalosempresa.com\/tiendaonline\/#website\"},\"primaryImageOfPage\":{\"@id\":\"https:\/\/adl-regalosempresa.com\/tiendaonline\/articulos\/merchandising\/mochila-para-portatil-de-15-para-personalizar-con-logo-24\/#primaryimage\"},\"image\":{\"@id\":\"https:\/\/adl-regalosempresa.com\/tiendaonline\/articulos\/merchandising\/mochila-para-portatil-de-15-para-personalizar-con-logo-24\/#primaryimage\"},\"thumbnailUrl\":\"https:\/\/adl-regalosempresa.com\/tiendaonline\/wp-content\/uploads\/2023\/08\/13004390.jpg\",\"datePublished\":\"2026-04-09T04:24:53+00:00\",\"dateModified\":\"2026-04-25T08:28:14+00:00\",\"description\":\"Art\u00edculo de merchandising Mochila para port\u00e1til de 15\\\" de material reciclado GRS resistente al agua de 21\u00a0l \\\"Aqua\\\". Mochila para port\u00e1til resistente al agua fabricada con materiales reciclados certificados GRS, incluidas las cremalleras. Cuenta con un compartimento acolchado para port\u00e1til de 15\\\" con abertura lateral de f\u00e1cil acceso, m\u00faltiples bolsillos de malla, bolsillo frontal con cremallera y ribetes reflectantes para mayor visibilidad. El espaldo moldeado y acolchado y la correa ajustable para el pecho hacen que sea c\u00f3moda de llevar incluso a plena carga. Los materiales reciclados GRS incluyen el tejido principal, el forro, las correas y las cremalleras. Capacidad: 21 litros. Sin PVC.\",\"breadcrumb\":{\"@id\":\"https:\/\/adl-regalosempresa.com\/tiendaonline\/articulos\/merchandising\/mochila-para-portatil-de-15-para-personalizar-con-logo-24\/#breadcrumb\"},\"inLanguage\":\"es\",\"potentialAction\":[{\"@type\":\"ReadAction\",\"target\":[\"https:\/\/adl-regalosempresa.com\/tiendaonline\/articulos\/merchandising\/mochila-para-portatil-de-15-para-personalizar-con-logo-24\/\"]}]},{\"@type\":\"ImageObject\",\"inLanguage\":\"es\",\"@id\":\"https:\/\/adl-regalosempresa.com\/tiendaonline\/articulos\/merchandising\/mochila-para-portatil-de-15-para-personalizar-con-logo-24\/#primaryimage\",\"url\":\"https:\/\/adl-regalosempresa.com\/tiendaonline\/wp-content\/uploads\/2023\/08\/13004390.jpg\",\"contentUrl\":\"https:\/\/adl-regalosempresa.com\/tiendaonline\/wp-content\/uploads\/2023\/08\/13004390.jpg\",\"width\":1600,\"height\":1600,\"caption\":\"Mochila para port\u00e1til de 15\\\" de material reciclado GRS resistente al agua de 21\u00a0l \\\"Aqua\\\"\"},{\"@type\":\"BreadcrumbList\",\"@id\":\"https:\/\/adl-regalosempresa.com\/tiendaonline\/articulos\/merchandising\/mochila-para-portatil-de-15-para-personalizar-con-logo-24\/#breadcrumb\",\"itemListElement\":[{\"@type\":\"ListItem\",\"position\":1,\"name\":\"Portada\",\"item\":\"https:\/\/adl-regalosempresa.com\/tiendaonline\/\"},{\"@type\":\"ListItem\",\"position\":2,\"name\":\"Tienda\",\"item\":\"https:\/\/adl-regalosempresa.com\/tiendaonline\/tienda\/\"},{\"@type\":\"ListItem\",\"position\":3,\"name\":\"Mochila para port\u00e1til de 15&#8243; para personalizar con logo\"}]},{\"@type\":\"WebSite\",\"@id\":\"https:\/\/adl-regalosempresa.com\/tiendaonline\/#website\",\"url\":\"https:\/\/adl-regalosempresa.com\/tiendaonline\/\",\"name\":\"ADL Comunicaci\u00f3n\",\"description\":\"Regalos de empresa\",\"publisher\":{\"@id\":\"https:\/\/adl-regalosempresa.com\/tiendaonline\/#organization\"},\"potentialAction\":[{\"@type\":\"SearchAction\",\"target\":{\"@type\":\"EntryPoint\",\"urlTemplate\":\"https:\/\/adl-regalosempresa.com\/tiendaonline\/?s={search_term_string}\"},\"query-input\":{\"@type\":\"PropertyValueSpecification\",\"valueRequired\":true,\"valueName\":\"search_term_string\"}}],\"inLanguage\":\"es\"},{\"@type\":\"Organization\",\"@id\":\"https:\/\/adl-regalosempresa.com\/tiendaonline\/#organization\",\"name\":\"ADL Comunicaci\u00f3n\",\"url\":\"https:\/\/adl-regalosempresa.com\/tiendaonline\/\",\"logo\":{\"@type\":\"ImageObject\",\"inLanguage\":\"es\",\"@id\":\"https:\/\/adl-regalosempresa.com\/tiendaonline\/#\/schema\/logo\/image\/\",\"url\":\"https:\/\/adl-regalosempresa.com\/tiendaonline\/wp-content\/uploads\/2017\/09\/logo-adl-wp.png\",\"contentUrl\":\"https:\/\/adl-regalosempresa.com\/tiendaonline\/wp-content\/uploads\/2017\/09\/logo-adl-wp.png\",\"width\":407,\"height\":185,\"caption\":\"ADL Comunicaci\u00f3n\"},\"image\":{\"@id\":\"https:\/\/adl-regalosempresa.com\/tiendaonline\/#\/schema\/logo\/image\/\"}}]}<\/script>\n<!-- \/ Yoast SEO plugin. -->","yoast_head_json":{"title":"Merchandising Mochila para port\u00e1til de 15\" para personalizar con logo - ADL","description":"Art\u00edculo de merchandising Mochila para port\u00e1til de 15\" de material reciclado GRS resistente al agua de 21\u00a0l \"Aqua\". Mochila para port\u00e1til resistente al agua fabricada con materiales reciclados certificados GRS, incluidas las cremalleras. Cuenta con un compartimento acolchado para port\u00e1til de 15\" con abertura lateral de f\u00e1cil acceso, m\u00faltiples bolsillos de malla, bolsillo frontal con cremallera y ribetes reflectantes para mayor visibilidad. El espaldo moldeado y acolchado y la correa ajustable para el pecho hacen que sea c\u00f3moda de llevar incluso a plena carga. Los materiales reciclados GRS incluyen el tejido principal, el forro, las correas y las cremalleras. Capacidad: 21 litros. Sin PVC.","robots":{"index":"index","follow":"follow","max-snippet":"max-snippet:-1","max-image-preview":"max-image-preview:large","max-video-preview":"max-video-preview:-1"},"canonical":"https:\/\/adl-regalosempresa.com\/tiendaonline\/articulos\/merchandising\/mochila-para-portatil-de-15-para-personalizar-con-logo-24\/","og_locale":"es_ES","og_type":"article","og_title":"Merchandising Mochila para port\u00e1til de 15\" para personalizar con logo - ADL","og_description":"Art\u00edculo de merchandising Mochila para port\u00e1til de 15\" de material reciclado GRS resistente al agua de 21\u00a0l \"Aqua\". Mochila para port\u00e1til resistente al agua fabricada con materiales reciclados certificados GRS, incluidas las cremalleras. Cuenta con un compartimento acolchado para port\u00e1til de 15\" con abertura lateral de f\u00e1cil acceso, m\u00faltiples bolsillos de malla, bolsillo frontal con cremallera y ribetes reflectantes para mayor visibilidad. El espaldo moldeado y acolchado y la correa ajustable para el pecho hacen que sea c\u00f3moda de llevar incluso a plena carga. Los materiales reciclados GRS incluyen el tejido principal, el forro, las correas y las cremalleras. Capacidad: 21 litros. Sin PVC.","og_url":"https:\/\/adl-regalosempresa.com\/tiendaonline\/articulos\/merchandising\/mochila-para-portatil-de-15-para-personalizar-con-logo-24\/","og_site_name":"ADL Comunicaci\u00f3n","article_modified_time":"2026-04-25T08:28:14+00:00","og_image":[{"width":1600,"height":1600,"url":"https:\/\/adl-regalosempresa.com\/tiendaonline\/wp-content\/uploads\/2023\/08\/13004390.jpg","type":"image\/jpeg"}],"twitter_card":"summary_large_image","twitter_title":"Merchandising Mochila para port\u00e1til de 15\" para personalizar con logo - ADL","schema":{"@context":"https:\/\/schema.org","@graph":[{"@type":"WebPage","@id":"https:\/\/adl-regalosempresa.com\/tiendaonline\/articulos\/merchandising\/mochila-para-portatil-de-15-para-personalizar-con-logo-24\/","url":"https:\/\/adl-regalosempresa.com\/tiendaonline\/articulos\/merchandising\/mochila-para-portatil-de-15-para-personalizar-con-logo-24\/","name":"Merchandising Mochila para port\u00e1til de 15\" para personalizar con logo - ADL","isPartOf":{"@id":"https:\/\/adl-regalosempresa.com\/tiendaonline\/#website"},"primaryImageOfPage":{"@id":"https:\/\/adl-regalosempresa.com\/tiendaonline\/articulos\/merchandising\/mochila-para-portatil-de-15-para-personalizar-con-logo-24\/#primaryimage"},"image":{"@id":"https:\/\/adl-regalosempresa.com\/tiendaonline\/articulos\/merchandising\/mochila-para-portatil-de-15-para-personalizar-con-logo-24\/#primaryimage"},"thumbnailUrl":"https:\/\/adl-regalosempresa.com\/tiendaonline\/wp-content\/uploads\/2023\/08\/13004390.jpg","datePublished":"2026-04-09T04:24:53+00:00","dateModified":"2026-04-25T08:28:14+00:00","description":"Art\u00edculo de merchandising Mochila para port\u00e1til de 15\" de material reciclado GRS resistente al agua de 21\u00a0l \"Aqua\". Mochila para port\u00e1til resistente al agua fabricada con materiales reciclados certificados GRS, incluidas las cremalleras. Cuenta con un compartimento acolchado para port\u00e1til de 15\" con abertura lateral de f\u00e1cil acceso, m\u00faltiples bolsillos de malla, bolsillo frontal con cremallera y ribetes reflectantes para mayor visibilidad. El espaldo moldeado y acolchado y la correa ajustable para el pecho hacen que sea c\u00f3moda de llevar incluso a plena carga. Los materiales reciclados GRS incluyen el tejido principal, el forro, las correas y las cremalleras. Capacidad: 21 litros. Sin PVC.","breadcrumb":{"@id":"https:\/\/adl-regalosempresa.com\/tiendaonline\/articulos\/merchandising\/mochila-para-portatil-de-15-para-personalizar-con-logo-24\/#breadcrumb"},"inLanguage":"es","potentialAction":[{"@type":"ReadAction","target":["https:\/\/adl-regalosempresa.com\/tiendaonline\/articulos\/merchandising\/mochila-para-portatil-de-15-para-personalizar-con-logo-24\/"]}]},{"@type":"ImageObject","inLanguage":"es","@id":"https:\/\/adl-regalosempresa.com\/tiendaonline\/articulos\/merchandising\/mochila-para-portatil-de-15-para-personalizar-con-logo-24\/#primaryimage","url":"https:\/\/adl-regalosempresa.com\/tiendaonline\/wp-content\/uploads\/2023\/08\/13004390.jpg","contentUrl":"https:\/\/adl-regalosempresa.com\/tiendaonline\/wp-content\/uploads\/2023\/08\/13004390.jpg","width":1600,"height":1600,"caption":"Mochila para port\u00e1til de 15\" de material reciclado GRS resistente al agua de 21\u00a0l \"Aqua\""},{"@type":"BreadcrumbList","@id":"https:\/\/adl-regalosempresa.com\/tiendaonline\/articulos\/merchandising\/mochila-para-portatil-de-15-para-personalizar-con-logo-24\/#breadcrumb","itemListElement":[{"@type":"ListItem","position":1,"name":"Portada","item":"https:\/\/adl-regalosempresa.com\/tiendaonline\/"},{"@type":"ListItem","position":2,"name":"Tienda","item":"https:\/\/adl-regalosempresa.com\/tiendaonline\/tienda\/"},{"@type":"ListItem","position":3,"name":"Mochila para port\u00e1til de 15&#8243; para personalizar con logo"}]},{"@type":"WebSite","@id":"https:\/\/adl-regalosempresa.com\/tiendaonline\/#website","url":"https:\/\/adl-regalosempresa.com\/tiendaonline\/","name":"ADL Comunicaci\u00f3n","description":"Regalos de empresa","publisher":{"@id":"https:\/\/adl-regalosempresa.com\/tiendaonline\/#organization"},"potentialAction":[{"@type":"SearchAction","target":{"@type":"EntryPoint","urlTemplate":"https:\/\/adl-regalosempresa.com\/tiendaonline\/?s={search_term_string}"},"query-input":{"@type":"PropertyValueSpecification","valueRequired":true,"valueName":"search_term_string"}}],"inLanguage":"es"},{"@type":"Organization","@id":"https:\/\/adl-regalosempresa.com\/tiendaonline\/#organization","name":"ADL Comunicaci\u00f3n","url":"https:\/\/adl-regalosempresa.com\/tiendaonline\/","logo":{"@type":"ImageObject","inLanguage":"es","@id":"https:\/\/adl-regalosempresa.com\/tiendaonline\/#\/schema\/logo\/image\/","url":"https:\/\/adl-regalosempresa.com\/tiendaonline\/wp-content\/uploads\/2017\/09\/logo-adl-wp.png","contentUrl":"https:\/\/adl-regalosempresa.com\/tiendaonline\/wp-content\/uploads\/2017\/09\/logo-adl-wp.png","width":407,"height":185,"caption":"ADL Comunicaci\u00f3n"},"image":{"@id":"https:\/\/adl-regalosempresa.com\/tiendaonline\/#\/schema\/logo\/image\/"}}]}},"_links":{"self":[{"href":"https:\/\/adl-regalosempresa.com\/tiendaonline\/wp-json\/wp\/v2\/product\/122197","targetHints":{"allow":["GET"]}}],"collection":[{"href":"https:\/\/adl-regalosempresa.com\/tiendaonline\/wp-json\/wp\/v2\/product"}],"about":[{"href":"https:\/\/adl-regalosempresa.com\/tiendaonline\/wp-json\/wp\/v2\/types\/product"}],"wp:featuredmedia":[{"embeddable":true,"href":"https:\/\/adl-regalosempresa.com\/tiendaonline\/wp-json\/wp\/v2\/media\/122199"}],"wp:attachment":[{"href":"https:\/\/adl-regalosempresa.com\/tiendaonline\/wp-json\/wp\/v2\/media?parent=122197"}],"wp:term":[{"taxonomy":"product_brand","embeddable":true,"href":"https:\/\/adl-regalosempresa.com\/tiendaonline\/wp-json\/wp\/v2\/product_brand?post=122197"},{"taxonomy":"product_cat","embeddable":true,"href":"https:\/\/adl-regalosempresa.com\/tiendaonline\/wp-json\/wp\/v2\/product_cat?post=122197"},{"taxonomy":"product_tag","embeddable":true,"href":"https:\/\/adl-regalosempresa.com\/tiendaonline\/wp-json\/wp\/v2\/product_tag?post=122197"}],"curies":[{"name":"wp","href":"https:\/\/api.w.org\/{rel}","templated":true}]}}