{"id":122107,"date":"2026-03-24T06:13:23","date_gmt":"2026-03-24T06:13:23","guid":{"rendered":"https:\/\/adl-regalosempresa.com\/tiendaonline\/articulos\/merchandising\/libreta-de-tapa-dura-de-plastico-oceanico-para-personalizar-con-logo\/"},"modified":"2026-04-22T08:18:08","modified_gmt":"2026-04-22T08:18:08","slug":"libreta-de-tapa-dura-de-plastico-oceanico-para-personalizar-con-logo","status":"publish","type":"product","link":"https:\/\/adl-regalosempresa.com\/tiendaonline\/articulos\/merchandising\/libreta-de-tapa-dura-de-plastico-oceanico-para-personalizar-con-logo\/","title":{"rendered":"Libreta de tapa dura de pl\u00e1stico oce\u00e1nico  para personalizar con logo"},"content":{"rendered":"<p>La libreta Thalaasa tiene una tapa de poli\u00e9ster fabricada con pl\u00e1stico que ha sido recolectado en la costa. Esto hace que sea una opci\u00f3n m\u00e1s sostenible, ya que contribuye a reducir los residuos pl\u00e1sticos. Incluye 80 hojas con l\u00edneas de papel reciclado de 80 g\/m2, portabol\u00edgrafos, cierre el\u00e1stico, marcap\u00e1ginas y bolsillo en acorde\u00f3n.<\/p>\n","protected":false},"excerpt":{"rendered":"<p><strong>Descuentos por cantidades<\/strong><br \/>&#8211; a partir de 100 unidades: 4,62 \u20ac\/ud<br \/>&#8211; a partir de 250 unidades: 4,62 \u20ac\/ud<br \/>&#8211; a partir de 1000 unidades: 4,54 \u20ac\/ud<\/p>\n<p>Para cantidades superiores a las aqu\u00ed indicadas, no dudes en ponerte en contacto con nuestro departamento comercial o <a href='https:\/\/adl-regalosempresa.com\/tiendaonline\/solicitud-presupuesto\/'>pedirnos presupuesto personalizado<\/a>, ajustaremos el presupuesto a tus necesidades.<\/p>\n","protected":false},"featured_media":122109,"template":"","meta":{"_kad_post_transparent":"","_kad_post_title":"","_kad_post_layout":"","_kad_post_sidebar_id":"","_kad_post_content_style":"","_kad_post_vertical_padding":"","_kad_post_feature":"","_kad_post_feature_position":"","_kad_post_header":false,"_kad_post_footer":false,"_kad_post_classname":""},"product_brand":[],"product_cat":[7689,7688],"product_tag":[],"class_list":{"0":"post-122107","1":"product","2":"type-product","3":"status-publish","4":"has-post-thumbnail","6":"product_cat-libretas-de-tapas-duras-libretas-y-papeleria","7":"product_cat-libretas-y-papeleria","8":"pa_ancho-145-cm","9":"pa_color-amarillo","10":"pa_color-azul","11":"pa_color-blanco","12":"pa_color-negro-intenso","13":"pa_color-rojo","14":"pa_color-verde-manzana","15":"pa_color-simple-amarillo","16":"pa_color-simple-azul","17":"pa_color-simple-blanco","18":"pa_color-simple-negro-intenso","19":"pa_color-simple-rojo","20":"pa_color-simple-verde","21":"pa_largo-216-cm","22":"pa_marca-marksman","23":"pa_material-plastico-reciclado-papel-reciclado","24":"pa_peso-2804-gr","26":"first","27":"instock","28":"taxable","29":"shipping-taxable","30":"purchasable","31":"product-type-variable","32":"entry","33":"content-bg","34":"loop-entry"},"yoast_head":"<!-- This site is optimized with the Yoast SEO plugin v26.3 - https:\/\/yoast.com\/wordpress\/plugins\/seo\/ -->\n<title>Merchandising Libreta de tapa dura de pl\u00e1stico oce\u00e1nico para personalizar con logo - ADL<\/title>\n<meta name=\"description\" content=\"Art\u00edculo de merchandising Libreta de tapa dura de pl\u00e1stico oce\u00e1nico &quot;Thalaasa&quot;. La libreta Thalaasa tiene una tapa de poli\u00e9ster fabricada con pl\u00e1stico que ha sido recolectado en la costa. Esto hace que sea una opci\u00f3n m\u00e1s sostenible, ya que contribuye a reducir los residuos pl\u00e1sticos. Incluye 80 hojas con l\u00edneas de papel reciclado de 80 g\/m2, portabol\u00edgrafos, cierre el\u00e1stico, marcap\u00e1ginas y bolsillo en acorde\u00f3n.\" \/>\n<meta name=\"robots\" content=\"index, follow, max-snippet:-1, max-image-preview:large, max-video-preview:-1\" \/>\n<link rel=\"canonical\" href=\"https:\/\/adl-regalosempresa.com\/tiendaonline\/articulos\/merchandising\/libreta-de-tapa-dura-de-plastico-oceanico-para-personalizar-con-logo\/\" \/>\n<meta property=\"og:locale\" content=\"es_ES\" \/>\n<meta property=\"og:type\" content=\"article\" \/>\n<meta property=\"og:title\" content=\"Merchandising Libreta de tapa dura de pl\u00e1stico oce\u00e1nico para personalizar con logo - ADL\" \/>\n<meta property=\"og:description\" content=\"Art\u00edculo de merchandising Libreta de tapa dura de pl\u00e1stico oce\u00e1nico &quot;Thalaasa&quot;. La libreta Thalaasa tiene una tapa de poli\u00e9ster fabricada con pl\u00e1stico que ha sido recolectado en la costa. Esto hace que sea una opci\u00f3n m\u00e1s sostenible, ya que contribuye a reducir los residuos pl\u00e1sticos. Incluye 80 hojas con l\u00edneas de papel reciclado de 80 g\/m2, portabol\u00edgrafos, cierre el\u00e1stico, marcap\u00e1ginas y bolsillo en acorde\u00f3n.\" \/>\n<meta property=\"og:url\" content=\"https:\/\/adl-regalosempresa.com\/tiendaonline\/articulos\/merchandising\/libreta-de-tapa-dura-de-plastico-oceanico-para-personalizar-con-logo\/\" \/>\n<meta property=\"og:site_name\" content=\"ADL Comunicaci\u00f3n\" \/>\n<meta property=\"article:modified_time\" content=\"2026-04-22T08:18:08+00:00\" \/>\n<meta property=\"og:image\" content=\"https:\/\/adl-regalosempresa.com\/tiendaonline\/wp-content\/uploads\/2023\/08\/10784601.jpg\" \/>\n\t<meta property=\"og:image:width\" content=\"1600\" \/>\n\t<meta property=\"og:image:height\" content=\"1600\" \/>\n\t<meta property=\"og:image:type\" content=\"image\/jpeg\" \/>\n<meta name=\"twitter:card\" content=\"summary_large_image\" \/>\n<meta name=\"twitter:title\" content=\"Merchandising Libreta de tapa dura de pl\u00e1stico oce\u00e1nico para personalizar con logo - ADL\" \/>\n<script type=\"application\/ld+json\" class=\"yoast-schema-graph\">{\"@context\":\"https:\/\/schema.org\",\"@graph\":[{\"@type\":\"WebPage\",\"@id\":\"https:\/\/adl-regalosempresa.com\/tiendaonline\/articulos\/merchandising\/libreta-de-tapa-dura-de-plastico-oceanico-para-personalizar-con-logo\/\",\"url\":\"https:\/\/adl-regalosempresa.com\/tiendaonline\/articulos\/merchandising\/libreta-de-tapa-dura-de-plastico-oceanico-para-personalizar-con-logo\/\",\"name\":\"Merchandising Libreta de tapa dura de pl\u00e1stico oce\u00e1nico para personalizar con logo - ADL\",\"isPartOf\":{\"@id\":\"https:\/\/adl-regalosempresa.com\/tiendaonline\/#website\"},\"primaryImageOfPage\":{\"@id\":\"https:\/\/adl-regalosempresa.com\/tiendaonline\/articulos\/merchandising\/libreta-de-tapa-dura-de-plastico-oceanico-para-personalizar-con-logo\/#primaryimage\"},\"image\":{\"@id\":\"https:\/\/adl-regalosempresa.com\/tiendaonline\/articulos\/merchandising\/libreta-de-tapa-dura-de-plastico-oceanico-para-personalizar-con-logo\/#primaryimage\"},\"thumbnailUrl\":\"https:\/\/adl-regalosempresa.com\/tiendaonline\/wp-content\/uploads\/2023\/08\/10784601.jpg\",\"datePublished\":\"2026-03-24T06:13:23+00:00\",\"dateModified\":\"2026-04-22T08:18:08+00:00\",\"description\":\"Art\u00edculo de merchandising Libreta de tapa dura de pl\u00e1stico oce\u00e1nico \\\"Thalaasa\\\". La libreta Thalaasa tiene una tapa de poli\u00e9ster fabricada con pl\u00e1stico que ha sido recolectado en la costa. Esto hace que sea una opci\u00f3n m\u00e1s sostenible, ya que contribuye a reducir los residuos pl\u00e1sticos. Incluye 80 hojas con l\u00edneas de papel reciclado de 80 g\/m2, portabol\u00edgrafos, cierre el\u00e1stico, marcap\u00e1ginas y bolsillo en acorde\u00f3n.\",\"breadcrumb\":{\"@id\":\"https:\/\/adl-regalosempresa.com\/tiendaonline\/articulos\/merchandising\/libreta-de-tapa-dura-de-plastico-oceanico-para-personalizar-con-logo\/#breadcrumb\"},\"inLanguage\":\"es\",\"potentialAction\":[{\"@type\":\"ReadAction\",\"target\":[\"https:\/\/adl-regalosempresa.com\/tiendaonline\/articulos\/merchandising\/libreta-de-tapa-dura-de-plastico-oceanico-para-personalizar-con-logo\/\"]}]},{\"@type\":\"ImageObject\",\"inLanguage\":\"es\",\"@id\":\"https:\/\/adl-regalosempresa.com\/tiendaonline\/articulos\/merchandising\/libreta-de-tapa-dura-de-plastico-oceanico-para-personalizar-con-logo\/#primaryimage\",\"url\":\"https:\/\/adl-regalosempresa.com\/tiendaonline\/wp-content\/uploads\/2023\/08\/10784601.jpg\",\"contentUrl\":\"https:\/\/adl-regalosempresa.com\/tiendaonline\/wp-content\/uploads\/2023\/08\/10784601.jpg\",\"width\":1600,\"height\":1600,\"caption\":\"Libreta de tapa dura de pl\u00e1stico oce\u00e1nico \\\"Thalaasa\\\"\"},{\"@type\":\"BreadcrumbList\",\"@id\":\"https:\/\/adl-regalosempresa.com\/tiendaonline\/articulos\/merchandising\/libreta-de-tapa-dura-de-plastico-oceanico-para-personalizar-con-logo\/#breadcrumb\",\"itemListElement\":[{\"@type\":\"ListItem\",\"position\":1,\"name\":\"Portada\",\"item\":\"https:\/\/adl-regalosempresa.com\/tiendaonline\/\"},{\"@type\":\"ListItem\",\"position\":2,\"name\":\"Tienda\",\"item\":\"https:\/\/adl-regalosempresa.com\/tiendaonline\/tienda\/\"},{\"@type\":\"ListItem\",\"position\":3,\"name\":\"Libreta de tapa dura de pl\u00e1stico oce\u00e1nico para personalizar con logo\"}]},{\"@type\":\"WebSite\",\"@id\":\"https:\/\/adl-regalosempresa.com\/tiendaonline\/#website\",\"url\":\"https:\/\/adl-regalosempresa.com\/tiendaonline\/\",\"name\":\"ADL Comunicaci\u00f3n\",\"description\":\"Regalos de empresa\",\"publisher\":{\"@id\":\"https:\/\/adl-regalosempresa.com\/tiendaonline\/#organization\"},\"potentialAction\":[{\"@type\":\"SearchAction\",\"target\":{\"@type\":\"EntryPoint\",\"urlTemplate\":\"https:\/\/adl-regalosempresa.com\/tiendaonline\/?s={search_term_string}\"},\"query-input\":{\"@type\":\"PropertyValueSpecification\",\"valueRequired\":true,\"valueName\":\"search_term_string\"}}],\"inLanguage\":\"es\"},{\"@type\":\"Organization\",\"@id\":\"https:\/\/adl-regalosempresa.com\/tiendaonline\/#organization\",\"name\":\"ADL Comunicaci\u00f3n\",\"url\":\"https:\/\/adl-regalosempresa.com\/tiendaonline\/\",\"logo\":{\"@type\":\"ImageObject\",\"inLanguage\":\"es\",\"@id\":\"https:\/\/adl-regalosempresa.com\/tiendaonline\/#\/schema\/logo\/image\/\",\"url\":\"https:\/\/adl-regalosempresa.com\/tiendaonline\/wp-content\/uploads\/2017\/09\/logo-adl-wp.png\",\"contentUrl\":\"https:\/\/adl-regalosempresa.com\/tiendaonline\/wp-content\/uploads\/2017\/09\/logo-adl-wp.png\",\"width\":407,\"height\":185,\"caption\":\"ADL Comunicaci\u00f3n\"},\"image\":{\"@id\":\"https:\/\/adl-regalosempresa.com\/tiendaonline\/#\/schema\/logo\/image\/\"}}]}<\/script>\n<!-- \/ Yoast SEO plugin. -->","yoast_head_json":{"title":"Merchandising Libreta de tapa dura de pl\u00e1stico oce\u00e1nico para personalizar con logo - ADL","description":"Art\u00edculo de merchandising Libreta de tapa dura de pl\u00e1stico oce\u00e1nico \"Thalaasa\". La libreta Thalaasa tiene una tapa de poli\u00e9ster fabricada con pl\u00e1stico que ha sido recolectado en la costa. Esto hace que sea una opci\u00f3n m\u00e1s sostenible, ya que contribuye a reducir los residuos pl\u00e1sticos. Incluye 80 hojas con l\u00edneas de papel reciclado de 80 g\/m2, portabol\u00edgrafos, cierre el\u00e1stico, marcap\u00e1ginas y bolsillo en acorde\u00f3n.","robots":{"index":"index","follow":"follow","max-snippet":"max-snippet:-1","max-image-preview":"max-image-preview:large","max-video-preview":"max-video-preview:-1"},"canonical":"https:\/\/adl-regalosempresa.com\/tiendaonline\/articulos\/merchandising\/libreta-de-tapa-dura-de-plastico-oceanico-para-personalizar-con-logo\/","og_locale":"es_ES","og_type":"article","og_title":"Merchandising Libreta de tapa dura de pl\u00e1stico oce\u00e1nico para personalizar con logo - ADL","og_description":"Art\u00edculo de merchandising Libreta de tapa dura de pl\u00e1stico oce\u00e1nico \"Thalaasa\". La libreta Thalaasa tiene una tapa de poli\u00e9ster fabricada con pl\u00e1stico que ha sido recolectado en la costa. Esto hace que sea una opci\u00f3n m\u00e1s sostenible, ya que contribuye a reducir los residuos pl\u00e1sticos. Incluye 80 hojas con l\u00edneas de papel reciclado de 80 g\/m2, portabol\u00edgrafos, cierre el\u00e1stico, marcap\u00e1ginas y bolsillo en acorde\u00f3n.","og_url":"https:\/\/adl-regalosempresa.com\/tiendaonline\/articulos\/merchandising\/libreta-de-tapa-dura-de-plastico-oceanico-para-personalizar-con-logo\/","og_site_name":"ADL Comunicaci\u00f3n","article_modified_time":"2026-04-22T08:18:08+00:00","og_image":[{"width":1600,"height":1600,"url":"https:\/\/adl-regalosempresa.com\/tiendaonline\/wp-content\/uploads\/2023\/08\/10784601.jpg","type":"image\/jpeg"}],"twitter_card":"summary_large_image","twitter_title":"Merchandising Libreta de tapa dura de pl\u00e1stico oce\u00e1nico para personalizar con logo - ADL","schema":{"@context":"https:\/\/schema.org","@graph":[{"@type":"WebPage","@id":"https:\/\/adl-regalosempresa.com\/tiendaonline\/articulos\/merchandising\/libreta-de-tapa-dura-de-plastico-oceanico-para-personalizar-con-logo\/","url":"https:\/\/adl-regalosempresa.com\/tiendaonline\/articulos\/merchandising\/libreta-de-tapa-dura-de-plastico-oceanico-para-personalizar-con-logo\/","name":"Merchandising Libreta de tapa dura de pl\u00e1stico oce\u00e1nico para personalizar con logo - ADL","isPartOf":{"@id":"https:\/\/adl-regalosempresa.com\/tiendaonline\/#website"},"primaryImageOfPage":{"@id":"https:\/\/adl-regalosempresa.com\/tiendaonline\/articulos\/merchandising\/libreta-de-tapa-dura-de-plastico-oceanico-para-personalizar-con-logo\/#primaryimage"},"image":{"@id":"https:\/\/adl-regalosempresa.com\/tiendaonline\/articulos\/merchandising\/libreta-de-tapa-dura-de-plastico-oceanico-para-personalizar-con-logo\/#primaryimage"},"thumbnailUrl":"https:\/\/adl-regalosempresa.com\/tiendaonline\/wp-content\/uploads\/2023\/08\/10784601.jpg","datePublished":"2026-03-24T06:13:23+00:00","dateModified":"2026-04-22T08:18:08+00:00","description":"Art\u00edculo de merchandising Libreta de tapa dura de pl\u00e1stico oce\u00e1nico \"Thalaasa\". La libreta Thalaasa tiene una tapa de poli\u00e9ster fabricada con pl\u00e1stico que ha sido recolectado en la costa. Esto hace que sea una opci\u00f3n m\u00e1s sostenible, ya que contribuye a reducir los residuos pl\u00e1sticos. Incluye 80 hojas con l\u00edneas de papel reciclado de 80 g\/m2, portabol\u00edgrafos, cierre el\u00e1stico, marcap\u00e1ginas y bolsillo en acorde\u00f3n.","breadcrumb":{"@id":"https:\/\/adl-regalosempresa.com\/tiendaonline\/articulos\/merchandising\/libreta-de-tapa-dura-de-plastico-oceanico-para-personalizar-con-logo\/#breadcrumb"},"inLanguage":"es","potentialAction":[{"@type":"ReadAction","target":["https:\/\/adl-regalosempresa.com\/tiendaonline\/articulos\/merchandising\/libreta-de-tapa-dura-de-plastico-oceanico-para-personalizar-con-logo\/"]}]},{"@type":"ImageObject","inLanguage":"es","@id":"https:\/\/adl-regalosempresa.com\/tiendaonline\/articulos\/merchandising\/libreta-de-tapa-dura-de-plastico-oceanico-para-personalizar-con-logo\/#primaryimage","url":"https:\/\/adl-regalosempresa.com\/tiendaonline\/wp-content\/uploads\/2023\/08\/10784601.jpg","contentUrl":"https:\/\/adl-regalosempresa.com\/tiendaonline\/wp-content\/uploads\/2023\/08\/10784601.jpg","width":1600,"height":1600,"caption":"Libreta de tapa dura de pl\u00e1stico oce\u00e1nico \"Thalaasa\""},{"@type":"BreadcrumbList","@id":"https:\/\/adl-regalosempresa.com\/tiendaonline\/articulos\/merchandising\/libreta-de-tapa-dura-de-plastico-oceanico-para-personalizar-con-logo\/#breadcrumb","itemListElement":[{"@type":"ListItem","position":1,"name":"Portada","item":"https:\/\/adl-regalosempresa.com\/tiendaonline\/"},{"@type":"ListItem","position":2,"name":"Tienda","item":"https:\/\/adl-regalosempresa.com\/tiendaonline\/tienda\/"},{"@type":"ListItem","position":3,"name":"Libreta de tapa dura de pl\u00e1stico oce\u00e1nico para personalizar con logo"}]},{"@type":"WebSite","@id":"https:\/\/adl-regalosempresa.com\/tiendaonline\/#website","url":"https:\/\/adl-regalosempresa.com\/tiendaonline\/","name":"ADL Comunicaci\u00f3n","description":"Regalos de empresa","publisher":{"@id":"https:\/\/adl-regalosempresa.com\/tiendaonline\/#organization"},"potentialAction":[{"@type":"SearchAction","target":{"@type":"EntryPoint","urlTemplate":"https:\/\/adl-regalosempresa.com\/tiendaonline\/?s={search_term_string}"},"query-input":{"@type":"PropertyValueSpecification","valueRequired":true,"valueName":"search_term_string"}}],"inLanguage":"es"},{"@type":"Organization","@id":"https:\/\/adl-regalosempresa.com\/tiendaonline\/#organization","name":"ADL Comunicaci\u00f3n","url":"https:\/\/adl-regalosempresa.com\/tiendaonline\/","logo":{"@type":"ImageObject","inLanguage":"es","@id":"https:\/\/adl-regalosempresa.com\/tiendaonline\/#\/schema\/logo\/image\/","url":"https:\/\/adl-regalosempresa.com\/tiendaonline\/wp-content\/uploads\/2017\/09\/logo-adl-wp.png","contentUrl":"https:\/\/adl-regalosempresa.com\/tiendaonline\/wp-content\/uploads\/2017\/09\/logo-adl-wp.png","width":407,"height":185,"caption":"ADL Comunicaci\u00f3n"},"image":{"@id":"https:\/\/adl-regalosempresa.com\/tiendaonline\/#\/schema\/logo\/image\/"}}]}},"_links":{"self":[{"href":"https:\/\/adl-regalosempresa.com\/tiendaonline\/wp-json\/wp\/v2\/product\/122107","targetHints":{"allow":["GET"]}}],"collection":[{"href":"https:\/\/adl-regalosempresa.com\/tiendaonline\/wp-json\/wp\/v2\/product"}],"about":[{"href":"https:\/\/adl-regalosempresa.com\/tiendaonline\/wp-json\/wp\/v2\/types\/product"}],"wp:featuredmedia":[{"embeddable":true,"href":"https:\/\/adl-regalosempresa.com\/tiendaonline\/wp-json\/wp\/v2\/media\/122109"}],"wp:attachment":[{"href":"https:\/\/adl-regalosempresa.com\/tiendaonline\/wp-json\/wp\/v2\/media?parent=122107"}],"wp:term":[{"taxonomy":"product_brand","embeddable":true,"href":"https:\/\/adl-regalosempresa.com\/tiendaonline\/wp-json\/wp\/v2\/product_brand?post=122107"},{"taxonomy":"product_cat","embeddable":true,"href":"https:\/\/adl-regalosempresa.com\/tiendaonline\/wp-json\/wp\/v2\/product_cat?post=122107"},{"taxonomy":"product_tag","embeddable":true,"href":"https:\/\/adl-regalosempresa.com\/tiendaonline\/wp-json\/wp\/v2\/product_tag?post=122107"}],"curies":[{"name":"wp","href":"https:\/\/api.w.org\/{rel}","templated":true}]}}