{"id":122058,"date":"2026-03-24T06:12:48","date_gmt":"2026-03-24T06:12:48","guid":{"rendered":"https:\/\/adl-regalosempresa.com\/tiendaonline\/articulos\/merchandising\/boligrafo-monocromatico-de-papel-reciclado-con-acabado-mate-para-personalizar-con-logo\/"},"modified":"2026-04-17T08:16:08","modified_gmt":"2026-04-17T08:16:08","slug":"boligrafo-monocromatico-de-papel-reciclado-con-acabado-mate-para-personalizar-con-logo","status":"publish","type":"product","link":"https:\/\/adl-regalosempresa.com\/tiendaonline\/articulos\/merchandising\/boligrafo-monocromatico-de-papel-reciclado-con-acabado-mate-para-personalizar-con-logo\/","title":{"rendered":"Bol\u00edgrafo monocrom\u00e1tico de papel reciclado con acabado mate  para personalizar con logo"},"content":{"rendered":"<p>Bol\u00edgrafo monocrom\u00e1tico mate de papel reciclado. Si eliges un bol\u00edgrafo monocrom\u00e1tico mate fabricado con papel reciclado, estar\u00e1s contribuyendo a una producci\u00f3n m\u00e1s sostenible y a una pr\u00e1ctica forestal responsable. Este bol\u00edgrafo combina un dise\u00f1o elegante con un enfoque respetuoso con el medio ambiente, ya que utiliza papel procedente de bosques gestionados de forma responsable. Color de la tinta del bol\u00edgrafo: Negro. Tama\u00f1o del plum\u00edn: 1,00 mm. Longitud de escritura: 500 metros.<\/p>\n","protected":false},"excerpt":{"rendered":"<p><strong>Descuentos por cantidades<\/strong><br \/>&#8211; a partir de 1000 unidades: 0,1 \u20ac\/ud<br \/>&#8211; a partir de 2500 unidades: 0,1 \u20ac\/ud<br \/>&#8211; a partir de 5000 unidades: 0,1 \u20ac\/ud<\/p>\n<p>Para cantidades superiores a las aqu\u00ed indicadas, no dudes en ponerte en contacto con nuestro departamento comercial o <a href='https:\/\/adl-regalosempresa.com\/tiendaonline\/solicitud-presupuesto\/'>pedirnos presupuesto personalizado<\/a>, ajustaremos el presupuesto a tus necesidades.<\/p>\n","protected":false},"featured_media":122060,"template":"","meta":{"_kad_post_transparent":"","_kad_post_title":"","_kad_post_layout":"","_kad_post_sidebar_id":"","_kad_post_content_style":"","_kad_post_vertical_padding":"","_kad_post_feature":"","_kad_post_feature_position":"","_kad_post_header":false,"_kad_post_footer":false,"_kad_post_classname":""},"product_brand":[],"product_cat":[4288,4287],"product_tag":[],"class_list":{"0":"post-122058","1":"product","2":"type-product","3":"status-publish","4":"has-post-thumbnail","6":"product_cat-boligrafos","7":"product_cat-boligrafos-y-escritura","8":"pa_color-azul","9":"pa_color-blanco","10":"pa_color-negro-intenso","11":"pa_color-rojo","12":"pa_color-verde","13":"pa_color-simple-azul","14":"pa_color-simple-blanco","15":"pa_color-simple-negro-intenso","16":"pa_color-simple-rojo","17":"pa_color-simple-verde","18":"pa_diametro-1-cm","19":"pa_largo-14-cm","20":"pa_marca-unbranded","21":"pa_material-papel-reciclado","22":"pa_peso-58-gr","24":"first","25":"instock","26":"taxable","27":"shipping-taxable","28":"purchasable","29":"product-type-variable","30":"entry","31":"content-bg","32":"loop-entry"},"yoast_head":"<!-- This site is optimized with the Yoast SEO plugin v26.3 - https:\/\/yoast.com\/wordpress\/plugins\/seo\/ -->\n<title>Merchandising Bol\u00edgrafo monocrom\u00e1tico de papel reciclado con acabado mate para personalizar con logo - ADL<\/title>\n<meta name=\"description\" content=\"Art\u00edculo de merchandising Bol\u00edgrafo monocrom\u00e1tico de papel reciclado con acabado mate &quot;Chartik&quot; (tinta negra). Bol\u00edgrafo monocrom\u00e1tico mate de papel reciclado. Si eliges un bol\u00edgrafo monocrom\u00e1tico mate fabricado con papel reciclado, estar\u00e1s contribuyendo a una producci\u00f3n m\u00e1s sostenible y a una pr\u00e1ctica forestal responsable. Este bol\u00edgrafo combina un dise\u00f1o elegante con un enfoque respetuoso con el medio ambiente, ya que utiliza papel procedente de bosques gestionados de forma responsable. Color de la tinta del bol\u00edgrafo: Negro. Tama\u00f1o del plum\u00edn: 1,00 mm. Longitud de escritura: 500 metros.\" \/>\n<meta name=\"robots\" content=\"index, follow, max-snippet:-1, max-image-preview:large, max-video-preview:-1\" \/>\n<link rel=\"canonical\" href=\"https:\/\/adl-regalosempresa.com\/tiendaonline\/articulos\/merchandising\/boligrafo-monocromatico-de-papel-reciclado-con-acabado-mate-para-personalizar-con-logo\/\" \/>\n<meta property=\"og:locale\" content=\"es_ES\" \/>\n<meta property=\"og:type\" content=\"article\" \/>\n<meta property=\"og:title\" content=\"Merchandising Bol\u00edgrafo monocrom\u00e1tico de papel reciclado con acabado mate para personalizar con logo - ADL\" \/>\n<meta property=\"og:description\" content=\"Art\u00edculo de merchandising Bol\u00edgrafo monocrom\u00e1tico de papel reciclado con acabado mate &quot;Chartik&quot; (tinta negra). Bol\u00edgrafo monocrom\u00e1tico mate de papel reciclado. Si eliges un bol\u00edgrafo monocrom\u00e1tico mate fabricado con papel reciclado, estar\u00e1s contribuyendo a una producci\u00f3n m\u00e1s sostenible y a una pr\u00e1ctica forestal responsable. Este bol\u00edgrafo combina un dise\u00f1o elegante con un enfoque respetuoso con el medio ambiente, ya que utiliza papel procedente de bosques gestionados de forma responsable. Color de la tinta del bol\u00edgrafo: Negro. Tama\u00f1o del plum\u00edn: 1,00 mm. Longitud de escritura: 500 metros.\" \/>\n<meta property=\"og:url\" content=\"https:\/\/adl-regalosempresa.com\/tiendaonline\/articulos\/merchandising\/boligrafo-monocromatico-de-papel-reciclado-con-acabado-mate-para-personalizar-con-logo\/\" \/>\n<meta property=\"og:site_name\" content=\"ADL Comunicaci\u00f3n\" \/>\n<meta property=\"article:modified_time\" content=\"2026-04-17T08:16:08+00:00\" \/>\n<meta property=\"og:image\" content=\"https:\/\/adl-regalosempresa.com\/tiendaonline\/wp-content\/uploads\/2023\/08\/10783901.jpg\" \/>\n\t<meta property=\"og:image:width\" content=\"1600\" \/>\n\t<meta property=\"og:image:height\" content=\"1600\" \/>\n\t<meta property=\"og:image:type\" content=\"image\/jpeg\" \/>\n<meta name=\"twitter:card\" content=\"summary_large_image\" \/>\n<meta name=\"twitter:title\" content=\"Merchandising Bol\u00edgrafo monocrom\u00e1tico de papel reciclado con acabado mate para personalizar con logo - ADL\" \/>\n<script type=\"application\/ld+json\" class=\"yoast-schema-graph\">{\"@context\":\"https:\/\/schema.org\",\"@graph\":[{\"@type\":\"WebPage\",\"@id\":\"https:\/\/adl-regalosempresa.com\/tiendaonline\/articulos\/merchandising\/boligrafo-monocromatico-de-papel-reciclado-con-acabado-mate-para-personalizar-con-logo\/\",\"url\":\"https:\/\/adl-regalosempresa.com\/tiendaonline\/articulos\/merchandising\/boligrafo-monocromatico-de-papel-reciclado-con-acabado-mate-para-personalizar-con-logo\/\",\"name\":\"Merchandising Bol\u00edgrafo monocrom\u00e1tico de papel reciclado con acabado mate para personalizar con logo - ADL\",\"isPartOf\":{\"@id\":\"https:\/\/adl-regalosempresa.com\/tiendaonline\/#website\"},\"primaryImageOfPage\":{\"@id\":\"https:\/\/adl-regalosempresa.com\/tiendaonline\/articulos\/merchandising\/boligrafo-monocromatico-de-papel-reciclado-con-acabado-mate-para-personalizar-con-logo\/#primaryimage\"},\"image\":{\"@id\":\"https:\/\/adl-regalosempresa.com\/tiendaonline\/articulos\/merchandising\/boligrafo-monocromatico-de-papel-reciclado-con-acabado-mate-para-personalizar-con-logo\/#primaryimage\"},\"thumbnailUrl\":\"https:\/\/adl-regalosempresa.com\/tiendaonline\/wp-content\/uploads\/2023\/08\/10783901.jpg\",\"datePublished\":\"2026-03-24T06:12:48+00:00\",\"dateModified\":\"2026-04-17T08:16:08+00:00\",\"description\":\"Art\u00edculo de merchandising Bol\u00edgrafo monocrom\u00e1tico de papel reciclado con acabado mate \\\"Chartik\\\" (tinta negra). Bol\u00edgrafo monocrom\u00e1tico mate de papel reciclado. Si eliges un bol\u00edgrafo monocrom\u00e1tico mate fabricado con papel reciclado, estar\u00e1s contribuyendo a una producci\u00f3n m\u00e1s sostenible y a una pr\u00e1ctica forestal responsable. Este bol\u00edgrafo combina un dise\u00f1o elegante con un enfoque respetuoso con el medio ambiente, ya que utiliza papel procedente de bosques gestionados de forma responsable. Color de la tinta del bol\u00edgrafo: Negro. Tama\u00f1o del plum\u00edn: 1,00 mm. Longitud de escritura: 500 metros.\",\"breadcrumb\":{\"@id\":\"https:\/\/adl-regalosempresa.com\/tiendaonline\/articulos\/merchandising\/boligrafo-monocromatico-de-papel-reciclado-con-acabado-mate-para-personalizar-con-logo\/#breadcrumb\"},\"inLanguage\":\"es\",\"potentialAction\":[{\"@type\":\"ReadAction\",\"target\":[\"https:\/\/adl-regalosempresa.com\/tiendaonline\/articulos\/merchandising\/boligrafo-monocromatico-de-papel-reciclado-con-acabado-mate-para-personalizar-con-logo\/\"]}]},{\"@type\":\"ImageObject\",\"inLanguage\":\"es\",\"@id\":\"https:\/\/adl-regalosempresa.com\/tiendaonline\/articulos\/merchandising\/boligrafo-monocromatico-de-papel-reciclado-con-acabado-mate-para-personalizar-con-logo\/#primaryimage\",\"url\":\"https:\/\/adl-regalosempresa.com\/tiendaonline\/wp-content\/uploads\/2023\/08\/10783901.jpg\",\"contentUrl\":\"https:\/\/adl-regalosempresa.com\/tiendaonline\/wp-content\/uploads\/2023\/08\/10783901.jpg\",\"width\":1600,\"height\":1600,\"caption\":\"Bol\u00edgrafo monocrom\u00e1tico de papel reciclado con acabado mate \\\"Chartik\\\" (tinta negra)\"},{\"@type\":\"BreadcrumbList\",\"@id\":\"https:\/\/adl-regalosempresa.com\/tiendaonline\/articulos\/merchandising\/boligrafo-monocromatico-de-papel-reciclado-con-acabado-mate-para-personalizar-con-logo\/#breadcrumb\",\"itemListElement\":[{\"@type\":\"ListItem\",\"position\":1,\"name\":\"Portada\",\"item\":\"https:\/\/adl-regalosempresa.com\/tiendaonline\/\"},{\"@type\":\"ListItem\",\"position\":2,\"name\":\"Tienda\",\"item\":\"https:\/\/adl-regalosempresa.com\/tiendaonline\/tienda\/\"},{\"@type\":\"ListItem\",\"position\":3,\"name\":\"Bol\u00edgrafo monocrom\u00e1tico de papel reciclado con acabado mate para personalizar con logo\"}]},{\"@type\":\"WebSite\",\"@id\":\"https:\/\/adl-regalosempresa.com\/tiendaonline\/#website\",\"url\":\"https:\/\/adl-regalosempresa.com\/tiendaonline\/\",\"name\":\"ADL Comunicaci\u00f3n\",\"description\":\"Regalos de empresa\",\"publisher\":{\"@id\":\"https:\/\/adl-regalosempresa.com\/tiendaonline\/#organization\"},\"potentialAction\":[{\"@type\":\"SearchAction\",\"target\":{\"@type\":\"EntryPoint\",\"urlTemplate\":\"https:\/\/adl-regalosempresa.com\/tiendaonline\/?s={search_term_string}\"},\"query-input\":{\"@type\":\"PropertyValueSpecification\",\"valueRequired\":true,\"valueName\":\"search_term_string\"}}],\"inLanguage\":\"es\"},{\"@type\":\"Organization\",\"@id\":\"https:\/\/adl-regalosempresa.com\/tiendaonline\/#organization\",\"name\":\"ADL Comunicaci\u00f3n\",\"url\":\"https:\/\/adl-regalosempresa.com\/tiendaonline\/\",\"logo\":{\"@type\":\"ImageObject\",\"inLanguage\":\"es\",\"@id\":\"https:\/\/adl-regalosempresa.com\/tiendaonline\/#\/schema\/logo\/image\/\",\"url\":\"https:\/\/adl-regalosempresa.com\/tiendaonline\/wp-content\/uploads\/2017\/09\/logo-adl-wp.png\",\"contentUrl\":\"https:\/\/adl-regalosempresa.com\/tiendaonline\/wp-content\/uploads\/2017\/09\/logo-adl-wp.png\",\"width\":407,\"height\":185,\"caption\":\"ADL Comunicaci\u00f3n\"},\"image\":{\"@id\":\"https:\/\/adl-regalosempresa.com\/tiendaonline\/#\/schema\/logo\/image\/\"}}]}<\/script>\n<!-- \/ Yoast SEO plugin. -->","yoast_head_json":{"title":"Merchandising Bol\u00edgrafo monocrom\u00e1tico de papel reciclado con acabado mate para personalizar con logo - ADL","description":"Art\u00edculo de merchandising Bol\u00edgrafo monocrom\u00e1tico de papel reciclado con acabado mate \"Chartik\" (tinta negra). Bol\u00edgrafo monocrom\u00e1tico mate de papel reciclado. Si eliges un bol\u00edgrafo monocrom\u00e1tico mate fabricado con papel reciclado, estar\u00e1s contribuyendo a una producci\u00f3n m\u00e1s sostenible y a una pr\u00e1ctica forestal responsable. Este bol\u00edgrafo combina un dise\u00f1o elegante con un enfoque respetuoso con el medio ambiente, ya que utiliza papel procedente de bosques gestionados de forma responsable. Color de la tinta del bol\u00edgrafo: Negro. Tama\u00f1o del plum\u00edn: 1,00 mm. Longitud de escritura: 500 metros.","robots":{"index":"index","follow":"follow","max-snippet":"max-snippet:-1","max-image-preview":"max-image-preview:large","max-video-preview":"max-video-preview:-1"},"canonical":"https:\/\/adl-regalosempresa.com\/tiendaonline\/articulos\/merchandising\/boligrafo-monocromatico-de-papel-reciclado-con-acabado-mate-para-personalizar-con-logo\/","og_locale":"es_ES","og_type":"article","og_title":"Merchandising Bol\u00edgrafo monocrom\u00e1tico de papel reciclado con acabado mate para personalizar con logo - ADL","og_description":"Art\u00edculo de merchandising Bol\u00edgrafo monocrom\u00e1tico de papel reciclado con acabado mate \"Chartik\" (tinta negra). Bol\u00edgrafo monocrom\u00e1tico mate de papel reciclado. Si eliges un bol\u00edgrafo monocrom\u00e1tico mate fabricado con papel reciclado, estar\u00e1s contribuyendo a una producci\u00f3n m\u00e1s sostenible y a una pr\u00e1ctica forestal responsable. Este bol\u00edgrafo combina un dise\u00f1o elegante con un enfoque respetuoso con el medio ambiente, ya que utiliza papel procedente de bosques gestionados de forma responsable. Color de la tinta del bol\u00edgrafo: Negro. Tama\u00f1o del plum\u00edn: 1,00 mm. Longitud de escritura: 500 metros.","og_url":"https:\/\/adl-regalosempresa.com\/tiendaonline\/articulos\/merchandising\/boligrafo-monocromatico-de-papel-reciclado-con-acabado-mate-para-personalizar-con-logo\/","og_site_name":"ADL Comunicaci\u00f3n","article_modified_time":"2026-04-17T08:16:08+00:00","og_image":[{"width":1600,"height":1600,"url":"https:\/\/adl-regalosempresa.com\/tiendaonline\/wp-content\/uploads\/2023\/08\/10783901.jpg","type":"image\/jpeg"}],"twitter_card":"summary_large_image","twitter_title":"Merchandising Bol\u00edgrafo monocrom\u00e1tico de papel reciclado con acabado mate para personalizar con logo - ADL","schema":{"@context":"https:\/\/schema.org","@graph":[{"@type":"WebPage","@id":"https:\/\/adl-regalosempresa.com\/tiendaonline\/articulos\/merchandising\/boligrafo-monocromatico-de-papel-reciclado-con-acabado-mate-para-personalizar-con-logo\/","url":"https:\/\/adl-regalosempresa.com\/tiendaonline\/articulos\/merchandising\/boligrafo-monocromatico-de-papel-reciclado-con-acabado-mate-para-personalizar-con-logo\/","name":"Merchandising Bol\u00edgrafo monocrom\u00e1tico de papel reciclado con acabado mate para personalizar con logo - ADL","isPartOf":{"@id":"https:\/\/adl-regalosempresa.com\/tiendaonline\/#website"},"primaryImageOfPage":{"@id":"https:\/\/adl-regalosempresa.com\/tiendaonline\/articulos\/merchandising\/boligrafo-monocromatico-de-papel-reciclado-con-acabado-mate-para-personalizar-con-logo\/#primaryimage"},"image":{"@id":"https:\/\/adl-regalosempresa.com\/tiendaonline\/articulos\/merchandising\/boligrafo-monocromatico-de-papel-reciclado-con-acabado-mate-para-personalizar-con-logo\/#primaryimage"},"thumbnailUrl":"https:\/\/adl-regalosempresa.com\/tiendaonline\/wp-content\/uploads\/2023\/08\/10783901.jpg","datePublished":"2026-03-24T06:12:48+00:00","dateModified":"2026-04-17T08:16:08+00:00","description":"Art\u00edculo de merchandising Bol\u00edgrafo monocrom\u00e1tico de papel reciclado con acabado mate \"Chartik\" (tinta negra). Bol\u00edgrafo monocrom\u00e1tico mate de papel reciclado. Si eliges un bol\u00edgrafo monocrom\u00e1tico mate fabricado con papel reciclado, estar\u00e1s contribuyendo a una producci\u00f3n m\u00e1s sostenible y a una pr\u00e1ctica forestal responsable. Este bol\u00edgrafo combina un dise\u00f1o elegante con un enfoque respetuoso con el medio ambiente, ya que utiliza papel procedente de bosques gestionados de forma responsable. Color de la tinta del bol\u00edgrafo: Negro. Tama\u00f1o del plum\u00edn: 1,00 mm. Longitud de escritura: 500 metros.","breadcrumb":{"@id":"https:\/\/adl-regalosempresa.com\/tiendaonline\/articulos\/merchandising\/boligrafo-monocromatico-de-papel-reciclado-con-acabado-mate-para-personalizar-con-logo\/#breadcrumb"},"inLanguage":"es","potentialAction":[{"@type":"ReadAction","target":["https:\/\/adl-regalosempresa.com\/tiendaonline\/articulos\/merchandising\/boligrafo-monocromatico-de-papel-reciclado-con-acabado-mate-para-personalizar-con-logo\/"]}]},{"@type":"ImageObject","inLanguage":"es","@id":"https:\/\/adl-regalosempresa.com\/tiendaonline\/articulos\/merchandising\/boligrafo-monocromatico-de-papel-reciclado-con-acabado-mate-para-personalizar-con-logo\/#primaryimage","url":"https:\/\/adl-regalosempresa.com\/tiendaonline\/wp-content\/uploads\/2023\/08\/10783901.jpg","contentUrl":"https:\/\/adl-regalosempresa.com\/tiendaonline\/wp-content\/uploads\/2023\/08\/10783901.jpg","width":1600,"height":1600,"caption":"Bol\u00edgrafo monocrom\u00e1tico de papel reciclado con acabado mate \"Chartik\" (tinta negra)"},{"@type":"BreadcrumbList","@id":"https:\/\/adl-regalosempresa.com\/tiendaonline\/articulos\/merchandising\/boligrafo-monocromatico-de-papel-reciclado-con-acabado-mate-para-personalizar-con-logo\/#breadcrumb","itemListElement":[{"@type":"ListItem","position":1,"name":"Portada","item":"https:\/\/adl-regalosempresa.com\/tiendaonline\/"},{"@type":"ListItem","position":2,"name":"Tienda","item":"https:\/\/adl-regalosempresa.com\/tiendaonline\/tienda\/"},{"@type":"ListItem","position":3,"name":"Bol\u00edgrafo monocrom\u00e1tico de papel reciclado con acabado mate para personalizar con logo"}]},{"@type":"WebSite","@id":"https:\/\/adl-regalosempresa.com\/tiendaonline\/#website","url":"https:\/\/adl-regalosempresa.com\/tiendaonline\/","name":"ADL Comunicaci\u00f3n","description":"Regalos de empresa","publisher":{"@id":"https:\/\/adl-regalosempresa.com\/tiendaonline\/#organization"},"potentialAction":[{"@type":"SearchAction","target":{"@type":"EntryPoint","urlTemplate":"https:\/\/adl-regalosempresa.com\/tiendaonline\/?s={search_term_string}"},"query-input":{"@type":"PropertyValueSpecification","valueRequired":true,"valueName":"search_term_string"}}],"inLanguage":"es"},{"@type":"Organization","@id":"https:\/\/adl-regalosempresa.com\/tiendaonline\/#organization","name":"ADL Comunicaci\u00f3n","url":"https:\/\/adl-regalosempresa.com\/tiendaonline\/","logo":{"@type":"ImageObject","inLanguage":"es","@id":"https:\/\/adl-regalosempresa.com\/tiendaonline\/#\/schema\/logo\/image\/","url":"https:\/\/adl-regalosempresa.com\/tiendaonline\/wp-content\/uploads\/2017\/09\/logo-adl-wp.png","contentUrl":"https:\/\/adl-regalosempresa.com\/tiendaonline\/wp-content\/uploads\/2017\/09\/logo-adl-wp.png","width":407,"height":185,"caption":"ADL Comunicaci\u00f3n"},"image":{"@id":"https:\/\/adl-regalosempresa.com\/tiendaonline\/#\/schema\/logo\/image\/"}}]}},"_links":{"self":[{"href":"https:\/\/adl-regalosempresa.com\/tiendaonline\/wp-json\/wp\/v2\/product\/122058","targetHints":{"allow":["GET"]}}],"collection":[{"href":"https:\/\/adl-regalosempresa.com\/tiendaonline\/wp-json\/wp\/v2\/product"}],"about":[{"href":"https:\/\/adl-regalosempresa.com\/tiendaonline\/wp-json\/wp\/v2\/types\/product"}],"wp:featuredmedia":[{"embeddable":true,"href":"https:\/\/adl-regalosempresa.com\/tiendaonline\/wp-json\/wp\/v2\/media\/122060"}],"wp:attachment":[{"href":"https:\/\/adl-regalosempresa.com\/tiendaonline\/wp-json\/wp\/v2\/media?parent=122058"}],"wp:term":[{"taxonomy":"product_brand","embeddable":true,"href":"https:\/\/adl-regalosempresa.com\/tiendaonline\/wp-json\/wp\/v2\/product_brand?post=122058"},{"taxonomy":"product_cat","embeddable":true,"href":"https:\/\/adl-regalosempresa.com\/tiendaonline\/wp-json\/wp\/v2\/product_cat?post=122058"},{"taxonomy":"product_tag","embeddable":true,"href":"https:\/\/adl-regalosempresa.com\/tiendaonline\/wp-json\/wp\/v2\/product_tag?post=122058"}],"curies":[{"name":"wp","href":"https:\/\/api.w.org\/{rel}","templated":true}]}}