{"id":122049,"date":"2026-03-24T06:12:48","date_gmt":"2026-03-24T06:12:48","guid":{"rendered":"https:\/\/adl-regalosempresa.com\/tiendaonline\/articulos\/merchandising\/set-para-colorear-de-6-piezas-para-personalizar-con-logo\/"},"modified":"2026-04-03T07:52:09","modified_gmt":"2026-04-03T07:52:09","slug":"set-para-colorear-de-6-piezas-para-personalizar-con-logo","status":"publish","type":"product","link":"https:\/\/adl-regalosempresa.com\/tiendaonline\/articulos\/merchandising\/set-para-colorear-de-6-piezas-para-personalizar-con-logo\/","title":{"rendered":"Set para colorear de 6 piezas  para personalizar con logo"},"content":{"rendered":"<p>Juego de 6 l\u00e1pices de madera de \u00e1lamo. Si optas por un juego de l\u00e1pices de colores fabricados con madera procedente de bosques gestionados de forma responsable, estar\u00e1s contribuyendo a una producci\u00f3n de material art\u00edstico m\u00e1s sostenible y \u00e9tica. Se entrega con un manual en una caja de papel kraft. Tama\u00f1o del l\u00e1piz: 87 x 7 mm. \u00a1Advertencia! No apto para ni\u00f1os menores de tres a\u00f1os. Piezas peque\u00f1as. Peligro de asfixia.<\/p>\n","protected":false},"excerpt":{"rendered":"<p><strong>Descuentos por cantidades<\/strong><br \/>&#8211; a partir de 500 unidades: 0,39 \u20ac\/ud<br \/>&#8211; a partir de 1000 unidades: 0,37 \u20ac\/ud<br \/>&#8211; a partir de 2500 unidades: 0,37 \u20ac\/ud<\/p>\n<p>Para cantidades superiores a las aqu\u00ed indicadas, no dudes en ponerte en contacto con nuestro departamento comercial o <a href='https:\/\/adl-regalosempresa.com\/tiendaonline\/solicitud-presupuesto\/'>pedirnos presupuesto personalizado<\/a>, ajustaremos el presupuesto a tus necesidades.<\/p>\n","protected":false},"featured_media":122051,"template":"","meta":{"_kad_post_transparent":"","_kad_post_title":"","_kad_post_layout":"","_kad_post_sidebar_id":"","_kad_post_content_style":"","_kad_post_vertical_padding":"","_kad_post_feature":"","_kad_post_feature_position":"","_kad_post_header":false,"_kad_post_footer":false,"_kad_post_classname":""},"product_brand":[],"product_cat":[4287,4299],"product_tag":[],"class_list":{"0":"post-122049","1":"product","2":"type-product","3":"status-publish","4":"has-post-thumbnail","6":"product_cat-boligrafos-y-escritura","7":"product_cat-sets-de-colorear-sets-de-color","8":"pa_color-natural","9":"pa_color-simple-natural","10":"pa_diametro-07-cm","11":"pa_largo-87-cm","12":"pa_marca-unbranded","13":"pa_material-madera","14":"pa_peso-31-gr","16":"first","17":"instock","18":"taxable","19":"shipping-taxable","20":"purchasable","21":"product-type-variable","22":"entry","23":"content-bg","24":"loop-entry"},"yoast_head":"<!-- This site is optimized with the Yoast SEO plugin v26.3 - https:\/\/yoast.com\/wordpress\/plugins\/seo\/ -->\n<title>Merchandising Set para colorear de 6 piezas para personalizar con logo - ADL<\/title>\n<meta name=\"description\" content=\"Art\u00edculo de merchandising Set para colorear de 6 piezas &quot;Artemaa&quot;. Juego de 6 l\u00e1pices de madera de \u00e1lamo. Si optas por un juego de l\u00e1pices de colores fabricados con madera procedente de bosques gestionados de forma responsable, estar\u00e1s contribuyendo a una producci\u00f3n de material art\u00edstico m\u00e1s sostenible y \u00e9tica. Se entrega con un manual en una caja de papel kraft. Tama\u00f1o del l\u00e1piz: 87 x 7 mm. \u00a1Advertencia! No apto para ni\u00f1os menores de tres a\u00f1os. Piezas peque\u00f1as. Peligro de asfixia.\" \/>\n<meta name=\"robots\" content=\"index, follow, max-snippet:-1, max-image-preview:large, max-video-preview:-1\" \/>\n<link rel=\"canonical\" href=\"https:\/\/adl-regalosempresa.com\/tiendaonline\/articulos\/merchandising\/set-para-colorear-de-6-piezas-para-personalizar-con-logo\/\" \/>\n<meta property=\"og:locale\" content=\"es_ES\" \/>\n<meta property=\"og:type\" content=\"article\" \/>\n<meta property=\"og:title\" content=\"Merchandising Set para colorear de 6 piezas para personalizar con logo - ADL\" \/>\n<meta property=\"og:description\" content=\"Art\u00edculo de merchandising Set para colorear de 6 piezas &quot;Artemaa&quot;. Juego de 6 l\u00e1pices de madera de \u00e1lamo. Si optas por un juego de l\u00e1pices de colores fabricados con madera procedente de bosques gestionados de forma responsable, estar\u00e1s contribuyendo a una producci\u00f3n de material art\u00edstico m\u00e1s sostenible y \u00e9tica. Se entrega con un manual en una caja de papel kraft. Tama\u00f1o del l\u00e1piz: 87 x 7 mm. \u00a1Advertencia! No apto para ni\u00f1os menores de tres a\u00f1os. Piezas peque\u00f1as. Peligro de asfixia.\" \/>\n<meta property=\"og:url\" content=\"https:\/\/adl-regalosempresa.com\/tiendaonline\/articulos\/merchandising\/set-para-colorear-de-6-piezas-para-personalizar-con-logo\/\" \/>\n<meta property=\"og:site_name\" content=\"ADL Comunicaci\u00f3n\" \/>\n<meta property=\"article:modified_time\" content=\"2026-04-03T07:52:09+00:00\" \/>\n<meta property=\"og:image\" content=\"https:\/\/adl-regalosempresa.com\/tiendaonline\/wp-content\/uploads\/2023\/08\/10783006.jpg\" \/>\n\t<meta property=\"og:image:width\" content=\"1600\" \/>\n\t<meta property=\"og:image:height\" content=\"1600\" \/>\n\t<meta property=\"og:image:type\" content=\"image\/jpeg\" \/>\n<meta name=\"twitter:card\" content=\"summary_large_image\" \/>\n<meta name=\"twitter:title\" content=\"Merchandising Set para colorear de 6 piezas para personalizar con logo - ADL\" \/>\n<script type=\"application\/ld+json\" class=\"yoast-schema-graph\">{\"@context\":\"https:\/\/schema.org\",\"@graph\":[{\"@type\":\"WebPage\",\"@id\":\"https:\/\/adl-regalosempresa.com\/tiendaonline\/articulos\/merchandising\/set-para-colorear-de-6-piezas-para-personalizar-con-logo\/\",\"url\":\"https:\/\/adl-regalosempresa.com\/tiendaonline\/articulos\/merchandising\/set-para-colorear-de-6-piezas-para-personalizar-con-logo\/\",\"name\":\"Merchandising Set para colorear de 6 piezas para personalizar con logo - ADL\",\"isPartOf\":{\"@id\":\"https:\/\/adl-regalosempresa.com\/tiendaonline\/#website\"},\"primaryImageOfPage\":{\"@id\":\"https:\/\/adl-regalosempresa.com\/tiendaonline\/articulos\/merchandising\/set-para-colorear-de-6-piezas-para-personalizar-con-logo\/#primaryimage\"},\"image\":{\"@id\":\"https:\/\/adl-regalosempresa.com\/tiendaonline\/articulos\/merchandising\/set-para-colorear-de-6-piezas-para-personalizar-con-logo\/#primaryimage\"},\"thumbnailUrl\":\"https:\/\/adl-regalosempresa.com\/tiendaonline\/wp-content\/uploads\/2023\/08\/10783006.jpg\",\"datePublished\":\"2026-03-24T06:12:48+00:00\",\"dateModified\":\"2026-04-03T07:52:09+00:00\",\"description\":\"Art\u00edculo de merchandising Set para colorear de 6 piezas \\\"Artemaa\\\". Juego de 6 l\u00e1pices de madera de \u00e1lamo. Si optas por un juego de l\u00e1pices de colores fabricados con madera procedente de bosques gestionados de forma responsable, estar\u00e1s contribuyendo a una producci\u00f3n de material art\u00edstico m\u00e1s sostenible y \u00e9tica. Se entrega con un manual en una caja de papel kraft. Tama\u00f1o del l\u00e1piz: 87 x 7 mm. \u00a1Advertencia! No apto para ni\u00f1os menores de tres a\u00f1os. Piezas peque\u00f1as. Peligro de asfixia.\",\"breadcrumb\":{\"@id\":\"https:\/\/adl-regalosempresa.com\/tiendaonline\/articulos\/merchandising\/set-para-colorear-de-6-piezas-para-personalizar-con-logo\/#breadcrumb\"},\"inLanguage\":\"es\",\"potentialAction\":[{\"@type\":\"ReadAction\",\"target\":[\"https:\/\/adl-regalosempresa.com\/tiendaonline\/articulos\/merchandising\/set-para-colorear-de-6-piezas-para-personalizar-con-logo\/\"]}]},{\"@type\":\"ImageObject\",\"inLanguage\":\"es\",\"@id\":\"https:\/\/adl-regalosempresa.com\/tiendaonline\/articulos\/merchandising\/set-para-colorear-de-6-piezas-para-personalizar-con-logo\/#primaryimage\",\"url\":\"https:\/\/adl-regalosempresa.com\/tiendaonline\/wp-content\/uploads\/2023\/08\/10783006.jpg\",\"contentUrl\":\"https:\/\/adl-regalosempresa.com\/tiendaonline\/wp-content\/uploads\/2023\/08\/10783006.jpg\",\"width\":1600,\"height\":1600,\"caption\":\"Set para colorear de 6 piezas \\\"Artemaa\\\"\"},{\"@type\":\"BreadcrumbList\",\"@id\":\"https:\/\/adl-regalosempresa.com\/tiendaonline\/articulos\/merchandising\/set-para-colorear-de-6-piezas-para-personalizar-con-logo\/#breadcrumb\",\"itemListElement\":[{\"@type\":\"ListItem\",\"position\":1,\"name\":\"Portada\",\"item\":\"https:\/\/adl-regalosempresa.com\/tiendaonline\/\"},{\"@type\":\"ListItem\",\"position\":2,\"name\":\"Tienda\",\"item\":\"https:\/\/adl-regalosempresa.com\/tiendaonline\/tienda\/\"},{\"@type\":\"ListItem\",\"position\":3,\"name\":\"Set para colorear de 6 piezas para personalizar con logo\"}]},{\"@type\":\"WebSite\",\"@id\":\"https:\/\/adl-regalosempresa.com\/tiendaonline\/#website\",\"url\":\"https:\/\/adl-regalosempresa.com\/tiendaonline\/\",\"name\":\"ADL Comunicaci\u00f3n\",\"description\":\"Regalos de empresa\",\"publisher\":{\"@id\":\"https:\/\/adl-regalosempresa.com\/tiendaonline\/#organization\"},\"potentialAction\":[{\"@type\":\"SearchAction\",\"target\":{\"@type\":\"EntryPoint\",\"urlTemplate\":\"https:\/\/adl-regalosempresa.com\/tiendaonline\/?s={search_term_string}\"},\"query-input\":{\"@type\":\"PropertyValueSpecification\",\"valueRequired\":true,\"valueName\":\"search_term_string\"}}],\"inLanguage\":\"es\"},{\"@type\":\"Organization\",\"@id\":\"https:\/\/adl-regalosempresa.com\/tiendaonline\/#organization\",\"name\":\"ADL Comunicaci\u00f3n\",\"url\":\"https:\/\/adl-regalosempresa.com\/tiendaonline\/\",\"logo\":{\"@type\":\"ImageObject\",\"inLanguage\":\"es\",\"@id\":\"https:\/\/adl-regalosempresa.com\/tiendaonline\/#\/schema\/logo\/image\/\",\"url\":\"https:\/\/adl-regalosempresa.com\/tiendaonline\/wp-content\/uploads\/2017\/09\/logo-adl-wp.png\",\"contentUrl\":\"https:\/\/adl-regalosempresa.com\/tiendaonline\/wp-content\/uploads\/2017\/09\/logo-adl-wp.png\",\"width\":407,\"height\":185,\"caption\":\"ADL Comunicaci\u00f3n\"},\"image\":{\"@id\":\"https:\/\/adl-regalosempresa.com\/tiendaonline\/#\/schema\/logo\/image\/\"}}]}<\/script>\n<!-- \/ Yoast SEO plugin. -->","yoast_head_json":{"title":"Merchandising Set para colorear de 6 piezas para personalizar con logo - ADL","description":"Art\u00edculo de merchandising Set para colorear de 6 piezas \"Artemaa\". Juego de 6 l\u00e1pices de madera de \u00e1lamo. Si optas por un juego de l\u00e1pices de colores fabricados con madera procedente de bosques gestionados de forma responsable, estar\u00e1s contribuyendo a una producci\u00f3n de material art\u00edstico m\u00e1s sostenible y \u00e9tica. Se entrega con un manual en una caja de papel kraft. Tama\u00f1o del l\u00e1piz: 87 x 7 mm. \u00a1Advertencia! No apto para ni\u00f1os menores de tres a\u00f1os. Piezas peque\u00f1as. Peligro de asfixia.","robots":{"index":"index","follow":"follow","max-snippet":"max-snippet:-1","max-image-preview":"max-image-preview:large","max-video-preview":"max-video-preview:-1"},"canonical":"https:\/\/adl-regalosempresa.com\/tiendaonline\/articulos\/merchandising\/set-para-colorear-de-6-piezas-para-personalizar-con-logo\/","og_locale":"es_ES","og_type":"article","og_title":"Merchandising Set para colorear de 6 piezas para personalizar con logo - ADL","og_description":"Art\u00edculo de merchandising Set para colorear de 6 piezas \"Artemaa\". Juego de 6 l\u00e1pices de madera de \u00e1lamo. Si optas por un juego de l\u00e1pices de colores fabricados con madera procedente de bosques gestionados de forma responsable, estar\u00e1s contribuyendo a una producci\u00f3n de material art\u00edstico m\u00e1s sostenible y \u00e9tica. Se entrega con un manual en una caja de papel kraft. Tama\u00f1o del l\u00e1piz: 87 x 7 mm. \u00a1Advertencia! No apto para ni\u00f1os menores de tres a\u00f1os. Piezas peque\u00f1as. Peligro de asfixia.","og_url":"https:\/\/adl-regalosempresa.com\/tiendaonline\/articulos\/merchandising\/set-para-colorear-de-6-piezas-para-personalizar-con-logo\/","og_site_name":"ADL Comunicaci\u00f3n","article_modified_time":"2026-04-03T07:52:09+00:00","og_image":[{"width":1600,"height":1600,"url":"https:\/\/adl-regalosempresa.com\/tiendaonline\/wp-content\/uploads\/2023\/08\/10783006.jpg","type":"image\/jpeg"}],"twitter_card":"summary_large_image","twitter_title":"Merchandising Set para colorear de 6 piezas para personalizar con logo - ADL","schema":{"@context":"https:\/\/schema.org","@graph":[{"@type":"WebPage","@id":"https:\/\/adl-regalosempresa.com\/tiendaonline\/articulos\/merchandising\/set-para-colorear-de-6-piezas-para-personalizar-con-logo\/","url":"https:\/\/adl-regalosempresa.com\/tiendaonline\/articulos\/merchandising\/set-para-colorear-de-6-piezas-para-personalizar-con-logo\/","name":"Merchandising Set para colorear de 6 piezas para personalizar con logo - ADL","isPartOf":{"@id":"https:\/\/adl-regalosempresa.com\/tiendaonline\/#website"},"primaryImageOfPage":{"@id":"https:\/\/adl-regalosempresa.com\/tiendaonline\/articulos\/merchandising\/set-para-colorear-de-6-piezas-para-personalizar-con-logo\/#primaryimage"},"image":{"@id":"https:\/\/adl-regalosempresa.com\/tiendaonline\/articulos\/merchandising\/set-para-colorear-de-6-piezas-para-personalizar-con-logo\/#primaryimage"},"thumbnailUrl":"https:\/\/adl-regalosempresa.com\/tiendaonline\/wp-content\/uploads\/2023\/08\/10783006.jpg","datePublished":"2026-03-24T06:12:48+00:00","dateModified":"2026-04-03T07:52:09+00:00","description":"Art\u00edculo de merchandising Set para colorear de 6 piezas \"Artemaa\". Juego de 6 l\u00e1pices de madera de \u00e1lamo. Si optas por un juego de l\u00e1pices de colores fabricados con madera procedente de bosques gestionados de forma responsable, estar\u00e1s contribuyendo a una producci\u00f3n de material art\u00edstico m\u00e1s sostenible y \u00e9tica. Se entrega con un manual en una caja de papel kraft. Tama\u00f1o del l\u00e1piz: 87 x 7 mm. \u00a1Advertencia! No apto para ni\u00f1os menores de tres a\u00f1os. Piezas peque\u00f1as. Peligro de asfixia.","breadcrumb":{"@id":"https:\/\/adl-regalosempresa.com\/tiendaonline\/articulos\/merchandising\/set-para-colorear-de-6-piezas-para-personalizar-con-logo\/#breadcrumb"},"inLanguage":"es","potentialAction":[{"@type":"ReadAction","target":["https:\/\/adl-regalosempresa.com\/tiendaonline\/articulos\/merchandising\/set-para-colorear-de-6-piezas-para-personalizar-con-logo\/"]}]},{"@type":"ImageObject","inLanguage":"es","@id":"https:\/\/adl-regalosempresa.com\/tiendaonline\/articulos\/merchandising\/set-para-colorear-de-6-piezas-para-personalizar-con-logo\/#primaryimage","url":"https:\/\/adl-regalosempresa.com\/tiendaonline\/wp-content\/uploads\/2023\/08\/10783006.jpg","contentUrl":"https:\/\/adl-regalosempresa.com\/tiendaonline\/wp-content\/uploads\/2023\/08\/10783006.jpg","width":1600,"height":1600,"caption":"Set para colorear de 6 piezas \"Artemaa\""},{"@type":"BreadcrumbList","@id":"https:\/\/adl-regalosempresa.com\/tiendaonline\/articulos\/merchandising\/set-para-colorear-de-6-piezas-para-personalizar-con-logo\/#breadcrumb","itemListElement":[{"@type":"ListItem","position":1,"name":"Portada","item":"https:\/\/adl-regalosempresa.com\/tiendaonline\/"},{"@type":"ListItem","position":2,"name":"Tienda","item":"https:\/\/adl-regalosempresa.com\/tiendaonline\/tienda\/"},{"@type":"ListItem","position":3,"name":"Set para colorear de 6 piezas para personalizar con logo"}]},{"@type":"WebSite","@id":"https:\/\/adl-regalosempresa.com\/tiendaonline\/#website","url":"https:\/\/adl-regalosempresa.com\/tiendaonline\/","name":"ADL Comunicaci\u00f3n","description":"Regalos de empresa","publisher":{"@id":"https:\/\/adl-regalosempresa.com\/tiendaonline\/#organization"},"potentialAction":[{"@type":"SearchAction","target":{"@type":"EntryPoint","urlTemplate":"https:\/\/adl-regalosempresa.com\/tiendaonline\/?s={search_term_string}"},"query-input":{"@type":"PropertyValueSpecification","valueRequired":true,"valueName":"search_term_string"}}],"inLanguage":"es"},{"@type":"Organization","@id":"https:\/\/adl-regalosempresa.com\/tiendaonline\/#organization","name":"ADL Comunicaci\u00f3n","url":"https:\/\/adl-regalosempresa.com\/tiendaonline\/","logo":{"@type":"ImageObject","inLanguage":"es","@id":"https:\/\/adl-regalosempresa.com\/tiendaonline\/#\/schema\/logo\/image\/","url":"https:\/\/adl-regalosempresa.com\/tiendaonline\/wp-content\/uploads\/2017\/09\/logo-adl-wp.png","contentUrl":"https:\/\/adl-regalosempresa.com\/tiendaonline\/wp-content\/uploads\/2017\/09\/logo-adl-wp.png","width":407,"height":185,"caption":"ADL Comunicaci\u00f3n"},"image":{"@id":"https:\/\/adl-regalosempresa.com\/tiendaonline\/#\/schema\/logo\/image\/"}}]}},"_links":{"self":[{"href":"https:\/\/adl-regalosempresa.com\/tiendaonline\/wp-json\/wp\/v2\/product\/122049","targetHints":{"allow":["GET"]}}],"collection":[{"href":"https:\/\/adl-regalosempresa.com\/tiendaonline\/wp-json\/wp\/v2\/product"}],"about":[{"href":"https:\/\/adl-regalosempresa.com\/tiendaonline\/wp-json\/wp\/v2\/types\/product"}],"wp:featuredmedia":[{"embeddable":true,"href":"https:\/\/adl-regalosempresa.com\/tiendaonline\/wp-json\/wp\/v2\/media\/122051"}],"wp:attachment":[{"href":"https:\/\/adl-regalosempresa.com\/tiendaonline\/wp-json\/wp\/v2\/media?parent=122049"}],"wp:term":[{"taxonomy":"product_brand","embeddable":true,"href":"https:\/\/adl-regalosempresa.com\/tiendaonline\/wp-json\/wp\/v2\/product_brand?post=122049"},{"taxonomy":"product_cat","embeddable":true,"href":"https:\/\/adl-regalosempresa.com\/tiendaonline\/wp-json\/wp\/v2\/product_cat?post=122049"},{"taxonomy":"product_tag","embeddable":true,"href":"https:\/\/adl-regalosempresa.com\/tiendaonline\/wp-json\/wp\/v2\/product_tag?post=122049"}],"curies":[{"name":"wp","href":"https:\/\/api.w.org\/{rel}","templated":true}]}}