{"id":121852,"date":"2026-03-24T06:15:04","date_gmt":"2026-03-24T06:15:04","guid":{"rendered":"https:\/\/adl-regalosempresa.com\/tiendaonline\/articulos\/merchandising\/kit-de-viaje-para-personalizar-con-logo\/"},"modified":"2026-04-10T08:44:12","modified_gmt":"2026-04-10T08:44:12","slug":"neceser-de-viaje-reciclado-para-personalizar-con-logo","status":"publish","type":"product","link":"https:\/\/adl-regalosempresa.com\/tiendaonline\/articulos\/merchandising\/neceser-de-viaje-reciclado-para-personalizar-con-logo\/","title":{"rendered":"Neceser de viaje reciclado  para personalizar con logo"},"content":{"rendered":"<p>El neceser de viaje \u201cHerschel Chapter\u201d, el compa\u00f1ero ideal para tus grandes viajes. \u00dasalo para guardar tu cepillo de dientes y tus art\u00edculos de aseo, o ampl\u00eda sus l\u00edmites y mant\u00e9n los peque\u00f1os accesorios (como calcetines, cargadores, gu\u00edas y mapas) bien organizados en tu equipaje. El tejido 600D est\u00e1 fabricado a partir de botellas de agua 100% recicladas, por lo que es duradero y respetuoso con el medio ambiente. El cierre de cremallera impermeable garantiza la protecci\u00f3n de tus art\u00edculos m\u00e1s importantes y su asa lateral facilita el transporte. La Herschel Chapter est\u00e1 dise\u00f1ada con m\u00faltiples opciones de organizaci\u00f3n, con un bolsillo frontal con cremallera y una bolsa de almacenamiento interna de malla, que te ofrecen posibilidades infinitas. La aventura te espera, y la Herschel Chapter est\u00e1 lista para acompa\u00f1arte en tu pr\u00f3ximo viaje.<\/p>\n","protected":false},"excerpt":{"rendered":"<p><strong>Descuentos por cantidades<\/strong><br \/>&#8211; a partir de 25 unidades: 38,74 \u20ac\/ud<br \/>&#8211; a partir de 50 unidades: 38,15 \u20ac\/ud<br \/>&#8211; a partir de 100 unidades: 37,77 \u20ac\/ud<\/p>\n<p>Para cantidades superiores a las aqu\u00ed indicadas, no dudes en ponerte en contacto con nuestro departamento comercial o <a href='https:\/\/adl-regalosempresa.com\/tiendaonline\/solicitud-presupuesto\/'>pedirnos presupuesto personalizado<\/a>, ajustaremos el presupuesto a tus necesidades.<\/p>\n","protected":false},"featured_media":121854,"template":"","meta":{"_kad_post_transparent":"","_kad_post_title":"","_kad_post_layout":"","_kad_post_sidebar_id":"","_kad_post_content_style":"","_kad_post_vertical_padding":"","_kad_post_feature":"","_kad_post_feature_position":"","_kad_post_header":false,"_kad_post_footer":false,"_kad_post_classname":""},"product_brand":[],"product_cat":[3526,4858],"product_tag":[],"class_list":{"0":"post-121852","1":"product","2":"type-product","3":"status-publish","4":"has-post-thumbnail","6":"product_cat-bolsas","7":"product_cat-bolsas-de-aseo","8":"pa_alto-11-cm","9":"pa_ancho-24-cm","10":"pa_color-gris-mezcla","11":"pa_color-negro-intenso","12":"pa_color-simple-gris","13":"pa_color-simple-negro-intenso","14":"pa_largo-15-cm","15":"pa_marca-herschel","16":"pa_material-poliester-reciclado","17":"pa_peso-115-gr","19":"first","20":"instock","21":"taxable","22":"shipping-taxable","23":"purchasable","24":"product-type-variable","25":"entry","26":"content-bg","27":"loop-entry"},"yoast_head":"<!-- This site is optimized with the Yoast SEO plugin v26.3 - https:\/\/yoast.com\/wordpress\/plugins\/seo\/ -->\n<title>Merchandising Neceser de viaje reciclado para personalizar con logo - ADL<\/title>\n<meta name=\"description\" content=\"Art\u00edculo de merchandising Neceser de viaje reciclado &quot;Herschel Chapter&quot;. El neceser de viaje \u201cHerschel Chapter\u201d, el compa\u00f1ero ideal para tus grandes viajes. \u00dasalo para guardar tu cepillo de dientes y tus art\u00edculos de aseo, o ampl\u00eda sus l\u00edmites y mant\u00e9n los peque\u00f1os accesorios (como calcetines, cargadores, gu\u00edas y mapas) bien organizados en tu equipaje. El tejido 600D est\u00e1 fabricado a partir de botellas de agua 100% recicladas, por lo que es duradero y respetuoso con el medio ambiente. El cierre de cremallera impermeable garantiza la protecci\u00f3n de tus art\u00edculos m\u00e1s importantes y su asa lateral facilita el transporte. La Herschel Chapter est\u00e1 dise\u00f1ada con m\u00faltiples opciones de organizaci\u00f3n, con un bolsillo frontal con cremallera y una bolsa de almacenamiento interna de malla, que te ofrecen posibilidades infinitas. La aventura te espera, y la Herschel Chapter est\u00e1 lista para acompa\u00f1arte en tu pr\u00f3ximo viaje.\" \/>\n<meta name=\"robots\" content=\"index, follow, max-snippet:-1, max-image-preview:large, max-video-preview:-1\" \/>\n<link rel=\"canonical\" href=\"https:\/\/adl-regalosempresa.com\/tiendaonline\/articulos\/merchandising\/neceser-de-viaje-reciclado-para-personalizar-con-logo\/\" \/>\n<meta property=\"og:locale\" content=\"es_ES\" \/>\n<meta property=\"og:type\" content=\"article\" \/>\n<meta property=\"og:title\" content=\"Merchandising Neceser de viaje reciclado para personalizar con logo - ADL\" \/>\n<meta property=\"og:description\" content=\"Art\u00edculo de merchandising Neceser de viaje reciclado &quot;Herschel Chapter&quot;. El neceser de viaje \u201cHerschel Chapter\u201d, el compa\u00f1ero ideal para tus grandes viajes. \u00dasalo para guardar tu cepillo de dientes y tus art\u00edculos de aseo, o ampl\u00eda sus l\u00edmites y mant\u00e9n los peque\u00f1os accesorios (como calcetines, cargadores, gu\u00edas y mapas) bien organizados en tu equipaje. El tejido 600D est\u00e1 fabricado a partir de botellas de agua 100% recicladas, por lo que es duradero y respetuoso con el medio ambiente. El cierre de cremallera impermeable garantiza la protecci\u00f3n de tus art\u00edculos m\u00e1s importantes y su asa lateral facilita el transporte. La Herschel Chapter est\u00e1 dise\u00f1ada con m\u00faltiples opciones de organizaci\u00f3n, con un bolsillo frontal con cremallera y una bolsa de almacenamiento interna de malla, que te ofrecen posibilidades infinitas. La aventura te espera, y la Herschel Chapter est\u00e1 lista para acompa\u00f1arte en tu pr\u00f3ximo viaje.\" \/>\n<meta property=\"og:url\" content=\"https:\/\/adl-regalosempresa.com\/tiendaonline\/articulos\/merchandising\/neceser-de-viaje-reciclado-para-personalizar-con-logo\/\" \/>\n<meta property=\"og:site_name\" content=\"ADL Comunicaci\u00f3n\" \/>\n<meta property=\"article:modified_time\" content=\"2026-04-10T08:44:12+00:00\" \/>\n<meta property=\"og:image\" content=\"https:\/\/adl-regalosempresa.com\/tiendaonline\/wp-content\/uploads\/2023\/07\/12069480.jpg\" \/>\n\t<meta property=\"og:image:width\" content=\"1600\" \/>\n\t<meta property=\"og:image:height\" content=\"1600\" \/>\n\t<meta property=\"og:image:type\" content=\"image\/jpeg\" \/>\n<meta name=\"twitter:card\" content=\"summary_large_image\" \/>\n<meta name=\"twitter:title\" content=\"Merchandising Neceser de viaje reciclado para personalizar con logo - ADL\" \/>\n<meta name=\"twitter:label1\" content=\"Tiempo de lectura\" \/>\n\t<meta name=\"twitter:data1\" content=\"1 minuto\" \/>\n<script type=\"application\/ld+json\" class=\"yoast-schema-graph\">{\"@context\":\"https:\/\/schema.org\",\"@graph\":[{\"@type\":\"WebPage\",\"@id\":\"https:\/\/adl-regalosempresa.com\/tiendaonline\/articulos\/merchandising\/neceser-de-viaje-reciclado-para-personalizar-con-logo\/\",\"url\":\"https:\/\/adl-regalosempresa.com\/tiendaonline\/articulos\/merchandising\/neceser-de-viaje-reciclado-para-personalizar-con-logo\/\",\"name\":\"Merchandising Neceser de viaje reciclado para personalizar con logo - ADL\",\"isPartOf\":{\"@id\":\"https:\/\/adl-regalosempresa.com\/tiendaonline\/#website\"},\"primaryImageOfPage\":{\"@id\":\"https:\/\/adl-regalosempresa.com\/tiendaonline\/articulos\/merchandising\/neceser-de-viaje-reciclado-para-personalizar-con-logo\/#primaryimage\"},\"image\":{\"@id\":\"https:\/\/adl-regalosempresa.com\/tiendaonline\/articulos\/merchandising\/neceser-de-viaje-reciclado-para-personalizar-con-logo\/#primaryimage\"},\"thumbnailUrl\":\"https:\/\/adl-regalosempresa.com\/tiendaonline\/wp-content\/uploads\/2023\/07\/12069480.jpg\",\"datePublished\":\"2026-03-24T06:15:04+00:00\",\"dateModified\":\"2026-04-10T08:44:12+00:00\",\"description\":\"Art\u00edculo de merchandising Neceser de viaje reciclado \\\"Herschel Chapter\\\". El neceser de viaje \u201cHerschel Chapter\u201d, el compa\u00f1ero ideal para tus grandes viajes. \u00dasalo para guardar tu cepillo de dientes y tus art\u00edculos de aseo, o ampl\u00eda sus l\u00edmites y mant\u00e9n los peque\u00f1os accesorios (como calcetines, cargadores, gu\u00edas y mapas) bien organizados en tu equipaje. El tejido 600D est\u00e1 fabricado a partir de botellas de agua 100% recicladas, por lo que es duradero y respetuoso con el medio ambiente. El cierre de cremallera impermeable garantiza la protecci\u00f3n de tus art\u00edculos m\u00e1s importantes y su asa lateral facilita el transporte. La Herschel Chapter est\u00e1 dise\u00f1ada con m\u00faltiples opciones de organizaci\u00f3n, con un bolsillo frontal con cremallera y una bolsa de almacenamiento interna de malla, que te ofrecen posibilidades infinitas. La aventura te espera, y la Herschel Chapter est\u00e1 lista para acompa\u00f1arte en tu pr\u00f3ximo viaje.\",\"breadcrumb\":{\"@id\":\"https:\/\/adl-regalosempresa.com\/tiendaonline\/articulos\/merchandising\/neceser-de-viaje-reciclado-para-personalizar-con-logo\/#breadcrumb\"},\"inLanguage\":\"es\",\"potentialAction\":[{\"@type\":\"ReadAction\",\"target\":[\"https:\/\/adl-regalosempresa.com\/tiendaonline\/articulos\/merchandising\/neceser-de-viaje-reciclado-para-personalizar-con-logo\/\"]}]},{\"@type\":\"ImageObject\",\"inLanguage\":\"es\",\"@id\":\"https:\/\/adl-regalosempresa.com\/tiendaonline\/articulos\/merchandising\/neceser-de-viaje-reciclado-para-personalizar-con-logo\/#primaryimage\",\"url\":\"https:\/\/adl-regalosempresa.com\/tiendaonline\/wp-content\/uploads\/2023\/07\/12069480.jpg\",\"contentUrl\":\"https:\/\/adl-regalosempresa.com\/tiendaonline\/wp-content\/uploads\/2023\/07\/12069480.jpg\",\"width\":1600,\"height\":1600,\"caption\":\"Neceser de viaje reciclado \\\"Herschel Chapter\\\"\"},{\"@type\":\"BreadcrumbList\",\"@id\":\"https:\/\/adl-regalosempresa.com\/tiendaonline\/articulos\/merchandising\/neceser-de-viaje-reciclado-para-personalizar-con-logo\/#breadcrumb\",\"itemListElement\":[{\"@type\":\"ListItem\",\"position\":1,\"name\":\"Portada\",\"item\":\"https:\/\/adl-regalosempresa.com\/tiendaonline\/\"},{\"@type\":\"ListItem\",\"position\":2,\"name\":\"Tienda\",\"item\":\"https:\/\/adl-regalosempresa.com\/tiendaonline\/tienda\/\"},{\"@type\":\"ListItem\",\"position\":3,\"name\":\"Neceser de viaje reciclado para personalizar con logo\"}]},{\"@type\":\"WebSite\",\"@id\":\"https:\/\/adl-regalosempresa.com\/tiendaonline\/#website\",\"url\":\"https:\/\/adl-regalosempresa.com\/tiendaonline\/\",\"name\":\"ADL Comunicaci\u00f3n\",\"description\":\"Regalos de empresa\",\"publisher\":{\"@id\":\"https:\/\/adl-regalosempresa.com\/tiendaonline\/#organization\"},\"potentialAction\":[{\"@type\":\"SearchAction\",\"target\":{\"@type\":\"EntryPoint\",\"urlTemplate\":\"https:\/\/adl-regalosempresa.com\/tiendaonline\/?s={search_term_string}\"},\"query-input\":{\"@type\":\"PropertyValueSpecification\",\"valueRequired\":true,\"valueName\":\"search_term_string\"}}],\"inLanguage\":\"es\"},{\"@type\":\"Organization\",\"@id\":\"https:\/\/adl-regalosempresa.com\/tiendaonline\/#organization\",\"name\":\"ADL Comunicaci\u00f3n\",\"url\":\"https:\/\/adl-regalosempresa.com\/tiendaonline\/\",\"logo\":{\"@type\":\"ImageObject\",\"inLanguage\":\"es\",\"@id\":\"https:\/\/adl-regalosempresa.com\/tiendaonline\/#\/schema\/logo\/image\/\",\"url\":\"https:\/\/adl-regalosempresa.com\/tiendaonline\/wp-content\/uploads\/2017\/09\/logo-adl-wp.png\",\"contentUrl\":\"https:\/\/adl-regalosempresa.com\/tiendaonline\/wp-content\/uploads\/2017\/09\/logo-adl-wp.png\",\"width\":407,\"height\":185,\"caption\":\"ADL Comunicaci\u00f3n\"},\"image\":{\"@id\":\"https:\/\/adl-regalosempresa.com\/tiendaonline\/#\/schema\/logo\/image\/\"}}]}<\/script>\n<!-- \/ Yoast SEO plugin. -->","yoast_head_json":{"title":"Merchandising Neceser de viaje reciclado para personalizar con logo - ADL","description":"Art\u00edculo de merchandising Neceser de viaje reciclado \"Herschel Chapter\". El neceser de viaje \u201cHerschel Chapter\u201d, el compa\u00f1ero ideal para tus grandes viajes. \u00dasalo para guardar tu cepillo de dientes y tus art\u00edculos de aseo, o ampl\u00eda sus l\u00edmites y mant\u00e9n los peque\u00f1os accesorios (como calcetines, cargadores, gu\u00edas y mapas) bien organizados en tu equipaje. El tejido 600D est\u00e1 fabricado a partir de botellas de agua 100% recicladas, por lo que es duradero y respetuoso con el medio ambiente. El cierre de cremallera impermeable garantiza la protecci\u00f3n de tus art\u00edculos m\u00e1s importantes y su asa lateral facilita el transporte. La Herschel Chapter est\u00e1 dise\u00f1ada con m\u00faltiples opciones de organizaci\u00f3n, con un bolsillo frontal con cremallera y una bolsa de almacenamiento interna de malla, que te ofrecen posibilidades infinitas. La aventura te espera, y la Herschel Chapter est\u00e1 lista para acompa\u00f1arte en tu pr\u00f3ximo viaje.","robots":{"index":"index","follow":"follow","max-snippet":"max-snippet:-1","max-image-preview":"max-image-preview:large","max-video-preview":"max-video-preview:-1"},"canonical":"https:\/\/adl-regalosempresa.com\/tiendaonline\/articulos\/merchandising\/neceser-de-viaje-reciclado-para-personalizar-con-logo\/","og_locale":"es_ES","og_type":"article","og_title":"Merchandising Neceser de viaje reciclado para personalizar con logo - ADL","og_description":"Art\u00edculo de merchandising Neceser de viaje reciclado \"Herschel Chapter\". El neceser de viaje \u201cHerschel Chapter\u201d, el compa\u00f1ero ideal para tus grandes viajes. \u00dasalo para guardar tu cepillo de dientes y tus art\u00edculos de aseo, o ampl\u00eda sus l\u00edmites y mant\u00e9n los peque\u00f1os accesorios (como calcetines, cargadores, gu\u00edas y mapas) bien organizados en tu equipaje. El tejido 600D est\u00e1 fabricado a partir de botellas de agua 100% recicladas, por lo que es duradero y respetuoso con el medio ambiente. El cierre de cremallera impermeable garantiza la protecci\u00f3n de tus art\u00edculos m\u00e1s importantes y su asa lateral facilita el transporte. La Herschel Chapter est\u00e1 dise\u00f1ada con m\u00faltiples opciones de organizaci\u00f3n, con un bolsillo frontal con cremallera y una bolsa de almacenamiento interna de malla, que te ofrecen posibilidades infinitas. La aventura te espera, y la Herschel Chapter est\u00e1 lista para acompa\u00f1arte en tu pr\u00f3ximo viaje.","og_url":"https:\/\/adl-regalosempresa.com\/tiendaonline\/articulos\/merchandising\/neceser-de-viaje-reciclado-para-personalizar-con-logo\/","og_site_name":"ADL Comunicaci\u00f3n","article_modified_time":"2026-04-10T08:44:12+00:00","og_image":[{"width":1600,"height":1600,"url":"https:\/\/adl-regalosempresa.com\/tiendaonline\/wp-content\/uploads\/2023\/07\/12069480.jpg","type":"image\/jpeg"}],"twitter_card":"summary_large_image","twitter_title":"Merchandising Neceser de viaje reciclado para personalizar con logo - ADL","twitter_misc":{"Tiempo de lectura":"1 minuto"},"schema":{"@context":"https:\/\/schema.org","@graph":[{"@type":"WebPage","@id":"https:\/\/adl-regalosempresa.com\/tiendaonline\/articulos\/merchandising\/neceser-de-viaje-reciclado-para-personalizar-con-logo\/","url":"https:\/\/adl-regalosempresa.com\/tiendaonline\/articulos\/merchandising\/neceser-de-viaje-reciclado-para-personalizar-con-logo\/","name":"Merchandising Neceser de viaje reciclado para personalizar con logo - ADL","isPartOf":{"@id":"https:\/\/adl-regalosempresa.com\/tiendaonline\/#website"},"primaryImageOfPage":{"@id":"https:\/\/adl-regalosempresa.com\/tiendaonline\/articulos\/merchandising\/neceser-de-viaje-reciclado-para-personalizar-con-logo\/#primaryimage"},"image":{"@id":"https:\/\/adl-regalosempresa.com\/tiendaonline\/articulos\/merchandising\/neceser-de-viaje-reciclado-para-personalizar-con-logo\/#primaryimage"},"thumbnailUrl":"https:\/\/adl-regalosempresa.com\/tiendaonline\/wp-content\/uploads\/2023\/07\/12069480.jpg","datePublished":"2026-03-24T06:15:04+00:00","dateModified":"2026-04-10T08:44:12+00:00","description":"Art\u00edculo de merchandising Neceser de viaje reciclado \"Herschel Chapter\". El neceser de viaje \u201cHerschel Chapter\u201d, el compa\u00f1ero ideal para tus grandes viajes. \u00dasalo para guardar tu cepillo de dientes y tus art\u00edculos de aseo, o ampl\u00eda sus l\u00edmites y mant\u00e9n los peque\u00f1os accesorios (como calcetines, cargadores, gu\u00edas y mapas) bien organizados en tu equipaje. El tejido 600D est\u00e1 fabricado a partir de botellas de agua 100% recicladas, por lo que es duradero y respetuoso con el medio ambiente. El cierre de cremallera impermeable garantiza la protecci\u00f3n de tus art\u00edculos m\u00e1s importantes y su asa lateral facilita el transporte. La Herschel Chapter est\u00e1 dise\u00f1ada con m\u00faltiples opciones de organizaci\u00f3n, con un bolsillo frontal con cremallera y una bolsa de almacenamiento interna de malla, que te ofrecen posibilidades infinitas. La aventura te espera, y la Herschel Chapter est\u00e1 lista para acompa\u00f1arte en tu pr\u00f3ximo viaje.","breadcrumb":{"@id":"https:\/\/adl-regalosempresa.com\/tiendaonline\/articulos\/merchandising\/neceser-de-viaje-reciclado-para-personalizar-con-logo\/#breadcrumb"},"inLanguage":"es","potentialAction":[{"@type":"ReadAction","target":["https:\/\/adl-regalosempresa.com\/tiendaonline\/articulos\/merchandising\/neceser-de-viaje-reciclado-para-personalizar-con-logo\/"]}]},{"@type":"ImageObject","inLanguage":"es","@id":"https:\/\/adl-regalosempresa.com\/tiendaonline\/articulos\/merchandising\/neceser-de-viaje-reciclado-para-personalizar-con-logo\/#primaryimage","url":"https:\/\/adl-regalosempresa.com\/tiendaonline\/wp-content\/uploads\/2023\/07\/12069480.jpg","contentUrl":"https:\/\/adl-regalosempresa.com\/tiendaonline\/wp-content\/uploads\/2023\/07\/12069480.jpg","width":1600,"height":1600,"caption":"Neceser de viaje reciclado \"Herschel Chapter\""},{"@type":"BreadcrumbList","@id":"https:\/\/adl-regalosempresa.com\/tiendaonline\/articulos\/merchandising\/neceser-de-viaje-reciclado-para-personalizar-con-logo\/#breadcrumb","itemListElement":[{"@type":"ListItem","position":1,"name":"Portada","item":"https:\/\/adl-regalosempresa.com\/tiendaonline\/"},{"@type":"ListItem","position":2,"name":"Tienda","item":"https:\/\/adl-regalosempresa.com\/tiendaonline\/tienda\/"},{"@type":"ListItem","position":3,"name":"Neceser de viaje reciclado para personalizar con logo"}]},{"@type":"WebSite","@id":"https:\/\/adl-regalosempresa.com\/tiendaonline\/#website","url":"https:\/\/adl-regalosempresa.com\/tiendaonline\/","name":"ADL Comunicaci\u00f3n","description":"Regalos de empresa","publisher":{"@id":"https:\/\/adl-regalosempresa.com\/tiendaonline\/#organization"},"potentialAction":[{"@type":"SearchAction","target":{"@type":"EntryPoint","urlTemplate":"https:\/\/adl-regalosempresa.com\/tiendaonline\/?s={search_term_string}"},"query-input":{"@type":"PropertyValueSpecification","valueRequired":true,"valueName":"search_term_string"}}],"inLanguage":"es"},{"@type":"Organization","@id":"https:\/\/adl-regalosempresa.com\/tiendaonline\/#organization","name":"ADL Comunicaci\u00f3n","url":"https:\/\/adl-regalosempresa.com\/tiendaonline\/","logo":{"@type":"ImageObject","inLanguage":"es","@id":"https:\/\/adl-regalosempresa.com\/tiendaonline\/#\/schema\/logo\/image\/","url":"https:\/\/adl-regalosempresa.com\/tiendaonline\/wp-content\/uploads\/2017\/09\/logo-adl-wp.png","contentUrl":"https:\/\/adl-regalosempresa.com\/tiendaonline\/wp-content\/uploads\/2017\/09\/logo-adl-wp.png","width":407,"height":185,"caption":"ADL Comunicaci\u00f3n"},"image":{"@id":"https:\/\/adl-regalosempresa.com\/tiendaonline\/#\/schema\/logo\/image\/"}}]}},"_links":{"self":[{"href":"https:\/\/adl-regalosempresa.com\/tiendaonline\/wp-json\/wp\/v2\/product\/121852","targetHints":{"allow":["GET"]}}],"collection":[{"href":"https:\/\/adl-regalosempresa.com\/tiendaonline\/wp-json\/wp\/v2\/product"}],"about":[{"href":"https:\/\/adl-regalosempresa.com\/tiendaonline\/wp-json\/wp\/v2\/types\/product"}],"wp:featuredmedia":[{"embeddable":true,"href":"https:\/\/adl-regalosempresa.com\/tiendaonline\/wp-json\/wp\/v2\/media\/121854"}],"wp:attachment":[{"href":"https:\/\/adl-regalosempresa.com\/tiendaonline\/wp-json\/wp\/v2\/media?parent=121852"}],"wp:term":[{"taxonomy":"product_brand","embeddable":true,"href":"https:\/\/adl-regalosempresa.com\/tiendaonline\/wp-json\/wp\/v2\/product_brand?post=121852"},{"taxonomy":"product_cat","embeddable":true,"href":"https:\/\/adl-regalosempresa.com\/tiendaonline\/wp-json\/wp\/v2\/product_cat?post=121852"},{"taxonomy":"product_tag","embeddable":true,"href":"https:\/\/adl-regalosempresa.com\/tiendaonline\/wp-json\/wp\/v2\/product_tag?post=121852"}],"curies":[{"name":"wp","href":"https:\/\/api.w.org\/{rel}","templated":true}]}}