{"id":121197,"date":"2026-03-31T06:09:03","date_gmt":"2026-03-31T06:09:03","guid":{"rendered":"https:\/\/adl-regalosempresa.com\/tiendaonline\/articulos\/merchandising\/scx-design-k02-2-piece-electronic-pepper-salt-set-para-personalizar-con-logo\/"},"modified":"2026-03-31T06:10:09","modified_gmt":"2026-03-31T06:10:09","slug":"set-de-molinillo-electrico-de-sal-y-pimienta-para-personalizar-con-logo","status":"publish","type":"product","link":"https:\/\/adl-regalosempresa.com\/tiendaonline\/articulos\/merchandising\/set-de-molinillo-electrico-de-sal-y-pimienta-para-personalizar-con-logo\/","title":{"rendered":"Set de molinillo el\u00e9ctrico de sal y pimienta  para personalizar con logo"},"content":{"rendered":"<p>Set de molinillo el\u00e9ctrico de sal y pimienta con una luz LED azul que se ilumina cuando se enciende para controlar el flujo de sal\/pimienta. Cada molinillo (17,8 x 5,1 cm) est\u00e1 equipado con una bater\u00eda que se puede recargar directamente en la base. La base tambi\u00e9n se puede personalizar con un logotipo retroiluminado. Ambos molinillos est\u00e1n equipados con un dep\u00f3sito transparente para distinguir f\u00e1cilmente el contenido, y se pueden usar aproximadamente 200 veces tras una sola carga. Se suministra con una base de carga (15,5 x 8 x 2,5 cm) con un acabado de caucho suave al tacto. Se entrega en una caja de papel kraft reciclado (17,7 x 23,4 x 8,5 cm). Incluye una garant\u00eda de tres a\u00f1os.<\/p>\n","protected":false},"excerpt":{"rendered":"<p><strong>Descuentos por cantidades<\/strong><br \/>&#8211; a partir de 25 unidades: 72,03 \u20ac\/ud<br \/>&#8211; a partir de 50 unidades: 69,79 \u20ac\/ud<br \/>&#8211; a partir de 100 unidades: 57,36 \u20ac\/ud<\/p>\n<p>Para cantidades superiores a las aqu\u00ed indicadas, no dudes en ponerte en contacto con nuestro departamento comercial o <a href='https:\/\/adl-regalosempresa.com\/tiendaonline\/solicitud-presupuesto\/'>pedirnos presupuesto personalizado<\/a>, ajustaremos el presupuesto a tus necesidades.<\/p>\n","protected":false},"featured_media":131506,"template":"","meta":{"_kad_post_transparent":"","_kad_post_title":"","_kad_post_layout":"","_kad_post_sidebar_id":"","_kad_post_content_style":"","_kad_post_vertical_padding":"","_kad_post_feature":"","_kad_post_feature_position":"","_kad_post_header":false,"_kad_post_footer":false,"_kad_post_classname":""},"product_brand":[],"product_cat":[4723,3519],"product_tag":[],"class_list":{"0":"post-121197","1":"product","2":"type-product","3":"status-publish","4":"has-post-thumbnail","6":"product_cat-articulos-de-cocina","7":"product_cat-articulos-personalizados-hogar","8":"pa_alto-194-cm","9":"pa_ancho-8-cm","10":"pa_color-negro-intenso-plateado","11":"pa_color-simple-gris","12":"pa_color-simple-negro-intenso","13":"pa_largo-156-cm","14":"pa_marca-scx-design","15":"pa_material-plastico-abs-aluminio","16":"pa_peso-635-gr","18":"first","19":"instock","20":"taxable","21":"shipping-taxable","22":"purchasable","23":"product-type-variable","24":"entry","25":"content-bg","26":"loop-entry"},"yoast_head":"<!-- This site is optimized with the Yoast SEO plugin v26.3 - https:\/\/yoast.com\/wordpress\/plugins\/seo\/ -->\n<title>Merchandising Set de molinillo el\u00e9ctrico de sal y pimienta para personalizar con logo - ADL<\/title>\n<meta name=\"description\" content=\"Art\u00edculo de merchandising Set de molinillo el\u00e9ctrico de sal y pimienta &quot;SCX.design K02&quot;. Set de molinillo el\u00e9ctrico de sal y pimienta con una luz LED azul que se ilumina cuando se enciende para controlar el flujo de sal\/pimienta. Cada molinillo (17,8 x 5,1 cm) est\u00e1 equipado con una bater\u00eda que se puede recargar directamente en la base. La base tambi\u00e9n se puede personalizar con un logotipo retroiluminado. Ambos molinillos est\u00e1n equipados con un dep\u00f3sito transparente para distinguir f\u00e1cilmente el contenido, y se pueden usar aproximadamente 200 veces tras una sola carga. Se suministra con una base de carga (15,5 x 8 x 2,5 cm) con un acabado de caucho suave al tacto. Se entrega en una caja de papel kraft reciclado (17,7 x 23,4 x 8,5 cm). Incluye una garant\u00eda de tres a\u00f1os.\" \/>\n<meta name=\"robots\" content=\"index, follow, max-snippet:-1, max-image-preview:large, max-video-preview:-1\" \/>\n<link rel=\"canonical\" href=\"https:\/\/adl-regalosempresa.com\/tiendaonline\/articulos\/merchandising\/set-de-molinillo-electrico-de-sal-y-pimienta-para-personalizar-con-logo\/\" \/>\n<meta property=\"og:locale\" content=\"es_ES\" \/>\n<meta property=\"og:type\" content=\"article\" \/>\n<meta property=\"og:title\" content=\"Merchandising Set de molinillo el\u00e9ctrico de sal y pimienta para personalizar con logo - ADL\" \/>\n<meta property=\"og:description\" content=\"Art\u00edculo de merchandising Set de molinillo el\u00e9ctrico de sal y pimienta &quot;SCX.design K02&quot;. Set de molinillo el\u00e9ctrico de sal y pimienta con una luz LED azul que se ilumina cuando se enciende para controlar el flujo de sal\/pimienta. Cada molinillo (17,8 x 5,1 cm) est\u00e1 equipado con una bater\u00eda que se puede recargar directamente en la base. La base tambi\u00e9n se puede personalizar con un logotipo retroiluminado. Ambos molinillos est\u00e1n equipados con un dep\u00f3sito transparente para distinguir f\u00e1cilmente el contenido, y se pueden usar aproximadamente 200 veces tras una sola carga. Se suministra con una base de carga (15,5 x 8 x 2,5 cm) con un acabado de caucho suave al tacto. Se entrega en una caja de papel kraft reciclado (17,7 x 23,4 x 8,5 cm). Incluye una garant\u00eda de tres a\u00f1os.\" \/>\n<meta property=\"og:url\" content=\"https:\/\/adl-regalosempresa.com\/tiendaonline\/articulos\/merchandising\/set-de-molinillo-electrico-de-sal-y-pimienta-para-personalizar-con-logo\/\" \/>\n<meta property=\"og:site_name\" content=\"ADL Comunicaci\u00f3n\" \/>\n<meta property=\"article:modified_time\" content=\"2026-03-31T06:10:09+00:00\" \/>\n<meta property=\"og:image\" content=\"https:\/\/adl-regalosempresa.com\/tiendaonline\/wp-content\/uploads\/2024\/02\/1PX13090.jpg\" \/>\n\t<meta property=\"og:image:width\" content=\"1600\" \/>\n\t<meta property=\"og:image:height\" content=\"1600\" \/>\n\t<meta property=\"og:image:type\" content=\"image\/jpeg\" \/>\n<meta name=\"twitter:card\" content=\"summary_large_image\" \/>\n<meta name=\"twitter:title\" content=\"Merchandising Set de molinillo el\u00e9ctrico de sal y pimienta para personalizar con logo - ADL\" \/>\n<meta name=\"twitter:label1\" content=\"Tiempo de lectura\" \/>\n\t<meta name=\"twitter:data1\" content=\"1 minuto\" \/>\n<script type=\"application\/ld+json\" class=\"yoast-schema-graph\">{\"@context\":\"https:\/\/schema.org\",\"@graph\":[{\"@type\":\"WebPage\",\"@id\":\"https:\/\/adl-regalosempresa.com\/tiendaonline\/articulos\/merchandising\/set-de-molinillo-electrico-de-sal-y-pimienta-para-personalizar-con-logo\/\",\"url\":\"https:\/\/adl-regalosempresa.com\/tiendaonline\/articulos\/merchandising\/set-de-molinillo-electrico-de-sal-y-pimienta-para-personalizar-con-logo\/\",\"name\":\"Merchandising Set de molinillo el\u00e9ctrico de sal y pimienta para personalizar con logo - ADL\",\"isPartOf\":{\"@id\":\"https:\/\/adl-regalosempresa.com\/tiendaonline\/#website\"},\"primaryImageOfPage\":{\"@id\":\"https:\/\/adl-regalosempresa.com\/tiendaonline\/articulos\/merchandising\/set-de-molinillo-electrico-de-sal-y-pimienta-para-personalizar-con-logo\/#primaryimage\"},\"image\":{\"@id\":\"https:\/\/adl-regalosempresa.com\/tiendaonline\/articulos\/merchandising\/set-de-molinillo-electrico-de-sal-y-pimienta-para-personalizar-con-logo\/#primaryimage\"},\"thumbnailUrl\":\"https:\/\/adl-regalosempresa.com\/tiendaonline\/wp-content\/uploads\/2024\/02\/1PX13090.jpg\",\"datePublished\":\"2026-03-31T06:09:03+00:00\",\"dateModified\":\"2026-03-31T06:10:09+00:00\",\"description\":\"Art\u00edculo de merchandising Set de molinillo el\u00e9ctrico de sal y pimienta \\\"SCX.design K02\\\". Set de molinillo el\u00e9ctrico de sal y pimienta con una luz LED azul que se ilumina cuando se enciende para controlar el flujo de sal\/pimienta. Cada molinillo (17,8 x 5,1 cm) est\u00e1 equipado con una bater\u00eda que se puede recargar directamente en la base. La base tambi\u00e9n se puede personalizar con un logotipo retroiluminado. Ambos molinillos est\u00e1n equipados con un dep\u00f3sito transparente para distinguir f\u00e1cilmente el contenido, y se pueden usar aproximadamente 200 veces tras una sola carga. Se suministra con una base de carga (15,5 x 8 x 2,5 cm) con un acabado de caucho suave al tacto. Se entrega en una caja de papel kraft reciclado (17,7 x 23,4 x 8,5 cm). Incluye una garant\u00eda de tres a\u00f1os.\",\"breadcrumb\":{\"@id\":\"https:\/\/adl-regalosempresa.com\/tiendaonline\/articulos\/merchandising\/set-de-molinillo-electrico-de-sal-y-pimienta-para-personalizar-con-logo\/#breadcrumb\"},\"inLanguage\":\"es\",\"potentialAction\":[{\"@type\":\"ReadAction\",\"target\":[\"https:\/\/adl-regalosempresa.com\/tiendaonline\/articulos\/merchandising\/set-de-molinillo-electrico-de-sal-y-pimienta-para-personalizar-con-logo\/\"]}]},{\"@type\":\"ImageObject\",\"inLanguage\":\"es\",\"@id\":\"https:\/\/adl-regalosempresa.com\/tiendaonline\/articulos\/merchandising\/set-de-molinillo-electrico-de-sal-y-pimienta-para-personalizar-con-logo\/#primaryimage\",\"url\":\"https:\/\/adl-regalosempresa.com\/tiendaonline\/wp-content\/uploads\/2024\/02\/1PX13090.jpg\",\"contentUrl\":\"https:\/\/adl-regalosempresa.com\/tiendaonline\/wp-content\/uploads\/2024\/02\/1PX13090.jpg\",\"width\":1600,\"height\":1600,\"caption\":\"Set de molinillo el\u00e9ctrico de sal y pimienta \\\"SCX.design K02\\\"\"},{\"@type\":\"BreadcrumbList\",\"@id\":\"https:\/\/adl-regalosempresa.com\/tiendaonline\/articulos\/merchandising\/set-de-molinillo-electrico-de-sal-y-pimienta-para-personalizar-con-logo\/#breadcrumb\",\"itemListElement\":[{\"@type\":\"ListItem\",\"position\":1,\"name\":\"Portada\",\"item\":\"https:\/\/adl-regalosempresa.com\/tiendaonline\/\"},{\"@type\":\"ListItem\",\"position\":2,\"name\":\"Tienda\",\"item\":\"https:\/\/adl-regalosempresa.com\/tiendaonline\/tienda\/\"},{\"@type\":\"ListItem\",\"position\":3,\"name\":\"Set de molinillo el\u00e9ctrico de sal y pimienta para personalizar con logo\"}]},{\"@type\":\"WebSite\",\"@id\":\"https:\/\/adl-regalosempresa.com\/tiendaonline\/#website\",\"url\":\"https:\/\/adl-regalosempresa.com\/tiendaonline\/\",\"name\":\"ADL Comunicaci\u00f3n\",\"description\":\"Regalos de empresa\",\"publisher\":{\"@id\":\"https:\/\/adl-regalosempresa.com\/tiendaonline\/#organization\"},\"potentialAction\":[{\"@type\":\"SearchAction\",\"target\":{\"@type\":\"EntryPoint\",\"urlTemplate\":\"https:\/\/adl-regalosempresa.com\/tiendaonline\/?s={search_term_string}\"},\"query-input\":{\"@type\":\"PropertyValueSpecification\",\"valueRequired\":true,\"valueName\":\"search_term_string\"}}],\"inLanguage\":\"es\"},{\"@type\":\"Organization\",\"@id\":\"https:\/\/adl-regalosempresa.com\/tiendaonline\/#organization\",\"name\":\"ADL Comunicaci\u00f3n\",\"url\":\"https:\/\/adl-regalosempresa.com\/tiendaonline\/\",\"logo\":{\"@type\":\"ImageObject\",\"inLanguage\":\"es\",\"@id\":\"https:\/\/adl-regalosempresa.com\/tiendaonline\/#\/schema\/logo\/image\/\",\"url\":\"https:\/\/adl-regalosempresa.com\/tiendaonline\/wp-content\/uploads\/2017\/09\/logo-adl-wp.png\",\"contentUrl\":\"https:\/\/adl-regalosempresa.com\/tiendaonline\/wp-content\/uploads\/2017\/09\/logo-adl-wp.png\",\"width\":407,\"height\":185,\"caption\":\"ADL Comunicaci\u00f3n\"},\"image\":{\"@id\":\"https:\/\/adl-regalosempresa.com\/tiendaonline\/#\/schema\/logo\/image\/\"}}]}<\/script>\n<!-- \/ Yoast SEO plugin. -->","yoast_head_json":{"title":"Merchandising Set de molinillo el\u00e9ctrico de sal y pimienta para personalizar con logo - ADL","description":"Art\u00edculo de merchandising Set de molinillo el\u00e9ctrico de sal y pimienta \"SCX.design K02\". Set de molinillo el\u00e9ctrico de sal y pimienta con una luz LED azul que se ilumina cuando se enciende para controlar el flujo de sal\/pimienta. Cada molinillo (17,8 x 5,1 cm) est\u00e1 equipado con una bater\u00eda que se puede recargar directamente en la base. La base tambi\u00e9n se puede personalizar con un logotipo retroiluminado. Ambos molinillos est\u00e1n equipados con un dep\u00f3sito transparente para distinguir f\u00e1cilmente el contenido, y se pueden usar aproximadamente 200 veces tras una sola carga. Se suministra con una base de carga (15,5 x 8 x 2,5 cm) con un acabado de caucho suave al tacto. Se entrega en una caja de papel kraft reciclado (17,7 x 23,4 x 8,5 cm). Incluye una garant\u00eda de tres a\u00f1os.","robots":{"index":"index","follow":"follow","max-snippet":"max-snippet:-1","max-image-preview":"max-image-preview:large","max-video-preview":"max-video-preview:-1"},"canonical":"https:\/\/adl-regalosempresa.com\/tiendaonline\/articulos\/merchandising\/set-de-molinillo-electrico-de-sal-y-pimienta-para-personalizar-con-logo\/","og_locale":"es_ES","og_type":"article","og_title":"Merchandising Set de molinillo el\u00e9ctrico de sal y pimienta para personalizar con logo - ADL","og_description":"Art\u00edculo de merchandising Set de molinillo el\u00e9ctrico de sal y pimienta \"SCX.design K02\". Set de molinillo el\u00e9ctrico de sal y pimienta con una luz LED azul que se ilumina cuando se enciende para controlar el flujo de sal\/pimienta. Cada molinillo (17,8 x 5,1 cm) est\u00e1 equipado con una bater\u00eda que se puede recargar directamente en la base. La base tambi\u00e9n se puede personalizar con un logotipo retroiluminado. Ambos molinillos est\u00e1n equipados con un dep\u00f3sito transparente para distinguir f\u00e1cilmente el contenido, y se pueden usar aproximadamente 200 veces tras una sola carga. Se suministra con una base de carga (15,5 x 8 x 2,5 cm) con un acabado de caucho suave al tacto. Se entrega en una caja de papel kraft reciclado (17,7 x 23,4 x 8,5 cm). Incluye una garant\u00eda de tres a\u00f1os.","og_url":"https:\/\/adl-regalosempresa.com\/tiendaonline\/articulos\/merchandising\/set-de-molinillo-electrico-de-sal-y-pimienta-para-personalizar-con-logo\/","og_site_name":"ADL Comunicaci\u00f3n","article_modified_time":"2026-03-31T06:10:09+00:00","og_image":[{"width":1600,"height":1600,"url":"https:\/\/adl-regalosempresa.com\/tiendaonline\/wp-content\/uploads\/2024\/02\/1PX13090.jpg","type":"image\/jpeg"}],"twitter_card":"summary_large_image","twitter_title":"Merchandising Set de molinillo el\u00e9ctrico de sal y pimienta para personalizar con logo - ADL","twitter_misc":{"Tiempo de lectura":"1 minuto"},"schema":{"@context":"https:\/\/schema.org","@graph":[{"@type":"WebPage","@id":"https:\/\/adl-regalosempresa.com\/tiendaonline\/articulos\/merchandising\/set-de-molinillo-electrico-de-sal-y-pimienta-para-personalizar-con-logo\/","url":"https:\/\/adl-regalosempresa.com\/tiendaonline\/articulos\/merchandising\/set-de-molinillo-electrico-de-sal-y-pimienta-para-personalizar-con-logo\/","name":"Merchandising Set de molinillo el\u00e9ctrico de sal y pimienta para personalizar con logo - ADL","isPartOf":{"@id":"https:\/\/adl-regalosempresa.com\/tiendaonline\/#website"},"primaryImageOfPage":{"@id":"https:\/\/adl-regalosempresa.com\/tiendaonline\/articulos\/merchandising\/set-de-molinillo-electrico-de-sal-y-pimienta-para-personalizar-con-logo\/#primaryimage"},"image":{"@id":"https:\/\/adl-regalosempresa.com\/tiendaonline\/articulos\/merchandising\/set-de-molinillo-electrico-de-sal-y-pimienta-para-personalizar-con-logo\/#primaryimage"},"thumbnailUrl":"https:\/\/adl-regalosempresa.com\/tiendaonline\/wp-content\/uploads\/2024\/02\/1PX13090.jpg","datePublished":"2026-03-31T06:09:03+00:00","dateModified":"2026-03-31T06:10:09+00:00","description":"Art\u00edculo de merchandising Set de molinillo el\u00e9ctrico de sal y pimienta \"SCX.design K02\". Set de molinillo el\u00e9ctrico de sal y pimienta con una luz LED azul que se ilumina cuando se enciende para controlar el flujo de sal\/pimienta. Cada molinillo (17,8 x 5,1 cm) est\u00e1 equipado con una bater\u00eda que se puede recargar directamente en la base. La base tambi\u00e9n se puede personalizar con un logotipo retroiluminado. Ambos molinillos est\u00e1n equipados con un dep\u00f3sito transparente para distinguir f\u00e1cilmente el contenido, y se pueden usar aproximadamente 200 veces tras una sola carga. Se suministra con una base de carga (15,5 x 8 x 2,5 cm) con un acabado de caucho suave al tacto. Se entrega en una caja de papel kraft reciclado (17,7 x 23,4 x 8,5 cm). Incluye una garant\u00eda de tres a\u00f1os.","breadcrumb":{"@id":"https:\/\/adl-regalosempresa.com\/tiendaonline\/articulos\/merchandising\/set-de-molinillo-electrico-de-sal-y-pimienta-para-personalizar-con-logo\/#breadcrumb"},"inLanguage":"es","potentialAction":[{"@type":"ReadAction","target":["https:\/\/adl-regalosempresa.com\/tiendaonline\/articulos\/merchandising\/set-de-molinillo-electrico-de-sal-y-pimienta-para-personalizar-con-logo\/"]}]},{"@type":"ImageObject","inLanguage":"es","@id":"https:\/\/adl-regalosempresa.com\/tiendaonline\/articulos\/merchandising\/set-de-molinillo-electrico-de-sal-y-pimienta-para-personalizar-con-logo\/#primaryimage","url":"https:\/\/adl-regalosempresa.com\/tiendaonline\/wp-content\/uploads\/2024\/02\/1PX13090.jpg","contentUrl":"https:\/\/adl-regalosempresa.com\/tiendaonline\/wp-content\/uploads\/2024\/02\/1PX13090.jpg","width":1600,"height":1600,"caption":"Set de molinillo el\u00e9ctrico de sal y pimienta \"SCX.design K02\""},{"@type":"BreadcrumbList","@id":"https:\/\/adl-regalosempresa.com\/tiendaonline\/articulos\/merchandising\/set-de-molinillo-electrico-de-sal-y-pimienta-para-personalizar-con-logo\/#breadcrumb","itemListElement":[{"@type":"ListItem","position":1,"name":"Portada","item":"https:\/\/adl-regalosempresa.com\/tiendaonline\/"},{"@type":"ListItem","position":2,"name":"Tienda","item":"https:\/\/adl-regalosempresa.com\/tiendaonline\/tienda\/"},{"@type":"ListItem","position":3,"name":"Set de molinillo el\u00e9ctrico de sal y pimienta para personalizar con logo"}]},{"@type":"WebSite","@id":"https:\/\/adl-regalosempresa.com\/tiendaonline\/#website","url":"https:\/\/adl-regalosempresa.com\/tiendaonline\/","name":"ADL Comunicaci\u00f3n","description":"Regalos de empresa","publisher":{"@id":"https:\/\/adl-regalosempresa.com\/tiendaonline\/#organization"},"potentialAction":[{"@type":"SearchAction","target":{"@type":"EntryPoint","urlTemplate":"https:\/\/adl-regalosempresa.com\/tiendaonline\/?s={search_term_string}"},"query-input":{"@type":"PropertyValueSpecification","valueRequired":true,"valueName":"search_term_string"}}],"inLanguage":"es"},{"@type":"Organization","@id":"https:\/\/adl-regalosempresa.com\/tiendaonline\/#organization","name":"ADL Comunicaci\u00f3n","url":"https:\/\/adl-regalosempresa.com\/tiendaonline\/","logo":{"@type":"ImageObject","inLanguage":"es","@id":"https:\/\/adl-regalosempresa.com\/tiendaonline\/#\/schema\/logo\/image\/","url":"https:\/\/adl-regalosempresa.com\/tiendaonline\/wp-content\/uploads\/2017\/09\/logo-adl-wp.png","contentUrl":"https:\/\/adl-regalosempresa.com\/tiendaonline\/wp-content\/uploads\/2017\/09\/logo-adl-wp.png","width":407,"height":185,"caption":"ADL Comunicaci\u00f3n"},"image":{"@id":"https:\/\/adl-regalosempresa.com\/tiendaonline\/#\/schema\/logo\/image\/"}}]}},"_links":{"self":[{"href":"https:\/\/adl-regalosempresa.com\/tiendaonline\/wp-json\/wp\/v2\/product\/121197","targetHints":{"allow":["GET"]}}],"collection":[{"href":"https:\/\/adl-regalosempresa.com\/tiendaonline\/wp-json\/wp\/v2\/product"}],"about":[{"href":"https:\/\/adl-regalosempresa.com\/tiendaonline\/wp-json\/wp\/v2\/types\/product"}],"wp:featuredmedia":[{"embeddable":true,"href":"https:\/\/adl-regalosempresa.com\/tiendaonline\/wp-json\/wp\/v2\/media\/131506"}],"wp:attachment":[{"href":"https:\/\/adl-regalosempresa.com\/tiendaonline\/wp-json\/wp\/v2\/media?parent=121197"}],"wp:term":[{"taxonomy":"product_brand","embeddable":true,"href":"https:\/\/adl-regalosempresa.com\/tiendaonline\/wp-json\/wp\/v2\/product_brand?post=121197"},{"taxonomy":"product_cat","embeddable":true,"href":"https:\/\/adl-regalosempresa.com\/tiendaonline\/wp-json\/wp\/v2\/product_cat?post=121197"},{"taxonomy":"product_tag","embeddable":true,"href":"https:\/\/adl-regalosempresa.com\/tiendaonline\/wp-json\/wp\/v2\/product_tag?post=121197"}],"curies":[{"name":"wp","href":"https:\/\/api.w.org\/{rel}","templated":true}]}}