{"id":121024,"date":"2023-09-06T01:20:32","date_gmt":"2023-09-06T01:20:32","guid":{"rendered":"https:\/\/adl-regalosempresa.com\/tiendaonline\/articulos\/merchandising\/baseline-plus-renew-500-ml-sport-bottle-para-personalizar-con-logo\/"},"modified":"2026-04-16T08:32:08","modified_gmt":"2026-04-16T08:32:08","slug":"bidon-deportivo-de-500-ml-para-personalizar-con-logo-4","status":"publish","type":"product","link":"https:\/\/adl-regalosempresa.com\/tiendaonline\/articulos\/merchandising\/bidon-deportivo-de-500-ml-para-personalizar-con-logo-4\/","title":{"rendered":"Bid\u00f3n deportivo de 500\u00a0ml  para personalizar con logo"},"content":{"rendered":"<p>Bid\u00f3n deportivo de una sola pared hecho con pl\u00e1stico derivado de la ca\u00f1a de az\u00facar, con una tapa a prueba de derrames y una boquilla abatible. La ca\u00f1a de az\u00facar es una fuente renovable que absorbe di\u00f3xido de carbono durante su crecimiento y un subproducto de la industria azucarera. El uso de la ca\u00f1a de az\u00facar significa que se utiliza menos petr\u00f3leo en la fabricaci\u00f3n de cada botella completa. Capacidad: 500 ml. Mezcla y combina colores para crear el bid\u00f3n perfecto. Ponte en contacto con nosotros para consultar opciones de color adicionales. Fabricado en el Reino Unido.<\/p>\n","protected":false},"excerpt":{"rendered":"<p><strong>Descuentos por cantidades<\/strong><br \/>&#8211; a partir de 100 unidades: 3,03 \u20ac\/ud<br \/>&#8211; a partir de 250 unidades: 2,52 \u20ac\/ud<br \/>&#8211; a partir de 500 unidades: 2,38 \u20ac\/ud<\/p>\n<p>Para cantidades superiores a las aqu\u00ed indicadas, no dudes en ponerte en contacto con nuestro departamento comercial o <a href='https:\/\/adl-regalosempresa.com\/tiendaonline\/solicitud-presupuesto\/'>pedirnos presupuesto personalizado<\/a>, ajustaremos el presupuesto a tus necesidades.<\/p>\n","protected":false},"featured_media":121981,"template":"","meta":{"_kad_post_transparent":"","_kad_post_title":"","_kad_post_layout":"","_kad_post_sidebar_id":"","_kad_post_content_style":"","_kad_post_vertical_padding":"","_kad_post_feature":"","_kad_post_feature_position":"","_kad_post_header":false,"_kad_post_footer":false,"_kad_post_classname":""},"product_brand":[],"product_cat":[3805,3372],"product_tag":[],"class_list":{"0":"post-121024","1":"product","2":"type-product","3":"status-publish","4":"has-post-thumbnail","6":"product_cat-bidones-deportivos","7":"product_cat-articulos-para-bebidas","8":"pa_alto-183-cm","9":"pa_color-azul","10":"pa_color-azul-blanco","11":"pa_color-blanco","12":"pa_color-blanco-azul","13":"pa_color-blanco-azul-aqua","14":"pa_color-blanco-lima","15":"pa_color-blanco-naranja","16":"pa_color-blanco-negro-intenso","17":"pa_color-blanco-rojo","18":"pa_color-blanco-verde","19":"pa_color-negro-intenso","20":"pa_color-negro-intenso-blanco","21":"pa_color-rojo","22":"pa_color-rojo-blanco","23":"pa_color-simple-azul","24":"pa_color-simple-blanco","25":"pa_color-simple-naranja","26":"pa_color-simple-negro-intenso","27":"pa_color-simple-rojo","28":"pa_color-simple-verde","29":"pa_diametro-72-cm","30":"pa_marca-unbranded","31":"pa_material-bioplastico-de-cana-de-azucar-90-plastico-pp-10-plastico-tpe","32":"pa_peso-61-gr","34":"first","35":"instock","36":"taxable","37":"shipping-taxable","38":"purchasable","39":"product-type-variable","40":"entry","41":"content-bg","42":"loop-entry"},"yoast_head":"<!-- This site is optimized with the Yoast SEO plugin v26.3 - https:\/\/yoast.com\/wordpress\/plugins\/seo\/ -->\n<title>Merchandising Bid\u00f3n deportivo de 500\u00a0ml para personalizar con logo - ADL<\/title>\n<meta name=\"description\" content=\"Art\u00edculo de merchandising Bid\u00f3n deportivo de 500\u00a0ml &quot;Baseline Plus Renew&quot;. Bid\u00f3n deportivo de una sola pared hecho con pl\u00e1stico derivado de la ca\u00f1a de az\u00facar, con una tapa a prueba de derrames y una boquilla abatible. La ca\u00f1a de az\u00facar es una fuente renovable que absorbe di\u00f3xido de carbono durante su crecimiento y un subproducto de la industria azucarera. El uso de la ca\u00f1a de az\u00facar significa que se utiliza menos petr\u00f3leo en la fabricaci\u00f3n de cada botella completa. Capacidad: 500 ml. Mezcla y combina colores para crear el bid\u00f3n perfecto. Ponte en contacto con nosotros para consultar opciones de color adicionales. Fabricado en el Reino Unido.\" \/>\n<meta name=\"robots\" content=\"index, follow, max-snippet:-1, max-image-preview:large, max-video-preview:-1\" \/>\n<link rel=\"canonical\" href=\"https:\/\/adl-regalosempresa.com\/tiendaonline\/articulos\/merchandising\/bidon-deportivo-de-500-ml-para-personalizar-con-logo-4\/\" \/>\n<meta property=\"og:locale\" content=\"es_ES\" \/>\n<meta property=\"og:type\" content=\"article\" \/>\n<meta property=\"og:title\" content=\"Merchandising Bid\u00f3n deportivo de 500\u00a0ml para personalizar con logo - ADL\" \/>\n<meta property=\"og:description\" content=\"Art\u00edculo de merchandising Bid\u00f3n deportivo de 500\u00a0ml &quot;Baseline Plus Renew&quot;. Bid\u00f3n deportivo de una sola pared hecho con pl\u00e1stico derivado de la ca\u00f1a de az\u00facar, con una tapa a prueba de derrames y una boquilla abatible. La ca\u00f1a de az\u00facar es una fuente renovable que absorbe di\u00f3xido de carbono durante su crecimiento y un subproducto de la industria azucarera. El uso de la ca\u00f1a de az\u00facar significa que se utiliza menos petr\u00f3leo en la fabricaci\u00f3n de cada botella completa. Capacidad: 500 ml. Mezcla y combina colores para crear el bid\u00f3n perfecto. Ponte en contacto con nosotros para consultar opciones de color adicionales. Fabricado en el Reino Unido.\" \/>\n<meta property=\"og:url\" content=\"https:\/\/adl-regalosempresa.com\/tiendaonline\/articulos\/merchandising\/bidon-deportivo-de-500-ml-para-personalizar-con-logo-4\/\" \/>\n<meta property=\"og:site_name\" content=\"ADL Comunicaci\u00f3n\" \/>\n<meta property=\"article:modified_time\" content=\"2026-04-16T08:32:08+00:00\" \/>\n<meta property=\"og:image\" content=\"https:\/\/adl-regalosempresa.com\/tiendaonline\/wp-content\/uploads\/2023\/08\/21046001.jpg\" \/>\n\t<meta property=\"og:image:width\" content=\"1600\" \/>\n\t<meta property=\"og:image:height\" content=\"1600\" \/>\n\t<meta property=\"og:image:type\" content=\"image\/jpeg\" \/>\n<meta name=\"twitter:card\" content=\"summary_large_image\" \/>\n<meta name=\"twitter:title\" content=\"Merchandising Bid\u00f3n deportivo de 500\u00a0ml para personalizar con logo - ADL\" \/>\n<meta name=\"twitter:label1\" content=\"Tiempo de lectura\" \/>\n\t<meta name=\"twitter:data1\" content=\"1 minuto\" \/>\n<script type=\"application\/ld+json\" class=\"yoast-schema-graph\">{\"@context\":\"https:\/\/schema.org\",\"@graph\":[{\"@type\":\"WebPage\",\"@id\":\"https:\/\/adl-regalosempresa.com\/tiendaonline\/articulos\/merchandising\/bidon-deportivo-de-500-ml-para-personalizar-con-logo-4\/\",\"url\":\"https:\/\/adl-regalosempresa.com\/tiendaonline\/articulos\/merchandising\/bidon-deportivo-de-500-ml-para-personalizar-con-logo-4\/\",\"name\":\"Merchandising Bid\u00f3n deportivo de 500\u00a0ml para personalizar con logo - ADL\",\"isPartOf\":{\"@id\":\"https:\/\/adl-regalosempresa.com\/tiendaonline\/#website\"},\"primaryImageOfPage\":{\"@id\":\"https:\/\/adl-regalosempresa.com\/tiendaonline\/articulos\/merchandising\/bidon-deportivo-de-500-ml-para-personalizar-con-logo-4\/#primaryimage\"},\"image\":{\"@id\":\"https:\/\/adl-regalosempresa.com\/tiendaonline\/articulos\/merchandising\/bidon-deportivo-de-500-ml-para-personalizar-con-logo-4\/#primaryimage\"},\"thumbnailUrl\":\"https:\/\/adl-regalosempresa.com\/tiendaonline\/wp-content\/uploads\/2023\/08\/21046001.jpg\",\"datePublished\":\"2023-09-06T01:20:32+00:00\",\"dateModified\":\"2026-04-16T08:32:08+00:00\",\"description\":\"Art\u00edculo de merchandising Bid\u00f3n deportivo de 500\u00a0ml \\\"Baseline Plus Renew\\\". Bid\u00f3n deportivo de una sola pared hecho con pl\u00e1stico derivado de la ca\u00f1a de az\u00facar, con una tapa a prueba de derrames y una boquilla abatible. La ca\u00f1a de az\u00facar es una fuente renovable que absorbe di\u00f3xido de carbono durante su crecimiento y un subproducto de la industria azucarera. El uso de la ca\u00f1a de az\u00facar significa que se utiliza menos petr\u00f3leo en la fabricaci\u00f3n de cada botella completa. Capacidad: 500 ml. Mezcla y combina colores para crear el bid\u00f3n perfecto. Ponte en contacto con nosotros para consultar opciones de color adicionales. Fabricado en el Reino Unido.\",\"breadcrumb\":{\"@id\":\"https:\/\/adl-regalosempresa.com\/tiendaonline\/articulos\/merchandising\/bidon-deportivo-de-500-ml-para-personalizar-con-logo-4\/#breadcrumb\"},\"inLanguage\":\"es\",\"potentialAction\":[{\"@type\":\"ReadAction\",\"target\":[\"https:\/\/adl-regalosempresa.com\/tiendaonline\/articulos\/merchandising\/bidon-deportivo-de-500-ml-para-personalizar-con-logo-4\/\"]}]},{\"@type\":\"ImageObject\",\"inLanguage\":\"es\",\"@id\":\"https:\/\/adl-regalosempresa.com\/tiendaonline\/articulos\/merchandising\/bidon-deportivo-de-500-ml-para-personalizar-con-logo-4\/#primaryimage\",\"url\":\"https:\/\/adl-regalosempresa.com\/tiendaonline\/wp-content\/uploads\/2023\/08\/21046001.jpg\",\"contentUrl\":\"https:\/\/adl-regalosempresa.com\/tiendaonline\/wp-content\/uploads\/2023\/08\/21046001.jpg\",\"width\":1600,\"height\":1600,\"caption\":\"Bid\u00f3n deportivo de 500\u00a0ml \\\"Baseline Plus Renew\\\"\"},{\"@type\":\"BreadcrumbList\",\"@id\":\"https:\/\/adl-regalosempresa.com\/tiendaonline\/articulos\/merchandising\/bidon-deportivo-de-500-ml-para-personalizar-con-logo-4\/#breadcrumb\",\"itemListElement\":[{\"@type\":\"ListItem\",\"position\":1,\"name\":\"Portada\",\"item\":\"https:\/\/adl-regalosempresa.com\/tiendaonline\/\"},{\"@type\":\"ListItem\",\"position\":2,\"name\":\"Tienda\",\"item\":\"https:\/\/adl-regalosempresa.com\/tiendaonline\/tienda\/\"},{\"@type\":\"ListItem\",\"position\":3,\"name\":\"Bid\u00f3n deportivo de 500\u00a0ml para personalizar con logo\"}]},{\"@type\":\"WebSite\",\"@id\":\"https:\/\/adl-regalosempresa.com\/tiendaonline\/#website\",\"url\":\"https:\/\/adl-regalosempresa.com\/tiendaonline\/\",\"name\":\"ADL Comunicaci\u00f3n\",\"description\":\"Regalos de empresa\",\"publisher\":{\"@id\":\"https:\/\/adl-regalosempresa.com\/tiendaonline\/#organization\"},\"potentialAction\":[{\"@type\":\"SearchAction\",\"target\":{\"@type\":\"EntryPoint\",\"urlTemplate\":\"https:\/\/adl-regalosempresa.com\/tiendaonline\/?s={search_term_string}\"},\"query-input\":{\"@type\":\"PropertyValueSpecification\",\"valueRequired\":true,\"valueName\":\"search_term_string\"}}],\"inLanguage\":\"es\"},{\"@type\":\"Organization\",\"@id\":\"https:\/\/adl-regalosempresa.com\/tiendaonline\/#organization\",\"name\":\"ADL Comunicaci\u00f3n\",\"url\":\"https:\/\/adl-regalosempresa.com\/tiendaonline\/\",\"logo\":{\"@type\":\"ImageObject\",\"inLanguage\":\"es\",\"@id\":\"https:\/\/adl-regalosempresa.com\/tiendaonline\/#\/schema\/logo\/image\/\",\"url\":\"https:\/\/adl-regalosempresa.com\/tiendaonline\/wp-content\/uploads\/2017\/09\/logo-adl-wp.png\",\"contentUrl\":\"https:\/\/adl-regalosempresa.com\/tiendaonline\/wp-content\/uploads\/2017\/09\/logo-adl-wp.png\",\"width\":407,\"height\":185,\"caption\":\"ADL Comunicaci\u00f3n\"},\"image\":{\"@id\":\"https:\/\/adl-regalosempresa.com\/tiendaonline\/#\/schema\/logo\/image\/\"}}]}<\/script>\n<!-- \/ Yoast SEO plugin. -->","yoast_head_json":{"title":"Merchandising Bid\u00f3n deportivo de 500\u00a0ml para personalizar con logo - ADL","description":"Art\u00edculo de merchandising Bid\u00f3n deportivo de 500\u00a0ml \"Baseline Plus Renew\". Bid\u00f3n deportivo de una sola pared hecho con pl\u00e1stico derivado de la ca\u00f1a de az\u00facar, con una tapa a prueba de derrames y una boquilla abatible. La ca\u00f1a de az\u00facar es una fuente renovable que absorbe di\u00f3xido de carbono durante su crecimiento y un subproducto de la industria azucarera. El uso de la ca\u00f1a de az\u00facar significa que se utiliza menos petr\u00f3leo en la fabricaci\u00f3n de cada botella completa. Capacidad: 500 ml. Mezcla y combina colores para crear el bid\u00f3n perfecto. Ponte en contacto con nosotros para consultar opciones de color adicionales. Fabricado en el Reino Unido.","robots":{"index":"index","follow":"follow","max-snippet":"max-snippet:-1","max-image-preview":"max-image-preview:large","max-video-preview":"max-video-preview:-1"},"canonical":"https:\/\/adl-regalosempresa.com\/tiendaonline\/articulos\/merchandising\/bidon-deportivo-de-500-ml-para-personalizar-con-logo-4\/","og_locale":"es_ES","og_type":"article","og_title":"Merchandising Bid\u00f3n deportivo de 500\u00a0ml para personalizar con logo - ADL","og_description":"Art\u00edculo de merchandising Bid\u00f3n deportivo de 500\u00a0ml \"Baseline Plus Renew\". Bid\u00f3n deportivo de una sola pared hecho con pl\u00e1stico derivado de la ca\u00f1a de az\u00facar, con una tapa a prueba de derrames y una boquilla abatible. La ca\u00f1a de az\u00facar es una fuente renovable que absorbe di\u00f3xido de carbono durante su crecimiento y un subproducto de la industria azucarera. El uso de la ca\u00f1a de az\u00facar significa que se utiliza menos petr\u00f3leo en la fabricaci\u00f3n de cada botella completa. Capacidad: 500 ml. Mezcla y combina colores para crear el bid\u00f3n perfecto. Ponte en contacto con nosotros para consultar opciones de color adicionales. Fabricado en el Reino Unido.","og_url":"https:\/\/adl-regalosempresa.com\/tiendaonline\/articulos\/merchandising\/bidon-deportivo-de-500-ml-para-personalizar-con-logo-4\/","og_site_name":"ADL Comunicaci\u00f3n","article_modified_time":"2026-04-16T08:32:08+00:00","og_image":[{"width":1600,"height":1600,"url":"https:\/\/adl-regalosempresa.com\/tiendaonline\/wp-content\/uploads\/2023\/08\/21046001.jpg","type":"image\/jpeg"}],"twitter_card":"summary_large_image","twitter_title":"Merchandising Bid\u00f3n deportivo de 500\u00a0ml para personalizar con logo - ADL","twitter_misc":{"Tiempo de lectura":"1 minuto"},"schema":{"@context":"https:\/\/schema.org","@graph":[{"@type":"WebPage","@id":"https:\/\/adl-regalosempresa.com\/tiendaonline\/articulos\/merchandising\/bidon-deportivo-de-500-ml-para-personalizar-con-logo-4\/","url":"https:\/\/adl-regalosempresa.com\/tiendaonline\/articulos\/merchandising\/bidon-deportivo-de-500-ml-para-personalizar-con-logo-4\/","name":"Merchandising Bid\u00f3n deportivo de 500\u00a0ml para personalizar con logo - ADL","isPartOf":{"@id":"https:\/\/adl-regalosempresa.com\/tiendaonline\/#website"},"primaryImageOfPage":{"@id":"https:\/\/adl-regalosempresa.com\/tiendaonline\/articulos\/merchandising\/bidon-deportivo-de-500-ml-para-personalizar-con-logo-4\/#primaryimage"},"image":{"@id":"https:\/\/adl-regalosempresa.com\/tiendaonline\/articulos\/merchandising\/bidon-deportivo-de-500-ml-para-personalizar-con-logo-4\/#primaryimage"},"thumbnailUrl":"https:\/\/adl-regalosempresa.com\/tiendaonline\/wp-content\/uploads\/2023\/08\/21046001.jpg","datePublished":"2023-09-06T01:20:32+00:00","dateModified":"2026-04-16T08:32:08+00:00","description":"Art\u00edculo de merchandising Bid\u00f3n deportivo de 500\u00a0ml \"Baseline Plus Renew\". Bid\u00f3n deportivo de una sola pared hecho con pl\u00e1stico derivado de la ca\u00f1a de az\u00facar, con una tapa a prueba de derrames y una boquilla abatible. La ca\u00f1a de az\u00facar es una fuente renovable que absorbe di\u00f3xido de carbono durante su crecimiento y un subproducto de la industria azucarera. El uso de la ca\u00f1a de az\u00facar significa que se utiliza menos petr\u00f3leo en la fabricaci\u00f3n de cada botella completa. Capacidad: 500 ml. Mezcla y combina colores para crear el bid\u00f3n perfecto. Ponte en contacto con nosotros para consultar opciones de color adicionales. Fabricado en el Reino Unido.","breadcrumb":{"@id":"https:\/\/adl-regalosempresa.com\/tiendaonline\/articulos\/merchandising\/bidon-deportivo-de-500-ml-para-personalizar-con-logo-4\/#breadcrumb"},"inLanguage":"es","potentialAction":[{"@type":"ReadAction","target":["https:\/\/adl-regalosempresa.com\/tiendaonline\/articulos\/merchandising\/bidon-deportivo-de-500-ml-para-personalizar-con-logo-4\/"]}]},{"@type":"ImageObject","inLanguage":"es","@id":"https:\/\/adl-regalosempresa.com\/tiendaonline\/articulos\/merchandising\/bidon-deportivo-de-500-ml-para-personalizar-con-logo-4\/#primaryimage","url":"https:\/\/adl-regalosempresa.com\/tiendaonline\/wp-content\/uploads\/2023\/08\/21046001.jpg","contentUrl":"https:\/\/adl-regalosempresa.com\/tiendaonline\/wp-content\/uploads\/2023\/08\/21046001.jpg","width":1600,"height":1600,"caption":"Bid\u00f3n deportivo de 500\u00a0ml \"Baseline Plus Renew\""},{"@type":"BreadcrumbList","@id":"https:\/\/adl-regalosempresa.com\/tiendaonline\/articulos\/merchandising\/bidon-deportivo-de-500-ml-para-personalizar-con-logo-4\/#breadcrumb","itemListElement":[{"@type":"ListItem","position":1,"name":"Portada","item":"https:\/\/adl-regalosempresa.com\/tiendaonline\/"},{"@type":"ListItem","position":2,"name":"Tienda","item":"https:\/\/adl-regalosempresa.com\/tiendaonline\/tienda\/"},{"@type":"ListItem","position":3,"name":"Bid\u00f3n deportivo de 500\u00a0ml para personalizar con logo"}]},{"@type":"WebSite","@id":"https:\/\/adl-regalosempresa.com\/tiendaonline\/#website","url":"https:\/\/adl-regalosempresa.com\/tiendaonline\/","name":"ADL Comunicaci\u00f3n","description":"Regalos de empresa","publisher":{"@id":"https:\/\/adl-regalosempresa.com\/tiendaonline\/#organization"},"potentialAction":[{"@type":"SearchAction","target":{"@type":"EntryPoint","urlTemplate":"https:\/\/adl-regalosempresa.com\/tiendaonline\/?s={search_term_string}"},"query-input":{"@type":"PropertyValueSpecification","valueRequired":true,"valueName":"search_term_string"}}],"inLanguage":"es"},{"@type":"Organization","@id":"https:\/\/adl-regalosempresa.com\/tiendaonline\/#organization","name":"ADL Comunicaci\u00f3n","url":"https:\/\/adl-regalosempresa.com\/tiendaonline\/","logo":{"@type":"ImageObject","inLanguage":"es","@id":"https:\/\/adl-regalosempresa.com\/tiendaonline\/#\/schema\/logo\/image\/","url":"https:\/\/adl-regalosempresa.com\/tiendaonline\/wp-content\/uploads\/2017\/09\/logo-adl-wp.png","contentUrl":"https:\/\/adl-regalosempresa.com\/tiendaonline\/wp-content\/uploads\/2017\/09\/logo-adl-wp.png","width":407,"height":185,"caption":"ADL Comunicaci\u00f3n"},"image":{"@id":"https:\/\/adl-regalosempresa.com\/tiendaonline\/#\/schema\/logo\/image\/"}}]}},"_links":{"self":[{"href":"https:\/\/adl-regalosempresa.com\/tiendaonline\/wp-json\/wp\/v2\/product\/121024","targetHints":{"allow":["GET"]}}],"collection":[{"href":"https:\/\/adl-regalosempresa.com\/tiendaonline\/wp-json\/wp\/v2\/product"}],"about":[{"href":"https:\/\/adl-regalosempresa.com\/tiendaonline\/wp-json\/wp\/v2\/types\/product"}],"wp:featuredmedia":[{"embeddable":true,"href":"https:\/\/adl-regalosempresa.com\/tiendaonline\/wp-json\/wp\/v2\/media\/121981"}],"wp:attachment":[{"href":"https:\/\/adl-regalosempresa.com\/tiendaonline\/wp-json\/wp\/v2\/media?parent=121024"}],"wp:term":[{"taxonomy":"product_brand","embeddable":true,"href":"https:\/\/adl-regalosempresa.com\/tiendaonline\/wp-json\/wp\/v2\/product_brand?post=121024"},{"taxonomy":"product_cat","embeddable":true,"href":"https:\/\/adl-regalosempresa.com\/tiendaonline\/wp-json\/wp\/v2\/product_cat?post=121024"},{"taxonomy":"product_tag","embeddable":true,"href":"https:\/\/adl-regalosempresa.com\/tiendaonline\/wp-json\/wp\/v2\/product_tag?post=121024"}],"curies":[{"name":"wp","href":"https:\/\/api.w.org\/{rel}","templated":true}]}}