{"id":121018,"date":"2026-03-24T06:10:03","date_gmt":"2026-03-24T06:10:03","guid":{"rendered":"https:\/\/adl-regalosempresa.com\/tiendaonline\/articulos\/merchandising\/shower-timer-sand-para-personalizar-con-logo\/"},"modified":"2026-04-25T08:28:12","modified_gmt":"2026-04-25T08:28:12","slug":"temporizador-de-ducha-para-personalizar-con-logo","status":"publish","type":"product","link":"https:\/\/adl-regalosempresa.com\/tiendaonline\/articulos\/merchandising\/temporizador-de-ducha-para-personalizar-con-logo\/","title":{"rendered":"Temporizador de ducha  para personalizar con logo"},"content":{"rendered":"<p>El temporizador de ducha \u00abCatto\u00bb es una soluci\u00f3n innovadora para ahorrar agua y energ\u00eda. Con un reloj de arena de 3,5 a 4 minutos, ayuda a controlar el tiempo de ducha y reducir el uso excesivo de agua. El temporizador cuenta con una ventosa que permite una f\u00e1cil fijaci\u00f3n a superficies lisas como azulejos, por lo que es accesible y c\u00f3modo de usar. Pon en marcha el temporizador cuando empieces a ducharte y deja que la arena cuente atr\u00e1s hasta agotarse, lo que te recordar\u00e1 que debes terminar la ducha. Con su dise\u00f1o compacto, el temporizador de ducha \u00abCatto\u00bb es el complemento perfecto para tu rutina de ba\u00f1o y te ayuda a ahorrar recursos a la vez que fomenta h\u00e1bitos ecol\u00f3gicos.<\/p>\n","protected":false},"excerpt":{"rendered":"<p><strong>Descuentos por cantidades<\/strong><br \/>&#8211; a partir de 250 unidades: 0,51 \u20ac\/ud<br \/>&#8211; a partir de 500 unidades: 0,51 \u20ac\/ud<br \/>&#8211; a partir de 1000 unidades: 0,51 \u20ac\/ud<\/p>\n<p>Para cantidades superiores a las aqu\u00ed indicadas, no dudes en ponerte en contacto con nuestro departamento comercial o <a href='https:\/\/adl-regalosempresa.com\/tiendaonline\/solicitud-presupuesto\/'>pedirnos presupuesto personalizado<\/a>, ajustaremos el presupuesto a tus necesidades.<\/p>\n","protected":false},"featured_media":121611,"template":"","meta":{"_kad_post_transparent":"","_kad_post_title":"","_kad_post_layout":"","_kad_post_sidebar_id":"","_kad_post_content_style":"","_kad_post_vertical_padding":"","_kad_post_feature":"","_kad_post_feature_position":"","_kad_post_header":false,"_kad_post_footer":false,"_kad_post_classname":""},"product_brand":[],"product_cat":[4186,3519],"product_tag":[],"class_list":{"0":"post-121018","1":"product","2":"type-product","3":"status-publish","4":"has-post-thumbnail","6":"product_cat-accesorios-del-hogar","7":"product_cat-articulos-personalizados-hogar","8":"pa_alto-6-cm","9":"pa_color-azul-real","10":"pa_color-rojo","11":"pa_color-simple-azul","12":"pa_color-simple-rojo","13":"pa_diametro-25-cm","14":"pa_marca-unbranded","15":"pa_material-plastico-abs-vidrio","16":"pa_peso-11-gr","18":"first","19":"instock","20":"taxable","21":"shipping-taxable","22":"purchasable","23":"product-type-variable","24":"entry","25":"content-bg","26":"loop-entry"},"yoast_head":"<!-- This site is optimized with the Yoast SEO plugin v26.3 - https:\/\/yoast.com\/wordpress\/plugins\/seo\/ -->\n<title>Merchandising Temporizador de ducha para personalizar con logo - ADL<\/title>\n<meta name=\"description\" content=\"Art\u00edculo de merchandising Temporizador de ducha &quot;Catto&quot;. El temporizador de ducha &quot;Catto&quot; es una soluci\u00f3n innovadora para ahorrar agua y energ\u00eda. Con un reloj de arena de 3,5 a 4 minutos, ayuda a controlar el tiempo de ducha y reducir el uso excesivo de agua. El temporizador cuenta con una ventosa que permite una f\u00e1cil fijaci\u00f3n a superficies lisas como azulejos, por lo que es accesible y c\u00f3modo de usar. Pon en marcha el temporizador cuando empieces a ducharte y deja que la arena cuente atr\u00e1s hasta agotarse, lo que te recordar\u00e1 que debes terminar la ducha. Con su dise\u00f1o compacto, el temporizador de ducha &quot;Catto&quot; es el complemento perfecto para tu rutina de ba\u00f1o y te ayuda a ahorrar recursos a la vez que fomenta h\u00e1bitos ecol\u00f3gicos.\" \/>\n<meta name=\"robots\" content=\"index, follow, max-snippet:-1, max-image-preview:large, max-video-preview:-1\" \/>\n<link rel=\"canonical\" href=\"https:\/\/adl-regalosempresa.com\/tiendaonline\/articulos\/merchandising\/temporizador-de-ducha-para-personalizar-con-logo\/\" \/>\n<meta property=\"og:locale\" content=\"es_ES\" \/>\n<meta property=\"og:type\" content=\"article\" \/>\n<meta property=\"og:title\" content=\"Merchandising Temporizador de ducha para personalizar con logo - ADL\" \/>\n<meta property=\"og:description\" content=\"Art\u00edculo de merchandising Temporizador de ducha &quot;Catto&quot;. El temporizador de ducha &quot;Catto&quot; es una soluci\u00f3n innovadora para ahorrar agua y energ\u00eda. Con un reloj de arena de 3,5 a 4 minutos, ayuda a controlar el tiempo de ducha y reducir el uso excesivo de agua. El temporizador cuenta con una ventosa que permite una f\u00e1cil fijaci\u00f3n a superficies lisas como azulejos, por lo que es accesible y c\u00f3modo de usar. Pon en marcha el temporizador cuando empieces a ducharte y deja que la arena cuente atr\u00e1s hasta agotarse, lo que te recordar\u00e1 que debes terminar la ducha. Con su dise\u00f1o compacto, el temporizador de ducha &quot;Catto&quot; es el complemento perfecto para tu rutina de ba\u00f1o y te ayuda a ahorrar recursos a la vez que fomenta h\u00e1bitos ecol\u00f3gicos.\" \/>\n<meta property=\"og:url\" content=\"https:\/\/adl-regalosempresa.com\/tiendaonline\/articulos\/merchandising\/temporizador-de-ducha-para-personalizar-con-logo\/\" \/>\n<meta property=\"og:site_name\" content=\"ADL Comunicaci\u00f3n\" \/>\n<meta property=\"article:modified_time\" content=\"2026-04-25T08:28:12+00:00\" \/>\n<meta property=\"og:image\" content=\"https:\/\/adl-regalosempresa.com\/tiendaonline\/wp-content\/uploads\/2023\/04\/12620221.jpg\" \/>\n\t<meta property=\"og:image:width\" content=\"1600\" \/>\n\t<meta property=\"og:image:height\" content=\"1600\" \/>\n\t<meta property=\"og:image:type\" content=\"image\/jpeg\" \/>\n<meta name=\"twitter:card\" content=\"summary_large_image\" \/>\n<meta name=\"twitter:title\" content=\"Merchandising Temporizador de ducha para personalizar con logo - ADL\" \/>\n<meta name=\"twitter:label1\" content=\"Tiempo de lectura\" \/>\n\t<meta name=\"twitter:data1\" content=\"1 minuto\" \/>\n<script type=\"application\/ld+json\" class=\"yoast-schema-graph\">{\"@context\":\"https:\/\/schema.org\",\"@graph\":[{\"@type\":\"WebPage\",\"@id\":\"https:\/\/adl-regalosempresa.com\/tiendaonline\/articulos\/merchandising\/temporizador-de-ducha-para-personalizar-con-logo\/\",\"url\":\"https:\/\/adl-regalosempresa.com\/tiendaonline\/articulos\/merchandising\/temporizador-de-ducha-para-personalizar-con-logo\/\",\"name\":\"Merchandising Temporizador de ducha para personalizar con logo - ADL\",\"isPartOf\":{\"@id\":\"https:\/\/adl-regalosempresa.com\/tiendaonline\/#website\"},\"primaryImageOfPage\":{\"@id\":\"https:\/\/adl-regalosempresa.com\/tiendaonline\/articulos\/merchandising\/temporizador-de-ducha-para-personalizar-con-logo\/#primaryimage\"},\"image\":{\"@id\":\"https:\/\/adl-regalosempresa.com\/tiendaonline\/articulos\/merchandising\/temporizador-de-ducha-para-personalizar-con-logo\/#primaryimage\"},\"thumbnailUrl\":\"https:\/\/adl-regalosempresa.com\/tiendaonline\/wp-content\/uploads\/2023\/04\/12620221.jpg\",\"datePublished\":\"2026-03-24T06:10:03+00:00\",\"dateModified\":\"2026-04-25T08:28:12+00:00\",\"description\":\"Art\u00edculo de merchandising Temporizador de ducha \\\"Catto\\\". El temporizador de ducha \\\"Catto\\\" es una soluci\u00f3n innovadora para ahorrar agua y energ\u00eda. Con un reloj de arena de 3,5 a 4 minutos, ayuda a controlar el tiempo de ducha y reducir el uso excesivo de agua. El temporizador cuenta con una ventosa que permite una f\u00e1cil fijaci\u00f3n a superficies lisas como azulejos, por lo que es accesible y c\u00f3modo de usar. Pon en marcha el temporizador cuando empieces a ducharte y deja que la arena cuente atr\u00e1s hasta agotarse, lo que te recordar\u00e1 que debes terminar la ducha. Con su dise\u00f1o compacto, el temporizador de ducha \\\"Catto\\\" es el complemento perfecto para tu rutina de ba\u00f1o y te ayuda a ahorrar recursos a la vez que fomenta h\u00e1bitos ecol\u00f3gicos.\",\"breadcrumb\":{\"@id\":\"https:\/\/adl-regalosempresa.com\/tiendaonline\/articulos\/merchandising\/temporizador-de-ducha-para-personalizar-con-logo\/#breadcrumb\"},\"inLanguage\":\"es\",\"potentialAction\":[{\"@type\":\"ReadAction\",\"target\":[\"https:\/\/adl-regalosempresa.com\/tiendaonline\/articulos\/merchandising\/temporizador-de-ducha-para-personalizar-con-logo\/\"]}]},{\"@type\":\"ImageObject\",\"inLanguage\":\"es\",\"@id\":\"https:\/\/adl-regalosempresa.com\/tiendaonline\/articulos\/merchandising\/temporizador-de-ducha-para-personalizar-con-logo\/#primaryimage\",\"url\":\"https:\/\/adl-regalosempresa.com\/tiendaonline\/wp-content\/uploads\/2023\/04\/12620221.jpg\",\"contentUrl\":\"https:\/\/adl-regalosempresa.com\/tiendaonline\/wp-content\/uploads\/2023\/04\/12620221.jpg\",\"width\":1600,\"height\":1600,\"caption\":\"Temporizador de ducha \\\"Catto\\\"\"},{\"@type\":\"BreadcrumbList\",\"@id\":\"https:\/\/adl-regalosempresa.com\/tiendaonline\/articulos\/merchandising\/temporizador-de-ducha-para-personalizar-con-logo\/#breadcrumb\",\"itemListElement\":[{\"@type\":\"ListItem\",\"position\":1,\"name\":\"Portada\",\"item\":\"https:\/\/adl-regalosempresa.com\/tiendaonline\/\"},{\"@type\":\"ListItem\",\"position\":2,\"name\":\"Tienda\",\"item\":\"https:\/\/adl-regalosempresa.com\/tiendaonline\/tienda\/\"},{\"@type\":\"ListItem\",\"position\":3,\"name\":\"Temporizador de ducha para personalizar con logo\"}]},{\"@type\":\"WebSite\",\"@id\":\"https:\/\/adl-regalosempresa.com\/tiendaonline\/#website\",\"url\":\"https:\/\/adl-regalosempresa.com\/tiendaonline\/\",\"name\":\"ADL Comunicaci\u00f3n\",\"description\":\"Regalos de empresa\",\"publisher\":{\"@id\":\"https:\/\/adl-regalosempresa.com\/tiendaonline\/#organization\"},\"potentialAction\":[{\"@type\":\"SearchAction\",\"target\":{\"@type\":\"EntryPoint\",\"urlTemplate\":\"https:\/\/adl-regalosempresa.com\/tiendaonline\/?s={search_term_string}\"},\"query-input\":{\"@type\":\"PropertyValueSpecification\",\"valueRequired\":true,\"valueName\":\"search_term_string\"}}],\"inLanguage\":\"es\"},{\"@type\":\"Organization\",\"@id\":\"https:\/\/adl-regalosempresa.com\/tiendaonline\/#organization\",\"name\":\"ADL Comunicaci\u00f3n\",\"url\":\"https:\/\/adl-regalosempresa.com\/tiendaonline\/\",\"logo\":{\"@type\":\"ImageObject\",\"inLanguage\":\"es\",\"@id\":\"https:\/\/adl-regalosempresa.com\/tiendaonline\/#\/schema\/logo\/image\/\",\"url\":\"https:\/\/adl-regalosempresa.com\/tiendaonline\/wp-content\/uploads\/2017\/09\/logo-adl-wp.png\",\"contentUrl\":\"https:\/\/adl-regalosempresa.com\/tiendaonline\/wp-content\/uploads\/2017\/09\/logo-adl-wp.png\",\"width\":407,\"height\":185,\"caption\":\"ADL Comunicaci\u00f3n\"},\"image\":{\"@id\":\"https:\/\/adl-regalosempresa.com\/tiendaonline\/#\/schema\/logo\/image\/\"}}]}<\/script>\n<!-- \/ Yoast SEO plugin. -->","yoast_head_json":{"title":"Merchandising Temporizador de ducha para personalizar con logo - ADL","description":"Art\u00edculo de merchandising Temporizador de ducha \"Catto\". El temporizador de ducha \"Catto\" es una soluci\u00f3n innovadora para ahorrar agua y energ\u00eda. Con un reloj de arena de 3,5 a 4 minutos, ayuda a controlar el tiempo de ducha y reducir el uso excesivo de agua. El temporizador cuenta con una ventosa que permite una f\u00e1cil fijaci\u00f3n a superficies lisas como azulejos, por lo que es accesible y c\u00f3modo de usar. Pon en marcha el temporizador cuando empieces a ducharte y deja que la arena cuente atr\u00e1s hasta agotarse, lo que te recordar\u00e1 que debes terminar la ducha. Con su dise\u00f1o compacto, el temporizador de ducha \"Catto\" es el complemento perfecto para tu rutina de ba\u00f1o y te ayuda a ahorrar recursos a la vez que fomenta h\u00e1bitos ecol\u00f3gicos.","robots":{"index":"index","follow":"follow","max-snippet":"max-snippet:-1","max-image-preview":"max-image-preview:large","max-video-preview":"max-video-preview:-1"},"canonical":"https:\/\/adl-regalosempresa.com\/tiendaonline\/articulos\/merchandising\/temporizador-de-ducha-para-personalizar-con-logo\/","og_locale":"es_ES","og_type":"article","og_title":"Merchandising Temporizador de ducha para personalizar con logo - ADL","og_description":"Art\u00edculo de merchandising Temporizador de ducha \"Catto\". El temporizador de ducha \"Catto\" es una soluci\u00f3n innovadora para ahorrar agua y energ\u00eda. Con un reloj de arena de 3,5 a 4 minutos, ayuda a controlar el tiempo de ducha y reducir el uso excesivo de agua. El temporizador cuenta con una ventosa que permite una f\u00e1cil fijaci\u00f3n a superficies lisas como azulejos, por lo que es accesible y c\u00f3modo de usar. Pon en marcha el temporizador cuando empieces a ducharte y deja que la arena cuente atr\u00e1s hasta agotarse, lo que te recordar\u00e1 que debes terminar la ducha. Con su dise\u00f1o compacto, el temporizador de ducha \"Catto\" es el complemento perfecto para tu rutina de ba\u00f1o y te ayuda a ahorrar recursos a la vez que fomenta h\u00e1bitos ecol\u00f3gicos.","og_url":"https:\/\/adl-regalosempresa.com\/tiendaonline\/articulos\/merchandising\/temporizador-de-ducha-para-personalizar-con-logo\/","og_site_name":"ADL Comunicaci\u00f3n","article_modified_time":"2026-04-25T08:28:12+00:00","og_image":[{"width":1600,"height":1600,"url":"https:\/\/adl-regalosempresa.com\/tiendaonline\/wp-content\/uploads\/2023\/04\/12620221.jpg","type":"image\/jpeg"}],"twitter_card":"summary_large_image","twitter_title":"Merchandising Temporizador de ducha para personalizar con logo - ADL","twitter_misc":{"Tiempo de lectura":"1 minuto"},"schema":{"@context":"https:\/\/schema.org","@graph":[{"@type":"WebPage","@id":"https:\/\/adl-regalosempresa.com\/tiendaonline\/articulos\/merchandising\/temporizador-de-ducha-para-personalizar-con-logo\/","url":"https:\/\/adl-regalosempresa.com\/tiendaonline\/articulos\/merchandising\/temporizador-de-ducha-para-personalizar-con-logo\/","name":"Merchandising Temporizador de ducha para personalizar con logo - ADL","isPartOf":{"@id":"https:\/\/adl-regalosempresa.com\/tiendaonline\/#website"},"primaryImageOfPage":{"@id":"https:\/\/adl-regalosempresa.com\/tiendaonline\/articulos\/merchandising\/temporizador-de-ducha-para-personalizar-con-logo\/#primaryimage"},"image":{"@id":"https:\/\/adl-regalosempresa.com\/tiendaonline\/articulos\/merchandising\/temporizador-de-ducha-para-personalizar-con-logo\/#primaryimage"},"thumbnailUrl":"https:\/\/adl-regalosempresa.com\/tiendaonline\/wp-content\/uploads\/2023\/04\/12620221.jpg","datePublished":"2026-03-24T06:10:03+00:00","dateModified":"2026-04-25T08:28:12+00:00","description":"Art\u00edculo de merchandising Temporizador de ducha \"Catto\". El temporizador de ducha \"Catto\" es una soluci\u00f3n innovadora para ahorrar agua y energ\u00eda. Con un reloj de arena de 3,5 a 4 minutos, ayuda a controlar el tiempo de ducha y reducir el uso excesivo de agua. El temporizador cuenta con una ventosa que permite una f\u00e1cil fijaci\u00f3n a superficies lisas como azulejos, por lo que es accesible y c\u00f3modo de usar. Pon en marcha el temporizador cuando empieces a ducharte y deja que la arena cuente atr\u00e1s hasta agotarse, lo que te recordar\u00e1 que debes terminar la ducha. Con su dise\u00f1o compacto, el temporizador de ducha \"Catto\" es el complemento perfecto para tu rutina de ba\u00f1o y te ayuda a ahorrar recursos a la vez que fomenta h\u00e1bitos ecol\u00f3gicos.","breadcrumb":{"@id":"https:\/\/adl-regalosempresa.com\/tiendaonline\/articulos\/merchandising\/temporizador-de-ducha-para-personalizar-con-logo\/#breadcrumb"},"inLanguage":"es","potentialAction":[{"@type":"ReadAction","target":["https:\/\/adl-regalosempresa.com\/tiendaonline\/articulos\/merchandising\/temporizador-de-ducha-para-personalizar-con-logo\/"]}]},{"@type":"ImageObject","inLanguage":"es","@id":"https:\/\/adl-regalosempresa.com\/tiendaonline\/articulos\/merchandising\/temporizador-de-ducha-para-personalizar-con-logo\/#primaryimage","url":"https:\/\/adl-regalosempresa.com\/tiendaonline\/wp-content\/uploads\/2023\/04\/12620221.jpg","contentUrl":"https:\/\/adl-regalosempresa.com\/tiendaonline\/wp-content\/uploads\/2023\/04\/12620221.jpg","width":1600,"height":1600,"caption":"Temporizador de ducha \"Catto\""},{"@type":"BreadcrumbList","@id":"https:\/\/adl-regalosempresa.com\/tiendaonline\/articulos\/merchandising\/temporizador-de-ducha-para-personalizar-con-logo\/#breadcrumb","itemListElement":[{"@type":"ListItem","position":1,"name":"Portada","item":"https:\/\/adl-regalosempresa.com\/tiendaonline\/"},{"@type":"ListItem","position":2,"name":"Tienda","item":"https:\/\/adl-regalosempresa.com\/tiendaonline\/tienda\/"},{"@type":"ListItem","position":3,"name":"Temporizador de ducha para personalizar con logo"}]},{"@type":"WebSite","@id":"https:\/\/adl-regalosempresa.com\/tiendaonline\/#website","url":"https:\/\/adl-regalosempresa.com\/tiendaonline\/","name":"ADL Comunicaci\u00f3n","description":"Regalos de empresa","publisher":{"@id":"https:\/\/adl-regalosempresa.com\/tiendaonline\/#organization"},"potentialAction":[{"@type":"SearchAction","target":{"@type":"EntryPoint","urlTemplate":"https:\/\/adl-regalosempresa.com\/tiendaonline\/?s={search_term_string}"},"query-input":{"@type":"PropertyValueSpecification","valueRequired":true,"valueName":"search_term_string"}}],"inLanguage":"es"},{"@type":"Organization","@id":"https:\/\/adl-regalosempresa.com\/tiendaonline\/#organization","name":"ADL Comunicaci\u00f3n","url":"https:\/\/adl-regalosempresa.com\/tiendaonline\/","logo":{"@type":"ImageObject","inLanguage":"es","@id":"https:\/\/adl-regalosempresa.com\/tiendaonline\/#\/schema\/logo\/image\/","url":"https:\/\/adl-regalosempresa.com\/tiendaonline\/wp-content\/uploads\/2017\/09\/logo-adl-wp.png","contentUrl":"https:\/\/adl-regalosempresa.com\/tiendaonline\/wp-content\/uploads\/2017\/09\/logo-adl-wp.png","width":407,"height":185,"caption":"ADL Comunicaci\u00f3n"},"image":{"@id":"https:\/\/adl-regalosempresa.com\/tiendaonline\/#\/schema\/logo\/image\/"}}]}},"_links":{"self":[{"href":"https:\/\/adl-regalosempresa.com\/tiendaonline\/wp-json\/wp\/v2\/product\/121018","targetHints":{"allow":["GET"]}}],"collection":[{"href":"https:\/\/adl-regalosempresa.com\/tiendaonline\/wp-json\/wp\/v2\/product"}],"about":[{"href":"https:\/\/adl-regalosempresa.com\/tiendaonline\/wp-json\/wp\/v2\/types\/product"}],"wp:featuredmedia":[{"embeddable":true,"href":"https:\/\/adl-regalosempresa.com\/tiendaonline\/wp-json\/wp\/v2\/media\/121611"}],"wp:attachment":[{"href":"https:\/\/adl-regalosempresa.com\/tiendaonline\/wp-json\/wp\/v2\/media?parent=121018"}],"wp:term":[{"taxonomy":"product_brand","embeddable":true,"href":"https:\/\/adl-regalosempresa.com\/tiendaonline\/wp-json\/wp\/v2\/product_brand?post=121018"},{"taxonomy":"product_cat","embeddable":true,"href":"https:\/\/adl-regalosempresa.com\/tiendaonline\/wp-json\/wp\/v2\/product_cat?post=121018"},{"taxonomy":"product_tag","embeddable":true,"href":"https:\/\/adl-regalosempresa.com\/tiendaonline\/wp-json\/wp\/v2\/product_tag?post=121018"}],"curies":[{"name":"wp","href":"https:\/\/api.w.org\/{rel}","templated":true}]}}