{"id":120856,"date":"2026-03-26T05:19:39","date_gmt":"2026-03-26T05:19:39","guid":{"rendered":"https:\/\/adl-regalosempresa.com\/tiendaonline\/articulos\/merchandising\/petalite-mens-grs-recycled-insulated-jacket-para-personalizar-con-logo\/"},"modified":"2026-04-04T08:14:10","modified_gmt":"2026-04-04T08:14:10","slug":"chaqueta-aislante-de-material-reciclado-grs-para-hombre-para-personalizar-con-logo","status":"publish","type":"product","link":"https:\/\/adl-regalosempresa.com\/tiendaonline\/articulos\/merchandising\/chaqueta-aislante-de-material-reciclado-grs-para-hombre-para-personalizar-con-logo\/","title":{"rendered":"Chaqueta aislante de material reciclado GRS para hombre  para personalizar con logo"},"content":{"rendered":"<p>La chaqueta aislante reciclada GRS Petalite para hombre -una elecci\u00f3n elegante para los aventureros. Confeccionada con precisi\u00f3n y cuidado, esta chaqueta cuenta con la certificaci\u00f3n GRS, lo que la convierte en el complemento m\u00e1s responsable de tu armario. Dise\u00f1ada para ofrecer confort y calidez, el patr\u00f3n acolchado de nido de abeja muestra un dise\u00f1o moderno y mejora el aislamiento, mientras que el tejido de nylon reciclado dull cire 380T con certificaci\u00f3n GRS proporciona durabilidad y resistencia a la intemperie. Incluso los adornos y accesorios, incluidas las cremalleras, proceden de materiales reciclados, lo que garantiza que todos los elementos de esta chaqueta contribuyen a proteger nuestro planeta. Equipada con caracter\u00edsticas funcionales, la chaqueta Petalite tiene bolsillos delanteros con cremallera y un bolsillo interior en la parte inferior izquierda para un almacenamiento protegido. La solapa interior con protecci\u00f3n para la barbilla te protege de los elementos, mientras que el cierre el\u00e1stico con cord\u00f3n ajustable en el dobladillo inferior permite un ajuste a medida. El ribete el\u00e1stico de la capucha garantiza una mayor protecci\u00f3n contra los vientos fr\u00edos. Las plumas recicladas con certificaci\u00f3n RDS proporcionan calor sin comprometer las normativas \u00e9ticas. Con la certificaci\u00f3n GRS, que garantiza una cadena de suministro 100% certificada, esta prenda representa realmente una opci\u00f3n m\u00e1s responsable.<\/p>\n","protected":false},"excerpt":{"rendered":"<p><strong>Descuentos por cantidades<\/strong><br \/>&#8211; a partir de 25 unidades: 84,83 \u20ac\/ud<br \/>&#8211; a partir de 50 unidades: 84,83 \u20ac\/ud<br \/>&#8211; a partir de 100 unidades: 83,25 \u20ac\/ud<\/p>\n<p>Para cantidades superiores a las aqu\u00ed indicadas, no dudes en ponerte en contacto con nuestro departamento comercial o <a href='https:\/\/adl-regalosempresa.com\/tiendaonline\/solicitud-presupuesto\/'>pedirnos presupuesto personalizado<\/a>, ajustaremos el presupuesto a tus necesidades.<\/p>\n","protected":false},"featured_media":121956,"template":"","meta":{"_kad_post_transparent":"","_kad_post_title":"","_kad_post_layout":"","_kad_post_sidebar_id":"","_kad_post_content_style":"","_kad_post_vertical_padding":"","_kad_post_feature":"","_kad_post_feature_position":"","_kad_post_header":false,"_kad_post_footer":false,"_kad_post_classname":""},"product_brand":[],"product_cat":[5423,3649],"product_tag":[],"class_list":{"0":"post-120856","1":"product","2":"type-product","3":"status-publish","4":"has-post-thumbnail","6":"product_cat-chaquetas-ropa","7":"product_cat-ropa","8":"pa_color-azul-marino","9":"pa_color-gris-tormenta","10":"pa_color-negro-intenso","11":"pa_color-simple-azul","12":"pa_color-simple-gris","13":"pa_color-simple-negro-intenso","14":"pa_genero-hombre","15":"pa_marca-elevate","16":"pa_peso-546-gr","17":"pa_talla-xs","18":"pa_talla-s","19":"pa_talla-m","20":"pa_talla-l","21":"pa_talla-xl","22":"pa_talla-xxl","23":"pa_talla-3xl","25":"first","26":"instock","27":"taxable","28":"shipping-taxable","29":"purchasable","30":"product-type-variable","31":"entry","32":"content-bg","33":"loop-entry"},"yoast_head":"<!-- This site is optimized with the Yoast SEO plugin v26.3 - https:\/\/yoast.com\/wordpress\/plugins\/seo\/ -->\n<title>Merchandising Chaqueta aislante de material reciclado GRS para hombre para personalizar con logo - ADL<\/title>\n<meta name=\"description\" content=\"Art\u00edculo de merchandising Chaqueta aislante de material reciclado GRS para hombre &quot;Petalite&quot;. La chaqueta aislante reciclada GRS Petalite para hombre -una elecci\u00f3n elegante para los aventureros. Confeccionada con precisi\u00f3n y cuidado, esta chaqueta cuenta con la certificaci\u00f3n GRS, lo que la convierte en el complemento m\u00e1s responsable de tu armario. Dise\u00f1ada para ofrecer confort y calidez, el patr\u00f3n acolchado de nido de abeja muestra un dise\u00f1o moderno y mejora el aislamiento, mientras que el tejido de nylon reciclado dull cire 380T con certificaci\u00f3n GRS proporciona durabilidad y resistencia a la intemperie. Incluso los adornos y accesorios, incluidas las cremalleras, proceden de materiales reciclados, lo que garantiza que todos los elementos de esta chaqueta contribuyen a proteger nuestro planeta. Equipada con caracter\u00edsticas funcionales, la chaqueta Petalite tiene bolsillos delanteros con cremallera y un bolsillo interior en la parte inferior izquierda para un almacenamiento protegido. La solapa interior con protecci\u00f3n para la barbilla te protege de los elementos, mientras que el cierre el\u00e1stico con cord\u00f3n ajustable en el dobladillo inferior permite un ajuste a medida. El ribete el\u00e1stico de la capucha garantiza una mayor protecci\u00f3n contra los vientos fr\u00edos. Las plumas recicladas con certificaci\u00f3n RDS proporcionan calor sin comprometer las normativas \u00e9ticas. Con la certificaci\u00f3n GRS, que garantiza una cadena de suministro 100% certificada, esta prenda representa realmente una opci\u00f3n m\u00e1s responsable.\" \/>\n<meta name=\"robots\" content=\"index, follow, max-snippet:-1, max-image-preview:large, max-video-preview:-1\" \/>\n<link rel=\"canonical\" href=\"https:\/\/adl-regalosempresa.com\/tiendaonline\/articulos\/merchandising\/chaqueta-aislante-de-material-reciclado-grs-para-hombre-para-personalizar-con-logo\/\" \/>\n<meta property=\"og:locale\" content=\"es_ES\" \/>\n<meta property=\"og:type\" content=\"article\" \/>\n<meta property=\"og:title\" content=\"Merchandising Chaqueta aislante de material reciclado GRS para hombre para personalizar con logo - ADL\" \/>\n<meta property=\"og:description\" content=\"Art\u00edculo de merchandising Chaqueta aislante de material reciclado GRS para hombre &quot;Petalite&quot;. La chaqueta aislante reciclada GRS Petalite para hombre -una elecci\u00f3n elegante para los aventureros. Confeccionada con precisi\u00f3n y cuidado, esta chaqueta cuenta con la certificaci\u00f3n GRS, lo que la convierte en el complemento m\u00e1s responsable de tu armario. Dise\u00f1ada para ofrecer confort y calidez, el patr\u00f3n acolchado de nido de abeja muestra un dise\u00f1o moderno y mejora el aislamiento, mientras que el tejido de nylon reciclado dull cire 380T con certificaci\u00f3n GRS proporciona durabilidad y resistencia a la intemperie. Incluso los adornos y accesorios, incluidas las cremalleras, proceden de materiales reciclados, lo que garantiza que todos los elementos de esta chaqueta contribuyen a proteger nuestro planeta. Equipada con caracter\u00edsticas funcionales, la chaqueta Petalite tiene bolsillos delanteros con cremallera y un bolsillo interior en la parte inferior izquierda para un almacenamiento protegido. La solapa interior con protecci\u00f3n para la barbilla te protege de los elementos, mientras que el cierre el\u00e1stico con cord\u00f3n ajustable en el dobladillo inferior permite un ajuste a medida. El ribete el\u00e1stico de la capucha garantiza una mayor protecci\u00f3n contra los vientos fr\u00edos. Las plumas recicladas con certificaci\u00f3n RDS proporcionan calor sin comprometer las normativas \u00e9ticas. Con la certificaci\u00f3n GRS, que garantiza una cadena de suministro 100% certificada, esta prenda representa realmente una opci\u00f3n m\u00e1s responsable.\" \/>\n<meta property=\"og:url\" content=\"https:\/\/adl-regalosempresa.com\/tiendaonline\/articulos\/merchandising\/chaqueta-aislante-de-material-reciclado-grs-para-hombre-para-personalizar-con-logo\/\" \/>\n<meta property=\"og:site_name\" content=\"ADL Comunicaci\u00f3n\" \/>\n<meta property=\"article:modified_time\" content=\"2026-04-04T08:14:10+00:00\" \/>\n<meta property=\"og:image\" content=\"https:\/\/adl-regalosempresa.com\/tiendaonline\/wp-content\/uploads\/2023\/08\/3753455.jpg\" \/>\n\t<meta property=\"og:image:width\" content=\"1600\" \/>\n\t<meta property=\"og:image:height\" content=\"1600\" \/>\n\t<meta property=\"og:image:type\" content=\"image\/jpeg\" \/>\n<meta name=\"twitter:card\" content=\"summary_large_image\" \/>\n<meta name=\"twitter:title\" content=\"Merchandising Chaqueta aislante de material reciclado GRS para hombre para personalizar con logo - ADL\" \/>\n<meta name=\"twitter:label1\" content=\"Tiempo de lectura\" \/>\n\t<meta name=\"twitter:data1\" content=\"1 minuto\" \/>\n<script type=\"application\/ld+json\" class=\"yoast-schema-graph\">{\"@context\":\"https:\/\/schema.org\",\"@graph\":[{\"@type\":\"WebPage\",\"@id\":\"https:\/\/adl-regalosempresa.com\/tiendaonline\/articulos\/merchandising\/chaqueta-aislante-de-material-reciclado-grs-para-hombre-para-personalizar-con-logo\/\",\"url\":\"https:\/\/adl-regalosempresa.com\/tiendaonline\/articulos\/merchandising\/chaqueta-aislante-de-material-reciclado-grs-para-hombre-para-personalizar-con-logo\/\",\"name\":\"Merchandising Chaqueta aislante de material reciclado GRS para hombre para personalizar con logo - ADL\",\"isPartOf\":{\"@id\":\"https:\/\/adl-regalosempresa.com\/tiendaonline\/#website\"},\"primaryImageOfPage\":{\"@id\":\"https:\/\/adl-regalosempresa.com\/tiendaonline\/articulos\/merchandising\/chaqueta-aislante-de-material-reciclado-grs-para-hombre-para-personalizar-con-logo\/#primaryimage\"},\"image\":{\"@id\":\"https:\/\/adl-regalosempresa.com\/tiendaonline\/articulos\/merchandising\/chaqueta-aislante-de-material-reciclado-grs-para-hombre-para-personalizar-con-logo\/#primaryimage\"},\"thumbnailUrl\":\"https:\/\/adl-regalosempresa.com\/tiendaonline\/wp-content\/uploads\/2023\/08\/3753455.jpg\",\"datePublished\":\"2026-03-26T05:19:39+00:00\",\"dateModified\":\"2026-04-04T08:14:10+00:00\",\"description\":\"Art\u00edculo de merchandising Chaqueta aislante de material reciclado GRS para hombre \\\"Petalite\\\". La chaqueta aislante reciclada GRS Petalite para hombre -una elecci\u00f3n elegante para los aventureros. Confeccionada con precisi\u00f3n y cuidado, esta chaqueta cuenta con la certificaci\u00f3n GRS, lo que la convierte en el complemento m\u00e1s responsable de tu armario. Dise\u00f1ada para ofrecer confort y calidez, el patr\u00f3n acolchado de nido de abeja muestra un dise\u00f1o moderno y mejora el aislamiento, mientras que el tejido de nylon reciclado dull cire 380T con certificaci\u00f3n GRS proporciona durabilidad y resistencia a la intemperie. Incluso los adornos y accesorios, incluidas las cremalleras, proceden de materiales reciclados, lo que garantiza que todos los elementos de esta chaqueta contribuyen a proteger nuestro planeta. Equipada con caracter\u00edsticas funcionales, la chaqueta Petalite tiene bolsillos delanteros con cremallera y un bolsillo interior en la parte inferior izquierda para un almacenamiento protegido. La solapa interior con protecci\u00f3n para la barbilla te protege de los elementos, mientras que el cierre el\u00e1stico con cord\u00f3n ajustable en el dobladillo inferior permite un ajuste a medida. El ribete el\u00e1stico de la capucha garantiza una mayor protecci\u00f3n contra los vientos fr\u00edos. Las plumas recicladas con certificaci\u00f3n RDS proporcionan calor sin comprometer las normativas \u00e9ticas. Con la certificaci\u00f3n GRS, que garantiza una cadena de suministro 100% certificada, esta prenda representa realmente una opci\u00f3n m\u00e1s responsable.\",\"breadcrumb\":{\"@id\":\"https:\/\/adl-regalosempresa.com\/tiendaonline\/articulos\/merchandising\/chaqueta-aislante-de-material-reciclado-grs-para-hombre-para-personalizar-con-logo\/#breadcrumb\"},\"inLanguage\":\"es\",\"potentialAction\":[{\"@type\":\"ReadAction\",\"target\":[\"https:\/\/adl-regalosempresa.com\/tiendaonline\/articulos\/merchandising\/chaqueta-aislante-de-material-reciclado-grs-para-hombre-para-personalizar-con-logo\/\"]}]},{\"@type\":\"ImageObject\",\"inLanguage\":\"es\",\"@id\":\"https:\/\/adl-regalosempresa.com\/tiendaonline\/articulos\/merchandising\/chaqueta-aislante-de-material-reciclado-grs-para-hombre-para-personalizar-con-logo\/#primaryimage\",\"url\":\"https:\/\/adl-regalosempresa.com\/tiendaonline\/wp-content\/uploads\/2023\/08\/3753455.jpg\",\"contentUrl\":\"https:\/\/adl-regalosempresa.com\/tiendaonline\/wp-content\/uploads\/2023\/08\/3753455.jpg\",\"width\":1600,\"height\":1600,\"caption\":\"Chaqueta aislante de material reciclado GRS para hombre \\\"Petalite\\\"\"},{\"@type\":\"BreadcrumbList\",\"@id\":\"https:\/\/adl-regalosempresa.com\/tiendaonline\/articulos\/merchandising\/chaqueta-aislante-de-material-reciclado-grs-para-hombre-para-personalizar-con-logo\/#breadcrumb\",\"itemListElement\":[{\"@type\":\"ListItem\",\"position\":1,\"name\":\"Portada\",\"item\":\"https:\/\/adl-regalosempresa.com\/tiendaonline\/\"},{\"@type\":\"ListItem\",\"position\":2,\"name\":\"Tienda\",\"item\":\"https:\/\/adl-regalosempresa.com\/tiendaonline\/tienda\/\"},{\"@type\":\"ListItem\",\"position\":3,\"name\":\"Chaqueta aislante de material reciclado GRS para hombre para personalizar con logo\"}]},{\"@type\":\"WebSite\",\"@id\":\"https:\/\/adl-regalosempresa.com\/tiendaonline\/#website\",\"url\":\"https:\/\/adl-regalosempresa.com\/tiendaonline\/\",\"name\":\"ADL Comunicaci\u00f3n\",\"description\":\"Regalos de empresa\",\"publisher\":{\"@id\":\"https:\/\/adl-regalosempresa.com\/tiendaonline\/#organization\"},\"potentialAction\":[{\"@type\":\"SearchAction\",\"target\":{\"@type\":\"EntryPoint\",\"urlTemplate\":\"https:\/\/adl-regalosempresa.com\/tiendaonline\/?s={search_term_string}\"},\"query-input\":{\"@type\":\"PropertyValueSpecification\",\"valueRequired\":true,\"valueName\":\"search_term_string\"}}],\"inLanguage\":\"es\"},{\"@type\":\"Organization\",\"@id\":\"https:\/\/adl-regalosempresa.com\/tiendaonline\/#organization\",\"name\":\"ADL Comunicaci\u00f3n\",\"url\":\"https:\/\/adl-regalosempresa.com\/tiendaonline\/\",\"logo\":{\"@type\":\"ImageObject\",\"inLanguage\":\"es\",\"@id\":\"https:\/\/adl-regalosempresa.com\/tiendaonline\/#\/schema\/logo\/image\/\",\"url\":\"https:\/\/adl-regalosempresa.com\/tiendaonline\/wp-content\/uploads\/2017\/09\/logo-adl-wp.png\",\"contentUrl\":\"https:\/\/adl-regalosempresa.com\/tiendaonline\/wp-content\/uploads\/2017\/09\/logo-adl-wp.png\",\"width\":407,\"height\":185,\"caption\":\"ADL Comunicaci\u00f3n\"},\"image\":{\"@id\":\"https:\/\/adl-regalosempresa.com\/tiendaonline\/#\/schema\/logo\/image\/\"}}]}<\/script>\n<!-- \/ Yoast SEO plugin. -->","yoast_head_json":{"title":"Merchandising Chaqueta aislante de material reciclado GRS para hombre para personalizar con logo - ADL","description":"Art\u00edculo de merchandising Chaqueta aislante de material reciclado GRS para hombre \"Petalite\". La chaqueta aislante reciclada GRS Petalite para hombre -una elecci\u00f3n elegante para los aventureros. Confeccionada con precisi\u00f3n y cuidado, esta chaqueta cuenta con la certificaci\u00f3n GRS, lo que la convierte en el complemento m\u00e1s responsable de tu armario. Dise\u00f1ada para ofrecer confort y calidez, el patr\u00f3n acolchado de nido de abeja muestra un dise\u00f1o moderno y mejora el aislamiento, mientras que el tejido de nylon reciclado dull cire 380T con certificaci\u00f3n GRS proporciona durabilidad y resistencia a la intemperie. Incluso los adornos y accesorios, incluidas las cremalleras, proceden de materiales reciclados, lo que garantiza que todos los elementos de esta chaqueta contribuyen a proteger nuestro planeta. Equipada con caracter\u00edsticas funcionales, la chaqueta Petalite tiene bolsillos delanteros con cremallera y un bolsillo interior en la parte inferior izquierda para un almacenamiento protegido. La solapa interior con protecci\u00f3n para la barbilla te protege de los elementos, mientras que el cierre el\u00e1stico con cord\u00f3n ajustable en el dobladillo inferior permite un ajuste a medida. El ribete el\u00e1stico de la capucha garantiza una mayor protecci\u00f3n contra los vientos fr\u00edos. Las plumas recicladas con certificaci\u00f3n RDS proporcionan calor sin comprometer las normativas \u00e9ticas. Con la certificaci\u00f3n GRS, que garantiza una cadena de suministro 100% certificada, esta prenda representa realmente una opci\u00f3n m\u00e1s responsable.","robots":{"index":"index","follow":"follow","max-snippet":"max-snippet:-1","max-image-preview":"max-image-preview:large","max-video-preview":"max-video-preview:-1"},"canonical":"https:\/\/adl-regalosempresa.com\/tiendaonline\/articulos\/merchandising\/chaqueta-aislante-de-material-reciclado-grs-para-hombre-para-personalizar-con-logo\/","og_locale":"es_ES","og_type":"article","og_title":"Merchandising Chaqueta aislante de material reciclado GRS para hombre para personalizar con logo - ADL","og_description":"Art\u00edculo de merchandising Chaqueta aislante de material reciclado GRS para hombre \"Petalite\". La chaqueta aislante reciclada GRS Petalite para hombre -una elecci\u00f3n elegante para los aventureros. Confeccionada con precisi\u00f3n y cuidado, esta chaqueta cuenta con la certificaci\u00f3n GRS, lo que la convierte en el complemento m\u00e1s responsable de tu armario. Dise\u00f1ada para ofrecer confort y calidez, el patr\u00f3n acolchado de nido de abeja muestra un dise\u00f1o moderno y mejora el aislamiento, mientras que el tejido de nylon reciclado dull cire 380T con certificaci\u00f3n GRS proporciona durabilidad y resistencia a la intemperie. Incluso los adornos y accesorios, incluidas las cremalleras, proceden de materiales reciclados, lo que garantiza que todos los elementos de esta chaqueta contribuyen a proteger nuestro planeta. Equipada con caracter\u00edsticas funcionales, la chaqueta Petalite tiene bolsillos delanteros con cremallera y un bolsillo interior en la parte inferior izquierda para un almacenamiento protegido. La solapa interior con protecci\u00f3n para la barbilla te protege de los elementos, mientras que el cierre el\u00e1stico con cord\u00f3n ajustable en el dobladillo inferior permite un ajuste a medida. El ribete el\u00e1stico de la capucha garantiza una mayor protecci\u00f3n contra los vientos fr\u00edos. Las plumas recicladas con certificaci\u00f3n RDS proporcionan calor sin comprometer las normativas \u00e9ticas. Con la certificaci\u00f3n GRS, que garantiza una cadena de suministro 100% certificada, esta prenda representa realmente una opci\u00f3n m\u00e1s responsable.","og_url":"https:\/\/adl-regalosempresa.com\/tiendaonline\/articulos\/merchandising\/chaqueta-aislante-de-material-reciclado-grs-para-hombre-para-personalizar-con-logo\/","og_site_name":"ADL Comunicaci\u00f3n","article_modified_time":"2026-04-04T08:14:10+00:00","og_image":[{"width":1600,"height":1600,"url":"https:\/\/adl-regalosempresa.com\/tiendaonline\/wp-content\/uploads\/2023\/08\/3753455.jpg","type":"image\/jpeg"}],"twitter_card":"summary_large_image","twitter_title":"Merchandising Chaqueta aislante de material reciclado GRS para hombre para personalizar con logo - ADL","twitter_misc":{"Tiempo de lectura":"1 minuto"},"schema":{"@context":"https:\/\/schema.org","@graph":[{"@type":"WebPage","@id":"https:\/\/adl-regalosempresa.com\/tiendaonline\/articulos\/merchandising\/chaqueta-aislante-de-material-reciclado-grs-para-hombre-para-personalizar-con-logo\/","url":"https:\/\/adl-regalosempresa.com\/tiendaonline\/articulos\/merchandising\/chaqueta-aislante-de-material-reciclado-grs-para-hombre-para-personalizar-con-logo\/","name":"Merchandising Chaqueta aislante de material reciclado GRS para hombre para personalizar con logo - ADL","isPartOf":{"@id":"https:\/\/adl-regalosempresa.com\/tiendaonline\/#website"},"primaryImageOfPage":{"@id":"https:\/\/adl-regalosempresa.com\/tiendaonline\/articulos\/merchandising\/chaqueta-aislante-de-material-reciclado-grs-para-hombre-para-personalizar-con-logo\/#primaryimage"},"image":{"@id":"https:\/\/adl-regalosempresa.com\/tiendaonline\/articulos\/merchandising\/chaqueta-aislante-de-material-reciclado-grs-para-hombre-para-personalizar-con-logo\/#primaryimage"},"thumbnailUrl":"https:\/\/adl-regalosempresa.com\/tiendaonline\/wp-content\/uploads\/2023\/08\/3753455.jpg","datePublished":"2026-03-26T05:19:39+00:00","dateModified":"2026-04-04T08:14:10+00:00","description":"Art\u00edculo de merchandising Chaqueta aislante de material reciclado GRS para hombre \"Petalite\". La chaqueta aislante reciclada GRS Petalite para hombre -una elecci\u00f3n elegante para los aventureros. Confeccionada con precisi\u00f3n y cuidado, esta chaqueta cuenta con la certificaci\u00f3n GRS, lo que la convierte en el complemento m\u00e1s responsable de tu armario. Dise\u00f1ada para ofrecer confort y calidez, el patr\u00f3n acolchado de nido de abeja muestra un dise\u00f1o moderno y mejora el aislamiento, mientras que el tejido de nylon reciclado dull cire 380T con certificaci\u00f3n GRS proporciona durabilidad y resistencia a la intemperie. Incluso los adornos y accesorios, incluidas las cremalleras, proceden de materiales reciclados, lo que garantiza que todos los elementos de esta chaqueta contribuyen a proteger nuestro planeta. Equipada con caracter\u00edsticas funcionales, la chaqueta Petalite tiene bolsillos delanteros con cremallera y un bolsillo interior en la parte inferior izquierda para un almacenamiento protegido. La solapa interior con protecci\u00f3n para la barbilla te protege de los elementos, mientras que el cierre el\u00e1stico con cord\u00f3n ajustable en el dobladillo inferior permite un ajuste a medida. El ribete el\u00e1stico de la capucha garantiza una mayor protecci\u00f3n contra los vientos fr\u00edos. Las plumas recicladas con certificaci\u00f3n RDS proporcionan calor sin comprometer las normativas \u00e9ticas. Con la certificaci\u00f3n GRS, que garantiza una cadena de suministro 100% certificada, esta prenda representa realmente una opci\u00f3n m\u00e1s responsable.","breadcrumb":{"@id":"https:\/\/adl-regalosempresa.com\/tiendaonline\/articulos\/merchandising\/chaqueta-aislante-de-material-reciclado-grs-para-hombre-para-personalizar-con-logo\/#breadcrumb"},"inLanguage":"es","potentialAction":[{"@type":"ReadAction","target":["https:\/\/adl-regalosempresa.com\/tiendaonline\/articulos\/merchandising\/chaqueta-aislante-de-material-reciclado-grs-para-hombre-para-personalizar-con-logo\/"]}]},{"@type":"ImageObject","inLanguage":"es","@id":"https:\/\/adl-regalosempresa.com\/tiendaonline\/articulos\/merchandising\/chaqueta-aislante-de-material-reciclado-grs-para-hombre-para-personalizar-con-logo\/#primaryimage","url":"https:\/\/adl-regalosempresa.com\/tiendaonline\/wp-content\/uploads\/2023\/08\/3753455.jpg","contentUrl":"https:\/\/adl-regalosempresa.com\/tiendaonline\/wp-content\/uploads\/2023\/08\/3753455.jpg","width":1600,"height":1600,"caption":"Chaqueta aislante de material reciclado GRS para hombre \"Petalite\""},{"@type":"BreadcrumbList","@id":"https:\/\/adl-regalosempresa.com\/tiendaonline\/articulos\/merchandising\/chaqueta-aislante-de-material-reciclado-grs-para-hombre-para-personalizar-con-logo\/#breadcrumb","itemListElement":[{"@type":"ListItem","position":1,"name":"Portada","item":"https:\/\/adl-regalosempresa.com\/tiendaonline\/"},{"@type":"ListItem","position":2,"name":"Tienda","item":"https:\/\/adl-regalosempresa.com\/tiendaonline\/tienda\/"},{"@type":"ListItem","position":3,"name":"Chaqueta aislante de material reciclado GRS para hombre para personalizar con logo"}]},{"@type":"WebSite","@id":"https:\/\/adl-regalosempresa.com\/tiendaonline\/#website","url":"https:\/\/adl-regalosempresa.com\/tiendaonline\/","name":"ADL Comunicaci\u00f3n","description":"Regalos de empresa","publisher":{"@id":"https:\/\/adl-regalosempresa.com\/tiendaonline\/#organization"},"potentialAction":[{"@type":"SearchAction","target":{"@type":"EntryPoint","urlTemplate":"https:\/\/adl-regalosempresa.com\/tiendaonline\/?s={search_term_string}"},"query-input":{"@type":"PropertyValueSpecification","valueRequired":true,"valueName":"search_term_string"}}],"inLanguage":"es"},{"@type":"Organization","@id":"https:\/\/adl-regalosempresa.com\/tiendaonline\/#organization","name":"ADL Comunicaci\u00f3n","url":"https:\/\/adl-regalosempresa.com\/tiendaonline\/","logo":{"@type":"ImageObject","inLanguage":"es","@id":"https:\/\/adl-regalosempresa.com\/tiendaonline\/#\/schema\/logo\/image\/","url":"https:\/\/adl-regalosempresa.com\/tiendaonline\/wp-content\/uploads\/2017\/09\/logo-adl-wp.png","contentUrl":"https:\/\/adl-regalosempresa.com\/tiendaonline\/wp-content\/uploads\/2017\/09\/logo-adl-wp.png","width":407,"height":185,"caption":"ADL Comunicaci\u00f3n"},"image":{"@id":"https:\/\/adl-regalosempresa.com\/tiendaonline\/#\/schema\/logo\/image\/"}}]}},"_links":{"self":[{"href":"https:\/\/adl-regalosempresa.com\/tiendaonline\/wp-json\/wp\/v2\/product\/120856","targetHints":{"allow":["GET"]}}],"collection":[{"href":"https:\/\/adl-regalosempresa.com\/tiendaonline\/wp-json\/wp\/v2\/product"}],"about":[{"href":"https:\/\/adl-regalosempresa.com\/tiendaonline\/wp-json\/wp\/v2\/types\/product"}],"wp:featuredmedia":[{"embeddable":true,"href":"https:\/\/adl-regalosempresa.com\/tiendaonline\/wp-json\/wp\/v2\/media\/121956"}],"wp:attachment":[{"href":"https:\/\/adl-regalosempresa.com\/tiendaonline\/wp-json\/wp\/v2\/media?parent=120856"}],"wp:term":[{"taxonomy":"product_brand","embeddable":true,"href":"https:\/\/adl-regalosempresa.com\/tiendaonline\/wp-json\/wp\/v2\/product_brand?post=120856"},{"taxonomy":"product_cat","embeddable":true,"href":"https:\/\/adl-regalosempresa.com\/tiendaonline\/wp-json\/wp\/v2\/product_cat?post=120856"},{"taxonomy":"product_tag","embeddable":true,"href":"https:\/\/adl-regalosempresa.com\/tiendaonline\/wp-json\/wp\/v2\/product_tag?post=120856"}],"curies":[{"name":"wp","href":"https:\/\/api.w.org\/{rel}","templated":true}]}}