{"id":120849,"date":"2026-04-02T04:18:09","date_gmt":"2026-04-02T04:18:09","guid":{"rendered":"https:\/\/adl-regalosempresa.com\/tiendaonline\/articulos\/merchandising\/andrea-apron-with-adjustable-neck-strap-para-personalizar-con-logo\/"},"modified":"2026-04-28T08:10:19","modified_gmt":"2026-04-28T08:10:19","slug":"delantal-con-tira-ajustable-para-el-cuello-de-240-g-m%c2%b2-para-personalizar-con-logo","status":"publish","type":"product","link":"https:\/\/adl-regalosempresa.com\/tiendaonline\/articulos\/merchandising\/delantal-con-tira-ajustable-para-el-cuello-de-240-g-m%c2%b2-para-personalizar-con-logo\/","title":{"rendered":"Delantal con tira ajustable para el cuello de 240\u00a0g\/m\u00b2  para personalizar con logo"},"content":{"rendered":"<p>Proteger la ropa bonita mientras se cocina es f\u00e1cil con el delantal \u00abAndrea\u00bb. El delantal est\u00e1 confeccionado en tejido sarga de 240 g\/m\u00b2 (65% poli\u00e9ster y 35% algod\u00f3n), que lo hace m\u00e1s grueso y resistente, a la vez que suave y c\u00f3modo de llevar. Los dos bolsillos delanteros permiten guardar r\u00e1pida y f\u00e1cilmente los utensilios de cocina. El delantal es ajustable con una hebilla alrededor del cuello y un cierre anudado a la espalda, por lo que es de talla \u00fanica. M\u00faltiples opciones de impresi\u00f3n de gran tama\u00f1o para una m\u00e1xima exposici\u00f3n del logotipo.<\/p>\n","protected":false},"excerpt":{"rendered":"<p><strong>Descuentos por cantidades<\/strong><br \/>&#8211; a partir de 100 unidades: 6,38 \u20ac\/ud<br \/>&#8211; a partir de 250 unidades: 6,38 \u20ac\/ud<br \/>&#8211; a partir de 1000 unidades: 6,38 \u20ac\/ud<\/p>\n<p>Para cantidades superiores a las aqu\u00ed indicadas, no dudes en ponerte en contacto con nuestro departamento comercial o <a href='https:\/\/adl-regalosempresa.com\/tiendaonline\/solicitud-presupuesto\/'>pedirnos presupuesto personalizado<\/a>, ajustaremos el presupuesto a tus necesidades.<\/p>\n","protected":false},"featured_media":121692,"template":"","meta":{"_kad_post_transparent":"","_kad_post_title":"","_kad_post_layout":"","_kad_post_sidebar_id":"","_kad_post_content_style":"","_kad_post_vertical_padding":"","_kad_post_feature":"","_kad_post_feature_position":"","_kad_post_header":false,"_kad_post_footer":false,"_kad_post_classname":""},"product_brand":[],"product_cat":[4682,3519],"product_tag":[],"class_list":{"0":"post-120849","1":"product","2":"type-product","3":"status-publish","4":"has-post-thumbnail","6":"product_cat-delantales","7":"product_cat-articulos-personalizados-hogar","8":"pa_ancho-70-cm","9":"pa_color-avena","10":"pa_color-azul-hale","11":"pa_color-azul-marino","12":"pa_color-blanco","13":"pa_color-gris-oscuro","14":"pa_color-ladrillo","15":"pa_color-negro-intenso","16":"pa_color-rojo","17":"pa_color-verde-jaspeado","18":"pa_color-simple-azul","19":"pa_color-simple-blanco","20":"pa_color-simple-gris","21":"pa_color-simple-naranja","22":"pa_color-simple-natural","23":"pa_color-simple-negro-intenso","24":"pa_color-simple-rojo","25":"pa_color-simple-verde","26":"pa_largo-100-cm","27":"pa_marca-unbranded","28":"pa_material-sarga-de-algodon-poliester-algodon-240-g-m2","29":"pa_peso-210-gr","31":"first","32":"instock","33":"taxable","34":"shipping-taxable","35":"purchasable","36":"product-type-variable","37":"entry","38":"content-bg","39":"loop-entry"},"yoast_head":"<!-- This site is optimized with the Yoast SEO plugin v26.3 - https:\/\/yoast.com\/wordpress\/plugins\/seo\/ -->\n<title>Merchandising Delantal con tira ajustable para el cuello de 240\u00a0g\/m\u00b2 para personalizar con logo - ADL<\/title>\n<meta name=\"description\" content=\"Art\u00edculo de merchandising Delantal con tira ajustable para el cuello de 240\u00a0g\/m\u00b2 &quot;Andrea&quot;. Proteger la ropa bonita mientras se cocina es f\u00e1cil con el delantal &quot;Andrea&quot;. El delantal est\u00e1 confeccionado en tejido sarga de 240 g\/m\u00b2 (65% poli\u00e9ster y 35% algod\u00f3n), que lo hace m\u00e1s grueso y resistente, a la vez que suave y c\u00f3modo de llevar. Los dos bolsillos delanteros permiten guardar r\u00e1pida y f\u00e1cilmente los utensilios de cocina. El delantal es ajustable con una hebilla alrededor del cuello y un cierre anudado a la espalda, por lo que es de talla \u00fanica. M\u00faltiples opciones de impresi\u00f3n de gran tama\u00f1o para una m\u00e1xima exposici\u00f3n del logotipo.\" \/>\n<meta name=\"robots\" content=\"index, follow, max-snippet:-1, max-image-preview:large, max-video-preview:-1\" \/>\n<link rel=\"canonical\" href=\"https:\/\/adl-regalosempresa.com\/tiendaonline\/articulos\/merchandising\/delantal-con-tira-ajustable-para-el-cuello-de-240-g-m\u00b2-para-personalizar-con-logo\/\" \/>\n<meta property=\"og:locale\" content=\"es_ES\" \/>\n<meta property=\"og:type\" content=\"article\" \/>\n<meta property=\"og:title\" content=\"Merchandising Delantal con tira ajustable para el cuello de 240\u00a0g\/m\u00b2 para personalizar con logo - ADL\" \/>\n<meta property=\"og:description\" content=\"Art\u00edculo de merchandising Delantal con tira ajustable para el cuello de 240\u00a0g\/m\u00b2 &quot;Andrea&quot;. Proteger la ropa bonita mientras se cocina es f\u00e1cil con el delantal &quot;Andrea&quot;. El delantal est\u00e1 confeccionado en tejido sarga de 240 g\/m\u00b2 (65% poli\u00e9ster y 35% algod\u00f3n), que lo hace m\u00e1s grueso y resistente, a la vez que suave y c\u00f3modo de llevar. Los dos bolsillos delanteros permiten guardar r\u00e1pida y f\u00e1cilmente los utensilios de cocina. El delantal es ajustable con una hebilla alrededor del cuello y un cierre anudado a la espalda, por lo que es de talla \u00fanica. M\u00faltiples opciones de impresi\u00f3n de gran tama\u00f1o para una m\u00e1xima exposici\u00f3n del logotipo.\" \/>\n<meta property=\"og:url\" content=\"https:\/\/adl-regalosempresa.com\/tiendaonline\/articulos\/merchandising\/delantal-con-tira-ajustable-para-el-cuello-de-240-g-m\u00b2-para-personalizar-con-logo\/\" \/>\n<meta property=\"og:site_name\" content=\"ADL Comunicaci\u00f3n\" \/>\n<meta property=\"article:modified_time\" content=\"2026-04-28T08:10:19+00:00\" \/>\n<meta property=\"og:image\" content=\"https:\/\/adl-regalosempresa.com\/tiendaonline\/wp-content\/uploads\/2023\/06\/11333401.jpg\" \/>\n\t<meta property=\"og:image:width\" content=\"1600\" \/>\n\t<meta property=\"og:image:height\" content=\"1600\" \/>\n\t<meta property=\"og:image:type\" content=\"image\/jpeg\" \/>\n<meta name=\"twitter:card\" content=\"summary_large_image\" \/>\n<meta name=\"twitter:title\" content=\"Merchandising Delantal con tira ajustable para el cuello de 240\u00a0g\/m\u00b2 para personalizar con logo - ADL\" \/>\n<meta name=\"twitter:label1\" content=\"Tiempo de lectura\" \/>\n\t<meta name=\"twitter:data1\" content=\"1 minuto\" \/>\n<script type=\"application\/ld+json\" class=\"yoast-schema-graph\">{\"@context\":\"https:\/\/schema.org\",\"@graph\":[{\"@type\":\"WebPage\",\"@id\":\"https:\/\/adl-regalosempresa.com\/tiendaonline\/articulos\/merchandising\/delantal-con-tira-ajustable-para-el-cuello-de-240-g-m%c2%b2-para-personalizar-con-logo\/\",\"url\":\"https:\/\/adl-regalosempresa.com\/tiendaonline\/articulos\/merchandising\/delantal-con-tira-ajustable-para-el-cuello-de-240-g-m%c2%b2-para-personalizar-con-logo\/\",\"name\":\"Merchandising Delantal con tira ajustable para el cuello de 240\u00a0g\/m\u00b2 para personalizar con logo - ADL\",\"isPartOf\":{\"@id\":\"https:\/\/adl-regalosempresa.com\/tiendaonline\/#website\"},\"primaryImageOfPage\":{\"@id\":\"https:\/\/adl-regalosempresa.com\/tiendaonline\/articulos\/merchandising\/delantal-con-tira-ajustable-para-el-cuello-de-240-g-m%c2%b2-para-personalizar-con-logo\/#primaryimage\"},\"image\":{\"@id\":\"https:\/\/adl-regalosempresa.com\/tiendaonline\/articulos\/merchandising\/delantal-con-tira-ajustable-para-el-cuello-de-240-g-m%c2%b2-para-personalizar-con-logo\/#primaryimage\"},\"thumbnailUrl\":\"https:\/\/adl-regalosempresa.com\/tiendaonline\/wp-content\/uploads\/2023\/06\/11333401.jpg\",\"datePublished\":\"2026-04-02T04:18:09+00:00\",\"dateModified\":\"2026-04-28T08:10:19+00:00\",\"description\":\"Art\u00edculo de merchandising Delantal con tira ajustable para el cuello de 240\u00a0g\/m\u00b2 \\\"Andrea\\\". Proteger la ropa bonita mientras se cocina es f\u00e1cil con el delantal \\\"Andrea\\\". El delantal est\u00e1 confeccionado en tejido sarga de 240 g\/m\u00b2 (65% poli\u00e9ster y 35% algod\u00f3n), que lo hace m\u00e1s grueso y resistente, a la vez que suave y c\u00f3modo de llevar. Los dos bolsillos delanteros permiten guardar r\u00e1pida y f\u00e1cilmente los utensilios de cocina. El delantal es ajustable con una hebilla alrededor del cuello y un cierre anudado a la espalda, por lo que es de talla \u00fanica. M\u00faltiples opciones de impresi\u00f3n de gran tama\u00f1o para una m\u00e1xima exposici\u00f3n del logotipo.\",\"breadcrumb\":{\"@id\":\"https:\/\/adl-regalosempresa.com\/tiendaonline\/articulos\/merchandising\/delantal-con-tira-ajustable-para-el-cuello-de-240-g-m%c2%b2-para-personalizar-con-logo\/#breadcrumb\"},\"inLanguage\":\"es\",\"potentialAction\":[{\"@type\":\"ReadAction\",\"target\":[\"https:\/\/adl-regalosempresa.com\/tiendaonline\/articulos\/merchandising\/delantal-con-tira-ajustable-para-el-cuello-de-240-g-m%c2%b2-para-personalizar-con-logo\/\"]}]},{\"@type\":\"ImageObject\",\"inLanguage\":\"es\",\"@id\":\"https:\/\/adl-regalosempresa.com\/tiendaonline\/articulos\/merchandising\/delantal-con-tira-ajustable-para-el-cuello-de-240-g-m%c2%b2-para-personalizar-con-logo\/#primaryimage\",\"url\":\"https:\/\/adl-regalosempresa.com\/tiendaonline\/wp-content\/uploads\/2023\/06\/11333401.jpg\",\"contentUrl\":\"https:\/\/adl-regalosempresa.com\/tiendaonline\/wp-content\/uploads\/2023\/06\/11333401.jpg\",\"width\":1600,\"height\":1600,\"caption\":\"Delantal con tira ajustable para el cuello de 240\u00a0g\/m\u00b2 \\\"Andrea\\\"\"},{\"@type\":\"BreadcrumbList\",\"@id\":\"https:\/\/adl-regalosempresa.com\/tiendaonline\/articulos\/merchandising\/delantal-con-tira-ajustable-para-el-cuello-de-240-g-m%c2%b2-para-personalizar-con-logo\/#breadcrumb\",\"itemListElement\":[{\"@type\":\"ListItem\",\"position\":1,\"name\":\"Portada\",\"item\":\"https:\/\/adl-regalosempresa.com\/tiendaonline\/\"},{\"@type\":\"ListItem\",\"position\":2,\"name\":\"Tienda\",\"item\":\"https:\/\/adl-regalosempresa.com\/tiendaonline\/tienda\/\"},{\"@type\":\"ListItem\",\"position\":3,\"name\":\"Delantal con tira ajustable para el cuello de 240\u00a0g\/m\u00b2 para personalizar con logo\"}]},{\"@type\":\"WebSite\",\"@id\":\"https:\/\/adl-regalosempresa.com\/tiendaonline\/#website\",\"url\":\"https:\/\/adl-regalosempresa.com\/tiendaonline\/\",\"name\":\"ADL Comunicaci\u00f3n\",\"description\":\"Regalos de empresa\",\"publisher\":{\"@id\":\"https:\/\/adl-regalosempresa.com\/tiendaonline\/#organization\"},\"potentialAction\":[{\"@type\":\"SearchAction\",\"target\":{\"@type\":\"EntryPoint\",\"urlTemplate\":\"https:\/\/adl-regalosempresa.com\/tiendaonline\/?s={search_term_string}\"},\"query-input\":{\"@type\":\"PropertyValueSpecification\",\"valueRequired\":true,\"valueName\":\"search_term_string\"}}],\"inLanguage\":\"es\"},{\"@type\":\"Organization\",\"@id\":\"https:\/\/adl-regalosempresa.com\/tiendaonline\/#organization\",\"name\":\"ADL Comunicaci\u00f3n\",\"url\":\"https:\/\/adl-regalosempresa.com\/tiendaonline\/\",\"logo\":{\"@type\":\"ImageObject\",\"inLanguage\":\"es\",\"@id\":\"https:\/\/adl-regalosempresa.com\/tiendaonline\/#\/schema\/logo\/image\/\",\"url\":\"https:\/\/adl-regalosempresa.com\/tiendaonline\/wp-content\/uploads\/2017\/09\/logo-adl-wp.png\",\"contentUrl\":\"https:\/\/adl-regalosempresa.com\/tiendaonline\/wp-content\/uploads\/2017\/09\/logo-adl-wp.png\",\"width\":407,\"height\":185,\"caption\":\"ADL Comunicaci\u00f3n\"},\"image\":{\"@id\":\"https:\/\/adl-regalosempresa.com\/tiendaonline\/#\/schema\/logo\/image\/\"}}]}<\/script>\n<!-- \/ Yoast SEO plugin. -->","yoast_head_json":{"title":"Merchandising Delantal con tira ajustable para el cuello de 240\u00a0g\/m\u00b2 para personalizar con logo - ADL","description":"Art\u00edculo de merchandising Delantal con tira ajustable para el cuello de 240\u00a0g\/m\u00b2 \"Andrea\". Proteger la ropa bonita mientras se cocina es f\u00e1cil con el delantal \"Andrea\". El delantal est\u00e1 confeccionado en tejido sarga de 240 g\/m\u00b2 (65% poli\u00e9ster y 35% algod\u00f3n), que lo hace m\u00e1s grueso y resistente, a la vez que suave y c\u00f3modo de llevar. Los dos bolsillos delanteros permiten guardar r\u00e1pida y f\u00e1cilmente los utensilios de cocina. El delantal es ajustable con una hebilla alrededor del cuello y un cierre anudado a la espalda, por lo que es de talla \u00fanica. M\u00faltiples opciones de impresi\u00f3n de gran tama\u00f1o para una m\u00e1xima exposici\u00f3n del logotipo.","robots":{"index":"index","follow":"follow","max-snippet":"max-snippet:-1","max-image-preview":"max-image-preview:large","max-video-preview":"max-video-preview:-1"},"canonical":"https:\/\/adl-regalosempresa.com\/tiendaonline\/articulos\/merchandising\/delantal-con-tira-ajustable-para-el-cuello-de-240-g-m\u00b2-para-personalizar-con-logo\/","og_locale":"es_ES","og_type":"article","og_title":"Merchandising Delantal con tira ajustable para el cuello de 240\u00a0g\/m\u00b2 para personalizar con logo - ADL","og_description":"Art\u00edculo de merchandising Delantal con tira ajustable para el cuello de 240\u00a0g\/m\u00b2 \"Andrea\". Proteger la ropa bonita mientras se cocina es f\u00e1cil con el delantal \"Andrea\". El delantal est\u00e1 confeccionado en tejido sarga de 240 g\/m\u00b2 (65% poli\u00e9ster y 35% algod\u00f3n), que lo hace m\u00e1s grueso y resistente, a la vez que suave y c\u00f3modo de llevar. Los dos bolsillos delanteros permiten guardar r\u00e1pida y f\u00e1cilmente los utensilios de cocina. El delantal es ajustable con una hebilla alrededor del cuello y un cierre anudado a la espalda, por lo que es de talla \u00fanica. M\u00faltiples opciones de impresi\u00f3n de gran tama\u00f1o para una m\u00e1xima exposici\u00f3n del logotipo.","og_url":"https:\/\/adl-regalosempresa.com\/tiendaonline\/articulos\/merchandising\/delantal-con-tira-ajustable-para-el-cuello-de-240-g-m\u00b2-para-personalizar-con-logo\/","og_site_name":"ADL Comunicaci\u00f3n","article_modified_time":"2026-04-28T08:10:19+00:00","og_image":[{"width":1600,"height":1600,"url":"https:\/\/adl-regalosempresa.com\/tiendaonline\/wp-content\/uploads\/2023\/06\/11333401.jpg","type":"image\/jpeg"}],"twitter_card":"summary_large_image","twitter_title":"Merchandising Delantal con tira ajustable para el cuello de 240\u00a0g\/m\u00b2 para personalizar con logo - ADL","twitter_misc":{"Tiempo de lectura":"1 minuto"},"schema":{"@context":"https:\/\/schema.org","@graph":[{"@type":"WebPage","@id":"https:\/\/adl-regalosempresa.com\/tiendaonline\/articulos\/merchandising\/delantal-con-tira-ajustable-para-el-cuello-de-240-g-m%c2%b2-para-personalizar-con-logo\/","url":"https:\/\/adl-regalosempresa.com\/tiendaonline\/articulos\/merchandising\/delantal-con-tira-ajustable-para-el-cuello-de-240-g-m%c2%b2-para-personalizar-con-logo\/","name":"Merchandising Delantal con tira ajustable para el cuello de 240\u00a0g\/m\u00b2 para personalizar con logo - ADL","isPartOf":{"@id":"https:\/\/adl-regalosempresa.com\/tiendaonline\/#website"},"primaryImageOfPage":{"@id":"https:\/\/adl-regalosempresa.com\/tiendaonline\/articulos\/merchandising\/delantal-con-tira-ajustable-para-el-cuello-de-240-g-m%c2%b2-para-personalizar-con-logo\/#primaryimage"},"image":{"@id":"https:\/\/adl-regalosempresa.com\/tiendaonline\/articulos\/merchandising\/delantal-con-tira-ajustable-para-el-cuello-de-240-g-m%c2%b2-para-personalizar-con-logo\/#primaryimage"},"thumbnailUrl":"https:\/\/adl-regalosempresa.com\/tiendaonline\/wp-content\/uploads\/2023\/06\/11333401.jpg","datePublished":"2026-04-02T04:18:09+00:00","dateModified":"2026-04-28T08:10:19+00:00","description":"Art\u00edculo de merchandising Delantal con tira ajustable para el cuello de 240\u00a0g\/m\u00b2 \"Andrea\". Proteger la ropa bonita mientras se cocina es f\u00e1cil con el delantal \"Andrea\". El delantal est\u00e1 confeccionado en tejido sarga de 240 g\/m\u00b2 (65% poli\u00e9ster y 35% algod\u00f3n), que lo hace m\u00e1s grueso y resistente, a la vez que suave y c\u00f3modo de llevar. Los dos bolsillos delanteros permiten guardar r\u00e1pida y f\u00e1cilmente los utensilios de cocina. El delantal es ajustable con una hebilla alrededor del cuello y un cierre anudado a la espalda, por lo que es de talla \u00fanica. M\u00faltiples opciones de impresi\u00f3n de gran tama\u00f1o para una m\u00e1xima exposici\u00f3n del logotipo.","breadcrumb":{"@id":"https:\/\/adl-regalosempresa.com\/tiendaonline\/articulos\/merchandising\/delantal-con-tira-ajustable-para-el-cuello-de-240-g-m%c2%b2-para-personalizar-con-logo\/#breadcrumb"},"inLanguage":"es","potentialAction":[{"@type":"ReadAction","target":["https:\/\/adl-regalosempresa.com\/tiendaonline\/articulos\/merchandising\/delantal-con-tira-ajustable-para-el-cuello-de-240-g-m%c2%b2-para-personalizar-con-logo\/"]}]},{"@type":"ImageObject","inLanguage":"es","@id":"https:\/\/adl-regalosempresa.com\/tiendaonline\/articulos\/merchandising\/delantal-con-tira-ajustable-para-el-cuello-de-240-g-m%c2%b2-para-personalizar-con-logo\/#primaryimage","url":"https:\/\/adl-regalosempresa.com\/tiendaonline\/wp-content\/uploads\/2023\/06\/11333401.jpg","contentUrl":"https:\/\/adl-regalosempresa.com\/tiendaonline\/wp-content\/uploads\/2023\/06\/11333401.jpg","width":1600,"height":1600,"caption":"Delantal con tira ajustable para el cuello de 240\u00a0g\/m\u00b2 \"Andrea\""},{"@type":"BreadcrumbList","@id":"https:\/\/adl-regalosempresa.com\/tiendaonline\/articulos\/merchandising\/delantal-con-tira-ajustable-para-el-cuello-de-240-g-m%c2%b2-para-personalizar-con-logo\/#breadcrumb","itemListElement":[{"@type":"ListItem","position":1,"name":"Portada","item":"https:\/\/adl-regalosempresa.com\/tiendaonline\/"},{"@type":"ListItem","position":2,"name":"Tienda","item":"https:\/\/adl-regalosempresa.com\/tiendaonline\/tienda\/"},{"@type":"ListItem","position":3,"name":"Delantal con tira ajustable para el cuello de 240\u00a0g\/m\u00b2 para personalizar con logo"}]},{"@type":"WebSite","@id":"https:\/\/adl-regalosempresa.com\/tiendaonline\/#website","url":"https:\/\/adl-regalosempresa.com\/tiendaonline\/","name":"ADL Comunicaci\u00f3n","description":"Regalos de empresa","publisher":{"@id":"https:\/\/adl-regalosempresa.com\/tiendaonline\/#organization"},"potentialAction":[{"@type":"SearchAction","target":{"@type":"EntryPoint","urlTemplate":"https:\/\/adl-regalosempresa.com\/tiendaonline\/?s={search_term_string}"},"query-input":{"@type":"PropertyValueSpecification","valueRequired":true,"valueName":"search_term_string"}}],"inLanguage":"es"},{"@type":"Organization","@id":"https:\/\/adl-regalosempresa.com\/tiendaonline\/#organization","name":"ADL Comunicaci\u00f3n","url":"https:\/\/adl-regalosempresa.com\/tiendaonline\/","logo":{"@type":"ImageObject","inLanguage":"es","@id":"https:\/\/adl-regalosempresa.com\/tiendaonline\/#\/schema\/logo\/image\/","url":"https:\/\/adl-regalosempresa.com\/tiendaonline\/wp-content\/uploads\/2017\/09\/logo-adl-wp.png","contentUrl":"https:\/\/adl-regalosempresa.com\/tiendaonline\/wp-content\/uploads\/2017\/09\/logo-adl-wp.png","width":407,"height":185,"caption":"ADL Comunicaci\u00f3n"},"image":{"@id":"https:\/\/adl-regalosempresa.com\/tiendaonline\/#\/schema\/logo\/image\/"}}]}},"_links":{"self":[{"href":"https:\/\/adl-regalosempresa.com\/tiendaonline\/wp-json\/wp\/v2\/product\/120849","targetHints":{"allow":["GET"]}}],"collection":[{"href":"https:\/\/adl-regalosempresa.com\/tiendaonline\/wp-json\/wp\/v2\/product"}],"about":[{"href":"https:\/\/adl-regalosempresa.com\/tiendaonline\/wp-json\/wp\/v2\/types\/product"}],"wp:featuredmedia":[{"embeddable":true,"href":"https:\/\/adl-regalosempresa.com\/tiendaonline\/wp-json\/wp\/v2\/media\/121692"}],"wp:attachment":[{"href":"https:\/\/adl-regalosempresa.com\/tiendaonline\/wp-json\/wp\/v2\/media?parent=120849"}],"wp:term":[{"taxonomy":"product_brand","embeddable":true,"href":"https:\/\/adl-regalosempresa.com\/tiendaonline\/wp-json\/wp\/v2\/product_brand?post=120849"},{"taxonomy":"product_cat","embeddable":true,"href":"https:\/\/adl-regalosempresa.com\/tiendaonline\/wp-json\/wp\/v2\/product_cat?post=120849"},{"taxonomy":"product_tag","embeddable":true,"href":"https:\/\/adl-regalosempresa.com\/tiendaonline\/wp-json\/wp\/v2\/product_tag?post=120849"}],"curies":[{"name":"wp","href":"https:\/\/api.w.org\/{rel}","templated":true}]}}