{"id":120798,"date":"2026-04-19T04:16:33","date_gmt":"2026-04-19T04:16:33","guid":{"rendered":"https:\/\/adl-regalosempresa.com\/tiendaonline\/articulos\/merchandising\/dairy-dream-notebook-and-ballpen-milk-carton-para-personalizar-con-logo\/"},"modified":"2026-04-22T08:18:07","modified_gmt":"2026-04-22T08:18:07","slug":"set-de-libreta-de-referencia-de-tamano-a5-y-boligrafo-fabricados-con-cartones-de-leche-reciclados-para-personalizar-con-logo","status":"publish","type":"product","link":"https:\/\/adl-regalosempresa.com\/tiendaonline\/articulos\/merchandising\/set-de-libreta-de-referencia-de-tamano-a5-y-boligrafo-fabricados-con-cartones-de-leche-reciclados-para-personalizar-con-logo\/","title":{"rendered":"Set de libreta de referencia de tama\u00f1o A5 y bol\u00edgrafo fabricados con cartones de leche reciclados  para personalizar con logo"},"content":{"rendered":"<p>Set de libreta de referencia de tama\u00f1o A5 y bol\u00edgrafo. La libreta cuenta con 80 hojas con l\u00edneas (80\u00a0g\/m\u00b2) hechas a partir de cartones de leche reciclados (hasta un 70\u00a0%), un lomo de papel de color y un soporte para bol\u00edgrafo. En el soporte, hay un bol\u00edgrafo con mecanismo de presi\u00f3n en el color correspondiente de la libreta. El bol\u00edgrafo tiene el cuerpo hecho del mismo material de cart\u00f3n de leche reciclada y el bot\u00f3n, la pinza y la punta est\u00e1n hechos de pl\u00e1stico PLA coloreado. El bol\u00edgrafo cuenta con una recarga de negro en el interior. Los cartones de leche usados se recogen, clasifican, procesan y convierten en papel, por lo que los residuos se transforman en un producto \u00fatil.<\/p>\n","protected":false},"excerpt":{"rendered":"<p><strong>Descuentos por cantidades<\/strong><br \/>&#8211; a partir de 50 unidades: 4,88 \u20ac\/ud<br \/>&#8211; a partir de 100 unidades: 4,88 \u20ac\/ud<br \/>&#8211; a partir de 250 unidades: 4,78 \u20ac\/ud<\/p>\n<p>Para cantidades superiores a las aqu\u00ed indicadas, no dudes en ponerte en contacto con nuestro departamento comercial o <a href='https:\/\/adl-regalosempresa.com\/tiendaonline\/solicitud-presupuesto\/'>pedirnos presupuesto personalizado<\/a>, ajustaremos el presupuesto a tus necesidades.<\/p>\n","protected":false},"featured_media":121598,"template":"","meta":{"_kad_post_transparent":"","_kad_post_title":"","_kad_post_layout":"","_kad_post_sidebar_id":"","_kad_post_content_style":"","_kad_post_vertical_padding":"","_kad_post_feature":"","_kad_post_feature_position":"","_kad_post_header":false,"_kad_post_footer":false,"_kad_post_classname":""},"product_brand":[],"product_cat":[7689,7688],"product_tag":[],"class_list":{"0":"post-120798","1":"product","2":"type-product","3":"status-publish","4":"has-post-thumbnail","6":"product_cat-libretas-de-tapas-duras-libretas-y-papeleria","7":"product_cat-libretas-y-papeleria","8":"pa_ancho-139-cm","9":"pa_color-azul","10":"pa_color-blanco","11":"pa_color-negro-intenso","12":"pa_color-rojo","13":"pa_color-simple-azul","14":"pa_color-simple-blanco","15":"pa_color-simple-negro-intenso","16":"pa_color-simple-rojo","17":"pa_largo-21-cm","18":"pa_marca-unbranded","19":"pa_material-carton-reciclado","20":"pa_peso-280-gr","22":"first","23":"instock","24":"taxable","25":"shipping-taxable","26":"purchasable","27":"product-type-variable","28":"entry","29":"content-bg","30":"loop-entry"},"yoast_head":"<!-- This site is optimized with the Yoast SEO plugin v26.3 - https:\/\/yoast.com\/wordpress\/plugins\/seo\/ -->\n<title>Merchandising Set de libreta de referencia de tama\u00f1o A5 y bol\u00edgrafo fabricados con cartones de leche reciclados para personalizar con logo - ADL<\/title>\n<meta name=\"description\" content=\"Art\u00edculo de merchandising Set de libreta de referencia de tama\u00f1o A5 y bol\u00edgrafo fabricados con cartones de leche reciclados &quot;Dairy Dream&quot;. Set de libreta de referencia de tama\u00f1o A5 y bol\u00edgrafo. La libreta cuenta con 80 hojas con l\u00edneas (80\u00a0g\/m\u00b2) hechas a partir de cartones de leche reciclados (hasta un 70\u00a0%), un lomo de papel de color y un soporte para bol\u00edgrafo. En el soporte, hay un bol\u00edgrafo con mecanismo de presi\u00f3n en el color correspondiente de la libreta. El bol\u00edgrafo tiene el cuerpo hecho del mismo material de cart\u00f3n de leche reciclada y el bot\u00f3n, la pinza y la punta est\u00e1n hechos de pl\u00e1stico PLA coloreado. El bol\u00edgrafo cuenta con una recarga de negro en el interior. Los cartones de leche usados se recogen, clasifican, procesan y convierten en papel, por lo que los residuos se transforman en un producto \u00fatil.\" \/>\n<meta name=\"robots\" content=\"index, follow, max-snippet:-1, max-image-preview:large, max-video-preview:-1\" \/>\n<link rel=\"canonical\" href=\"https:\/\/adl-regalosempresa.com\/tiendaonline\/articulos\/merchandising\/set-de-libreta-de-referencia-de-tamano-a5-y-boligrafo-fabricados-con-cartones-de-leche-reciclados-para-personalizar-con-logo\/\" \/>\n<meta property=\"og:locale\" content=\"es_ES\" \/>\n<meta property=\"og:type\" content=\"article\" \/>\n<meta property=\"og:title\" content=\"Merchandising Set de libreta de referencia de tama\u00f1o A5 y bol\u00edgrafo fabricados con cartones de leche reciclados para personalizar con logo - ADL\" \/>\n<meta property=\"og:description\" content=\"Art\u00edculo de merchandising Set de libreta de referencia de tama\u00f1o A5 y bol\u00edgrafo fabricados con cartones de leche reciclados &quot;Dairy Dream&quot;. Set de libreta de referencia de tama\u00f1o A5 y bol\u00edgrafo. La libreta cuenta con 80 hojas con l\u00edneas (80\u00a0g\/m\u00b2) hechas a partir de cartones de leche reciclados (hasta un 70\u00a0%), un lomo de papel de color y un soporte para bol\u00edgrafo. En el soporte, hay un bol\u00edgrafo con mecanismo de presi\u00f3n en el color correspondiente de la libreta. El bol\u00edgrafo tiene el cuerpo hecho del mismo material de cart\u00f3n de leche reciclada y el bot\u00f3n, la pinza y la punta est\u00e1n hechos de pl\u00e1stico PLA coloreado. El bol\u00edgrafo cuenta con una recarga de negro en el interior. Los cartones de leche usados se recogen, clasifican, procesan y convierten en papel, por lo que los residuos se transforman en un producto \u00fatil.\" \/>\n<meta property=\"og:url\" content=\"https:\/\/adl-regalosempresa.com\/tiendaonline\/articulos\/merchandising\/set-de-libreta-de-referencia-de-tamano-a5-y-boligrafo-fabricados-con-cartones-de-leche-reciclados-para-personalizar-con-logo\/\" \/>\n<meta property=\"og:site_name\" content=\"ADL Comunicaci\u00f3n\" \/>\n<meta property=\"article:modified_time\" content=\"2026-04-22T08:18:07+00:00\" \/>\n<meta property=\"og:image\" content=\"https:\/\/adl-regalosempresa.com\/tiendaonline\/wp-content\/uploads\/2023\/04\/10781101.jpg\" \/>\n\t<meta property=\"og:image:width\" content=\"1600\" \/>\n\t<meta property=\"og:image:height\" content=\"1600\" \/>\n\t<meta property=\"og:image:type\" content=\"image\/jpeg\" \/>\n<meta name=\"twitter:card\" content=\"summary_large_image\" \/>\n<meta name=\"twitter:title\" content=\"Merchandising Set de libreta de referencia de tama\u00f1o A5 y bol\u00edgrafo fabricados con cartones de leche reciclados para personalizar con logo - ADL\" \/>\n<meta name=\"twitter:label1\" content=\"Tiempo de lectura\" \/>\n\t<meta name=\"twitter:data1\" content=\"1 minuto\" \/>\n<script type=\"application\/ld+json\" class=\"yoast-schema-graph\">{\"@context\":\"https:\/\/schema.org\",\"@graph\":[{\"@type\":\"WebPage\",\"@id\":\"https:\/\/adl-regalosempresa.com\/tiendaonline\/articulos\/merchandising\/set-de-libreta-de-referencia-de-tamano-a5-y-boligrafo-fabricados-con-cartones-de-leche-reciclados-para-personalizar-con-logo\/\",\"url\":\"https:\/\/adl-regalosempresa.com\/tiendaonline\/articulos\/merchandising\/set-de-libreta-de-referencia-de-tamano-a5-y-boligrafo-fabricados-con-cartones-de-leche-reciclados-para-personalizar-con-logo\/\",\"name\":\"Merchandising Set de libreta de referencia de tama\u00f1o A5 y bol\u00edgrafo fabricados con cartones de leche reciclados para personalizar con logo - ADL\",\"isPartOf\":{\"@id\":\"https:\/\/adl-regalosempresa.com\/tiendaonline\/#website\"},\"primaryImageOfPage\":{\"@id\":\"https:\/\/adl-regalosempresa.com\/tiendaonline\/articulos\/merchandising\/set-de-libreta-de-referencia-de-tamano-a5-y-boligrafo-fabricados-con-cartones-de-leche-reciclados-para-personalizar-con-logo\/#primaryimage\"},\"image\":{\"@id\":\"https:\/\/adl-regalosempresa.com\/tiendaonline\/articulos\/merchandising\/set-de-libreta-de-referencia-de-tamano-a5-y-boligrafo-fabricados-con-cartones-de-leche-reciclados-para-personalizar-con-logo\/#primaryimage\"},\"thumbnailUrl\":\"https:\/\/adl-regalosempresa.com\/tiendaonline\/wp-content\/uploads\/2023\/04\/10781101.jpg\",\"datePublished\":\"2026-04-19T04:16:33+00:00\",\"dateModified\":\"2026-04-22T08:18:07+00:00\",\"description\":\"Art\u00edculo de merchandising Set de libreta de referencia de tama\u00f1o A5 y bol\u00edgrafo fabricados con cartones de leche reciclados \\\"Dairy Dream\\\". Set de libreta de referencia de tama\u00f1o A5 y bol\u00edgrafo. La libreta cuenta con 80 hojas con l\u00edneas (80\u00a0g\/m\u00b2) hechas a partir de cartones de leche reciclados (hasta un 70\u00a0%), un lomo de papel de color y un soporte para bol\u00edgrafo. En el soporte, hay un bol\u00edgrafo con mecanismo de presi\u00f3n en el color correspondiente de la libreta. El bol\u00edgrafo tiene el cuerpo hecho del mismo material de cart\u00f3n de leche reciclada y el bot\u00f3n, la pinza y la punta est\u00e1n hechos de pl\u00e1stico PLA coloreado. El bol\u00edgrafo cuenta con una recarga de negro en el interior. Los cartones de leche usados se recogen, clasifican, procesan y convierten en papel, por lo que los residuos se transforman en un producto \u00fatil.\",\"breadcrumb\":{\"@id\":\"https:\/\/adl-regalosempresa.com\/tiendaonline\/articulos\/merchandising\/set-de-libreta-de-referencia-de-tamano-a5-y-boligrafo-fabricados-con-cartones-de-leche-reciclados-para-personalizar-con-logo\/#breadcrumb\"},\"inLanguage\":\"es\",\"potentialAction\":[{\"@type\":\"ReadAction\",\"target\":[\"https:\/\/adl-regalosempresa.com\/tiendaonline\/articulos\/merchandising\/set-de-libreta-de-referencia-de-tamano-a5-y-boligrafo-fabricados-con-cartones-de-leche-reciclados-para-personalizar-con-logo\/\"]}]},{\"@type\":\"ImageObject\",\"inLanguage\":\"es\",\"@id\":\"https:\/\/adl-regalosempresa.com\/tiendaonline\/articulos\/merchandising\/set-de-libreta-de-referencia-de-tamano-a5-y-boligrafo-fabricados-con-cartones-de-leche-reciclados-para-personalizar-con-logo\/#primaryimage\",\"url\":\"https:\/\/adl-regalosempresa.com\/tiendaonline\/wp-content\/uploads\/2023\/04\/10781101.jpg\",\"contentUrl\":\"https:\/\/adl-regalosempresa.com\/tiendaonline\/wp-content\/uploads\/2023\/04\/10781101.jpg\",\"width\":1600,\"height\":1600,\"caption\":\"Set de libreta de referencia de tama\u00f1o A5 y bol\u00edgrafo fabricados con cartones de leche reciclados \\\"Dairy Dream\\\"\"},{\"@type\":\"BreadcrumbList\",\"@id\":\"https:\/\/adl-regalosempresa.com\/tiendaonline\/articulos\/merchandising\/set-de-libreta-de-referencia-de-tamano-a5-y-boligrafo-fabricados-con-cartones-de-leche-reciclados-para-personalizar-con-logo\/#breadcrumb\",\"itemListElement\":[{\"@type\":\"ListItem\",\"position\":1,\"name\":\"Portada\",\"item\":\"https:\/\/adl-regalosempresa.com\/tiendaonline\/\"},{\"@type\":\"ListItem\",\"position\":2,\"name\":\"Tienda\",\"item\":\"https:\/\/adl-regalosempresa.com\/tiendaonline\/tienda\/\"},{\"@type\":\"ListItem\",\"position\":3,\"name\":\"Set de libreta de referencia de tama\u00f1o A5 y bol\u00edgrafo fabricados con cartones de leche reciclados para personalizar con logo\"}]},{\"@type\":\"WebSite\",\"@id\":\"https:\/\/adl-regalosempresa.com\/tiendaonline\/#website\",\"url\":\"https:\/\/adl-regalosempresa.com\/tiendaonline\/\",\"name\":\"ADL Comunicaci\u00f3n\",\"description\":\"Regalos de empresa\",\"publisher\":{\"@id\":\"https:\/\/adl-regalosempresa.com\/tiendaonline\/#organization\"},\"potentialAction\":[{\"@type\":\"SearchAction\",\"target\":{\"@type\":\"EntryPoint\",\"urlTemplate\":\"https:\/\/adl-regalosempresa.com\/tiendaonline\/?s={search_term_string}\"},\"query-input\":{\"@type\":\"PropertyValueSpecification\",\"valueRequired\":true,\"valueName\":\"search_term_string\"}}],\"inLanguage\":\"es\"},{\"@type\":\"Organization\",\"@id\":\"https:\/\/adl-regalosempresa.com\/tiendaonline\/#organization\",\"name\":\"ADL Comunicaci\u00f3n\",\"url\":\"https:\/\/adl-regalosempresa.com\/tiendaonline\/\",\"logo\":{\"@type\":\"ImageObject\",\"inLanguage\":\"es\",\"@id\":\"https:\/\/adl-regalosempresa.com\/tiendaonline\/#\/schema\/logo\/image\/\",\"url\":\"https:\/\/adl-regalosempresa.com\/tiendaonline\/wp-content\/uploads\/2017\/09\/logo-adl-wp.png\",\"contentUrl\":\"https:\/\/adl-regalosempresa.com\/tiendaonline\/wp-content\/uploads\/2017\/09\/logo-adl-wp.png\",\"width\":407,\"height\":185,\"caption\":\"ADL Comunicaci\u00f3n\"},\"image\":{\"@id\":\"https:\/\/adl-regalosempresa.com\/tiendaonline\/#\/schema\/logo\/image\/\"}}]}<\/script>\n<!-- \/ Yoast SEO plugin. -->","yoast_head_json":{"title":"Merchandising Set de libreta de referencia de tama\u00f1o A5 y bol\u00edgrafo fabricados con cartones de leche reciclados para personalizar con logo - ADL","description":"Art\u00edculo de merchandising Set de libreta de referencia de tama\u00f1o A5 y bol\u00edgrafo fabricados con cartones de leche reciclados \"Dairy Dream\". Set de libreta de referencia de tama\u00f1o A5 y bol\u00edgrafo. La libreta cuenta con 80 hojas con l\u00edneas (80\u00a0g\/m\u00b2) hechas a partir de cartones de leche reciclados (hasta un 70\u00a0%), un lomo de papel de color y un soporte para bol\u00edgrafo. En el soporte, hay un bol\u00edgrafo con mecanismo de presi\u00f3n en el color correspondiente de la libreta. El bol\u00edgrafo tiene el cuerpo hecho del mismo material de cart\u00f3n de leche reciclada y el bot\u00f3n, la pinza y la punta est\u00e1n hechos de pl\u00e1stico PLA coloreado. El bol\u00edgrafo cuenta con una recarga de negro en el interior. Los cartones de leche usados se recogen, clasifican, procesan y convierten en papel, por lo que los residuos se transforman en un producto \u00fatil.","robots":{"index":"index","follow":"follow","max-snippet":"max-snippet:-1","max-image-preview":"max-image-preview:large","max-video-preview":"max-video-preview:-1"},"canonical":"https:\/\/adl-regalosempresa.com\/tiendaonline\/articulos\/merchandising\/set-de-libreta-de-referencia-de-tamano-a5-y-boligrafo-fabricados-con-cartones-de-leche-reciclados-para-personalizar-con-logo\/","og_locale":"es_ES","og_type":"article","og_title":"Merchandising Set de libreta de referencia de tama\u00f1o A5 y bol\u00edgrafo fabricados con cartones de leche reciclados para personalizar con logo - ADL","og_description":"Art\u00edculo de merchandising Set de libreta de referencia de tama\u00f1o A5 y bol\u00edgrafo fabricados con cartones de leche reciclados \"Dairy Dream\". Set de libreta de referencia de tama\u00f1o A5 y bol\u00edgrafo. La libreta cuenta con 80 hojas con l\u00edneas (80\u00a0g\/m\u00b2) hechas a partir de cartones de leche reciclados (hasta un 70\u00a0%), un lomo de papel de color y un soporte para bol\u00edgrafo. En el soporte, hay un bol\u00edgrafo con mecanismo de presi\u00f3n en el color correspondiente de la libreta. El bol\u00edgrafo tiene el cuerpo hecho del mismo material de cart\u00f3n de leche reciclada y el bot\u00f3n, la pinza y la punta est\u00e1n hechos de pl\u00e1stico PLA coloreado. El bol\u00edgrafo cuenta con una recarga de negro en el interior. Los cartones de leche usados se recogen, clasifican, procesan y convierten en papel, por lo que los residuos se transforman en un producto \u00fatil.","og_url":"https:\/\/adl-regalosempresa.com\/tiendaonline\/articulos\/merchandising\/set-de-libreta-de-referencia-de-tamano-a5-y-boligrafo-fabricados-con-cartones-de-leche-reciclados-para-personalizar-con-logo\/","og_site_name":"ADL Comunicaci\u00f3n","article_modified_time":"2026-04-22T08:18:07+00:00","og_image":[{"width":1600,"height":1600,"url":"https:\/\/adl-regalosempresa.com\/tiendaonline\/wp-content\/uploads\/2023\/04\/10781101.jpg","type":"image\/jpeg"}],"twitter_card":"summary_large_image","twitter_title":"Merchandising Set de libreta de referencia de tama\u00f1o A5 y bol\u00edgrafo fabricados con cartones de leche reciclados para personalizar con logo - ADL","twitter_misc":{"Tiempo de lectura":"1 minuto"},"schema":{"@context":"https:\/\/schema.org","@graph":[{"@type":"WebPage","@id":"https:\/\/adl-regalosempresa.com\/tiendaonline\/articulos\/merchandising\/set-de-libreta-de-referencia-de-tamano-a5-y-boligrafo-fabricados-con-cartones-de-leche-reciclados-para-personalizar-con-logo\/","url":"https:\/\/adl-regalosempresa.com\/tiendaonline\/articulos\/merchandising\/set-de-libreta-de-referencia-de-tamano-a5-y-boligrafo-fabricados-con-cartones-de-leche-reciclados-para-personalizar-con-logo\/","name":"Merchandising Set de libreta de referencia de tama\u00f1o A5 y bol\u00edgrafo fabricados con cartones de leche reciclados para personalizar con logo - ADL","isPartOf":{"@id":"https:\/\/adl-regalosempresa.com\/tiendaonline\/#website"},"primaryImageOfPage":{"@id":"https:\/\/adl-regalosempresa.com\/tiendaonline\/articulos\/merchandising\/set-de-libreta-de-referencia-de-tamano-a5-y-boligrafo-fabricados-con-cartones-de-leche-reciclados-para-personalizar-con-logo\/#primaryimage"},"image":{"@id":"https:\/\/adl-regalosempresa.com\/tiendaonline\/articulos\/merchandising\/set-de-libreta-de-referencia-de-tamano-a5-y-boligrafo-fabricados-con-cartones-de-leche-reciclados-para-personalizar-con-logo\/#primaryimage"},"thumbnailUrl":"https:\/\/adl-regalosempresa.com\/tiendaonline\/wp-content\/uploads\/2023\/04\/10781101.jpg","datePublished":"2026-04-19T04:16:33+00:00","dateModified":"2026-04-22T08:18:07+00:00","description":"Art\u00edculo de merchandising Set de libreta de referencia de tama\u00f1o A5 y bol\u00edgrafo fabricados con cartones de leche reciclados \"Dairy Dream\". Set de libreta de referencia de tama\u00f1o A5 y bol\u00edgrafo. La libreta cuenta con 80 hojas con l\u00edneas (80\u00a0g\/m\u00b2) hechas a partir de cartones de leche reciclados (hasta un 70\u00a0%), un lomo de papel de color y un soporte para bol\u00edgrafo. En el soporte, hay un bol\u00edgrafo con mecanismo de presi\u00f3n en el color correspondiente de la libreta. El bol\u00edgrafo tiene el cuerpo hecho del mismo material de cart\u00f3n de leche reciclada y el bot\u00f3n, la pinza y la punta est\u00e1n hechos de pl\u00e1stico PLA coloreado. El bol\u00edgrafo cuenta con una recarga de negro en el interior. Los cartones de leche usados se recogen, clasifican, procesan y convierten en papel, por lo que los residuos se transforman en un producto \u00fatil.","breadcrumb":{"@id":"https:\/\/adl-regalosempresa.com\/tiendaonline\/articulos\/merchandising\/set-de-libreta-de-referencia-de-tamano-a5-y-boligrafo-fabricados-con-cartones-de-leche-reciclados-para-personalizar-con-logo\/#breadcrumb"},"inLanguage":"es","potentialAction":[{"@type":"ReadAction","target":["https:\/\/adl-regalosempresa.com\/tiendaonline\/articulos\/merchandising\/set-de-libreta-de-referencia-de-tamano-a5-y-boligrafo-fabricados-con-cartones-de-leche-reciclados-para-personalizar-con-logo\/"]}]},{"@type":"ImageObject","inLanguage":"es","@id":"https:\/\/adl-regalosempresa.com\/tiendaonline\/articulos\/merchandising\/set-de-libreta-de-referencia-de-tamano-a5-y-boligrafo-fabricados-con-cartones-de-leche-reciclados-para-personalizar-con-logo\/#primaryimage","url":"https:\/\/adl-regalosempresa.com\/tiendaonline\/wp-content\/uploads\/2023\/04\/10781101.jpg","contentUrl":"https:\/\/adl-regalosempresa.com\/tiendaonline\/wp-content\/uploads\/2023\/04\/10781101.jpg","width":1600,"height":1600,"caption":"Set de libreta de referencia de tama\u00f1o A5 y bol\u00edgrafo fabricados con cartones de leche reciclados \"Dairy Dream\""},{"@type":"BreadcrumbList","@id":"https:\/\/adl-regalosempresa.com\/tiendaonline\/articulos\/merchandising\/set-de-libreta-de-referencia-de-tamano-a5-y-boligrafo-fabricados-con-cartones-de-leche-reciclados-para-personalizar-con-logo\/#breadcrumb","itemListElement":[{"@type":"ListItem","position":1,"name":"Portada","item":"https:\/\/adl-regalosempresa.com\/tiendaonline\/"},{"@type":"ListItem","position":2,"name":"Tienda","item":"https:\/\/adl-regalosempresa.com\/tiendaonline\/tienda\/"},{"@type":"ListItem","position":3,"name":"Set de libreta de referencia de tama\u00f1o A5 y bol\u00edgrafo fabricados con cartones de leche reciclados para personalizar con logo"}]},{"@type":"WebSite","@id":"https:\/\/adl-regalosempresa.com\/tiendaonline\/#website","url":"https:\/\/adl-regalosempresa.com\/tiendaonline\/","name":"ADL Comunicaci\u00f3n","description":"Regalos de empresa","publisher":{"@id":"https:\/\/adl-regalosempresa.com\/tiendaonline\/#organization"},"potentialAction":[{"@type":"SearchAction","target":{"@type":"EntryPoint","urlTemplate":"https:\/\/adl-regalosempresa.com\/tiendaonline\/?s={search_term_string}"},"query-input":{"@type":"PropertyValueSpecification","valueRequired":true,"valueName":"search_term_string"}}],"inLanguage":"es"},{"@type":"Organization","@id":"https:\/\/adl-regalosempresa.com\/tiendaonline\/#organization","name":"ADL Comunicaci\u00f3n","url":"https:\/\/adl-regalosempresa.com\/tiendaonline\/","logo":{"@type":"ImageObject","inLanguage":"es","@id":"https:\/\/adl-regalosempresa.com\/tiendaonline\/#\/schema\/logo\/image\/","url":"https:\/\/adl-regalosempresa.com\/tiendaonline\/wp-content\/uploads\/2017\/09\/logo-adl-wp.png","contentUrl":"https:\/\/adl-regalosempresa.com\/tiendaonline\/wp-content\/uploads\/2017\/09\/logo-adl-wp.png","width":407,"height":185,"caption":"ADL Comunicaci\u00f3n"},"image":{"@id":"https:\/\/adl-regalosempresa.com\/tiendaonline\/#\/schema\/logo\/image\/"}}]}},"_links":{"self":[{"href":"https:\/\/adl-regalosempresa.com\/tiendaonline\/wp-json\/wp\/v2\/product\/120798","targetHints":{"allow":["GET"]}}],"collection":[{"href":"https:\/\/adl-regalosempresa.com\/tiendaonline\/wp-json\/wp\/v2\/product"}],"about":[{"href":"https:\/\/adl-regalosempresa.com\/tiendaonline\/wp-json\/wp\/v2\/types\/product"}],"wp:featuredmedia":[{"embeddable":true,"href":"https:\/\/adl-regalosempresa.com\/tiendaonline\/wp-json\/wp\/v2\/media\/121598"}],"wp:attachment":[{"href":"https:\/\/adl-regalosempresa.com\/tiendaonline\/wp-json\/wp\/v2\/media?parent=120798"}],"wp:term":[{"taxonomy":"product_brand","embeddable":true,"href":"https:\/\/adl-regalosempresa.com\/tiendaonline\/wp-json\/wp\/v2\/product_brand?post=120798"},{"taxonomy":"product_cat","embeddable":true,"href":"https:\/\/adl-regalosempresa.com\/tiendaonline\/wp-json\/wp\/v2\/product_cat?post=120798"},{"taxonomy":"product_tag","embeddable":true,"href":"https:\/\/adl-regalosempresa.com\/tiendaonline\/wp-json\/wp\/v2\/product_tag?post=120798"}],"curies":[{"name":"wp","href":"https:\/\/api.w.org\/{rel}","templated":true}]}}