{"id":120504,"date":"2026-04-05T04:13:56","date_gmt":"2026-04-05T04:13:56","guid":{"rendered":"https:\/\/adl-regalosempresa.com\/tiendaonline\/articulos\/merchandising\/chaqueta-polar-para-hombre-para-personalizar-con-logo\/"},"modified":"2026-05-01T08:52:08","modified_gmt":"2026-05-01T08:52:08","slug":"chaqueta-polar-para-hombre-para-personalizar-con-logo","status":"publish","type":"product","link":"https:\/\/adl-regalosempresa.com\/tiendaonline\/articulos\/merchandising\/chaqueta-polar-para-hombre-para-personalizar-con-logo\/","title":{"rendered":"Chaqueta polar para hombre  para personalizar con logo"},"content":{"rendered":"<p>El forro polar Zelus para hombre es el ejemplo perfecto de comodidad ligera. El forro polar cuenta con opciones de personalizaci\u00f3n interior para darle un toque m\u00e1s personal. La etiqueta principal extra\u00edble garantiza una mayor comodidad, mientras que la cremallera reversible en color contrastado le da un aspecto moderno. Mant\u00e9n tus objetos esenciales seguros en los bolsillos delanteros con cremallera. Confeccionado en microforro polar de poli\u00e9ster de 140 g\/m\u00b2, este forro ofrece una gran sensaci\u00f3n de suavidad y calidez. Fusi\u00f3n de funcionalidad y elegancia, esta prenda es imprescindible.<\/p>\n","protected":false},"excerpt":{"rendered":"<p><strong>Descuentos por cantidades<\/strong><br \/>&#8211; a partir de 25 unidades: 23,19 \u20ac\/ud<br \/>&#8211; a partir de 50 unidades: 23,19 \u20ac\/ud<br \/>&#8211; a partir de 100 unidades: 22,76 \u20ac\/ud<\/p>\n<p>Para cantidades superiores a las aqu\u00ed indicadas, no dudes en ponerte en contacto con nuestro departamento comercial o <a href='https:\/\/adl-regalosempresa.com\/tiendaonline\/solicitud-presupuesto\/'>pedirnos presupuesto personalizado<\/a>, ajustaremos el presupuesto a tus necesidades.<\/p>\n","protected":false},"featured_media":121393,"template":"","meta":{"_kad_post_transparent":"","_kad_post_title":"","_kad_post_layout":"","_kad_post_sidebar_id":"","_kad_post_content_style":"","_kad_post_vertical_padding":"","_kad_post_feature":"","_kad_post_feature_position":"","_kad_post_header":false,"_kad_post_footer":false,"_kad_post_classname":""},"product_brand":[],"product_cat":[5423,3649],"product_tag":[],"class_list":{"0":"post-120504","1":"product","2":"type-product","3":"status-publish","4":"has-post-thumbnail","6":"product_cat-chaquetas-ropa","7":"product_cat-ropa","8":"pa_color-azul","9":"pa_color-azul-marino","10":"pa_color-blanco","11":"pa_color-gris-tormenta","12":"pa_color-naranja","13":"pa_color-negro-intenso","14":"pa_color-rojo","15":"pa_color-simple-azul","16":"pa_color-simple-blanco","17":"pa_color-simple-gris","18":"pa_color-simple-naranja","19":"pa_color-simple-negro-intenso","20":"pa_color-simple-rojo","21":"pa_genero-hombre","22":"pa_marca-elevate","23":"pa_material-microforro-poliester-140-g-m2","24":"pa_peso-300-gr","25":"pa_talla-xs","26":"pa_talla-s","27":"pa_talla-m","28":"pa_talla-l","29":"pa_talla-xl","30":"pa_talla-xxl","31":"pa_talla-3xl","33":"first","34":"instock","35":"taxable","36":"shipping-taxable","37":"purchasable","38":"product-type-variable","39":"entry","40":"content-bg","41":"loop-entry"},"yoast_head":"<!-- This site is optimized with the Yoast SEO plugin v26.3 - https:\/\/yoast.com\/wordpress\/plugins\/seo\/ -->\n<title>Merchandising Chaqueta polar para hombre para personalizar con logo - ADL<\/title>\n<meta name=\"description\" content=\"Art\u00edculo de merchandising Chaqueta polar para hombre &quot;Zelus&quot;. El forro polar Zelus para hombre es el ejemplo perfecto de comodidad ligera. El forro polar cuenta con opciones de personalizaci\u00f3n interior para darle un toque m\u00e1s personal. La etiqueta principal extra\u00edble garantiza una mayor comodidad, mientras que la cremallera reversible en color contrastado le da un aspecto moderno. Mant\u00e9n tus objetos esenciales seguros en los bolsillos delanteros con cremallera. Confeccionado en microforro polar de poli\u00e9ster de 140 g\/m\u00b2, este forro ofrece una gran sensaci\u00f3n de suavidad y calidez. Fusi\u00f3n de funcionalidad y elegancia, esta prenda es imprescindible.\" \/>\n<meta name=\"robots\" content=\"index, follow, max-snippet:-1, max-image-preview:large, max-video-preview:-1\" \/>\n<link rel=\"canonical\" href=\"https:\/\/adl-regalosempresa.com\/tiendaonline\/articulos\/merchandising\/chaqueta-polar-para-hombre-para-personalizar-con-logo\/\" \/>\n<meta property=\"og:locale\" content=\"es_ES\" \/>\n<meta property=\"og:type\" content=\"article\" \/>\n<meta property=\"og:title\" content=\"Merchandising Chaqueta polar para hombre para personalizar con logo - ADL\" \/>\n<meta property=\"og:description\" content=\"Art\u00edculo de merchandising Chaqueta polar para hombre &quot;Zelus&quot;. El forro polar Zelus para hombre es el ejemplo perfecto de comodidad ligera. El forro polar cuenta con opciones de personalizaci\u00f3n interior para darle un toque m\u00e1s personal. La etiqueta principal extra\u00edble garantiza una mayor comodidad, mientras que la cremallera reversible en color contrastado le da un aspecto moderno. Mant\u00e9n tus objetos esenciales seguros en los bolsillos delanteros con cremallera. Confeccionado en microforro polar de poli\u00e9ster de 140 g\/m\u00b2, este forro ofrece una gran sensaci\u00f3n de suavidad y calidez. Fusi\u00f3n de funcionalidad y elegancia, esta prenda es imprescindible.\" \/>\n<meta property=\"og:url\" content=\"https:\/\/adl-regalosempresa.com\/tiendaonline\/articulos\/merchandising\/chaqueta-polar-para-hombre-para-personalizar-con-logo\/\" \/>\n<meta property=\"og:site_name\" content=\"ADL Comunicaci\u00f3n\" \/>\n<meta property=\"article:modified_time\" content=\"2026-05-01T08:52:08+00:00\" \/>\n<meta property=\"og:image\" content=\"https:\/\/adl-regalosempresa.com\/tiendaonline\/wp-content\/uploads\/2023\/01\/3947401.jpg\" \/>\n\t<meta property=\"og:image:width\" content=\"1600\" \/>\n\t<meta property=\"og:image:height\" content=\"1600\" \/>\n\t<meta property=\"og:image:type\" content=\"image\/jpeg\" \/>\n<meta name=\"twitter:card\" content=\"summary_large_image\" \/>\n<meta name=\"twitter:title\" content=\"Merchandising Chaqueta polar para hombre para personalizar con logo - ADL\" \/>\n<script type=\"application\/ld+json\" class=\"yoast-schema-graph\">{\"@context\":\"https:\/\/schema.org\",\"@graph\":[{\"@type\":\"WebPage\",\"@id\":\"https:\/\/adl-regalosempresa.com\/tiendaonline\/articulos\/merchandising\/chaqueta-polar-para-hombre-para-personalizar-con-logo\/\",\"url\":\"https:\/\/adl-regalosempresa.com\/tiendaonline\/articulos\/merchandising\/chaqueta-polar-para-hombre-para-personalizar-con-logo\/\",\"name\":\"Merchandising Chaqueta polar para hombre para personalizar con logo - ADL\",\"isPartOf\":{\"@id\":\"https:\/\/adl-regalosempresa.com\/tiendaonline\/#website\"},\"primaryImageOfPage\":{\"@id\":\"https:\/\/adl-regalosempresa.com\/tiendaonline\/articulos\/merchandising\/chaqueta-polar-para-hombre-para-personalizar-con-logo\/#primaryimage\"},\"image\":{\"@id\":\"https:\/\/adl-regalosempresa.com\/tiendaonline\/articulos\/merchandising\/chaqueta-polar-para-hombre-para-personalizar-con-logo\/#primaryimage\"},\"thumbnailUrl\":\"https:\/\/adl-regalosempresa.com\/tiendaonline\/wp-content\/uploads\/2023\/01\/3947401.jpg\",\"datePublished\":\"2026-04-05T04:13:56+00:00\",\"dateModified\":\"2026-05-01T08:52:08+00:00\",\"description\":\"Art\u00edculo de merchandising Chaqueta polar para hombre \\\"Zelus\\\". El forro polar Zelus para hombre es el ejemplo perfecto de comodidad ligera. El forro polar cuenta con opciones de personalizaci\u00f3n interior para darle un toque m\u00e1s personal. La etiqueta principal extra\u00edble garantiza una mayor comodidad, mientras que la cremallera reversible en color contrastado le da un aspecto moderno. Mant\u00e9n tus objetos esenciales seguros en los bolsillos delanteros con cremallera. Confeccionado en microforro polar de poli\u00e9ster de 140 g\/m\u00b2, este forro ofrece una gran sensaci\u00f3n de suavidad y calidez. Fusi\u00f3n de funcionalidad y elegancia, esta prenda es imprescindible.\",\"breadcrumb\":{\"@id\":\"https:\/\/adl-regalosempresa.com\/tiendaonline\/articulos\/merchandising\/chaqueta-polar-para-hombre-para-personalizar-con-logo\/#breadcrumb\"},\"inLanguage\":\"es\",\"potentialAction\":[{\"@type\":\"ReadAction\",\"target\":[\"https:\/\/adl-regalosempresa.com\/tiendaonline\/articulos\/merchandising\/chaqueta-polar-para-hombre-para-personalizar-con-logo\/\"]}]},{\"@type\":\"ImageObject\",\"inLanguage\":\"es\",\"@id\":\"https:\/\/adl-regalosempresa.com\/tiendaonline\/articulos\/merchandising\/chaqueta-polar-para-hombre-para-personalizar-con-logo\/#primaryimage\",\"url\":\"https:\/\/adl-regalosempresa.com\/tiendaonline\/wp-content\/uploads\/2023\/01\/3947401.jpg\",\"contentUrl\":\"https:\/\/adl-regalosempresa.com\/tiendaonline\/wp-content\/uploads\/2023\/01\/3947401.jpg\",\"width\":1600,\"height\":1600,\"caption\":\"Chaqueta polar para hombre \\\"Zelus\\\"\"},{\"@type\":\"BreadcrumbList\",\"@id\":\"https:\/\/adl-regalosempresa.com\/tiendaonline\/articulos\/merchandising\/chaqueta-polar-para-hombre-para-personalizar-con-logo\/#breadcrumb\",\"itemListElement\":[{\"@type\":\"ListItem\",\"position\":1,\"name\":\"Portada\",\"item\":\"https:\/\/adl-regalosempresa.com\/tiendaonline\/\"},{\"@type\":\"ListItem\",\"position\":2,\"name\":\"Tienda\",\"item\":\"https:\/\/adl-regalosempresa.com\/tiendaonline\/tienda\/\"},{\"@type\":\"ListItem\",\"position\":3,\"name\":\"Chaqueta polar para hombre para personalizar con logo\"}]},{\"@type\":\"WebSite\",\"@id\":\"https:\/\/adl-regalosempresa.com\/tiendaonline\/#website\",\"url\":\"https:\/\/adl-regalosempresa.com\/tiendaonline\/\",\"name\":\"ADL Comunicaci\u00f3n\",\"description\":\"Regalos de empresa\",\"publisher\":{\"@id\":\"https:\/\/adl-regalosempresa.com\/tiendaonline\/#organization\"},\"potentialAction\":[{\"@type\":\"SearchAction\",\"target\":{\"@type\":\"EntryPoint\",\"urlTemplate\":\"https:\/\/adl-regalosempresa.com\/tiendaonline\/?s={search_term_string}\"},\"query-input\":{\"@type\":\"PropertyValueSpecification\",\"valueRequired\":true,\"valueName\":\"search_term_string\"}}],\"inLanguage\":\"es\"},{\"@type\":\"Organization\",\"@id\":\"https:\/\/adl-regalosempresa.com\/tiendaonline\/#organization\",\"name\":\"ADL Comunicaci\u00f3n\",\"url\":\"https:\/\/adl-regalosempresa.com\/tiendaonline\/\",\"logo\":{\"@type\":\"ImageObject\",\"inLanguage\":\"es\",\"@id\":\"https:\/\/adl-regalosempresa.com\/tiendaonline\/#\/schema\/logo\/image\/\",\"url\":\"https:\/\/adl-regalosempresa.com\/tiendaonline\/wp-content\/uploads\/2017\/09\/logo-adl-wp.png\",\"contentUrl\":\"https:\/\/adl-regalosempresa.com\/tiendaonline\/wp-content\/uploads\/2017\/09\/logo-adl-wp.png\",\"width\":407,\"height\":185,\"caption\":\"ADL Comunicaci\u00f3n\"},\"image\":{\"@id\":\"https:\/\/adl-regalosempresa.com\/tiendaonline\/#\/schema\/logo\/image\/\"}}]}<\/script>\n<!-- \/ Yoast SEO plugin. -->","yoast_head_json":{"title":"Merchandising Chaqueta polar para hombre para personalizar con logo - ADL","description":"Art\u00edculo de merchandising Chaqueta polar para hombre \"Zelus\". El forro polar Zelus para hombre es el ejemplo perfecto de comodidad ligera. El forro polar cuenta con opciones de personalizaci\u00f3n interior para darle un toque m\u00e1s personal. La etiqueta principal extra\u00edble garantiza una mayor comodidad, mientras que la cremallera reversible en color contrastado le da un aspecto moderno. Mant\u00e9n tus objetos esenciales seguros en los bolsillos delanteros con cremallera. Confeccionado en microforro polar de poli\u00e9ster de 140 g\/m\u00b2, este forro ofrece una gran sensaci\u00f3n de suavidad y calidez. Fusi\u00f3n de funcionalidad y elegancia, esta prenda es imprescindible.","robots":{"index":"index","follow":"follow","max-snippet":"max-snippet:-1","max-image-preview":"max-image-preview:large","max-video-preview":"max-video-preview:-1"},"canonical":"https:\/\/adl-regalosempresa.com\/tiendaonline\/articulos\/merchandising\/chaqueta-polar-para-hombre-para-personalizar-con-logo\/","og_locale":"es_ES","og_type":"article","og_title":"Merchandising Chaqueta polar para hombre para personalizar con logo - ADL","og_description":"Art\u00edculo de merchandising Chaqueta polar para hombre \"Zelus\". El forro polar Zelus para hombre es el ejemplo perfecto de comodidad ligera. El forro polar cuenta con opciones de personalizaci\u00f3n interior para darle un toque m\u00e1s personal. La etiqueta principal extra\u00edble garantiza una mayor comodidad, mientras que la cremallera reversible en color contrastado le da un aspecto moderno. Mant\u00e9n tus objetos esenciales seguros en los bolsillos delanteros con cremallera. Confeccionado en microforro polar de poli\u00e9ster de 140 g\/m\u00b2, este forro ofrece una gran sensaci\u00f3n de suavidad y calidez. Fusi\u00f3n de funcionalidad y elegancia, esta prenda es imprescindible.","og_url":"https:\/\/adl-regalosempresa.com\/tiendaonline\/articulos\/merchandising\/chaqueta-polar-para-hombre-para-personalizar-con-logo\/","og_site_name":"ADL Comunicaci\u00f3n","article_modified_time":"2026-05-01T08:52:08+00:00","og_image":[{"width":1600,"height":1600,"url":"https:\/\/adl-regalosempresa.com\/tiendaonline\/wp-content\/uploads\/2023\/01\/3947401.jpg","type":"image\/jpeg"}],"twitter_card":"summary_large_image","twitter_title":"Merchandising Chaqueta polar para hombre para personalizar con logo - ADL","schema":{"@context":"https:\/\/schema.org","@graph":[{"@type":"WebPage","@id":"https:\/\/adl-regalosempresa.com\/tiendaonline\/articulos\/merchandising\/chaqueta-polar-para-hombre-para-personalizar-con-logo\/","url":"https:\/\/adl-regalosempresa.com\/tiendaonline\/articulos\/merchandising\/chaqueta-polar-para-hombre-para-personalizar-con-logo\/","name":"Merchandising Chaqueta polar para hombre para personalizar con logo - ADL","isPartOf":{"@id":"https:\/\/adl-regalosempresa.com\/tiendaonline\/#website"},"primaryImageOfPage":{"@id":"https:\/\/adl-regalosempresa.com\/tiendaonline\/articulos\/merchandising\/chaqueta-polar-para-hombre-para-personalizar-con-logo\/#primaryimage"},"image":{"@id":"https:\/\/adl-regalosempresa.com\/tiendaonline\/articulos\/merchandising\/chaqueta-polar-para-hombre-para-personalizar-con-logo\/#primaryimage"},"thumbnailUrl":"https:\/\/adl-regalosempresa.com\/tiendaonline\/wp-content\/uploads\/2023\/01\/3947401.jpg","datePublished":"2026-04-05T04:13:56+00:00","dateModified":"2026-05-01T08:52:08+00:00","description":"Art\u00edculo de merchandising Chaqueta polar para hombre \"Zelus\". El forro polar Zelus para hombre es el ejemplo perfecto de comodidad ligera. El forro polar cuenta con opciones de personalizaci\u00f3n interior para darle un toque m\u00e1s personal. La etiqueta principal extra\u00edble garantiza una mayor comodidad, mientras que la cremallera reversible en color contrastado le da un aspecto moderno. Mant\u00e9n tus objetos esenciales seguros en los bolsillos delanteros con cremallera. Confeccionado en microforro polar de poli\u00e9ster de 140 g\/m\u00b2, este forro ofrece una gran sensaci\u00f3n de suavidad y calidez. Fusi\u00f3n de funcionalidad y elegancia, esta prenda es imprescindible.","breadcrumb":{"@id":"https:\/\/adl-regalosempresa.com\/tiendaonline\/articulos\/merchandising\/chaqueta-polar-para-hombre-para-personalizar-con-logo\/#breadcrumb"},"inLanguage":"es","potentialAction":[{"@type":"ReadAction","target":["https:\/\/adl-regalosempresa.com\/tiendaonline\/articulos\/merchandising\/chaqueta-polar-para-hombre-para-personalizar-con-logo\/"]}]},{"@type":"ImageObject","inLanguage":"es","@id":"https:\/\/adl-regalosempresa.com\/tiendaonline\/articulos\/merchandising\/chaqueta-polar-para-hombre-para-personalizar-con-logo\/#primaryimage","url":"https:\/\/adl-regalosempresa.com\/tiendaonline\/wp-content\/uploads\/2023\/01\/3947401.jpg","contentUrl":"https:\/\/adl-regalosempresa.com\/tiendaonline\/wp-content\/uploads\/2023\/01\/3947401.jpg","width":1600,"height":1600,"caption":"Chaqueta polar para hombre \"Zelus\""},{"@type":"BreadcrumbList","@id":"https:\/\/adl-regalosempresa.com\/tiendaonline\/articulos\/merchandising\/chaqueta-polar-para-hombre-para-personalizar-con-logo\/#breadcrumb","itemListElement":[{"@type":"ListItem","position":1,"name":"Portada","item":"https:\/\/adl-regalosempresa.com\/tiendaonline\/"},{"@type":"ListItem","position":2,"name":"Tienda","item":"https:\/\/adl-regalosempresa.com\/tiendaonline\/tienda\/"},{"@type":"ListItem","position":3,"name":"Chaqueta polar para hombre para personalizar con logo"}]},{"@type":"WebSite","@id":"https:\/\/adl-regalosempresa.com\/tiendaonline\/#website","url":"https:\/\/adl-regalosempresa.com\/tiendaonline\/","name":"ADL Comunicaci\u00f3n","description":"Regalos de empresa","publisher":{"@id":"https:\/\/adl-regalosempresa.com\/tiendaonline\/#organization"},"potentialAction":[{"@type":"SearchAction","target":{"@type":"EntryPoint","urlTemplate":"https:\/\/adl-regalosempresa.com\/tiendaonline\/?s={search_term_string}"},"query-input":{"@type":"PropertyValueSpecification","valueRequired":true,"valueName":"search_term_string"}}],"inLanguage":"es"},{"@type":"Organization","@id":"https:\/\/adl-regalosempresa.com\/tiendaonline\/#organization","name":"ADL Comunicaci\u00f3n","url":"https:\/\/adl-regalosempresa.com\/tiendaonline\/","logo":{"@type":"ImageObject","inLanguage":"es","@id":"https:\/\/adl-regalosempresa.com\/tiendaonline\/#\/schema\/logo\/image\/","url":"https:\/\/adl-regalosempresa.com\/tiendaonline\/wp-content\/uploads\/2017\/09\/logo-adl-wp.png","contentUrl":"https:\/\/adl-regalosempresa.com\/tiendaonline\/wp-content\/uploads\/2017\/09\/logo-adl-wp.png","width":407,"height":185,"caption":"ADL Comunicaci\u00f3n"},"image":{"@id":"https:\/\/adl-regalosempresa.com\/tiendaonline\/#\/schema\/logo\/image\/"}}]}},"_links":{"self":[{"href":"https:\/\/adl-regalosempresa.com\/tiendaonline\/wp-json\/wp\/v2\/product\/120504","targetHints":{"allow":["GET"]}}],"collection":[{"href":"https:\/\/adl-regalosempresa.com\/tiendaonline\/wp-json\/wp\/v2\/product"}],"about":[{"href":"https:\/\/adl-regalosempresa.com\/tiendaonline\/wp-json\/wp\/v2\/types\/product"}],"wp:featuredmedia":[{"embeddable":true,"href":"https:\/\/adl-regalosempresa.com\/tiendaonline\/wp-json\/wp\/v2\/media\/121393"}],"wp:attachment":[{"href":"https:\/\/adl-regalosempresa.com\/tiendaonline\/wp-json\/wp\/v2\/media?parent=120504"}],"wp:term":[{"taxonomy":"product_brand","embeddable":true,"href":"https:\/\/adl-regalosempresa.com\/tiendaonline\/wp-json\/wp\/v2\/product_brand?post=120504"},{"taxonomy":"product_cat","embeddable":true,"href":"https:\/\/adl-regalosempresa.com\/tiendaonline\/wp-json\/wp\/v2\/product_cat?post=120504"},{"taxonomy":"product_tag","embeddable":true,"href":"https:\/\/adl-regalosempresa.com\/tiendaonline\/wp-json\/wp\/v2\/product_tag?post=120504"}],"curies":[{"name":"wp","href":"https:\/\/api.w.org\/{rel}","templated":true}]}}