{"id":120273,"date":"2026-04-30T04:25:03","date_gmt":"2026-04-30T04:25:03","guid":{"rendered":"https:\/\/adl-regalosempresa.com\/tiendaonline\/articulos\/merchandising\/deimos-short-sleeve-womens-cool-fit-polo-para-personalizar-con-logo\/"},"modified":"2026-04-30T06:15:19","modified_gmt":"2026-04-30T06:15:19","slug":"polo-cool-fit-de-manga-corta-para-mujer-de-105-g-m%c2%b2-para-personalizar-con-logo","status":"publish","type":"product","link":"https:\/\/adl-regalosempresa.com\/tiendaonline\/articulos\/merchandising\/polo-cool-fit-de-manga-corta-para-mujer-de-105-g-m%c2%b2-para-personalizar-con-logo\/","title":{"rendered":"Polo Cool fit de manga corta para mujer de 105 g\/m\u00b2  para personalizar con logo"},"content":{"rendered":"<p>El polo Deimos de manga corta y corte ajustado para mujer ofrece una comodidad insuperable gracias a su ligero tejido de malla de poli\u00e9ster de 105 g\/m\u00b2. Su dise\u00f1o cool fit garantiza transpirabilidad y propiedades de evacuaci\u00f3n de la humedad, manteni\u00e9ndote seca todo el d\u00eda. Dise\u00f1ado con la funcionalidad en mente, la costura lateral delantera y los detalles de costuras planas estrechas mejoran la flexibilidad y proporcionan un aspecto atl\u00e9tico moderno. Adem\u00e1s, las opciones de personalizaci\u00f3n interior permiten personalizar la marca o el interior del polo. Tanto si vas a la pista de tenis como al gimnasio, el polo Deimos se adapta a tu estilo de vida activo y te aporta comodidad y estilo. Este polo est\u00e1 dise\u00f1ado con un corte entallado para un mayor ajuste.<\/p>\n","protected":false},"excerpt":{"rendered":"<p><strong>Descuentos por cantidades<\/strong><br \/>&#8211; a partir de 25 unidades: 6,78 \u20ac\/ud<br \/>&#8211; a partir de 50 unidades: 6,78 \u20ac\/ud<br \/>&#8211; a partir de 100 unidades: 6,78 \u20ac\/ud<\/p>\n<p>Para cantidades superiores a las aqu\u00ed indicadas, no dudes en ponerte en contacto con nuestro departamento comercial o <a href='https:\/\/adl-regalosempresa.com\/tiendaonline\/solicitud-presupuesto\/'>pedirnos presupuesto personalizado<\/a>, ajustaremos el presupuesto a tus necesidades.<\/p>\n","protected":false},"featured_media":121433,"template":"","meta":{"_kad_post_transparent":"","_kad_post_title":"","_kad_post_layout":"","_kad_post_sidebar_id":"","_kad_post_content_style":"","_kad_post_vertical_padding":"","_kad_post_feature":"","_kad_post_feature_position":"","_kad_post_header":false,"_kad_post_footer":false,"_kad_post_classname":""},"product_brand":[],"product_cat":[5414,3649],"product_tag":[],"class_list":{"0":"post-120273","1":"product","2":"type-product","3":"status-publish","4":"has-post-thumbnail","6":"product_cat-polos","7":"product_cat-ropa","8":"pa_color-azul","9":"pa_color-azul-marino","10":"pa_color-blanco","11":"pa_color-gris-tormenta","12":"pa_color-negro-intenso","13":"pa_color-rojo","14":"pa_color-simple-azul","15":"pa_color-simple-blanco","16":"pa_color-simple-gris","17":"pa_color-simple-negro-intenso","18":"pa_color-simple-rojo","19":"pa_genero-mujer","20":"pa_marca-elevate","21":"pa_material-malla-con-un-acabado-cool-fit-100-poliester-105-g-m2","22":"pa_peso-110-gr","23":"pa_talla-xs","24":"pa_talla-s","25":"pa_talla-m","26":"pa_talla-l","27":"pa_talla-xl","28":"pa_talla-xxl","29":"pa_talla-3xl","30":"pa_talla-4xl","32":"first","33":"instock","34":"taxable","35":"shipping-taxable","36":"purchasable","37":"product-type-variable","38":"entry","39":"content-bg","40":"loop-entry"},"yoast_head":"<!-- This site is optimized with the Yoast SEO plugin v26.3 - https:\/\/yoast.com\/wordpress\/plugins\/seo\/ -->\n<title>Merchandising Polo Cool fit de manga corta para mujer de 105 g\/m\u00b2 para personalizar con logo - ADL<\/title>\n<meta name=\"description\" content=\"Art\u00edculo de merchandising Polo Cool fit de manga corta para mujer de 105 g\/m\u00b2 &quot;Deimos&quot;. El polo Deimos de manga corta y corte ajustado para mujer ofrece una comodidad insuperable gracias a su ligero tejido de malla de poli\u00e9ster de 105 g\/m\u00b2. Su dise\u00f1o cool fit garantiza transpirabilidad y propiedades de evacuaci\u00f3n de la humedad, manteni\u00e9ndote seca todo el d\u00eda. Dise\u00f1ado con la funcionalidad en mente, la costura lateral delantera y los detalles de costuras planas estrechas mejoran la flexibilidad y proporcionan un aspecto atl\u00e9tico moderno. Adem\u00e1s, las opciones de personalizaci\u00f3n interior permiten personalizar la marca o el interior del polo. Tanto si vas a la pista de tenis como al gimnasio, el polo Deimos se adapta a tu estilo de vida activo y te aporta comodidad y estilo. Este polo est\u00e1 dise\u00f1ado con un corte entallado para un mayor ajuste.\" \/>\n<meta name=\"robots\" content=\"index, follow, max-snippet:-1, max-image-preview:large, max-video-preview:-1\" \/>\n<link rel=\"canonical\" href=\"https:\/\/adl-regalosempresa.com\/tiendaonline\/articulos\/merchandising\/polo-cool-fit-de-manga-corta-para-mujer-de-105-g-m\u00b2-para-personalizar-con-logo\/\" \/>\n<meta property=\"og:locale\" content=\"es_ES\" \/>\n<meta property=\"og:type\" content=\"article\" \/>\n<meta property=\"og:title\" content=\"Merchandising Polo Cool fit de manga corta para mujer de 105 g\/m\u00b2 para personalizar con logo - ADL\" \/>\n<meta property=\"og:description\" content=\"Art\u00edculo de merchandising Polo Cool fit de manga corta para mujer de 105 g\/m\u00b2 &quot;Deimos&quot;. El polo Deimos de manga corta y corte ajustado para mujer ofrece una comodidad insuperable gracias a su ligero tejido de malla de poli\u00e9ster de 105 g\/m\u00b2. Su dise\u00f1o cool fit garantiza transpirabilidad y propiedades de evacuaci\u00f3n de la humedad, manteni\u00e9ndote seca todo el d\u00eda. Dise\u00f1ado con la funcionalidad en mente, la costura lateral delantera y los detalles de costuras planas estrechas mejoran la flexibilidad y proporcionan un aspecto atl\u00e9tico moderno. Adem\u00e1s, las opciones de personalizaci\u00f3n interior permiten personalizar la marca o el interior del polo. Tanto si vas a la pista de tenis como al gimnasio, el polo Deimos se adapta a tu estilo de vida activo y te aporta comodidad y estilo. Este polo est\u00e1 dise\u00f1ado con un corte entallado para un mayor ajuste.\" \/>\n<meta property=\"og:url\" content=\"https:\/\/adl-regalosempresa.com\/tiendaonline\/articulos\/merchandising\/polo-cool-fit-de-manga-corta-para-mujer-de-105-g-m\u00b2-para-personalizar-con-logo\/\" \/>\n<meta property=\"og:site_name\" content=\"ADL Comunicaci\u00f3n\" \/>\n<meta property=\"article:modified_time\" content=\"2026-04-30T06:15:19+00:00\" \/>\n<meta property=\"og:image\" content=\"https:\/\/adl-regalosempresa.com\/tiendaonline\/wp-content\/uploads\/2023\/03\/3909501.jpg\" \/>\n\t<meta property=\"og:image:width\" content=\"1600\" \/>\n\t<meta property=\"og:image:height\" content=\"1600\" \/>\n\t<meta property=\"og:image:type\" content=\"image\/jpeg\" \/>\n<meta name=\"twitter:card\" content=\"summary_large_image\" \/>\n<meta name=\"twitter:title\" content=\"Merchandising Polo Cool fit de manga corta para mujer de 105 g\/m\u00b2 para personalizar con logo - ADL\" \/>\n<meta name=\"twitter:label1\" content=\"Tiempo de lectura\" \/>\n\t<meta name=\"twitter:data1\" content=\"1 minuto\" \/>\n<script type=\"application\/ld+json\" class=\"yoast-schema-graph\">{\"@context\":\"https:\/\/schema.org\",\"@graph\":[{\"@type\":\"WebPage\",\"@id\":\"https:\/\/adl-regalosempresa.com\/tiendaonline\/articulos\/merchandising\/polo-cool-fit-de-manga-corta-para-mujer-de-105-g-m%c2%b2-para-personalizar-con-logo\/\",\"url\":\"https:\/\/adl-regalosempresa.com\/tiendaonline\/articulos\/merchandising\/polo-cool-fit-de-manga-corta-para-mujer-de-105-g-m%c2%b2-para-personalizar-con-logo\/\",\"name\":\"Merchandising Polo Cool fit de manga corta para mujer de 105 g\/m\u00b2 para personalizar con logo - ADL\",\"isPartOf\":{\"@id\":\"https:\/\/adl-regalosempresa.com\/tiendaonline\/#website\"},\"primaryImageOfPage\":{\"@id\":\"https:\/\/adl-regalosempresa.com\/tiendaonline\/articulos\/merchandising\/polo-cool-fit-de-manga-corta-para-mujer-de-105-g-m%c2%b2-para-personalizar-con-logo\/#primaryimage\"},\"image\":{\"@id\":\"https:\/\/adl-regalosempresa.com\/tiendaonline\/articulos\/merchandising\/polo-cool-fit-de-manga-corta-para-mujer-de-105-g-m%c2%b2-para-personalizar-con-logo\/#primaryimage\"},\"thumbnailUrl\":\"https:\/\/adl-regalosempresa.com\/tiendaonline\/wp-content\/uploads\/2023\/03\/3909501.jpg\",\"datePublished\":\"2026-04-30T04:25:03+00:00\",\"dateModified\":\"2026-04-30T06:15:19+00:00\",\"description\":\"Art\u00edculo de merchandising Polo Cool fit de manga corta para mujer de 105 g\/m\u00b2 \\\"Deimos\\\". El polo Deimos de manga corta y corte ajustado para mujer ofrece una comodidad insuperable gracias a su ligero tejido de malla de poli\u00e9ster de 105 g\/m\u00b2. Su dise\u00f1o cool fit garantiza transpirabilidad y propiedades de evacuaci\u00f3n de la humedad, manteni\u00e9ndote seca todo el d\u00eda. Dise\u00f1ado con la funcionalidad en mente, la costura lateral delantera y los detalles de costuras planas estrechas mejoran la flexibilidad y proporcionan un aspecto atl\u00e9tico moderno. Adem\u00e1s, las opciones de personalizaci\u00f3n interior permiten personalizar la marca o el interior del polo. Tanto si vas a la pista de tenis como al gimnasio, el polo Deimos se adapta a tu estilo de vida activo y te aporta comodidad y estilo. Este polo est\u00e1 dise\u00f1ado con un corte entallado para un mayor ajuste.\",\"breadcrumb\":{\"@id\":\"https:\/\/adl-regalosempresa.com\/tiendaonline\/articulos\/merchandising\/polo-cool-fit-de-manga-corta-para-mujer-de-105-g-m%c2%b2-para-personalizar-con-logo\/#breadcrumb\"},\"inLanguage\":\"es\",\"potentialAction\":[{\"@type\":\"ReadAction\",\"target\":[\"https:\/\/adl-regalosempresa.com\/tiendaonline\/articulos\/merchandising\/polo-cool-fit-de-manga-corta-para-mujer-de-105-g-m%c2%b2-para-personalizar-con-logo\/\"]}]},{\"@type\":\"ImageObject\",\"inLanguage\":\"es\",\"@id\":\"https:\/\/adl-regalosempresa.com\/tiendaonline\/articulos\/merchandising\/polo-cool-fit-de-manga-corta-para-mujer-de-105-g-m%c2%b2-para-personalizar-con-logo\/#primaryimage\",\"url\":\"https:\/\/adl-regalosempresa.com\/tiendaonline\/wp-content\/uploads\/2023\/03\/3909501.jpg\",\"contentUrl\":\"https:\/\/adl-regalosempresa.com\/tiendaonline\/wp-content\/uploads\/2023\/03\/3909501.jpg\",\"width\":1600,\"height\":1600,\"caption\":\"Polo Cool fit de manga corta para mujer de 105 g\/m\u00b2 \\\"Deimos\\\"\"},{\"@type\":\"BreadcrumbList\",\"@id\":\"https:\/\/adl-regalosempresa.com\/tiendaonline\/articulos\/merchandising\/polo-cool-fit-de-manga-corta-para-mujer-de-105-g-m%c2%b2-para-personalizar-con-logo\/#breadcrumb\",\"itemListElement\":[{\"@type\":\"ListItem\",\"position\":1,\"name\":\"Portada\",\"item\":\"https:\/\/adl-regalosempresa.com\/tiendaonline\/\"},{\"@type\":\"ListItem\",\"position\":2,\"name\":\"Tienda\",\"item\":\"https:\/\/adl-regalosempresa.com\/tiendaonline\/tienda\/\"},{\"@type\":\"ListItem\",\"position\":3,\"name\":\"Polo Cool fit de manga corta para mujer de 105 g\/m\u00b2 para personalizar con logo\"}]},{\"@type\":\"WebSite\",\"@id\":\"https:\/\/adl-regalosempresa.com\/tiendaonline\/#website\",\"url\":\"https:\/\/adl-regalosempresa.com\/tiendaonline\/\",\"name\":\"ADL Comunicaci\u00f3n\",\"description\":\"Regalos de empresa\",\"publisher\":{\"@id\":\"https:\/\/adl-regalosempresa.com\/tiendaonline\/#organization\"},\"potentialAction\":[{\"@type\":\"SearchAction\",\"target\":{\"@type\":\"EntryPoint\",\"urlTemplate\":\"https:\/\/adl-regalosempresa.com\/tiendaonline\/?s={search_term_string}\"},\"query-input\":{\"@type\":\"PropertyValueSpecification\",\"valueRequired\":true,\"valueName\":\"search_term_string\"}}],\"inLanguage\":\"es\"},{\"@type\":\"Organization\",\"@id\":\"https:\/\/adl-regalosempresa.com\/tiendaonline\/#organization\",\"name\":\"ADL Comunicaci\u00f3n\",\"url\":\"https:\/\/adl-regalosempresa.com\/tiendaonline\/\",\"logo\":{\"@type\":\"ImageObject\",\"inLanguage\":\"es\",\"@id\":\"https:\/\/adl-regalosempresa.com\/tiendaonline\/#\/schema\/logo\/image\/\",\"url\":\"https:\/\/adl-regalosempresa.com\/tiendaonline\/wp-content\/uploads\/2017\/09\/logo-adl-wp.png\",\"contentUrl\":\"https:\/\/adl-regalosempresa.com\/tiendaonline\/wp-content\/uploads\/2017\/09\/logo-adl-wp.png\",\"width\":407,\"height\":185,\"caption\":\"ADL Comunicaci\u00f3n\"},\"image\":{\"@id\":\"https:\/\/adl-regalosempresa.com\/tiendaonline\/#\/schema\/logo\/image\/\"}}]}<\/script>\n<!-- \/ Yoast SEO plugin. -->","yoast_head_json":{"title":"Merchandising Polo Cool fit de manga corta para mujer de 105 g\/m\u00b2 para personalizar con logo - ADL","description":"Art\u00edculo de merchandising Polo Cool fit de manga corta para mujer de 105 g\/m\u00b2 \"Deimos\". El polo Deimos de manga corta y corte ajustado para mujer ofrece una comodidad insuperable gracias a su ligero tejido de malla de poli\u00e9ster de 105 g\/m\u00b2. Su dise\u00f1o cool fit garantiza transpirabilidad y propiedades de evacuaci\u00f3n de la humedad, manteni\u00e9ndote seca todo el d\u00eda. Dise\u00f1ado con la funcionalidad en mente, la costura lateral delantera y los detalles de costuras planas estrechas mejoran la flexibilidad y proporcionan un aspecto atl\u00e9tico moderno. Adem\u00e1s, las opciones de personalizaci\u00f3n interior permiten personalizar la marca o el interior del polo. Tanto si vas a la pista de tenis como al gimnasio, el polo Deimos se adapta a tu estilo de vida activo y te aporta comodidad y estilo. Este polo est\u00e1 dise\u00f1ado con un corte entallado para un mayor ajuste.","robots":{"index":"index","follow":"follow","max-snippet":"max-snippet:-1","max-image-preview":"max-image-preview:large","max-video-preview":"max-video-preview:-1"},"canonical":"https:\/\/adl-regalosempresa.com\/tiendaonline\/articulos\/merchandising\/polo-cool-fit-de-manga-corta-para-mujer-de-105-g-m\u00b2-para-personalizar-con-logo\/","og_locale":"es_ES","og_type":"article","og_title":"Merchandising Polo Cool fit de manga corta para mujer de 105 g\/m\u00b2 para personalizar con logo - ADL","og_description":"Art\u00edculo de merchandising Polo Cool fit de manga corta para mujer de 105 g\/m\u00b2 \"Deimos\". El polo Deimos de manga corta y corte ajustado para mujer ofrece una comodidad insuperable gracias a su ligero tejido de malla de poli\u00e9ster de 105 g\/m\u00b2. Su dise\u00f1o cool fit garantiza transpirabilidad y propiedades de evacuaci\u00f3n de la humedad, manteni\u00e9ndote seca todo el d\u00eda. Dise\u00f1ado con la funcionalidad en mente, la costura lateral delantera y los detalles de costuras planas estrechas mejoran la flexibilidad y proporcionan un aspecto atl\u00e9tico moderno. Adem\u00e1s, las opciones de personalizaci\u00f3n interior permiten personalizar la marca o el interior del polo. Tanto si vas a la pista de tenis como al gimnasio, el polo Deimos se adapta a tu estilo de vida activo y te aporta comodidad y estilo. Este polo est\u00e1 dise\u00f1ado con un corte entallado para un mayor ajuste.","og_url":"https:\/\/adl-regalosempresa.com\/tiendaonline\/articulos\/merchandising\/polo-cool-fit-de-manga-corta-para-mujer-de-105-g-m\u00b2-para-personalizar-con-logo\/","og_site_name":"ADL Comunicaci\u00f3n","article_modified_time":"2026-04-30T06:15:19+00:00","og_image":[{"width":1600,"height":1600,"url":"https:\/\/adl-regalosempresa.com\/tiendaonline\/wp-content\/uploads\/2023\/03\/3909501.jpg","type":"image\/jpeg"}],"twitter_card":"summary_large_image","twitter_title":"Merchandising Polo Cool fit de manga corta para mujer de 105 g\/m\u00b2 para personalizar con logo - ADL","twitter_misc":{"Tiempo de lectura":"1 minuto"},"schema":{"@context":"https:\/\/schema.org","@graph":[{"@type":"WebPage","@id":"https:\/\/adl-regalosempresa.com\/tiendaonline\/articulos\/merchandising\/polo-cool-fit-de-manga-corta-para-mujer-de-105-g-m%c2%b2-para-personalizar-con-logo\/","url":"https:\/\/adl-regalosempresa.com\/tiendaonline\/articulos\/merchandising\/polo-cool-fit-de-manga-corta-para-mujer-de-105-g-m%c2%b2-para-personalizar-con-logo\/","name":"Merchandising Polo Cool fit de manga corta para mujer de 105 g\/m\u00b2 para personalizar con logo - ADL","isPartOf":{"@id":"https:\/\/adl-regalosempresa.com\/tiendaonline\/#website"},"primaryImageOfPage":{"@id":"https:\/\/adl-regalosempresa.com\/tiendaonline\/articulos\/merchandising\/polo-cool-fit-de-manga-corta-para-mujer-de-105-g-m%c2%b2-para-personalizar-con-logo\/#primaryimage"},"image":{"@id":"https:\/\/adl-regalosempresa.com\/tiendaonline\/articulos\/merchandising\/polo-cool-fit-de-manga-corta-para-mujer-de-105-g-m%c2%b2-para-personalizar-con-logo\/#primaryimage"},"thumbnailUrl":"https:\/\/adl-regalosempresa.com\/tiendaonline\/wp-content\/uploads\/2023\/03\/3909501.jpg","datePublished":"2026-04-30T04:25:03+00:00","dateModified":"2026-04-30T06:15:19+00:00","description":"Art\u00edculo de merchandising Polo Cool fit de manga corta para mujer de 105 g\/m\u00b2 \"Deimos\". El polo Deimos de manga corta y corte ajustado para mujer ofrece una comodidad insuperable gracias a su ligero tejido de malla de poli\u00e9ster de 105 g\/m\u00b2. Su dise\u00f1o cool fit garantiza transpirabilidad y propiedades de evacuaci\u00f3n de la humedad, manteni\u00e9ndote seca todo el d\u00eda. Dise\u00f1ado con la funcionalidad en mente, la costura lateral delantera y los detalles de costuras planas estrechas mejoran la flexibilidad y proporcionan un aspecto atl\u00e9tico moderno. Adem\u00e1s, las opciones de personalizaci\u00f3n interior permiten personalizar la marca o el interior del polo. Tanto si vas a la pista de tenis como al gimnasio, el polo Deimos se adapta a tu estilo de vida activo y te aporta comodidad y estilo. Este polo est\u00e1 dise\u00f1ado con un corte entallado para un mayor ajuste.","breadcrumb":{"@id":"https:\/\/adl-regalosempresa.com\/tiendaonline\/articulos\/merchandising\/polo-cool-fit-de-manga-corta-para-mujer-de-105-g-m%c2%b2-para-personalizar-con-logo\/#breadcrumb"},"inLanguage":"es","potentialAction":[{"@type":"ReadAction","target":["https:\/\/adl-regalosempresa.com\/tiendaonline\/articulos\/merchandising\/polo-cool-fit-de-manga-corta-para-mujer-de-105-g-m%c2%b2-para-personalizar-con-logo\/"]}]},{"@type":"ImageObject","inLanguage":"es","@id":"https:\/\/adl-regalosempresa.com\/tiendaonline\/articulos\/merchandising\/polo-cool-fit-de-manga-corta-para-mujer-de-105-g-m%c2%b2-para-personalizar-con-logo\/#primaryimage","url":"https:\/\/adl-regalosempresa.com\/tiendaonline\/wp-content\/uploads\/2023\/03\/3909501.jpg","contentUrl":"https:\/\/adl-regalosempresa.com\/tiendaonline\/wp-content\/uploads\/2023\/03\/3909501.jpg","width":1600,"height":1600,"caption":"Polo Cool fit de manga corta para mujer de 105 g\/m\u00b2 \"Deimos\""},{"@type":"BreadcrumbList","@id":"https:\/\/adl-regalosempresa.com\/tiendaonline\/articulos\/merchandising\/polo-cool-fit-de-manga-corta-para-mujer-de-105-g-m%c2%b2-para-personalizar-con-logo\/#breadcrumb","itemListElement":[{"@type":"ListItem","position":1,"name":"Portada","item":"https:\/\/adl-regalosempresa.com\/tiendaonline\/"},{"@type":"ListItem","position":2,"name":"Tienda","item":"https:\/\/adl-regalosempresa.com\/tiendaonline\/tienda\/"},{"@type":"ListItem","position":3,"name":"Polo Cool fit de manga corta para mujer de 105 g\/m\u00b2 para personalizar con logo"}]},{"@type":"WebSite","@id":"https:\/\/adl-regalosempresa.com\/tiendaonline\/#website","url":"https:\/\/adl-regalosempresa.com\/tiendaonline\/","name":"ADL Comunicaci\u00f3n","description":"Regalos de empresa","publisher":{"@id":"https:\/\/adl-regalosempresa.com\/tiendaonline\/#organization"},"potentialAction":[{"@type":"SearchAction","target":{"@type":"EntryPoint","urlTemplate":"https:\/\/adl-regalosempresa.com\/tiendaonline\/?s={search_term_string}"},"query-input":{"@type":"PropertyValueSpecification","valueRequired":true,"valueName":"search_term_string"}}],"inLanguage":"es"},{"@type":"Organization","@id":"https:\/\/adl-regalosempresa.com\/tiendaonline\/#organization","name":"ADL Comunicaci\u00f3n","url":"https:\/\/adl-regalosempresa.com\/tiendaonline\/","logo":{"@type":"ImageObject","inLanguage":"es","@id":"https:\/\/adl-regalosempresa.com\/tiendaonline\/#\/schema\/logo\/image\/","url":"https:\/\/adl-regalosempresa.com\/tiendaonline\/wp-content\/uploads\/2017\/09\/logo-adl-wp.png","contentUrl":"https:\/\/adl-regalosempresa.com\/tiendaonline\/wp-content\/uploads\/2017\/09\/logo-adl-wp.png","width":407,"height":185,"caption":"ADL Comunicaci\u00f3n"},"image":{"@id":"https:\/\/adl-regalosempresa.com\/tiendaonline\/#\/schema\/logo\/image\/"}}]}},"_links":{"self":[{"href":"https:\/\/adl-regalosempresa.com\/tiendaonline\/wp-json\/wp\/v2\/product\/120273","targetHints":{"allow":["GET"]}}],"collection":[{"href":"https:\/\/adl-regalosempresa.com\/tiendaonline\/wp-json\/wp\/v2\/product"}],"about":[{"href":"https:\/\/adl-regalosempresa.com\/tiendaonline\/wp-json\/wp\/v2\/types\/product"}],"wp:featuredmedia":[{"embeddable":true,"href":"https:\/\/adl-regalosempresa.com\/tiendaonline\/wp-json\/wp\/v2\/media\/121433"}],"wp:attachment":[{"href":"https:\/\/adl-regalosempresa.com\/tiendaonline\/wp-json\/wp\/v2\/media?parent=120273"}],"wp:term":[{"taxonomy":"product_brand","embeddable":true,"href":"https:\/\/adl-regalosempresa.com\/tiendaonline\/wp-json\/wp\/v2\/product_brand?post=120273"},{"taxonomy":"product_cat","embeddable":true,"href":"https:\/\/adl-regalosempresa.com\/tiendaonline\/wp-json\/wp\/v2\/product_cat?post=120273"},{"taxonomy":"product_tag","embeddable":true,"href":"https:\/\/adl-regalosempresa.com\/tiendaonline\/wp-json\/wp\/v2\/product_tag?post=120273"}],"curies":[{"name":"wp","href":"https:\/\/api.w.org\/{rel}","templated":true}]}}