{"id":120036,"date":"2026-04-09T04:22:22","date_gmt":"2026-04-09T04:22:22","guid":{"rendered":"https:\/\/adl-regalosempresa.com\/tiendaonline\/articulos\/merchandising\/taza-de-400-ml-con-doble-pared-reciclada-para-personalizar-con-logo\/"},"modified":"2026-04-18T07:44:10","modified_gmt":"2026-04-18T07:44:10","slug":"taza-de-400-ml-con-doble-pared-reciclada-para-personalizar-con-logo","status":"publish","type":"product","link":"https:\/\/adl-regalosempresa.com\/tiendaonline\/articulos\/merchandising\/taza-de-400-ml-con-doble-pared-reciclada-para-personalizar-con-logo\/","title":{"rendered":"Taza de 400\u00a0ml con doble pared reciclada  para personalizar con logo"},"content":{"rendered":"<p>La elegante taza Nordia est\u00e1 fabricada con un exterior de acero inoxidable y un interior de PP reciclado sostenible. La tapa interior, el cierre deslizante y el asa tambi\u00e9n est\u00e1n hechos de PP reciclado procedente de fuentes certificadas y responsables. La tapa tiene un cierre deslizante, lo que hace que esta taza sea perfecta para disfrutar de tus bebidas mientras viajas. No contiene BPA y ha sido probada y aprobada seg\u00fan la legislaci\u00f3n alemana sobre seguridad alimentaria (LFGB), se ha comprobado su contenido en ftalatos seg\u00fan la normativa REACH. Capacidad de 400 ml. Se recomienda lavar a mano.<\/p>\n","protected":false},"excerpt":{"rendered":"<p><strong>Descuentos por cantidades<\/strong><br \/>&#8211; a partir de 50 unidades: 5,08 \u20ac\/ud<br \/>&#8211; a partir de 100 unidades: 5,08 \u20ac\/ud<br \/>&#8211; a partir de 500 unidades: 5,08 \u20ac\/ud<\/p>\n<p>Para cantidades superiores a las aqu\u00ed indicadas, no dudes en ponerte en contacto con nuestro departamento comercial o <a href='https:\/\/adl-regalosempresa.com\/tiendaonline\/solicitud-presupuesto\/'>pedirnos presupuesto personalizado<\/a>, ajustaremos el presupuesto a tus necesidades.<\/p>\n","protected":false},"featured_media":121261,"template":"","meta":{"_kad_post_transparent":"","_kad_post_title":"","_kad_post_layout":"","_kad_post_sidebar_id":"","_kad_post_content_style":"","_kad_post_vertical_padding":"","_kad_post_feature":"","_kad_post_feature_position":"","_kad_post_header":false,"_kad_post_footer":false,"_kad_post_classname":""},"product_brand":[],"product_cat":[3795,3372],"product_tag":[],"class_list":{"0":"post-120036","1":"product","2":"type-product","3":"status-publish","4":"has-post-thumbnail","6":"product_cat-vasos-tazas-isotermicas","7":"product_cat-articulos-para-bebidas","8":"pa_alto-14-cm","9":"pa_ancho-85-cm","10":"pa_color-azul-oscuro","11":"pa_color-blanco","12":"pa_color-gris","13":"pa_color-negro-intenso","14":"pa_color-verde-jaspeado","15":"pa_color-simple-azul","16":"pa_color-simple-blanco","17":"pa_color-simple-gris","18":"pa_color-simple-negro-intenso","19":"pa_color-simple-verde","20":"pa_largo-121-cm","21":"pa_marca-unbranded","22":"pa_material-plastico-polipropileno-reciclado-acero-inoxidable","23":"pa_peso-163-gr","25":"first","26":"instock","27":"taxable","28":"shipping-taxable","29":"purchasable","30":"product-type-variable","31":"entry","32":"content-bg","33":"loop-entry"},"yoast_head":"<!-- This site is optimized with the Yoast SEO plugin v26.3 - https:\/\/yoast.com\/wordpress\/plugins\/seo\/ -->\n<title>Merchandising Taza de 400\u00a0ml con doble pared reciclada para personalizar con logo - ADL<\/title>\n<meta name=\"description\" content=\"Art\u00edculo de merchandising Taza de 400\u00a0ml con doble pared reciclada &quot;Nordia&quot;. La elegante taza Nordia est\u00e1 fabricada con un exterior de acero inoxidable y un interior de PP reciclado sostenible. La tapa interior, el cierre deslizante y el asa tambi\u00e9n est\u00e1n hechos de PP reciclado procedente de fuentes certificadas y responsables. La tapa tiene un cierre deslizante, lo que hace que esta taza sea perfecta para disfrutar de tus bebidas mientras viajas. No contiene BPA y ha sido probada y aprobada seg\u00fan la legislaci\u00f3n alemana sobre seguridad alimentaria (LFGB), se ha comprobado su contenido en ftalatos seg\u00fan la normativa REACH. Capacidad de 400 ml. Se recomienda lavar a mano.\" \/>\n<meta name=\"robots\" content=\"index, follow, max-snippet:-1, max-image-preview:large, max-video-preview:-1\" \/>\n<link rel=\"canonical\" href=\"https:\/\/adl-regalosempresa.com\/tiendaonline\/articulos\/merchandising\/taza-de-400-ml-con-doble-pared-reciclada-para-personalizar-con-logo\/\" \/>\n<meta property=\"og:locale\" content=\"es_ES\" \/>\n<meta property=\"og:type\" content=\"article\" \/>\n<meta property=\"og:title\" content=\"Merchandising Taza de 400\u00a0ml con doble pared reciclada para personalizar con logo - ADL\" \/>\n<meta property=\"og:description\" content=\"Art\u00edculo de merchandising Taza de 400\u00a0ml con doble pared reciclada &quot;Nordia&quot;. La elegante taza Nordia est\u00e1 fabricada con un exterior de acero inoxidable y un interior de PP reciclado sostenible. La tapa interior, el cierre deslizante y el asa tambi\u00e9n est\u00e1n hechos de PP reciclado procedente de fuentes certificadas y responsables. La tapa tiene un cierre deslizante, lo que hace que esta taza sea perfecta para disfrutar de tus bebidas mientras viajas. No contiene BPA y ha sido probada y aprobada seg\u00fan la legislaci\u00f3n alemana sobre seguridad alimentaria (LFGB), se ha comprobado su contenido en ftalatos seg\u00fan la normativa REACH. Capacidad de 400 ml. Se recomienda lavar a mano.\" \/>\n<meta property=\"og:url\" content=\"https:\/\/adl-regalosempresa.com\/tiendaonline\/articulos\/merchandising\/taza-de-400-ml-con-doble-pared-reciclada-para-personalizar-con-logo\/\" \/>\n<meta property=\"og:site_name\" content=\"ADL Comunicaci\u00f3n\" \/>\n<meta property=\"article:modified_time\" content=\"2026-04-18T07:44:10+00:00\" \/>\n<meta property=\"og:image\" content=\"https:\/\/adl-regalosempresa.com\/tiendaonline\/wp-content\/uploads\/2023\/01\/10073101.jpg\" \/>\n\t<meta property=\"og:image:width\" content=\"1600\" \/>\n\t<meta property=\"og:image:height\" content=\"1600\" \/>\n\t<meta property=\"og:image:type\" content=\"image\/jpeg\" \/>\n<meta name=\"twitter:card\" content=\"summary_large_image\" \/>\n<meta name=\"twitter:title\" content=\"Merchandising Taza de 400\u00a0ml con doble pared reciclada para personalizar con logo - ADL\" \/>\n<meta name=\"twitter:label1\" content=\"Tiempo de lectura\" \/>\n\t<meta name=\"twitter:data1\" content=\"1 minuto\" \/>\n<script type=\"application\/ld+json\" class=\"yoast-schema-graph\">{\"@context\":\"https:\/\/schema.org\",\"@graph\":[{\"@type\":\"WebPage\",\"@id\":\"https:\/\/adl-regalosempresa.com\/tiendaonline\/articulos\/merchandising\/taza-de-400-ml-con-doble-pared-reciclada-para-personalizar-con-logo\/\",\"url\":\"https:\/\/adl-regalosempresa.com\/tiendaonline\/articulos\/merchandising\/taza-de-400-ml-con-doble-pared-reciclada-para-personalizar-con-logo\/\",\"name\":\"Merchandising Taza de 400\u00a0ml con doble pared reciclada para personalizar con logo - ADL\",\"isPartOf\":{\"@id\":\"https:\/\/adl-regalosempresa.com\/tiendaonline\/#website\"},\"primaryImageOfPage\":{\"@id\":\"https:\/\/adl-regalosempresa.com\/tiendaonline\/articulos\/merchandising\/taza-de-400-ml-con-doble-pared-reciclada-para-personalizar-con-logo\/#primaryimage\"},\"image\":{\"@id\":\"https:\/\/adl-regalosempresa.com\/tiendaonline\/articulos\/merchandising\/taza-de-400-ml-con-doble-pared-reciclada-para-personalizar-con-logo\/#primaryimage\"},\"thumbnailUrl\":\"https:\/\/adl-regalosempresa.com\/tiendaonline\/wp-content\/uploads\/2023\/01\/10073101.jpg\",\"datePublished\":\"2026-04-09T04:22:22+00:00\",\"dateModified\":\"2026-04-18T07:44:10+00:00\",\"description\":\"Art\u00edculo de merchandising Taza de 400\u00a0ml con doble pared reciclada \\\"Nordia\\\". La elegante taza Nordia est\u00e1 fabricada con un exterior de acero inoxidable y un interior de PP reciclado sostenible. La tapa interior, el cierre deslizante y el asa tambi\u00e9n est\u00e1n hechos de PP reciclado procedente de fuentes certificadas y responsables. La tapa tiene un cierre deslizante, lo que hace que esta taza sea perfecta para disfrutar de tus bebidas mientras viajas. No contiene BPA y ha sido probada y aprobada seg\u00fan la legislaci\u00f3n alemana sobre seguridad alimentaria (LFGB), se ha comprobado su contenido en ftalatos seg\u00fan la normativa REACH. Capacidad de 400 ml. Se recomienda lavar a mano.\",\"breadcrumb\":{\"@id\":\"https:\/\/adl-regalosempresa.com\/tiendaonline\/articulos\/merchandising\/taza-de-400-ml-con-doble-pared-reciclada-para-personalizar-con-logo\/#breadcrumb\"},\"inLanguage\":\"es\",\"potentialAction\":[{\"@type\":\"ReadAction\",\"target\":[\"https:\/\/adl-regalosempresa.com\/tiendaonline\/articulos\/merchandising\/taza-de-400-ml-con-doble-pared-reciclada-para-personalizar-con-logo\/\"]}]},{\"@type\":\"ImageObject\",\"inLanguage\":\"es\",\"@id\":\"https:\/\/adl-regalosempresa.com\/tiendaonline\/articulos\/merchandising\/taza-de-400-ml-con-doble-pared-reciclada-para-personalizar-con-logo\/#primaryimage\",\"url\":\"https:\/\/adl-regalosempresa.com\/tiendaonline\/wp-content\/uploads\/2023\/01\/10073101.jpg\",\"contentUrl\":\"https:\/\/adl-regalosempresa.com\/tiendaonline\/wp-content\/uploads\/2023\/01\/10073101.jpg\",\"width\":1600,\"height\":1600,\"caption\":\"Taza de 400\u00a0ml con doble pared reciclada \\\"Nordia\\\"\"},{\"@type\":\"BreadcrumbList\",\"@id\":\"https:\/\/adl-regalosempresa.com\/tiendaonline\/articulos\/merchandising\/taza-de-400-ml-con-doble-pared-reciclada-para-personalizar-con-logo\/#breadcrumb\",\"itemListElement\":[{\"@type\":\"ListItem\",\"position\":1,\"name\":\"Portada\",\"item\":\"https:\/\/adl-regalosempresa.com\/tiendaonline\/\"},{\"@type\":\"ListItem\",\"position\":2,\"name\":\"Tienda\",\"item\":\"https:\/\/adl-regalosempresa.com\/tiendaonline\/tienda\/\"},{\"@type\":\"ListItem\",\"position\":3,\"name\":\"Taza de 400\u00a0ml con doble pared reciclada para personalizar con logo\"}]},{\"@type\":\"WebSite\",\"@id\":\"https:\/\/adl-regalosempresa.com\/tiendaonline\/#website\",\"url\":\"https:\/\/adl-regalosempresa.com\/tiendaonline\/\",\"name\":\"ADL Comunicaci\u00f3n\",\"description\":\"Regalos de empresa\",\"publisher\":{\"@id\":\"https:\/\/adl-regalosempresa.com\/tiendaonline\/#organization\"},\"potentialAction\":[{\"@type\":\"SearchAction\",\"target\":{\"@type\":\"EntryPoint\",\"urlTemplate\":\"https:\/\/adl-regalosempresa.com\/tiendaonline\/?s={search_term_string}\"},\"query-input\":{\"@type\":\"PropertyValueSpecification\",\"valueRequired\":true,\"valueName\":\"search_term_string\"}}],\"inLanguage\":\"es\"},{\"@type\":\"Organization\",\"@id\":\"https:\/\/adl-regalosempresa.com\/tiendaonline\/#organization\",\"name\":\"ADL Comunicaci\u00f3n\",\"url\":\"https:\/\/adl-regalosempresa.com\/tiendaonline\/\",\"logo\":{\"@type\":\"ImageObject\",\"inLanguage\":\"es\",\"@id\":\"https:\/\/adl-regalosempresa.com\/tiendaonline\/#\/schema\/logo\/image\/\",\"url\":\"https:\/\/adl-regalosempresa.com\/tiendaonline\/wp-content\/uploads\/2017\/09\/logo-adl-wp.png\",\"contentUrl\":\"https:\/\/adl-regalosempresa.com\/tiendaonline\/wp-content\/uploads\/2017\/09\/logo-adl-wp.png\",\"width\":407,\"height\":185,\"caption\":\"ADL Comunicaci\u00f3n\"},\"image\":{\"@id\":\"https:\/\/adl-regalosempresa.com\/tiendaonline\/#\/schema\/logo\/image\/\"}}]}<\/script>\n<!-- \/ Yoast SEO plugin. -->","yoast_head_json":{"title":"Merchandising Taza de 400\u00a0ml con doble pared reciclada para personalizar con logo - ADL","description":"Art\u00edculo de merchandising Taza de 400\u00a0ml con doble pared reciclada \"Nordia\". La elegante taza Nordia est\u00e1 fabricada con un exterior de acero inoxidable y un interior de PP reciclado sostenible. La tapa interior, el cierre deslizante y el asa tambi\u00e9n est\u00e1n hechos de PP reciclado procedente de fuentes certificadas y responsables. La tapa tiene un cierre deslizante, lo que hace que esta taza sea perfecta para disfrutar de tus bebidas mientras viajas. No contiene BPA y ha sido probada y aprobada seg\u00fan la legislaci\u00f3n alemana sobre seguridad alimentaria (LFGB), se ha comprobado su contenido en ftalatos seg\u00fan la normativa REACH. Capacidad de 400 ml. Se recomienda lavar a mano.","robots":{"index":"index","follow":"follow","max-snippet":"max-snippet:-1","max-image-preview":"max-image-preview:large","max-video-preview":"max-video-preview:-1"},"canonical":"https:\/\/adl-regalosempresa.com\/tiendaonline\/articulos\/merchandising\/taza-de-400-ml-con-doble-pared-reciclada-para-personalizar-con-logo\/","og_locale":"es_ES","og_type":"article","og_title":"Merchandising Taza de 400\u00a0ml con doble pared reciclada para personalizar con logo - ADL","og_description":"Art\u00edculo de merchandising Taza de 400\u00a0ml con doble pared reciclada \"Nordia\". La elegante taza Nordia est\u00e1 fabricada con un exterior de acero inoxidable y un interior de PP reciclado sostenible. La tapa interior, el cierre deslizante y el asa tambi\u00e9n est\u00e1n hechos de PP reciclado procedente de fuentes certificadas y responsables. La tapa tiene un cierre deslizante, lo que hace que esta taza sea perfecta para disfrutar de tus bebidas mientras viajas. No contiene BPA y ha sido probada y aprobada seg\u00fan la legislaci\u00f3n alemana sobre seguridad alimentaria (LFGB), se ha comprobado su contenido en ftalatos seg\u00fan la normativa REACH. Capacidad de 400 ml. Se recomienda lavar a mano.","og_url":"https:\/\/adl-regalosempresa.com\/tiendaonline\/articulos\/merchandising\/taza-de-400-ml-con-doble-pared-reciclada-para-personalizar-con-logo\/","og_site_name":"ADL Comunicaci\u00f3n","article_modified_time":"2026-04-18T07:44:10+00:00","og_image":[{"width":1600,"height":1600,"url":"https:\/\/adl-regalosempresa.com\/tiendaonline\/wp-content\/uploads\/2023\/01\/10073101.jpg","type":"image\/jpeg"}],"twitter_card":"summary_large_image","twitter_title":"Merchandising Taza de 400\u00a0ml con doble pared reciclada para personalizar con logo - ADL","twitter_misc":{"Tiempo de lectura":"1 minuto"},"schema":{"@context":"https:\/\/schema.org","@graph":[{"@type":"WebPage","@id":"https:\/\/adl-regalosempresa.com\/tiendaonline\/articulos\/merchandising\/taza-de-400-ml-con-doble-pared-reciclada-para-personalizar-con-logo\/","url":"https:\/\/adl-regalosempresa.com\/tiendaonline\/articulos\/merchandising\/taza-de-400-ml-con-doble-pared-reciclada-para-personalizar-con-logo\/","name":"Merchandising Taza de 400\u00a0ml con doble pared reciclada para personalizar con logo - ADL","isPartOf":{"@id":"https:\/\/adl-regalosempresa.com\/tiendaonline\/#website"},"primaryImageOfPage":{"@id":"https:\/\/adl-regalosempresa.com\/tiendaonline\/articulos\/merchandising\/taza-de-400-ml-con-doble-pared-reciclada-para-personalizar-con-logo\/#primaryimage"},"image":{"@id":"https:\/\/adl-regalosempresa.com\/tiendaonline\/articulos\/merchandising\/taza-de-400-ml-con-doble-pared-reciclada-para-personalizar-con-logo\/#primaryimage"},"thumbnailUrl":"https:\/\/adl-regalosempresa.com\/tiendaonline\/wp-content\/uploads\/2023\/01\/10073101.jpg","datePublished":"2026-04-09T04:22:22+00:00","dateModified":"2026-04-18T07:44:10+00:00","description":"Art\u00edculo de merchandising Taza de 400\u00a0ml con doble pared reciclada \"Nordia\". La elegante taza Nordia est\u00e1 fabricada con un exterior de acero inoxidable y un interior de PP reciclado sostenible. La tapa interior, el cierre deslizante y el asa tambi\u00e9n est\u00e1n hechos de PP reciclado procedente de fuentes certificadas y responsables. La tapa tiene un cierre deslizante, lo que hace que esta taza sea perfecta para disfrutar de tus bebidas mientras viajas. No contiene BPA y ha sido probada y aprobada seg\u00fan la legislaci\u00f3n alemana sobre seguridad alimentaria (LFGB), se ha comprobado su contenido en ftalatos seg\u00fan la normativa REACH. Capacidad de 400 ml. Se recomienda lavar a mano.","breadcrumb":{"@id":"https:\/\/adl-regalosempresa.com\/tiendaonline\/articulos\/merchandising\/taza-de-400-ml-con-doble-pared-reciclada-para-personalizar-con-logo\/#breadcrumb"},"inLanguage":"es","potentialAction":[{"@type":"ReadAction","target":["https:\/\/adl-regalosempresa.com\/tiendaonline\/articulos\/merchandising\/taza-de-400-ml-con-doble-pared-reciclada-para-personalizar-con-logo\/"]}]},{"@type":"ImageObject","inLanguage":"es","@id":"https:\/\/adl-regalosempresa.com\/tiendaonline\/articulos\/merchandising\/taza-de-400-ml-con-doble-pared-reciclada-para-personalizar-con-logo\/#primaryimage","url":"https:\/\/adl-regalosempresa.com\/tiendaonline\/wp-content\/uploads\/2023\/01\/10073101.jpg","contentUrl":"https:\/\/adl-regalosempresa.com\/tiendaonline\/wp-content\/uploads\/2023\/01\/10073101.jpg","width":1600,"height":1600,"caption":"Taza de 400\u00a0ml con doble pared reciclada \"Nordia\""},{"@type":"BreadcrumbList","@id":"https:\/\/adl-regalosempresa.com\/tiendaonline\/articulos\/merchandising\/taza-de-400-ml-con-doble-pared-reciclada-para-personalizar-con-logo\/#breadcrumb","itemListElement":[{"@type":"ListItem","position":1,"name":"Portada","item":"https:\/\/adl-regalosempresa.com\/tiendaonline\/"},{"@type":"ListItem","position":2,"name":"Tienda","item":"https:\/\/adl-regalosempresa.com\/tiendaonline\/tienda\/"},{"@type":"ListItem","position":3,"name":"Taza de 400\u00a0ml con doble pared reciclada para personalizar con logo"}]},{"@type":"WebSite","@id":"https:\/\/adl-regalosempresa.com\/tiendaonline\/#website","url":"https:\/\/adl-regalosempresa.com\/tiendaonline\/","name":"ADL Comunicaci\u00f3n","description":"Regalos de empresa","publisher":{"@id":"https:\/\/adl-regalosempresa.com\/tiendaonline\/#organization"},"potentialAction":[{"@type":"SearchAction","target":{"@type":"EntryPoint","urlTemplate":"https:\/\/adl-regalosempresa.com\/tiendaonline\/?s={search_term_string}"},"query-input":{"@type":"PropertyValueSpecification","valueRequired":true,"valueName":"search_term_string"}}],"inLanguage":"es"},{"@type":"Organization","@id":"https:\/\/adl-regalosempresa.com\/tiendaonline\/#organization","name":"ADL Comunicaci\u00f3n","url":"https:\/\/adl-regalosempresa.com\/tiendaonline\/","logo":{"@type":"ImageObject","inLanguage":"es","@id":"https:\/\/adl-regalosempresa.com\/tiendaonline\/#\/schema\/logo\/image\/","url":"https:\/\/adl-regalosempresa.com\/tiendaonline\/wp-content\/uploads\/2017\/09\/logo-adl-wp.png","contentUrl":"https:\/\/adl-regalosempresa.com\/tiendaonline\/wp-content\/uploads\/2017\/09\/logo-adl-wp.png","width":407,"height":185,"caption":"ADL Comunicaci\u00f3n"},"image":{"@id":"https:\/\/adl-regalosempresa.com\/tiendaonline\/#\/schema\/logo\/image\/"}}]}},"_links":{"self":[{"href":"https:\/\/adl-regalosempresa.com\/tiendaonline\/wp-json\/wp\/v2\/product\/120036","targetHints":{"allow":["GET"]}}],"collection":[{"href":"https:\/\/adl-regalosempresa.com\/tiendaonline\/wp-json\/wp\/v2\/product"}],"about":[{"href":"https:\/\/adl-regalosempresa.com\/tiendaonline\/wp-json\/wp\/v2\/types\/product"}],"wp:featuredmedia":[{"embeddable":true,"href":"https:\/\/adl-regalosempresa.com\/tiendaonline\/wp-json\/wp\/v2\/media\/121261"}],"wp:attachment":[{"href":"https:\/\/adl-regalosempresa.com\/tiendaonline\/wp-json\/wp\/v2\/media?parent=120036"}],"wp:term":[{"taxonomy":"product_brand","embeddable":true,"href":"https:\/\/adl-regalosempresa.com\/tiendaonline\/wp-json\/wp\/v2\/product_brand?post=120036"},{"taxonomy":"product_cat","embeddable":true,"href":"https:\/\/adl-regalosempresa.com\/tiendaonline\/wp-json\/wp\/v2\/product_cat?post=120036"},{"taxonomy":"product_tag","embeddable":true,"href":"https:\/\/adl-regalosempresa.com\/tiendaonline\/wp-json\/wp\/v2\/product_tag?post=120036"}],"curies":[{"name":"wp","href":"https:\/\/api.w.org\/{rel}","templated":true}]}}