{"id":119963,"date":"2026-03-24T06:03:15","date_gmt":"2026-03-24T06:03:15","guid":{"rendered":"https:\/\/adl-regalosempresa.com\/tiendaonline\/articulos\/merchandising\/dos-tazas-de-vidrio-de-doble-pared-de-250-ml-con-posavasos-de-bambu-para-personalizar-con-logo\/"},"modified":"2026-04-24T08:50:09","modified_gmt":"2026-04-24T08:50:09","slug":"dos-tazas-de-vidrio-de-doble-pared-de-250-ml-con-posavasos-de-bambu-para-personalizar-con-logo","status":"publish","type":"product","link":"https:\/\/adl-regalosempresa.com\/tiendaonline\/articulos\/merchandising\/dos-tazas-de-vidrio-de-doble-pared-de-250-ml-con-posavasos-de-bambu-para-personalizar-con-logo\/","title":{"rendered":"Dos tazas de vidrio de doble pared de 250\u00a0ml con posavasos de bamb\u00fa  para personalizar con logo"},"content":{"rendered":"<p>Un set de dos tazas t\u00e9rmicas de doble pared con posavasos de bamb\u00fa. El bamb\u00fa procede de fuentes sostenibles, ecol\u00f3gica y socialmente responsables. Gracias al vidrio borosilicato doble, las bebidas mantendr\u00e1n su temperatura durante mucho tiempo. Capacidad de 250 ml. Tama\u00f1o del posavasos: 10 \u00d7 10 \u00d7 1 cm.<\/p>\n","protected":false},"excerpt":{"rendered":"<p><strong>Descuentos por cantidades<\/strong><br \/>&#8211; a partir de 50 unidades: 16,92 \u20ac\/ud<br \/>&#8211; a partir de 100 unidades: 16,92 \u20ac\/ud<br \/>&#8211; a partir de 250 unidades: 16,59 \u20ac\/ud<\/p>\n<p>Para cantidades superiores a las aqu\u00ed indicadas, no dudes en ponerte en contacto con nuestro departamento comercial o <a href='https:\/\/adl-regalosempresa.com\/tiendaonline\/solicitud-presupuesto\/'>pedirnos presupuesto personalizado<\/a>, ajustaremos el presupuesto a tus necesidades.<\/p>\n","protected":false},"featured_media":119965,"template":"","meta":{"_kad_post_transparent":"","_kad_post_title":"","_kad_post_layout":"","_kad_post_sidebar_id":"","_kad_post_content_style":"","_kad_post_vertical_padding":"","_kad_post_feature":"","_kad_post_feature_position":"","_kad_post_header":false,"_kad_post_footer":false,"_kad_post_classname":""},"product_brand":[],"product_cat":[3519,6413],"product_tag":[],"class_list":{"0":"post-119963","1":"product","2":"type-product","3":"status-publish","4":"has-post-thumbnail","6":"product_cat-articulos-personalizados-hogar","7":"product_cat-vasos-y-jarras","8":"pa_alto-9-cm","9":"pa_color-transparente-natural","10":"pa_color-simple-blanco","11":"pa_color-simple-natural","12":"pa_diametro-9-cm","13":"pa_largo-12-cm","14":"pa_marca-seasons","15":"pa_material-vidrio-borosilicato-madera-de-bambu","16":"pa_peso-340-gr","18":"first","19":"instock","20":"taxable","21":"shipping-taxable","22":"purchasable","23":"product-type-variable","24":"entry","25":"content-bg","26":"loop-entry"},"yoast_head":"<!-- This site is optimized with the Yoast SEO plugin v26.3 - https:\/\/yoast.com\/wordpress\/plugins\/seo\/ -->\n<title>Merchandising Dos tazas de vidrio de doble pared de 250\u00a0ml con posavasos de bamb\u00fa para personalizar con logo - ADL<\/title>\n<meta name=\"description\" content=\"Art\u00edculo de merchandising Dos tazas de vidrio de doble pared de 250\u00a0ml con posavasos de bamb\u00fa &quot;Manti&quot;. Un set de dos tazas t\u00e9rmicas de doble pared con posavasos de bamb\u00fa. El bamb\u00fa procede de fuentes sostenibles, ecol\u00f3gica y socialmente responsables. Gracias al vidrio borosilicato doble, las bebidas mantendr\u00e1n su temperatura durante mucho tiempo. Capacidad de 250 ml. Tama\u00f1o del posavasos: 10 \u00d7 10 \u00d7 1 cm.\" \/>\n<meta name=\"robots\" content=\"index, follow, max-snippet:-1, max-image-preview:large, max-video-preview:-1\" \/>\n<link rel=\"canonical\" href=\"https:\/\/adl-regalosempresa.com\/tiendaonline\/articulos\/merchandising\/dos-tazas-de-vidrio-de-doble-pared-de-250-ml-con-posavasos-de-bambu-para-personalizar-con-logo\/\" \/>\n<meta property=\"og:locale\" content=\"es_ES\" \/>\n<meta property=\"og:type\" content=\"article\" \/>\n<meta property=\"og:title\" content=\"Merchandising Dos tazas de vidrio de doble pared de 250\u00a0ml con posavasos de bamb\u00fa para personalizar con logo - ADL\" \/>\n<meta property=\"og:description\" content=\"Art\u00edculo de merchandising Dos tazas de vidrio de doble pared de 250\u00a0ml con posavasos de bamb\u00fa &quot;Manti&quot;. Un set de dos tazas t\u00e9rmicas de doble pared con posavasos de bamb\u00fa. El bamb\u00fa procede de fuentes sostenibles, ecol\u00f3gica y socialmente responsables. Gracias al vidrio borosilicato doble, las bebidas mantendr\u00e1n su temperatura durante mucho tiempo. Capacidad de 250 ml. Tama\u00f1o del posavasos: 10 \u00d7 10 \u00d7 1 cm.\" \/>\n<meta property=\"og:url\" content=\"https:\/\/adl-regalosempresa.com\/tiendaonline\/articulos\/merchandising\/dos-tazas-de-vidrio-de-doble-pared-de-250-ml-con-posavasos-de-bambu-para-personalizar-con-logo\/\" \/>\n<meta property=\"og:site_name\" content=\"ADL Comunicaci\u00f3n\" \/>\n<meta property=\"article:modified_time\" content=\"2026-04-24T08:50:09+00:00\" \/>\n<meta property=\"og:image\" content=\"https:\/\/adl-regalosempresa.com\/tiendaonline\/wp-content\/uploads\/2023\/01\/11331501.jpg\" \/>\n\t<meta property=\"og:image:width\" content=\"1600\" \/>\n\t<meta property=\"og:image:height\" content=\"1600\" \/>\n\t<meta property=\"og:image:type\" content=\"image\/jpeg\" \/>\n<meta name=\"twitter:card\" content=\"summary_large_image\" \/>\n<meta name=\"twitter:title\" content=\"Merchandising Dos tazas de vidrio de doble pared de 250\u00a0ml con posavasos de bamb\u00fa para personalizar con logo - ADL\" \/>\n<script type=\"application\/ld+json\" class=\"yoast-schema-graph\">{\"@context\":\"https:\/\/schema.org\",\"@graph\":[{\"@type\":\"WebPage\",\"@id\":\"https:\/\/adl-regalosempresa.com\/tiendaonline\/articulos\/merchandising\/dos-tazas-de-vidrio-de-doble-pared-de-250-ml-con-posavasos-de-bambu-para-personalizar-con-logo\/\",\"url\":\"https:\/\/adl-regalosempresa.com\/tiendaonline\/articulos\/merchandising\/dos-tazas-de-vidrio-de-doble-pared-de-250-ml-con-posavasos-de-bambu-para-personalizar-con-logo\/\",\"name\":\"Merchandising Dos tazas de vidrio de doble pared de 250\u00a0ml con posavasos de bamb\u00fa para personalizar con logo - ADL\",\"isPartOf\":{\"@id\":\"https:\/\/adl-regalosempresa.com\/tiendaonline\/#website\"},\"primaryImageOfPage\":{\"@id\":\"https:\/\/adl-regalosempresa.com\/tiendaonline\/articulos\/merchandising\/dos-tazas-de-vidrio-de-doble-pared-de-250-ml-con-posavasos-de-bambu-para-personalizar-con-logo\/#primaryimage\"},\"image\":{\"@id\":\"https:\/\/adl-regalosempresa.com\/tiendaonline\/articulos\/merchandising\/dos-tazas-de-vidrio-de-doble-pared-de-250-ml-con-posavasos-de-bambu-para-personalizar-con-logo\/#primaryimage\"},\"thumbnailUrl\":\"https:\/\/adl-regalosempresa.com\/tiendaonline\/wp-content\/uploads\/2023\/01\/11331501.jpg\",\"datePublished\":\"2026-03-24T06:03:15+00:00\",\"dateModified\":\"2026-04-24T08:50:09+00:00\",\"description\":\"Art\u00edculo de merchandising Dos tazas de vidrio de doble pared de 250\u00a0ml con posavasos de bamb\u00fa \\\"Manti\\\". Un set de dos tazas t\u00e9rmicas de doble pared con posavasos de bamb\u00fa. El bamb\u00fa procede de fuentes sostenibles, ecol\u00f3gica y socialmente responsables. Gracias al vidrio borosilicato doble, las bebidas mantendr\u00e1n su temperatura durante mucho tiempo. Capacidad de 250 ml. Tama\u00f1o del posavasos: 10 \u00d7 10 \u00d7 1 cm.\",\"breadcrumb\":{\"@id\":\"https:\/\/adl-regalosempresa.com\/tiendaonline\/articulos\/merchandising\/dos-tazas-de-vidrio-de-doble-pared-de-250-ml-con-posavasos-de-bambu-para-personalizar-con-logo\/#breadcrumb\"},\"inLanguage\":\"es\",\"potentialAction\":[{\"@type\":\"ReadAction\",\"target\":[\"https:\/\/adl-regalosempresa.com\/tiendaonline\/articulos\/merchandising\/dos-tazas-de-vidrio-de-doble-pared-de-250-ml-con-posavasos-de-bambu-para-personalizar-con-logo\/\"]}]},{\"@type\":\"ImageObject\",\"inLanguage\":\"es\",\"@id\":\"https:\/\/adl-regalosempresa.com\/tiendaonline\/articulos\/merchandising\/dos-tazas-de-vidrio-de-doble-pared-de-250-ml-con-posavasos-de-bambu-para-personalizar-con-logo\/#primaryimage\",\"url\":\"https:\/\/adl-regalosempresa.com\/tiendaonline\/wp-content\/uploads\/2023\/01\/11331501.jpg\",\"contentUrl\":\"https:\/\/adl-regalosempresa.com\/tiendaonline\/wp-content\/uploads\/2023\/01\/11331501.jpg\",\"width\":1600,\"height\":1600,\"caption\":\"Dos tazas de vidrio de doble pared de 250\u00a0ml con posavasos de bamb\u00fa \\\"Manti\\\"\"},{\"@type\":\"BreadcrumbList\",\"@id\":\"https:\/\/adl-regalosempresa.com\/tiendaonline\/articulos\/merchandising\/dos-tazas-de-vidrio-de-doble-pared-de-250-ml-con-posavasos-de-bambu-para-personalizar-con-logo\/#breadcrumb\",\"itemListElement\":[{\"@type\":\"ListItem\",\"position\":1,\"name\":\"Portada\",\"item\":\"https:\/\/adl-regalosempresa.com\/tiendaonline\/\"},{\"@type\":\"ListItem\",\"position\":2,\"name\":\"Tienda\",\"item\":\"https:\/\/adl-regalosempresa.com\/tiendaonline\/tienda\/\"},{\"@type\":\"ListItem\",\"position\":3,\"name\":\"Dos tazas de vidrio de doble pared de 250\u00a0ml con posavasos de bamb\u00fa para personalizar con logo\"}]},{\"@type\":\"WebSite\",\"@id\":\"https:\/\/adl-regalosempresa.com\/tiendaonline\/#website\",\"url\":\"https:\/\/adl-regalosempresa.com\/tiendaonline\/\",\"name\":\"ADL Comunicaci\u00f3n\",\"description\":\"Regalos de empresa\",\"publisher\":{\"@id\":\"https:\/\/adl-regalosempresa.com\/tiendaonline\/#organization\"},\"potentialAction\":[{\"@type\":\"SearchAction\",\"target\":{\"@type\":\"EntryPoint\",\"urlTemplate\":\"https:\/\/adl-regalosempresa.com\/tiendaonline\/?s={search_term_string}\"},\"query-input\":{\"@type\":\"PropertyValueSpecification\",\"valueRequired\":true,\"valueName\":\"search_term_string\"}}],\"inLanguage\":\"es\"},{\"@type\":\"Organization\",\"@id\":\"https:\/\/adl-regalosempresa.com\/tiendaonline\/#organization\",\"name\":\"ADL Comunicaci\u00f3n\",\"url\":\"https:\/\/adl-regalosempresa.com\/tiendaonline\/\",\"logo\":{\"@type\":\"ImageObject\",\"inLanguage\":\"es\",\"@id\":\"https:\/\/adl-regalosempresa.com\/tiendaonline\/#\/schema\/logo\/image\/\",\"url\":\"https:\/\/adl-regalosempresa.com\/tiendaonline\/wp-content\/uploads\/2017\/09\/logo-adl-wp.png\",\"contentUrl\":\"https:\/\/adl-regalosempresa.com\/tiendaonline\/wp-content\/uploads\/2017\/09\/logo-adl-wp.png\",\"width\":407,\"height\":185,\"caption\":\"ADL Comunicaci\u00f3n\"},\"image\":{\"@id\":\"https:\/\/adl-regalosempresa.com\/tiendaonline\/#\/schema\/logo\/image\/\"}}]}<\/script>\n<!-- \/ Yoast SEO plugin. -->","yoast_head_json":{"title":"Merchandising Dos tazas de vidrio de doble pared de 250\u00a0ml con posavasos de bamb\u00fa para personalizar con logo - ADL","description":"Art\u00edculo de merchandising Dos tazas de vidrio de doble pared de 250\u00a0ml con posavasos de bamb\u00fa \"Manti\". Un set de dos tazas t\u00e9rmicas de doble pared con posavasos de bamb\u00fa. El bamb\u00fa procede de fuentes sostenibles, ecol\u00f3gica y socialmente responsables. Gracias al vidrio borosilicato doble, las bebidas mantendr\u00e1n su temperatura durante mucho tiempo. Capacidad de 250 ml. Tama\u00f1o del posavasos: 10 \u00d7 10 \u00d7 1 cm.","robots":{"index":"index","follow":"follow","max-snippet":"max-snippet:-1","max-image-preview":"max-image-preview:large","max-video-preview":"max-video-preview:-1"},"canonical":"https:\/\/adl-regalosempresa.com\/tiendaonline\/articulos\/merchandising\/dos-tazas-de-vidrio-de-doble-pared-de-250-ml-con-posavasos-de-bambu-para-personalizar-con-logo\/","og_locale":"es_ES","og_type":"article","og_title":"Merchandising Dos tazas de vidrio de doble pared de 250\u00a0ml con posavasos de bamb\u00fa para personalizar con logo - ADL","og_description":"Art\u00edculo de merchandising Dos tazas de vidrio de doble pared de 250\u00a0ml con posavasos de bamb\u00fa \"Manti\". Un set de dos tazas t\u00e9rmicas de doble pared con posavasos de bamb\u00fa. El bamb\u00fa procede de fuentes sostenibles, ecol\u00f3gica y socialmente responsables. Gracias al vidrio borosilicato doble, las bebidas mantendr\u00e1n su temperatura durante mucho tiempo. Capacidad de 250 ml. Tama\u00f1o del posavasos: 10 \u00d7 10 \u00d7 1 cm.","og_url":"https:\/\/adl-regalosempresa.com\/tiendaonline\/articulos\/merchandising\/dos-tazas-de-vidrio-de-doble-pared-de-250-ml-con-posavasos-de-bambu-para-personalizar-con-logo\/","og_site_name":"ADL Comunicaci\u00f3n","article_modified_time":"2026-04-24T08:50:09+00:00","og_image":[{"width":1600,"height":1600,"url":"https:\/\/adl-regalosempresa.com\/tiendaonline\/wp-content\/uploads\/2023\/01\/11331501.jpg","type":"image\/jpeg"}],"twitter_card":"summary_large_image","twitter_title":"Merchandising Dos tazas de vidrio de doble pared de 250\u00a0ml con posavasos de bamb\u00fa para personalizar con logo - ADL","schema":{"@context":"https:\/\/schema.org","@graph":[{"@type":"WebPage","@id":"https:\/\/adl-regalosempresa.com\/tiendaonline\/articulos\/merchandising\/dos-tazas-de-vidrio-de-doble-pared-de-250-ml-con-posavasos-de-bambu-para-personalizar-con-logo\/","url":"https:\/\/adl-regalosempresa.com\/tiendaonline\/articulos\/merchandising\/dos-tazas-de-vidrio-de-doble-pared-de-250-ml-con-posavasos-de-bambu-para-personalizar-con-logo\/","name":"Merchandising Dos tazas de vidrio de doble pared de 250\u00a0ml con posavasos de bamb\u00fa para personalizar con logo - ADL","isPartOf":{"@id":"https:\/\/adl-regalosempresa.com\/tiendaonline\/#website"},"primaryImageOfPage":{"@id":"https:\/\/adl-regalosempresa.com\/tiendaonline\/articulos\/merchandising\/dos-tazas-de-vidrio-de-doble-pared-de-250-ml-con-posavasos-de-bambu-para-personalizar-con-logo\/#primaryimage"},"image":{"@id":"https:\/\/adl-regalosempresa.com\/tiendaonline\/articulos\/merchandising\/dos-tazas-de-vidrio-de-doble-pared-de-250-ml-con-posavasos-de-bambu-para-personalizar-con-logo\/#primaryimage"},"thumbnailUrl":"https:\/\/adl-regalosempresa.com\/tiendaonline\/wp-content\/uploads\/2023\/01\/11331501.jpg","datePublished":"2026-03-24T06:03:15+00:00","dateModified":"2026-04-24T08:50:09+00:00","description":"Art\u00edculo de merchandising Dos tazas de vidrio de doble pared de 250\u00a0ml con posavasos de bamb\u00fa \"Manti\". Un set de dos tazas t\u00e9rmicas de doble pared con posavasos de bamb\u00fa. El bamb\u00fa procede de fuentes sostenibles, ecol\u00f3gica y socialmente responsables. Gracias al vidrio borosilicato doble, las bebidas mantendr\u00e1n su temperatura durante mucho tiempo. Capacidad de 250 ml. Tama\u00f1o del posavasos: 10 \u00d7 10 \u00d7 1 cm.","breadcrumb":{"@id":"https:\/\/adl-regalosempresa.com\/tiendaonline\/articulos\/merchandising\/dos-tazas-de-vidrio-de-doble-pared-de-250-ml-con-posavasos-de-bambu-para-personalizar-con-logo\/#breadcrumb"},"inLanguage":"es","potentialAction":[{"@type":"ReadAction","target":["https:\/\/adl-regalosempresa.com\/tiendaonline\/articulos\/merchandising\/dos-tazas-de-vidrio-de-doble-pared-de-250-ml-con-posavasos-de-bambu-para-personalizar-con-logo\/"]}]},{"@type":"ImageObject","inLanguage":"es","@id":"https:\/\/adl-regalosempresa.com\/tiendaonline\/articulos\/merchandising\/dos-tazas-de-vidrio-de-doble-pared-de-250-ml-con-posavasos-de-bambu-para-personalizar-con-logo\/#primaryimage","url":"https:\/\/adl-regalosempresa.com\/tiendaonline\/wp-content\/uploads\/2023\/01\/11331501.jpg","contentUrl":"https:\/\/adl-regalosempresa.com\/tiendaonline\/wp-content\/uploads\/2023\/01\/11331501.jpg","width":1600,"height":1600,"caption":"Dos tazas de vidrio de doble pared de 250\u00a0ml con posavasos de bamb\u00fa \"Manti\""},{"@type":"BreadcrumbList","@id":"https:\/\/adl-regalosempresa.com\/tiendaonline\/articulos\/merchandising\/dos-tazas-de-vidrio-de-doble-pared-de-250-ml-con-posavasos-de-bambu-para-personalizar-con-logo\/#breadcrumb","itemListElement":[{"@type":"ListItem","position":1,"name":"Portada","item":"https:\/\/adl-regalosempresa.com\/tiendaonline\/"},{"@type":"ListItem","position":2,"name":"Tienda","item":"https:\/\/adl-regalosempresa.com\/tiendaonline\/tienda\/"},{"@type":"ListItem","position":3,"name":"Dos tazas de vidrio de doble pared de 250\u00a0ml con posavasos de bamb\u00fa para personalizar con logo"}]},{"@type":"WebSite","@id":"https:\/\/adl-regalosempresa.com\/tiendaonline\/#website","url":"https:\/\/adl-regalosempresa.com\/tiendaonline\/","name":"ADL Comunicaci\u00f3n","description":"Regalos de empresa","publisher":{"@id":"https:\/\/adl-regalosempresa.com\/tiendaonline\/#organization"},"potentialAction":[{"@type":"SearchAction","target":{"@type":"EntryPoint","urlTemplate":"https:\/\/adl-regalosempresa.com\/tiendaonline\/?s={search_term_string}"},"query-input":{"@type":"PropertyValueSpecification","valueRequired":true,"valueName":"search_term_string"}}],"inLanguage":"es"},{"@type":"Organization","@id":"https:\/\/adl-regalosempresa.com\/tiendaonline\/#organization","name":"ADL Comunicaci\u00f3n","url":"https:\/\/adl-regalosempresa.com\/tiendaonline\/","logo":{"@type":"ImageObject","inLanguage":"es","@id":"https:\/\/adl-regalosempresa.com\/tiendaonline\/#\/schema\/logo\/image\/","url":"https:\/\/adl-regalosempresa.com\/tiendaonline\/wp-content\/uploads\/2017\/09\/logo-adl-wp.png","contentUrl":"https:\/\/adl-regalosempresa.com\/tiendaonline\/wp-content\/uploads\/2017\/09\/logo-adl-wp.png","width":407,"height":185,"caption":"ADL Comunicaci\u00f3n"},"image":{"@id":"https:\/\/adl-regalosempresa.com\/tiendaonline\/#\/schema\/logo\/image\/"}}]}},"_links":{"self":[{"href":"https:\/\/adl-regalosempresa.com\/tiendaonline\/wp-json\/wp\/v2\/product\/119963","targetHints":{"allow":["GET"]}}],"collection":[{"href":"https:\/\/adl-regalosempresa.com\/tiendaonline\/wp-json\/wp\/v2\/product"}],"about":[{"href":"https:\/\/adl-regalosempresa.com\/tiendaonline\/wp-json\/wp\/v2\/types\/product"}],"wp:featuredmedia":[{"embeddable":true,"href":"https:\/\/adl-regalosempresa.com\/tiendaonline\/wp-json\/wp\/v2\/media\/119965"}],"wp:attachment":[{"href":"https:\/\/adl-regalosempresa.com\/tiendaonline\/wp-json\/wp\/v2\/media?parent=119963"}],"wp:term":[{"taxonomy":"product_brand","embeddable":true,"href":"https:\/\/adl-regalosempresa.com\/tiendaonline\/wp-json\/wp\/v2\/product_brand?post=119963"},{"taxonomy":"product_cat","embeddable":true,"href":"https:\/\/adl-regalosempresa.com\/tiendaonline\/wp-json\/wp\/v2\/product_cat?post=119963"},{"taxonomy":"product_tag","embeddable":true,"href":"https:\/\/adl-regalosempresa.com\/tiendaonline\/wp-json\/wp\/v2\/product_tag?post=119963"}],"curies":[{"name":"wp","href":"https:\/\/api.w.org\/{rel}","templated":true}]}}