{"id":119754,"date":"2026-03-31T04:25:04","date_gmt":"2026-03-31T04:25:04","guid":{"rendered":"https:\/\/adl-regalosempresa.com\/tiendaonline\/articulos\/merchandising\/chaqueta-polar-con-cremallera-entera-reciclada-grs-para-hombre-para-personalizar-con-logo\/"},"modified":"2026-04-16T08:40:07","modified_gmt":"2026-04-16T08:40:07","slug":"chaqueta-polar-con-cremallera-entera-reciclada-grs-para-hombre-para-personalizar-con-logo","status":"publish","type":"product","link":"https:\/\/adl-regalosempresa.com\/tiendaonline\/articulos\/merchandising\/chaqueta-polar-con-cremallera-entera-reciclada-grs-para-hombre-para-personalizar-con-logo\/","title":{"rendered":"Chaqueta polar con cremallera entera reciclada GRS para hombre  para personalizar con logo"},"content":{"rendered":"<p>Forro polar con cremallera completa GRS reciclado para hombre Amber: la combinaci\u00f3n perfecta de estilo y funcionalidad. Esta chaqueta incorpora una cremallera frontal central reciclada GRS para un cierre moderno y duradero. La solapa cortavientos interior con protector de barbilla, proporciona una protecci\u00f3n adicional contra las inclemencias del tiempo. La chaqueta dispone de bolsillos delanteros con cierre en cremallera que permiten llevar lo esencial con toda seguridad y el bolsillo del pecho con cierre en cremallera le aporta estilo. Fabricada con poli\u00e9ster reciclado certificado GRS de 174 g\/m\u00b2, la chaqueta polar Amber es el equilibrio perfecto entre calidez y ligereza. Mejora tus aventuras al aire libre con esta extraordinaria chaqueta que encarna sofisticaci\u00f3n. La certificaci\u00f3n GRS garantiza una cadena de suministro 100% certificada, desde la materia prima hasta nuestras t\u00e9cnicas de impresi\u00f3n, lo que convierte a esta prenda en una elecci\u00f3n m\u00e1s sostenible.<\/p>\n","protected":false},"excerpt":{"rendered":"<p><strong>Descuentos por cantidades<\/strong><br \/>&#8211; a partir de 25 unidades: 11,88 \u20ac\/ud<br \/>&#8211; a partir de 50 unidades: 11,88 \u20ac\/ud<br \/>&#8211; a partir de 100 unidades: 11,88 \u20ac\/ud<\/p>\n<p>Para cantidades superiores a las aqu\u00ed indicadas, no dudes en ponerte en contacto con nuestro departamento comercial o <a href='https:\/\/adl-regalosempresa.com\/tiendaonline\/solicitud-presupuesto\/'>pedirnos presupuesto personalizado<\/a>, ajustaremos el presupuesto a tus necesidades.<\/p>\n","protected":false},"featured_media":119756,"template":"","meta":{"_kad_post_transparent":"","_kad_post_title":"","_kad_post_layout":"","_kad_post_sidebar_id":"","_kad_post_content_style":"","_kad_post_vertical_padding":"","_kad_post_feature":"","_kad_post_feature_position":"","_kad_post_header":false,"_kad_post_footer":false,"_kad_post_classname":""},"product_brand":[],"product_cat":[5423,3649],"product_tag":[],"class_list":{"0":"post-119754","1":"product","2":"type-product","3":"status-publish","4":"has-post-thumbnail","6":"product_cat-chaquetas-ropa","7":"product_cat-ropa","8":"pa_color-azul-marino","9":"pa_color-azul-nxt","10":"pa_color-blanco","11":"pa_color-gris-tormenta","12":"pa_color-negro-intenso","13":"pa_color-simple-azul","14":"pa_color-simple-blanco","15":"pa_color-simple-gris","16":"pa_color-simple-negro-intenso","17":"pa_genero-hombre","18":"pa_marca-elevate","19":"pa_material-microforro-100-poliester-reciclado-con-certificado-grs-174-g-m2","20":"pa_peso-400-gr","21":"pa_talla-xs","22":"pa_talla-s","23":"pa_talla-m","24":"pa_talla-l","25":"pa_talla-xl","26":"pa_talla-xxl","27":"pa_talla-3xl","29":"first","30":"instock","31":"taxable","32":"shipping-taxable","33":"purchasable","34":"product-type-variable","35":"entry","36":"content-bg","37":"loop-entry"},"yoast_head":"<!-- This site is optimized with the Yoast SEO plugin v26.3 - https:\/\/yoast.com\/wordpress\/plugins\/seo\/ -->\n<title>Merchandising Chaqueta polar con cremallera entera reciclada GRS para hombre para personalizar con logo - ADL<\/title>\n<meta name=\"description\" content=\"Art\u00edculo de merchandising Chaqueta polar con cremallera entera reciclada GRS para hombre &quot;Amber&quot;. Forro polar con cremallera completa GRS reciclado para hombre Amber: la combinaci\u00f3n perfecta de estilo y funcionalidad. Esta chaqueta incorpora una cremallera frontal central reciclada GRS para un cierre moderno y duradero. La solapa cortavientos interior con protector de barbilla, proporciona una protecci\u00f3n adicional contra las inclemencias del tiempo. La chaqueta dispone de bolsillos delanteros con cierre en cremallera que permiten llevar lo esencial con toda seguridad y el bolsillo del pecho con cierre en cremallera le aporta estilo. Fabricada con poli\u00e9ster reciclado certificado GRS de 174 g\/m\u00b2, la chaqueta polar Amber es el equilibrio perfecto entre calidez y ligereza. Mejora tus aventuras al aire libre con esta extraordinaria chaqueta que encarna sofisticaci\u00f3n. La certificaci\u00f3n GRS garantiza una cadena de suministro 100% certificada, desde la materia prima hasta nuestras t\u00e9cnicas de impresi\u00f3n, lo que convierte a esta prenda en una elecci\u00f3n m\u00e1s sostenible.\" \/>\n<meta name=\"robots\" content=\"index, follow, max-snippet:-1, max-image-preview:large, max-video-preview:-1\" \/>\n<link rel=\"canonical\" href=\"https:\/\/adl-regalosempresa.com\/tiendaonline\/articulos\/merchandising\/chaqueta-polar-con-cremallera-entera-reciclada-grs-para-hombre-para-personalizar-con-logo\/\" \/>\n<meta property=\"og:locale\" content=\"es_ES\" \/>\n<meta property=\"og:type\" content=\"article\" \/>\n<meta property=\"og:title\" content=\"Merchandising Chaqueta polar con cremallera entera reciclada GRS para hombre para personalizar con logo - ADL\" \/>\n<meta property=\"og:description\" content=\"Art\u00edculo de merchandising Chaqueta polar con cremallera entera reciclada GRS para hombre &quot;Amber&quot;. Forro polar con cremallera completa GRS reciclado para hombre Amber: la combinaci\u00f3n perfecta de estilo y funcionalidad. Esta chaqueta incorpora una cremallera frontal central reciclada GRS para un cierre moderno y duradero. La solapa cortavientos interior con protector de barbilla, proporciona una protecci\u00f3n adicional contra las inclemencias del tiempo. La chaqueta dispone de bolsillos delanteros con cierre en cremallera que permiten llevar lo esencial con toda seguridad y el bolsillo del pecho con cierre en cremallera le aporta estilo. Fabricada con poli\u00e9ster reciclado certificado GRS de 174 g\/m\u00b2, la chaqueta polar Amber es el equilibrio perfecto entre calidez y ligereza. Mejora tus aventuras al aire libre con esta extraordinaria chaqueta que encarna sofisticaci\u00f3n. La certificaci\u00f3n GRS garantiza una cadena de suministro 100% certificada, desde la materia prima hasta nuestras t\u00e9cnicas de impresi\u00f3n, lo que convierte a esta prenda en una elecci\u00f3n m\u00e1s sostenible.\" \/>\n<meta property=\"og:url\" content=\"https:\/\/adl-regalosempresa.com\/tiendaonline\/articulos\/merchandising\/chaqueta-polar-con-cremallera-entera-reciclada-grs-para-hombre-para-personalizar-con-logo\/\" \/>\n<meta property=\"og:site_name\" content=\"ADL Comunicaci\u00f3n\" \/>\n<meta property=\"article:modified_time\" content=\"2026-04-16T08:40:07+00:00\" \/>\n<meta property=\"og:image\" content=\"https:\/\/adl-regalosempresa.com\/tiendaonline\/wp-content\/uploads\/2023\/01\/3752901.jpg\" \/>\n\t<meta property=\"og:image:width\" content=\"1600\" \/>\n\t<meta property=\"og:image:height\" content=\"1600\" \/>\n\t<meta property=\"og:image:type\" content=\"image\/jpeg\" \/>\n<meta name=\"twitter:card\" content=\"summary_large_image\" \/>\n<meta name=\"twitter:title\" content=\"Merchandising Chaqueta polar con cremallera entera reciclada GRS para hombre para personalizar con logo - ADL\" \/>\n<meta name=\"twitter:label1\" content=\"Tiempo de lectura\" \/>\n\t<meta name=\"twitter:data1\" content=\"1 minuto\" \/>\n<script type=\"application\/ld+json\" class=\"yoast-schema-graph\">{\"@context\":\"https:\/\/schema.org\",\"@graph\":[{\"@type\":\"WebPage\",\"@id\":\"https:\/\/adl-regalosempresa.com\/tiendaonline\/articulos\/merchandising\/chaqueta-polar-con-cremallera-entera-reciclada-grs-para-hombre-para-personalizar-con-logo\/\",\"url\":\"https:\/\/adl-regalosempresa.com\/tiendaonline\/articulos\/merchandising\/chaqueta-polar-con-cremallera-entera-reciclada-grs-para-hombre-para-personalizar-con-logo\/\",\"name\":\"Merchandising Chaqueta polar con cremallera entera reciclada GRS para hombre para personalizar con logo - ADL\",\"isPartOf\":{\"@id\":\"https:\/\/adl-regalosempresa.com\/tiendaonline\/#website\"},\"primaryImageOfPage\":{\"@id\":\"https:\/\/adl-regalosempresa.com\/tiendaonline\/articulos\/merchandising\/chaqueta-polar-con-cremallera-entera-reciclada-grs-para-hombre-para-personalizar-con-logo\/#primaryimage\"},\"image\":{\"@id\":\"https:\/\/adl-regalosempresa.com\/tiendaonline\/articulos\/merchandising\/chaqueta-polar-con-cremallera-entera-reciclada-grs-para-hombre-para-personalizar-con-logo\/#primaryimage\"},\"thumbnailUrl\":\"https:\/\/adl-regalosempresa.com\/tiendaonline\/wp-content\/uploads\/2023\/01\/3752901.jpg\",\"datePublished\":\"2026-03-31T04:25:04+00:00\",\"dateModified\":\"2026-04-16T08:40:07+00:00\",\"description\":\"Art\u00edculo de merchandising Chaqueta polar con cremallera entera reciclada GRS para hombre \\\"Amber\\\". Forro polar con cremallera completa GRS reciclado para hombre Amber: la combinaci\u00f3n perfecta de estilo y funcionalidad. Esta chaqueta incorpora una cremallera frontal central reciclada GRS para un cierre moderno y duradero. La solapa cortavientos interior con protector de barbilla, proporciona una protecci\u00f3n adicional contra las inclemencias del tiempo. La chaqueta dispone de bolsillos delanteros con cierre en cremallera que permiten llevar lo esencial con toda seguridad y el bolsillo del pecho con cierre en cremallera le aporta estilo. Fabricada con poli\u00e9ster reciclado certificado GRS de 174 g\/m\u00b2, la chaqueta polar Amber es el equilibrio perfecto entre calidez y ligereza. Mejora tus aventuras al aire libre con esta extraordinaria chaqueta que encarna sofisticaci\u00f3n. La certificaci\u00f3n GRS garantiza una cadena de suministro 100% certificada, desde la materia prima hasta nuestras t\u00e9cnicas de impresi\u00f3n, lo que convierte a esta prenda en una elecci\u00f3n m\u00e1s sostenible.\",\"breadcrumb\":{\"@id\":\"https:\/\/adl-regalosempresa.com\/tiendaonline\/articulos\/merchandising\/chaqueta-polar-con-cremallera-entera-reciclada-grs-para-hombre-para-personalizar-con-logo\/#breadcrumb\"},\"inLanguage\":\"es\",\"potentialAction\":[{\"@type\":\"ReadAction\",\"target\":[\"https:\/\/adl-regalosempresa.com\/tiendaonline\/articulos\/merchandising\/chaqueta-polar-con-cremallera-entera-reciclada-grs-para-hombre-para-personalizar-con-logo\/\"]}]},{\"@type\":\"ImageObject\",\"inLanguage\":\"es\",\"@id\":\"https:\/\/adl-regalosempresa.com\/tiendaonline\/articulos\/merchandising\/chaqueta-polar-con-cremallera-entera-reciclada-grs-para-hombre-para-personalizar-con-logo\/#primaryimage\",\"url\":\"https:\/\/adl-regalosempresa.com\/tiendaonline\/wp-content\/uploads\/2023\/01\/3752901.jpg\",\"contentUrl\":\"https:\/\/adl-regalosempresa.com\/tiendaonline\/wp-content\/uploads\/2023\/01\/3752901.jpg\",\"width\":1600,\"height\":1600,\"caption\":\"Chaqueta polar con cremallera entera reciclada GRS para hombre \\\"Amber\\\"\"},{\"@type\":\"BreadcrumbList\",\"@id\":\"https:\/\/adl-regalosempresa.com\/tiendaonline\/articulos\/merchandising\/chaqueta-polar-con-cremallera-entera-reciclada-grs-para-hombre-para-personalizar-con-logo\/#breadcrumb\",\"itemListElement\":[{\"@type\":\"ListItem\",\"position\":1,\"name\":\"Portada\",\"item\":\"https:\/\/adl-regalosempresa.com\/tiendaonline\/\"},{\"@type\":\"ListItem\",\"position\":2,\"name\":\"Tienda\",\"item\":\"https:\/\/adl-regalosempresa.com\/tiendaonline\/tienda\/\"},{\"@type\":\"ListItem\",\"position\":3,\"name\":\"Chaqueta polar con cremallera entera reciclada GRS para hombre para personalizar con logo\"}]},{\"@type\":\"WebSite\",\"@id\":\"https:\/\/adl-regalosempresa.com\/tiendaonline\/#website\",\"url\":\"https:\/\/adl-regalosempresa.com\/tiendaonline\/\",\"name\":\"ADL Comunicaci\u00f3n\",\"description\":\"Regalos de empresa\",\"publisher\":{\"@id\":\"https:\/\/adl-regalosempresa.com\/tiendaonline\/#organization\"},\"potentialAction\":[{\"@type\":\"SearchAction\",\"target\":{\"@type\":\"EntryPoint\",\"urlTemplate\":\"https:\/\/adl-regalosempresa.com\/tiendaonline\/?s={search_term_string}\"},\"query-input\":{\"@type\":\"PropertyValueSpecification\",\"valueRequired\":true,\"valueName\":\"search_term_string\"}}],\"inLanguage\":\"es\"},{\"@type\":\"Organization\",\"@id\":\"https:\/\/adl-regalosempresa.com\/tiendaonline\/#organization\",\"name\":\"ADL Comunicaci\u00f3n\",\"url\":\"https:\/\/adl-regalosempresa.com\/tiendaonline\/\",\"logo\":{\"@type\":\"ImageObject\",\"inLanguage\":\"es\",\"@id\":\"https:\/\/adl-regalosempresa.com\/tiendaonline\/#\/schema\/logo\/image\/\",\"url\":\"https:\/\/adl-regalosempresa.com\/tiendaonline\/wp-content\/uploads\/2017\/09\/logo-adl-wp.png\",\"contentUrl\":\"https:\/\/adl-regalosempresa.com\/tiendaonline\/wp-content\/uploads\/2017\/09\/logo-adl-wp.png\",\"width\":407,\"height\":185,\"caption\":\"ADL Comunicaci\u00f3n\"},\"image\":{\"@id\":\"https:\/\/adl-regalosempresa.com\/tiendaonline\/#\/schema\/logo\/image\/\"}}]}<\/script>\n<!-- \/ Yoast SEO plugin. -->","yoast_head_json":{"title":"Merchandising Chaqueta polar con cremallera entera reciclada GRS para hombre para personalizar con logo - ADL","description":"Art\u00edculo de merchandising Chaqueta polar con cremallera entera reciclada GRS para hombre \"Amber\". Forro polar con cremallera completa GRS reciclado para hombre Amber: la combinaci\u00f3n perfecta de estilo y funcionalidad. Esta chaqueta incorpora una cremallera frontal central reciclada GRS para un cierre moderno y duradero. La solapa cortavientos interior con protector de barbilla, proporciona una protecci\u00f3n adicional contra las inclemencias del tiempo. La chaqueta dispone de bolsillos delanteros con cierre en cremallera que permiten llevar lo esencial con toda seguridad y el bolsillo del pecho con cierre en cremallera le aporta estilo. Fabricada con poli\u00e9ster reciclado certificado GRS de 174 g\/m\u00b2, la chaqueta polar Amber es el equilibrio perfecto entre calidez y ligereza. Mejora tus aventuras al aire libre con esta extraordinaria chaqueta que encarna sofisticaci\u00f3n. La certificaci\u00f3n GRS garantiza una cadena de suministro 100% certificada, desde la materia prima hasta nuestras t\u00e9cnicas de impresi\u00f3n, lo que convierte a esta prenda en una elecci\u00f3n m\u00e1s sostenible.","robots":{"index":"index","follow":"follow","max-snippet":"max-snippet:-1","max-image-preview":"max-image-preview:large","max-video-preview":"max-video-preview:-1"},"canonical":"https:\/\/adl-regalosempresa.com\/tiendaonline\/articulos\/merchandising\/chaqueta-polar-con-cremallera-entera-reciclada-grs-para-hombre-para-personalizar-con-logo\/","og_locale":"es_ES","og_type":"article","og_title":"Merchandising Chaqueta polar con cremallera entera reciclada GRS para hombre para personalizar con logo - ADL","og_description":"Art\u00edculo de merchandising Chaqueta polar con cremallera entera reciclada GRS para hombre \"Amber\". Forro polar con cremallera completa GRS reciclado para hombre Amber: la combinaci\u00f3n perfecta de estilo y funcionalidad. Esta chaqueta incorpora una cremallera frontal central reciclada GRS para un cierre moderno y duradero. La solapa cortavientos interior con protector de barbilla, proporciona una protecci\u00f3n adicional contra las inclemencias del tiempo. La chaqueta dispone de bolsillos delanteros con cierre en cremallera que permiten llevar lo esencial con toda seguridad y el bolsillo del pecho con cierre en cremallera le aporta estilo. Fabricada con poli\u00e9ster reciclado certificado GRS de 174 g\/m\u00b2, la chaqueta polar Amber es el equilibrio perfecto entre calidez y ligereza. Mejora tus aventuras al aire libre con esta extraordinaria chaqueta que encarna sofisticaci\u00f3n. La certificaci\u00f3n GRS garantiza una cadena de suministro 100% certificada, desde la materia prima hasta nuestras t\u00e9cnicas de impresi\u00f3n, lo que convierte a esta prenda en una elecci\u00f3n m\u00e1s sostenible.","og_url":"https:\/\/adl-regalosempresa.com\/tiendaonline\/articulos\/merchandising\/chaqueta-polar-con-cremallera-entera-reciclada-grs-para-hombre-para-personalizar-con-logo\/","og_site_name":"ADL Comunicaci\u00f3n","article_modified_time":"2026-04-16T08:40:07+00:00","og_image":[{"width":1600,"height":1600,"url":"https:\/\/adl-regalosempresa.com\/tiendaonline\/wp-content\/uploads\/2023\/01\/3752901.jpg","type":"image\/jpeg"}],"twitter_card":"summary_large_image","twitter_title":"Merchandising Chaqueta polar con cremallera entera reciclada GRS para hombre para personalizar con logo - ADL","twitter_misc":{"Tiempo de lectura":"1 minuto"},"schema":{"@context":"https:\/\/schema.org","@graph":[{"@type":"WebPage","@id":"https:\/\/adl-regalosempresa.com\/tiendaonline\/articulos\/merchandising\/chaqueta-polar-con-cremallera-entera-reciclada-grs-para-hombre-para-personalizar-con-logo\/","url":"https:\/\/adl-regalosempresa.com\/tiendaonline\/articulos\/merchandising\/chaqueta-polar-con-cremallera-entera-reciclada-grs-para-hombre-para-personalizar-con-logo\/","name":"Merchandising Chaqueta polar con cremallera entera reciclada GRS para hombre para personalizar con logo - ADL","isPartOf":{"@id":"https:\/\/adl-regalosempresa.com\/tiendaonline\/#website"},"primaryImageOfPage":{"@id":"https:\/\/adl-regalosempresa.com\/tiendaonline\/articulos\/merchandising\/chaqueta-polar-con-cremallera-entera-reciclada-grs-para-hombre-para-personalizar-con-logo\/#primaryimage"},"image":{"@id":"https:\/\/adl-regalosempresa.com\/tiendaonline\/articulos\/merchandising\/chaqueta-polar-con-cremallera-entera-reciclada-grs-para-hombre-para-personalizar-con-logo\/#primaryimage"},"thumbnailUrl":"https:\/\/adl-regalosempresa.com\/tiendaonline\/wp-content\/uploads\/2023\/01\/3752901.jpg","datePublished":"2026-03-31T04:25:04+00:00","dateModified":"2026-04-16T08:40:07+00:00","description":"Art\u00edculo de merchandising Chaqueta polar con cremallera entera reciclada GRS para hombre \"Amber\". Forro polar con cremallera completa GRS reciclado para hombre Amber: la combinaci\u00f3n perfecta de estilo y funcionalidad. Esta chaqueta incorpora una cremallera frontal central reciclada GRS para un cierre moderno y duradero. La solapa cortavientos interior con protector de barbilla, proporciona una protecci\u00f3n adicional contra las inclemencias del tiempo. La chaqueta dispone de bolsillos delanteros con cierre en cremallera que permiten llevar lo esencial con toda seguridad y el bolsillo del pecho con cierre en cremallera le aporta estilo. Fabricada con poli\u00e9ster reciclado certificado GRS de 174 g\/m\u00b2, la chaqueta polar Amber es el equilibrio perfecto entre calidez y ligereza. Mejora tus aventuras al aire libre con esta extraordinaria chaqueta que encarna sofisticaci\u00f3n. La certificaci\u00f3n GRS garantiza una cadena de suministro 100% certificada, desde la materia prima hasta nuestras t\u00e9cnicas de impresi\u00f3n, lo que convierte a esta prenda en una elecci\u00f3n m\u00e1s sostenible.","breadcrumb":{"@id":"https:\/\/adl-regalosempresa.com\/tiendaonline\/articulos\/merchandising\/chaqueta-polar-con-cremallera-entera-reciclada-grs-para-hombre-para-personalizar-con-logo\/#breadcrumb"},"inLanguage":"es","potentialAction":[{"@type":"ReadAction","target":["https:\/\/adl-regalosempresa.com\/tiendaonline\/articulos\/merchandising\/chaqueta-polar-con-cremallera-entera-reciclada-grs-para-hombre-para-personalizar-con-logo\/"]}]},{"@type":"ImageObject","inLanguage":"es","@id":"https:\/\/adl-regalosempresa.com\/tiendaonline\/articulos\/merchandising\/chaqueta-polar-con-cremallera-entera-reciclada-grs-para-hombre-para-personalizar-con-logo\/#primaryimage","url":"https:\/\/adl-regalosempresa.com\/tiendaonline\/wp-content\/uploads\/2023\/01\/3752901.jpg","contentUrl":"https:\/\/adl-regalosempresa.com\/tiendaonline\/wp-content\/uploads\/2023\/01\/3752901.jpg","width":1600,"height":1600,"caption":"Chaqueta polar con cremallera entera reciclada GRS para hombre \"Amber\""},{"@type":"BreadcrumbList","@id":"https:\/\/adl-regalosempresa.com\/tiendaonline\/articulos\/merchandising\/chaqueta-polar-con-cremallera-entera-reciclada-grs-para-hombre-para-personalizar-con-logo\/#breadcrumb","itemListElement":[{"@type":"ListItem","position":1,"name":"Portada","item":"https:\/\/adl-regalosempresa.com\/tiendaonline\/"},{"@type":"ListItem","position":2,"name":"Tienda","item":"https:\/\/adl-regalosempresa.com\/tiendaonline\/tienda\/"},{"@type":"ListItem","position":3,"name":"Chaqueta polar con cremallera entera reciclada GRS para hombre para personalizar con logo"}]},{"@type":"WebSite","@id":"https:\/\/adl-regalosempresa.com\/tiendaonline\/#website","url":"https:\/\/adl-regalosempresa.com\/tiendaonline\/","name":"ADL Comunicaci\u00f3n","description":"Regalos de empresa","publisher":{"@id":"https:\/\/adl-regalosempresa.com\/tiendaonline\/#organization"},"potentialAction":[{"@type":"SearchAction","target":{"@type":"EntryPoint","urlTemplate":"https:\/\/adl-regalosempresa.com\/tiendaonline\/?s={search_term_string}"},"query-input":{"@type":"PropertyValueSpecification","valueRequired":true,"valueName":"search_term_string"}}],"inLanguage":"es"},{"@type":"Organization","@id":"https:\/\/adl-regalosempresa.com\/tiendaonline\/#organization","name":"ADL Comunicaci\u00f3n","url":"https:\/\/adl-regalosempresa.com\/tiendaonline\/","logo":{"@type":"ImageObject","inLanguage":"es","@id":"https:\/\/adl-regalosempresa.com\/tiendaonline\/#\/schema\/logo\/image\/","url":"https:\/\/adl-regalosempresa.com\/tiendaonline\/wp-content\/uploads\/2017\/09\/logo-adl-wp.png","contentUrl":"https:\/\/adl-regalosempresa.com\/tiendaonline\/wp-content\/uploads\/2017\/09\/logo-adl-wp.png","width":407,"height":185,"caption":"ADL Comunicaci\u00f3n"},"image":{"@id":"https:\/\/adl-regalosempresa.com\/tiendaonline\/#\/schema\/logo\/image\/"}}]}},"_links":{"self":[{"href":"https:\/\/adl-regalosempresa.com\/tiendaonline\/wp-json\/wp\/v2\/product\/119754","targetHints":{"allow":["GET"]}}],"collection":[{"href":"https:\/\/adl-regalosempresa.com\/tiendaonline\/wp-json\/wp\/v2\/product"}],"about":[{"href":"https:\/\/adl-regalosempresa.com\/tiendaonline\/wp-json\/wp\/v2\/types\/product"}],"wp:featuredmedia":[{"embeddable":true,"href":"https:\/\/adl-regalosempresa.com\/tiendaonline\/wp-json\/wp\/v2\/media\/119756"}],"wp:attachment":[{"href":"https:\/\/adl-regalosempresa.com\/tiendaonline\/wp-json\/wp\/v2\/media?parent=119754"}],"wp:term":[{"taxonomy":"product_brand","embeddable":true,"href":"https:\/\/adl-regalosempresa.com\/tiendaonline\/wp-json\/wp\/v2\/product_brand?post=119754"},{"taxonomy":"product_cat","embeddable":true,"href":"https:\/\/adl-regalosempresa.com\/tiendaonline\/wp-json\/wp\/v2\/product_cat?post=119754"},{"taxonomy":"product_tag","embeddable":true,"href":"https:\/\/adl-regalosempresa.com\/tiendaonline\/wp-json\/wp\/v2\/product_tag?post=119754"}],"curies":[{"name":"wp","href":"https:\/\/api.w.org\/{rel}","templated":true}]}}