{"id":119539,"date":"2026-03-26T05:15:21","date_gmt":"2026-03-26T05:15:21","guid":{"rendered":"https:\/\/adl-regalosempresa.com\/tiendaonline\/articulos\/merchandising\/chaqueta-unisex-ligera-grs-reciclada-para-personalizar-con-logo\/"},"modified":"2026-04-28T08:54:06","modified_gmt":"2026-04-28T08:54:06","slug":"chaqueta-unisex-ligera-grs-reciclada-para-personalizar-con-logo","status":"publish","type":"product","link":"https:\/\/adl-regalosempresa.com\/tiendaonline\/articulos\/merchandising\/chaqueta-unisex-ligera-grs-reciclada-para-personalizar-con-logo\/","title":{"rendered":"Chaqueta unisex ligera GRS reciclada  para personalizar con logo"},"content":{"rendered":"<p>La chaqueta circular ligera GRS reciclada unisex Kai: el producto con mayor impacto positivo en t\u00e9rminos de actuaci\u00f3n medioambiental. Todo empieza por un mejor dise\u00f1o: un dise\u00f1o con menor impacto medioambiental. La reducci\u00f3n media total del impacto que se ha conseguido con 1 chaqueta es la siguiente 22% de costes ecol\u00f3gicos, 17% de huella de carbono y 32% de CED. Confeccionada con tejido taslan 200T de 130 g\/m\u00b2 de nailon reciclado con certificaci\u00f3n GRS, la Kai es una chaqueta cl\u00e1sica ligera y totalmente sellada por las costuras para garantizar una mayor resistencia al agua. El mal tiempo apenas tiene posibilidades gracias a su protecci\u00f3n impermeable de 5.000 mm y la transpirabilidad de 5.000 g\/m\u00b2. Desarrollada con una cinturilla para un ajuste m\u00e1s favorecedor, cremalleras impermeables (incluidos los bolsillos), la chaqueta tambi\u00e9n se puede guardar en el bolsillo trasero interior inferior. Nuestra ropa Elevate est\u00e1 dise\u00f1ada para llevar tu marca, pero tambi\u00e9n somos conscientes de que un logotipo (de empresa) en la ropa puede reducir su vida \u00fatil. Por ello, la Kai se ha dise\u00f1ado con un logo extra\u00edble en la manga. La chaqueta puede recuperarse mediante un programa de devoluci\u00f3n que incluye un c\u00f3digo QR con informaci\u00f3n adicional.<\/p>\n","protected":false},"excerpt":{"rendered":"<p><strong>Descuentos por cantidades<\/strong><br \/>&#8211; a partir de 25 unidades: 116,42 \u20ac\/ud<br \/>&#8211; a partir de 50 unidades: 116,42 \u20ac\/ud<br \/>&#8211; a partir de 100 unidades: 114,26 \u20ac\/ud<\/p>\n<p>Para cantidades superiores a las aqu\u00ed indicadas, no dudes en ponerte en contacto con nuestro departamento comercial o <a href='https:\/\/adl-regalosempresa.com\/tiendaonline\/solicitud-presupuesto\/'>pedirnos presupuesto personalizado<\/a>, ajustaremos el presupuesto a tus necesidades.<\/p>\n","protected":false},"featured_media":121372,"template":"","meta":{"_kad_post_transparent":"","_kad_post_title":"","_kad_post_layout":"","_kad_post_sidebar_id":"","_kad_post_content_style":"","_kad_post_vertical_padding":"","_kad_post_feature":"","_kad_post_feature_position":"","_kad_post_header":false,"_kad_post_footer":false,"_kad_post_classname":""},"product_brand":[],"product_cat":[5423,3649],"product_tag":[],"class_list":{"0":"post-119539","1":"product","2":"type-product","3":"status-publish","4":"has-post-thumbnail","6":"product_cat-chaquetas-ropa","7":"product_cat-ropa","8":"pa_color-azul-marino","9":"pa_color-negro-intenso","10":"pa_color-simple-azul","11":"pa_color-simple-negro-intenso","12":"pa_genero-unisex","13":"pa_marca-elevate","14":"pa_material-200t-taslan-nylon-reciclado-con-certificacion-grs-130-g-m2-lining-210t-taffeta-nylon-reciclado-con-certificacion-grs-65-g-m2","15":"pa_peso-633-gr","16":"pa_talla-xxs","17":"pa_talla-xs","18":"pa_talla-s","19":"pa_talla-m","20":"pa_talla-l","21":"pa_talla-xl","22":"pa_talla-xxl","23":"pa_talla-3xl","25":"first","26":"instock","27":"taxable","28":"shipping-taxable","29":"purchasable","30":"product-type-variable","31":"entry","32":"content-bg","33":"loop-entry"},"yoast_head":"<!-- This site is optimized with the Yoast SEO plugin v26.3 - https:\/\/yoast.com\/wordpress\/plugins\/seo\/ -->\n<title>Merchandising Chaqueta unisex ligera GRS reciclada para personalizar con logo - ADL<\/title>\n<meta name=\"description\" content=\"Art\u00edculo de merchandising Chaqueta unisex ligera GRS reciclada &quot;Kai&quot;. La chaqueta circular ligera GRS reciclada unisex Kai: el producto con mayor impacto positivo en t\u00e9rminos de actuaci\u00f3n medioambiental. Todo empieza por un mejor dise\u00f1o: un dise\u00f1o con menor impacto medioambiental. La reducci\u00f3n media total del impacto que se ha conseguido con 1 chaqueta es la siguiente 22% de costes ecol\u00f3gicos, 17% de huella de carbono y 32% de CED. Confeccionada con tejido taslan 200T de 130 g\/m\u00b2 de nailon reciclado con certificaci\u00f3n GRS, la Kai es una chaqueta cl\u00e1sica ligera y totalmente sellada por las costuras para garantizar una mayor resistencia al agua. El mal tiempo apenas tiene posibilidades gracias a su protecci\u00f3n impermeable de 5.000 mm y la transpirabilidad de 5.000 g\/m\u00b2. Desarrollada con una cinturilla para un ajuste m\u00e1s favorecedor, cremalleras impermeables (incluidos los bolsillos), la chaqueta tambi\u00e9n se puede guardar en el bolsillo trasero interior inferior. Nuestra ropa Elevate est\u00e1 dise\u00f1ada para llevar tu marca, pero tambi\u00e9n somos conscientes de que un logotipo (de empresa) en la ropa puede reducir su vida \u00fatil. Por ello, la Kai se ha dise\u00f1ado con un logo extra\u00edble en la manga. La chaqueta puede recuperarse mediante un programa de devoluci\u00f3n que incluye un c\u00f3digo QR con informaci\u00f3n adicional.\" \/>\n<meta name=\"robots\" content=\"index, follow, max-snippet:-1, max-image-preview:large, max-video-preview:-1\" \/>\n<link rel=\"canonical\" href=\"https:\/\/adl-regalosempresa.com\/tiendaonline\/articulos\/merchandising\/chaqueta-unisex-ligera-grs-reciclada-para-personalizar-con-logo\/\" \/>\n<meta property=\"og:locale\" content=\"es_ES\" \/>\n<meta property=\"og:type\" content=\"article\" \/>\n<meta property=\"og:title\" content=\"Merchandising Chaqueta unisex ligera GRS reciclada para personalizar con logo - ADL\" \/>\n<meta property=\"og:description\" content=\"Art\u00edculo de merchandising Chaqueta unisex ligera GRS reciclada &quot;Kai&quot;. La chaqueta circular ligera GRS reciclada unisex Kai: el producto con mayor impacto positivo en t\u00e9rminos de actuaci\u00f3n medioambiental. Todo empieza por un mejor dise\u00f1o: un dise\u00f1o con menor impacto medioambiental. La reducci\u00f3n media total del impacto que se ha conseguido con 1 chaqueta es la siguiente 22% de costes ecol\u00f3gicos, 17% de huella de carbono y 32% de CED. Confeccionada con tejido taslan 200T de 130 g\/m\u00b2 de nailon reciclado con certificaci\u00f3n GRS, la Kai es una chaqueta cl\u00e1sica ligera y totalmente sellada por las costuras para garantizar una mayor resistencia al agua. El mal tiempo apenas tiene posibilidades gracias a su protecci\u00f3n impermeable de 5.000 mm y la transpirabilidad de 5.000 g\/m\u00b2. Desarrollada con una cinturilla para un ajuste m\u00e1s favorecedor, cremalleras impermeables (incluidos los bolsillos), la chaqueta tambi\u00e9n se puede guardar en el bolsillo trasero interior inferior. Nuestra ropa Elevate est\u00e1 dise\u00f1ada para llevar tu marca, pero tambi\u00e9n somos conscientes de que un logotipo (de empresa) en la ropa puede reducir su vida \u00fatil. Por ello, la Kai se ha dise\u00f1ado con un logo extra\u00edble en la manga. La chaqueta puede recuperarse mediante un programa de devoluci\u00f3n que incluye un c\u00f3digo QR con informaci\u00f3n adicional.\" \/>\n<meta property=\"og:url\" content=\"https:\/\/adl-regalosempresa.com\/tiendaonline\/articulos\/merchandising\/chaqueta-unisex-ligera-grs-reciclada-para-personalizar-con-logo\/\" \/>\n<meta property=\"og:site_name\" content=\"ADL Comunicaci\u00f3n\" \/>\n<meta property=\"article:modified_time\" content=\"2026-04-28T08:54:06+00:00\" \/>\n<meta property=\"og:image\" content=\"https:\/\/adl-regalosempresa.com\/tiendaonline\/wp-content\/uploads\/2023\/01\/3752655.jpg\" \/>\n\t<meta property=\"og:image:width\" content=\"1600\" \/>\n\t<meta property=\"og:image:height\" content=\"1600\" \/>\n\t<meta property=\"og:image:type\" content=\"image\/jpeg\" \/>\n<meta name=\"twitter:card\" content=\"summary_large_image\" \/>\n<meta name=\"twitter:title\" content=\"Merchandising Chaqueta unisex ligera GRS reciclada para personalizar con logo - ADL\" \/>\n<meta name=\"twitter:label1\" content=\"Tiempo de lectura\" \/>\n\t<meta name=\"twitter:data1\" content=\"1 minuto\" \/>\n<script type=\"application\/ld+json\" class=\"yoast-schema-graph\">{\"@context\":\"https:\/\/schema.org\",\"@graph\":[{\"@type\":\"WebPage\",\"@id\":\"https:\/\/adl-regalosempresa.com\/tiendaonline\/articulos\/merchandising\/chaqueta-unisex-ligera-grs-reciclada-para-personalizar-con-logo\/\",\"url\":\"https:\/\/adl-regalosempresa.com\/tiendaonline\/articulos\/merchandising\/chaqueta-unisex-ligera-grs-reciclada-para-personalizar-con-logo\/\",\"name\":\"Merchandising Chaqueta unisex ligera GRS reciclada para personalizar con logo - ADL\",\"isPartOf\":{\"@id\":\"https:\/\/adl-regalosempresa.com\/tiendaonline\/#website\"},\"primaryImageOfPage\":{\"@id\":\"https:\/\/adl-regalosempresa.com\/tiendaonline\/articulos\/merchandising\/chaqueta-unisex-ligera-grs-reciclada-para-personalizar-con-logo\/#primaryimage\"},\"image\":{\"@id\":\"https:\/\/adl-regalosempresa.com\/tiendaonline\/articulos\/merchandising\/chaqueta-unisex-ligera-grs-reciclada-para-personalizar-con-logo\/#primaryimage\"},\"thumbnailUrl\":\"https:\/\/adl-regalosempresa.com\/tiendaonline\/wp-content\/uploads\/2023\/01\/3752655.jpg\",\"datePublished\":\"2026-03-26T05:15:21+00:00\",\"dateModified\":\"2026-04-28T08:54:06+00:00\",\"description\":\"Art\u00edculo de merchandising Chaqueta unisex ligera GRS reciclada \\\"Kai\\\". La chaqueta circular ligera GRS reciclada unisex Kai: el producto con mayor impacto positivo en t\u00e9rminos de actuaci\u00f3n medioambiental. Todo empieza por un mejor dise\u00f1o: un dise\u00f1o con menor impacto medioambiental. La reducci\u00f3n media total del impacto que se ha conseguido con 1 chaqueta es la siguiente 22% de costes ecol\u00f3gicos, 17% de huella de carbono y 32% de CED. Confeccionada con tejido taslan 200T de 130 g\/m\u00b2 de nailon reciclado con certificaci\u00f3n GRS, la Kai es una chaqueta cl\u00e1sica ligera y totalmente sellada por las costuras para garantizar una mayor resistencia al agua. El mal tiempo apenas tiene posibilidades gracias a su protecci\u00f3n impermeable de 5.000 mm y la transpirabilidad de 5.000 g\/m\u00b2. Desarrollada con una cinturilla para un ajuste m\u00e1s favorecedor, cremalleras impermeables (incluidos los bolsillos), la chaqueta tambi\u00e9n se puede guardar en el bolsillo trasero interior inferior. Nuestra ropa Elevate est\u00e1 dise\u00f1ada para llevar tu marca, pero tambi\u00e9n somos conscientes de que un logotipo (de empresa) en la ropa puede reducir su vida \u00fatil. Por ello, la Kai se ha dise\u00f1ado con un logo extra\u00edble en la manga. La chaqueta puede recuperarse mediante un programa de devoluci\u00f3n que incluye un c\u00f3digo QR con informaci\u00f3n adicional.\",\"breadcrumb\":{\"@id\":\"https:\/\/adl-regalosempresa.com\/tiendaonline\/articulos\/merchandising\/chaqueta-unisex-ligera-grs-reciclada-para-personalizar-con-logo\/#breadcrumb\"},\"inLanguage\":\"es\",\"potentialAction\":[{\"@type\":\"ReadAction\",\"target\":[\"https:\/\/adl-regalosempresa.com\/tiendaonline\/articulos\/merchandising\/chaqueta-unisex-ligera-grs-reciclada-para-personalizar-con-logo\/\"]}]},{\"@type\":\"ImageObject\",\"inLanguage\":\"es\",\"@id\":\"https:\/\/adl-regalosempresa.com\/tiendaonline\/articulos\/merchandising\/chaqueta-unisex-ligera-grs-reciclada-para-personalizar-con-logo\/#primaryimage\",\"url\":\"https:\/\/adl-regalosempresa.com\/tiendaonline\/wp-content\/uploads\/2023\/01\/3752655.jpg\",\"contentUrl\":\"https:\/\/adl-regalosempresa.com\/tiendaonline\/wp-content\/uploads\/2023\/01\/3752655.jpg\",\"width\":1600,\"height\":1600,\"caption\":\"Chaqueta unisex ligera GRS reciclada \\\"Kai\\\"\"},{\"@type\":\"BreadcrumbList\",\"@id\":\"https:\/\/adl-regalosempresa.com\/tiendaonline\/articulos\/merchandising\/chaqueta-unisex-ligera-grs-reciclada-para-personalizar-con-logo\/#breadcrumb\",\"itemListElement\":[{\"@type\":\"ListItem\",\"position\":1,\"name\":\"Portada\",\"item\":\"https:\/\/adl-regalosempresa.com\/tiendaonline\/\"},{\"@type\":\"ListItem\",\"position\":2,\"name\":\"Tienda\",\"item\":\"https:\/\/adl-regalosempresa.com\/tiendaonline\/tienda\/\"},{\"@type\":\"ListItem\",\"position\":3,\"name\":\"Chaqueta unisex ligera GRS reciclada para personalizar con logo\"}]},{\"@type\":\"WebSite\",\"@id\":\"https:\/\/adl-regalosempresa.com\/tiendaonline\/#website\",\"url\":\"https:\/\/adl-regalosempresa.com\/tiendaonline\/\",\"name\":\"ADL Comunicaci\u00f3n\",\"description\":\"Regalos de empresa\",\"publisher\":{\"@id\":\"https:\/\/adl-regalosempresa.com\/tiendaonline\/#organization\"},\"potentialAction\":[{\"@type\":\"SearchAction\",\"target\":{\"@type\":\"EntryPoint\",\"urlTemplate\":\"https:\/\/adl-regalosempresa.com\/tiendaonline\/?s={search_term_string}\"},\"query-input\":{\"@type\":\"PropertyValueSpecification\",\"valueRequired\":true,\"valueName\":\"search_term_string\"}}],\"inLanguage\":\"es\"},{\"@type\":\"Organization\",\"@id\":\"https:\/\/adl-regalosempresa.com\/tiendaonline\/#organization\",\"name\":\"ADL Comunicaci\u00f3n\",\"url\":\"https:\/\/adl-regalosempresa.com\/tiendaonline\/\",\"logo\":{\"@type\":\"ImageObject\",\"inLanguage\":\"es\",\"@id\":\"https:\/\/adl-regalosempresa.com\/tiendaonline\/#\/schema\/logo\/image\/\",\"url\":\"https:\/\/adl-regalosempresa.com\/tiendaonline\/wp-content\/uploads\/2017\/09\/logo-adl-wp.png\",\"contentUrl\":\"https:\/\/adl-regalosempresa.com\/tiendaonline\/wp-content\/uploads\/2017\/09\/logo-adl-wp.png\",\"width\":407,\"height\":185,\"caption\":\"ADL Comunicaci\u00f3n\"},\"image\":{\"@id\":\"https:\/\/adl-regalosempresa.com\/tiendaonline\/#\/schema\/logo\/image\/\"}}]}<\/script>\n<!-- \/ Yoast SEO plugin. -->","yoast_head_json":{"title":"Merchandising Chaqueta unisex ligera GRS reciclada para personalizar con logo - ADL","description":"Art\u00edculo de merchandising Chaqueta unisex ligera GRS reciclada \"Kai\". La chaqueta circular ligera GRS reciclada unisex Kai: el producto con mayor impacto positivo en t\u00e9rminos de actuaci\u00f3n medioambiental. Todo empieza por un mejor dise\u00f1o: un dise\u00f1o con menor impacto medioambiental. La reducci\u00f3n media total del impacto que se ha conseguido con 1 chaqueta es la siguiente 22% de costes ecol\u00f3gicos, 17% de huella de carbono y 32% de CED. Confeccionada con tejido taslan 200T de 130 g\/m\u00b2 de nailon reciclado con certificaci\u00f3n GRS, la Kai es una chaqueta cl\u00e1sica ligera y totalmente sellada por las costuras para garantizar una mayor resistencia al agua. El mal tiempo apenas tiene posibilidades gracias a su protecci\u00f3n impermeable de 5.000 mm y la transpirabilidad de 5.000 g\/m\u00b2. Desarrollada con una cinturilla para un ajuste m\u00e1s favorecedor, cremalleras impermeables (incluidos los bolsillos), la chaqueta tambi\u00e9n se puede guardar en el bolsillo trasero interior inferior. Nuestra ropa Elevate est\u00e1 dise\u00f1ada para llevar tu marca, pero tambi\u00e9n somos conscientes de que un logotipo (de empresa) en la ropa puede reducir su vida \u00fatil. Por ello, la Kai se ha dise\u00f1ado con un logo extra\u00edble en la manga. La chaqueta puede recuperarse mediante un programa de devoluci\u00f3n que incluye un c\u00f3digo QR con informaci\u00f3n adicional.","robots":{"index":"index","follow":"follow","max-snippet":"max-snippet:-1","max-image-preview":"max-image-preview:large","max-video-preview":"max-video-preview:-1"},"canonical":"https:\/\/adl-regalosempresa.com\/tiendaonline\/articulos\/merchandising\/chaqueta-unisex-ligera-grs-reciclada-para-personalizar-con-logo\/","og_locale":"es_ES","og_type":"article","og_title":"Merchandising Chaqueta unisex ligera GRS reciclada para personalizar con logo - ADL","og_description":"Art\u00edculo de merchandising Chaqueta unisex ligera GRS reciclada \"Kai\". La chaqueta circular ligera GRS reciclada unisex Kai: el producto con mayor impacto positivo en t\u00e9rminos de actuaci\u00f3n medioambiental. Todo empieza por un mejor dise\u00f1o: un dise\u00f1o con menor impacto medioambiental. La reducci\u00f3n media total del impacto que se ha conseguido con 1 chaqueta es la siguiente 22% de costes ecol\u00f3gicos, 17% de huella de carbono y 32% de CED. Confeccionada con tejido taslan 200T de 130 g\/m\u00b2 de nailon reciclado con certificaci\u00f3n GRS, la Kai es una chaqueta cl\u00e1sica ligera y totalmente sellada por las costuras para garantizar una mayor resistencia al agua. El mal tiempo apenas tiene posibilidades gracias a su protecci\u00f3n impermeable de 5.000 mm y la transpirabilidad de 5.000 g\/m\u00b2. Desarrollada con una cinturilla para un ajuste m\u00e1s favorecedor, cremalleras impermeables (incluidos los bolsillos), la chaqueta tambi\u00e9n se puede guardar en el bolsillo trasero interior inferior. Nuestra ropa Elevate est\u00e1 dise\u00f1ada para llevar tu marca, pero tambi\u00e9n somos conscientes de que un logotipo (de empresa) en la ropa puede reducir su vida \u00fatil. Por ello, la Kai se ha dise\u00f1ado con un logo extra\u00edble en la manga. La chaqueta puede recuperarse mediante un programa de devoluci\u00f3n que incluye un c\u00f3digo QR con informaci\u00f3n adicional.","og_url":"https:\/\/adl-regalosempresa.com\/tiendaonline\/articulos\/merchandising\/chaqueta-unisex-ligera-grs-reciclada-para-personalizar-con-logo\/","og_site_name":"ADL Comunicaci\u00f3n","article_modified_time":"2026-04-28T08:54:06+00:00","og_image":[{"width":1600,"height":1600,"url":"https:\/\/adl-regalosempresa.com\/tiendaonline\/wp-content\/uploads\/2023\/01\/3752655.jpg","type":"image\/jpeg"}],"twitter_card":"summary_large_image","twitter_title":"Merchandising Chaqueta unisex ligera GRS reciclada para personalizar con logo - ADL","twitter_misc":{"Tiempo de lectura":"1 minuto"},"schema":{"@context":"https:\/\/schema.org","@graph":[{"@type":"WebPage","@id":"https:\/\/adl-regalosempresa.com\/tiendaonline\/articulos\/merchandising\/chaqueta-unisex-ligera-grs-reciclada-para-personalizar-con-logo\/","url":"https:\/\/adl-regalosempresa.com\/tiendaonline\/articulos\/merchandising\/chaqueta-unisex-ligera-grs-reciclada-para-personalizar-con-logo\/","name":"Merchandising Chaqueta unisex ligera GRS reciclada para personalizar con logo - ADL","isPartOf":{"@id":"https:\/\/adl-regalosempresa.com\/tiendaonline\/#website"},"primaryImageOfPage":{"@id":"https:\/\/adl-regalosempresa.com\/tiendaonline\/articulos\/merchandising\/chaqueta-unisex-ligera-grs-reciclada-para-personalizar-con-logo\/#primaryimage"},"image":{"@id":"https:\/\/adl-regalosempresa.com\/tiendaonline\/articulos\/merchandising\/chaqueta-unisex-ligera-grs-reciclada-para-personalizar-con-logo\/#primaryimage"},"thumbnailUrl":"https:\/\/adl-regalosempresa.com\/tiendaonline\/wp-content\/uploads\/2023\/01\/3752655.jpg","datePublished":"2026-03-26T05:15:21+00:00","dateModified":"2026-04-28T08:54:06+00:00","description":"Art\u00edculo de merchandising Chaqueta unisex ligera GRS reciclada \"Kai\". La chaqueta circular ligera GRS reciclada unisex Kai: el producto con mayor impacto positivo en t\u00e9rminos de actuaci\u00f3n medioambiental. Todo empieza por un mejor dise\u00f1o: un dise\u00f1o con menor impacto medioambiental. La reducci\u00f3n media total del impacto que se ha conseguido con 1 chaqueta es la siguiente 22% de costes ecol\u00f3gicos, 17% de huella de carbono y 32% de CED. Confeccionada con tejido taslan 200T de 130 g\/m\u00b2 de nailon reciclado con certificaci\u00f3n GRS, la Kai es una chaqueta cl\u00e1sica ligera y totalmente sellada por las costuras para garantizar una mayor resistencia al agua. El mal tiempo apenas tiene posibilidades gracias a su protecci\u00f3n impermeable de 5.000 mm y la transpirabilidad de 5.000 g\/m\u00b2. Desarrollada con una cinturilla para un ajuste m\u00e1s favorecedor, cremalleras impermeables (incluidos los bolsillos), la chaqueta tambi\u00e9n se puede guardar en el bolsillo trasero interior inferior. Nuestra ropa Elevate est\u00e1 dise\u00f1ada para llevar tu marca, pero tambi\u00e9n somos conscientes de que un logotipo (de empresa) en la ropa puede reducir su vida \u00fatil. Por ello, la Kai se ha dise\u00f1ado con un logo extra\u00edble en la manga. La chaqueta puede recuperarse mediante un programa de devoluci\u00f3n que incluye un c\u00f3digo QR con informaci\u00f3n adicional.","breadcrumb":{"@id":"https:\/\/adl-regalosempresa.com\/tiendaonline\/articulos\/merchandising\/chaqueta-unisex-ligera-grs-reciclada-para-personalizar-con-logo\/#breadcrumb"},"inLanguage":"es","potentialAction":[{"@type":"ReadAction","target":["https:\/\/adl-regalosempresa.com\/tiendaonline\/articulos\/merchandising\/chaqueta-unisex-ligera-grs-reciclada-para-personalizar-con-logo\/"]}]},{"@type":"ImageObject","inLanguage":"es","@id":"https:\/\/adl-regalosempresa.com\/tiendaonline\/articulos\/merchandising\/chaqueta-unisex-ligera-grs-reciclada-para-personalizar-con-logo\/#primaryimage","url":"https:\/\/adl-regalosempresa.com\/tiendaonline\/wp-content\/uploads\/2023\/01\/3752655.jpg","contentUrl":"https:\/\/adl-regalosempresa.com\/tiendaonline\/wp-content\/uploads\/2023\/01\/3752655.jpg","width":1600,"height":1600,"caption":"Chaqueta unisex ligera GRS reciclada \"Kai\""},{"@type":"BreadcrumbList","@id":"https:\/\/adl-regalosempresa.com\/tiendaonline\/articulos\/merchandising\/chaqueta-unisex-ligera-grs-reciclada-para-personalizar-con-logo\/#breadcrumb","itemListElement":[{"@type":"ListItem","position":1,"name":"Portada","item":"https:\/\/adl-regalosempresa.com\/tiendaonline\/"},{"@type":"ListItem","position":2,"name":"Tienda","item":"https:\/\/adl-regalosempresa.com\/tiendaonline\/tienda\/"},{"@type":"ListItem","position":3,"name":"Chaqueta unisex ligera GRS reciclada para personalizar con logo"}]},{"@type":"WebSite","@id":"https:\/\/adl-regalosempresa.com\/tiendaonline\/#website","url":"https:\/\/adl-regalosempresa.com\/tiendaonline\/","name":"ADL Comunicaci\u00f3n","description":"Regalos de empresa","publisher":{"@id":"https:\/\/adl-regalosempresa.com\/tiendaonline\/#organization"},"potentialAction":[{"@type":"SearchAction","target":{"@type":"EntryPoint","urlTemplate":"https:\/\/adl-regalosempresa.com\/tiendaonline\/?s={search_term_string}"},"query-input":{"@type":"PropertyValueSpecification","valueRequired":true,"valueName":"search_term_string"}}],"inLanguage":"es"},{"@type":"Organization","@id":"https:\/\/adl-regalosempresa.com\/tiendaonline\/#organization","name":"ADL Comunicaci\u00f3n","url":"https:\/\/adl-regalosempresa.com\/tiendaonline\/","logo":{"@type":"ImageObject","inLanguage":"es","@id":"https:\/\/adl-regalosempresa.com\/tiendaonline\/#\/schema\/logo\/image\/","url":"https:\/\/adl-regalosempresa.com\/tiendaonline\/wp-content\/uploads\/2017\/09\/logo-adl-wp.png","contentUrl":"https:\/\/adl-regalosempresa.com\/tiendaonline\/wp-content\/uploads\/2017\/09\/logo-adl-wp.png","width":407,"height":185,"caption":"ADL Comunicaci\u00f3n"},"image":{"@id":"https:\/\/adl-regalosempresa.com\/tiendaonline\/#\/schema\/logo\/image\/"}}]}},"_links":{"self":[{"href":"https:\/\/adl-regalosempresa.com\/tiendaonline\/wp-json\/wp\/v2\/product\/119539","targetHints":{"allow":["GET"]}}],"collection":[{"href":"https:\/\/adl-regalosempresa.com\/tiendaonline\/wp-json\/wp\/v2\/product"}],"about":[{"href":"https:\/\/adl-regalosempresa.com\/tiendaonline\/wp-json\/wp\/v2\/types\/product"}],"wp:featuredmedia":[{"embeddable":true,"href":"https:\/\/adl-regalosempresa.com\/tiendaonline\/wp-json\/wp\/v2\/media\/121372"}],"wp:attachment":[{"href":"https:\/\/adl-regalosempresa.com\/tiendaonline\/wp-json\/wp\/v2\/media?parent=119539"}],"wp:term":[{"taxonomy":"product_brand","embeddable":true,"href":"https:\/\/adl-regalosempresa.com\/tiendaonline\/wp-json\/wp\/v2\/product_brand?post=119539"},{"taxonomy":"product_cat","embeddable":true,"href":"https:\/\/adl-regalosempresa.com\/tiendaonline\/wp-json\/wp\/v2\/product_cat?post=119539"},{"taxonomy":"product_tag","embeddable":true,"href":"https:\/\/adl-regalosempresa.com\/tiendaonline\/wp-json\/wp\/v2\/product_tag?post=119539"}],"curies":[{"name":"wp","href":"https:\/\/api.w.org\/{rel}","templated":true}]}}