{"id":118880,"date":"2026-04-13T06:04:23","date_gmt":"2026-04-13T06:04:23","guid":{"rendered":"https:\/\/adl-regalosempresa.com\/tiendaonline\/articulos\/merchandising\/colgador-de-tpu-reflectante-en-forma-de-placa-para-personalizar-con-logo\/"},"modified":"2026-04-13T06:06:05","modified_gmt":"2026-04-13T06:06:05","slug":"colgante-de-tpu-reflectante-en-forma-de-placa-h-12-para-personalizar-con-logo","status":"publish","type":"product","link":"https:\/\/adl-regalosempresa.com\/tiendaonline\/articulos\/merchandising\/colgante-de-tpu-reflectante-en-forma-de-placa-h-12-para-personalizar-con-logo\/","title":{"rendered":"Colgante de TPU reflectante en forma de placa H-12  para personalizar con logo"},"content":{"rendered":"<p>Coloca f\u00e1cilmente este colgante reflectante a la ropa, bolsas u otros art\u00edculos de exterior para aumentar la visibilidad en la oscuridad. Al utilizar estos colgantes certificados, convertir\u00e1s la seguridad vial en una caracter\u00edstica de tu marca Los colgantes se suministran con un cordel blanco y una aguja de seguridad para facilitar el montaje. Disponibles en varias formas y tama\u00f1os, y en color blanco o amarillo. Incorporan una pel\u00edcula fluorescente RFX\u2122 reflectante blanda fabricada en PVC sin ftalatos o la opci\u00f3n m\u00e1s sostenible TPU.  Los materiales han sido probados de acuerdo con la lista de candidatos SVHC (Substances of Very High Concern) REACH y no contienen ftalatos. Las perchas han sido probadas y aprobadas por la CE de acuerdo con la norma EN 17353 Tipo B 1. Cada art\u00edculo se entrega con un cord\u00f3n de 10 cm y una aguja para llevarlo c\u00f3modamente en un bolso, chaqueta, etc. Se entrega junto con una hoja informativa en una bolsa de papel cristal, un material sostenible fabricado con pulpa de madera. Fabricado en Europa.<\/p>\n","protected":false},"excerpt":{"rendered":"<p><strong>Descuentos por cantidades<\/strong><br \/>&#8211; a partir de 500 unidades: 1,41 \u20ac\/ud<br \/>&#8211; a partir de 1000 unidades: 1,29 \u20ac\/ud<br \/>&#8211; a partir de 2500 unidades: 1,21 \u20ac\/ud<\/p>\n<p>Para cantidades superiores a las aqu\u00ed indicadas, no dudes en ponerte en contacto con nuestro departamento comercial o <a href='https:\/\/adl-regalosempresa.com\/tiendaonline\/solicitud-presupuesto\/'>pedirnos presupuesto personalizado<\/a>, ajustaremos el presupuesto a tus necesidades.<\/p>\n","protected":false},"featured_media":118882,"template":"","meta":{"_kad_post_transparent":"","_kad_post_title":"","_kad_post_layout":"","_kad_post_sidebar_id":"","_kad_post_content_style":"","_kad_post_vertical_padding":"","_kad_post_feature":"","_kad_post_feature_position":"","_kad_post_header":false,"_kad_post_footer":false,"_kad_post_classname":""},"product_brand":[],"product_cat":[4155,4154],"product_tag":[],"class_list":{"0":"post-118880","1":"product","2":"type-product","3":"status-publish","4":"has-post-thumbnail","6":"product_cat-articulos-reflectantes","7":"product_cat-herramientas-y-accesorios-del-automovil","8":"pa_ancho-7-cm","9":"pa_color-amarillo-neon","10":"pa_color-blanco","11":"pa_color-simple-amarillo","12":"pa_color-simple-blanco","13":"pa_largo-53-cm","14":"pa_marca-rfx","15":"pa_material-plastico-tpu","16":"pa_peso-4-gr","18":"first","19":"instock","20":"taxable","21":"shipping-taxable","22":"purchasable","23":"product-type-variable","24":"entry","25":"content-bg","26":"loop-entry"},"yoast_head":"<!-- This site is optimized with the Yoast SEO plugin v26.3 - https:\/\/yoast.com\/wordpress\/plugins\/seo\/ -->\n<title>Merchandising Colgante de TPU reflectante en forma de placa H-12 para personalizar con logo - ADL<\/title>\n<meta name=\"description\" content=\"Art\u00edculo de merchandising Colgante de TPU reflectante en forma de placa H-12 &quot;RFX\u2122&quot;. Coloca f\u00e1cilmente este colgante reflectante a la ropa, bolsas u otros art\u00edculos de exterior para aumentar la visibilidad en la oscuridad. Al utilizar estos colgantes certificados, convertir\u00e1s la seguridad vial en una caracter\u00edstica de tu marca Los colgantes se suministran con un cordel blanco y una aguja de seguridad para facilitar el montaje. Disponibles en varias formas y tama\u00f1os, y en color blanco o amarillo. Incorporan una pel\u00edcula fluorescente RFX\u2122 reflectante blanda fabricada en PVC sin ftalatos o la opci\u00f3n m\u00e1s sostenible TPU. Los materiales han sido probados de acuerdo con la lista de candidatos SVHC (Substances of Very High Concern) REACH y no contienen ftalatos. Las perchas han sido probadas y aprobadas por la CE de acuerdo con la norma EN 17353 Tipo B 1. Cada art\u00edculo se entrega con un cord\u00f3n de 10 cm y una aguja para llevarlo c\u00f3modamente en un bolso, chaqueta, etc. Se entrega junto con una hoja informativa en una bolsa de papel cristal, un material sostenible fabricado con pulpa de madera. Fabricado en Europa.\" \/>\n<meta name=\"robots\" content=\"index, follow, max-snippet:-1, max-image-preview:large, max-video-preview:-1\" \/>\n<link rel=\"canonical\" href=\"https:\/\/adl-regalosempresa.com\/tiendaonline\/articulos\/merchandising\/colgante-de-tpu-reflectante-en-forma-de-placa-h-12-para-personalizar-con-logo\/\" \/>\n<meta property=\"og:locale\" content=\"es_ES\" \/>\n<meta property=\"og:type\" content=\"article\" \/>\n<meta property=\"og:title\" content=\"Merchandising Colgante de TPU reflectante en forma de placa H-12 para personalizar con logo - ADL\" \/>\n<meta property=\"og:description\" content=\"Art\u00edculo de merchandising Colgante de TPU reflectante en forma de placa H-12 &quot;RFX\u2122&quot;. Coloca f\u00e1cilmente este colgante reflectante a la ropa, bolsas u otros art\u00edculos de exterior para aumentar la visibilidad en la oscuridad. Al utilizar estos colgantes certificados, convertir\u00e1s la seguridad vial en una caracter\u00edstica de tu marca Los colgantes se suministran con un cordel blanco y una aguja de seguridad para facilitar el montaje. Disponibles en varias formas y tama\u00f1os, y en color blanco o amarillo. Incorporan una pel\u00edcula fluorescente RFX\u2122 reflectante blanda fabricada en PVC sin ftalatos o la opci\u00f3n m\u00e1s sostenible TPU. Los materiales han sido probados de acuerdo con la lista de candidatos SVHC (Substances of Very High Concern) REACH y no contienen ftalatos. Las perchas han sido probadas y aprobadas por la CE de acuerdo con la norma EN 17353 Tipo B 1. Cada art\u00edculo se entrega con un cord\u00f3n de 10 cm y una aguja para llevarlo c\u00f3modamente en un bolso, chaqueta, etc. Se entrega junto con una hoja informativa en una bolsa de papel cristal, un material sostenible fabricado con pulpa de madera. Fabricado en Europa.\" \/>\n<meta property=\"og:url\" content=\"https:\/\/adl-regalosempresa.com\/tiendaonline\/articulos\/merchandising\/colgante-de-tpu-reflectante-en-forma-de-placa-h-12-para-personalizar-con-logo\/\" \/>\n<meta property=\"og:site_name\" content=\"ADL Comunicaci\u00f3n\" \/>\n<meta property=\"article:modified_time\" content=\"2026-04-13T06:06:05+00:00\" \/>\n<meta property=\"og:image\" content=\"https:\/\/adl-regalosempresa.com\/tiendaonline\/wp-content\/uploads\/2022\/09\/1PR10501.jpg\" \/>\n\t<meta property=\"og:image:width\" content=\"1600\" \/>\n\t<meta property=\"og:image:height\" content=\"1600\" \/>\n\t<meta property=\"og:image:type\" content=\"image\/jpeg\" \/>\n<meta name=\"twitter:card\" content=\"summary_large_image\" \/>\n<meta name=\"twitter:title\" content=\"Merchandising Colgante de TPU reflectante en forma de placa H-12 para personalizar con logo - ADL\" \/>\n<meta name=\"twitter:label1\" content=\"Tiempo de lectura\" \/>\n\t<meta name=\"twitter:data1\" content=\"1 minuto\" \/>\n<script type=\"application\/ld+json\" class=\"yoast-schema-graph\">{\"@context\":\"https:\/\/schema.org\",\"@graph\":[{\"@type\":\"WebPage\",\"@id\":\"https:\/\/adl-regalosempresa.com\/tiendaonline\/articulos\/merchandising\/colgante-de-tpu-reflectante-en-forma-de-placa-h-12-para-personalizar-con-logo\/\",\"url\":\"https:\/\/adl-regalosempresa.com\/tiendaonline\/articulos\/merchandising\/colgante-de-tpu-reflectante-en-forma-de-placa-h-12-para-personalizar-con-logo\/\",\"name\":\"Merchandising Colgante de TPU reflectante en forma de placa H-12 para personalizar con logo - ADL\",\"isPartOf\":{\"@id\":\"https:\/\/adl-regalosempresa.com\/tiendaonline\/#website\"},\"primaryImageOfPage\":{\"@id\":\"https:\/\/adl-regalosempresa.com\/tiendaonline\/articulos\/merchandising\/colgante-de-tpu-reflectante-en-forma-de-placa-h-12-para-personalizar-con-logo\/#primaryimage\"},\"image\":{\"@id\":\"https:\/\/adl-regalosempresa.com\/tiendaonline\/articulos\/merchandising\/colgante-de-tpu-reflectante-en-forma-de-placa-h-12-para-personalizar-con-logo\/#primaryimage\"},\"thumbnailUrl\":\"https:\/\/adl-regalosempresa.com\/tiendaonline\/wp-content\/uploads\/2022\/09\/1PR10501.jpg\",\"datePublished\":\"2026-04-13T06:04:23+00:00\",\"dateModified\":\"2026-04-13T06:06:05+00:00\",\"description\":\"Art\u00edculo de merchandising Colgante de TPU reflectante en forma de placa H-12 \\\"RFX\u2122\\\". Coloca f\u00e1cilmente este colgante reflectante a la ropa, bolsas u otros art\u00edculos de exterior para aumentar la visibilidad en la oscuridad. Al utilizar estos colgantes certificados, convertir\u00e1s la seguridad vial en una caracter\u00edstica de tu marca Los colgantes se suministran con un cordel blanco y una aguja de seguridad para facilitar el montaje. Disponibles en varias formas y tama\u00f1os, y en color blanco o amarillo. Incorporan una pel\u00edcula fluorescente RFX\u2122 reflectante blanda fabricada en PVC sin ftalatos o la opci\u00f3n m\u00e1s sostenible TPU. Los materiales han sido probados de acuerdo con la lista de candidatos SVHC (Substances of Very High Concern) REACH y no contienen ftalatos. Las perchas han sido probadas y aprobadas por la CE de acuerdo con la norma EN 17353 Tipo B 1. Cada art\u00edculo se entrega con un cord\u00f3n de 10 cm y una aguja para llevarlo c\u00f3modamente en un bolso, chaqueta, etc. Se entrega junto con una hoja informativa en una bolsa de papel cristal, un material sostenible fabricado con pulpa de madera. Fabricado en Europa.\",\"breadcrumb\":{\"@id\":\"https:\/\/adl-regalosempresa.com\/tiendaonline\/articulos\/merchandising\/colgante-de-tpu-reflectante-en-forma-de-placa-h-12-para-personalizar-con-logo\/#breadcrumb\"},\"inLanguage\":\"es\",\"potentialAction\":[{\"@type\":\"ReadAction\",\"target\":[\"https:\/\/adl-regalosempresa.com\/tiendaonline\/articulos\/merchandising\/colgante-de-tpu-reflectante-en-forma-de-placa-h-12-para-personalizar-con-logo\/\"]}]},{\"@type\":\"ImageObject\",\"inLanguage\":\"es\",\"@id\":\"https:\/\/adl-regalosempresa.com\/tiendaonline\/articulos\/merchandising\/colgante-de-tpu-reflectante-en-forma-de-placa-h-12-para-personalizar-con-logo\/#primaryimage\",\"url\":\"https:\/\/adl-regalosempresa.com\/tiendaonline\/wp-content\/uploads\/2022\/09\/1PR10501.jpg\",\"contentUrl\":\"https:\/\/adl-regalosempresa.com\/tiendaonline\/wp-content\/uploads\/2022\/09\/1PR10501.jpg\",\"width\":1600,\"height\":1600,\"caption\":\"Colgante de TPU reflectante en forma de placa H-12 \\\"RFX\u2122\\\"\"},{\"@type\":\"BreadcrumbList\",\"@id\":\"https:\/\/adl-regalosempresa.com\/tiendaonline\/articulos\/merchandising\/colgante-de-tpu-reflectante-en-forma-de-placa-h-12-para-personalizar-con-logo\/#breadcrumb\",\"itemListElement\":[{\"@type\":\"ListItem\",\"position\":1,\"name\":\"Portada\",\"item\":\"https:\/\/adl-regalosempresa.com\/tiendaonline\/\"},{\"@type\":\"ListItem\",\"position\":2,\"name\":\"Tienda\",\"item\":\"https:\/\/adl-regalosempresa.com\/tiendaonline\/tienda\/\"},{\"@type\":\"ListItem\",\"position\":3,\"name\":\"Colgante de TPU reflectante en forma de placa H-12 para personalizar con logo\"}]},{\"@type\":\"WebSite\",\"@id\":\"https:\/\/adl-regalosempresa.com\/tiendaonline\/#website\",\"url\":\"https:\/\/adl-regalosempresa.com\/tiendaonline\/\",\"name\":\"ADL Comunicaci\u00f3n\",\"description\":\"Regalos de empresa\",\"publisher\":{\"@id\":\"https:\/\/adl-regalosempresa.com\/tiendaonline\/#organization\"},\"potentialAction\":[{\"@type\":\"SearchAction\",\"target\":{\"@type\":\"EntryPoint\",\"urlTemplate\":\"https:\/\/adl-regalosempresa.com\/tiendaonline\/?s={search_term_string}\"},\"query-input\":{\"@type\":\"PropertyValueSpecification\",\"valueRequired\":true,\"valueName\":\"search_term_string\"}}],\"inLanguage\":\"es\"},{\"@type\":\"Organization\",\"@id\":\"https:\/\/adl-regalosempresa.com\/tiendaonline\/#organization\",\"name\":\"ADL Comunicaci\u00f3n\",\"url\":\"https:\/\/adl-regalosempresa.com\/tiendaonline\/\",\"logo\":{\"@type\":\"ImageObject\",\"inLanguage\":\"es\",\"@id\":\"https:\/\/adl-regalosempresa.com\/tiendaonline\/#\/schema\/logo\/image\/\",\"url\":\"https:\/\/adl-regalosempresa.com\/tiendaonline\/wp-content\/uploads\/2017\/09\/logo-adl-wp.png\",\"contentUrl\":\"https:\/\/adl-regalosempresa.com\/tiendaonline\/wp-content\/uploads\/2017\/09\/logo-adl-wp.png\",\"width\":407,\"height\":185,\"caption\":\"ADL Comunicaci\u00f3n\"},\"image\":{\"@id\":\"https:\/\/adl-regalosempresa.com\/tiendaonline\/#\/schema\/logo\/image\/\"}}]}<\/script>\n<!-- \/ Yoast SEO plugin. -->","yoast_head_json":{"title":"Merchandising Colgante de TPU reflectante en forma de placa H-12 para personalizar con logo - ADL","description":"Art\u00edculo de merchandising Colgante de TPU reflectante en forma de placa H-12 \"RFX\u2122\". Coloca f\u00e1cilmente este colgante reflectante a la ropa, bolsas u otros art\u00edculos de exterior para aumentar la visibilidad en la oscuridad. Al utilizar estos colgantes certificados, convertir\u00e1s la seguridad vial en una caracter\u00edstica de tu marca Los colgantes se suministran con un cordel blanco y una aguja de seguridad para facilitar el montaje. Disponibles en varias formas y tama\u00f1os, y en color blanco o amarillo. Incorporan una pel\u00edcula fluorescente RFX\u2122 reflectante blanda fabricada en PVC sin ftalatos o la opci\u00f3n m\u00e1s sostenible TPU. Los materiales han sido probados de acuerdo con la lista de candidatos SVHC (Substances of Very High Concern) REACH y no contienen ftalatos. Las perchas han sido probadas y aprobadas por la CE de acuerdo con la norma EN 17353 Tipo B 1. Cada art\u00edculo se entrega con un cord\u00f3n de 10 cm y una aguja para llevarlo c\u00f3modamente en un bolso, chaqueta, etc. Se entrega junto con una hoja informativa en una bolsa de papel cristal, un material sostenible fabricado con pulpa de madera. Fabricado en Europa.","robots":{"index":"index","follow":"follow","max-snippet":"max-snippet:-1","max-image-preview":"max-image-preview:large","max-video-preview":"max-video-preview:-1"},"canonical":"https:\/\/adl-regalosempresa.com\/tiendaonline\/articulos\/merchandising\/colgante-de-tpu-reflectante-en-forma-de-placa-h-12-para-personalizar-con-logo\/","og_locale":"es_ES","og_type":"article","og_title":"Merchandising Colgante de TPU reflectante en forma de placa H-12 para personalizar con logo - ADL","og_description":"Art\u00edculo de merchandising Colgante de TPU reflectante en forma de placa H-12 \"RFX\u2122\". Coloca f\u00e1cilmente este colgante reflectante a la ropa, bolsas u otros art\u00edculos de exterior para aumentar la visibilidad en la oscuridad. Al utilizar estos colgantes certificados, convertir\u00e1s la seguridad vial en una caracter\u00edstica de tu marca Los colgantes se suministran con un cordel blanco y una aguja de seguridad para facilitar el montaje. Disponibles en varias formas y tama\u00f1os, y en color blanco o amarillo. Incorporan una pel\u00edcula fluorescente RFX\u2122 reflectante blanda fabricada en PVC sin ftalatos o la opci\u00f3n m\u00e1s sostenible TPU. Los materiales han sido probados de acuerdo con la lista de candidatos SVHC (Substances of Very High Concern) REACH y no contienen ftalatos. Las perchas han sido probadas y aprobadas por la CE de acuerdo con la norma EN 17353 Tipo B 1. Cada art\u00edculo se entrega con un cord\u00f3n de 10 cm y una aguja para llevarlo c\u00f3modamente en un bolso, chaqueta, etc. Se entrega junto con una hoja informativa en una bolsa de papel cristal, un material sostenible fabricado con pulpa de madera. Fabricado en Europa.","og_url":"https:\/\/adl-regalosempresa.com\/tiendaonline\/articulos\/merchandising\/colgante-de-tpu-reflectante-en-forma-de-placa-h-12-para-personalizar-con-logo\/","og_site_name":"ADL Comunicaci\u00f3n","article_modified_time":"2026-04-13T06:06:05+00:00","og_image":[{"width":1600,"height":1600,"url":"https:\/\/adl-regalosempresa.com\/tiendaonline\/wp-content\/uploads\/2022\/09\/1PR10501.jpg","type":"image\/jpeg"}],"twitter_card":"summary_large_image","twitter_title":"Merchandising Colgante de TPU reflectante en forma de placa H-12 para personalizar con logo - ADL","twitter_misc":{"Tiempo de lectura":"1 minuto"},"schema":{"@context":"https:\/\/schema.org","@graph":[{"@type":"WebPage","@id":"https:\/\/adl-regalosempresa.com\/tiendaonline\/articulos\/merchandising\/colgante-de-tpu-reflectante-en-forma-de-placa-h-12-para-personalizar-con-logo\/","url":"https:\/\/adl-regalosempresa.com\/tiendaonline\/articulos\/merchandising\/colgante-de-tpu-reflectante-en-forma-de-placa-h-12-para-personalizar-con-logo\/","name":"Merchandising Colgante de TPU reflectante en forma de placa H-12 para personalizar con logo - ADL","isPartOf":{"@id":"https:\/\/adl-regalosempresa.com\/tiendaonline\/#website"},"primaryImageOfPage":{"@id":"https:\/\/adl-regalosempresa.com\/tiendaonline\/articulos\/merchandising\/colgante-de-tpu-reflectante-en-forma-de-placa-h-12-para-personalizar-con-logo\/#primaryimage"},"image":{"@id":"https:\/\/adl-regalosempresa.com\/tiendaonline\/articulos\/merchandising\/colgante-de-tpu-reflectante-en-forma-de-placa-h-12-para-personalizar-con-logo\/#primaryimage"},"thumbnailUrl":"https:\/\/adl-regalosempresa.com\/tiendaonline\/wp-content\/uploads\/2022\/09\/1PR10501.jpg","datePublished":"2026-04-13T06:04:23+00:00","dateModified":"2026-04-13T06:06:05+00:00","description":"Art\u00edculo de merchandising Colgante de TPU reflectante en forma de placa H-12 \"RFX\u2122\". Coloca f\u00e1cilmente este colgante reflectante a la ropa, bolsas u otros art\u00edculos de exterior para aumentar la visibilidad en la oscuridad. Al utilizar estos colgantes certificados, convertir\u00e1s la seguridad vial en una caracter\u00edstica de tu marca Los colgantes se suministran con un cordel blanco y una aguja de seguridad para facilitar el montaje. Disponibles en varias formas y tama\u00f1os, y en color blanco o amarillo. Incorporan una pel\u00edcula fluorescente RFX\u2122 reflectante blanda fabricada en PVC sin ftalatos o la opci\u00f3n m\u00e1s sostenible TPU. Los materiales han sido probados de acuerdo con la lista de candidatos SVHC (Substances of Very High Concern) REACH y no contienen ftalatos. Las perchas han sido probadas y aprobadas por la CE de acuerdo con la norma EN 17353 Tipo B 1. Cada art\u00edculo se entrega con un cord\u00f3n de 10 cm y una aguja para llevarlo c\u00f3modamente en un bolso, chaqueta, etc. Se entrega junto con una hoja informativa en una bolsa de papel cristal, un material sostenible fabricado con pulpa de madera. Fabricado en Europa.","breadcrumb":{"@id":"https:\/\/adl-regalosempresa.com\/tiendaonline\/articulos\/merchandising\/colgante-de-tpu-reflectante-en-forma-de-placa-h-12-para-personalizar-con-logo\/#breadcrumb"},"inLanguage":"es","potentialAction":[{"@type":"ReadAction","target":["https:\/\/adl-regalosempresa.com\/tiendaonline\/articulos\/merchandising\/colgante-de-tpu-reflectante-en-forma-de-placa-h-12-para-personalizar-con-logo\/"]}]},{"@type":"ImageObject","inLanguage":"es","@id":"https:\/\/adl-regalosempresa.com\/tiendaonline\/articulos\/merchandising\/colgante-de-tpu-reflectante-en-forma-de-placa-h-12-para-personalizar-con-logo\/#primaryimage","url":"https:\/\/adl-regalosempresa.com\/tiendaonline\/wp-content\/uploads\/2022\/09\/1PR10501.jpg","contentUrl":"https:\/\/adl-regalosempresa.com\/tiendaonline\/wp-content\/uploads\/2022\/09\/1PR10501.jpg","width":1600,"height":1600,"caption":"Colgante de TPU reflectante en forma de placa H-12 \"RFX\u2122\""},{"@type":"BreadcrumbList","@id":"https:\/\/adl-regalosempresa.com\/tiendaonline\/articulos\/merchandising\/colgante-de-tpu-reflectante-en-forma-de-placa-h-12-para-personalizar-con-logo\/#breadcrumb","itemListElement":[{"@type":"ListItem","position":1,"name":"Portada","item":"https:\/\/adl-regalosempresa.com\/tiendaonline\/"},{"@type":"ListItem","position":2,"name":"Tienda","item":"https:\/\/adl-regalosempresa.com\/tiendaonline\/tienda\/"},{"@type":"ListItem","position":3,"name":"Colgante de TPU reflectante en forma de placa H-12 para personalizar con logo"}]},{"@type":"WebSite","@id":"https:\/\/adl-regalosempresa.com\/tiendaonline\/#website","url":"https:\/\/adl-regalosempresa.com\/tiendaonline\/","name":"ADL Comunicaci\u00f3n","description":"Regalos de empresa","publisher":{"@id":"https:\/\/adl-regalosempresa.com\/tiendaonline\/#organization"},"potentialAction":[{"@type":"SearchAction","target":{"@type":"EntryPoint","urlTemplate":"https:\/\/adl-regalosempresa.com\/tiendaonline\/?s={search_term_string}"},"query-input":{"@type":"PropertyValueSpecification","valueRequired":true,"valueName":"search_term_string"}}],"inLanguage":"es"},{"@type":"Organization","@id":"https:\/\/adl-regalosempresa.com\/tiendaonline\/#organization","name":"ADL Comunicaci\u00f3n","url":"https:\/\/adl-regalosempresa.com\/tiendaonline\/","logo":{"@type":"ImageObject","inLanguage":"es","@id":"https:\/\/adl-regalosempresa.com\/tiendaonline\/#\/schema\/logo\/image\/","url":"https:\/\/adl-regalosempresa.com\/tiendaonline\/wp-content\/uploads\/2017\/09\/logo-adl-wp.png","contentUrl":"https:\/\/adl-regalosempresa.com\/tiendaonline\/wp-content\/uploads\/2017\/09\/logo-adl-wp.png","width":407,"height":185,"caption":"ADL Comunicaci\u00f3n"},"image":{"@id":"https:\/\/adl-regalosempresa.com\/tiendaonline\/#\/schema\/logo\/image\/"}}]}},"_links":{"self":[{"href":"https:\/\/adl-regalosempresa.com\/tiendaonline\/wp-json\/wp\/v2\/product\/118880","targetHints":{"allow":["GET"]}}],"collection":[{"href":"https:\/\/adl-regalosempresa.com\/tiendaonline\/wp-json\/wp\/v2\/product"}],"about":[{"href":"https:\/\/adl-regalosempresa.com\/tiendaonline\/wp-json\/wp\/v2\/types\/product"}],"wp:featuredmedia":[{"embeddable":true,"href":"https:\/\/adl-regalosempresa.com\/tiendaonline\/wp-json\/wp\/v2\/media\/118882"}],"wp:attachment":[{"href":"https:\/\/adl-regalosempresa.com\/tiendaonline\/wp-json\/wp\/v2\/media?parent=118880"}],"wp:term":[{"taxonomy":"product_brand","embeddable":true,"href":"https:\/\/adl-regalosempresa.com\/tiendaonline\/wp-json\/wp\/v2\/product_brand?post=118880"},{"taxonomy":"product_cat","embeddable":true,"href":"https:\/\/adl-regalosempresa.com\/tiendaonline\/wp-json\/wp\/v2\/product_cat?post=118880"},{"taxonomy":"product_tag","embeddable":true,"href":"https:\/\/adl-regalosempresa.com\/tiendaonline\/wp-json\/wp\/v2\/product_tag?post=118880"}],"curies":[{"name":"wp","href":"https:\/\/api.w.org\/{rel}","templated":true}]}}