{"id":118678,"date":"2026-03-31T06:08:41","date_gmt":"2026-03-31T06:08:41","guid":{"rendered":"https:\/\/adl-regalosempresa.com\/tiendaonline\/articulos\/merchandising\/cargador-inalambrico-magnetico-de-155w-scx-para-personalizar-con-logo\/"},"modified":"2026-03-31T06:10:09","modified_gmt":"2026-03-31T06:10:09","slug":"cargador-inalambrico-magnetico-de-155w-para-personalizar-con-logo","status":"publish","type":"product","link":"https:\/\/adl-regalosempresa.com\/tiendaonline\/articulos\/merchandising\/cargador-inalambrico-magnetico-de-155w-para-personalizar-con-logo\/","title":{"rendered":"Cargador inal\u00e1mbrico magn\u00e9tico de 15+5W  para personalizar con logo"},"content":{"rendered":"<p>Cargador inal\u00e1mbrico con logotipo iluminado magn\u00e9tico con 2 salidas de inducci\u00f3n separadas para cargar 2 dispositivos simult\u00e1neamente. La parte redonda es un cargador inal\u00e1mbrico magn\u00e9tico de 15\u00a0W. Para aprovechar la potencia de carga de 15\u00a0W, el cargador debe conectarse con el cable suministrado y a un adaptador de pared de al menos 20\u00a0W. La base est\u00e1 construida con una entrada y salida USB\u00a0C, as\u00ed como una salida de inducci\u00f3n de 5\u00a0W para cargar un estuche de auriculares (tipo AirPods). El cargador viene con una etiqueta magn\u00e9tica para garantizar la compatibilidad con todos los tel\u00e9fonos (el dispositivo debe admitir la inducci\u00f3n). Si el tel\u00e9fono no cuenta con la tecnolog\u00eda MagSafe (a partir del iPhone 12), se le puede acoplar la pegatina a la parte posterior para que sea compatible con el soporte magn\u00e9tico. Se entrega con un cable de carga fabricado con PET reciclado. Tama\u00f1o del cargador: 7 x 8 x 12,5\u00a0cm. Se presenta en una caja de regalo (11 x 10 x 12,5) con cierre magn\u00e9tico. Incluye una garant\u00eda de tres a\u00f1os.<\/p>\n","protected":false},"excerpt":{"rendered":"<p><strong>Descuentos por cantidades<\/strong><br \/>&#8211; a partir de 50 unidades: 47,65 \u20ac\/ud<br \/>&#8211; a partir de 100 unidades: 44,15 \u20ac\/ud<br \/>&#8211; a partir de 250 unidades: 42,93 \u20ac\/ud<\/p>\n<p>Para cantidades superiores a las aqu\u00ed indicadas, no dudes en ponerte en contacto con nuestro departamento comercial o <a href='https:\/\/adl-regalosempresa.com\/tiendaonline\/solicitud-presupuesto\/'>pedirnos presupuesto personalizado<\/a>, ajustaremos el presupuesto a tus necesidades.<\/p>\n","protected":false},"featured_media":118680,"template":"","meta":{"_kad_post_transparent":"","_kad_post_title":"","_kad_post_layout":"","_kad_post_sidebar_id":"","_kad_post_content_style":"","_kad_post_vertical_padding":"","_kad_post_feature":"","_kad_post_feature_position":"","_kad_post_header":false,"_kad_post_footer":false,"_kad_post_classname":""},"product_brand":[],"product_cat":[5104,486],"product_tag":[],"class_list":{"0":"post-118678","1":"product","2":"type-product","3":"status-publish","4":"has-post-thumbnail","6":"product_cat-cargadores-inalambricos","7":"product_cat-tecnologia","8":"pa_alto-125-cm","9":"pa_ancho-8-cm","10":"pa_color-negro-intenso","11":"pa_color-simple-negro-intenso","12":"pa_largo-7-cm","13":"pa_marca-scx-design","14":"pa_material-plastico-abs-aluminio-plastico-pet-reciclado","15":"pa_peso-160-gr","17":"first","18":"instock","19":"taxable","20":"shipping-taxable","21":"purchasable","22":"product-type-variable","23":"entry","24":"content-bg","25":"loop-entry"},"yoast_head":"<!-- This site is optimized with the Yoast SEO plugin v26.3 - https:\/\/yoast.com\/wordpress\/plugins\/seo\/ -->\n<title>Merchandising Cargador inal\u00e1mbrico magn\u00e9tico de 15+5W para personalizar con logo - ADL<\/title>\n<meta name=\"description\" content=\"Art\u00edculo de merchandising Cargador inal\u00e1mbrico magn\u00e9tico de 15+5W &quot;SCX.design W22&quot;. Cargador inal\u00e1mbrico con logotipo iluminado magn\u00e9tico con 2 salidas de inducci\u00f3n separadas para cargar 2 dispositivos simult\u00e1neamente. La parte redonda es un cargador inal\u00e1mbrico magn\u00e9tico de 15\u00a0W. Para aprovechar la potencia de carga de 15\u00a0W, el cargador debe conectarse con el cable suministrado y a un adaptador de pared de al menos 20\u00a0W. La base est\u00e1 construida con una entrada y salida USB\u00a0C, as\u00ed como una salida de inducci\u00f3n de 5\u00a0W para cargar un estuche de auriculares (tipo AirPods). El cargador viene con una etiqueta magn\u00e9tica para garantizar la compatibilidad con todos los tel\u00e9fonos (el dispositivo debe admitir la inducci\u00f3n). Si el tel\u00e9fono no cuenta con la tecnolog\u00eda MagSafe (a partir del iPhone 12), se le puede acoplar la pegatina a la parte posterior para que sea compatible con el soporte magn\u00e9tico. Se entrega con un cable de carga fabricado con PET reciclado. Tama\u00f1o del cargador: 7 x 8 x 12,5\u00a0cm. Se presenta en una caja de regalo (11 x 10 x 12,5) con cierre magn\u00e9tico. Incluye una garant\u00eda de tres a\u00f1os.\" \/>\n<meta name=\"robots\" content=\"index, follow, max-snippet:-1, max-image-preview:large, max-video-preview:-1\" \/>\n<link rel=\"canonical\" href=\"https:\/\/adl-regalosempresa.com\/tiendaonline\/articulos\/merchandising\/cargador-inalambrico-magnetico-de-155w-para-personalizar-con-logo\/\" \/>\n<meta property=\"og:locale\" content=\"es_ES\" \/>\n<meta property=\"og:type\" content=\"article\" \/>\n<meta property=\"og:title\" content=\"Merchandising Cargador inal\u00e1mbrico magn\u00e9tico de 15+5W para personalizar con logo - ADL\" \/>\n<meta property=\"og:description\" content=\"Art\u00edculo de merchandising Cargador inal\u00e1mbrico magn\u00e9tico de 15+5W &quot;SCX.design W22&quot;. Cargador inal\u00e1mbrico con logotipo iluminado magn\u00e9tico con 2 salidas de inducci\u00f3n separadas para cargar 2 dispositivos simult\u00e1neamente. La parte redonda es un cargador inal\u00e1mbrico magn\u00e9tico de 15\u00a0W. Para aprovechar la potencia de carga de 15\u00a0W, el cargador debe conectarse con el cable suministrado y a un adaptador de pared de al menos 20\u00a0W. La base est\u00e1 construida con una entrada y salida USB\u00a0C, as\u00ed como una salida de inducci\u00f3n de 5\u00a0W para cargar un estuche de auriculares (tipo AirPods). El cargador viene con una etiqueta magn\u00e9tica para garantizar la compatibilidad con todos los tel\u00e9fonos (el dispositivo debe admitir la inducci\u00f3n). Si el tel\u00e9fono no cuenta con la tecnolog\u00eda MagSafe (a partir del iPhone 12), se le puede acoplar la pegatina a la parte posterior para que sea compatible con el soporte magn\u00e9tico. Se entrega con un cable de carga fabricado con PET reciclado. Tama\u00f1o del cargador: 7 x 8 x 12,5\u00a0cm. Se presenta en una caja de regalo (11 x 10 x 12,5) con cierre magn\u00e9tico. Incluye una garant\u00eda de tres a\u00f1os.\" \/>\n<meta property=\"og:url\" content=\"https:\/\/adl-regalosempresa.com\/tiendaonline\/articulos\/merchandising\/cargador-inalambrico-magnetico-de-155w-para-personalizar-con-logo\/\" \/>\n<meta property=\"og:site_name\" content=\"ADL Comunicaci\u00f3n\" \/>\n<meta property=\"article:modified_time\" content=\"2026-03-31T06:10:09+00:00\" \/>\n<meta property=\"og:image\" content=\"https:\/\/adl-regalosempresa.com\/tiendaonline\/wp-content\/uploads\/2022\/09\/1PX10390.jpg\" \/>\n\t<meta property=\"og:image:width\" content=\"1600\" \/>\n\t<meta property=\"og:image:height\" content=\"1600\" \/>\n\t<meta property=\"og:image:type\" content=\"image\/jpeg\" \/>\n<meta name=\"twitter:card\" content=\"summary_large_image\" \/>\n<meta name=\"twitter:title\" content=\"Merchandising Cargador inal\u00e1mbrico magn\u00e9tico de 15+5W para personalizar con logo - ADL\" \/>\n<meta name=\"twitter:label1\" content=\"Tiempo de lectura\" \/>\n\t<meta name=\"twitter:data1\" content=\"1 minuto\" \/>\n<script type=\"application\/ld+json\" class=\"yoast-schema-graph\">{\"@context\":\"https:\/\/schema.org\",\"@graph\":[{\"@type\":\"WebPage\",\"@id\":\"https:\/\/adl-regalosempresa.com\/tiendaonline\/articulos\/merchandising\/cargador-inalambrico-magnetico-de-155w-para-personalizar-con-logo\/\",\"url\":\"https:\/\/adl-regalosempresa.com\/tiendaonline\/articulos\/merchandising\/cargador-inalambrico-magnetico-de-155w-para-personalizar-con-logo\/\",\"name\":\"Merchandising Cargador inal\u00e1mbrico magn\u00e9tico de 15+5W para personalizar con logo - ADL\",\"isPartOf\":{\"@id\":\"https:\/\/adl-regalosempresa.com\/tiendaonline\/#website\"},\"primaryImageOfPage\":{\"@id\":\"https:\/\/adl-regalosempresa.com\/tiendaonline\/articulos\/merchandising\/cargador-inalambrico-magnetico-de-155w-para-personalizar-con-logo\/#primaryimage\"},\"image\":{\"@id\":\"https:\/\/adl-regalosempresa.com\/tiendaonline\/articulos\/merchandising\/cargador-inalambrico-magnetico-de-155w-para-personalizar-con-logo\/#primaryimage\"},\"thumbnailUrl\":\"https:\/\/adl-regalosempresa.com\/tiendaonline\/wp-content\/uploads\/2022\/09\/1PX10390.jpg\",\"datePublished\":\"2026-03-31T06:08:41+00:00\",\"dateModified\":\"2026-03-31T06:10:09+00:00\",\"description\":\"Art\u00edculo de merchandising Cargador inal\u00e1mbrico magn\u00e9tico de 15+5W \\\"SCX.design W22\\\". Cargador inal\u00e1mbrico con logotipo iluminado magn\u00e9tico con 2 salidas de inducci\u00f3n separadas para cargar 2 dispositivos simult\u00e1neamente. La parte redonda es un cargador inal\u00e1mbrico magn\u00e9tico de 15\u00a0W. Para aprovechar la potencia de carga de 15\u00a0W, el cargador debe conectarse con el cable suministrado y a un adaptador de pared de al menos 20\u00a0W. La base est\u00e1 construida con una entrada y salida USB\u00a0C, as\u00ed como una salida de inducci\u00f3n de 5\u00a0W para cargar un estuche de auriculares (tipo AirPods). El cargador viene con una etiqueta magn\u00e9tica para garantizar la compatibilidad con todos los tel\u00e9fonos (el dispositivo debe admitir la inducci\u00f3n). Si el tel\u00e9fono no cuenta con la tecnolog\u00eda MagSafe (a partir del iPhone 12), se le puede acoplar la pegatina a la parte posterior para que sea compatible con el soporte magn\u00e9tico. Se entrega con un cable de carga fabricado con PET reciclado. Tama\u00f1o del cargador: 7 x 8 x 12,5\u00a0cm. Se presenta en una caja de regalo (11 x 10 x 12,5) con cierre magn\u00e9tico. Incluye una garant\u00eda de tres a\u00f1os.\",\"breadcrumb\":{\"@id\":\"https:\/\/adl-regalosempresa.com\/tiendaonline\/articulos\/merchandising\/cargador-inalambrico-magnetico-de-155w-para-personalizar-con-logo\/#breadcrumb\"},\"inLanguage\":\"es\",\"potentialAction\":[{\"@type\":\"ReadAction\",\"target\":[\"https:\/\/adl-regalosempresa.com\/tiendaonline\/articulos\/merchandising\/cargador-inalambrico-magnetico-de-155w-para-personalizar-con-logo\/\"]}]},{\"@type\":\"ImageObject\",\"inLanguage\":\"es\",\"@id\":\"https:\/\/adl-regalosempresa.com\/tiendaonline\/articulos\/merchandising\/cargador-inalambrico-magnetico-de-155w-para-personalizar-con-logo\/#primaryimage\",\"url\":\"https:\/\/adl-regalosempresa.com\/tiendaonline\/wp-content\/uploads\/2022\/09\/1PX10390.jpg\",\"contentUrl\":\"https:\/\/adl-regalosempresa.com\/tiendaonline\/wp-content\/uploads\/2022\/09\/1PX10390.jpg\",\"width\":1600,\"height\":1600,\"caption\":\"Cargador inal\u00e1mbrico magn\u00e9tico de 15+5W \\\"SCX.design W22\\\"\"},{\"@type\":\"BreadcrumbList\",\"@id\":\"https:\/\/adl-regalosempresa.com\/tiendaonline\/articulos\/merchandising\/cargador-inalambrico-magnetico-de-155w-para-personalizar-con-logo\/#breadcrumb\",\"itemListElement\":[{\"@type\":\"ListItem\",\"position\":1,\"name\":\"Portada\",\"item\":\"https:\/\/adl-regalosempresa.com\/tiendaonline\/\"},{\"@type\":\"ListItem\",\"position\":2,\"name\":\"Tienda\",\"item\":\"https:\/\/adl-regalosempresa.com\/tiendaonline\/tienda\/\"},{\"@type\":\"ListItem\",\"position\":3,\"name\":\"Cargador inal\u00e1mbrico magn\u00e9tico de 15+5W para personalizar con logo\"}]},{\"@type\":\"WebSite\",\"@id\":\"https:\/\/adl-regalosempresa.com\/tiendaonline\/#website\",\"url\":\"https:\/\/adl-regalosempresa.com\/tiendaonline\/\",\"name\":\"ADL Comunicaci\u00f3n\",\"description\":\"Regalos de empresa\",\"publisher\":{\"@id\":\"https:\/\/adl-regalosempresa.com\/tiendaonline\/#organization\"},\"potentialAction\":[{\"@type\":\"SearchAction\",\"target\":{\"@type\":\"EntryPoint\",\"urlTemplate\":\"https:\/\/adl-regalosempresa.com\/tiendaonline\/?s={search_term_string}\"},\"query-input\":{\"@type\":\"PropertyValueSpecification\",\"valueRequired\":true,\"valueName\":\"search_term_string\"}}],\"inLanguage\":\"es\"},{\"@type\":\"Organization\",\"@id\":\"https:\/\/adl-regalosempresa.com\/tiendaonline\/#organization\",\"name\":\"ADL Comunicaci\u00f3n\",\"url\":\"https:\/\/adl-regalosempresa.com\/tiendaonline\/\",\"logo\":{\"@type\":\"ImageObject\",\"inLanguage\":\"es\",\"@id\":\"https:\/\/adl-regalosempresa.com\/tiendaonline\/#\/schema\/logo\/image\/\",\"url\":\"https:\/\/adl-regalosempresa.com\/tiendaonline\/wp-content\/uploads\/2017\/09\/logo-adl-wp.png\",\"contentUrl\":\"https:\/\/adl-regalosempresa.com\/tiendaonline\/wp-content\/uploads\/2017\/09\/logo-adl-wp.png\",\"width\":407,\"height\":185,\"caption\":\"ADL Comunicaci\u00f3n\"},\"image\":{\"@id\":\"https:\/\/adl-regalosempresa.com\/tiendaonline\/#\/schema\/logo\/image\/\"}}]}<\/script>\n<!-- \/ Yoast SEO plugin. -->","yoast_head_json":{"title":"Merchandising Cargador inal\u00e1mbrico magn\u00e9tico de 15+5W para personalizar con logo - ADL","description":"Art\u00edculo de merchandising Cargador inal\u00e1mbrico magn\u00e9tico de 15+5W \"SCX.design W22\". Cargador inal\u00e1mbrico con logotipo iluminado magn\u00e9tico con 2 salidas de inducci\u00f3n separadas para cargar 2 dispositivos simult\u00e1neamente. La parte redonda es un cargador inal\u00e1mbrico magn\u00e9tico de 15\u00a0W. Para aprovechar la potencia de carga de 15\u00a0W, el cargador debe conectarse con el cable suministrado y a un adaptador de pared de al menos 20\u00a0W. La base est\u00e1 construida con una entrada y salida USB\u00a0C, as\u00ed como una salida de inducci\u00f3n de 5\u00a0W para cargar un estuche de auriculares (tipo AirPods). El cargador viene con una etiqueta magn\u00e9tica para garantizar la compatibilidad con todos los tel\u00e9fonos (el dispositivo debe admitir la inducci\u00f3n). Si el tel\u00e9fono no cuenta con la tecnolog\u00eda MagSafe (a partir del iPhone 12), se le puede acoplar la pegatina a la parte posterior para que sea compatible con el soporte magn\u00e9tico. Se entrega con un cable de carga fabricado con PET reciclado. Tama\u00f1o del cargador: 7 x 8 x 12,5\u00a0cm. Se presenta en una caja de regalo (11 x 10 x 12,5) con cierre magn\u00e9tico. Incluye una garant\u00eda de tres a\u00f1os.","robots":{"index":"index","follow":"follow","max-snippet":"max-snippet:-1","max-image-preview":"max-image-preview:large","max-video-preview":"max-video-preview:-1"},"canonical":"https:\/\/adl-regalosempresa.com\/tiendaonline\/articulos\/merchandising\/cargador-inalambrico-magnetico-de-155w-para-personalizar-con-logo\/","og_locale":"es_ES","og_type":"article","og_title":"Merchandising Cargador inal\u00e1mbrico magn\u00e9tico de 15+5W para personalizar con logo - ADL","og_description":"Art\u00edculo de merchandising Cargador inal\u00e1mbrico magn\u00e9tico de 15+5W \"SCX.design W22\". Cargador inal\u00e1mbrico con logotipo iluminado magn\u00e9tico con 2 salidas de inducci\u00f3n separadas para cargar 2 dispositivos simult\u00e1neamente. La parte redonda es un cargador inal\u00e1mbrico magn\u00e9tico de 15\u00a0W. Para aprovechar la potencia de carga de 15\u00a0W, el cargador debe conectarse con el cable suministrado y a un adaptador de pared de al menos 20\u00a0W. La base est\u00e1 construida con una entrada y salida USB\u00a0C, as\u00ed como una salida de inducci\u00f3n de 5\u00a0W para cargar un estuche de auriculares (tipo AirPods). El cargador viene con una etiqueta magn\u00e9tica para garantizar la compatibilidad con todos los tel\u00e9fonos (el dispositivo debe admitir la inducci\u00f3n). Si el tel\u00e9fono no cuenta con la tecnolog\u00eda MagSafe (a partir del iPhone 12), se le puede acoplar la pegatina a la parte posterior para que sea compatible con el soporte magn\u00e9tico. Se entrega con un cable de carga fabricado con PET reciclado. Tama\u00f1o del cargador: 7 x 8 x 12,5\u00a0cm. Se presenta en una caja de regalo (11 x 10 x 12,5) con cierre magn\u00e9tico. Incluye una garant\u00eda de tres a\u00f1os.","og_url":"https:\/\/adl-regalosempresa.com\/tiendaonline\/articulos\/merchandising\/cargador-inalambrico-magnetico-de-155w-para-personalizar-con-logo\/","og_site_name":"ADL Comunicaci\u00f3n","article_modified_time":"2026-03-31T06:10:09+00:00","og_image":[{"width":1600,"height":1600,"url":"https:\/\/adl-regalosempresa.com\/tiendaonline\/wp-content\/uploads\/2022\/09\/1PX10390.jpg","type":"image\/jpeg"}],"twitter_card":"summary_large_image","twitter_title":"Merchandising Cargador inal\u00e1mbrico magn\u00e9tico de 15+5W para personalizar con logo - ADL","twitter_misc":{"Tiempo de lectura":"1 minuto"},"schema":{"@context":"https:\/\/schema.org","@graph":[{"@type":"WebPage","@id":"https:\/\/adl-regalosempresa.com\/tiendaonline\/articulos\/merchandising\/cargador-inalambrico-magnetico-de-155w-para-personalizar-con-logo\/","url":"https:\/\/adl-regalosempresa.com\/tiendaonline\/articulos\/merchandising\/cargador-inalambrico-magnetico-de-155w-para-personalizar-con-logo\/","name":"Merchandising Cargador inal\u00e1mbrico magn\u00e9tico de 15+5W para personalizar con logo - ADL","isPartOf":{"@id":"https:\/\/adl-regalosempresa.com\/tiendaonline\/#website"},"primaryImageOfPage":{"@id":"https:\/\/adl-regalosempresa.com\/tiendaonline\/articulos\/merchandising\/cargador-inalambrico-magnetico-de-155w-para-personalizar-con-logo\/#primaryimage"},"image":{"@id":"https:\/\/adl-regalosempresa.com\/tiendaonline\/articulos\/merchandising\/cargador-inalambrico-magnetico-de-155w-para-personalizar-con-logo\/#primaryimage"},"thumbnailUrl":"https:\/\/adl-regalosempresa.com\/tiendaonline\/wp-content\/uploads\/2022\/09\/1PX10390.jpg","datePublished":"2026-03-31T06:08:41+00:00","dateModified":"2026-03-31T06:10:09+00:00","description":"Art\u00edculo de merchandising Cargador inal\u00e1mbrico magn\u00e9tico de 15+5W \"SCX.design W22\". Cargador inal\u00e1mbrico con logotipo iluminado magn\u00e9tico con 2 salidas de inducci\u00f3n separadas para cargar 2 dispositivos simult\u00e1neamente. La parte redonda es un cargador inal\u00e1mbrico magn\u00e9tico de 15\u00a0W. Para aprovechar la potencia de carga de 15\u00a0W, el cargador debe conectarse con el cable suministrado y a un adaptador de pared de al menos 20\u00a0W. La base est\u00e1 construida con una entrada y salida USB\u00a0C, as\u00ed como una salida de inducci\u00f3n de 5\u00a0W para cargar un estuche de auriculares (tipo AirPods). El cargador viene con una etiqueta magn\u00e9tica para garantizar la compatibilidad con todos los tel\u00e9fonos (el dispositivo debe admitir la inducci\u00f3n). Si el tel\u00e9fono no cuenta con la tecnolog\u00eda MagSafe (a partir del iPhone 12), se le puede acoplar la pegatina a la parte posterior para que sea compatible con el soporte magn\u00e9tico. Se entrega con un cable de carga fabricado con PET reciclado. Tama\u00f1o del cargador: 7 x 8 x 12,5\u00a0cm. Se presenta en una caja de regalo (11 x 10 x 12,5) con cierre magn\u00e9tico. Incluye una garant\u00eda de tres a\u00f1os.","breadcrumb":{"@id":"https:\/\/adl-regalosempresa.com\/tiendaonline\/articulos\/merchandising\/cargador-inalambrico-magnetico-de-155w-para-personalizar-con-logo\/#breadcrumb"},"inLanguage":"es","potentialAction":[{"@type":"ReadAction","target":["https:\/\/adl-regalosempresa.com\/tiendaonline\/articulos\/merchandising\/cargador-inalambrico-magnetico-de-155w-para-personalizar-con-logo\/"]}]},{"@type":"ImageObject","inLanguage":"es","@id":"https:\/\/adl-regalosempresa.com\/tiendaonline\/articulos\/merchandising\/cargador-inalambrico-magnetico-de-155w-para-personalizar-con-logo\/#primaryimage","url":"https:\/\/adl-regalosempresa.com\/tiendaonline\/wp-content\/uploads\/2022\/09\/1PX10390.jpg","contentUrl":"https:\/\/adl-regalosempresa.com\/tiendaonline\/wp-content\/uploads\/2022\/09\/1PX10390.jpg","width":1600,"height":1600,"caption":"Cargador inal\u00e1mbrico magn\u00e9tico de 15+5W \"SCX.design W22\""},{"@type":"BreadcrumbList","@id":"https:\/\/adl-regalosempresa.com\/tiendaonline\/articulos\/merchandising\/cargador-inalambrico-magnetico-de-155w-para-personalizar-con-logo\/#breadcrumb","itemListElement":[{"@type":"ListItem","position":1,"name":"Portada","item":"https:\/\/adl-regalosempresa.com\/tiendaonline\/"},{"@type":"ListItem","position":2,"name":"Tienda","item":"https:\/\/adl-regalosempresa.com\/tiendaonline\/tienda\/"},{"@type":"ListItem","position":3,"name":"Cargador inal\u00e1mbrico magn\u00e9tico de 15+5W para personalizar con logo"}]},{"@type":"WebSite","@id":"https:\/\/adl-regalosempresa.com\/tiendaonline\/#website","url":"https:\/\/adl-regalosempresa.com\/tiendaonline\/","name":"ADL Comunicaci\u00f3n","description":"Regalos de empresa","publisher":{"@id":"https:\/\/adl-regalosempresa.com\/tiendaonline\/#organization"},"potentialAction":[{"@type":"SearchAction","target":{"@type":"EntryPoint","urlTemplate":"https:\/\/adl-regalosempresa.com\/tiendaonline\/?s={search_term_string}"},"query-input":{"@type":"PropertyValueSpecification","valueRequired":true,"valueName":"search_term_string"}}],"inLanguage":"es"},{"@type":"Organization","@id":"https:\/\/adl-regalosempresa.com\/tiendaonline\/#organization","name":"ADL Comunicaci\u00f3n","url":"https:\/\/adl-regalosempresa.com\/tiendaonline\/","logo":{"@type":"ImageObject","inLanguage":"es","@id":"https:\/\/adl-regalosempresa.com\/tiendaonline\/#\/schema\/logo\/image\/","url":"https:\/\/adl-regalosempresa.com\/tiendaonline\/wp-content\/uploads\/2017\/09\/logo-adl-wp.png","contentUrl":"https:\/\/adl-regalosempresa.com\/tiendaonline\/wp-content\/uploads\/2017\/09\/logo-adl-wp.png","width":407,"height":185,"caption":"ADL Comunicaci\u00f3n"},"image":{"@id":"https:\/\/adl-regalosempresa.com\/tiendaonline\/#\/schema\/logo\/image\/"}}]}},"_links":{"self":[{"href":"https:\/\/adl-regalosempresa.com\/tiendaonline\/wp-json\/wp\/v2\/product\/118678","targetHints":{"allow":["GET"]}}],"collection":[{"href":"https:\/\/adl-regalosempresa.com\/tiendaonline\/wp-json\/wp\/v2\/product"}],"about":[{"href":"https:\/\/adl-regalosempresa.com\/tiendaonline\/wp-json\/wp\/v2\/types\/product"}],"wp:featuredmedia":[{"embeddable":true,"href":"https:\/\/adl-regalosempresa.com\/tiendaonline\/wp-json\/wp\/v2\/media\/118680"}],"wp:attachment":[{"href":"https:\/\/adl-regalosempresa.com\/tiendaonline\/wp-json\/wp\/v2\/media?parent=118678"}],"wp:term":[{"taxonomy":"product_brand","embeddable":true,"href":"https:\/\/adl-regalosempresa.com\/tiendaonline\/wp-json\/wp\/v2\/product_brand?post=118678"},{"taxonomy":"product_cat","embeddable":true,"href":"https:\/\/adl-regalosempresa.com\/tiendaonline\/wp-json\/wp\/v2\/product_cat?post=118678"},{"taxonomy":"product_tag","embeddable":true,"href":"https:\/\/adl-regalosempresa.com\/tiendaonline\/wp-json\/wp\/v2\/product_tag?post=118678"}],"curies":[{"name":"wp","href":"https:\/\/api.w.org\/{rel}","templated":true}]}}