{"id":118556,"date":"2026-03-31T06:08:22","date_gmt":"2026-03-31T06:08:22","guid":{"rendered":"https:\/\/adl-regalosempresa.com\/tiendaonline\/articulos\/merchandising\/tocadiscos-y-reproductor-de-lujo-prixton-para-personalizar-con-logo\/"},"modified":"2026-04-17T08:36:12","modified_gmt":"2026-04-17T08:36:12","slug":"tocadiscos-y-reproductor-de-lujo-prixton-para-personalizar-con-logo","status":"publish","type":"product","link":"https:\/\/adl-regalosempresa.com\/tiendaonline\/articulos\/merchandising\/tocadiscos-y-reproductor-de-lujo-prixton-para-personalizar-con-logo\/","title":{"rendered":"Tocadiscos y reproductor de lujo Prixton  para personalizar con logo"},"content":{"rendered":"<p>Tocadiscos reproductor de vinilos y conversor a formato digital a trav\u00e9s de USB y tarjeta SD. Tambi\u00e9n reproduce m\u00fasica mediante Bluetooth, USB, tarjeta SD y radio. El plato giratorio integra 2 potentes altavoces de 5\u00a0W cada uno para disfrutar de una gran calidad de sonido. Salida de audio RCA. Incluye un adaptador de 45\u00a0rpm para adaptarse al vinilo de diferentes tama\u00f1os. Dise\u00f1ado con cubierta antipolvo, superficie de grano de madera y funda de tela.<\/p>\n","protected":false},"excerpt":{"rendered":"<p><strong>Descuentos por cantidades<\/strong><br \/>&#8211; a partir de 2 unidades: 96,58 \u20ac\/ud<br \/>&#8211; a partir de 5 unidades: 89,57 \u20ac\/ud<br \/>&#8211; a partir de 10 unidades: 87,65 \u20ac\/ud<\/p>\n<p>Para cantidades superiores a las aqu\u00ed indicadas, no dudes en ponerte en contacto con nuestro departamento comercial o <a href='https:\/\/adl-regalosempresa.com\/tiendaonline\/solicitud-presupuesto\/'>pedirnos presupuesto personalizado<\/a>, ajustaremos el presupuesto a tus necesidades.<\/p>\n","protected":false},"featured_media":118558,"template":"","meta":{"_kad_post_transparent":"","_kad_post_title":"","_kad_post_layout":"","_kad_post_sidebar_id":"","_kad_post_content_style":"","_kad_post_vertical_padding":"","_kad_post_feature":"","_kad_post_feature_position":"","_kad_post_header":false,"_kad_post_footer":false,"_kad_post_classname":""},"product_brand":[],"product_cat":[4186,3519],"product_tag":[],"class_list":{"0":"post-118556","1":"product","2":"type-product","3":"status-publish","4":"has-post-thumbnail","6":"product_cat-accesorios-del-hogar","7":"product_cat-articulos-personalizados-hogar","8":"pa_alto-27-cm","9":"pa_ancho-123-cm","10":"pa_color-blanco","11":"pa_color-simple-blanco","12":"pa_largo-36-cm","13":"pa_marca-prixton","14":"pa_material-plastico","15":"pa_peso-2080-gr","17":"first","18":"instock","19":"taxable","20":"shipping-taxable","21":"purchasable","22":"product-type-variable","23":"entry","24":"content-bg","25":"loop-entry"},"yoast_head":"<!-- This site is optimized with the Yoast SEO plugin v26.3 - https:\/\/yoast.com\/wordpress\/plugins\/seo\/ -->\n<title>Merchandising Tocadiscos y reproductor de lujo Prixton para personalizar con logo - ADL<\/title>\n<meta name=\"description\" content=\"Art\u00edculo de merchandising Tocadiscos y reproductor de lujo Prixton &quot;Studio&quot;. Tocadiscos reproductor de vinilos y conversor a formato digital a trav\u00e9s de USB y tarjeta SD. Tambi\u00e9n reproduce m\u00fasica mediante Bluetooth, USB, tarjeta SD y radio. El plato giratorio integra 2 potentes altavoces de 5\u00a0W cada uno para disfrutar de una gran calidad de sonido. Salida de audio RCA. Incluye un adaptador de 45\u00a0rpm para adaptarse al vinilo de diferentes tama\u00f1os. Dise\u00f1ado con cubierta antipolvo, superficie de grano de madera y funda de tela.\" \/>\n<meta name=\"robots\" content=\"index, follow, max-snippet:-1, max-image-preview:large, max-video-preview:-1\" \/>\n<link rel=\"canonical\" href=\"https:\/\/adl-regalosempresa.com\/tiendaonline\/articulos\/merchandising\/tocadiscos-y-reproductor-de-lujo-prixton-para-personalizar-con-logo\/\" \/>\n<meta property=\"og:locale\" content=\"es_ES\" \/>\n<meta property=\"og:type\" content=\"article\" \/>\n<meta property=\"og:title\" content=\"Merchandising Tocadiscos y reproductor de lujo Prixton para personalizar con logo - ADL\" \/>\n<meta property=\"og:description\" content=\"Art\u00edculo de merchandising Tocadiscos y reproductor de lujo Prixton &quot;Studio&quot;. Tocadiscos reproductor de vinilos y conversor a formato digital a trav\u00e9s de USB y tarjeta SD. Tambi\u00e9n reproduce m\u00fasica mediante Bluetooth, USB, tarjeta SD y radio. El plato giratorio integra 2 potentes altavoces de 5\u00a0W cada uno para disfrutar de una gran calidad de sonido. Salida de audio RCA. Incluye un adaptador de 45\u00a0rpm para adaptarse al vinilo de diferentes tama\u00f1os. Dise\u00f1ado con cubierta antipolvo, superficie de grano de madera y funda de tela.\" \/>\n<meta property=\"og:url\" content=\"https:\/\/adl-regalosempresa.com\/tiendaonline\/articulos\/merchandising\/tocadiscos-y-reproductor-de-lujo-prixton-para-personalizar-con-logo\/\" \/>\n<meta property=\"og:site_name\" content=\"ADL Comunicaci\u00f3n\" \/>\n<meta property=\"article:modified_time\" content=\"2026-04-17T08:36:12+00:00\" \/>\n<meta property=\"og:image\" content=\"https:\/\/adl-regalosempresa.com\/tiendaonline\/wp-content\/uploads\/2022\/09\/1PA11601.jpg\" \/>\n\t<meta property=\"og:image:width\" content=\"1600\" \/>\n\t<meta property=\"og:image:height\" content=\"1600\" \/>\n\t<meta property=\"og:image:type\" content=\"image\/jpeg\" \/>\n<meta name=\"twitter:card\" content=\"summary_large_image\" \/>\n<meta name=\"twitter:title\" content=\"Merchandising Tocadiscos y reproductor de lujo Prixton para personalizar con logo - ADL\" \/>\n<script type=\"application\/ld+json\" class=\"yoast-schema-graph\">{\"@context\":\"https:\/\/schema.org\",\"@graph\":[{\"@type\":\"WebPage\",\"@id\":\"https:\/\/adl-regalosempresa.com\/tiendaonline\/articulos\/merchandising\/tocadiscos-y-reproductor-de-lujo-prixton-para-personalizar-con-logo\/\",\"url\":\"https:\/\/adl-regalosempresa.com\/tiendaonline\/articulos\/merchandising\/tocadiscos-y-reproductor-de-lujo-prixton-para-personalizar-con-logo\/\",\"name\":\"Merchandising Tocadiscos y reproductor de lujo Prixton para personalizar con logo - ADL\",\"isPartOf\":{\"@id\":\"https:\/\/adl-regalosempresa.com\/tiendaonline\/#website\"},\"primaryImageOfPage\":{\"@id\":\"https:\/\/adl-regalosempresa.com\/tiendaonline\/articulos\/merchandising\/tocadiscos-y-reproductor-de-lujo-prixton-para-personalizar-con-logo\/#primaryimage\"},\"image\":{\"@id\":\"https:\/\/adl-regalosempresa.com\/tiendaonline\/articulos\/merchandising\/tocadiscos-y-reproductor-de-lujo-prixton-para-personalizar-con-logo\/#primaryimage\"},\"thumbnailUrl\":\"https:\/\/adl-regalosempresa.com\/tiendaonline\/wp-content\/uploads\/2022\/09\/1PA11601.jpg\",\"datePublished\":\"2026-03-31T06:08:22+00:00\",\"dateModified\":\"2026-04-17T08:36:12+00:00\",\"description\":\"Art\u00edculo de merchandising Tocadiscos y reproductor de lujo Prixton \\\"Studio\\\". Tocadiscos reproductor de vinilos y conversor a formato digital a trav\u00e9s de USB y tarjeta SD. Tambi\u00e9n reproduce m\u00fasica mediante Bluetooth, USB, tarjeta SD y radio. El plato giratorio integra 2 potentes altavoces de 5\u00a0W cada uno para disfrutar de una gran calidad de sonido. Salida de audio RCA. Incluye un adaptador de 45\u00a0rpm para adaptarse al vinilo de diferentes tama\u00f1os. Dise\u00f1ado con cubierta antipolvo, superficie de grano de madera y funda de tela.\",\"breadcrumb\":{\"@id\":\"https:\/\/adl-regalosempresa.com\/tiendaonline\/articulos\/merchandising\/tocadiscos-y-reproductor-de-lujo-prixton-para-personalizar-con-logo\/#breadcrumb\"},\"inLanguage\":\"es\",\"potentialAction\":[{\"@type\":\"ReadAction\",\"target\":[\"https:\/\/adl-regalosempresa.com\/tiendaonline\/articulos\/merchandising\/tocadiscos-y-reproductor-de-lujo-prixton-para-personalizar-con-logo\/\"]}]},{\"@type\":\"ImageObject\",\"inLanguage\":\"es\",\"@id\":\"https:\/\/adl-regalosempresa.com\/tiendaonline\/articulos\/merchandising\/tocadiscos-y-reproductor-de-lujo-prixton-para-personalizar-con-logo\/#primaryimage\",\"url\":\"https:\/\/adl-regalosempresa.com\/tiendaonline\/wp-content\/uploads\/2022\/09\/1PA11601.jpg\",\"contentUrl\":\"https:\/\/adl-regalosempresa.com\/tiendaonline\/wp-content\/uploads\/2022\/09\/1PA11601.jpg\",\"width\":1600,\"height\":1600,\"caption\":\"Tocadiscos y reproductor de lujo Prixton \\\"Studio\\\"\"},{\"@type\":\"BreadcrumbList\",\"@id\":\"https:\/\/adl-regalosempresa.com\/tiendaonline\/articulos\/merchandising\/tocadiscos-y-reproductor-de-lujo-prixton-para-personalizar-con-logo\/#breadcrumb\",\"itemListElement\":[{\"@type\":\"ListItem\",\"position\":1,\"name\":\"Portada\",\"item\":\"https:\/\/adl-regalosempresa.com\/tiendaonline\/\"},{\"@type\":\"ListItem\",\"position\":2,\"name\":\"Tienda\",\"item\":\"https:\/\/adl-regalosempresa.com\/tiendaonline\/tienda\/\"},{\"@type\":\"ListItem\",\"position\":3,\"name\":\"Tocadiscos y reproductor de lujo Prixton para personalizar con logo\"}]},{\"@type\":\"WebSite\",\"@id\":\"https:\/\/adl-regalosempresa.com\/tiendaonline\/#website\",\"url\":\"https:\/\/adl-regalosempresa.com\/tiendaonline\/\",\"name\":\"ADL Comunicaci\u00f3n\",\"description\":\"Regalos de empresa\",\"publisher\":{\"@id\":\"https:\/\/adl-regalosempresa.com\/tiendaonline\/#organization\"},\"potentialAction\":[{\"@type\":\"SearchAction\",\"target\":{\"@type\":\"EntryPoint\",\"urlTemplate\":\"https:\/\/adl-regalosempresa.com\/tiendaonline\/?s={search_term_string}\"},\"query-input\":{\"@type\":\"PropertyValueSpecification\",\"valueRequired\":true,\"valueName\":\"search_term_string\"}}],\"inLanguage\":\"es\"},{\"@type\":\"Organization\",\"@id\":\"https:\/\/adl-regalosempresa.com\/tiendaonline\/#organization\",\"name\":\"ADL Comunicaci\u00f3n\",\"url\":\"https:\/\/adl-regalosempresa.com\/tiendaonline\/\",\"logo\":{\"@type\":\"ImageObject\",\"inLanguage\":\"es\",\"@id\":\"https:\/\/adl-regalosempresa.com\/tiendaonline\/#\/schema\/logo\/image\/\",\"url\":\"https:\/\/adl-regalosempresa.com\/tiendaonline\/wp-content\/uploads\/2017\/09\/logo-adl-wp.png\",\"contentUrl\":\"https:\/\/adl-regalosempresa.com\/tiendaonline\/wp-content\/uploads\/2017\/09\/logo-adl-wp.png\",\"width\":407,\"height\":185,\"caption\":\"ADL Comunicaci\u00f3n\"},\"image\":{\"@id\":\"https:\/\/adl-regalosempresa.com\/tiendaonline\/#\/schema\/logo\/image\/\"}}]}<\/script>\n<!-- \/ Yoast SEO plugin. -->","yoast_head_json":{"title":"Merchandising Tocadiscos y reproductor de lujo Prixton para personalizar con logo - ADL","description":"Art\u00edculo de merchandising Tocadiscos y reproductor de lujo Prixton \"Studio\". Tocadiscos reproductor de vinilos y conversor a formato digital a trav\u00e9s de USB y tarjeta SD. Tambi\u00e9n reproduce m\u00fasica mediante Bluetooth, USB, tarjeta SD y radio. El plato giratorio integra 2 potentes altavoces de 5\u00a0W cada uno para disfrutar de una gran calidad de sonido. Salida de audio RCA. Incluye un adaptador de 45\u00a0rpm para adaptarse al vinilo de diferentes tama\u00f1os. Dise\u00f1ado con cubierta antipolvo, superficie de grano de madera y funda de tela.","robots":{"index":"index","follow":"follow","max-snippet":"max-snippet:-1","max-image-preview":"max-image-preview:large","max-video-preview":"max-video-preview:-1"},"canonical":"https:\/\/adl-regalosempresa.com\/tiendaonline\/articulos\/merchandising\/tocadiscos-y-reproductor-de-lujo-prixton-para-personalizar-con-logo\/","og_locale":"es_ES","og_type":"article","og_title":"Merchandising Tocadiscos y reproductor de lujo Prixton para personalizar con logo - ADL","og_description":"Art\u00edculo de merchandising Tocadiscos y reproductor de lujo Prixton \"Studio\". Tocadiscos reproductor de vinilos y conversor a formato digital a trav\u00e9s de USB y tarjeta SD. Tambi\u00e9n reproduce m\u00fasica mediante Bluetooth, USB, tarjeta SD y radio. El plato giratorio integra 2 potentes altavoces de 5\u00a0W cada uno para disfrutar de una gran calidad de sonido. Salida de audio RCA. Incluye un adaptador de 45\u00a0rpm para adaptarse al vinilo de diferentes tama\u00f1os. Dise\u00f1ado con cubierta antipolvo, superficie de grano de madera y funda de tela.","og_url":"https:\/\/adl-regalosempresa.com\/tiendaonline\/articulos\/merchandising\/tocadiscos-y-reproductor-de-lujo-prixton-para-personalizar-con-logo\/","og_site_name":"ADL Comunicaci\u00f3n","article_modified_time":"2026-04-17T08:36:12+00:00","og_image":[{"width":1600,"height":1600,"url":"https:\/\/adl-regalosempresa.com\/tiendaonline\/wp-content\/uploads\/2022\/09\/1PA11601.jpg","type":"image\/jpeg"}],"twitter_card":"summary_large_image","twitter_title":"Merchandising Tocadiscos y reproductor de lujo Prixton para personalizar con logo - ADL","schema":{"@context":"https:\/\/schema.org","@graph":[{"@type":"WebPage","@id":"https:\/\/adl-regalosempresa.com\/tiendaonline\/articulos\/merchandising\/tocadiscos-y-reproductor-de-lujo-prixton-para-personalizar-con-logo\/","url":"https:\/\/adl-regalosempresa.com\/tiendaonline\/articulos\/merchandising\/tocadiscos-y-reproductor-de-lujo-prixton-para-personalizar-con-logo\/","name":"Merchandising Tocadiscos y reproductor de lujo Prixton para personalizar con logo - ADL","isPartOf":{"@id":"https:\/\/adl-regalosempresa.com\/tiendaonline\/#website"},"primaryImageOfPage":{"@id":"https:\/\/adl-regalosempresa.com\/tiendaonline\/articulos\/merchandising\/tocadiscos-y-reproductor-de-lujo-prixton-para-personalizar-con-logo\/#primaryimage"},"image":{"@id":"https:\/\/adl-regalosempresa.com\/tiendaonline\/articulos\/merchandising\/tocadiscos-y-reproductor-de-lujo-prixton-para-personalizar-con-logo\/#primaryimage"},"thumbnailUrl":"https:\/\/adl-regalosempresa.com\/tiendaonline\/wp-content\/uploads\/2022\/09\/1PA11601.jpg","datePublished":"2026-03-31T06:08:22+00:00","dateModified":"2026-04-17T08:36:12+00:00","description":"Art\u00edculo de merchandising Tocadiscos y reproductor de lujo Prixton \"Studio\". Tocadiscos reproductor de vinilos y conversor a formato digital a trav\u00e9s de USB y tarjeta SD. Tambi\u00e9n reproduce m\u00fasica mediante Bluetooth, USB, tarjeta SD y radio. El plato giratorio integra 2 potentes altavoces de 5\u00a0W cada uno para disfrutar de una gran calidad de sonido. Salida de audio RCA. Incluye un adaptador de 45\u00a0rpm para adaptarse al vinilo de diferentes tama\u00f1os. Dise\u00f1ado con cubierta antipolvo, superficie de grano de madera y funda de tela.","breadcrumb":{"@id":"https:\/\/adl-regalosempresa.com\/tiendaonline\/articulos\/merchandising\/tocadiscos-y-reproductor-de-lujo-prixton-para-personalizar-con-logo\/#breadcrumb"},"inLanguage":"es","potentialAction":[{"@type":"ReadAction","target":["https:\/\/adl-regalosempresa.com\/tiendaonline\/articulos\/merchandising\/tocadiscos-y-reproductor-de-lujo-prixton-para-personalizar-con-logo\/"]}]},{"@type":"ImageObject","inLanguage":"es","@id":"https:\/\/adl-regalosempresa.com\/tiendaonline\/articulos\/merchandising\/tocadiscos-y-reproductor-de-lujo-prixton-para-personalizar-con-logo\/#primaryimage","url":"https:\/\/adl-regalosempresa.com\/tiendaonline\/wp-content\/uploads\/2022\/09\/1PA11601.jpg","contentUrl":"https:\/\/adl-regalosempresa.com\/tiendaonline\/wp-content\/uploads\/2022\/09\/1PA11601.jpg","width":1600,"height":1600,"caption":"Tocadiscos y reproductor de lujo Prixton \"Studio\""},{"@type":"BreadcrumbList","@id":"https:\/\/adl-regalosempresa.com\/tiendaonline\/articulos\/merchandising\/tocadiscos-y-reproductor-de-lujo-prixton-para-personalizar-con-logo\/#breadcrumb","itemListElement":[{"@type":"ListItem","position":1,"name":"Portada","item":"https:\/\/adl-regalosempresa.com\/tiendaonline\/"},{"@type":"ListItem","position":2,"name":"Tienda","item":"https:\/\/adl-regalosempresa.com\/tiendaonline\/tienda\/"},{"@type":"ListItem","position":3,"name":"Tocadiscos y reproductor de lujo Prixton para personalizar con logo"}]},{"@type":"WebSite","@id":"https:\/\/adl-regalosempresa.com\/tiendaonline\/#website","url":"https:\/\/adl-regalosempresa.com\/tiendaonline\/","name":"ADL Comunicaci\u00f3n","description":"Regalos de empresa","publisher":{"@id":"https:\/\/adl-regalosempresa.com\/tiendaonline\/#organization"},"potentialAction":[{"@type":"SearchAction","target":{"@type":"EntryPoint","urlTemplate":"https:\/\/adl-regalosempresa.com\/tiendaonline\/?s={search_term_string}"},"query-input":{"@type":"PropertyValueSpecification","valueRequired":true,"valueName":"search_term_string"}}],"inLanguage":"es"},{"@type":"Organization","@id":"https:\/\/adl-regalosempresa.com\/tiendaonline\/#organization","name":"ADL Comunicaci\u00f3n","url":"https:\/\/adl-regalosempresa.com\/tiendaonline\/","logo":{"@type":"ImageObject","inLanguage":"es","@id":"https:\/\/adl-regalosempresa.com\/tiendaonline\/#\/schema\/logo\/image\/","url":"https:\/\/adl-regalosempresa.com\/tiendaonline\/wp-content\/uploads\/2017\/09\/logo-adl-wp.png","contentUrl":"https:\/\/adl-regalosempresa.com\/tiendaonline\/wp-content\/uploads\/2017\/09\/logo-adl-wp.png","width":407,"height":185,"caption":"ADL Comunicaci\u00f3n"},"image":{"@id":"https:\/\/adl-regalosempresa.com\/tiendaonline\/#\/schema\/logo\/image\/"}}]}},"_links":{"self":[{"href":"https:\/\/adl-regalosempresa.com\/tiendaonline\/wp-json\/wp\/v2\/product\/118556","targetHints":{"allow":["GET"]}}],"collection":[{"href":"https:\/\/adl-regalosempresa.com\/tiendaonline\/wp-json\/wp\/v2\/product"}],"about":[{"href":"https:\/\/adl-regalosempresa.com\/tiendaonline\/wp-json\/wp\/v2\/types\/product"}],"wp:featuredmedia":[{"embeddable":true,"href":"https:\/\/adl-regalosempresa.com\/tiendaonline\/wp-json\/wp\/v2\/media\/118558"}],"wp:attachment":[{"href":"https:\/\/adl-regalosempresa.com\/tiendaonline\/wp-json\/wp\/v2\/media?parent=118556"}],"wp:term":[{"taxonomy":"product_brand","embeddable":true,"href":"https:\/\/adl-regalosempresa.com\/tiendaonline\/wp-json\/wp\/v2\/product_brand?post=118556"},{"taxonomy":"product_cat","embeddable":true,"href":"https:\/\/adl-regalosempresa.com\/tiendaonline\/wp-json\/wp\/v2\/product_cat?post=118556"},{"taxonomy":"product_tag","embeddable":true,"href":"https:\/\/adl-regalosempresa.com\/tiendaonline\/wp-json\/wp\/v2\/product_tag?post=118556"}],"curies":[{"name":"wp","href":"https:\/\/api.w.org\/{rel}","templated":true}]}}