{"id":118205,"date":"2026-04-11T04:19:37","date_gmt":"2026-04-11T04:19:37","guid":{"rendered":"https:\/\/adl-regalosempresa.com\/tiendaonline\/articulos\/merchandising\/chaleco-de-plumon-con-aislamiento-para-mujer-para-personalizar-con-logo\/"},"modified":"2026-04-18T08:48:11","modified_gmt":"2026-04-18T08:48:11","slug":"chaleco-de-plumon-con-aislamiento-para-mujer-para-personalizar-con-logo","status":"publish","type":"product","link":"https:\/\/adl-regalosempresa.com\/tiendaonline\/articulos\/merchandising\/chaleco-de-plumon-con-aislamiento-para-mujer-para-personalizar-con-logo\/","title":{"rendered":"Chaleco de plum\u00f3n con aislamiento para mujer  para personalizar con logo"},"content":{"rendered":"<p>El chaleco aislante de plum\u00f3n Macin para mujer es una prenda vers\u00e1til y ecol\u00f3gica. Confeccionado en tejido pongee de poli\u00e9ster de doble capa 750T de 164 g\/m\u00b2. El tejido mate, combinado con el acolchado termosellado, confiere al chaleco un aspecto moderno al tiempo que mejora el aislamiento general. Apuesta por la conciencia ecol\u00f3gica con el aislamiento de plum\u00f3n reciclado certificado RDS, que proporciona calidez sin comprometer los est\u00e1ndares \u00e9ticos. Con una solapa interior impermeable, protector de barbilla y pu\u00f1os de canal\u00e9 el\u00e1stico de punto liso, este chaleco ofrece la m\u00e1xima protecci\u00f3n contra las inclemencias del tiempo. Los bolsillos delanteros con cierre de cremallera a\u00f1aden mayor comodidad y funcionalidad. Combina estilo y valores \u00e9ticos con el chaleco Macin, perfecto para cualquier aventura al aire libre o para el d\u00eda a d\u00eda. Este chaleco est\u00e1 dise\u00f1ado con un corte ajustado para un ajuste perfecto.<\/p>\n","protected":false},"excerpt":{"rendered":"<p><strong>Descuentos por cantidades<\/strong><br \/>&#8211; a partir de 5 unidades: 83,2 \u20ac\/ud<br \/>&#8211; a partir de 25 unidades: 83,2 \u20ac\/ud<br \/>&#8211; a partir de 50 unidades: 81,57 \u20ac\/ud<\/p>\n<p>Para cantidades superiores a las aqu\u00ed indicadas, no dudes en ponerte en contacto con nuestro departamento comercial o <a href='https:\/\/adl-regalosempresa.com\/tiendaonline\/solicitud-presupuesto\/'>pedirnos presupuesto personalizado<\/a>, ajustaremos el presupuesto a tus necesidades.<\/p>\n","protected":false},"featured_media":118207,"template":"","meta":{"_kad_post_transparent":"","_kad_post_title":"","_kad_post_layout":"","_kad_post_sidebar_id":"","_kad_post_content_style":"","_kad_post_vertical_padding":"","_kad_post_feature":"","_kad_post_feature_position":"","_kad_post_header":false,"_kad_post_footer":false,"_kad_post_classname":""},"product_brand":[],"product_cat":[5425,3649],"product_tag":[],"class_list":{"0":"post-118205","1":"product","2":"type-product","3":"status-publish","4":"has-post-thumbnail","6":"product_cat-chalecos","7":"product_cat-ropa","8":"pa_color-azul-marino","9":"pa_color-gris-tormenta","10":"pa_color-negro-intenso","11":"pa_color-simple-azul","12":"pa_color-simple-negro-intenso","13":"pa_genero-mujer","14":"pa_marca-elevate","15":"pa_material-pongee-tejido-750t-de-doble-capa-poliester-164-g-m2-padding-filling-down-insulation-responsible-down-standard-rds-plumon-reciclado-plumas-recicladas-115-g-m2","16":"pa_peso-393-gr","17":"pa_talla-2xl","18":"pa_talla-xs","19":"pa_talla-s","20":"pa_talla-m","21":"pa_talla-l","22":"pa_talla-xl","23":"pa_talla-xxl","25":"first","26":"instock","27":"taxable","28":"shipping-taxable","29":"purchasable","30":"product-type-variable","31":"entry","32":"content-bg","33":"loop-entry"},"yoast_head":"<!-- This site is optimized with the Yoast SEO plugin v26.3 - https:\/\/yoast.com\/wordpress\/plugins\/seo\/ -->\n<title>Merchandising Chaleco de plum\u00f3n con aislamiento para mujer para personalizar con logo - ADL<\/title>\n<meta name=\"description\" content=\"Art\u00edculo de merchandising Chaleco de plum\u00f3n con aislamiento para mujer &quot;Macin&quot;. El chaleco aislante de plum\u00f3n Macin para mujer es una prenda vers\u00e1til y ecol\u00f3gica. Confeccionado en tejido pongee de poli\u00e9ster de doble capa 750T de 164 g\/m\u00b2. El tejido mate, combinado con el acolchado termosellado, confiere al chaleco un aspecto moderno al tiempo que mejora el aislamiento general. Apuesta por la conciencia ecol\u00f3gica con el aislamiento de plum\u00f3n reciclado certificado RDS, que proporciona calidez sin comprometer los est\u00e1ndares \u00e9ticos. Con una solapa interior impermeable, protector de barbilla y pu\u00f1os de canal\u00e9 el\u00e1stico de punto liso, este chaleco ofrece la m\u00e1xima protecci\u00f3n contra las inclemencias del tiempo. Los bolsillos delanteros con cierre de cremallera a\u00f1aden mayor comodidad y funcionalidad. Combina estilo y valores \u00e9ticos con el chaleco Macin, perfecto para cualquier aventura al aire libre o para el d\u00eda a d\u00eda. Este chaleco est\u00e1 dise\u00f1ado con un corte ajustado para un ajuste perfecto.\" \/>\n<meta name=\"robots\" content=\"index, follow, max-snippet:-1, max-image-preview:large, max-video-preview:-1\" \/>\n<link rel=\"canonical\" href=\"https:\/\/adl-regalosempresa.com\/tiendaonline\/articulos\/merchandising\/chaleco-de-plumon-con-aislamiento-para-mujer-para-personalizar-con-logo\/\" \/>\n<meta property=\"og:locale\" content=\"es_ES\" \/>\n<meta property=\"og:type\" content=\"article\" \/>\n<meta property=\"og:title\" content=\"Merchandising Chaleco de plum\u00f3n con aislamiento para mujer para personalizar con logo - ADL\" \/>\n<meta property=\"og:description\" content=\"Art\u00edculo de merchandising Chaleco de plum\u00f3n con aislamiento para mujer &quot;Macin&quot;. El chaleco aislante de plum\u00f3n Macin para mujer es una prenda vers\u00e1til y ecol\u00f3gica. Confeccionado en tejido pongee de poli\u00e9ster de doble capa 750T de 164 g\/m\u00b2. El tejido mate, combinado con el acolchado termosellado, confiere al chaleco un aspecto moderno al tiempo que mejora el aislamiento general. Apuesta por la conciencia ecol\u00f3gica con el aislamiento de plum\u00f3n reciclado certificado RDS, que proporciona calidez sin comprometer los est\u00e1ndares \u00e9ticos. Con una solapa interior impermeable, protector de barbilla y pu\u00f1os de canal\u00e9 el\u00e1stico de punto liso, este chaleco ofrece la m\u00e1xima protecci\u00f3n contra las inclemencias del tiempo. Los bolsillos delanteros con cierre de cremallera a\u00f1aden mayor comodidad y funcionalidad. Combina estilo y valores \u00e9ticos con el chaleco Macin, perfecto para cualquier aventura al aire libre o para el d\u00eda a d\u00eda. Este chaleco est\u00e1 dise\u00f1ado con un corte ajustado para un ajuste perfecto.\" \/>\n<meta property=\"og:url\" content=\"https:\/\/adl-regalosempresa.com\/tiendaonline\/articulos\/merchandising\/chaleco-de-plumon-con-aislamiento-para-mujer-para-personalizar-con-logo\/\" \/>\n<meta property=\"og:site_name\" content=\"ADL Comunicaci\u00f3n\" \/>\n<meta property=\"article:modified_time\" content=\"2026-04-18T08:48:11+00:00\" \/>\n<meta property=\"og:image\" content=\"https:\/\/adl-regalosempresa.com\/tiendaonline\/wp-content\/uploads\/2022\/09\/3943655.jpg\" \/>\n\t<meta property=\"og:image:width\" content=\"1600\" \/>\n\t<meta property=\"og:image:height\" content=\"1600\" \/>\n\t<meta property=\"og:image:type\" content=\"image\/jpeg\" \/>\n<meta name=\"twitter:card\" content=\"summary_large_image\" \/>\n<meta name=\"twitter:title\" content=\"Merchandising Chaleco de plum\u00f3n con aislamiento para mujer para personalizar con logo - ADL\" \/>\n<meta name=\"twitter:label1\" content=\"Tiempo de lectura\" \/>\n\t<meta name=\"twitter:data1\" content=\"1 minuto\" \/>\n<script type=\"application\/ld+json\" class=\"yoast-schema-graph\">{\"@context\":\"https:\/\/schema.org\",\"@graph\":[{\"@type\":\"WebPage\",\"@id\":\"https:\/\/adl-regalosempresa.com\/tiendaonline\/articulos\/merchandising\/chaleco-de-plumon-con-aislamiento-para-mujer-para-personalizar-con-logo\/\",\"url\":\"https:\/\/adl-regalosempresa.com\/tiendaonline\/articulos\/merchandising\/chaleco-de-plumon-con-aislamiento-para-mujer-para-personalizar-con-logo\/\",\"name\":\"Merchandising Chaleco de plum\u00f3n con aislamiento para mujer para personalizar con logo - ADL\",\"isPartOf\":{\"@id\":\"https:\/\/adl-regalosempresa.com\/tiendaonline\/#website\"},\"primaryImageOfPage\":{\"@id\":\"https:\/\/adl-regalosempresa.com\/tiendaonline\/articulos\/merchandising\/chaleco-de-plumon-con-aislamiento-para-mujer-para-personalizar-con-logo\/#primaryimage\"},\"image\":{\"@id\":\"https:\/\/adl-regalosempresa.com\/tiendaonline\/articulos\/merchandising\/chaleco-de-plumon-con-aislamiento-para-mujer-para-personalizar-con-logo\/#primaryimage\"},\"thumbnailUrl\":\"https:\/\/adl-regalosempresa.com\/tiendaonline\/wp-content\/uploads\/2022\/09\/3943655.jpg\",\"datePublished\":\"2026-04-11T04:19:37+00:00\",\"dateModified\":\"2026-04-18T08:48:11+00:00\",\"description\":\"Art\u00edculo de merchandising Chaleco de plum\u00f3n con aislamiento para mujer \\\"Macin\\\". El chaleco aislante de plum\u00f3n Macin para mujer es una prenda vers\u00e1til y ecol\u00f3gica. Confeccionado en tejido pongee de poli\u00e9ster de doble capa 750T de 164 g\/m\u00b2. El tejido mate, combinado con el acolchado termosellado, confiere al chaleco un aspecto moderno al tiempo que mejora el aislamiento general. Apuesta por la conciencia ecol\u00f3gica con el aislamiento de plum\u00f3n reciclado certificado RDS, que proporciona calidez sin comprometer los est\u00e1ndares \u00e9ticos. Con una solapa interior impermeable, protector de barbilla y pu\u00f1os de canal\u00e9 el\u00e1stico de punto liso, este chaleco ofrece la m\u00e1xima protecci\u00f3n contra las inclemencias del tiempo. Los bolsillos delanteros con cierre de cremallera a\u00f1aden mayor comodidad y funcionalidad. Combina estilo y valores \u00e9ticos con el chaleco Macin, perfecto para cualquier aventura al aire libre o para el d\u00eda a d\u00eda. Este chaleco est\u00e1 dise\u00f1ado con un corte ajustado para un ajuste perfecto.\",\"breadcrumb\":{\"@id\":\"https:\/\/adl-regalosempresa.com\/tiendaonline\/articulos\/merchandising\/chaleco-de-plumon-con-aislamiento-para-mujer-para-personalizar-con-logo\/#breadcrumb\"},\"inLanguage\":\"es\",\"potentialAction\":[{\"@type\":\"ReadAction\",\"target\":[\"https:\/\/adl-regalosempresa.com\/tiendaonline\/articulos\/merchandising\/chaleco-de-plumon-con-aislamiento-para-mujer-para-personalizar-con-logo\/\"]}]},{\"@type\":\"ImageObject\",\"inLanguage\":\"es\",\"@id\":\"https:\/\/adl-regalosempresa.com\/tiendaonline\/articulos\/merchandising\/chaleco-de-plumon-con-aislamiento-para-mujer-para-personalizar-con-logo\/#primaryimage\",\"url\":\"https:\/\/adl-regalosempresa.com\/tiendaonline\/wp-content\/uploads\/2022\/09\/3943655.jpg\",\"contentUrl\":\"https:\/\/adl-regalosempresa.com\/tiendaonline\/wp-content\/uploads\/2022\/09\/3943655.jpg\",\"width\":1600,\"height\":1600,\"caption\":\"Chaleco de plum\u00f3n con aislamiento para mujer \\\"Macin\\\"\"},{\"@type\":\"BreadcrumbList\",\"@id\":\"https:\/\/adl-regalosempresa.com\/tiendaonline\/articulos\/merchandising\/chaleco-de-plumon-con-aislamiento-para-mujer-para-personalizar-con-logo\/#breadcrumb\",\"itemListElement\":[{\"@type\":\"ListItem\",\"position\":1,\"name\":\"Portada\",\"item\":\"https:\/\/adl-regalosempresa.com\/tiendaonline\/\"},{\"@type\":\"ListItem\",\"position\":2,\"name\":\"Tienda\",\"item\":\"https:\/\/adl-regalosempresa.com\/tiendaonline\/tienda\/\"},{\"@type\":\"ListItem\",\"position\":3,\"name\":\"Chaleco de plum\u00f3n con aislamiento para mujer para personalizar con logo\"}]},{\"@type\":\"WebSite\",\"@id\":\"https:\/\/adl-regalosempresa.com\/tiendaonline\/#website\",\"url\":\"https:\/\/adl-regalosempresa.com\/tiendaonline\/\",\"name\":\"ADL Comunicaci\u00f3n\",\"description\":\"Regalos de empresa\",\"publisher\":{\"@id\":\"https:\/\/adl-regalosempresa.com\/tiendaonline\/#organization\"},\"potentialAction\":[{\"@type\":\"SearchAction\",\"target\":{\"@type\":\"EntryPoint\",\"urlTemplate\":\"https:\/\/adl-regalosempresa.com\/tiendaonline\/?s={search_term_string}\"},\"query-input\":{\"@type\":\"PropertyValueSpecification\",\"valueRequired\":true,\"valueName\":\"search_term_string\"}}],\"inLanguage\":\"es\"},{\"@type\":\"Organization\",\"@id\":\"https:\/\/adl-regalosempresa.com\/tiendaonline\/#organization\",\"name\":\"ADL Comunicaci\u00f3n\",\"url\":\"https:\/\/adl-regalosempresa.com\/tiendaonline\/\",\"logo\":{\"@type\":\"ImageObject\",\"inLanguage\":\"es\",\"@id\":\"https:\/\/adl-regalosempresa.com\/tiendaonline\/#\/schema\/logo\/image\/\",\"url\":\"https:\/\/adl-regalosempresa.com\/tiendaonline\/wp-content\/uploads\/2017\/09\/logo-adl-wp.png\",\"contentUrl\":\"https:\/\/adl-regalosempresa.com\/tiendaonline\/wp-content\/uploads\/2017\/09\/logo-adl-wp.png\",\"width\":407,\"height\":185,\"caption\":\"ADL Comunicaci\u00f3n\"},\"image\":{\"@id\":\"https:\/\/adl-regalosempresa.com\/tiendaonline\/#\/schema\/logo\/image\/\"}}]}<\/script>\n<!-- \/ Yoast SEO plugin. -->","yoast_head_json":{"title":"Merchandising Chaleco de plum\u00f3n con aislamiento para mujer para personalizar con logo - ADL","description":"Art\u00edculo de merchandising Chaleco de plum\u00f3n con aislamiento para mujer \"Macin\". El chaleco aislante de plum\u00f3n Macin para mujer es una prenda vers\u00e1til y ecol\u00f3gica. Confeccionado en tejido pongee de poli\u00e9ster de doble capa 750T de 164 g\/m\u00b2. El tejido mate, combinado con el acolchado termosellado, confiere al chaleco un aspecto moderno al tiempo que mejora el aislamiento general. Apuesta por la conciencia ecol\u00f3gica con el aislamiento de plum\u00f3n reciclado certificado RDS, que proporciona calidez sin comprometer los est\u00e1ndares \u00e9ticos. Con una solapa interior impermeable, protector de barbilla y pu\u00f1os de canal\u00e9 el\u00e1stico de punto liso, este chaleco ofrece la m\u00e1xima protecci\u00f3n contra las inclemencias del tiempo. Los bolsillos delanteros con cierre de cremallera a\u00f1aden mayor comodidad y funcionalidad. Combina estilo y valores \u00e9ticos con el chaleco Macin, perfecto para cualquier aventura al aire libre o para el d\u00eda a d\u00eda. Este chaleco est\u00e1 dise\u00f1ado con un corte ajustado para un ajuste perfecto.","robots":{"index":"index","follow":"follow","max-snippet":"max-snippet:-1","max-image-preview":"max-image-preview:large","max-video-preview":"max-video-preview:-1"},"canonical":"https:\/\/adl-regalosempresa.com\/tiendaonline\/articulos\/merchandising\/chaleco-de-plumon-con-aislamiento-para-mujer-para-personalizar-con-logo\/","og_locale":"es_ES","og_type":"article","og_title":"Merchandising Chaleco de plum\u00f3n con aislamiento para mujer para personalizar con logo - ADL","og_description":"Art\u00edculo de merchandising Chaleco de plum\u00f3n con aislamiento para mujer \"Macin\". El chaleco aislante de plum\u00f3n Macin para mujer es una prenda vers\u00e1til y ecol\u00f3gica. Confeccionado en tejido pongee de poli\u00e9ster de doble capa 750T de 164 g\/m\u00b2. El tejido mate, combinado con el acolchado termosellado, confiere al chaleco un aspecto moderno al tiempo que mejora el aislamiento general. Apuesta por la conciencia ecol\u00f3gica con el aislamiento de plum\u00f3n reciclado certificado RDS, que proporciona calidez sin comprometer los est\u00e1ndares \u00e9ticos. Con una solapa interior impermeable, protector de barbilla y pu\u00f1os de canal\u00e9 el\u00e1stico de punto liso, este chaleco ofrece la m\u00e1xima protecci\u00f3n contra las inclemencias del tiempo. Los bolsillos delanteros con cierre de cremallera a\u00f1aden mayor comodidad y funcionalidad. Combina estilo y valores \u00e9ticos con el chaleco Macin, perfecto para cualquier aventura al aire libre o para el d\u00eda a d\u00eda. Este chaleco est\u00e1 dise\u00f1ado con un corte ajustado para un ajuste perfecto.","og_url":"https:\/\/adl-regalosempresa.com\/tiendaonline\/articulos\/merchandising\/chaleco-de-plumon-con-aislamiento-para-mujer-para-personalizar-con-logo\/","og_site_name":"ADL Comunicaci\u00f3n","article_modified_time":"2026-04-18T08:48:11+00:00","og_image":[{"width":1600,"height":1600,"url":"https:\/\/adl-regalosempresa.com\/tiendaonline\/wp-content\/uploads\/2022\/09\/3943655.jpg","type":"image\/jpeg"}],"twitter_card":"summary_large_image","twitter_title":"Merchandising Chaleco de plum\u00f3n con aislamiento para mujer para personalizar con logo - ADL","twitter_misc":{"Tiempo de lectura":"1 minuto"},"schema":{"@context":"https:\/\/schema.org","@graph":[{"@type":"WebPage","@id":"https:\/\/adl-regalosempresa.com\/tiendaonline\/articulos\/merchandising\/chaleco-de-plumon-con-aislamiento-para-mujer-para-personalizar-con-logo\/","url":"https:\/\/adl-regalosempresa.com\/tiendaonline\/articulos\/merchandising\/chaleco-de-plumon-con-aislamiento-para-mujer-para-personalizar-con-logo\/","name":"Merchandising Chaleco de plum\u00f3n con aislamiento para mujer para personalizar con logo - ADL","isPartOf":{"@id":"https:\/\/adl-regalosempresa.com\/tiendaonline\/#website"},"primaryImageOfPage":{"@id":"https:\/\/adl-regalosempresa.com\/tiendaonline\/articulos\/merchandising\/chaleco-de-plumon-con-aislamiento-para-mujer-para-personalizar-con-logo\/#primaryimage"},"image":{"@id":"https:\/\/adl-regalosempresa.com\/tiendaonline\/articulos\/merchandising\/chaleco-de-plumon-con-aislamiento-para-mujer-para-personalizar-con-logo\/#primaryimage"},"thumbnailUrl":"https:\/\/adl-regalosempresa.com\/tiendaonline\/wp-content\/uploads\/2022\/09\/3943655.jpg","datePublished":"2026-04-11T04:19:37+00:00","dateModified":"2026-04-18T08:48:11+00:00","description":"Art\u00edculo de merchandising Chaleco de plum\u00f3n con aislamiento para mujer \"Macin\". El chaleco aislante de plum\u00f3n Macin para mujer es una prenda vers\u00e1til y ecol\u00f3gica. Confeccionado en tejido pongee de poli\u00e9ster de doble capa 750T de 164 g\/m\u00b2. El tejido mate, combinado con el acolchado termosellado, confiere al chaleco un aspecto moderno al tiempo que mejora el aislamiento general. Apuesta por la conciencia ecol\u00f3gica con el aislamiento de plum\u00f3n reciclado certificado RDS, que proporciona calidez sin comprometer los est\u00e1ndares \u00e9ticos. Con una solapa interior impermeable, protector de barbilla y pu\u00f1os de canal\u00e9 el\u00e1stico de punto liso, este chaleco ofrece la m\u00e1xima protecci\u00f3n contra las inclemencias del tiempo. Los bolsillos delanteros con cierre de cremallera a\u00f1aden mayor comodidad y funcionalidad. Combina estilo y valores \u00e9ticos con el chaleco Macin, perfecto para cualquier aventura al aire libre o para el d\u00eda a d\u00eda. Este chaleco est\u00e1 dise\u00f1ado con un corte ajustado para un ajuste perfecto.","breadcrumb":{"@id":"https:\/\/adl-regalosempresa.com\/tiendaonline\/articulos\/merchandising\/chaleco-de-plumon-con-aislamiento-para-mujer-para-personalizar-con-logo\/#breadcrumb"},"inLanguage":"es","potentialAction":[{"@type":"ReadAction","target":["https:\/\/adl-regalosempresa.com\/tiendaonline\/articulos\/merchandising\/chaleco-de-plumon-con-aislamiento-para-mujer-para-personalizar-con-logo\/"]}]},{"@type":"ImageObject","inLanguage":"es","@id":"https:\/\/adl-regalosempresa.com\/tiendaonline\/articulos\/merchandising\/chaleco-de-plumon-con-aislamiento-para-mujer-para-personalizar-con-logo\/#primaryimage","url":"https:\/\/adl-regalosempresa.com\/tiendaonline\/wp-content\/uploads\/2022\/09\/3943655.jpg","contentUrl":"https:\/\/adl-regalosempresa.com\/tiendaonline\/wp-content\/uploads\/2022\/09\/3943655.jpg","width":1600,"height":1600,"caption":"Chaleco de plum\u00f3n con aislamiento para mujer \"Macin\""},{"@type":"BreadcrumbList","@id":"https:\/\/adl-regalosempresa.com\/tiendaonline\/articulos\/merchandising\/chaleco-de-plumon-con-aislamiento-para-mujer-para-personalizar-con-logo\/#breadcrumb","itemListElement":[{"@type":"ListItem","position":1,"name":"Portada","item":"https:\/\/adl-regalosempresa.com\/tiendaonline\/"},{"@type":"ListItem","position":2,"name":"Tienda","item":"https:\/\/adl-regalosempresa.com\/tiendaonline\/tienda\/"},{"@type":"ListItem","position":3,"name":"Chaleco de plum\u00f3n con aislamiento para mujer para personalizar con logo"}]},{"@type":"WebSite","@id":"https:\/\/adl-regalosempresa.com\/tiendaonline\/#website","url":"https:\/\/adl-regalosempresa.com\/tiendaonline\/","name":"ADL Comunicaci\u00f3n","description":"Regalos de empresa","publisher":{"@id":"https:\/\/adl-regalosempresa.com\/tiendaonline\/#organization"},"potentialAction":[{"@type":"SearchAction","target":{"@type":"EntryPoint","urlTemplate":"https:\/\/adl-regalosempresa.com\/tiendaonline\/?s={search_term_string}"},"query-input":{"@type":"PropertyValueSpecification","valueRequired":true,"valueName":"search_term_string"}}],"inLanguage":"es"},{"@type":"Organization","@id":"https:\/\/adl-regalosempresa.com\/tiendaonline\/#organization","name":"ADL Comunicaci\u00f3n","url":"https:\/\/adl-regalosempresa.com\/tiendaonline\/","logo":{"@type":"ImageObject","inLanguage":"es","@id":"https:\/\/adl-regalosempresa.com\/tiendaonline\/#\/schema\/logo\/image\/","url":"https:\/\/adl-regalosempresa.com\/tiendaonline\/wp-content\/uploads\/2017\/09\/logo-adl-wp.png","contentUrl":"https:\/\/adl-regalosempresa.com\/tiendaonline\/wp-content\/uploads\/2017\/09\/logo-adl-wp.png","width":407,"height":185,"caption":"ADL Comunicaci\u00f3n"},"image":{"@id":"https:\/\/adl-regalosempresa.com\/tiendaonline\/#\/schema\/logo\/image\/"}}]}},"_links":{"self":[{"href":"https:\/\/adl-regalosempresa.com\/tiendaonline\/wp-json\/wp\/v2\/product\/118205","targetHints":{"allow":["GET"]}}],"collection":[{"href":"https:\/\/adl-regalosempresa.com\/tiendaonline\/wp-json\/wp\/v2\/product"}],"about":[{"href":"https:\/\/adl-regalosempresa.com\/tiendaonline\/wp-json\/wp\/v2\/types\/product"}],"wp:featuredmedia":[{"embeddable":true,"href":"https:\/\/adl-regalosempresa.com\/tiendaonline\/wp-json\/wp\/v2\/media\/118207"}],"wp:attachment":[{"href":"https:\/\/adl-regalosempresa.com\/tiendaonline\/wp-json\/wp\/v2\/media?parent=118205"}],"wp:term":[{"taxonomy":"product_brand","embeddable":true,"href":"https:\/\/adl-regalosempresa.com\/tiendaonline\/wp-json\/wp\/v2\/product_brand?post=118205"},{"taxonomy":"product_cat","embeddable":true,"href":"https:\/\/adl-regalosempresa.com\/tiendaonline\/wp-json\/wp\/v2\/product_cat?post=118205"},{"taxonomy":"product_tag","embeddable":true,"href":"https:\/\/adl-regalosempresa.com\/tiendaonline\/wp-json\/wp\/v2\/product_tag?post=118205"}],"curies":[{"name":"wp","href":"https:\/\/api.w.org\/{rel}","templated":true}]}}