{"id":117852,"date":"2026-03-24T06:04:41","date_gmt":"2026-03-24T06:04:41","guid":{"rendered":"https:\/\/adl-regalosempresa.com\/tiendaonline\/articulos\/merchandising\/scx-design-d10-botella-con-aislamiento-termico-para-personalizar-con-logo-2\/"},"modified":"2026-04-27T08:26:10","modified_gmt":"2026-04-27T08:26:10","slug":"scx-design-d10-botella-con-aislamiento-termico-para-personalizar-con-logo-2","status":"publish","type":"product","link":"https:\/\/adl-regalosempresa.com\/tiendaonline\/articulos\/merchandising\/scx-design-d10-botella-con-aislamiento-termico-para-personalizar-con-logo-2\/","title":{"rendered":"SCX.design D10 Botella con aislamiento t\u00e9rmico para personalizar con logo"},"content":{"rendered":"<p>Botella de 450 ml de acero inoxidable con doble pared aislante y sensor de temperatura. Gracias al sistema \u00abTouch &#038; Light\u00bb, la temperatura de la bebida se muestra en la tapa de la botella (en \u00b0 Celsius). Adecuado tanto para bebidas calientes como fr\u00edas. Viene en una caja cil\u00edndrica de regalo fabricada con papel reciclado. Tama\u00f1o: \u00d8 47 \u00d7 225 mm. Bater\u00eda incluida: CR 2450 (3 V). La bater\u00eda no puede sustituirse. Puede mostrar la temperatura 20\u00a0000 veces.<\/p>\n","protected":false},"excerpt":{"rendered":"<p><strong>Descuentos por cantidades<\/strong><br \/>&#8211; a partir de 50 unidades: 30,46 \u20ac\/ud<br \/>&#8211; a partir de 100 unidades: 28,24 \u20ac\/ud<br \/>&#8211; a partir de 250 unidades: 26,76 \u20ac\/ud<\/p>\n<p>Para cantidades superiores a las aqu\u00ed indicadas, no dudes en ponerte en contacto con nuestro departamento comercial o <a href='https:\/\/adl-regalosempresa.com\/tiendaonline\/solicitud-presupuesto\/'>pedirnos presupuesto personalizado<\/a>, ajustaremos el presupuesto a tus necesidades.<\/p>\n","protected":false},"featured_media":117854,"template":"","meta":{"_kad_post_transparent":"","_kad_post_title":"","_kad_post_layout":"","_kad_post_sidebar_id":"","_kad_post_content_style":"","_kad_post_vertical_padding":"","_kad_post_feature":"","_kad_post_feature_position":"","_kad_post_header":false,"_kad_post_footer":false,"_kad_post_classname":""},"product_brand":[],"product_cat":[3904,3372],"product_tag":[],"class_list":{"0":"post-117852","1":"product","2":"type-product","3":"status-publish","4":"has-post-thumbnail","6":"product_cat-botellas-isotermicas","7":"product_cat-articulos-para-bebidas","8":"pa_alto-23-cm","9":"pa_color-mid-red","10":"pa_color-negro-intenso","11":"pa_color-reflex-blue","12":"pa_color-simple-negro-intenso","13":"pa_diametro-63-cm","14":"pa_marca-scx-design","15":"pa_material-acero-inoxidable","16":"pa_peso-260-gr","18":"first","19":"instock","20":"taxable","21":"shipping-taxable","22":"purchasable","23":"product-type-variable","24":"entry","25":"content-bg","26":"loop-entry"},"yoast_head":"<!-- This site is optimized with the Yoast SEO plugin v26.3 - https:\/\/yoast.com\/wordpress\/plugins\/seo\/ -->\n<title>Merchandising SCX.design D10 Botella con aislamiento t\u00e9rmico para personalizar con logo - ADL<\/title>\n<meta name=\"description\" content=\"Art\u00edculo de merchandising SCX.design D10 Botella con aislamiento t\u00e9rmico. Botella de 450 ml de acero inoxidable con doble pared aislante y sensor de temperatura. Gracias al sistema \u00abTouch &amp; Light\u00bb, la temperatura de la bebida se muestra en la tapa de la botella (en \u00b0 Celsius). Adecuado tanto para bebidas calientes como fr\u00edas. Viene en una caja cil\u00edndrica de regalo fabricada con papel reciclado. Tama\u00f1o: \u00d8 47 \u00d7 225 mm. Bater\u00eda incluida: CR 2450 (3 V). La bater\u00eda no puede sustituirse. Puede mostrar la temperatura 20\u00a0000 veces.\" \/>\n<meta name=\"robots\" content=\"index, follow, max-snippet:-1, max-image-preview:large, max-video-preview:-1\" \/>\n<link rel=\"canonical\" href=\"https:\/\/adl-regalosempresa.com\/tiendaonline\/articulos\/merchandising\/scx-design-d10-botella-con-aislamiento-termico-para-personalizar-con-logo-2\/\" \/>\n<meta property=\"og:locale\" content=\"es_ES\" \/>\n<meta property=\"og:type\" content=\"article\" \/>\n<meta property=\"og:title\" content=\"Merchandising SCX.design D10 Botella con aislamiento t\u00e9rmico para personalizar con logo - ADL\" \/>\n<meta property=\"og:description\" content=\"Art\u00edculo de merchandising SCX.design D10 Botella con aislamiento t\u00e9rmico. Botella de 450 ml de acero inoxidable con doble pared aislante y sensor de temperatura. Gracias al sistema \u00abTouch &amp; Light\u00bb, la temperatura de la bebida se muestra en la tapa de la botella (en \u00b0 Celsius). Adecuado tanto para bebidas calientes como fr\u00edas. Viene en una caja cil\u00edndrica de regalo fabricada con papel reciclado. Tama\u00f1o: \u00d8 47 \u00d7 225 mm. Bater\u00eda incluida: CR 2450 (3 V). La bater\u00eda no puede sustituirse. Puede mostrar la temperatura 20\u00a0000 veces.\" \/>\n<meta property=\"og:url\" content=\"https:\/\/adl-regalosempresa.com\/tiendaonline\/articulos\/merchandising\/scx-design-d10-botella-con-aislamiento-termico-para-personalizar-con-logo-2\/\" \/>\n<meta property=\"og:site_name\" content=\"ADL Comunicaci\u00f3n\" \/>\n<meta property=\"article:modified_time\" content=\"2026-04-27T08:26:10+00:00\" \/>\n<meta property=\"og:image\" content=\"https:\/\/adl-regalosempresa.com\/tiendaonline\/wp-content\/uploads\/2022\/08\/2PX03990.jpg\" \/>\n\t<meta property=\"og:image:width\" content=\"1600\" \/>\n\t<meta property=\"og:image:height\" content=\"1600\" \/>\n\t<meta property=\"og:image:type\" content=\"image\/jpeg\" \/>\n<meta name=\"twitter:card\" content=\"summary_large_image\" \/>\n<meta name=\"twitter:title\" content=\"Merchandising SCX.design D10 Botella con aislamiento t\u00e9rmico para personalizar con logo - ADL\" \/>\n<script type=\"application\/ld+json\" class=\"yoast-schema-graph\">{\"@context\":\"https:\/\/schema.org\",\"@graph\":[{\"@type\":\"WebPage\",\"@id\":\"https:\/\/adl-regalosempresa.com\/tiendaonline\/articulos\/merchandising\/scx-design-d10-botella-con-aislamiento-termico-para-personalizar-con-logo-2\/\",\"url\":\"https:\/\/adl-regalosempresa.com\/tiendaonline\/articulos\/merchandising\/scx-design-d10-botella-con-aislamiento-termico-para-personalizar-con-logo-2\/\",\"name\":\"Merchandising SCX.design D10 Botella con aislamiento t\u00e9rmico para personalizar con logo - ADL\",\"isPartOf\":{\"@id\":\"https:\/\/adl-regalosempresa.com\/tiendaonline\/#website\"},\"primaryImageOfPage\":{\"@id\":\"https:\/\/adl-regalosempresa.com\/tiendaonline\/articulos\/merchandising\/scx-design-d10-botella-con-aislamiento-termico-para-personalizar-con-logo-2\/#primaryimage\"},\"image\":{\"@id\":\"https:\/\/adl-regalosempresa.com\/tiendaonline\/articulos\/merchandising\/scx-design-d10-botella-con-aislamiento-termico-para-personalizar-con-logo-2\/#primaryimage\"},\"thumbnailUrl\":\"https:\/\/adl-regalosempresa.com\/tiendaonline\/wp-content\/uploads\/2022\/08\/2PX03990.jpg\",\"datePublished\":\"2026-03-24T06:04:41+00:00\",\"dateModified\":\"2026-04-27T08:26:10+00:00\",\"description\":\"Art\u00edculo de merchandising SCX.design D10 Botella con aislamiento t\u00e9rmico. Botella de 450 ml de acero inoxidable con doble pared aislante y sensor de temperatura. Gracias al sistema \u00abTouch & Light\u00bb, la temperatura de la bebida se muestra en la tapa de la botella (en \u00b0 Celsius). Adecuado tanto para bebidas calientes como fr\u00edas. Viene en una caja cil\u00edndrica de regalo fabricada con papel reciclado. Tama\u00f1o: \u00d8 47 \u00d7 225 mm. Bater\u00eda incluida: CR 2450 (3 V). La bater\u00eda no puede sustituirse. Puede mostrar la temperatura 20\u00a0000 veces.\",\"breadcrumb\":{\"@id\":\"https:\/\/adl-regalosempresa.com\/tiendaonline\/articulos\/merchandising\/scx-design-d10-botella-con-aislamiento-termico-para-personalizar-con-logo-2\/#breadcrumb\"},\"inLanguage\":\"es\",\"potentialAction\":[{\"@type\":\"ReadAction\",\"target\":[\"https:\/\/adl-regalosempresa.com\/tiendaonline\/articulos\/merchandising\/scx-design-d10-botella-con-aislamiento-termico-para-personalizar-con-logo-2\/\"]}]},{\"@type\":\"ImageObject\",\"inLanguage\":\"es\",\"@id\":\"https:\/\/adl-regalosempresa.com\/tiendaonline\/articulos\/merchandising\/scx-design-d10-botella-con-aislamiento-termico-para-personalizar-con-logo-2\/#primaryimage\",\"url\":\"https:\/\/adl-regalosempresa.com\/tiendaonline\/wp-content\/uploads\/2022\/08\/2PX03990.jpg\",\"contentUrl\":\"https:\/\/adl-regalosempresa.com\/tiendaonline\/wp-content\/uploads\/2022\/08\/2PX03990.jpg\",\"width\":1600,\"height\":1600,\"caption\":\"SCX.design D10 Botella con aislamiento t\u00e9rmico\"},{\"@type\":\"BreadcrumbList\",\"@id\":\"https:\/\/adl-regalosempresa.com\/tiendaonline\/articulos\/merchandising\/scx-design-d10-botella-con-aislamiento-termico-para-personalizar-con-logo-2\/#breadcrumb\",\"itemListElement\":[{\"@type\":\"ListItem\",\"position\":1,\"name\":\"Portada\",\"item\":\"https:\/\/adl-regalosempresa.com\/tiendaonline\/\"},{\"@type\":\"ListItem\",\"position\":2,\"name\":\"Tienda\",\"item\":\"https:\/\/adl-regalosempresa.com\/tiendaonline\/tienda\/\"},{\"@type\":\"ListItem\",\"position\":3,\"name\":\"SCX.design D10 Botella con aislamiento t\u00e9rmico para personalizar con logo\"}]},{\"@type\":\"WebSite\",\"@id\":\"https:\/\/adl-regalosempresa.com\/tiendaonline\/#website\",\"url\":\"https:\/\/adl-regalosempresa.com\/tiendaonline\/\",\"name\":\"ADL Comunicaci\u00f3n\",\"description\":\"Regalos de empresa\",\"publisher\":{\"@id\":\"https:\/\/adl-regalosempresa.com\/tiendaonline\/#organization\"},\"potentialAction\":[{\"@type\":\"SearchAction\",\"target\":{\"@type\":\"EntryPoint\",\"urlTemplate\":\"https:\/\/adl-regalosempresa.com\/tiendaonline\/?s={search_term_string}\"},\"query-input\":{\"@type\":\"PropertyValueSpecification\",\"valueRequired\":true,\"valueName\":\"search_term_string\"}}],\"inLanguage\":\"es\"},{\"@type\":\"Organization\",\"@id\":\"https:\/\/adl-regalosempresa.com\/tiendaonline\/#organization\",\"name\":\"ADL Comunicaci\u00f3n\",\"url\":\"https:\/\/adl-regalosempresa.com\/tiendaonline\/\",\"logo\":{\"@type\":\"ImageObject\",\"inLanguage\":\"es\",\"@id\":\"https:\/\/adl-regalosempresa.com\/tiendaonline\/#\/schema\/logo\/image\/\",\"url\":\"https:\/\/adl-regalosempresa.com\/tiendaonline\/wp-content\/uploads\/2017\/09\/logo-adl-wp.png\",\"contentUrl\":\"https:\/\/adl-regalosempresa.com\/tiendaonline\/wp-content\/uploads\/2017\/09\/logo-adl-wp.png\",\"width\":407,\"height\":185,\"caption\":\"ADL Comunicaci\u00f3n\"},\"image\":{\"@id\":\"https:\/\/adl-regalosempresa.com\/tiendaonline\/#\/schema\/logo\/image\/\"}}]}<\/script>\n<!-- \/ Yoast SEO plugin. -->","yoast_head_json":{"title":"Merchandising SCX.design D10 Botella con aislamiento t\u00e9rmico para personalizar con logo - ADL","description":"Art\u00edculo de merchandising SCX.design D10 Botella con aislamiento t\u00e9rmico. Botella de 450 ml de acero inoxidable con doble pared aislante y sensor de temperatura. Gracias al sistema \u00abTouch & Light\u00bb, la temperatura de la bebida se muestra en la tapa de la botella (en \u00b0 Celsius). Adecuado tanto para bebidas calientes como fr\u00edas. Viene en una caja cil\u00edndrica de regalo fabricada con papel reciclado. Tama\u00f1o: \u00d8 47 \u00d7 225 mm. Bater\u00eda incluida: CR 2450 (3 V). La bater\u00eda no puede sustituirse. Puede mostrar la temperatura 20\u00a0000 veces.","robots":{"index":"index","follow":"follow","max-snippet":"max-snippet:-1","max-image-preview":"max-image-preview:large","max-video-preview":"max-video-preview:-1"},"canonical":"https:\/\/adl-regalosempresa.com\/tiendaonline\/articulos\/merchandising\/scx-design-d10-botella-con-aislamiento-termico-para-personalizar-con-logo-2\/","og_locale":"es_ES","og_type":"article","og_title":"Merchandising SCX.design D10 Botella con aislamiento t\u00e9rmico para personalizar con logo - ADL","og_description":"Art\u00edculo de merchandising SCX.design D10 Botella con aislamiento t\u00e9rmico. Botella de 450 ml de acero inoxidable con doble pared aislante y sensor de temperatura. Gracias al sistema \u00abTouch & Light\u00bb, la temperatura de la bebida se muestra en la tapa de la botella (en \u00b0 Celsius). Adecuado tanto para bebidas calientes como fr\u00edas. Viene en una caja cil\u00edndrica de regalo fabricada con papel reciclado. Tama\u00f1o: \u00d8 47 \u00d7 225 mm. Bater\u00eda incluida: CR 2450 (3 V). La bater\u00eda no puede sustituirse. Puede mostrar la temperatura 20\u00a0000 veces.","og_url":"https:\/\/adl-regalosempresa.com\/tiendaonline\/articulos\/merchandising\/scx-design-d10-botella-con-aislamiento-termico-para-personalizar-con-logo-2\/","og_site_name":"ADL Comunicaci\u00f3n","article_modified_time":"2026-04-27T08:26:10+00:00","og_image":[{"width":1600,"height":1600,"url":"https:\/\/adl-regalosempresa.com\/tiendaonline\/wp-content\/uploads\/2022\/08\/2PX03990.jpg","type":"image\/jpeg"}],"twitter_card":"summary_large_image","twitter_title":"Merchandising SCX.design D10 Botella con aislamiento t\u00e9rmico para personalizar con logo - ADL","schema":{"@context":"https:\/\/schema.org","@graph":[{"@type":"WebPage","@id":"https:\/\/adl-regalosempresa.com\/tiendaonline\/articulos\/merchandising\/scx-design-d10-botella-con-aislamiento-termico-para-personalizar-con-logo-2\/","url":"https:\/\/adl-regalosempresa.com\/tiendaonline\/articulos\/merchandising\/scx-design-d10-botella-con-aislamiento-termico-para-personalizar-con-logo-2\/","name":"Merchandising SCX.design D10 Botella con aislamiento t\u00e9rmico para personalizar con logo - ADL","isPartOf":{"@id":"https:\/\/adl-regalosempresa.com\/tiendaonline\/#website"},"primaryImageOfPage":{"@id":"https:\/\/adl-regalosempresa.com\/tiendaonline\/articulos\/merchandising\/scx-design-d10-botella-con-aislamiento-termico-para-personalizar-con-logo-2\/#primaryimage"},"image":{"@id":"https:\/\/adl-regalosempresa.com\/tiendaonline\/articulos\/merchandising\/scx-design-d10-botella-con-aislamiento-termico-para-personalizar-con-logo-2\/#primaryimage"},"thumbnailUrl":"https:\/\/adl-regalosempresa.com\/tiendaonline\/wp-content\/uploads\/2022\/08\/2PX03990.jpg","datePublished":"2026-03-24T06:04:41+00:00","dateModified":"2026-04-27T08:26:10+00:00","description":"Art\u00edculo de merchandising SCX.design D10 Botella con aislamiento t\u00e9rmico. Botella de 450 ml de acero inoxidable con doble pared aislante y sensor de temperatura. Gracias al sistema \u00abTouch & Light\u00bb, la temperatura de la bebida se muestra en la tapa de la botella (en \u00b0 Celsius). Adecuado tanto para bebidas calientes como fr\u00edas. Viene en una caja cil\u00edndrica de regalo fabricada con papel reciclado. Tama\u00f1o: \u00d8 47 \u00d7 225 mm. Bater\u00eda incluida: CR 2450 (3 V). La bater\u00eda no puede sustituirse. Puede mostrar la temperatura 20\u00a0000 veces.","breadcrumb":{"@id":"https:\/\/adl-regalosempresa.com\/tiendaonline\/articulos\/merchandising\/scx-design-d10-botella-con-aislamiento-termico-para-personalizar-con-logo-2\/#breadcrumb"},"inLanguage":"es","potentialAction":[{"@type":"ReadAction","target":["https:\/\/adl-regalosempresa.com\/tiendaonline\/articulos\/merchandising\/scx-design-d10-botella-con-aislamiento-termico-para-personalizar-con-logo-2\/"]}]},{"@type":"ImageObject","inLanguage":"es","@id":"https:\/\/adl-regalosempresa.com\/tiendaonline\/articulos\/merchandising\/scx-design-d10-botella-con-aislamiento-termico-para-personalizar-con-logo-2\/#primaryimage","url":"https:\/\/adl-regalosempresa.com\/tiendaonline\/wp-content\/uploads\/2022\/08\/2PX03990.jpg","contentUrl":"https:\/\/adl-regalosempresa.com\/tiendaonline\/wp-content\/uploads\/2022\/08\/2PX03990.jpg","width":1600,"height":1600,"caption":"SCX.design D10 Botella con aislamiento t\u00e9rmico"},{"@type":"BreadcrumbList","@id":"https:\/\/adl-regalosempresa.com\/tiendaonline\/articulos\/merchandising\/scx-design-d10-botella-con-aislamiento-termico-para-personalizar-con-logo-2\/#breadcrumb","itemListElement":[{"@type":"ListItem","position":1,"name":"Portada","item":"https:\/\/adl-regalosempresa.com\/tiendaonline\/"},{"@type":"ListItem","position":2,"name":"Tienda","item":"https:\/\/adl-regalosempresa.com\/tiendaonline\/tienda\/"},{"@type":"ListItem","position":3,"name":"SCX.design D10 Botella con aislamiento t\u00e9rmico para personalizar con logo"}]},{"@type":"WebSite","@id":"https:\/\/adl-regalosempresa.com\/tiendaonline\/#website","url":"https:\/\/adl-regalosempresa.com\/tiendaonline\/","name":"ADL Comunicaci\u00f3n","description":"Regalos de empresa","publisher":{"@id":"https:\/\/adl-regalosempresa.com\/tiendaonline\/#organization"},"potentialAction":[{"@type":"SearchAction","target":{"@type":"EntryPoint","urlTemplate":"https:\/\/adl-regalosempresa.com\/tiendaonline\/?s={search_term_string}"},"query-input":{"@type":"PropertyValueSpecification","valueRequired":true,"valueName":"search_term_string"}}],"inLanguage":"es"},{"@type":"Organization","@id":"https:\/\/adl-regalosempresa.com\/tiendaonline\/#organization","name":"ADL Comunicaci\u00f3n","url":"https:\/\/adl-regalosempresa.com\/tiendaonline\/","logo":{"@type":"ImageObject","inLanguage":"es","@id":"https:\/\/adl-regalosempresa.com\/tiendaonline\/#\/schema\/logo\/image\/","url":"https:\/\/adl-regalosempresa.com\/tiendaonline\/wp-content\/uploads\/2017\/09\/logo-adl-wp.png","contentUrl":"https:\/\/adl-regalosempresa.com\/tiendaonline\/wp-content\/uploads\/2017\/09\/logo-adl-wp.png","width":407,"height":185,"caption":"ADL Comunicaci\u00f3n"},"image":{"@id":"https:\/\/adl-regalosempresa.com\/tiendaonline\/#\/schema\/logo\/image\/"}}]}},"_links":{"self":[{"href":"https:\/\/adl-regalosempresa.com\/tiendaonline\/wp-json\/wp\/v2\/product\/117852","targetHints":{"allow":["GET"]}}],"collection":[{"href":"https:\/\/adl-regalosempresa.com\/tiendaonline\/wp-json\/wp\/v2\/product"}],"about":[{"href":"https:\/\/adl-regalosempresa.com\/tiendaonline\/wp-json\/wp\/v2\/types\/product"}],"wp:featuredmedia":[{"embeddable":true,"href":"https:\/\/adl-regalosempresa.com\/tiendaonline\/wp-json\/wp\/v2\/media\/117854"}],"wp:attachment":[{"href":"https:\/\/adl-regalosempresa.com\/tiendaonline\/wp-json\/wp\/v2\/media?parent=117852"}],"wp:term":[{"taxonomy":"product_brand","embeddable":true,"href":"https:\/\/adl-regalosempresa.com\/tiendaonline\/wp-json\/wp\/v2\/product_brand?post=117852"},{"taxonomy":"product_cat","embeddable":true,"href":"https:\/\/adl-regalosempresa.com\/tiendaonline\/wp-json\/wp\/v2\/product_cat?post=117852"},{"taxonomy":"product_tag","embeddable":true,"href":"https:\/\/adl-regalosempresa.com\/tiendaonline\/wp-json\/wp\/v2\/product_tag?post=117852"}],"curies":[{"name":"wp","href":"https:\/\/api.w.org\/{rel}","templated":true}]}}