{"id":117785,"date":"2026-03-24T06:03:46","date_gmt":"2026-03-24T06:03:46","guid":{"rendered":"https:\/\/adl-regalosempresa.com\/tiendaonline\/articulos\/merchandising\/pulsera-para-personalizar-con-logo\/"},"modified":"2026-04-18T08:04:20","modified_gmt":"2026-04-18T08:04:20","slug":"pulsera-de-seguridad-refelectante-tpu-de-38-cm-rfx-para-personalizar-con-logo","status":"publish","type":"product","link":"https:\/\/adl-regalosempresa.com\/tiendaonline\/articulos\/merchandising\/pulsera-de-seguridad-refelectante-tpu-de-38-cm-rfx-para-personalizar-con-logo\/","title":{"rendered":"Pulsera de seguridad refelectante TPU de 38 cm RFX\u2122 para personalizar con logo"},"content":{"rendered":"<p>Las pulseras \u00abslap\u00bb proporcionan una visibilidad de 360\u00b0 en la oscuridad y son ideales para transmitir mensajes promocionales. Al utilizar estas bandas reflectantes certificadas, convertir\u00e1s la seguridad vial en una caracter\u00edstica de tu marca.. Una pulsera \u00abslap\u00bb, es un reflector alargado con un muelle especialmente desarrollado soldado en su interior. Con una ligera palmada se enrolla f\u00e1cilmente alrededor del brazo o el tobillo. Disponible en varios tama\u00f1os y en color blanco o amarillo. Incorpora una pel\u00edcula reflectante blanda RFX\u2122 fluorescente fabricada con  TPU.  Los materiales han sido probados de acuerdo con la lista de candidatos SVHC (Substances of Very High Concern) REACH y no contienen ftalatos. Las pulseras \u00abslap\u00bb han sido probadas y aprobadas por la CE de acuerdo con la normativa EN 17353 tipo B 2. Se suministran con una hoja informativa. Fabricado en Europa.<\/p>\n","protected":false},"excerpt":{"rendered":"<p><strong>Descuentos por cantidades<\/strong><br \/>&#8211; a partir de 100 unidades: 2,96 \u20ac\/ud<br \/>&#8211; a partir de 250 unidades: 2,96 \u20ac\/ud<br \/>&#8211; a partir de 1000 unidades: 2,91 \u20ac\/ud<\/p>\n<p>Para cantidades superiores a las aqu\u00ed indicadas, no dudes en ponerte en contacto con nuestro departamento comercial o <a href='https:\/\/adl-regalosempresa.com\/tiendaonline\/solicitud-presupuesto\/'>pedirnos presupuesto personalizado<\/a>, ajustaremos el presupuesto a tus necesidades.<\/p>\n","protected":false},"featured_media":117787,"template":"","meta":{"_kad_post_transparent":"","_kad_post_title":"","_kad_post_layout":"","_kad_post_sidebar_id":"","_kad_post_content_style":"","_kad_post_vertical_padding":"","_kad_post_feature":"","_kad_post_feature_position":"","_kad_post_header":false,"_kad_post_footer":false,"_kad_post_classname":""},"product_brand":[],"product_cat":[4155,4154],"product_tag":[],"class_list":{"0":"post-117785","1":"product","2":"type-product","3":"status-publish","4":"has-post-thumbnail","6":"product_cat-articulos-reflectantes","7":"product_cat-herramientas-y-accesorios-del-automovil","8":"pa_ancho-3-cm","9":"pa_color-amarillo-neon","10":"pa_color-blanco","11":"pa_color-simple-amarillo","12":"pa_color-simple-blanco","13":"pa_largo-38-cm","14":"pa_marca-rfx","15":"pa_material-plastico-tpu","16":"pa_peso-25-gr","18":"first","19":"instock","20":"taxable","21":"shipping-taxable","22":"purchasable","23":"product-type-variable","24":"entry","25":"content-bg","26":"loop-entry"},"yoast_head":"<!-- This site is optimized with the Yoast SEO plugin v26.3 - https:\/\/yoast.com\/wordpress\/plugins\/seo\/ -->\n<title>Merchandising Pulsera de seguridad refelectante TPU de 38 cm RFX\u2122 para personalizar con logo - ADL<\/title>\n<meta name=\"description\" content=\"Art\u00edculo de merchandising Pulsera de seguridad refelectante TPU de 38 cm RFX\u2122. Las pulseras &quot;slap&quot; proporcionan una visibilidad de 360\u00b0 en la oscuridad y son ideales para transmitir mensajes promocionales. Al utilizar estas bandas reflectantes certificadas, convertir\u00e1s la seguridad vial en una caracter\u00edstica de tu marca.. Una pulsera &quot;slap&quot;, es un reflector alargado con un muelle especialmente desarrollado soldado en su interior. Con una ligera palmada se enrolla f\u00e1cilmente alrededor del brazo o el tobillo. Disponible en varios tama\u00f1os y en color blanco o amarillo. Incorpora una pel\u00edcula reflectante blanda RFX\u2122 fluorescente fabricada con TPU. Los materiales han sido probados de acuerdo con la lista de candidatos SVHC (Substances of Very High Concern) REACH y no contienen ftalatos. Las pulseras &quot;slap&quot; han sido probadas y aprobadas por la CE de acuerdo con la normativa EN 17353 tipo B 2. Se suministran con una hoja informativa. Fabricado en Europa.\" \/>\n<meta name=\"robots\" content=\"index, follow, max-snippet:-1, max-image-preview:large, max-video-preview:-1\" \/>\n<link rel=\"canonical\" href=\"https:\/\/adl-regalosempresa.com\/tiendaonline\/articulos\/merchandising\/pulsera-de-seguridad-refelectante-tpu-de-38-cm-rfx-para-personalizar-con-logo\/\" \/>\n<meta property=\"og:locale\" content=\"es_ES\" \/>\n<meta property=\"og:type\" content=\"article\" \/>\n<meta property=\"og:title\" content=\"Merchandising Pulsera de seguridad refelectante TPU de 38 cm RFX\u2122 para personalizar con logo - ADL\" \/>\n<meta property=\"og:description\" content=\"Art\u00edculo de merchandising Pulsera de seguridad refelectante TPU de 38 cm RFX\u2122. Las pulseras &quot;slap&quot; proporcionan una visibilidad de 360\u00b0 en la oscuridad y son ideales para transmitir mensajes promocionales. Al utilizar estas bandas reflectantes certificadas, convertir\u00e1s la seguridad vial en una caracter\u00edstica de tu marca.. Una pulsera &quot;slap&quot;, es un reflector alargado con un muelle especialmente desarrollado soldado en su interior. Con una ligera palmada se enrolla f\u00e1cilmente alrededor del brazo o el tobillo. Disponible en varios tama\u00f1os y en color blanco o amarillo. Incorpora una pel\u00edcula reflectante blanda RFX\u2122 fluorescente fabricada con TPU. Los materiales han sido probados de acuerdo con la lista de candidatos SVHC (Substances of Very High Concern) REACH y no contienen ftalatos. Las pulseras &quot;slap&quot; han sido probadas y aprobadas por la CE de acuerdo con la normativa EN 17353 tipo B 2. Se suministran con una hoja informativa. Fabricado en Europa.\" \/>\n<meta property=\"og:url\" content=\"https:\/\/adl-regalosempresa.com\/tiendaonline\/articulos\/merchandising\/pulsera-de-seguridad-refelectante-tpu-de-38-cm-rfx-para-personalizar-con-logo\/\" \/>\n<meta property=\"og:site_name\" content=\"ADL Comunicaci\u00f3n\" \/>\n<meta property=\"article:modified_time\" content=\"2026-04-18T08:04:20+00:00\" \/>\n<meta property=\"og:image\" content=\"https:\/\/adl-regalosempresa.com\/tiendaonline\/wp-content\/uploads\/2022\/08\/12205001.jpg\" \/>\n\t<meta property=\"og:image:width\" content=\"1600\" \/>\n\t<meta property=\"og:image:height\" content=\"1600\" \/>\n\t<meta property=\"og:image:type\" content=\"image\/jpeg\" \/>\n<meta name=\"twitter:card\" content=\"summary_large_image\" \/>\n<meta name=\"twitter:title\" content=\"Merchandising Pulsera de seguridad refelectante TPU de 38 cm RFX\u2122 para personalizar con logo - ADL\" \/>\n<meta name=\"twitter:label1\" content=\"Tiempo de lectura\" \/>\n\t<meta name=\"twitter:data1\" content=\"1 minuto\" \/>\n<script type=\"application\/ld+json\" class=\"yoast-schema-graph\">{\"@context\":\"https:\/\/schema.org\",\"@graph\":[{\"@type\":\"WebPage\",\"@id\":\"https:\/\/adl-regalosempresa.com\/tiendaonline\/articulos\/merchandising\/pulsera-de-seguridad-refelectante-tpu-de-38-cm-rfx-para-personalizar-con-logo\/\",\"url\":\"https:\/\/adl-regalosempresa.com\/tiendaonline\/articulos\/merchandising\/pulsera-de-seguridad-refelectante-tpu-de-38-cm-rfx-para-personalizar-con-logo\/\",\"name\":\"Merchandising Pulsera de seguridad refelectante TPU de 38 cm RFX\u2122 para personalizar con logo - ADL\",\"isPartOf\":{\"@id\":\"https:\/\/adl-regalosempresa.com\/tiendaonline\/#website\"},\"primaryImageOfPage\":{\"@id\":\"https:\/\/adl-regalosempresa.com\/tiendaonline\/articulos\/merchandising\/pulsera-de-seguridad-refelectante-tpu-de-38-cm-rfx-para-personalizar-con-logo\/#primaryimage\"},\"image\":{\"@id\":\"https:\/\/adl-regalosempresa.com\/tiendaonline\/articulos\/merchandising\/pulsera-de-seguridad-refelectante-tpu-de-38-cm-rfx-para-personalizar-con-logo\/#primaryimage\"},\"thumbnailUrl\":\"https:\/\/adl-regalosempresa.com\/tiendaonline\/wp-content\/uploads\/2022\/08\/12205001.jpg\",\"datePublished\":\"2026-03-24T06:03:46+00:00\",\"dateModified\":\"2026-04-18T08:04:20+00:00\",\"description\":\"Art\u00edculo de merchandising Pulsera de seguridad refelectante TPU de 38 cm RFX\u2122. Las pulseras \\\"slap\\\" proporcionan una visibilidad de 360\u00b0 en la oscuridad y son ideales para transmitir mensajes promocionales. Al utilizar estas bandas reflectantes certificadas, convertir\u00e1s la seguridad vial en una caracter\u00edstica de tu marca.. Una pulsera \\\"slap\\\", es un reflector alargado con un muelle especialmente desarrollado soldado en su interior. Con una ligera palmada se enrolla f\u00e1cilmente alrededor del brazo o el tobillo. Disponible en varios tama\u00f1os y en color blanco o amarillo. Incorpora una pel\u00edcula reflectante blanda RFX\u2122 fluorescente fabricada con TPU. Los materiales han sido probados de acuerdo con la lista de candidatos SVHC (Substances of Very High Concern) REACH y no contienen ftalatos. Las pulseras \\\"slap\\\" han sido probadas y aprobadas por la CE de acuerdo con la normativa EN 17353 tipo B 2. Se suministran con una hoja informativa. Fabricado en Europa.\",\"breadcrumb\":{\"@id\":\"https:\/\/adl-regalosempresa.com\/tiendaonline\/articulos\/merchandising\/pulsera-de-seguridad-refelectante-tpu-de-38-cm-rfx-para-personalizar-con-logo\/#breadcrumb\"},\"inLanguage\":\"es\",\"potentialAction\":[{\"@type\":\"ReadAction\",\"target\":[\"https:\/\/adl-regalosempresa.com\/tiendaonline\/articulos\/merchandising\/pulsera-de-seguridad-refelectante-tpu-de-38-cm-rfx-para-personalizar-con-logo\/\"]}]},{\"@type\":\"ImageObject\",\"inLanguage\":\"es\",\"@id\":\"https:\/\/adl-regalosempresa.com\/tiendaonline\/articulos\/merchandising\/pulsera-de-seguridad-refelectante-tpu-de-38-cm-rfx-para-personalizar-con-logo\/#primaryimage\",\"url\":\"https:\/\/adl-regalosempresa.com\/tiendaonline\/wp-content\/uploads\/2022\/08\/12205001.jpg\",\"contentUrl\":\"https:\/\/adl-regalosempresa.com\/tiendaonline\/wp-content\/uploads\/2022\/08\/12205001.jpg\",\"width\":1600,\"height\":1600,\"caption\":\"Pulsera de seguridad refelectante TPU de 38 cm RFX\u2122\"},{\"@type\":\"BreadcrumbList\",\"@id\":\"https:\/\/adl-regalosempresa.com\/tiendaonline\/articulos\/merchandising\/pulsera-de-seguridad-refelectante-tpu-de-38-cm-rfx-para-personalizar-con-logo\/#breadcrumb\",\"itemListElement\":[{\"@type\":\"ListItem\",\"position\":1,\"name\":\"Portada\",\"item\":\"https:\/\/adl-regalosempresa.com\/tiendaonline\/\"},{\"@type\":\"ListItem\",\"position\":2,\"name\":\"Tienda\",\"item\":\"https:\/\/adl-regalosempresa.com\/tiendaonline\/tienda\/\"},{\"@type\":\"ListItem\",\"position\":3,\"name\":\"Pulsera de seguridad refelectante TPU de 38 cm RFX\u2122 para personalizar con logo\"}]},{\"@type\":\"WebSite\",\"@id\":\"https:\/\/adl-regalosempresa.com\/tiendaonline\/#website\",\"url\":\"https:\/\/adl-regalosempresa.com\/tiendaonline\/\",\"name\":\"ADL Comunicaci\u00f3n\",\"description\":\"Regalos de empresa\",\"publisher\":{\"@id\":\"https:\/\/adl-regalosempresa.com\/tiendaonline\/#organization\"},\"potentialAction\":[{\"@type\":\"SearchAction\",\"target\":{\"@type\":\"EntryPoint\",\"urlTemplate\":\"https:\/\/adl-regalosempresa.com\/tiendaonline\/?s={search_term_string}\"},\"query-input\":{\"@type\":\"PropertyValueSpecification\",\"valueRequired\":true,\"valueName\":\"search_term_string\"}}],\"inLanguage\":\"es\"},{\"@type\":\"Organization\",\"@id\":\"https:\/\/adl-regalosempresa.com\/tiendaonline\/#organization\",\"name\":\"ADL Comunicaci\u00f3n\",\"url\":\"https:\/\/adl-regalosempresa.com\/tiendaonline\/\",\"logo\":{\"@type\":\"ImageObject\",\"inLanguage\":\"es\",\"@id\":\"https:\/\/adl-regalosempresa.com\/tiendaonline\/#\/schema\/logo\/image\/\",\"url\":\"https:\/\/adl-regalosempresa.com\/tiendaonline\/wp-content\/uploads\/2017\/09\/logo-adl-wp.png\",\"contentUrl\":\"https:\/\/adl-regalosempresa.com\/tiendaonline\/wp-content\/uploads\/2017\/09\/logo-adl-wp.png\",\"width\":407,\"height\":185,\"caption\":\"ADL Comunicaci\u00f3n\"},\"image\":{\"@id\":\"https:\/\/adl-regalosempresa.com\/tiendaonline\/#\/schema\/logo\/image\/\"}}]}<\/script>\n<!-- \/ Yoast SEO plugin. -->","yoast_head_json":{"title":"Merchandising Pulsera de seguridad refelectante TPU de 38 cm RFX\u2122 para personalizar con logo - ADL","description":"Art\u00edculo de merchandising Pulsera de seguridad refelectante TPU de 38 cm RFX\u2122. Las pulseras \"slap\" proporcionan una visibilidad de 360\u00b0 en la oscuridad y son ideales para transmitir mensajes promocionales. Al utilizar estas bandas reflectantes certificadas, convertir\u00e1s la seguridad vial en una caracter\u00edstica de tu marca.. Una pulsera \"slap\", es un reflector alargado con un muelle especialmente desarrollado soldado en su interior. Con una ligera palmada se enrolla f\u00e1cilmente alrededor del brazo o el tobillo. Disponible en varios tama\u00f1os y en color blanco o amarillo. Incorpora una pel\u00edcula reflectante blanda RFX\u2122 fluorescente fabricada con TPU. Los materiales han sido probados de acuerdo con la lista de candidatos SVHC (Substances of Very High Concern) REACH y no contienen ftalatos. Las pulseras \"slap\" han sido probadas y aprobadas por la CE de acuerdo con la normativa EN 17353 tipo B 2. Se suministran con una hoja informativa. Fabricado en Europa.","robots":{"index":"index","follow":"follow","max-snippet":"max-snippet:-1","max-image-preview":"max-image-preview:large","max-video-preview":"max-video-preview:-1"},"canonical":"https:\/\/adl-regalosempresa.com\/tiendaonline\/articulos\/merchandising\/pulsera-de-seguridad-refelectante-tpu-de-38-cm-rfx-para-personalizar-con-logo\/","og_locale":"es_ES","og_type":"article","og_title":"Merchandising Pulsera de seguridad refelectante TPU de 38 cm RFX\u2122 para personalizar con logo - ADL","og_description":"Art\u00edculo de merchandising Pulsera de seguridad refelectante TPU de 38 cm RFX\u2122. Las pulseras \"slap\" proporcionan una visibilidad de 360\u00b0 en la oscuridad y son ideales para transmitir mensajes promocionales. Al utilizar estas bandas reflectantes certificadas, convertir\u00e1s la seguridad vial en una caracter\u00edstica de tu marca.. Una pulsera \"slap\", es un reflector alargado con un muelle especialmente desarrollado soldado en su interior. Con una ligera palmada se enrolla f\u00e1cilmente alrededor del brazo o el tobillo. Disponible en varios tama\u00f1os y en color blanco o amarillo. Incorpora una pel\u00edcula reflectante blanda RFX\u2122 fluorescente fabricada con TPU. Los materiales han sido probados de acuerdo con la lista de candidatos SVHC (Substances of Very High Concern) REACH y no contienen ftalatos. Las pulseras \"slap\" han sido probadas y aprobadas por la CE de acuerdo con la normativa EN 17353 tipo B 2. Se suministran con una hoja informativa. Fabricado en Europa.","og_url":"https:\/\/adl-regalosempresa.com\/tiendaonline\/articulos\/merchandising\/pulsera-de-seguridad-refelectante-tpu-de-38-cm-rfx-para-personalizar-con-logo\/","og_site_name":"ADL Comunicaci\u00f3n","article_modified_time":"2026-04-18T08:04:20+00:00","og_image":[{"width":1600,"height":1600,"url":"https:\/\/adl-regalosempresa.com\/tiendaonline\/wp-content\/uploads\/2022\/08\/12205001.jpg","type":"image\/jpeg"}],"twitter_card":"summary_large_image","twitter_title":"Merchandising Pulsera de seguridad refelectante TPU de 38 cm RFX\u2122 para personalizar con logo - ADL","twitter_misc":{"Tiempo de lectura":"1 minuto"},"schema":{"@context":"https:\/\/schema.org","@graph":[{"@type":"WebPage","@id":"https:\/\/adl-regalosempresa.com\/tiendaonline\/articulos\/merchandising\/pulsera-de-seguridad-refelectante-tpu-de-38-cm-rfx-para-personalizar-con-logo\/","url":"https:\/\/adl-regalosempresa.com\/tiendaonline\/articulos\/merchandising\/pulsera-de-seguridad-refelectante-tpu-de-38-cm-rfx-para-personalizar-con-logo\/","name":"Merchandising Pulsera de seguridad refelectante TPU de 38 cm RFX\u2122 para personalizar con logo - ADL","isPartOf":{"@id":"https:\/\/adl-regalosempresa.com\/tiendaonline\/#website"},"primaryImageOfPage":{"@id":"https:\/\/adl-regalosempresa.com\/tiendaonline\/articulos\/merchandising\/pulsera-de-seguridad-refelectante-tpu-de-38-cm-rfx-para-personalizar-con-logo\/#primaryimage"},"image":{"@id":"https:\/\/adl-regalosempresa.com\/tiendaonline\/articulos\/merchandising\/pulsera-de-seguridad-refelectante-tpu-de-38-cm-rfx-para-personalizar-con-logo\/#primaryimage"},"thumbnailUrl":"https:\/\/adl-regalosempresa.com\/tiendaonline\/wp-content\/uploads\/2022\/08\/12205001.jpg","datePublished":"2026-03-24T06:03:46+00:00","dateModified":"2026-04-18T08:04:20+00:00","description":"Art\u00edculo de merchandising Pulsera de seguridad refelectante TPU de 38 cm RFX\u2122. Las pulseras \"slap\" proporcionan una visibilidad de 360\u00b0 en la oscuridad y son ideales para transmitir mensajes promocionales. Al utilizar estas bandas reflectantes certificadas, convertir\u00e1s la seguridad vial en una caracter\u00edstica de tu marca.. Una pulsera \"slap\", es un reflector alargado con un muelle especialmente desarrollado soldado en su interior. Con una ligera palmada se enrolla f\u00e1cilmente alrededor del brazo o el tobillo. Disponible en varios tama\u00f1os y en color blanco o amarillo. Incorpora una pel\u00edcula reflectante blanda RFX\u2122 fluorescente fabricada con TPU. Los materiales han sido probados de acuerdo con la lista de candidatos SVHC (Substances of Very High Concern) REACH y no contienen ftalatos. Las pulseras \"slap\" han sido probadas y aprobadas por la CE de acuerdo con la normativa EN 17353 tipo B 2. Se suministran con una hoja informativa. Fabricado en Europa.","breadcrumb":{"@id":"https:\/\/adl-regalosempresa.com\/tiendaonline\/articulos\/merchandising\/pulsera-de-seguridad-refelectante-tpu-de-38-cm-rfx-para-personalizar-con-logo\/#breadcrumb"},"inLanguage":"es","potentialAction":[{"@type":"ReadAction","target":["https:\/\/adl-regalosempresa.com\/tiendaonline\/articulos\/merchandising\/pulsera-de-seguridad-refelectante-tpu-de-38-cm-rfx-para-personalizar-con-logo\/"]}]},{"@type":"ImageObject","inLanguage":"es","@id":"https:\/\/adl-regalosempresa.com\/tiendaonline\/articulos\/merchandising\/pulsera-de-seguridad-refelectante-tpu-de-38-cm-rfx-para-personalizar-con-logo\/#primaryimage","url":"https:\/\/adl-regalosempresa.com\/tiendaonline\/wp-content\/uploads\/2022\/08\/12205001.jpg","contentUrl":"https:\/\/adl-regalosempresa.com\/tiendaonline\/wp-content\/uploads\/2022\/08\/12205001.jpg","width":1600,"height":1600,"caption":"Pulsera de seguridad refelectante TPU de 38 cm RFX\u2122"},{"@type":"BreadcrumbList","@id":"https:\/\/adl-regalosempresa.com\/tiendaonline\/articulos\/merchandising\/pulsera-de-seguridad-refelectante-tpu-de-38-cm-rfx-para-personalizar-con-logo\/#breadcrumb","itemListElement":[{"@type":"ListItem","position":1,"name":"Portada","item":"https:\/\/adl-regalosempresa.com\/tiendaonline\/"},{"@type":"ListItem","position":2,"name":"Tienda","item":"https:\/\/adl-regalosempresa.com\/tiendaonline\/tienda\/"},{"@type":"ListItem","position":3,"name":"Pulsera de seguridad refelectante TPU de 38 cm RFX\u2122 para personalizar con logo"}]},{"@type":"WebSite","@id":"https:\/\/adl-regalosempresa.com\/tiendaonline\/#website","url":"https:\/\/adl-regalosempresa.com\/tiendaonline\/","name":"ADL Comunicaci\u00f3n","description":"Regalos de empresa","publisher":{"@id":"https:\/\/adl-regalosempresa.com\/tiendaonline\/#organization"},"potentialAction":[{"@type":"SearchAction","target":{"@type":"EntryPoint","urlTemplate":"https:\/\/adl-regalosempresa.com\/tiendaonline\/?s={search_term_string}"},"query-input":{"@type":"PropertyValueSpecification","valueRequired":true,"valueName":"search_term_string"}}],"inLanguage":"es"},{"@type":"Organization","@id":"https:\/\/adl-regalosempresa.com\/tiendaonline\/#organization","name":"ADL Comunicaci\u00f3n","url":"https:\/\/adl-regalosempresa.com\/tiendaonline\/","logo":{"@type":"ImageObject","inLanguage":"es","@id":"https:\/\/adl-regalosempresa.com\/tiendaonline\/#\/schema\/logo\/image\/","url":"https:\/\/adl-regalosempresa.com\/tiendaonline\/wp-content\/uploads\/2017\/09\/logo-adl-wp.png","contentUrl":"https:\/\/adl-regalosempresa.com\/tiendaonline\/wp-content\/uploads\/2017\/09\/logo-adl-wp.png","width":407,"height":185,"caption":"ADL Comunicaci\u00f3n"},"image":{"@id":"https:\/\/adl-regalosempresa.com\/tiendaonline\/#\/schema\/logo\/image\/"}}]}},"_links":{"self":[{"href":"https:\/\/adl-regalosempresa.com\/tiendaonline\/wp-json\/wp\/v2\/product\/117785","targetHints":{"allow":["GET"]}}],"collection":[{"href":"https:\/\/adl-regalosempresa.com\/tiendaonline\/wp-json\/wp\/v2\/product"}],"about":[{"href":"https:\/\/adl-regalosempresa.com\/tiendaonline\/wp-json\/wp\/v2\/types\/product"}],"wp:featuredmedia":[{"embeddable":true,"href":"https:\/\/adl-regalosempresa.com\/tiendaonline\/wp-json\/wp\/v2\/media\/117787"}],"wp:attachment":[{"href":"https:\/\/adl-regalosempresa.com\/tiendaonline\/wp-json\/wp\/v2\/media?parent=117785"}],"wp:term":[{"taxonomy":"product_brand","embeddable":true,"href":"https:\/\/adl-regalosempresa.com\/tiendaonline\/wp-json\/wp\/v2\/product_brand?post=117785"},{"taxonomy":"product_cat","embeddable":true,"href":"https:\/\/adl-regalosempresa.com\/tiendaonline\/wp-json\/wp\/v2\/product_cat?post=117785"},{"taxonomy":"product_tag","embeddable":true,"href":"https:\/\/adl-regalosempresa.com\/tiendaonline\/wp-json\/wp\/v2\/product_tag?post=117785"}],"curies":[{"name":"wp","href":"https:\/\/api.w.org\/{rel}","templated":true}]}}