{"id":116511,"date":"2026-05-16T06:06:01","date_gmt":"2026-05-16T06:06:01","guid":{"rendered":"https:\/\/adl-regalosempresa.com\/tiendaonline\/articulos\/merchandising\/soporte-para-telefono-con-cargador-inalambrico-de-madera-de-10w-con-logotipo-retroiluminado-para-personalizar\/"},"modified":"2026-05-16T06:06:22","modified_gmt":"2026-05-16T06:06:22","slug":"soporte-para-telefono-con-cargador-inalambrico-de-madera-de-10w-con-logotipo-retroiluminado-scx-design-w26-para-personalizar-con-logo","status":"publish","type":"product","link":"https:\/\/adl-regalosempresa.com\/tiendaonline\/articulos\/merchandising\/soporte-para-telefono-con-cargador-inalambrico-de-madera-de-10w-con-logotipo-retroiluminado-scx-design-w26-para-personalizar-con-logo\/","title":{"rendered":"Soporte para tel\u00e9fono con cargador inal\u00e1mbrico de madera de 10W con logotipo retroiluminado SCX.design W26&#8243; para personalizar con logo"},"content":{"rendered":"<p>Soporte para tel\u00e9fono con carga inal\u00e1mbrica de 10W (14x7x 1,2 cm) hecho de madera de arce que procede de fuentes sostenibles, ecol\u00f3gica y socialmente responsables. La superficie de madera es perfectamente adecuada para el grabado l\u00e1ser, que retroiluminar\u00e1 el logotipo cuando se utilice el soporte del tel\u00e9fono. El soporte para tel\u00e9fono tiene dos sensores inal\u00e1mbricos, lo que significa que los tel\u00e9fonos se pueden cargar tanto en posici\u00f3n vertical como horizontal. Se entrega con un cable de carga fabricado con PET reciclado. Se presenta en una caja de regalo (15,9&#215;8,9&#215;3,2 cm) con cierre magn\u00e9tico. Incluye una garant\u00eda de tres a\u00f1os.<\/p>\n","protected":false},"excerpt":{"rendered":"<p><strong>Descuentos por cantidades<\/strong><br \/>&#8211; a partir de 50 unidades: 50,63 \u20ac\/ud<br \/>&#8211; a partir de 100 unidades: 47,67 \u20ac\/ud<br \/>&#8211; a partir de 250 unidades: 45,83 \u20ac\/ud<\/p>\n<p>Para cantidades superiores a las aqu\u00ed indicadas, no dudes en ponerte en contacto con nuestro departamento comercial o <a href='https:\/\/adl-regalosempresa.com\/tiendaonline\/solicitud-presupuesto\/'>pedirnos presupuesto personalizado<\/a>, ajustaremos el presupuesto a tus necesidades.<\/p>\n","protected":false},"featured_media":116513,"template":"","meta":{"_kad_post_transparent":"","_kad_post_title":"","_kad_post_layout":"","_kad_post_sidebar_id":"","_kad_post_content_style":"","_kad_post_vertical_padding":"","_kad_post_feature":"","_kad_post_feature_position":"","_kad_post_header":false,"_kad_post_footer":false,"_kad_post_classname":""},"product_brand":[],"product_cat":[5087,486],"product_tag":[],"class_list":{"0":"post-116511","1":"product","2":"type-product","3":"status-publish","4":"has-post-thumbnail","6":"product_cat-bases-y-soportes","7":"product_cat-tecnologia","8":"pa_alto-12-cm","9":"pa_ancho-7-cm","10":"pa_color-madera","11":"pa_color-simple-marron","12":"pa_largo-14-cm","13":"pa_marca-scx-design","14":"pa_material-madera","15":"pa_peso-120-gr","17":"first","18":"instock","19":"taxable","20":"shipping-taxable","21":"purchasable","22":"product-type-variable","23":"entry","24":"content-bg","25":"loop-entry"},"yoast_head":"<!-- This site is optimized with the Yoast SEO plugin v26.3 - https:\/\/yoast.com\/wordpress\/plugins\/seo\/ -->\n<title>Merchandising Soporte para tel\u00e9fono con cargador inal\u00e1mbrico de madera de 10W con logotipo retroiluminado SCX.design W26&quot; para personalizar con logo - ADL<\/title>\n<meta name=\"description\" content=\"Art\u00edculo de merchandising Soporte para tel\u00e9fono con cargador inal\u00e1mbrico de madera de 10W con logotipo retroiluminado SCX.design W26. Soporte para tel\u00e9fono con carga inal\u00e1mbrica de 10W (14x7x 1,2 cm) hecho de madera de arce que procede de fuentes sostenibles, ecol\u00f3gica y socialmente responsables. La superficie de madera es perfectamente adecuada para el grabado l\u00e1ser, que retroiluminar\u00e1 el logotipo cuando se utilice el soporte del tel\u00e9fono. El soporte para tel\u00e9fono tiene dos sensores inal\u00e1mbricos, lo que significa que los tel\u00e9fonos se pueden cargar tanto en posici\u00f3n vertical como horizontal. Se entrega con un cable de carga fabricado con PET reciclado. Se presenta en una caja de regalo (15,9x8,9x3,2 cm) con cierre magn\u00e9tico. Incluye una garant\u00eda de tres a\u00f1os.\" \/>\n<meta name=\"robots\" content=\"index, follow, max-snippet:-1, max-image-preview:large, max-video-preview:-1\" \/>\n<link rel=\"canonical\" href=\"https:\/\/adl-regalosempresa.com\/tiendaonline\/articulos\/merchandising\/soporte-para-telefono-con-cargador-inalambrico-de-madera-de-10w-con-logotipo-retroiluminado-scx-design-w26-para-personalizar-con-logo\/\" \/>\n<meta property=\"og:locale\" content=\"es_ES\" \/>\n<meta property=\"og:type\" content=\"article\" \/>\n<meta property=\"og:title\" content=\"Merchandising Soporte para tel\u00e9fono con cargador inal\u00e1mbrico de madera de 10W con logotipo retroiluminado SCX.design W26&quot; para personalizar con logo - ADL\" \/>\n<meta property=\"og:description\" content=\"Art\u00edculo de merchandising Soporte para tel\u00e9fono con cargador inal\u00e1mbrico de madera de 10W con logotipo retroiluminado SCX.design W26. Soporte para tel\u00e9fono con carga inal\u00e1mbrica de 10W (14x7x 1,2 cm) hecho de madera de arce que procede de fuentes sostenibles, ecol\u00f3gica y socialmente responsables. La superficie de madera es perfectamente adecuada para el grabado l\u00e1ser, que retroiluminar\u00e1 el logotipo cuando se utilice el soporte del tel\u00e9fono. El soporte para tel\u00e9fono tiene dos sensores inal\u00e1mbricos, lo que significa que los tel\u00e9fonos se pueden cargar tanto en posici\u00f3n vertical como horizontal. Se entrega con un cable de carga fabricado con PET reciclado. Se presenta en una caja de regalo (15,9x8,9x3,2 cm) con cierre magn\u00e9tico. Incluye una garant\u00eda de tres a\u00f1os.\" \/>\n<meta property=\"og:url\" content=\"https:\/\/adl-regalosempresa.com\/tiendaonline\/articulos\/merchandising\/soporte-para-telefono-con-cargador-inalambrico-de-madera-de-10w-con-logotipo-retroiluminado-scx-design-w26-para-personalizar-con-logo\/\" \/>\n<meta property=\"og:site_name\" content=\"ADL Comunicaci\u00f3n\" \/>\n<meta property=\"article:modified_time\" content=\"2026-05-16T06:06:22+00:00\" \/>\n<meta property=\"og:image\" content=\"https:\/\/adl-regalosempresa.com\/tiendaonline\/wp-content\/uploads\/2022\/06\/1PX08371.jpg\" \/>\n\t<meta property=\"og:image:width\" content=\"1600\" \/>\n\t<meta property=\"og:image:height\" content=\"1600\" \/>\n\t<meta property=\"og:image:type\" content=\"image\/jpeg\" \/>\n<meta name=\"twitter:card\" content=\"summary_large_image\" \/>\n<meta name=\"twitter:title\" content=\"Merchandising Soporte para tel\u00e9fono con cargador inal\u00e1mbrico de madera de 10W con logotipo retroiluminado SCX.design W26&quot; para personalizar con logo - ADL\" \/>\n<meta name=\"twitter:label1\" content=\"Tiempo de lectura\" \/>\n\t<meta name=\"twitter:data1\" content=\"1 minuto\" \/>\n<script type=\"application\/ld+json\" class=\"yoast-schema-graph\">{\"@context\":\"https:\/\/schema.org\",\"@graph\":[{\"@type\":\"WebPage\",\"@id\":\"https:\/\/adl-regalosempresa.com\/tiendaonline\/articulos\/merchandising\/soporte-para-telefono-con-cargador-inalambrico-de-madera-de-10w-con-logotipo-retroiluminado-scx-design-w26-para-personalizar-con-logo\/\",\"url\":\"https:\/\/adl-regalosempresa.com\/tiendaonline\/articulos\/merchandising\/soporte-para-telefono-con-cargador-inalambrico-de-madera-de-10w-con-logotipo-retroiluminado-scx-design-w26-para-personalizar-con-logo\/\",\"name\":\"Merchandising Soporte para tel\u00e9fono con cargador inal\u00e1mbrico de madera de 10W con logotipo retroiluminado SCX.design W26\\\" para personalizar con logo - ADL\",\"isPartOf\":{\"@id\":\"https:\/\/adl-regalosempresa.com\/tiendaonline\/#website\"},\"primaryImageOfPage\":{\"@id\":\"https:\/\/adl-regalosempresa.com\/tiendaonline\/articulos\/merchandising\/soporte-para-telefono-con-cargador-inalambrico-de-madera-de-10w-con-logotipo-retroiluminado-scx-design-w26-para-personalizar-con-logo\/#primaryimage\"},\"image\":{\"@id\":\"https:\/\/adl-regalosempresa.com\/tiendaonline\/articulos\/merchandising\/soporte-para-telefono-con-cargador-inalambrico-de-madera-de-10w-con-logotipo-retroiluminado-scx-design-w26-para-personalizar-con-logo\/#primaryimage\"},\"thumbnailUrl\":\"https:\/\/adl-regalosempresa.com\/tiendaonline\/wp-content\/uploads\/2022\/06\/1PX08371.jpg\",\"datePublished\":\"2026-05-16T06:06:01+00:00\",\"dateModified\":\"2026-05-16T06:06:22+00:00\",\"description\":\"Art\u00edculo de merchandising Soporte para tel\u00e9fono con cargador inal\u00e1mbrico de madera de 10W con logotipo retroiluminado SCX.design W26. Soporte para tel\u00e9fono con carga inal\u00e1mbrica de 10W (14x7x 1,2 cm) hecho de madera de arce que procede de fuentes sostenibles, ecol\u00f3gica y socialmente responsables. La superficie de madera es perfectamente adecuada para el grabado l\u00e1ser, que retroiluminar\u00e1 el logotipo cuando se utilice el soporte del tel\u00e9fono. El soporte para tel\u00e9fono tiene dos sensores inal\u00e1mbricos, lo que significa que los tel\u00e9fonos se pueden cargar tanto en posici\u00f3n vertical como horizontal. Se entrega con un cable de carga fabricado con PET reciclado. Se presenta en una caja de regalo (15,9x8,9x3,2 cm) con cierre magn\u00e9tico. Incluye una garant\u00eda de tres a\u00f1os.\",\"breadcrumb\":{\"@id\":\"https:\/\/adl-regalosempresa.com\/tiendaonline\/articulos\/merchandising\/soporte-para-telefono-con-cargador-inalambrico-de-madera-de-10w-con-logotipo-retroiluminado-scx-design-w26-para-personalizar-con-logo\/#breadcrumb\"},\"inLanguage\":\"es\",\"potentialAction\":[{\"@type\":\"ReadAction\",\"target\":[\"https:\/\/adl-regalosempresa.com\/tiendaonline\/articulos\/merchandising\/soporte-para-telefono-con-cargador-inalambrico-de-madera-de-10w-con-logotipo-retroiluminado-scx-design-w26-para-personalizar-con-logo\/\"]}]},{\"@type\":\"ImageObject\",\"inLanguage\":\"es\",\"@id\":\"https:\/\/adl-regalosempresa.com\/tiendaonline\/articulos\/merchandising\/soporte-para-telefono-con-cargador-inalambrico-de-madera-de-10w-con-logotipo-retroiluminado-scx-design-w26-para-personalizar-con-logo\/#primaryimage\",\"url\":\"https:\/\/adl-regalosempresa.com\/tiendaonline\/wp-content\/uploads\/2022\/06\/1PX08371.jpg\",\"contentUrl\":\"https:\/\/adl-regalosempresa.com\/tiendaonline\/wp-content\/uploads\/2022\/06\/1PX08371.jpg\",\"width\":1600,\"height\":1600,\"caption\":\"Soporte para tel\u00e9fono con cargador inal\u00e1mbrico de madera de 10W con logotipo retroiluminado SCX.design W26\"},{\"@type\":\"BreadcrumbList\",\"@id\":\"https:\/\/adl-regalosempresa.com\/tiendaonline\/articulos\/merchandising\/soporte-para-telefono-con-cargador-inalambrico-de-madera-de-10w-con-logotipo-retroiluminado-scx-design-w26-para-personalizar-con-logo\/#breadcrumb\",\"itemListElement\":[{\"@type\":\"ListItem\",\"position\":1,\"name\":\"Portada\",\"item\":\"https:\/\/adl-regalosempresa.com\/tiendaonline\/\"},{\"@type\":\"ListItem\",\"position\":2,\"name\":\"Tienda\",\"item\":\"https:\/\/adl-regalosempresa.com\/tiendaonline\/tienda\/\"},{\"@type\":\"ListItem\",\"position\":3,\"name\":\"Soporte para tel\u00e9fono con cargador inal\u00e1mbrico de madera de 10W con logotipo retroiluminado SCX.design W26&#8243; para personalizar con logo\"}]},{\"@type\":\"WebSite\",\"@id\":\"https:\/\/adl-regalosempresa.com\/tiendaonline\/#website\",\"url\":\"https:\/\/adl-regalosempresa.com\/tiendaonline\/\",\"name\":\"ADL Comunicaci\u00f3n\",\"description\":\"Regalos de empresa\",\"publisher\":{\"@id\":\"https:\/\/adl-regalosempresa.com\/tiendaonline\/#organization\"},\"potentialAction\":[{\"@type\":\"SearchAction\",\"target\":{\"@type\":\"EntryPoint\",\"urlTemplate\":\"https:\/\/adl-regalosempresa.com\/tiendaonline\/?s={search_term_string}\"},\"query-input\":{\"@type\":\"PropertyValueSpecification\",\"valueRequired\":true,\"valueName\":\"search_term_string\"}}],\"inLanguage\":\"es\"},{\"@type\":\"Organization\",\"@id\":\"https:\/\/adl-regalosempresa.com\/tiendaonline\/#organization\",\"name\":\"ADL Comunicaci\u00f3n\",\"url\":\"https:\/\/adl-regalosempresa.com\/tiendaonline\/\",\"logo\":{\"@type\":\"ImageObject\",\"inLanguage\":\"es\",\"@id\":\"https:\/\/adl-regalosempresa.com\/tiendaonline\/#\/schema\/logo\/image\/\",\"url\":\"https:\/\/adl-regalosempresa.com\/tiendaonline\/wp-content\/uploads\/2017\/09\/logo-adl-wp.png\",\"contentUrl\":\"https:\/\/adl-regalosempresa.com\/tiendaonline\/wp-content\/uploads\/2017\/09\/logo-adl-wp.png\",\"width\":407,\"height\":185,\"caption\":\"ADL Comunicaci\u00f3n\"},\"image\":{\"@id\":\"https:\/\/adl-regalosempresa.com\/tiendaonline\/#\/schema\/logo\/image\/\"}}]}<\/script>\n<!-- \/ Yoast SEO plugin. -->","yoast_head_json":{"title":"Merchandising Soporte para tel\u00e9fono con cargador inal\u00e1mbrico de madera de 10W con logotipo retroiluminado SCX.design W26\" para personalizar con logo - ADL","description":"Art\u00edculo de merchandising Soporte para tel\u00e9fono con cargador inal\u00e1mbrico de madera de 10W con logotipo retroiluminado SCX.design W26. Soporte para tel\u00e9fono con carga inal\u00e1mbrica de 10W (14x7x 1,2 cm) hecho de madera de arce que procede de fuentes sostenibles, ecol\u00f3gica y socialmente responsables. La superficie de madera es perfectamente adecuada para el grabado l\u00e1ser, que retroiluminar\u00e1 el logotipo cuando se utilice el soporte del tel\u00e9fono. El soporte para tel\u00e9fono tiene dos sensores inal\u00e1mbricos, lo que significa que los tel\u00e9fonos se pueden cargar tanto en posici\u00f3n vertical como horizontal. Se entrega con un cable de carga fabricado con PET reciclado. Se presenta en una caja de regalo (15,9x8,9x3,2 cm) con cierre magn\u00e9tico. Incluye una garant\u00eda de tres a\u00f1os.","robots":{"index":"index","follow":"follow","max-snippet":"max-snippet:-1","max-image-preview":"max-image-preview:large","max-video-preview":"max-video-preview:-1"},"canonical":"https:\/\/adl-regalosempresa.com\/tiendaonline\/articulos\/merchandising\/soporte-para-telefono-con-cargador-inalambrico-de-madera-de-10w-con-logotipo-retroiluminado-scx-design-w26-para-personalizar-con-logo\/","og_locale":"es_ES","og_type":"article","og_title":"Merchandising Soporte para tel\u00e9fono con cargador inal\u00e1mbrico de madera de 10W con logotipo retroiluminado SCX.design W26\" para personalizar con logo - ADL","og_description":"Art\u00edculo de merchandising Soporte para tel\u00e9fono con cargador inal\u00e1mbrico de madera de 10W con logotipo retroiluminado SCX.design W26. Soporte para tel\u00e9fono con carga inal\u00e1mbrica de 10W (14x7x 1,2 cm) hecho de madera de arce que procede de fuentes sostenibles, ecol\u00f3gica y socialmente responsables. La superficie de madera es perfectamente adecuada para el grabado l\u00e1ser, que retroiluminar\u00e1 el logotipo cuando se utilice el soporte del tel\u00e9fono. El soporte para tel\u00e9fono tiene dos sensores inal\u00e1mbricos, lo que significa que los tel\u00e9fonos se pueden cargar tanto en posici\u00f3n vertical como horizontal. Se entrega con un cable de carga fabricado con PET reciclado. Se presenta en una caja de regalo (15,9x8,9x3,2 cm) con cierre magn\u00e9tico. Incluye una garant\u00eda de tres a\u00f1os.","og_url":"https:\/\/adl-regalosempresa.com\/tiendaonline\/articulos\/merchandising\/soporte-para-telefono-con-cargador-inalambrico-de-madera-de-10w-con-logotipo-retroiluminado-scx-design-w26-para-personalizar-con-logo\/","og_site_name":"ADL Comunicaci\u00f3n","article_modified_time":"2026-05-16T06:06:22+00:00","og_image":[{"width":1600,"height":1600,"url":"https:\/\/adl-regalosempresa.com\/tiendaonline\/wp-content\/uploads\/2022\/06\/1PX08371.jpg","type":"image\/jpeg"}],"twitter_card":"summary_large_image","twitter_title":"Merchandising Soporte para tel\u00e9fono con cargador inal\u00e1mbrico de madera de 10W con logotipo retroiluminado SCX.design W26\" para personalizar con logo - ADL","twitter_misc":{"Tiempo de lectura":"1 minuto"},"schema":{"@context":"https:\/\/schema.org","@graph":[{"@type":"WebPage","@id":"https:\/\/adl-regalosempresa.com\/tiendaonline\/articulos\/merchandising\/soporte-para-telefono-con-cargador-inalambrico-de-madera-de-10w-con-logotipo-retroiluminado-scx-design-w26-para-personalizar-con-logo\/","url":"https:\/\/adl-regalosempresa.com\/tiendaonline\/articulos\/merchandising\/soporte-para-telefono-con-cargador-inalambrico-de-madera-de-10w-con-logotipo-retroiluminado-scx-design-w26-para-personalizar-con-logo\/","name":"Merchandising Soporte para tel\u00e9fono con cargador inal\u00e1mbrico de madera de 10W con logotipo retroiluminado SCX.design W26\" para personalizar con logo - ADL","isPartOf":{"@id":"https:\/\/adl-regalosempresa.com\/tiendaonline\/#website"},"primaryImageOfPage":{"@id":"https:\/\/adl-regalosempresa.com\/tiendaonline\/articulos\/merchandising\/soporte-para-telefono-con-cargador-inalambrico-de-madera-de-10w-con-logotipo-retroiluminado-scx-design-w26-para-personalizar-con-logo\/#primaryimage"},"image":{"@id":"https:\/\/adl-regalosempresa.com\/tiendaonline\/articulos\/merchandising\/soporte-para-telefono-con-cargador-inalambrico-de-madera-de-10w-con-logotipo-retroiluminado-scx-design-w26-para-personalizar-con-logo\/#primaryimage"},"thumbnailUrl":"https:\/\/adl-regalosempresa.com\/tiendaonline\/wp-content\/uploads\/2022\/06\/1PX08371.jpg","datePublished":"2026-05-16T06:06:01+00:00","dateModified":"2026-05-16T06:06:22+00:00","description":"Art\u00edculo de merchandising Soporte para tel\u00e9fono con cargador inal\u00e1mbrico de madera de 10W con logotipo retroiluminado SCX.design W26. Soporte para tel\u00e9fono con carga inal\u00e1mbrica de 10W (14x7x 1,2 cm) hecho de madera de arce que procede de fuentes sostenibles, ecol\u00f3gica y socialmente responsables. La superficie de madera es perfectamente adecuada para el grabado l\u00e1ser, que retroiluminar\u00e1 el logotipo cuando se utilice el soporte del tel\u00e9fono. El soporte para tel\u00e9fono tiene dos sensores inal\u00e1mbricos, lo que significa que los tel\u00e9fonos se pueden cargar tanto en posici\u00f3n vertical como horizontal. Se entrega con un cable de carga fabricado con PET reciclado. Se presenta en una caja de regalo (15,9x8,9x3,2 cm) con cierre magn\u00e9tico. Incluye una garant\u00eda de tres a\u00f1os.","breadcrumb":{"@id":"https:\/\/adl-regalosempresa.com\/tiendaonline\/articulos\/merchandising\/soporte-para-telefono-con-cargador-inalambrico-de-madera-de-10w-con-logotipo-retroiluminado-scx-design-w26-para-personalizar-con-logo\/#breadcrumb"},"inLanguage":"es","potentialAction":[{"@type":"ReadAction","target":["https:\/\/adl-regalosempresa.com\/tiendaonline\/articulos\/merchandising\/soporte-para-telefono-con-cargador-inalambrico-de-madera-de-10w-con-logotipo-retroiluminado-scx-design-w26-para-personalizar-con-logo\/"]}]},{"@type":"ImageObject","inLanguage":"es","@id":"https:\/\/adl-regalosempresa.com\/tiendaonline\/articulos\/merchandising\/soporte-para-telefono-con-cargador-inalambrico-de-madera-de-10w-con-logotipo-retroiluminado-scx-design-w26-para-personalizar-con-logo\/#primaryimage","url":"https:\/\/adl-regalosempresa.com\/tiendaonline\/wp-content\/uploads\/2022\/06\/1PX08371.jpg","contentUrl":"https:\/\/adl-regalosempresa.com\/tiendaonline\/wp-content\/uploads\/2022\/06\/1PX08371.jpg","width":1600,"height":1600,"caption":"Soporte para tel\u00e9fono con cargador inal\u00e1mbrico de madera de 10W con logotipo retroiluminado SCX.design W26"},{"@type":"BreadcrumbList","@id":"https:\/\/adl-regalosempresa.com\/tiendaonline\/articulos\/merchandising\/soporte-para-telefono-con-cargador-inalambrico-de-madera-de-10w-con-logotipo-retroiluminado-scx-design-w26-para-personalizar-con-logo\/#breadcrumb","itemListElement":[{"@type":"ListItem","position":1,"name":"Portada","item":"https:\/\/adl-regalosempresa.com\/tiendaonline\/"},{"@type":"ListItem","position":2,"name":"Tienda","item":"https:\/\/adl-regalosempresa.com\/tiendaonline\/tienda\/"},{"@type":"ListItem","position":3,"name":"Soporte para tel\u00e9fono con cargador inal\u00e1mbrico de madera de 10W con logotipo retroiluminado SCX.design W26&#8243; para personalizar con logo"}]},{"@type":"WebSite","@id":"https:\/\/adl-regalosempresa.com\/tiendaonline\/#website","url":"https:\/\/adl-regalosempresa.com\/tiendaonline\/","name":"ADL Comunicaci\u00f3n","description":"Regalos de empresa","publisher":{"@id":"https:\/\/adl-regalosempresa.com\/tiendaonline\/#organization"},"potentialAction":[{"@type":"SearchAction","target":{"@type":"EntryPoint","urlTemplate":"https:\/\/adl-regalosempresa.com\/tiendaonline\/?s={search_term_string}"},"query-input":{"@type":"PropertyValueSpecification","valueRequired":true,"valueName":"search_term_string"}}],"inLanguage":"es"},{"@type":"Organization","@id":"https:\/\/adl-regalosempresa.com\/tiendaonline\/#organization","name":"ADL Comunicaci\u00f3n","url":"https:\/\/adl-regalosempresa.com\/tiendaonline\/","logo":{"@type":"ImageObject","inLanguage":"es","@id":"https:\/\/adl-regalosempresa.com\/tiendaonline\/#\/schema\/logo\/image\/","url":"https:\/\/adl-regalosempresa.com\/tiendaonline\/wp-content\/uploads\/2017\/09\/logo-adl-wp.png","contentUrl":"https:\/\/adl-regalosempresa.com\/tiendaonline\/wp-content\/uploads\/2017\/09\/logo-adl-wp.png","width":407,"height":185,"caption":"ADL Comunicaci\u00f3n"},"image":{"@id":"https:\/\/adl-regalosempresa.com\/tiendaonline\/#\/schema\/logo\/image\/"}}]}},"_links":{"self":[{"href":"https:\/\/adl-regalosempresa.com\/tiendaonline\/wp-json\/wp\/v2\/product\/116511","targetHints":{"allow":["GET"]}}],"collection":[{"href":"https:\/\/adl-regalosempresa.com\/tiendaonline\/wp-json\/wp\/v2\/product"}],"about":[{"href":"https:\/\/adl-regalosempresa.com\/tiendaonline\/wp-json\/wp\/v2\/types\/product"}],"wp:featuredmedia":[{"embeddable":true,"href":"https:\/\/adl-regalosempresa.com\/tiendaonline\/wp-json\/wp\/v2\/media\/116513"}],"wp:attachment":[{"href":"https:\/\/adl-regalosempresa.com\/tiendaonline\/wp-json\/wp\/v2\/media?parent=116511"}],"wp:term":[{"taxonomy":"product_brand","embeddable":true,"href":"https:\/\/adl-regalosempresa.com\/tiendaonline\/wp-json\/wp\/v2\/product_brand?post=116511"},{"taxonomy":"product_cat","embeddable":true,"href":"https:\/\/adl-regalosempresa.com\/tiendaonline\/wp-json\/wp\/v2\/product_cat?post=116511"},{"taxonomy":"product_tag","embeddable":true,"href":"https:\/\/adl-regalosempresa.com\/tiendaonline\/wp-json\/wp\/v2\/product_tag?post=116511"}],"curies":[{"name":"wp","href":"https:\/\/api.w.org\/{rel}","templated":true}]}}