{"id":116332,"date":"2026-03-31T06:08:03","date_gmt":"2026-03-31T06:08:03","guid":{"rendered":"https:\/\/adl-regalosempresa.com\/tiendaonline\/articulos\/merchandising\/bateria-externa-de-10000-mah-para-personalizar-3\/"},"modified":"2026-04-27T08:22:06","modified_gmt":"2026-04-27T08:22:06","slug":"bateria-externa-para-personalizar-con-logo-8","status":"publish","type":"product","link":"https:\/\/adl-regalosempresa.com\/tiendaonline\/articulos\/merchandising\/bateria-externa-para-personalizar-con-logo-8\/","title":{"rendered":"Bater\u00eda externa  para personalizar con logo"},"content":{"rendered":"<p>Energ\u00eda de alta capacidad biodegradable y compacta. Cable de carga incluido. Entrada: 5 V CC\/2000\u00a0mA. Salida 1: 5\u00a0V\u00a0CC\/2000\u00a0mA. Salida 2: 5 V CC\/2000\u00a0mA. Bater\u00eda: Pol\u00edmero de iones de litio.<\/p>\n","protected":false},"excerpt":{"rendered":"<p><strong>Descuentos por cantidades<\/strong><br \/>&#8211; a partir de 100 unidades: 22,15 \u20ac\/ud<br \/>&#8211; a partir de 200 unidades: 21,35 \u20ac\/ud<br \/>&#8211; a partir de 300 unidades: 19,86 \u20ac\/ud<\/p>\n<p>Para cantidades superiores a las aqu\u00ed indicadas, no dudes en ponerte en contacto con nuestro departamento comercial o <a href='https:\/\/adl-regalosempresa.com\/tiendaonline\/solicitud-presupuesto\/'>pedirnos presupuesto personalizado<\/a>, ajustaremos el presupuesto a tus necesidades.<\/p>\n","protected":false},"featured_media":116334,"template":"","meta":{"_kad_post_transparent":"","_kad_post_title":"","_kad_post_layout":"","_kad_post_sidebar_id":"","_kad_post_content_style":"","_kad_post_vertical_padding":"","_kad_post_feature":"","_kad_post_feature_position":"","_kad_post_header":false,"_kad_post_footer":false,"_kad_post_classname":""},"product_brand":[],"product_cat":[5085,486],"product_tag":[],"class_list":{"0":"post-116332","1":"product","2":"type-product","3":"status-publish","4":"has-post-thumbnail","6":"product_cat-baterias-externas","7":"product_cat-tecnologia","8":"pa_alto-14-cm","9":"pa_ancho-75-cm","10":"pa_capacidad-10000-mah","11":"pa_color-natural","12":"pa_color-simple-natural","13":"pa_largo-147-cm","14":"pa_marca-unbranded","15":"pa_material-paja-de-trigo-plastico-biodegradable","16":"pa_peso-250-gr","18":"first","19":"instock","20":"taxable","21":"shipping-taxable","22":"purchasable","23":"product-type-variable","24":"entry","25":"content-bg","26":"loop-entry"},"yoast_head":"<!-- This site is optimized with the Yoast SEO plugin v26.3 - https:\/\/yoast.com\/wordpress\/plugins\/seo\/ -->\n<title>Merchandising Bater\u00eda externa para personalizar con logo - ADL<\/title>\n<meta name=\"description\" content=\"Art\u00edculo de merchandising Bater\u00eda externa &quot;Eco&quot; de 10000 mAh. Energ\u00eda de alta capacidad biodegradable y compacta. Cable de carga incluido. Entrada: 5 V CC\/2000\u00a0mA. Salida 1: 5\u00a0V\u00a0CC\/2000\u00a0mA. Salida 2: 5 V CC\/2000\u00a0mA. Bater\u00eda: Pol\u00edmero de iones de litio.\" \/>\n<meta name=\"robots\" content=\"index, follow, max-snippet:-1, max-image-preview:large, max-video-preview:-1\" \/>\n<link rel=\"canonical\" href=\"https:\/\/adl-regalosempresa.com\/tiendaonline\/articulos\/merchandising\/bateria-externa-para-personalizar-con-logo-8\/\" \/>\n<meta property=\"og:locale\" content=\"es_ES\" \/>\n<meta property=\"og:type\" content=\"article\" \/>\n<meta property=\"og:title\" content=\"Merchandising Bater\u00eda externa para personalizar con logo - ADL\" \/>\n<meta property=\"og:description\" content=\"Art\u00edculo de merchandising Bater\u00eda externa &quot;Eco&quot; de 10000 mAh. Energ\u00eda de alta capacidad biodegradable y compacta. Cable de carga incluido. Entrada: 5 V CC\/2000\u00a0mA. Salida 1: 5\u00a0V\u00a0CC\/2000\u00a0mA. Salida 2: 5 V CC\/2000\u00a0mA. Bater\u00eda: Pol\u00edmero de iones de litio.\" \/>\n<meta property=\"og:url\" content=\"https:\/\/adl-regalosempresa.com\/tiendaonline\/articulos\/merchandising\/bateria-externa-para-personalizar-con-logo-8\/\" \/>\n<meta property=\"og:site_name\" content=\"ADL Comunicaci\u00f3n\" \/>\n<meta property=\"article:modified_time\" content=\"2026-04-27T08:22:06+00:00\" \/>\n<meta property=\"og:image\" content=\"https:\/\/adl-regalosempresa.com\/tiendaonline\/wp-content\/uploads\/2022\/06\/1Z71206.jpg\" \/>\n\t<meta property=\"og:image:width\" content=\"1600\" \/>\n\t<meta property=\"og:image:height\" content=\"1600\" \/>\n\t<meta property=\"og:image:type\" content=\"image\/jpeg\" \/>\n<meta name=\"twitter:card\" content=\"summary_large_image\" \/>\n<meta name=\"twitter:title\" content=\"Merchandising Bater\u00eda externa para personalizar con logo - ADL\" \/>\n<script type=\"application\/ld+json\" class=\"yoast-schema-graph\">{\"@context\":\"https:\/\/schema.org\",\"@graph\":[{\"@type\":\"WebPage\",\"@id\":\"https:\/\/adl-regalosempresa.com\/tiendaonline\/articulos\/merchandising\/bateria-externa-para-personalizar-con-logo-8\/\",\"url\":\"https:\/\/adl-regalosempresa.com\/tiendaonline\/articulos\/merchandising\/bateria-externa-para-personalizar-con-logo-8\/\",\"name\":\"Merchandising Bater\u00eda externa para personalizar con logo - ADL\",\"isPartOf\":{\"@id\":\"https:\/\/adl-regalosempresa.com\/tiendaonline\/#website\"},\"primaryImageOfPage\":{\"@id\":\"https:\/\/adl-regalosempresa.com\/tiendaonline\/articulos\/merchandising\/bateria-externa-para-personalizar-con-logo-8\/#primaryimage\"},\"image\":{\"@id\":\"https:\/\/adl-regalosempresa.com\/tiendaonline\/articulos\/merchandising\/bateria-externa-para-personalizar-con-logo-8\/#primaryimage\"},\"thumbnailUrl\":\"https:\/\/adl-regalosempresa.com\/tiendaonline\/wp-content\/uploads\/2022\/06\/1Z71206.jpg\",\"datePublished\":\"2026-03-31T06:08:03+00:00\",\"dateModified\":\"2026-04-27T08:22:06+00:00\",\"description\":\"Art\u00edculo de merchandising Bater\u00eda externa \\\"Eco\\\" de 10000 mAh. Energ\u00eda de alta capacidad biodegradable y compacta. Cable de carga incluido. Entrada: 5 V CC\/2000\u00a0mA. Salida 1: 5\u00a0V\u00a0CC\/2000\u00a0mA. Salida 2: 5 V CC\/2000\u00a0mA. Bater\u00eda: Pol\u00edmero de iones de litio.\",\"breadcrumb\":{\"@id\":\"https:\/\/adl-regalosempresa.com\/tiendaonline\/articulos\/merchandising\/bateria-externa-para-personalizar-con-logo-8\/#breadcrumb\"},\"inLanguage\":\"es\",\"potentialAction\":[{\"@type\":\"ReadAction\",\"target\":[\"https:\/\/adl-regalosempresa.com\/tiendaonline\/articulos\/merchandising\/bateria-externa-para-personalizar-con-logo-8\/\"]}]},{\"@type\":\"ImageObject\",\"inLanguage\":\"es\",\"@id\":\"https:\/\/adl-regalosempresa.com\/tiendaonline\/articulos\/merchandising\/bateria-externa-para-personalizar-con-logo-8\/#primaryimage\",\"url\":\"https:\/\/adl-regalosempresa.com\/tiendaonline\/wp-content\/uploads\/2022\/06\/1Z71206.jpg\",\"contentUrl\":\"https:\/\/adl-regalosempresa.com\/tiendaonline\/wp-content\/uploads\/2022\/06\/1Z71206.jpg\",\"width\":1600,\"height\":1600,\"caption\":\"Bater\u00eda externa \\\"Eco\\\" de 10000 mAh\"},{\"@type\":\"BreadcrumbList\",\"@id\":\"https:\/\/adl-regalosempresa.com\/tiendaonline\/articulos\/merchandising\/bateria-externa-para-personalizar-con-logo-8\/#breadcrumb\",\"itemListElement\":[{\"@type\":\"ListItem\",\"position\":1,\"name\":\"Portada\",\"item\":\"https:\/\/adl-regalosempresa.com\/tiendaonline\/\"},{\"@type\":\"ListItem\",\"position\":2,\"name\":\"Tienda\",\"item\":\"https:\/\/adl-regalosempresa.com\/tiendaonline\/tienda\/\"},{\"@type\":\"ListItem\",\"position\":3,\"name\":\"Bater\u00eda externa para personalizar con logo\"}]},{\"@type\":\"WebSite\",\"@id\":\"https:\/\/adl-regalosempresa.com\/tiendaonline\/#website\",\"url\":\"https:\/\/adl-regalosempresa.com\/tiendaonline\/\",\"name\":\"ADL Comunicaci\u00f3n\",\"description\":\"Regalos de empresa\",\"publisher\":{\"@id\":\"https:\/\/adl-regalosempresa.com\/tiendaonline\/#organization\"},\"potentialAction\":[{\"@type\":\"SearchAction\",\"target\":{\"@type\":\"EntryPoint\",\"urlTemplate\":\"https:\/\/adl-regalosempresa.com\/tiendaonline\/?s={search_term_string}\"},\"query-input\":{\"@type\":\"PropertyValueSpecification\",\"valueRequired\":true,\"valueName\":\"search_term_string\"}}],\"inLanguage\":\"es\"},{\"@type\":\"Organization\",\"@id\":\"https:\/\/adl-regalosempresa.com\/tiendaonline\/#organization\",\"name\":\"ADL Comunicaci\u00f3n\",\"url\":\"https:\/\/adl-regalosempresa.com\/tiendaonline\/\",\"logo\":{\"@type\":\"ImageObject\",\"inLanguage\":\"es\",\"@id\":\"https:\/\/adl-regalosempresa.com\/tiendaonline\/#\/schema\/logo\/image\/\",\"url\":\"https:\/\/adl-regalosempresa.com\/tiendaonline\/wp-content\/uploads\/2017\/09\/logo-adl-wp.png\",\"contentUrl\":\"https:\/\/adl-regalosempresa.com\/tiendaonline\/wp-content\/uploads\/2017\/09\/logo-adl-wp.png\",\"width\":407,\"height\":185,\"caption\":\"ADL Comunicaci\u00f3n\"},\"image\":{\"@id\":\"https:\/\/adl-regalosempresa.com\/tiendaonline\/#\/schema\/logo\/image\/\"}}]}<\/script>\n<!-- \/ Yoast SEO plugin. -->","yoast_head_json":{"title":"Merchandising Bater\u00eda externa para personalizar con logo - ADL","description":"Art\u00edculo de merchandising Bater\u00eda externa \"Eco\" de 10000 mAh. Energ\u00eda de alta capacidad biodegradable y compacta. Cable de carga incluido. Entrada: 5 V CC\/2000\u00a0mA. Salida 1: 5\u00a0V\u00a0CC\/2000\u00a0mA. Salida 2: 5 V CC\/2000\u00a0mA. Bater\u00eda: Pol\u00edmero de iones de litio.","robots":{"index":"index","follow":"follow","max-snippet":"max-snippet:-1","max-image-preview":"max-image-preview:large","max-video-preview":"max-video-preview:-1"},"canonical":"https:\/\/adl-regalosempresa.com\/tiendaonline\/articulos\/merchandising\/bateria-externa-para-personalizar-con-logo-8\/","og_locale":"es_ES","og_type":"article","og_title":"Merchandising Bater\u00eda externa para personalizar con logo - ADL","og_description":"Art\u00edculo de merchandising Bater\u00eda externa \"Eco\" de 10000 mAh. Energ\u00eda de alta capacidad biodegradable y compacta. Cable de carga incluido. Entrada: 5 V CC\/2000\u00a0mA. Salida 1: 5\u00a0V\u00a0CC\/2000\u00a0mA. Salida 2: 5 V CC\/2000\u00a0mA. Bater\u00eda: Pol\u00edmero de iones de litio.","og_url":"https:\/\/adl-regalosempresa.com\/tiendaonline\/articulos\/merchandising\/bateria-externa-para-personalizar-con-logo-8\/","og_site_name":"ADL Comunicaci\u00f3n","article_modified_time":"2026-04-27T08:22:06+00:00","og_image":[{"width":1600,"height":1600,"url":"https:\/\/adl-regalosempresa.com\/tiendaonline\/wp-content\/uploads\/2022\/06\/1Z71206.jpg","type":"image\/jpeg"}],"twitter_card":"summary_large_image","twitter_title":"Merchandising Bater\u00eda externa para personalizar con logo - ADL","schema":{"@context":"https:\/\/schema.org","@graph":[{"@type":"WebPage","@id":"https:\/\/adl-regalosempresa.com\/tiendaonline\/articulos\/merchandising\/bateria-externa-para-personalizar-con-logo-8\/","url":"https:\/\/adl-regalosempresa.com\/tiendaonline\/articulos\/merchandising\/bateria-externa-para-personalizar-con-logo-8\/","name":"Merchandising Bater\u00eda externa para personalizar con logo - ADL","isPartOf":{"@id":"https:\/\/adl-regalosempresa.com\/tiendaonline\/#website"},"primaryImageOfPage":{"@id":"https:\/\/adl-regalosempresa.com\/tiendaonline\/articulos\/merchandising\/bateria-externa-para-personalizar-con-logo-8\/#primaryimage"},"image":{"@id":"https:\/\/adl-regalosempresa.com\/tiendaonline\/articulos\/merchandising\/bateria-externa-para-personalizar-con-logo-8\/#primaryimage"},"thumbnailUrl":"https:\/\/adl-regalosempresa.com\/tiendaonline\/wp-content\/uploads\/2022\/06\/1Z71206.jpg","datePublished":"2026-03-31T06:08:03+00:00","dateModified":"2026-04-27T08:22:06+00:00","description":"Art\u00edculo de merchandising Bater\u00eda externa \"Eco\" de 10000 mAh. Energ\u00eda de alta capacidad biodegradable y compacta. Cable de carga incluido. Entrada: 5 V CC\/2000\u00a0mA. Salida 1: 5\u00a0V\u00a0CC\/2000\u00a0mA. Salida 2: 5 V CC\/2000\u00a0mA. Bater\u00eda: Pol\u00edmero de iones de litio.","breadcrumb":{"@id":"https:\/\/adl-regalosempresa.com\/tiendaonline\/articulos\/merchandising\/bateria-externa-para-personalizar-con-logo-8\/#breadcrumb"},"inLanguage":"es","potentialAction":[{"@type":"ReadAction","target":["https:\/\/adl-regalosempresa.com\/tiendaonline\/articulos\/merchandising\/bateria-externa-para-personalizar-con-logo-8\/"]}]},{"@type":"ImageObject","inLanguage":"es","@id":"https:\/\/adl-regalosempresa.com\/tiendaonline\/articulos\/merchandising\/bateria-externa-para-personalizar-con-logo-8\/#primaryimage","url":"https:\/\/adl-regalosempresa.com\/tiendaonline\/wp-content\/uploads\/2022\/06\/1Z71206.jpg","contentUrl":"https:\/\/adl-regalosempresa.com\/tiendaonline\/wp-content\/uploads\/2022\/06\/1Z71206.jpg","width":1600,"height":1600,"caption":"Bater\u00eda externa \"Eco\" de 10000 mAh"},{"@type":"BreadcrumbList","@id":"https:\/\/adl-regalosempresa.com\/tiendaonline\/articulos\/merchandising\/bateria-externa-para-personalizar-con-logo-8\/#breadcrumb","itemListElement":[{"@type":"ListItem","position":1,"name":"Portada","item":"https:\/\/adl-regalosempresa.com\/tiendaonline\/"},{"@type":"ListItem","position":2,"name":"Tienda","item":"https:\/\/adl-regalosempresa.com\/tiendaonline\/tienda\/"},{"@type":"ListItem","position":3,"name":"Bater\u00eda externa para personalizar con logo"}]},{"@type":"WebSite","@id":"https:\/\/adl-regalosempresa.com\/tiendaonline\/#website","url":"https:\/\/adl-regalosempresa.com\/tiendaonline\/","name":"ADL Comunicaci\u00f3n","description":"Regalos de empresa","publisher":{"@id":"https:\/\/adl-regalosempresa.com\/tiendaonline\/#organization"},"potentialAction":[{"@type":"SearchAction","target":{"@type":"EntryPoint","urlTemplate":"https:\/\/adl-regalosempresa.com\/tiendaonline\/?s={search_term_string}"},"query-input":{"@type":"PropertyValueSpecification","valueRequired":true,"valueName":"search_term_string"}}],"inLanguage":"es"},{"@type":"Organization","@id":"https:\/\/adl-regalosempresa.com\/tiendaonline\/#organization","name":"ADL Comunicaci\u00f3n","url":"https:\/\/adl-regalosempresa.com\/tiendaonline\/","logo":{"@type":"ImageObject","inLanguage":"es","@id":"https:\/\/adl-regalosempresa.com\/tiendaonline\/#\/schema\/logo\/image\/","url":"https:\/\/adl-regalosempresa.com\/tiendaonline\/wp-content\/uploads\/2017\/09\/logo-adl-wp.png","contentUrl":"https:\/\/adl-regalosempresa.com\/tiendaonline\/wp-content\/uploads\/2017\/09\/logo-adl-wp.png","width":407,"height":185,"caption":"ADL Comunicaci\u00f3n"},"image":{"@id":"https:\/\/adl-regalosempresa.com\/tiendaonline\/#\/schema\/logo\/image\/"}}]}},"_links":{"self":[{"href":"https:\/\/adl-regalosempresa.com\/tiendaonline\/wp-json\/wp\/v2\/product\/116332","targetHints":{"allow":["GET"]}}],"collection":[{"href":"https:\/\/adl-regalosempresa.com\/tiendaonline\/wp-json\/wp\/v2\/product"}],"about":[{"href":"https:\/\/adl-regalosempresa.com\/tiendaonline\/wp-json\/wp\/v2\/types\/product"}],"wp:featuredmedia":[{"embeddable":true,"href":"https:\/\/adl-regalosempresa.com\/tiendaonline\/wp-json\/wp\/v2\/media\/116334"}],"wp:attachment":[{"href":"https:\/\/adl-regalosempresa.com\/tiendaonline\/wp-json\/wp\/v2\/media?parent=116332"}],"wp:term":[{"taxonomy":"product_brand","embeddable":true,"href":"https:\/\/adl-regalosempresa.com\/tiendaonline\/wp-json\/wp\/v2\/product_brand?post=116332"},{"taxonomy":"product_cat","embeddable":true,"href":"https:\/\/adl-regalosempresa.com\/tiendaonline\/wp-json\/wp\/v2\/product_cat?post=116332"},{"taxonomy":"product_tag","embeddable":true,"href":"https:\/\/adl-regalosempresa.com\/tiendaonline\/wp-json\/wp\/v2\/product_tag?post=116332"}],"curies":[{"name":"wp","href":"https:\/\/api.w.org\/{rel}","templated":true}]}}