{"id":113864,"date":"2026-03-24T07:05:37","date_gmt":"2026-03-24T07:05:37","guid":{"rendered":"https:\/\/adl-regalosempresa.com\/tiendaonline\/articulos\/merchandising\/mykit-coche-kit-de-primeros-auxilios-para-personalizar\/"},"modified":"2026-04-19T07:51:04","modified_gmt":"2026-04-19T07:51:04","slug":"mykit-coche-kit-de-primeros-auxilios-para-personalizar-con-logo","status":"publish","type":"product","link":"https:\/\/adl-regalosempresa.com\/tiendaonline\/articulos\/merchandising\/mykit-coche-kit-de-primeros-auxilios-para-personalizar-con-logo\/","title":{"rendered":"MyKit Coche Kit de primeros auxilios para personalizar con logo"},"content":{"rendered":"<p>Kit de primeros auxilios ideal para tener en el coche. Este kit deber\u00eda estar presente en todo coche para estar perparado para tratar cualquier peque\u00f1a herida o emergencia. Contenido: 12 ap\u00f3sitos adhesivos resistentes al agua, 2 toallitas limpiadoras, 2 toallitas secas, 1 par de guantes deshechables, 1 toallita limpia-coce (2 pack), 1 toallita refrescante, 1 tijera mini. Todos los complementos de primeros auxilios cumplen todas las normativas de la UE. El precio incluye impresi\u00f3n a todo color en la etiqueta.<\/p>\n","protected":false},"excerpt":{"rendered":"<p><strong>Descuentos por cantidades<\/strong><br \/>&#8211; a partir de 250 unidades: 6,04 \u20ac\/ud<br \/>&#8211; a partir de 500 unidades: 5,71 \u20ac\/ud<br \/>&#8211; a partir de 1000 unidades: 5,41 \u20ac\/ud<\/p>\n<p>Para cantidades superiores a las aqu\u00ed indicadas, no dudes en ponerte en contacto con nuestro departamento comercial o <a href='https:\/\/adl-regalosempresa.com\/tiendaonline\/solicitud-presupuesto\/'>pedirnos presupuesto personalizado<\/a>, ajustaremos el presupuesto a tus necesidades.<\/p>\n","protected":false},"featured_media":113869,"template":"","meta":{"_kad_post_transparent":"","_kad_post_title":"","_kad_post_layout":"","_kad_post_sidebar_id":"","_kad_post_content_style":"","_kad_post_vertical_padding":"","_kad_post_feature":"","_kad_post_feature_position":"","_kad_post_header":false,"_kad_post_footer":false,"_kad_post_classname":""},"product_brand":[],"product_cat":[4130,4129],"product_tag":[],"class_list":{"0":"post-113864","1":"product","2":"type-product","3":"status-publish","4":"has-post-thumbnail","6":"product_cat-kits-de-primeros-auxilios","7":"product_cat-salud-y-cuidado-personal","8":"pa_alto-134-cm","9":"pa_ancho-3-cm","10":"pa_color-amarillo-transparente","11":"pa_color-azul-transparente","12":"pa_color-blanco-transparente","13":"pa_color-magenta-transparente","14":"pa_color-naranja","15":"pa_color-naranja-transparente","16":"pa_color-negro-intenso","17":"pa_color-negro-transparente","18":"pa_color-rojo-transparente","19":"pa_color-verde-transparente","20":"pa_color-simple-amarillo","21":"pa_color-simple-azul","22":"pa_color-simple-blanco","23":"pa_color-simple-naranja","24":"pa_color-simple-negro-intenso","25":"pa_color-simple-rojo","26":"pa_color-simple-rosa","27":"pa_color-simple-verde","28":"pa_largo-10-cm","29":"pa_marca-mykit","30":"pa_material-plastico","31":"pa_peso-95-gr","33":"first","34":"instock","35":"taxable","36":"shipping-taxable","37":"purchasable","38":"product-type-variable","39":"entry","40":"content-bg","41":"loop-entry"},"yoast_head":"<!-- This site is optimized with the Yoast SEO plugin v26.3 - https:\/\/yoast.com\/wordpress\/plugins\/seo\/ -->\n<title>Merchandising MyKit Coche Kit de primeros auxilios para personalizar con logo - ADL<\/title>\n<meta name=\"description\" content=\"Art\u00edculo de merchandising MyKit Coche Kit de primeros auxilios. Kit de primeros auxilios ideal para tener en el coche. Este kit deber\u00eda estar presente en todo coche para estar perparado para tratar cualquier peque\u00f1a herida o emergencia. Contenido: 12 ap\u00f3sitos adhesivos resistentes al agua, 2 toallitas limpiadoras, 2 toallitas secas, 1 par de guantes deshechables, 1 toallita limpia-coce (2 pack), 1 toallita refrescante, 1 tijera mini. Todos los complementos de primeros auxilios cumplen todas las normativas de la UE. El precio incluye impresi\u00f3n a todo color en la etiqueta.\" \/>\n<meta name=\"robots\" content=\"index, follow, max-snippet:-1, max-image-preview:large, max-video-preview:-1\" \/>\n<link rel=\"canonical\" href=\"https:\/\/adl-regalosempresa.com\/tiendaonline\/articulos\/merchandising\/mykit-coche-kit-de-primeros-auxilios-para-personalizar-con-logo\/\" \/>\n<meta property=\"og:locale\" content=\"es_ES\" \/>\n<meta property=\"og:type\" content=\"article\" \/>\n<meta property=\"og:title\" content=\"Merchandising MyKit Coche Kit de primeros auxilios para personalizar con logo - ADL\" \/>\n<meta property=\"og:description\" content=\"Art\u00edculo de merchandising MyKit Coche Kit de primeros auxilios. Kit de primeros auxilios ideal para tener en el coche. Este kit deber\u00eda estar presente en todo coche para estar perparado para tratar cualquier peque\u00f1a herida o emergencia. Contenido: 12 ap\u00f3sitos adhesivos resistentes al agua, 2 toallitas limpiadoras, 2 toallitas secas, 1 par de guantes deshechables, 1 toallita limpia-coce (2 pack), 1 toallita refrescante, 1 tijera mini. Todos los complementos de primeros auxilios cumplen todas las normativas de la UE. El precio incluye impresi\u00f3n a todo color en la etiqueta.\" \/>\n<meta property=\"og:url\" content=\"https:\/\/adl-regalosempresa.com\/tiendaonline\/articulos\/merchandising\/mykit-coche-kit-de-primeros-auxilios-para-personalizar-con-logo\/\" \/>\n<meta property=\"og:site_name\" content=\"ADL Comunicaci\u00f3n\" \/>\n<meta property=\"article:modified_time\" content=\"2026-04-19T07:51:04+00:00\" \/>\n<meta property=\"og:image\" content=\"https:\/\/adl-regalosempresa.com\/tiendaonline\/wp-content\/uploads\/2022\/06\/1Z250501.jpg\" \/>\n\t<meta property=\"og:image:width\" content=\"1600\" \/>\n\t<meta property=\"og:image:height\" content=\"1600\" \/>\n\t<meta property=\"og:image:type\" content=\"image\/jpeg\" \/>\n<meta name=\"twitter:card\" content=\"summary_large_image\" \/>\n<meta name=\"twitter:title\" content=\"Merchandising MyKit Coche Kit de primeros auxilios para personalizar con logo - ADL\" \/>\n<script type=\"application\/ld+json\" class=\"yoast-schema-graph\">{\"@context\":\"https:\/\/schema.org\",\"@graph\":[{\"@type\":\"WebPage\",\"@id\":\"https:\/\/adl-regalosempresa.com\/tiendaonline\/articulos\/merchandising\/mykit-coche-kit-de-primeros-auxilios-para-personalizar-con-logo\/\",\"url\":\"https:\/\/adl-regalosempresa.com\/tiendaonline\/articulos\/merchandising\/mykit-coche-kit-de-primeros-auxilios-para-personalizar-con-logo\/\",\"name\":\"Merchandising MyKit Coche Kit de primeros auxilios para personalizar con logo - ADL\",\"isPartOf\":{\"@id\":\"https:\/\/adl-regalosempresa.com\/tiendaonline\/#website\"},\"primaryImageOfPage\":{\"@id\":\"https:\/\/adl-regalosempresa.com\/tiendaonline\/articulos\/merchandising\/mykit-coche-kit-de-primeros-auxilios-para-personalizar-con-logo\/#primaryimage\"},\"image\":{\"@id\":\"https:\/\/adl-regalosempresa.com\/tiendaonline\/articulos\/merchandising\/mykit-coche-kit-de-primeros-auxilios-para-personalizar-con-logo\/#primaryimage\"},\"thumbnailUrl\":\"https:\/\/adl-regalosempresa.com\/tiendaonline\/wp-content\/uploads\/2022\/06\/1Z250501.jpg\",\"datePublished\":\"2026-03-24T07:05:37+00:00\",\"dateModified\":\"2026-04-19T07:51:04+00:00\",\"description\":\"Art\u00edculo de merchandising MyKit Coche Kit de primeros auxilios. Kit de primeros auxilios ideal para tener en el coche. Este kit deber\u00eda estar presente en todo coche para estar perparado para tratar cualquier peque\u00f1a herida o emergencia. Contenido: 12 ap\u00f3sitos adhesivos resistentes al agua, 2 toallitas limpiadoras, 2 toallitas secas, 1 par de guantes deshechables, 1 toallita limpia-coce (2 pack), 1 toallita refrescante, 1 tijera mini. Todos los complementos de primeros auxilios cumplen todas las normativas de la UE. El precio incluye impresi\u00f3n a todo color en la etiqueta.\",\"breadcrumb\":{\"@id\":\"https:\/\/adl-regalosempresa.com\/tiendaonline\/articulos\/merchandising\/mykit-coche-kit-de-primeros-auxilios-para-personalizar-con-logo\/#breadcrumb\"},\"inLanguage\":\"es\",\"potentialAction\":[{\"@type\":\"ReadAction\",\"target\":[\"https:\/\/adl-regalosempresa.com\/tiendaonline\/articulos\/merchandising\/mykit-coche-kit-de-primeros-auxilios-para-personalizar-con-logo\/\"]}]},{\"@type\":\"ImageObject\",\"inLanguage\":\"es\",\"@id\":\"https:\/\/adl-regalosempresa.com\/tiendaonline\/articulos\/merchandising\/mykit-coche-kit-de-primeros-auxilios-para-personalizar-con-logo\/#primaryimage\",\"url\":\"https:\/\/adl-regalosempresa.com\/tiendaonline\/wp-content\/uploads\/2022\/06\/1Z250501.jpg\",\"contentUrl\":\"https:\/\/adl-regalosempresa.com\/tiendaonline\/wp-content\/uploads\/2022\/06\/1Z250501.jpg\",\"width\":1600,\"height\":1600,\"caption\":\"MyKit Coche Kit de primeros auxilios\"},{\"@type\":\"BreadcrumbList\",\"@id\":\"https:\/\/adl-regalosempresa.com\/tiendaonline\/articulos\/merchandising\/mykit-coche-kit-de-primeros-auxilios-para-personalizar-con-logo\/#breadcrumb\",\"itemListElement\":[{\"@type\":\"ListItem\",\"position\":1,\"name\":\"Portada\",\"item\":\"https:\/\/adl-regalosempresa.com\/tiendaonline\/\"},{\"@type\":\"ListItem\",\"position\":2,\"name\":\"Tienda\",\"item\":\"https:\/\/adl-regalosempresa.com\/tiendaonline\/tienda\/\"},{\"@type\":\"ListItem\",\"position\":3,\"name\":\"MyKit Coche Kit de primeros auxilios para personalizar con logo\"}]},{\"@type\":\"WebSite\",\"@id\":\"https:\/\/adl-regalosempresa.com\/tiendaonline\/#website\",\"url\":\"https:\/\/adl-regalosempresa.com\/tiendaonline\/\",\"name\":\"ADL Comunicaci\u00f3n\",\"description\":\"Regalos de empresa\",\"publisher\":{\"@id\":\"https:\/\/adl-regalosempresa.com\/tiendaonline\/#organization\"},\"potentialAction\":[{\"@type\":\"SearchAction\",\"target\":{\"@type\":\"EntryPoint\",\"urlTemplate\":\"https:\/\/adl-regalosempresa.com\/tiendaonline\/?s={search_term_string}\"},\"query-input\":{\"@type\":\"PropertyValueSpecification\",\"valueRequired\":true,\"valueName\":\"search_term_string\"}}],\"inLanguage\":\"es\"},{\"@type\":\"Organization\",\"@id\":\"https:\/\/adl-regalosempresa.com\/tiendaonline\/#organization\",\"name\":\"ADL Comunicaci\u00f3n\",\"url\":\"https:\/\/adl-regalosempresa.com\/tiendaonline\/\",\"logo\":{\"@type\":\"ImageObject\",\"inLanguage\":\"es\",\"@id\":\"https:\/\/adl-regalosempresa.com\/tiendaonline\/#\/schema\/logo\/image\/\",\"url\":\"https:\/\/adl-regalosempresa.com\/tiendaonline\/wp-content\/uploads\/2017\/09\/logo-adl-wp.png\",\"contentUrl\":\"https:\/\/adl-regalosempresa.com\/tiendaonline\/wp-content\/uploads\/2017\/09\/logo-adl-wp.png\",\"width\":407,\"height\":185,\"caption\":\"ADL Comunicaci\u00f3n\"},\"image\":{\"@id\":\"https:\/\/adl-regalosempresa.com\/tiendaonline\/#\/schema\/logo\/image\/\"}}]}<\/script>\n<!-- \/ Yoast SEO plugin. -->","yoast_head_json":{"title":"Merchandising MyKit Coche Kit de primeros auxilios para personalizar con logo - ADL","description":"Art\u00edculo de merchandising MyKit Coche Kit de primeros auxilios. Kit de primeros auxilios ideal para tener en el coche. Este kit deber\u00eda estar presente en todo coche para estar perparado para tratar cualquier peque\u00f1a herida o emergencia. Contenido: 12 ap\u00f3sitos adhesivos resistentes al agua, 2 toallitas limpiadoras, 2 toallitas secas, 1 par de guantes deshechables, 1 toallita limpia-coce (2 pack), 1 toallita refrescante, 1 tijera mini. Todos los complementos de primeros auxilios cumplen todas las normativas de la UE. El precio incluye impresi\u00f3n a todo color en la etiqueta.","robots":{"index":"index","follow":"follow","max-snippet":"max-snippet:-1","max-image-preview":"max-image-preview:large","max-video-preview":"max-video-preview:-1"},"canonical":"https:\/\/adl-regalosempresa.com\/tiendaonline\/articulos\/merchandising\/mykit-coche-kit-de-primeros-auxilios-para-personalizar-con-logo\/","og_locale":"es_ES","og_type":"article","og_title":"Merchandising MyKit Coche Kit de primeros auxilios para personalizar con logo - ADL","og_description":"Art\u00edculo de merchandising MyKit Coche Kit de primeros auxilios. Kit de primeros auxilios ideal para tener en el coche. Este kit deber\u00eda estar presente en todo coche para estar perparado para tratar cualquier peque\u00f1a herida o emergencia. Contenido: 12 ap\u00f3sitos adhesivos resistentes al agua, 2 toallitas limpiadoras, 2 toallitas secas, 1 par de guantes deshechables, 1 toallita limpia-coce (2 pack), 1 toallita refrescante, 1 tijera mini. Todos los complementos de primeros auxilios cumplen todas las normativas de la UE. El precio incluye impresi\u00f3n a todo color en la etiqueta.","og_url":"https:\/\/adl-regalosempresa.com\/tiendaonline\/articulos\/merchandising\/mykit-coche-kit-de-primeros-auxilios-para-personalizar-con-logo\/","og_site_name":"ADL Comunicaci\u00f3n","article_modified_time":"2026-04-19T07:51:04+00:00","og_image":[{"width":1600,"height":1600,"url":"https:\/\/adl-regalosempresa.com\/tiendaonline\/wp-content\/uploads\/2022\/06\/1Z250501.jpg","type":"image\/jpeg"}],"twitter_card":"summary_large_image","twitter_title":"Merchandising MyKit Coche Kit de primeros auxilios para personalizar con logo - ADL","schema":{"@context":"https:\/\/schema.org","@graph":[{"@type":"WebPage","@id":"https:\/\/adl-regalosempresa.com\/tiendaonline\/articulos\/merchandising\/mykit-coche-kit-de-primeros-auxilios-para-personalizar-con-logo\/","url":"https:\/\/adl-regalosempresa.com\/tiendaonline\/articulos\/merchandising\/mykit-coche-kit-de-primeros-auxilios-para-personalizar-con-logo\/","name":"Merchandising MyKit Coche Kit de primeros auxilios para personalizar con logo - ADL","isPartOf":{"@id":"https:\/\/adl-regalosempresa.com\/tiendaonline\/#website"},"primaryImageOfPage":{"@id":"https:\/\/adl-regalosempresa.com\/tiendaonline\/articulos\/merchandising\/mykit-coche-kit-de-primeros-auxilios-para-personalizar-con-logo\/#primaryimage"},"image":{"@id":"https:\/\/adl-regalosempresa.com\/tiendaonline\/articulos\/merchandising\/mykit-coche-kit-de-primeros-auxilios-para-personalizar-con-logo\/#primaryimage"},"thumbnailUrl":"https:\/\/adl-regalosempresa.com\/tiendaonline\/wp-content\/uploads\/2022\/06\/1Z250501.jpg","datePublished":"2026-03-24T07:05:37+00:00","dateModified":"2026-04-19T07:51:04+00:00","description":"Art\u00edculo de merchandising MyKit Coche Kit de primeros auxilios. Kit de primeros auxilios ideal para tener en el coche. Este kit deber\u00eda estar presente en todo coche para estar perparado para tratar cualquier peque\u00f1a herida o emergencia. Contenido: 12 ap\u00f3sitos adhesivos resistentes al agua, 2 toallitas limpiadoras, 2 toallitas secas, 1 par de guantes deshechables, 1 toallita limpia-coce (2 pack), 1 toallita refrescante, 1 tijera mini. Todos los complementos de primeros auxilios cumplen todas las normativas de la UE. El precio incluye impresi\u00f3n a todo color en la etiqueta.","breadcrumb":{"@id":"https:\/\/adl-regalosempresa.com\/tiendaonline\/articulos\/merchandising\/mykit-coche-kit-de-primeros-auxilios-para-personalizar-con-logo\/#breadcrumb"},"inLanguage":"es","potentialAction":[{"@type":"ReadAction","target":["https:\/\/adl-regalosempresa.com\/tiendaonline\/articulos\/merchandising\/mykit-coche-kit-de-primeros-auxilios-para-personalizar-con-logo\/"]}]},{"@type":"ImageObject","inLanguage":"es","@id":"https:\/\/adl-regalosempresa.com\/tiendaonline\/articulos\/merchandising\/mykit-coche-kit-de-primeros-auxilios-para-personalizar-con-logo\/#primaryimage","url":"https:\/\/adl-regalosempresa.com\/tiendaonline\/wp-content\/uploads\/2022\/06\/1Z250501.jpg","contentUrl":"https:\/\/adl-regalosempresa.com\/tiendaonline\/wp-content\/uploads\/2022\/06\/1Z250501.jpg","width":1600,"height":1600,"caption":"MyKit Coche Kit de primeros auxilios"},{"@type":"BreadcrumbList","@id":"https:\/\/adl-regalosempresa.com\/tiendaonline\/articulos\/merchandising\/mykit-coche-kit-de-primeros-auxilios-para-personalizar-con-logo\/#breadcrumb","itemListElement":[{"@type":"ListItem","position":1,"name":"Portada","item":"https:\/\/adl-regalosempresa.com\/tiendaonline\/"},{"@type":"ListItem","position":2,"name":"Tienda","item":"https:\/\/adl-regalosempresa.com\/tiendaonline\/tienda\/"},{"@type":"ListItem","position":3,"name":"MyKit Coche Kit de primeros auxilios para personalizar con logo"}]},{"@type":"WebSite","@id":"https:\/\/adl-regalosempresa.com\/tiendaonline\/#website","url":"https:\/\/adl-regalosempresa.com\/tiendaonline\/","name":"ADL Comunicaci\u00f3n","description":"Regalos de empresa","publisher":{"@id":"https:\/\/adl-regalosempresa.com\/tiendaonline\/#organization"},"potentialAction":[{"@type":"SearchAction","target":{"@type":"EntryPoint","urlTemplate":"https:\/\/adl-regalosempresa.com\/tiendaonline\/?s={search_term_string}"},"query-input":{"@type":"PropertyValueSpecification","valueRequired":true,"valueName":"search_term_string"}}],"inLanguage":"es"},{"@type":"Organization","@id":"https:\/\/adl-regalosempresa.com\/tiendaonline\/#organization","name":"ADL Comunicaci\u00f3n","url":"https:\/\/adl-regalosempresa.com\/tiendaonline\/","logo":{"@type":"ImageObject","inLanguage":"es","@id":"https:\/\/adl-regalosempresa.com\/tiendaonline\/#\/schema\/logo\/image\/","url":"https:\/\/adl-regalosempresa.com\/tiendaonline\/wp-content\/uploads\/2017\/09\/logo-adl-wp.png","contentUrl":"https:\/\/adl-regalosempresa.com\/tiendaonline\/wp-content\/uploads\/2017\/09\/logo-adl-wp.png","width":407,"height":185,"caption":"ADL Comunicaci\u00f3n"},"image":{"@id":"https:\/\/adl-regalosempresa.com\/tiendaonline\/#\/schema\/logo\/image\/"}}]}},"_links":{"self":[{"href":"https:\/\/adl-regalosempresa.com\/tiendaonline\/wp-json\/wp\/v2\/product\/113864","targetHints":{"allow":["GET"]}}],"collection":[{"href":"https:\/\/adl-regalosempresa.com\/tiendaonline\/wp-json\/wp\/v2\/product"}],"about":[{"href":"https:\/\/adl-regalosempresa.com\/tiendaonline\/wp-json\/wp\/v2\/types\/product"}],"wp:featuredmedia":[{"embeddable":true,"href":"https:\/\/adl-regalosempresa.com\/tiendaonline\/wp-json\/wp\/v2\/media\/113869"}],"wp:attachment":[{"href":"https:\/\/adl-regalosempresa.com\/tiendaonline\/wp-json\/wp\/v2\/media?parent=113864"}],"wp:term":[{"taxonomy":"product_brand","embeddable":true,"href":"https:\/\/adl-regalosempresa.com\/tiendaonline\/wp-json\/wp\/v2\/product_brand?post=113864"},{"taxonomy":"product_cat","embeddable":true,"href":"https:\/\/adl-regalosempresa.com\/tiendaonline\/wp-json\/wp\/v2\/product_cat?post=113864"},{"taxonomy":"product_tag","embeddable":true,"href":"https:\/\/adl-regalosempresa.com\/tiendaonline\/wp-json\/wp\/v2\/product_tag?post=113864"}],"curies":[{"name":"wp","href":"https:\/\/api.w.org\/{rel}","templated":true}]}}