{"id":113624,"date":"2026-03-31T06:04:14","date_gmt":"2026-03-31T06:04:14","guid":{"rendered":"https:\/\/adl-regalosempresa.com\/tiendaonline\/articulos\/merchandising\/scx-design-s26-light-up-anillo-altavoz-retroiluminado-para-personalizar\/"},"modified":"2026-04-10T08:56:14","modified_gmt":"2026-04-10T08:56:14","slug":"scx-design-s26-light-up-anillo-altavoz-retroiluminado-para-personalizar-con-logo","status":"publish","type":"product","link":"https:\/\/adl-regalosempresa.com\/tiendaonline\/articulos\/merchandising\/scx-design-s26-light-up-anillo-altavoz-retroiluminado-para-personalizar-con-logo\/","title":{"rendered":"SCX.design S26 light-up anillo altavoz retroiluminado para personalizar con logo"},"content":{"rendered":"<p>Altavoz inal\u00e1mbrico de 3 W con Bluetooth\u00ae y logotipo retroiluminado con tratamiento antibacteriano. Doble salida de sonido para una calidad de sonido inigualable para un altavoz de este tama\u00f1o. El altavoz con anilla puede inclinarse para dirigir el sonido en cualquier direcci\u00f3n. Incorpora un micr\u00f3fono y funci\u00f3n de llamada en conferencia. Capacidad: Bater\u00eda de 500 mAh &#8211; 3,7 V. Frecuencia: 50 Hz &#8211; 20 KHz. Salida de sonido: 1 \u00d7 3 W. Impedancia: 4\u00a0\u03a9. Bluetooth\u00ae 4.2. Peso neto: 100 gramos. Tama\u00f1o: \u2205 50 mm \u00d7 45 mm. Viene con una caja de regalo con cierre magn\u00e9tico, fabricada con papel reciclado.<\/p>\n","protected":false},"excerpt":{"rendered":"<p><strong>Descuentos por cantidades<\/strong><br \/>&#8211; a partir de 50 unidades: 33,58 \u20ac\/ud<br \/>&#8211; a partir de 100 unidades: 29,9 \u20ac\/ud<br \/>&#8211; a partir de 250 unidades: 29,04 \u20ac\/ud<\/p>\n<p>Para cantidades superiores a las aqu\u00ed indicadas, no dudes en ponerte en contacto con nuestro departamento comercial o <a href='https:\/\/adl-regalosempresa.com\/tiendaonline\/solicitud-presupuesto\/'>pedirnos presupuesto personalizado<\/a>, ajustaremos el presupuesto a tus necesidades.<\/p>\n","protected":false},"featured_media":113626,"template":"","meta":{"_kad_post_transparent":"","_kad_post_title":"","_kad_post_layout":"","_kad_post_sidebar_id":"","_kad_post_content_style":"","_kad_post_vertical_padding":"","_kad_post_feature":"","_kad_post_feature_position":"","_kad_post_header":false,"_kad_post_footer":false,"_kad_post_classname":""},"product_brand":[],"product_cat":[8021,486],"product_tag":[],"class_list":{"0":"post-113624","1":"product","2":"type-product","3":"status-publish","4":"has-post-thumbnail","6":"product_cat-altavoces","7":"product_cat-tecnologia","8":"pa_alto-45-cm","9":"pa_color-azul-reflex-negro-intenso","10":"pa_color-azul-zafiro-blanco","11":"pa_color-bronce-blanco","12":"pa_color-dorado-blanco","13":"pa_color-morado-blanco","14":"pa_color-negro-intenso-blanco","15":"pa_color-rojo-medio-negro-intenso","16":"pa_color-simple-blanco","17":"pa_color-simple-negro-intenso","18":"pa_color-simple-rojo","19":"pa_diametro-5-cm","20":"pa_marca-scx-design","21":"pa_material-plastico-abs-caucho-metal","22":"pa_peso-87-gr","24":"first","25":"instock","26":"taxable","27":"shipping-taxable","28":"purchasable","29":"product-type-variable","30":"entry","31":"content-bg","32":"loop-entry"},"yoast_head":"<!-- This site is optimized with the Yoast SEO plugin v26.3 - https:\/\/yoast.com\/wordpress\/plugins\/seo\/ -->\n<title>Merchandising SCX.design S26 light-up anillo altavoz retroiluminado para personalizar con logo - ADL<\/title>\n<meta name=\"description\" content=\"Art\u00edculo de merchandising SCX.design S26 light-up anillo altavoz retroiluminado. Altavoz inal\u00e1mbrico de 3 W con Bluetooth\u00ae y logotipo retroiluminado con tratamiento antibacteriano. Doble salida de sonido para una calidad de sonido inigualable para un altavoz de este tama\u00f1o. El altavoz con anilla puede inclinarse para dirigir el sonido en cualquier direcci\u00f3n. Incorpora un micr\u00f3fono y funci\u00f3n de llamada en conferencia. Capacidad: Bater\u00eda de 500 mAh - 3,7 V. Frecuencia: 50 Hz - 20 KHz. Salida de sonido: 1 \u00d7 3 W. Impedancia: 4\u00a0\u03a9. Bluetooth\u00ae 4.2. Peso neto: 100 gramos. Tama\u00f1o: \u2205 50 mm \u00d7 45 mm. Viene con una caja de regalo con cierre magn\u00e9tico, fabricada con papel reciclado.\" \/>\n<meta name=\"robots\" content=\"index, follow, max-snippet:-1, max-image-preview:large, max-video-preview:-1\" \/>\n<link rel=\"canonical\" href=\"https:\/\/adl-regalosempresa.com\/tiendaonline\/articulos\/merchandising\/scx-design-s26-light-up-anillo-altavoz-retroiluminado-para-personalizar-con-logo\/\" \/>\n<meta property=\"og:locale\" content=\"es_ES\" \/>\n<meta property=\"og:type\" content=\"article\" \/>\n<meta property=\"og:title\" content=\"Merchandising SCX.design S26 light-up anillo altavoz retroiluminado para personalizar con logo - ADL\" \/>\n<meta property=\"og:description\" content=\"Art\u00edculo de merchandising SCX.design S26 light-up anillo altavoz retroiluminado. Altavoz inal\u00e1mbrico de 3 W con Bluetooth\u00ae y logotipo retroiluminado con tratamiento antibacteriano. Doble salida de sonido para una calidad de sonido inigualable para un altavoz de este tama\u00f1o. El altavoz con anilla puede inclinarse para dirigir el sonido en cualquier direcci\u00f3n. Incorpora un micr\u00f3fono y funci\u00f3n de llamada en conferencia. Capacidad: Bater\u00eda de 500 mAh - 3,7 V. Frecuencia: 50 Hz - 20 KHz. Salida de sonido: 1 \u00d7 3 W. Impedancia: 4\u00a0\u03a9. Bluetooth\u00ae 4.2. Peso neto: 100 gramos. Tama\u00f1o: \u2205 50 mm \u00d7 45 mm. Viene con una caja de regalo con cierre magn\u00e9tico, fabricada con papel reciclado.\" \/>\n<meta property=\"og:url\" content=\"https:\/\/adl-regalosempresa.com\/tiendaonline\/articulos\/merchandising\/scx-design-s26-light-up-anillo-altavoz-retroiluminado-para-personalizar-con-logo\/\" \/>\n<meta property=\"og:site_name\" content=\"ADL Comunicaci\u00f3n\" \/>\n<meta property=\"article:modified_time\" content=\"2026-04-10T08:56:14+00:00\" \/>\n<meta property=\"og:image\" content=\"https:\/\/adl-regalosempresa.com\/tiendaonline\/wp-content\/uploads\/2022\/06\/1PX02400.jpg\" \/>\n\t<meta property=\"og:image:width\" content=\"1600\" \/>\n\t<meta property=\"og:image:height\" content=\"1600\" \/>\n\t<meta property=\"og:image:type\" content=\"image\/jpeg\" \/>\n<meta name=\"twitter:card\" content=\"summary_large_image\" \/>\n<meta name=\"twitter:title\" content=\"Merchandising SCX.design S26 light-up anillo altavoz retroiluminado para personalizar con logo - ADL\" \/>\n<script type=\"application\/ld+json\" class=\"yoast-schema-graph\">{\"@context\":\"https:\/\/schema.org\",\"@graph\":[{\"@type\":\"WebPage\",\"@id\":\"https:\/\/adl-regalosempresa.com\/tiendaonline\/articulos\/merchandising\/scx-design-s26-light-up-anillo-altavoz-retroiluminado-para-personalizar-con-logo\/\",\"url\":\"https:\/\/adl-regalosempresa.com\/tiendaonline\/articulos\/merchandising\/scx-design-s26-light-up-anillo-altavoz-retroiluminado-para-personalizar-con-logo\/\",\"name\":\"Merchandising SCX.design S26 light-up anillo altavoz retroiluminado para personalizar con logo - ADL\",\"isPartOf\":{\"@id\":\"https:\/\/adl-regalosempresa.com\/tiendaonline\/#website\"},\"primaryImageOfPage\":{\"@id\":\"https:\/\/adl-regalosempresa.com\/tiendaonline\/articulos\/merchandising\/scx-design-s26-light-up-anillo-altavoz-retroiluminado-para-personalizar-con-logo\/#primaryimage\"},\"image\":{\"@id\":\"https:\/\/adl-regalosempresa.com\/tiendaonline\/articulos\/merchandising\/scx-design-s26-light-up-anillo-altavoz-retroiluminado-para-personalizar-con-logo\/#primaryimage\"},\"thumbnailUrl\":\"https:\/\/adl-regalosempresa.com\/tiendaonline\/wp-content\/uploads\/2022\/06\/1PX02400.jpg\",\"datePublished\":\"2026-03-31T06:04:14+00:00\",\"dateModified\":\"2026-04-10T08:56:14+00:00\",\"description\":\"Art\u00edculo de merchandising SCX.design S26 light-up anillo altavoz retroiluminado. Altavoz inal\u00e1mbrico de 3 W con Bluetooth\u00ae y logotipo retroiluminado con tratamiento antibacteriano. Doble salida de sonido para una calidad de sonido inigualable para un altavoz de este tama\u00f1o. El altavoz con anilla puede inclinarse para dirigir el sonido en cualquier direcci\u00f3n. Incorpora un micr\u00f3fono y funci\u00f3n de llamada en conferencia. Capacidad: Bater\u00eda de 500 mAh - 3,7 V. Frecuencia: 50 Hz - 20 KHz. Salida de sonido: 1 \u00d7 3 W. Impedancia: 4\u00a0\u03a9. Bluetooth\u00ae 4.2. Peso neto: 100 gramos. Tama\u00f1o: \u2205 50 mm \u00d7 45 mm. Viene con una caja de regalo con cierre magn\u00e9tico, fabricada con papel reciclado.\",\"breadcrumb\":{\"@id\":\"https:\/\/adl-regalosempresa.com\/tiendaonline\/articulos\/merchandising\/scx-design-s26-light-up-anillo-altavoz-retroiluminado-para-personalizar-con-logo\/#breadcrumb\"},\"inLanguage\":\"es\",\"potentialAction\":[{\"@type\":\"ReadAction\",\"target\":[\"https:\/\/adl-regalosempresa.com\/tiendaonline\/articulos\/merchandising\/scx-design-s26-light-up-anillo-altavoz-retroiluminado-para-personalizar-con-logo\/\"]}]},{\"@type\":\"ImageObject\",\"inLanguage\":\"es\",\"@id\":\"https:\/\/adl-regalosempresa.com\/tiendaonline\/articulos\/merchandising\/scx-design-s26-light-up-anillo-altavoz-retroiluminado-para-personalizar-con-logo\/#primaryimage\",\"url\":\"https:\/\/adl-regalosempresa.com\/tiendaonline\/wp-content\/uploads\/2022\/06\/1PX02400.jpg\",\"contentUrl\":\"https:\/\/adl-regalosempresa.com\/tiendaonline\/wp-content\/uploads\/2022\/06\/1PX02400.jpg\",\"width\":1600,\"height\":1600,\"caption\":\"SCX.design S26 light-up anillo altavoz retroiluminado\"},{\"@type\":\"BreadcrumbList\",\"@id\":\"https:\/\/adl-regalosempresa.com\/tiendaonline\/articulos\/merchandising\/scx-design-s26-light-up-anillo-altavoz-retroiluminado-para-personalizar-con-logo\/#breadcrumb\",\"itemListElement\":[{\"@type\":\"ListItem\",\"position\":1,\"name\":\"Portada\",\"item\":\"https:\/\/adl-regalosempresa.com\/tiendaonline\/\"},{\"@type\":\"ListItem\",\"position\":2,\"name\":\"Tienda\",\"item\":\"https:\/\/adl-regalosempresa.com\/tiendaonline\/tienda\/\"},{\"@type\":\"ListItem\",\"position\":3,\"name\":\"SCX.design S26 light-up anillo altavoz retroiluminado para personalizar con logo\"}]},{\"@type\":\"WebSite\",\"@id\":\"https:\/\/adl-regalosempresa.com\/tiendaonline\/#website\",\"url\":\"https:\/\/adl-regalosempresa.com\/tiendaonline\/\",\"name\":\"ADL Comunicaci\u00f3n\",\"description\":\"Regalos de empresa\",\"publisher\":{\"@id\":\"https:\/\/adl-regalosempresa.com\/tiendaonline\/#organization\"},\"potentialAction\":[{\"@type\":\"SearchAction\",\"target\":{\"@type\":\"EntryPoint\",\"urlTemplate\":\"https:\/\/adl-regalosempresa.com\/tiendaonline\/?s={search_term_string}\"},\"query-input\":{\"@type\":\"PropertyValueSpecification\",\"valueRequired\":true,\"valueName\":\"search_term_string\"}}],\"inLanguage\":\"es\"},{\"@type\":\"Organization\",\"@id\":\"https:\/\/adl-regalosempresa.com\/tiendaonline\/#organization\",\"name\":\"ADL Comunicaci\u00f3n\",\"url\":\"https:\/\/adl-regalosempresa.com\/tiendaonline\/\",\"logo\":{\"@type\":\"ImageObject\",\"inLanguage\":\"es\",\"@id\":\"https:\/\/adl-regalosempresa.com\/tiendaonline\/#\/schema\/logo\/image\/\",\"url\":\"https:\/\/adl-regalosempresa.com\/tiendaonline\/wp-content\/uploads\/2017\/09\/logo-adl-wp.png\",\"contentUrl\":\"https:\/\/adl-regalosempresa.com\/tiendaonline\/wp-content\/uploads\/2017\/09\/logo-adl-wp.png\",\"width\":407,\"height\":185,\"caption\":\"ADL Comunicaci\u00f3n\"},\"image\":{\"@id\":\"https:\/\/adl-regalosempresa.com\/tiendaonline\/#\/schema\/logo\/image\/\"}}]}<\/script>\n<!-- \/ Yoast SEO plugin. -->","yoast_head_json":{"title":"Merchandising SCX.design S26 light-up anillo altavoz retroiluminado para personalizar con logo - ADL","description":"Art\u00edculo de merchandising SCX.design S26 light-up anillo altavoz retroiluminado. Altavoz inal\u00e1mbrico de 3 W con Bluetooth\u00ae y logotipo retroiluminado con tratamiento antibacteriano. Doble salida de sonido para una calidad de sonido inigualable para un altavoz de este tama\u00f1o. El altavoz con anilla puede inclinarse para dirigir el sonido en cualquier direcci\u00f3n. Incorpora un micr\u00f3fono y funci\u00f3n de llamada en conferencia. Capacidad: Bater\u00eda de 500 mAh - 3,7 V. Frecuencia: 50 Hz - 20 KHz. Salida de sonido: 1 \u00d7 3 W. Impedancia: 4\u00a0\u03a9. Bluetooth\u00ae 4.2. Peso neto: 100 gramos. Tama\u00f1o: \u2205 50 mm \u00d7 45 mm. Viene con una caja de regalo con cierre magn\u00e9tico, fabricada con papel reciclado.","robots":{"index":"index","follow":"follow","max-snippet":"max-snippet:-1","max-image-preview":"max-image-preview:large","max-video-preview":"max-video-preview:-1"},"canonical":"https:\/\/adl-regalosempresa.com\/tiendaonline\/articulos\/merchandising\/scx-design-s26-light-up-anillo-altavoz-retroiluminado-para-personalizar-con-logo\/","og_locale":"es_ES","og_type":"article","og_title":"Merchandising SCX.design S26 light-up anillo altavoz retroiluminado para personalizar con logo - ADL","og_description":"Art\u00edculo de merchandising SCX.design S26 light-up anillo altavoz retroiluminado. Altavoz inal\u00e1mbrico de 3 W con Bluetooth\u00ae y logotipo retroiluminado con tratamiento antibacteriano. Doble salida de sonido para una calidad de sonido inigualable para un altavoz de este tama\u00f1o. El altavoz con anilla puede inclinarse para dirigir el sonido en cualquier direcci\u00f3n. Incorpora un micr\u00f3fono y funci\u00f3n de llamada en conferencia. Capacidad: Bater\u00eda de 500 mAh - 3,7 V. Frecuencia: 50 Hz - 20 KHz. Salida de sonido: 1 \u00d7 3 W. Impedancia: 4\u00a0\u03a9. Bluetooth\u00ae 4.2. Peso neto: 100 gramos. Tama\u00f1o: \u2205 50 mm \u00d7 45 mm. Viene con una caja de regalo con cierre magn\u00e9tico, fabricada con papel reciclado.","og_url":"https:\/\/adl-regalosempresa.com\/tiendaonline\/articulos\/merchandising\/scx-design-s26-light-up-anillo-altavoz-retroiluminado-para-personalizar-con-logo\/","og_site_name":"ADL Comunicaci\u00f3n","article_modified_time":"2026-04-10T08:56:14+00:00","og_image":[{"width":1600,"height":1600,"url":"https:\/\/adl-regalosempresa.com\/tiendaonline\/wp-content\/uploads\/2022\/06\/1PX02400.jpg","type":"image\/jpeg"}],"twitter_card":"summary_large_image","twitter_title":"Merchandising SCX.design S26 light-up anillo altavoz retroiluminado para personalizar con logo - ADL","schema":{"@context":"https:\/\/schema.org","@graph":[{"@type":"WebPage","@id":"https:\/\/adl-regalosempresa.com\/tiendaonline\/articulos\/merchandising\/scx-design-s26-light-up-anillo-altavoz-retroiluminado-para-personalizar-con-logo\/","url":"https:\/\/adl-regalosempresa.com\/tiendaonline\/articulos\/merchandising\/scx-design-s26-light-up-anillo-altavoz-retroiluminado-para-personalizar-con-logo\/","name":"Merchandising SCX.design S26 light-up anillo altavoz retroiluminado para personalizar con logo - ADL","isPartOf":{"@id":"https:\/\/adl-regalosempresa.com\/tiendaonline\/#website"},"primaryImageOfPage":{"@id":"https:\/\/adl-regalosempresa.com\/tiendaonline\/articulos\/merchandising\/scx-design-s26-light-up-anillo-altavoz-retroiluminado-para-personalizar-con-logo\/#primaryimage"},"image":{"@id":"https:\/\/adl-regalosempresa.com\/tiendaonline\/articulos\/merchandising\/scx-design-s26-light-up-anillo-altavoz-retroiluminado-para-personalizar-con-logo\/#primaryimage"},"thumbnailUrl":"https:\/\/adl-regalosempresa.com\/tiendaonline\/wp-content\/uploads\/2022\/06\/1PX02400.jpg","datePublished":"2026-03-31T06:04:14+00:00","dateModified":"2026-04-10T08:56:14+00:00","description":"Art\u00edculo de merchandising SCX.design S26 light-up anillo altavoz retroiluminado. Altavoz inal\u00e1mbrico de 3 W con Bluetooth\u00ae y logotipo retroiluminado con tratamiento antibacteriano. Doble salida de sonido para una calidad de sonido inigualable para un altavoz de este tama\u00f1o. El altavoz con anilla puede inclinarse para dirigir el sonido en cualquier direcci\u00f3n. Incorpora un micr\u00f3fono y funci\u00f3n de llamada en conferencia. Capacidad: Bater\u00eda de 500 mAh - 3,7 V. Frecuencia: 50 Hz - 20 KHz. Salida de sonido: 1 \u00d7 3 W. Impedancia: 4\u00a0\u03a9. Bluetooth\u00ae 4.2. Peso neto: 100 gramos. Tama\u00f1o: \u2205 50 mm \u00d7 45 mm. Viene con una caja de regalo con cierre magn\u00e9tico, fabricada con papel reciclado.","breadcrumb":{"@id":"https:\/\/adl-regalosempresa.com\/tiendaonline\/articulos\/merchandising\/scx-design-s26-light-up-anillo-altavoz-retroiluminado-para-personalizar-con-logo\/#breadcrumb"},"inLanguage":"es","potentialAction":[{"@type":"ReadAction","target":["https:\/\/adl-regalosempresa.com\/tiendaonline\/articulos\/merchandising\/scx-design-s26-light-up-anillo-altavoz-retroiluminado-para-personalizar-con-logo\/"]}]},{"@type":"ImageObject","inLanguage":"es","@id":"https:\/\/adl-regalosempresa.com\/tiendaonline\/articulos\/merchandising\/scx-design-s26-light-up-anillo-altavoz-retroiluminado-para-personalizar-con-logo\/#primaryimage","url":"https:\/\/adl-regalosempresa.com\/tiendaonline\/wp-content\/uploads\/2022\/06\/1PX02400.jpg","contentUrl":"https:\/\/adl-regalosempresa.com\/tiendaonline\/wp-content\/uploads\/2022\/06\/1PX02400.jpg","width":1600,"height":1600,"caption":"SCX.design S26 light-up anillo altavoz retroiluminado"},{"@type":"BreadcrumbList","@id":"https:\/\/adl-regalosempresa.com\/tiendaonline\/articulos\/merchandising\/scx-design-s26-light-up-anillo-altavoz-retroiluminado-para-personalizar-con-logo\/#breadcrumb","itemListElement":[{"@type":"ListItem","position":1,"name":"Portada","item":"https:\/\/adl-regalosempresa.com\/tiendaonline\/"},{"@type":"ListItem","position":2,"name":"Tienda","item":"https:\/\/adl-regalosempresa.com\/tiendaonline\/tienda\/"},{"@type":"ListItem","position":3,"name":"SCX.design S26 light-up anillo altavoz retroiluminado para personalizar con logo"}]},{"@type":"WebSite","@id":"https:\/\/adl-regalosempresa.com\/tiendaonline\/#website","url":"https:\/\/adl-regalosempresa.com\/tiendaonline\/","name":"ADL Comunicaci\u00f3n","description":"Regalos de empresa","publisher":{"@id":"https:\/\/adl-regalosempresa.com\/tiendaonline\/#organization"},"potentialAction":[{"@type":"SearchAction","target":{"@type":"EntryPoint","urlTemplate":"https:\/\/adl-regalosempresa.com\/tiendaonline\/?s={search_term_string}"},"query-input":{"@type":"PropertyValueSpecification","valueRequired":true,"valueName":"search_term_string"}}],"inLanguage":"es"},{"@type":"Organization","@id":"https:\/\/adl-regalosempresa.com\/tiendaonline\/#organization","name":"ADL Comunicaci\u00f3n","url":"https:\/\/adl-regalosempresa.com\/tiendaonline\/","logo":{"@type":"ImageObject","inLanguage":"es","@id":"https:\/\/adl-regalosempresa.com\/tiendaonline\/#\/schema\/logo\/image\/","url":"https:\/\/adl-regalosempresa.com\/tiendaonline\/wp-content\/uploads\/2017\/09\/logo-adl-wp.png","contentUrl":"https:\/\/adl-regalosempresa.com\/tiendaonline\/wp-content\/uploads\/2017\/09\/logo-adl-wp.png","width":407,"height":185,"caption":"ADL Comunicaci\u00f3n"},"image":{"@id":"https:\/\/adl-regalosempresa.com\/tiendaonline\/#\/schema\/logo\/image\/"}}]}},"_links":{"self":[{"href":"https:\/\/adl-regalosempresa.com\/tiendaonline\/wp-json\/wp\/v2\/product\/113624","targetHints":{"allow":["GET"]}}],"collection":[{"href":"https:\/\/adl-regalosempresa.com\/tiendaonline\/wp-json\/wp\/v2\/product"}],"about":[{"href":"https:\/\/adl-regalosempresa.com\/tiendaonline\/wp-json\/wp\/v2\/types\/product"}],"wp:featuredmedia":[{"embeddable":true,"href":"https:\/\/adl-regalosempresa.com\/tiendaonline\/wp-json\/wp\/v2\/media\/113626"}],"wp:attachment":[{"href":"https:\/\/adl-regalosempresa.com\/tiendaonline\/wp-json\/wp\/v2\/media?parent=113624"}],"wp:term":[{"taxonomy":"product_brand","embeddable":true,"href":"https:\/\/adl-regalosempresa.com\/tiendaonline\/wp-json\/wp\/v2\/product_brand?post=113624"},{"taxonomy":"product_cat","embeddable":true,"href":"https:\/\/adl-regalosempresa.com\/tiendaonline\/wp-json\/wp\/v2\/product_cat?post=113624"},{"taxonomy":"product_tag","embeddable":true,"href":"https:\/\/adl-regalosempresa.com\/tiendaonline\/wp-json\/wp\/v2\/product_tag?post=113624"}],"curies":[{"name":"wp","href":"https:\/\/api.w.org\/{rel}","templated":true}]}}