{"id":113343,"date":"2026-03-24T07:04:06","date_gmt":"2026-03-24T07:04:06","guid":{"rendered":"https:\/\/adl-regalosempresa.com\/tiendaonline\/articulos\/merchandising\/pulsera-doble-metalica-multicolor-festival-para-personalizar\/"},"modified":"2026-03-24T07:07:14","modified_gmt":"2026-03-24T07:07:14","slug":"pulsera-festivales-el-con-cierre-de-plastico-para-personalizar-con-logo","status":"publish","type":"product","link":"https:\/\/adl-regalosempresa.com\/tiendaonline\/articulos\/merchandising\/pulsera-festivales-el-con-cierre-de-plastico-para-personalizar-con-logo\/","title":{"rendered":"Pulsera festivales \u201cEl\u201d con cierre de pl\u00e1stico para personalizar con logo"},"content":{"rendered":"<p>Pulsera EI de sublimaci\u00f3n a todo color con cierre de seguridad. La impresi\u00f3n est\u00e1 disponible a una o a dos caras. Para la impresi\u00f3n a doble cara, puede elegir entre la opci\u00f3n est\u00e1ndar o posicionada (posicionada significa que la impresi\u00f3n se alinea en ambas caras). El cierre de seguridad inviolable impide que el art\u00edculo pueda quitarse, lo que lo convierte en el pase de seguridad perfecto para fiestas y eventos.<\/p>\n","protected":false},"excerpt":{"rendered":"<p><strong>Descuentos por cantidades<\/strong><br \/>&#8211; a partir de 500 unidades: 0,32 \u20ac\/ud<br \/>&#8211; a partir de 1000 unidades: 0,29 \u20ac\/ud<br \/>&#8211; a partir de 5000 unidades: 0,26 \u20ac\/ud<\/p>\n<p>Para cantidades superiores a las aqu\u00ed indicadas, no dudes en ponerte en contacto con nuestro departamento comercial o <a href='https:\/\/adl-regalosempresa.com\/tiendaonline\/solicitud-presupuesto\/'>pedirnos presupuesto personalizado<\/a>, ajustaremos el presupuesto a tus necesidades.<\/p>\n","protected":false},"featured_media":113345,"template":"","meta":{"_kad_post_transparent":"","_kad_post_title":"","_kad_post_layout":"","_kad_post_sidebar_id":"","_kad_post_content_style":"","_kad_post_vertical_padding":"","_kad_post_feature":"","_kad_post_feature_position":"","_kad_post_header":false,"_kad_post_footer":false,"_kad_post_classname":""},"product_brand":[],"product_cat":[4135,4168],"product_tag":[],"class_list":{"0":"post-113343","1":"product","2":"type-product","3":"status-publish","4":"has-post-thumbnail","6":"product_cat-articulos-promocionales","7":"product_cat-porta-placas-de-identificacion","8":"pa_ancho-15-cm","9":"pa_color-amarillo","10":"pa_color-azul","11":"pa_color-azul-oscuro","12":"pa_color-blanco","13":"pa_color-morado","14":"pa_color-negro-intenso","15":"pa_color-rojo","16":"pa_color-verde","17":"pa_color-simple-amarillo","18":"pa_color-simple-azul","19":"pa_color-simple-blanco","20":"pa_color-simple-negro-intenso","21":"pa_color-simple-purpura","22":"pa_color-simple-rojo","23":"pa_color-simple-verde","24":"pa_largo-33-cm","25":"pa_marca-unbranded","26":"pa_material-satin-poliester","27":"pa_peso-3-gr","29":"first","30":"instock","31":"taxable","32":"shipping-taxable","33":"purchasable","34":"product-type-variable","35":"entry","36":"content-bg","37":"loop-entry"},"yoast_head":"<!-- This site is optimized with the Yoast SEO plugin v26.3 - https:\/\/yoast.com\/wordpress\/plugins\/seo\/ -->\n<title>Merchandising Pulsera festivales \u201cEl\u201d con cierre de pl\u00e1stico para personalizar con logo - ADL<\/title>\n<meta name=\"description\" content=\"Art\u00edculo de merchandising Pulsera festivales \u201cEl\u201d con cierre de pl\u00e1stico. Pulsera EI de sublimaci\u00f3n a todo color con cierre de seguridad. La impresi\u00f3n est\u00e1 disponible a una o a dos caras. Para la impresi\u00f3n a doble cara, puede elegir entre la opci\u00f3n est\u00e1ndar o posicionada (posicionada significa que la impresi\u00f3n se alinea en ambas caras). El cierre de seguridad inviolable impide que el art\u00edculo pueda quitarse, lo que lo convierte en el pase de seguridad perfecto para fiestas y eventos.\" \/>\n<meta name=\"robots\" content=\"index, follow, max-snippet:-1, max-image-preview:large, max-video-preview:-1\" \/>\n<link rel=\"canonical\" href=\"https:\/\/adl-regalosempresa.com\/tiendaonline\/articulos\/merchandising\/pulsera-festivales-el-con-cierre-de-plastico-para-personalizar-con-logo\/\" \/>\n<meta property=\"og:locale\" content=\"es_ES\" \/>\n<meta property=\"og:type\" content=\"article\" \/>\n<meta property=\"og:title\" content=\"Merchandising Pulsera festivales \u201cEl\u201d con cierre de pl\u00e1stico para personalizar con logo - ADL\" \/>\n<meta property=\"og:description\" content=\"Art\u00edculo de merchandising Pulsera festivales \u201cEl\u201d con cierre de pl\u00e1stico. Pulsera EI de sublimaci\u00f3n a todo color con cierre de seguridad. La impresi\u00f3n est\u00e1 disponible a una o a dos caras. Para la impresi\u00f3n a doble cara, puede elegir entre la opci\u00f3n est\u00e1ndar o posicionada (posicionada significa que la impresi\u00f3n se alinea en ambas caras). El cierre de seguridad inviolable impide que el art\u00edculo pueda quitarse, lo que lo convierte en el pase de seguridad perfecto para fiestas y eventos.\" \/>\n<meta property=\"og:url\" content=\"https:\/\/adl-regalosempresa.com\/tiendaonline\/articulos\/merchandising\/pulsera-festivales-el-con-cierre-de-plastico-para-personalizar-con-logo\/\" \/>\n<meta property=\"og:site_name\" content=\"ADL Comunicaci\u00f3n\" \/>\n<meta property=\"article:modified_time\" content=\"2026-03-24T07:07:14+00:00\" \/>\n<meta property=\"og:image\" content=\"https:\/\/adl-regalosempresa.com\/tiendaonline\/wp-content\/uploads\/2022\/06\/1PL01401.jpg\" \/>\n\t<meta property=\"og:image:width\" content=\"1600\" \/>\n\t<meta property=\"og:image:height\" content=\"1600\" \/>\n\t<meta property=\"og:image:type\" content=\"image\/jpeg\" \/>\n<meta name=\"twitter:card\" content=\"summary_large_image\" \/>\n<meta name=\"twitter:title\" content=\"Merchandising Pulsera festivales \u201cEl\u201d con cierre de pl\u00e1stico para personalizar con logo - ADL\" \/>\n<script type=\"application\/ld+json\" class=\"yoast-schema-graph\">{\"@context\":\"https:\/\/schema.org\",\"@graph\":[{\"@type\":\"WebPage\",\"@id\":\"https:\/\/adl-regalosempresa.com\/tiendaonline\/articulos\/merchandising\/pulsera-festivales-el-con-cierre-de-plastico-para-personalizar-con-logo\/\",\"url\":\"https:\/\/adl-regalosempresa.com\/tiendaonline\/articulos\/merchandising\/pulsera-festivales-el-con-cierre-de-plastico-para-personalizar-con-logo\/\",\"name\":\"Merchandising Pulsera festivales \u201cEl\u201d con cierre de pl\u00e1stico para personalizar con logo - ADL\",\"isPartOf\":{\"@id\":\"https:\/\/adl-regalosempresa.com\/tiendaonline\/#website\"},\"primaryImageOfPage\":{\"@id\":\"https:\/\/adl-regalosempresa.com\/tiendaonline\/articulos\/merchandising\/pulsera-festivales-el-con-cierre-de-plastico-para-personalizar-con-logo\/#primaryimage\"},\"image\":{\"@id\":\"https:\/\/adl-regalosempresa.com\/tiendaonline\/articulos\/merchandising\/pulsera-festivales-el-con-cierre-de-plastico-para-personalizar-con-logo\/#primaryimage\"},\"thumbnailUrl\":\"https:\/\/adl-regalosempresa.com\/tiendaonline\/wp-content\/uploads\/2022\/06\/1PL01401.jpg\",\"datePublished\":\"2026-03-24T07:04:06+00:00\",\"dateModified\":\"2026-03-24T07:07:14+00:00\",\"description\":\"Art\u00edculo de merchandising Pulsera festivales \u201cEl\u201d con cierre de pl\u00e1stico. Pulsera EI de sublimaci\u00f3n a todo color con cierre de seguridad. La impresi\u00f3n est\u00e1 disponible a una o a dos caras. Para la impresi\u00f3n a doble cara, puede elegir entre la opci\u00f3n est\u00e1ndar o posicionada (posicionada significa que la impresi\u00f3n se alinea en ambas caras). El cierre de seguridad inviolable impide que el art\u00edculo pueda quitarse, lo que lo convierte en el pase de seguridad perfecto para fiestas y eventos.\",\"breadcrumb\":{\"@id\":\"https:\/\/adl-regalosempresa.com\/tiendaonline\/articulos\/merchandising\/pulsera-festivales-el-con-cierre-de-plastico-para-personalizar-con-logo\/#breadcrumb\"},\"inLanguage\":\"es\",\"potentialAction\":[{\"@type\":\"ReadAction\",\"target\":[\"https:\/\/adl-regalosempresa.com\/tiendaonline\/articulos\/merchandising\/pulsera-festivales-el-con-cierre-de-plastico-para-personalizar-con-logo\/\"]}]},{\"@type\":\"ImageObject\",\"inLanguage\":\"es\",\"@id\":\"https:\/\/adl-regalosempresa.com\/tiendaonline\/articulos\/merchandising\/pulsera-festivales-el-con-cierre-de-plastico-para-personalizar-con-logo\/#primaryimage\",\"url\":\"https:\/\/adl-regalosempresa.com\/tiendaonline\/wp-content\/uploads\/2022\/06\/1PL01401.jpg\",\"contentUrl\":\"https:\/\/adl-regalosempresa.com\/tiendaonline\/wp-content\/uploads\/2022\/06\/1PL01401.jpg\",\"width\":1600,\"height\":1600,\"caption\":\"Pulsera festivales \u201cEl\u201d con cierre de pl\u00e1stico\"},{\"@type\":\"BreadcrumbList\",\"@id\":\"https:\/\/adl-regalosempresa.com\/tiendaonline\/articulos\/merchandising\/pulsera-festivales-el-con-cierre-de-plastico-para-personalizar-con-logo\/#breadcrumb\",\"itemListElement\":[{\"@type\":\"ListItem\",\"position\":1,\"name\":\"Portada\",\"item\":\"https:\/\/adl-regalosempresa.com\/tiendaonline\/\"},{\"@type\":\"ListItem\",\"position\":2,\"name\":\"Tienda\",\"item\":\"https:\/\/adl-regalosempresa.com\/tiendaonline\/tienda\/\"},{\"@type\":\"ListItem\",\"position\":3,\"name\":\"Pulsera festivales \u201cEl\u201d con cierre de pl\u00e1stico para personalizar con logo\"}]},{\"@type\":\"WebSite\",\"@id\":\"https:\/\/adl-regalosempresa.com\/tiendaonline\/#website\",\"url\":\"https:\/\/adl-regalosempresa.com\/tiendaonline\/\",\"name\":\"ADL Comunicaci\u00f3n\",\"description\":\"Regalos de empresa\",\"publisher\":{\"@id\":\"https:\/\/adl-regalosempresa.com\/tiendaonline\/#organization\"},\"potentialAction\":[{\"@type\":\"SearchAction\",\"target\":{\"@type\":\"EntryPoint\",\"urlTemplate\":\"https:\/\/adl-regalosempresa.com\/tiendaonline\/?s={search_term_string}\"},\"query-input\":{\"@type\":\"PropertyValueSpecification\",\"valueRequired\":true,\"valueName\":\"search_term_string\"}}],\"inLanguage\":\"es\"},{\"@type\":\"Organization\",\"@id\":\"https:\/\/adl-regalosempresa.com\/tiendaonline\/#organization\",\"name\":\"ADL Comunicaci\u00f3n\",\"url\":\"https:\/\/adl-regalosempresa.com\/tiendaonline\/\",\"logo\":{\"@type\":\"ImageObject\",\"inLanguage\":\"es\",\"@id\":\"https:\/\/adl-regalosempresa.com\/tiendaonline\/#\/schema\/logo\/image\/\",\"url\":\"https:\/\/adl-regalosempresa.com\/tiendaonline\/wp-content\/uploads\/2017\/09\/logo-adl-wp.png\",\"contentUrl\":\"https:\/\/adl-regalosempresa.com\/tiendaonline\/wp-content\/uploads\/2017\/09\/logo-adl-wp.png\",\"width\":407,\"height\":185,\"caption\":\"ADL Comunicaci\u00f3n\"},\"image\":{\"@id\":\"https:\/\/adl-regalosempresa.com\/tiendaonline\/#\/schema\/logo\/image\/\"}}]}<\/script>\n<!-- \/ Yoast SEO plugin. -->","yoast_head_json":{"title":"Merchandising Pulsera festivales \u201cEl\u201d con cierre de pl\u00e1stico para personalizar con logo - ADL","description":"Art\u00edculo de merchandising Pulsera festivales \u201cEl\u201d con cierre de pl\u00e1stico. Pulsera EI de sublimaci\u00f3n a todo color con cierre de seguridad. La impresi\u00f3n est\u00e1 disponible a una o a dos caras. Para la impresi\u00f3n a doble cara, puede elegir entre la opci\u00f3n est\u00e1ndar o posicionada (posicionada significa que la impresi\u00f3n se alinea en ambas caras). El cierre de seguridad inviolable impide que el art\u00edculo pueda quitarse, lo que lo convierte en el pase de seguridad perfecto para fiestas y eventos.","robots":{"index":"index","follow":"follow","max-snippet":"max-snippet:-1","max-image-preview":"max-image-preview:large","max-video-preview":"max-video-preview:-1"},"canonical":"https:\/\/adl-regalosempresa.com\/tiendaonline\/articulos\/merchandising\/pulsera-festivales-el-con-cierre-de-plastico-para-personalizar-con-logo\/","og_locale":"es_ES","og_type":"article","og_title":"Merchandising Pulsera festivales \u201cEl\u201d con cierre de pl\u00e1stico para personalizar con logo - ADL","og_description":"Art\u00edculo de merchandising Pulsera festivales \u201cEl\u201d con cierre de pl\u00e1stico. Pulsera EI de sublimaci\u00f3n a todo color con cierre de seguridad. La impresi\u00f3n est\u00e1 disponible a una o a dos caras. Para la impresi\u00f3n a doble cara, puede elegir entre la opci\u00f3n est\u00e1ndar o posicionada (posicionada significa que la impresi\u00f3n se alinea en ambas caras). El cierre de seguridad inviolable impide que el art\u00edculo pueda quitarse, lo que lo convierte en el pase de seguridad perfecto para fiestas y eventos.","og_url":"https:\/\/adl-regalosempresa.com\/tiendaonline\/articulos\/merchandising\/pulsera-festivales-el-con-cierre-de-plastico-para-personalizar-con-logo\/","og_site_name":"ADL Comunicaci\u00f3n","article_modified_time":"2026-03-24T07:07:14+00:00","og_image":[{"width":1600,"height":1600,"url":"https:\/\/adl-regalosempresa.com\/tiendaonline\/wp-content\/uploads\/2022\/06\/1PL01401.jpg","type":"image\/jpeg"}],"twitter_card":"summary_large_image","twitter_title":"Merchandising Pulsera festivales \u201cEl\u201d con cierre de pl\u00e1stico para personalizar con logo - ADL","schema":{"@context":"https:\/\/schema.org","@graph":[{"@type":"WebPage","@id":"https:\/\/adl-regalosempresa.com\/tiendaonline\/articulos\/merchandising\/pulsera-festivales-el-con-cierre-de-plastico-para-personalizar-con-logo\/","url":"https:\/\/adl-regalosempresa.com\/tiendaonline\/articulos\/merchandising\/pulsera-festivales-el-con-cierre-de-plastico-para-personalizar-con-logo\/","name":"Merchandising Pulsera festivales \u201cEl\u201d con cierre de pl\u00e1stico para personalizar con logo - ADL","isPartOf":{"@id":"https:\/\/adl-regalosempresa.com\/tiendaonline\/#website"},"primaryImageOfPage":{"@id":"https:\/\/adl-regalosempresa.com\/tiendaonline\/articulos\/merchandising\/pulsera-festivales-el-con-cierre-de-plastico-para-personalizar-con-logo\/#primaryimage"},"image":{"@id":"https:\/\/adl-regalosempresa.com\/tiendaonline\/articulos\/merchandising\/pulsera-festivales-el-con-cierre-de-plastico-para-personalizar-con-logo\/#primaryimage"},"thumbnailUrl":"https:\/\/adl-regalosempresa.com\/tiendaonline\/wp-content\/uploads\/2022\/06\/1PL01401.jpg","datePublished":"2026-03-24T07:04:06+00:00","dateModified":"2026-03-24T07:07:14+00:00","description":"Art\u00edculo de merchandising Pulsera festivales \u201cEl\u201d con cierre de pl\u00e1stico. Pulsera EI de sublimaci\u00f3n a todo color con cierre de seguridad. La impresi\u00f3n est\u00e1 disponible a una o a dos caras. Para la impresi\u00f3n a doble cara, puede elegir entre la opci\u00f3n est\u00e1ndar o posicionada (posicionada significa que la impresi\u00f3n se alinea en ambas caras). El cierre de seguridad inviolable impide que el art\u00edculo pueda quitarse, lo que lo convierte en el pase de seguridad perfecto para fiestas y eventos.","breadcrumb":{"@id":"https:\/\/adl-regalosempresa.com\/tiendaonline\/articulos\/merchandising\/pulsera-festivales-el-con-cierre-de-plastico-para-personalizar-con-logo\/#breadcrumb"},"inLanguage":"es","potentialAction":[{"@type":"ReadAction","target":["https:\/\/adl-regalosempresa.com\/tiendaonline\/articulos\/merchandising\/pulsera-festivales-el-con-cierre-de-plastico-para-personalizar-con-logo\/"]}]},{"@type":"ImageObject","inLanguage":"es","@id":"https:\/\/adl-regalosempresa.com\/tiendaonline\/articulos\/merchandising\/pulsera-festivales-el-con-cierre-de-plastico-para-personalizar-con-logo\/#primaryimage","url":"https:\/\/adl-regalosempresa.com\/tiendaonline\/wp-content\/uploads\/2022\/06\/1PL01401.jpg","contentUrl":"https:\/\/adl-regalosempresa.com\/tiendaonline\/wp-content\/uploads\/2022\/06\/1PL01401.jpg","width":1600,"height":1600,"caption":"Pulsera festivales \u201cEl\u201d con cierre de pl\u00e1stico"},{"@type":"BreadcrumbList","@id":"https:\/\/adl-regalosempresa.com\/tiendaonline\/articulos\/merchandising\/pulsera-festivales-el-con-cierre-de-plastico-para-personalizar-con-logo\/#breadcrumb","itemListElement":[{"@type":"ListItem","position":1,"name":"Portada","item":"https:\/\/adl-regalosempresa.com\/tiendaonline\/"},{"@type":"ListItem","position":2,"name":"Tienda","item":"https:\/\/adl-regalosempresa.com\/tiendaonline\/tienda\/"},{"@type":"ListItem","position":3,"name":"Pulsera festivales \u201cEl\u201d con cierre de pl\u00e1stico para personalizar con logo"}]},{"@type":"WebSite","@id":"https:\/\/adl-regalosempresa.com\/tiendaonline\/#website","url":"https:\/\/adl-regalosempresa.com\/tiendaonline\/","name":"ADL Comunicaci\u00f3n","description":"Regalos de empresa","publisher":{"@id":"https:\/\/adl-regalosempresa.com\/tiendaonline\/#organization"},"potentialAction":[{"@type":"SearchAction","target":{"@type":"EntryPoint","urlTemplate":"https:\/\/adl-regalosempresa.com\/tiendaonline\/?s={search_term_string}"},"query-input":{"@type":"PropertyValueSpecification","valueRequired":true,"valueName":"search_term_string"}}],"inLanguage":"es"},{"@type":"Organization","@id":"https:\/\/adl-regalosempresa.com\/tiendaonline\/#organization","name":"ADL Comunicaci\u00f3n","url":"https:\/\/adl-regalosempresa.com\/tiendaonline\/","logo":{"@type":"ImageObject","inLanguage":"es","@id":"https:\/\/adl-regalosempresa.com\/tiendaonline\/#\/schema\/logo\/image\/","url":"https:\/\/adl-regalosempresa.com\/tiendaonline\/wp-content\/uploads\/2017\/09\/logo-adl-wp.png","contentUrl":"https:\/\/adl-regalosempresa.com\/tiendaonline\/wp-content\/uploads\/2017\/09\/logo-adl-wp.png","width":407,"height":185,"caption":"ADL Comunicaci\u00f3n"},"image":{"@id":"https:\/\/adl-regalosempresa.com\/tiendaonline\/#\/schema\/logo\/image\/"}}]}},"_links":{"self":[{"href":"https:\/\/adl-regalosempresa.com\/tiendaonline\/wp-json\/wp\/v2\/product\/113343","targetHints":{"allow":["GET"]}}],"collection":[{"href":"https:\/\/adl-regalosempresa.com\/tiendaonline\/wp-json\/wp\/v2\/product"}],"about":[{"href":"https:\/\/adl-regalosempresa.com\/tiendaonline\/wp-json\/wp\/v2\/types\/product"}],"wp:featuredmedia":[{"embeddable":true,"href":"https:\/\/adl-regalosempresa.com\/tiendaonline\/wp-json\/wp\/v2\/media\/113345"}],"wp:attachment":[{"href":"https:\/\/adl-regalosempresa.com\/tiendaonline\/wp-json\/wp\/v2\/media?parent=113343"}],"wp:term":[{"taxonomy":"product_brand","embeddable":true,"href":"https:\/\/adl-regalosempresa.com\/tiendaonline\/wp-json\/wp\/v2\/product_brand?post=113343"},{"taxonomy":"product_cat","embeddable":true,"href":"https:\/\/adl-regalosempresa.com\/tiendaonline\/wp-json\/wp\/v2\/product_cat?post=113343"},{"taxonomy":"product_tag","embeddable":true,"href":"https:\/\/adl-regalosempresa.com\/tiendaonline\/wp-json\/wp\/v2\/product_tag?post=113343"}],"curies":[{"name":"wp","href":"https:\/\/api.w.org\/{rel}","templated":true}]}}