{"id":113056,"date":"2026-03-24T06:00:48","date_gmt":"2026-03-24T06:00:48","guid":{"rendered":"https:\/\/adl-regalosempresa.com\/tiendaonline\/articulos\/merchandising\/vaso-reciclado-de-250-ml-con-tapa-antigoteo-para-personalizar-2\/"},"modified":"2026-03-29T07:13:59","modified_gmt":"2026-03-29T07:13:59","slug":"vaso-reciclado-de-250-ml-con-tapa-antigoteo-para-personalizar-con-logo-2","status":"publish","type":"product","link":"https:\/\/adl-regalosempresa.com\/tiendaonline\/articulos\/merchandising\/vaso-reciclado-de-250-ml-con-tapa-antigoteo-para-personalizar-con-logo-2\/","title":{"rendered":"Vaso reciclado de 250\u00a0ml con tapa antigoteo  para personalizar con logo"},"content":{"rendered":"<p>Vaso con aislamiento de doble pared y tapa de rosca segura a prueba de derrames. Los clips de la tapa se cierran para evitar derrames, y est\u00e1n fabricados sin silicona para que el vaso sea totalmente reciclable. El vaso est\u00e1 hecho de pl\u00e1stico de polipropileno 75 % reciclado, mientras que la tapa est\u00e1 hecha de pl\u00e1stico PP de grado alimenticio. Los tonos de negro pueden variar de color de textura por la naturaleza del material reciclado. Cumple con la norma EN12875-1, es apto para el lavavajillas y el microondas. Suministrado en una bolsa compostable para el hogar. Fabricado en el Reino Unido. Sin BPA.<\/p>\n","protected":false},"excerpt":{"rendered":"<p><strong>Descuentos por cantidades<\/strong><br \/>&#8211; a partir de 100 unidades: 5,12 \u20ac\/ud<br \/>&#8211; a partir de 250 unidades: 4,74 \u20ac\/ud<br \/>&#8211; a partir de 500 unidades: 4,56 \u20ac\/ud<\/p>\n<p>Para cantidades superiores a las aqu\u00ed indicadas, no dudes en ponerte en contacto con nuestro departamento comercial o <a href='https:\/\/adl-regalosempresa.com\/tiendaonline\/solicitud-presupuesto\/'>pedirnos presupuesto personalizado<\/a>, ajustaremos el presupuesto a tus necesidades.<\/p>\n","protected":false},"featured_media":113058,"template":"","meta":{"_kad_post_transparent":"","_kad_post_title":"","_kad_post_layout":"","_kad_post_sidebar_id":"","_kad_post_content_style":"","_kad_post_vertical_padding":"","_kad_post_feature":"","_kad_post_feature_position":"","_kad_post_header":false,"_kad_post_footer":false,"_kad_post_classname":""},"product_brand":[],"product_cat":[3795,3372],"product_tag":[],"class_list":{"0":"post-113056","1":"product","2":"type-product","3":"status-publish","4":"has-post-thumbnail","6":"product_cat-vasos-tazas-isotermicas","7":"product_cat-articulos-para-bebidas","8":"pa_alto-118-cm","9":"pa_color-azul","10":"pa_color-gris","11":"pa_color-lima","12":"pa_color-morado","13":"pa_color-naranja","14":"pa_color-negro-intenso-amarillo","15":"pa_color-negro-intenso-azul","16":"pa_color-negro-intenso-azul-aqua","17":"pa_color-negro-intenso-azul-intermedio","18":"pa_color-negro-intenso-blanco","19":"pa_color-negro-intenso-gris","20":"pa_color-negro-intenso-lima","21":"pa_color-negro-intenso-magenta","22":"pa_color-negro-intenso-marron","23":"pa_color-negro-intenso-morado","24":"pa_color-negro-intenso-naranja","25":"pa_color-negro-intenso-rojo","26":"pa_color-negro-intenso-verde","27":"pa_color-rojo","28":"pa_color-simple-amarillo","29":"pa_color-simple-azul","30":"pa_color-simple-blanco","31":"pa_color-simple-gris","32":"pa_color-simple-naranja","33":"pa_color-simple-negro-intenso","34":"pa_color-simple-purpura","35":"pa_color-simple-rojo","36":"pa_color-simple-rosa","37":"pa_color-simple-verde","38":"pa_diametro-945-cm","39":"pa_marca-unbranded","40":"pa_material-polipropileno-reciclado-plastico-pp","41":"pa_peso-102-gr","43":"first","44":"instock","45":"taxable","46":"shipping-taxable","47":"purchasable","48":"product-type-variable","49":"entry","50":"content-bg","51":"loop-entry"},"yoast_head":"<!-- This site is optimized with the Yoast SEO plugin v26.3 - https:\/\/yoast.com\/wordpress\/plugins\/seo\/ -->\n<title>Merchandising Vaso reciclado de 250\u00a0ml con tapa antigoteo para personalizar con logo - ADL<\/title>\n<meta name=\"description\" content=\"Art\u00edculo de merchandising Vaso reciclado de 250\u00a0ml con tapa antigoteo &quot;Americano\u00ae Espresso Eco&quot;. Vaso con aislamiento de doble pared y tapa de rosca segura a prueba de derrames. Los clips de la tapa se cierran para evitar derrames, y est\u00e1n fabricados sin silicona para que el vaso sea totalmente reciclable. El vaso est\u00e1 hecho de pl\u00e1stico de polipropileno 75 % reciclado, mientras que la tapa est\u00e1 hecha de pl\u00e1stico PP de grado alimenticio. Los tonos de negro pueden variar de color de textura por la naturaleza del material reciclado. Cumple con la norma EN12875-1, es apto para el lavavajillas y el microondas. Suministrado en una bolsa compostable para el hogar. Fabricado en el Reino Unido. Sin BPA.\" \/>\n<meta name=\"robots\" content=\"index, follow, max-snippet:-1, max-image-preview:large, max-video-preview:-1\" \/>\n<link rel=\"canonical\" href=\"https:\/\/adl-regalosempresa.com\/tiendaonline\/articulos\/merchandising\/vaso-reciclado-de-250-ml-con-tapa-antigoteo-para-personalizar-con-logo-2\/\" \/>\n<meta property=\"og:locale\" content=\"es_ES\" \/>\n<meta property=\"og:type\" content=\"article\" \/>\n<meta property=\"og:title\" content=\"Merchandising Vaso reciclado de 250\u00a0ml con tapa antigoteo para personalizar con logo - ADL\" \/>\n<meta property=\"og:description\" content=\"Art\u00edculo de merchandising Vaso reciclado de 250\u00a0ml con tapa antigoteo &quot;Americano\u00ae Espresso Eco&quot;. Vaso con aislamiento de doble pared y tapa de rosca segura a prueba de derrames. Los clips de la tapa se cierran para evitar derrames, y est\u00e1n fabricados sin silicona para que el vaso sea totalmente reciclable. El vaso est\u00e1 hecho de pl\u00e1stico de polipropileno 75 % reciclado, mientras que la tapa est\u00e1 hecha de pl\u00e1stico PP de grado alimenticio. Los tonos de negro pueden variar de color de textura por la naturaleza del material reciclado. Cumple con la norma EN12875-1, es apto para el lavavajillas y el microondas. Suministrado en una bolsa compostable para el hogar. Fabricado en el Reino Unido. Sin BPA.\" \/>\n<meta property=\"og:url\" content=\"https:\/\/adl-regalosempresa.com\/tiendaonline\/articulos\/merchandising\/vaso-reciclado-de-250-ml-con-tapa-antigoteo-para-personalizar-con-logo-2\/\" \/>\n<meta property=\"og:site_name\" content=\"ADL Comunicaci\u00f3n\" \/>\n<meta property=\"article:modified_time\" content=\"2026-03-29T07:13:59+00:00\" \/>\n<meta property=\"og:image\" content=\"https:\/\/adl-regalosempresa.com\/tiendaonline\/wp-content\/uploads\/2022\/06\/21045500.jpg\" \/>\n\t<meta property=\"og:image:width\" content=\"1600\" \/>\n\t<meta property=\"og:image:height\" content=\"1600\" \/>\n\t<meta property=\"og:image:type\" content=\"image\/jpeg\" \/>\n<meta name=\"twitter:card\" content=\"summary_large_image\" \/>\n<meta name=\"twitter:title\" content=\"Merchandising Vaso reciclado de 250\u00a0ml con tapa antigoteo para personalizar con logo - ADL\" \/>\n<meta name=\"twitter:label1\" content=\"Tiempo de lectura\" \/>\n\t<meta name=\"twitter:data1\" content=\"1 minuto\" \/>\n<script type=\"application\/ld+json\" class=\"yoast-schema-graph\">{\"@context\":\"https:\/\/schema.org\",\"@graph\":[{\"@type\":\"WebPage\",\"@id\":\"https:\/\/adl-regalosempresa.com\/tiendaonline\/articulos\/merchandising\/vaso-reciclado-de-250-ml-con-tapa-antigoteo-para-personalizar-con-logo-2\/\",\"url\":\"https:\/\/adl-regalosempresa.com\/tiendaonline\/articulos\/merchandising\/vaso-reciclado-de-250-ml-con-tapa-antigoteo-para-personalizar-con-logo-2\/\",\"name\":\"Merchandising Vaso reciclado de 250\u00a0ml con tapa antigoteo para personalizar con logo - ADL\",\"isPartOf\":{\"@id\":\"https:\/\/adl-regalosempresa.com\/tiendaonline\/#website\"},\"primaryImageOfPage\":{\"@id\":\"https:\/\/adl-regalosempresa.com\/tiendaonline\/articulos\/merchandising\/vaso-reciclado-de-250-ml-con-tapa-antigoteo-para-personalizar-con-logo-2\/#primaryimage\"},\"image\":{\"@id\":\"https:\/\/adl-regalosempresa.com\/tiendaonline\/articulos\/merchandising\/vaso-reciclado-de-250-ml-con-tapa-antigoteo-para-personalizar-con-logo-2\/#primaryimage\"},\"thumbnailUrl\":\"https:\/\/adl-regalosempresa.com\/tiendaonline\/wp-content\/uploads\/2022\/06\/21045500.jpg\",\"datePublished\":\"2026-03-24T06:00:48+00:00\",\"dateModified\":\"2026-03-29T07:13:59+00:00\",\"description\":\"Art\u00edculo de merchandising Vaso reciclado de 250\u00a0ml con tapa antigoteo \\\"Americano\u00ae Espresso Eco\\\". Vaso con aislamiento de doble pared y tapa de rosca segura a prueba de derrames. Los clips de la tapa se cierran para evitar derrames, y est\u00e1n fabricados sin silicona para que el vaso sea totalmente reciclable. El vaso est\u00e1 hecho de pl\u00e1stico de polipropileno 75 % reciclado, mientras que la tapa est\u00e1 hecha de pl\u00e1stico PP de grado alimenticio. Los tonos de negro pueden variar de color de textura por la naturaleza del material reciclado. Cumple con la norma EN12875-1, es apto para el lavavajillas y el microondas. Suministrado en una bolsa compostable para el hogar. Fabricado en el Reino Unido. Sin BPA.\",\"breadcrumb\":{\"@id\":\"https:\/\/adl-regalosempresa.com\/tiendaonline\/articulos\/merchandising\/vaso-reciclado-de-250-ml-con-tapa-antigoteo-para-personalizar-con-logo-2\/#breadcrumb\"},\"inLanguage\":\"es\",\"potentialAction\":[{\"@type\":\"ReadAction\",\"target\":[\"https:\/\/adl-regalosempresa.com\/tiendaonline\/articulos\/merchandising\/vaso-reciclado-de-250-ml-con-tapa-antigoteo-para-personalizar-con-logo-2\/\"]}]},{\"@type\":\"ImageObject\",\"inLanguage\":\"es\",\"@id\":\"https:\/\/adl-regalosempresa.com\/tiendaonline\/articulos\/merchandising\/vaso-reciclado-de-250-ml-con-tapa-antigoteo-para-personalizar-con-logo-2\/#primaryimage\",\"url\":\"https:\/\/adl-regalosempresa.com\/tiendaonline\/wp-content\/uploads\/2022\/06\/21045500.jpg\",\"contentUrl\":\"https:\/\/adl-regalosempresa.com\/tiendaonline\/wp-content\/uploads\/2022\/06\/21045500.jpg\",\"width\":1600,\"height\":1600,\"caption\":\"Vaso reciclado de 250\u00a0ml con tapa antigoteo \\\"Americano\u00ae Espresso Eco\\\"\"},{\"@type\":\"BreadcrumbList\",\"@id\":\"https:\/\/adl-regalosempresa.com\/tiendaonline\/articulos\/merchandising\/vaso-reciclado-de-250-ml-con-tapa-antigoteo-para-personalizar-con-logo-2\/#breadcrumb\",\"itemListElement\":[{\"@type\":\"ListItem\",\"position\":1,\"name\":\"Portada\",\"item\":\"https:\/\/adl-regalosempresa.com\/tiendaonline\/\"},{\"@type\":\"ListItem\",\"position\":2,\"name\":\"Tienda\",\"item\":\"https:\/\/adl-regalosempresa.com\/tiendaonline\/tienda\/\"},{\"@type\":\"ListItem\",\"position\":3,\"name\":\"Vaso reciclado de 250\u00a0ml con tapa antigoteo para personalizar con logo\"}]},{\"@type\":\"WebSite\",\"@id\":\"https:\/\/adl-regalosempresa.com\/tiendaonline\/#website\",\"url\":\"https:\/\/adl-regalosempresa.com\/tiendaonline\/\",\"name\":\"ADL Comunicaci\u00f3n\",\"description\":\"Regalos de empresa\",\"publisher\":{\"@id\":\"https:\/\/adl-regalosempresa.com\/tiendaonline\/#organization\"},\"potentialAction\":[{\"@type\":\"SearchAction\",\"target\":{\"@type\":\"EntryPoint\",\"urlTemplate\":\"https:\/\/adl-regalosempresa.com\/tiendaonline\/?s={search_term_string}\"},\"query-input\":{\"@type\":\"PropertyValueSpecification\",\"valueRequired\":true,\"valueName\":\"search_term_string\"}}],\"inLanguage\":\"es\"},{\"@type\":\"Organization\",\"@id\":\"https:\/\/adl-regalosempresa.com\/tiendaonline\/#organization\",\"name\":\"ADL Comunicaci\u00f3n\",\"url\":\"https:\/\/adl-regalosempresa.com\/tiendaonline\/\",\"logo\":{\"@type\":\"ImageObject\",\"inLanguage\":\"es\",\"@id\":\"https:\/\/adl-regalosempresa.com\/tiendaonline\/#\/schema\/logo\/image\/\",\"url\":\"https:\/\/adl-regalosempresa.com\/tiendaonline\/wp-content\/uploads\/2017\/09\/logo-adl-wp.png\",\"contentUrl\":\"https:\/\/adl-regalosempresa.com\/tiendaonline\/wp-content\/uploads\/2017\/09\/logo-adl-wp.png\",\"width\":407,\"height\":185,\"caption\":\"ADL Comunicaci\u00f3n\"},\"image\":{\"@id\":\"https:\/\/adl-regalosempresa.com\/tiendaonline\/#\/schema\/logo\/image\/\"}}]}<\/script>\n<!-- \/ Yoast SEO plugin. -->","yoast_head_json":{"title":"Merchandising Vaso reciclado de 250\u00a0ml con tapa antigoteo para personalizar con logo - ADL","description":"Art\u00edculo de merchandising Vaso reciclado de 250\u00a0ml con tapa antigoteo \"Americano\u00ae Espresso Eco\". Vaso con aislamiento de doble pared y tapa de rosca segura a prueba de derrames. Los clips de la tapa se cierran para evitar derrames, y est\u00e1n fabricados sin silicona para que el vaso sea totalmente reciclable. El vaso est\u00e1 hecho de pl\u00e1stico de polipropileno 75 % reciclado, mientras que la tapa est\u00e1 hecha de pl\u00e1stico PP de grado alimenticio. Los tonos de negro pueden variar de color de textura por la naturaleza del material reciclado. Cumple con la norma EN12875-1, es apto para el lavavajillas y el microondas. Suministrado en una bolsa compostable para el hogar. Fabricado en el Reino Unido. Sin BPA.","robots":{"index":"index","follow":"follow","max-snippet":"max-snippet:-1","max-image-preview":"max-image-preview:large","max-video-preview":"max-video-preview:-1"},"canonical":"https:\/\/adl-regalosempresa.com\/tiendaonline\/articulos\/merchandising\/vaso-reciclado-de-250-ml-con-tapa-antigoteo-para-personalizar-con-logo-2\/","og_locale":"es_ES","og_type":"article","og_title":"Merchandising Vaso reciclado de 250\u00a0ml con tapa antigoteo para personalizar con logo - ADL","og_description":"Art\u00edculo de merchandising Vaso reciclado de 250\u00a0ml con tapa antigoteo \"Americano\u00ae Espresso Eco\". Vaso con aislamiento de doble pared y tapa de rosca segura a prueba de derrames. Los clips de la tapa se cierran para evitar derrames, y est\u00e1n fabricados sin silicona para que el vaso sea totalmente reciclable. El vaso est\u00e1 hecho de pl\u00e1stico de polipropileno 75 % reciclado, mientras que la tapa est\u00e1 hecha de pl\u00e1stico PP de grado alimenticio. Los tonos de negro pueden variar de color de textura por la naturaleza del material reciclado. Cumple con la norma EN12875-1, es apto para el lavavajillas y el microondas. Suministrado en una bolsa compostable para el hogar. Fabricado en el Reino Unido. Sin BPA.","og_url":"https:\/\/adl-regalosempresa.com\/tiendaonline\/articulos\/merchandising\/vaso-reciclado-de-250-ml-con-tapa-antigoteo-para-personalizar-con-logo-2\/","og_site_name":"ADL Comunicaci\u00f3n","article_modified_time":"2026-03-29T07:13:59+00:00","og_image":[{"width":1600,"height":1600,"url":"https:\/\/adl-regalosempresa.com\/tiendaonline\/wp-content\/uploads\/2022\/06\/21045500.jpg","type":"image\/jpeg"}],"twitter_card":"summary_large_image","twitter_title":"Merchandising Vaso reciclado de 250\u00a0ml con tapa antigoteo para personalizar con logo - ADL","twitter_misc":{"Tiempo de lectura":"1 minuto"},"schema":{"@context":"https:\/\/schema.org","@graph":[{"@type":"WebPage","@id":"https:\/\/adl-regalosempresa.com\/tiendaonline\/articulos\/merchandising\/vaso-reciclado-de-250-ml-con-tapa-antigoteo-para-personalizar-con-logo-2\/","url":"https:\/\/adl-regalosempresa.com\/tiendaonline\/articulos\/merchandising\/vaso-reciclado-de-250-ml-con-tapa-antigoteo-para-personalizar-con-logo-2\/","name":"Merchandising Vaso reciclado de 250\u00a0ml con tapa antigoteo para personalizar con logo - ADL","isPartOf":{"@id":"https:\/\/adl-regalosempresa.com\/tiendaonline\/#website"},"primaryImageOfPage":{"@id":"https:\/\/adl-regalosempresa.com\/tiendaonline\/articulos\/merchandising\/vaso-reciclado-de-250-ml-con-tapa-antigoteo-para-personalizar-con-logo-2\/#primaryimage"},"image":{"@id":"https:\/\/adl-regalosempresa.com\/tiendaonline\/articulos\/merchandising\/vaso-reciclado-de-250-ml-con-tapa-antigoteo-para-personalizar-con-logo-2\/#primaryimage"},"thumbnailUrl":"https:\/\/adl-regalosempresa.com\/tiendaonline\/wp-content\/uploads\/2022\/06\/21045500.jpg","datePublished":"2026-03-24T06:00:48+00:00","dateModified":"2026-03-29T07:13:59+00:00","description":"Art\u00edculo de merchandising Vaso reciclado de 250\u00a0ml con tapa antigoteo \"Americano\u00ae Espresso Eco\". Vaso con aislamiento de doble pared y tapa de rosca segura a prueba de derrames. Los clips de la tapa se cierran para evitar derrames, y est\u00e1n fabricados sin silicona para que el vaso sea totalmente reciclable. El vaso est\u00e1 hecho de pl\u00e1stico de polipropileno 75 % reciclado, mientras que la tapa est\u00e1 hecha de pl\u00e1stico PP de grado alimenticio. Los tonos de negro pueden variar de color de textura por la naturaleza del material reciclado. Cumple con la norma EN12875-1, es apto para el lavavajillas y el microondas. Suministrado en una bolsa compostable para el hogar. Fabricado en el Reino Unido. Sin BPA.","breadcrumb":{"@id":"https:\/\/adl-regalosempresa.com\/tiendaonline\/articulos\/merchandising\/vaso-reciclado-de-250-ml-con-tapa-antigoteo-para-personalizar-con-logo-2\/#breadcrumb"},"inLanguage":"es","potentialAction":[{"@type":"ReadAction","target":["https:\/\/adl-regalosempresa.com\/tiendaonline\/articulos\/merchandising\/vaso-reciclado-de-250-ml-con-tapa-antigoteo-para-personalizar-con-logo-2\/"]}]},{"@type":"ImageObject","inLanguage":"es","@id":"https:\/\/adl-regalosempresa.com\/tiendaonline\/articulos\/merchandising\/vaso-reciclado-de-250-ml-con-tapa-antigoteo-para-personalizar-con-logo-2\/#primaryimage","url":"https:\/\/adl-regalosempresa.com\/tiendaonline\/wp-content\/uploads\/2022\/06\/21045500.jpg","contentUrl":"https:\/\/adl-regalosempresa.com\/tiendaonline\/wp-content\/uploads\/2022\/06\/21045500.jpg","width":1600,"height":1600,"caption":"Vaso reciclado de 250\u00a0ml con tapa antigoteo \"Americano\u00ae Espresso Eco\""},{"@type":"BreadcrumbList","@id":"https:\/\/adl-regalosempresa.com\/tiendaonline\/articulos\/merchandising\/vaso-reciclado-de-250-ml-con-tapa-antigoteo-para-personalizar-con-logo-2\/#breadcrumb","itemListElement":[{"@type":"ListItem","position":1,"name":"Portada","item":"https:\/\/adl-regalosempresa.com\/tiendaonline\/"},{"@type":"ListItem","position":2,"name":"Tienda","item":"https:\/\/adl-regalosempresa.com\/tiendaonline\/tienda\/"},{"@type":"ListItem","position":3,"name":"Vaso reciclado de 250\u00a0ml con tapa antigoteo para personalizar con logo"}]},{"@type":"WebSite","@id":"https:\/\/adl-regalosempresa.com\/tiendaonline\/#website","url":"https:\/\/adl-regalosempresa.com\/tiendaonline\/","name":"ADL Comunicaci\u00f3n","description":"Regalos de empresa","publisher":{"@id":"https:\/\/adl-regalosempresa.com\/tiendaonline\/#organization"},"potentialAction":[{"@type":"SearchAction","target":{"@type":"EntryPoint","urlTemplate":"https:\/\/adl-regalosempresa.com\/tiendaonline\/?s={search_term_string}"},"query-input":{"@type":"PropertyValueSpecification","valueRequired":true,"valueName":"search_term_string"}}],"inLanguage":"es"},{"@type":"Organization","@id":"https:\/\/adl-regalosempresa.com\/tiendaonline\/#organization","name":"ADL Comunicaci\u00f3n","url":"https:\/\/adl-regalosempresa.com\/tiendaonline\/","logo":{"@type":"ImageObject","inLanguage":"es","@id":"https:\/\/adl-regalosempresa.com\/tiendaonline\/#\/schema\/logo\/image\/","url":"https:\/\/adl-regalosempresa.com\/tiendaonline\/wp-content\/uploads\/2017\/09\/logo-adl-wp.png","contentUrl":"https:\/\/adl-regalosempresa.com\/tiendaonline\/wp-content\/uploads\/2017\/09\/logo-adl-wp.png","width":407,"height":185,"caption":"ADL Comunicaci\u00f3n"},"image":{"@id":"https:\/\/adl-regalosempresa.com\/tiendaonline\/#\/schema\/logo\/image\/"}}]}},"_links":{"self":[{"href":"https:\/\/adl-regalosempresa.com\/tiendaonline\/wp-json\/wp\/v2\/product\/113056","targetHints":{"allow":["GET"]}}],"collection":[{"href":"https:\/\/adl-regalosempresa.com\/tiendaonline\/wp-json\/wp\/v2\/product"}],"about":[{"href":"https:\/\/adl-regalosempresa.com\/tiendaonline\/wp-json\/wp\/v2\/types\/product"}],"wp:featuredmedia":[{"embeddable":true,"href":"https:\/\/adl-regalosempresa.com\/tiendaonline\/wp-json\/wp\/v2\/media\/113058"}],"wp:attachment":[{"href":"https:\/\/adl-regalosempresa.com\/tiendaonline\/wp-json\/wp\/v2\/media?parent=113056"}],"wp:term":[{"taxonomy":"product_brand","embeddable":true,"href":"https:\/\/adl-regalosempresa.com\/tiendaonline\/wp-json\/wp\/v2\/product_brand?post=113056"},{"taxonomy":"product_cat","embeddable":true,"href":"https:\/\/adl-regalosempresa.com\/tiendaonline\/wp-json\/wp\/v2\/product_cat?post=113056"},{"taxonomy":"product_tag","embeddable":true,"href":"https:\/\/adl-regalosempresa.com\/tiendaonline\/wp-json\/wp\/v2\/product_tag?post=113056"}],"curies":[{"name":"wp","href":"https:\/\/api.w.org\/{rel}","templated":true}]}}