{"id":112957,"date":"2026-04-02T04:16:03","date_gmt":"2026-04-02T04:16:03","guid":{"rendered":"https:\/\/adl-regalosempresa.com\/tiendaonline\/articulos\/merchandising\/set-de-dos-libretas-a5-para-personalizar\/"},"modified":"2026-04-03T07:52:08","modified_gmt":"2026-04-03T07:52:08","slug":"set-de-dos-libretas-a5-para-personalizar-con-logo","status":"publish","type":"product","link":"https:\/\/adl-regalosempresa.com\/tiendaonline\/articulos\/merchandising\/set-de-dos-libretas-a5-para-personalizar-con-logo\/","title":{"rendered":"Set de dos libretas  A5  para personalizar con logo"},"content":{"rendered":"<p>Set de dos libretas A5 fabricadas con papel de piedra de alta calidad y de origen sostenible. Una de las libretas tiene p\u00e1ginas rayadas y la otra tiene p\u00e1ginas en blanco para plasmar las ideas del hemisferio izquierdo y derecho. Este material \u00fanico y ecol\u00f3gico no contiene \u00e1cidos, es blanco brillante e impermeable, y tiene un aspecto y un tacto de primera calidad. Incluye de 50 p\u00e1ginas impermeables, resistentes al desgarro y perforadas para facilitar su extracci\u00f3n, una pr\u00e1ctica tapa impermeable, bolsillo trasero para guardar notas, pespunte (de color a juego) y esquinas redondeadas.<\/p>\n","protected":false},"excerpt":{"rendered":"<p><strong>Descuentos por cantidades<\/strong><br \/>&#8211; a partir de 100 unidades: 16,44 \u20ac\/ud<br \/>&#8211; a partir de 250 unidades: 16,12 \u20ac\/ud<br \/>&#8211; a partir de 500 unidades: 15,96 \u20ac\/ud<\/p>\n<p>Para cantidades superiores a las aqu\u00ed indicadas, no dudes en ponerte en contacto con nuestro departamento comercial o <a href='https:\/\/adl-regalosempresa.com\/tiendaonline\/solicitud-presupuesto\/'>pedirnos presupuesto personalizado<\/a>, ajustaremos el presupuesto a tus necesidades.<\/p>\n","protected":false},"featured_media":112959,"template":"","meta":{"_kad_post_transparent":"","_kad_post_title":"","_kad_post_layout":"","_kad_post_sidebar_id":"","_kad_post_content_style":"","_kad_post_vertical_padding":"","_kad_post_feature":"","_kad_post_feature_position":"","_kad_post_header":false,"_kad_post_footer":false,"_kad_post_classname":""},"product_brand":[],"product_cat":[7689,7688],"product_tag":[],"class_list":{"0":"post-112957","1":"product","2":"type-product","3":"status-publish","4":"has-post-thumbnail","6":"product_cat-libretas-de-tapas-duras-libretas-y-papeleria","7":"product_cat-libretas-y-papeleria","8":"pa_alto-1-cm","9":"pa_ancho-148-cm","10":"pa_color-azul-claro","11":"pa_color-gris-pizarra","12":"pa_color-simple-gris","13":"pa_largo-21-cm","14":"pa_marca-karst","15":"pa_material-papel-de-piedra","16":"pa_peso-310-gr","18":"first","19":"instock","20":"taxable","21":"shipping-taxable","22":"purchasable","23":"product-type-variable","24":"entry","25":"content-bg","26":"loop-entry"},"yoast_head":"<!-- This site is optimized with the Yoast SEO plugin v26.3 - https:\/\/yoast.com\/wordpress\/plugins\/seo\/ -->\n<title>Merchandising Set de dos libretas A5 para personalizar con logo - ADL<\/title>\n<meta name=\"description\" content=\"Art\u00edculo de merchandising Set de dos libretas A5 &quot;Karst\u00ae&quot;. Set de dos libretas A5 fabricadas con papel de piedra de alta calidad y de origen sostenible. Una de las libretas tiene p\u00e1ginas rayadas y la otra tiene p\u00e1ginas en blanco para plasmar las ideas del hemisferio izquierdo y derecho. Este material \u00fanico y ecol\u00f3gico no contiene \u00e1cidos, es blanco brillante e impermeable, y tiene un aspecto y un tacto de primera calidad. Incluye de 50 p\u00e1ginas impermeables, resistentes al desgarro y perforadas para facilitar su extracci\u00f3n, una pr\u00e1ctica tapa impermeable, bolsillo trasero para guardar notas, pespunte (de color a juego) y esquinas redondeadas.\" \/>\n<meta name=\"robots\" content=\"index, follow, max-snippet:-1, max-image-preview:large, max-video-preview:-1\" \/>\n<link rel=\"canonical\" href=\"https:\/\/adl-regalosempresa.com\/tiendaonline\/articulos\/merchandising\/set-de-dos-libretas-a5-para-personalizar-con-logo\/\" \/>\n<meta property=\"og:locale\" content=\"es_ES\" \/>\n<meta property=\"og:type\" content=\"article\" \/>\n<meta property=\"og:title\" content=\"Merchandising Set de dos libretas A5 para personalizar con logo - ADL\" \/>\n<meta property=\"og:description\" content=\"Art\u00edculo de merchandising Set de dos libretas A5 &quot;Karst\u00ae&quot;. Set de dos libretas A5 fabricadas con papel de piedra de alta calidad y de origen sostenible. Una de las libretas tiene p\u00e1ginas rayadas y la otra tiene p\u00e1ginas en blanco para plasmar las ideas del hemisferio izquierdo y derecho. Este material \u00fanico y ecol\u00f3gico no contiene \u00e1cidos, es blanco brillante e impermeable, y tiene un aspecto y un tacto de primera calidad. Incluye de 50 p\u00e1ginas impermeables, resistentes al desgarro y perforadas para facilitar su extracci\u00f3n, una pr\u00e1ctica tapa impermeable, bolsillo trasero para guardar notas, pespunte (de color a juego) y esquinas redondeadas.\" \/>\n<meta property=\"og:url\" content=\"https:\/\/adl-regalosempresa.com\/tiendaonline\/articulos\/merchandising\/set-de-dos-libretas-a5-para-personalizar-con-logo\/\" \/>\n<meta property=\"og:site_name\" content=\"ADL Comunicaci\u00f3n\" \/>\n<meta property=\"article:modified_time\" content=\"2026-04-03T07:52:08+00:00\" \/>\n<meta property=\"og:image\" content=\"https:\/\/adl-regalosempresa.com\/tiendaonline\/wp-content\/uploads\/2022\/06\/10779250.jpg\" \/>\n\t<meta property=\"og:image:width\" content=\"1600\" \/>\n\t<meta property=\"og:image:height\" content=\"1600\" \/>\n\t<meta property=\"og:image:type\" content=\"image\/jpeg\" \/>\n<meta name=\"twitter:card\" content=\"summary_large_image\" \/>\n<meta name=\"twitter:title\" content=\"Merchandising Set de dos libretas A5 para personalizar con logo - ADL\" \/>\n<script type=\"application\/ld+json\" class=\"yoast-schema-graph\">{\"@context\":\"https:\/\/schema.org\",\"@graph\":[{\"@type\":\"WebPage\",\"@id\":\"https:\/\/adl-regalosempresa.com\/tiendaonline\/articulos\/merchandising\/set-de-dos-libretas-a5-para-personalizar-con-logo\/\",\"url\":\"https:\/\/adl-regalosempresa.com\/tiendaonline\/articulos\/merchandising\/set-de-dos-libretas-a5-para-personalizar-con-logo\/\",\"name\":\"Merchandising Set de dos libretas A5 para personalizar con logo - ADL\",\"isPartOf\":{\"@id\":\"https:\/\/adl-regalosempresa.com\/tiendaonline\/#website\"},\"primaryImageOfPage\":{\"@id\":\"https:\/\/adl-regalosempresa.com\/tiendaonline\/articulos\/merchandising\/set-de-dos-libretas-a5-para-personalizar-con-logo\/#primaryimage\"},\"image\":{\"@id\":\"https:\/\/adl-regalosempresa.com\/tiendaonline\/articulos\/merchandising\/set-de-dos-libretas-a5-para-personalizar-con-logo\/#primaryimage\"},\"thumbnailUrl\":\"https:\/\/adl-regalosempresa.com\/tiendaonline\/wp-content\/uploads\/2022\/06\/10779250.jpg\",\"datePublished\":\"2026-04-02T04:16:03+00:00\",\"dateModified\":\"2026-04-03T07:52:08+00:00\",\"description\":\"Art\u00edculo de merchandising Set de dos libretas A5 \\\"Karst\u00ae\\\". Set de dos libretas A5 fabricadas con papel de piedra de alta calidad y de origen sostenible. Una de las libretas tiene p\u00e1ginas rayadas y la otra tiene p\u00e1ginas en blanco para plasmar las ideas del hemisferio izquierdo y derecho. Este material \u00fanico y ecol\u00f3gico no contiene \u00e1cidos, es blanco brillante e impermeable, y tiene un aspecto y un tacto de primera calidad. Incluye de 50 p\u00e1ginas impermeables, resistentes al desgarro y perforadas para facilitar su extracci\u00f3n, una pr\u00e1ctica tapa impermeable, bolsillo trasero para guardar notas, pespunte (de color a juego) y esquinas redondeadas.\",\"breadcrumb\":{\"@id\":\"https:\/\/adl-regalosempresa.com\/tiendaonline\/articulos\/merchandising\/set-de-dos-libretas-a5-para-personalizar-con-logo\/#breadcrumb\"},\"inLanguage\":\"es\",\"potentialAction\":[{\"@type\":\"ReadAction\",\"target\":[\"https:\/\/adl-regalosempresa.com\/tiendaonline\/articulos\/merchandising\/set-de-dos-libretas-a5-para-personalizar-con-logo\/\"]}]},{\"@type\":\"ImageObject\",\"inLanguage\":\"es\",\"@id\":\"https:\/\/adl-regalosempresa.com\/tiendaonline\/articulos\/merchandising\/set-de-dos-libretas-a5-para-personalizar-con-logo\/#primaryimage\",\"url\":\"https:\/\/adl-regalosempresa.com\/tiendaonline\/wp-content\/uploads\/2022\/06\/10779250.jpg\",\"contentUrl\":\"https:\/\/adl-regalosempresa.com\/tiendaonline\/wp-content\/uploads\/2022\/06\/10779250.jpg\",\"width\":1600,\"height\":1600,\"caption\":\"Set de dos libretas A5 \\\"Karst\u00ae\\\"\"},{\"@type\":\"BreadcrumbList\",\"@id\":\"https:\/\/adl-regalosempresa.com\/tiendaonline\/articulos\/merchandising\/set-de-dos-libretas-a5-para-personalizar-con-logo\/#breadcrumb\",\"itemListElement\":[{\"@type\":\"ListItem\",\"position\":1,\"name\":\"Portada\",\"item\":\"https:\/\/adl-regalosempresa.com\/tiendaonline\/\"},{\"@type\":\"ListItem\",\"position\":2,\"name\":\"Tienda\",\"item\":\"https:\/\/adl-regalosempresa.com\/tiendaonline\/tienda\/\"},{\"@type\":\"ListItem\",\"position\":3,\"name\":\"Set de dos libretas A5 para personalizar con logo\"}]},{\"@type\":\"WebSite\",\"@id\":\"https:\/\/adl-regalosempresa.com\/tiendaonline\/#website\",\"url\":\"https:\/\/adl-regalosempresa.com\/tiendaonline\/\",\"name\":\"ADL Comunicaci\u00f3n\",\"description\":\"Regalos de empresa\",\"publisher\":{\"@id\":\"https:\/\/adl-regalosempresa.com\/tiendaonline\/#organization\"},\"potentialAction\":[{\"@type\":\"SearchAction\",\"target\":{\"@type\":\"EntryPoint\",\"urlTemplate\":\"https:\/\/adl-regalosempresa.com\/tiendaonline\/?s={search_term_string}\"},\"query-input\":{\"@type\":\"PropertyValueSpecification\",\"valueRequired\":true,\"valueName\":\"search_term_string\"}}],\"inLanguage\":\"es\"},{\"@type\":\"Organization\",\"@id\":\"https:\/\/adl-regalosempresa.com\/tiendaonline\/#organization\",\"name\":\"ADL Comunicaci\u00f3n\",\"url\":\"https:\/\/adl-regalosempresa.com\/tiendaonline\/\",\"logo\":{\"@type\":\"ImageObject\",\"inLanguage\":\"es\",\"@id\":\"https:\/\/adl-regalosempresa.com\/tiendaonline\/#\/schema\/logo\/image\/\",\"url\":\"https:\/\/adl-regalosempresa.com\/tiendaonline\/wp-content\/uploads\/2017\/09\/logo-adl-wp.png\",\"contentUrl\":\"https:\/\/adl-regalosempresa.com\/tiendaonline\/wp-content\/uploads\/2017\/09\/logo-adl-wp.png\",\"width\":407,\"height\":185,\"caption\":\"ADL Comunicaci\u00f3n\"},\"image\":{\"@id\":\"https:\/\/adl-regalosempresa.com\/tiendaonline\/#\/schema\/logo\/image\/\"}}]}<\/script>\n<!-- \/ Yoast SEO plugin. -->","yoast_head_json":{"title":"Merchandising Set de dos libretas A5 para personalizar con logo - ADL","description":"Art\u00edculo de merchandising Set de dos libretas A5 \"Karst\u00ae\". Set de dos libretas A5 fabricadas con papel de piedra de alta calidad y de origen sostenible. Una de las libretas tiene p\u00e1ginas rayadas y la otra tiene p\u00e1ginas en blanco para plasmar las ideas del hemisferio izquierdo y derecho. Este material \u00fanico y ecol\u00f3gico no contiene \u00e1cidos, es blanco brillante e impermeable, y tiene un aspecto y un tacto de primera calidad. Incluye de 50 p\u00e1ginas impermeables, resistentes al desgarro y perforadas para facilitar su extracci\u00f3n, una pr\u00e1ctica tapa impermeable, bolsillo trasero para guardar notas, pespunte (de color a juego) y esquinas redondeadas.","robots":{"index":"index","follow":"follow","max-snippet":"max-snippet:-1","max-image-preview":"max-image-preview:large","max-video-preview":"max-video-preview:-1"},"canonical":"https:\/\/adl-regalosempresa.com\/tiendaonline\/articulos\/merchandising\/set-de-dos-libretas-a5-para-personalizar-con-logo\/","og_locale":"es_ES","og_type":"article","og_title":"Merchandising Set de dos libretas A5 para personalizar con logo - ADL","og_description":"Art\u00edculo de merchandising Set de dos libretas A5 \"Karst\u00ae\". Set de dos libretas A5 fabricadas con papel de piedra de alta calidad y de origen sostenible. Una de las libretas tiene p\u00e1ginas rayadas y la otra tiene p\u00e1ginas en blanco para plasmar las ideas del hemisferio izquierdo y derecho. Este material \u00fanico y ecol\u00f3gico no contiene \u00e1cidos, es blanco brillante e impermeable, y tiene un aspecto y un tacto de primera calidad. Incluye de 50 p\u00e1ginas impermeables, resistentes al desgarro y perforadas para facilitar su extracci\u00f3n, una pr\u00e1ctica tapa impermeable, bolsillo trasero para guardar notas, pespunte (de color a juego) y esquinas redondeadas.","og_url":"https:\/\/adl-regalosempresa.com\/tiendaonline\/articulos\/merchandising\/set-de-dos-libretas-a5-para-personalizar-con-logo\/","og_site_name":"ADL Comunicaci\u00f3n","article_modified_time":"2026-04-03T07:52:08+00:00","og_image":[{"width":1600,"height":1600,"url":"https:\/\/adl-regalosempresa.com\/tiendaonline\/wp-content\/uploads\/2022\/06\/10779250.jpg","type":"image\/jpeg"}],"twitter_card":"summary_large_image","twitter_title":"Merchandising Set de dos libretas A5 para personalizar con logo - ADL","schema":{"@context":"https:\/\/schema.org","@graph":[{"@type":"WebPage","@id":"https:\/\/adl-regalosempresa.com\/tiendaonline\/articulos\/merchandising\/set-de-dos-libretas-a5-para-personalizar-con-logo\/","url":"https:\/\/adl-regalosempresa.com\/tiendaonline\/articulos\/merchandising\/set-de-dos-libretas-a5-para-personalizar-con-logo\/","name":"Merchandising Set de dos libretas A5 para personalizar con logo - ADL","isPartOf":{"@id":"https:\/\/adl-regalosempresa.com\/tiendaonline\/#website"},"primaryImageOfPage":{"@id":"https:\/\/adl-regalosempresa.com\/tiendaonline\/articulos\/merchandising\/set-de-dos-libretas-a5-para-personalizar-con-logo\/#primaryimage"},"image":{"@id":"https:\/\/adl-regalosempresa.com\/tiendaonline\/articulos\/merchandising\/set-de-dos-libretas-a5-para-personalizar-con-logo\/#primaryimage"},"thumbnailUrl":"https:\/\/adl-regalosempresa.com\/tiendaonline\/wp-content\/uploads\/2022\/06\/10779250.jpg","datePublished":"2026-04-02T04:16:03+00:00","dateModified":"2026-04-03T07:52:08+00:00","description":"Art\u00edculo de merchandising Set de dos libretas A5 \"Karst\u00ae\". Set de dos libretas A5 fabricadas con papel de piedra de alta calidad y de origen sostenible. Una de las libretas tiene p\u00e1ginas rayadas y la otra tiene p\u00e1ginas en blanco para plasmar las ideas del hemisferio izquierdo y derecho. Este material \u00fanico y ecol\u00f3gico no contiene \u00e1cidos, es blanco brillante e impermeable, y tiene un aspecto y un tacto de primera calidad. Incluye de 50 p\u00e1ginas impermeables, resistentes al desgarro y perforadas para facilitar su extracci\u00f3n, una pr\u00e1ctica tapa impermeable, bolsillo trasero para guardar notas, pespunte (de color a juego) y esquinas redondeadas.","breadcrumb":{"@id":"https:\/\/adl-regalosempresa.com\/tiendaonline\/articulos\/merchandising\/set-de-dos-libretas-a5-para-personalizar-con-logo\/#breadcrumb"},"inLanguage":"es","potentialAction":[{"@type":"ReadAction","target":["https:\/\/adl-regalosempresa.com\/tiendaonline\/articulos\/merchandising\/set-de-dos-libretas-a5-para-personalizar-con-logo\/"]}]},{"@type":"ImageObject","inLanguage":"es","@id":"https:\/\/adl-regalosempresa.com\/tiendaonline\/articulos\/merchandising\/set-de-dos-libretas-a5-para-personalizar-con-logo\/#primaryimage","url":"https:\/\/adl-regalosempresa.com\/tiendaonline\/wp-content\/uploads\/2022\/06\/10779250.jpg","contentUrl":"https:\/\/adl-regalosempresa.com\/tiendaonline\/wp-content\/uploads\/2022\/06\/10779250.jpg","width":1600,"height":1600,"caption":"Set de dos libretas A5 \"Karst\u00ae\""},{"@type":"BreadcrumbList","@id":"https:\/\/adl-regalosempresa.com\/tiendaonline\/articulos\/merchandising\/set-de-dos-libretas-a5-para-personalizar-con-logo\/#breadcrumb","itemListElement":[{"@type":"ListItem","position":1,"name":"Portada","item":"https:\/\/adl-regalosempresa.com\/tiendaonline\/"},{"@type":"ListItem","position":2,"name":"Tienda","item":"https:\/\/adl-regalosempresa.com\/tiendaonline\/tienda\/"},{"@type":"ListItem","position":3,"name":"Set de dos libretas A5 para personalizar con logo"}]},{"@type":"WebSite","@id":"https:\/\/adl-regalosempresa.com\/tiendaonline\/#website","url":"https:\/\/adl-regalosempresa.com\/tiendaonline\/","name":"ADL Comunicaci\u00f3n","description":"Regalos de empresa","publisher":{"@id":"https:\/\/adl-regalosempresa.com\/tiendaonline\/#organization"},"potentialAction":[{"@type":"SearchAction","target":{"@type":"EntryPoint","urlTemplate":"https:\/\/adl-regalosempresa.com\/tiendaonline\/?s={search_term_string}"},"query-input":{"@type":"PropertyValueSpecification","valueRequired":true,"valueName":"search_term_string"}}],"inLanguage":"es"},{"@type":"Organization","@id":"https:\/\/adl-regalosempresa.com\/tiendaonline\/#organization","name":"ADL Comunicaci\u00f3n","url":"https:\/\/adl-regalosempresa.com\/tiendaonline\/","logo":{"@type":"ImageObject","inLanguage":"es","@id":"https:\/\/adl-regalosempresa.com\/tiendaonline\/#\/schema\/logo\/image\/","url":"https:\/\/adl-regalosempresa.com\/tiendaonline\/wp-content\/uploads\/2017\/09\/logo-adl-wp.png","contentUrl":"https:\/\/adl-regalosempresa.com\/tiendaonline\/wp-content\/uploads\/2017\/09\/logo-adl-wp.png","width":407,"height":185,"caption":"ADL Comunicaci\u00f3n"},"image":{"@id":"https:\/\/adl-regalosempresa.com\/tiendaonline\/#\/schema\/logo\/image\/"}}]}},"_links":{"self":[{"href":"https:\/\/adl-regalosempresa.com\/tiendaonline\/wp-json\/wp\/v2\/product\/112957","targetHints":{"allow":["GET"]}}],"collection":[{"href":"https:\/\/adl-regalosempresa.com\/tiendaonline\/wp-json\/wp\/v2\/product"}],"about":[{"href":"https:\/\/adl-regalosempresa.com\/tiendaonline\/wp-json\/wp\/v2\/types\/product"}],"wp:featuredmedia":[{"embeddable":true,"href":"https:\/\/adl-regalosempresa.com\/tiendaonline\/wp-json\/wp\/v2\/media\/112959"}],"wp:attachment":[{"href":"https:\/\/adl-regalosempresa.com\/tiendaonline\/wp-json\/wp\/v2\/media?parent=112957"}],"wp:term":[{"taxonomy":"product_brand","embeddable":true,"href":"https:\/\/adl-regalosempresa.com\/tiendaonline\/wp-json\/wp\/v2\/product_brand?post=112957"},{"taxonomy":"product_cat","embeddable":true,"href":"https:\/\/adl-regalosempresa.com\/tiendaonline\/wp-json\/wp\/v2\/product_cat?post=112957"},{"taxonomy":"product_tag","embeddable":true,"href":"https:\/\/adl-regalosempresa.com\/tiendaonline\/wp-json\/wp\/v2\/product_tag?post=112957"}],"curies":[{"name":"wp","href":"https:\/\/api.w.org\/{rel}","templated":true}]}}