{"id":112608,"date":"2026-03-24T05:59:01","date_gmt":"2026-03-24T05:59:01","guid":{"rendered":"https:\/\/adl-regalosempresa.com\/tiendaonline\/articulos\/merchandising\/mochila-isotermica-en-pet-reciclado-para-personalizar\/"},"modified":"2026-04-23T08:14:12","modified_gmt":"2026-04-23T08:14:12","slug":"mochila-isotermica-en-pet-reciclado-grs-para-personalizar-con-logo","status":"publish","type":"product","link":"https:\/\/adl-regalosempresa.com\/tiendaonline\/articulos\/merchandising\/mochila-isotermica-en-pet-reciclado-grs-para-personalizar-con-logo\/","title":{"rendered":"Mochila isot\u00e9rmica en PET reciclado GRS  para personalizar con logo"},"content":{"rendered":"<p>La mochila isot\u00e9rmica \u00abTundra\u00bb cuenta con un gran compartimento principal con cremallera y forro de PEVA, lo que la hace ideal para llev\u00e1rtela de excursi\u00f3n o de p\u00edcnic. La bolsa est\u00e1 fabricada con pl\u00e1stico PET reciclado certificado GRS, lo que la convierte en una opci\u00f3n sostenible. Cuenta con un bolsillo de malla lateral para una botella de agua. El bolsillo frontal con cremallera es adecuado para art\u00edculos m\u00e1s peque\u00f1os. Las asas de hombro acolchadas se pueden adaptar para conseguir un ajuste perfecto y c\u00f3modo.<\/p>\n","protected":false},"excerpt":{"rendered":"<p><strong>Descuentos por cantidades<\/strong><br \/>&#8211; a partir de 25 unidades: 11,63 \u20ac\/ud<br \/>&#8211; a partir de 50 unidades: 11,63 \u20ac\/ud<br \/>&#8211; a partir de 100 unidades: 11,41 \u20ac\/ud<\/p>\n<p>Para cantidades superiores a las aqu\u00ed indicadas, no dudes en ponerte en contacto con nuestro departamento comercial o <a href='https:\/\/adl-regalosempresa.com\/tiendaonline\/solicitud-presupuesto\/'>pedirnos presupuesto personalizado<\/a>, ajustaremos el presupuesto a tus necesidades.<\/p>\n","protected":false},"featured_media":112610,"template":"","meta":{"_kad_post_transparent":"","_kad_post_title":"","_kad_post_layout":"","_kad_post_sidebar_id":"","_kad_post_content_style":"","_kad_post_vertical_padding":"","_kad_post_feature":"","_kad_post_feature_position":"","_kad_post_header":false,"_kad_post_footer":false,"_kad_post_classname":""},"product_brand":[],"product_cat":[3526,3527],"product_tag":[],"class_list":{"0":"post-112608","1":"product","2":"type-product","3":"status-publish","4":"has-post-thumbnail","6":"product_cat-bolsas","7":"product_cat-bolsas-isotermicas","8":"pa_alto-325-cm","9":"pa_ancho-165-cm","10":"pa_color-antracita-jaspeado","11":"pa_color-azul-jaspeado","12":"pa_color-gris-mezcla","13":"pa_color-simple-azul","14":"pa_color-simple-gris","15":"pa_largo-255-cm","16":"pa_marca-unbranded","17":"pa_material-600d-poliester-reciclado","18":"pa_peso-340-gr","20":"first","21":"instock","22":"taxable","23":"shipping-taxable","24":"purchasable","25":"product-type-variable","26":"entry","27":"content-bg","28":"loop-entry"},"yoast_head":"<!-- This site is optimized with the Yoast SEO plugin v26.3 - https:\/\/yoast.com\/wordpress\/plugins\/seo\/ -->\n<title>Merchandising Mochila isot\u00e9rmica en PET reciclado GRS para personalizar con logo - ADL<\/title>\n<meta name=\"description\" content=\"Art\u00edculo de merchandising Mochila isot\u00e9rmica en PET reciclado GRS &quot;Tundra&quot;. La mochila isot\u00e9rmica &quot;Tundra&quot; cuenta con un gran compartimento principal con cremallera y forro de PEVA, lo que la hace ideal para llev\u00e1rtela de excursi\u00f3n o de p\u00edcnic. La bolsa est\u00e1 fabricada con pl\u00e1stico PET reciclado certificado GRS, lo que la convierte en una opci\u00f3n sostenible. Cuenta con un bolsillo de malla lateral para una botella de agua. El bolsillo frontal con cremallera es adecuado para art\u00edculos m\u00e1s peque\u00f1os. Las asas de hombro acolchadas se pueden adaptar para conseguir un ajuste perfecto y c\u00f3modo.\" \/>\n<meta name=\"robots\" content=\"index, follow, max-snippet:-1, max-image-preview:large, max-video-preview:-1\" \/>\n<link rel=\"canonical\" href=\"https:\/\/adl-regalosempresa.com\/tiendaonline\/articulos\/merchandising\/mochila-isotermica-en-pet-reciclado-grs-para-personalizar-con-logo\/\" \/>\n<meta property=\"og:locale\" content=\"es_ES\" \/>\n<meta property=\"og:type\" content=\"article\" \/>\n<meta property=\"og:title\" content=\"Merchandising Mochila isot\u00e9rmica en PET reciclado GRS para personalizar con logo - ADL\" \/>\n<meta property=\"og:description\" content=\"Art\u00edculo de merchandising Mochila isot\u00e9rmica en PET reciclado GRS &quot;Tundra&quot;. La mochila isot\u00e9rmica &quot;Tundra&quot; cuenta con un gran compartimento principal con cremallera y forro de PEVA, lo que la hace ideal para llev\u00e1rtela de excursi\u00f3n o de p\u00edcnic. La bolsa est\u00e1 fabricada con pl\u00e1stico PET reciclado certificado GRS, lo que la convierte en una opci\u00f3n sostenible. Cuenta con un bolsillo de malla lateral para una botella de agua. El bolsillo frontal con cremallera es adecuado para art\u00edculos m\u00e1s peque\u00f1os. Las asas de hombro acolchadas se pueden adaptar para conseguir un ajuste perfecto y c\u00f3modo.\" \/>\n<meta property=\"og:url\" content=\"https:\/\/adl-regalosempresa.com\/tiendaonline\/articulos\/merchandising\/mochila-isotermica-en-pet-reciclado-grs-para-personalizar-con-logo\/\" \/>\n<meta property=\"og:site_name\" content=\"ADL Comunicaci\u00f3n\" \/>\n<meta property=\"article:modified_time\" content=\"2026-04-23T08:14:12+00:00\" \/>\n<meta property=\"og:image\" content=\"https:\/\/adl-regalosempresa.com\/tiendaonline\/wp-content\/uploads\/2022\/06\/12061680.jpg\" \/>\n\t<meta property=\"og:image:width\" content=\"1600\" \/>\n\t<meta property=\"og:image:height\" content=\"1600\" \/>\n\t<meta property=\"og:image:type\" content=\"image\/jpeg\" \/>\n<meta name=\"twitter:card\" content=\"summary_large_image\" \/>\n<meta name=\"twitter:title\" content=\"Merchandising Mochila isot\u00e9rmica en PET reciclado GRS para personalizar con logo - ADL\" \/>\n<script type=\"application\/ld+json\" class=\"yoast-schema-graph\">{\"@context\":\"https:\/\/schema.org\",\"@graph\":[{\"@type\":\"WebPage\",\"@id\":\"https:\/\/adl-regalosempresa.com\/tiendaonline\/articulos\/merchandising\/mochila-isotermica-en-pet-reciclado-grs-para-personalizar-con-logo\/\",\"url\":\"https:\/\/adl-regalosempresa.com\/tiendaonline\/articulos\/merchandising\/mochila-isotermica-en-pet-reciclado-grs-para-personalizar-con-logo\/\",\"name\":\"Merchandising Mochila isot\u00e9rmica en PET reciclado GRS para personalizar con logo - ADL\",\"isPartOf\":{\"@id\":\"https:\/\/adl-regalosempresa.com\/tiendaonline\/#website\"},\"primaryImageOfPage\":{\"@id\":\"https:\/\/adl-regalosempresa.com\/tiendaonline\/articulos\/merchandising\/mochila-isotermica-en-pet-reciclado-grs-para-personalizar-con-logo\/#primaryimage\"},\"image\":{\"@id\":\"https:\/\/adl-regalosempresa.com\/tiendaonline\/articulos\/merchandising\/mochila-isotermica-en-pet-reciclado-grs-para-personalizar-con-logo\/#primaryimage\"},\"thumbnailUrl\":\"https:\/\/adl-regalosempresa.com\/tiendaonline\/wp-content\/uploads\/2022\/06\/12061680.jpg\",\"datePublished\":\"2026-03-24T05:59:01+00:00\",\"dateModified\":\"2026-04-23T08:14:12+00:00\",\"description\":\"Art\u00edculo de merchandising Mochila isot\u00e9rmica en PET reciclado GRS \\\"Tundra\\\". La mochila isot\u00e9rmica \\\"Tundra\\\" cuenta con un gran compartimento principal con cremallera y forro de PEVA, lo que la hace ideal para llev\u00e1rtela de excursi\u00f3n o de p\u00edcnic. La bolsa est\u00e1 fabricada con pl\u00e1stico PET reciclado certificado GRS, lo que la convierte en una opci\u00f3n sostenible. Cuenta con un bolsillo de malla lateral para una botella de agua. El bolsillo frontal con cremallera es adecuado para art\u00edculos m\u00e1s peque\u00f1os. Las asas de hombro acolchadas se pueden adaptar para conseguir un ajuste perfecto y c\u00f3modo.\",\"breadcrumb\":{\"@id\":\"https:\/\/adl-regalosempresa.com\/tiendaonline\/articulos\/merchandising\/mochila-isotermica-en-pet-reciclado-grs-para-personalizar-con-logo\/#breadcrumb\"},\"inLanguage\":\"es\",\"potentialAction\":[{\"@type\":\"ReadAction\",\"target\":[\"https:\/\/adl-regalosempresa.com\/tiendaonline\/articulos\/merchandising\/mochila-isotermica-en-pet-reciclado-grs-para-personalizar-con-logo\/\"]}]},{\"@type\":\"ImageObject\",\"inLanguage\":\"es\",\"@id\":\"https:\/\/adl-regalosempresa.com\/tiendaonline\/articulos\/merchandising\/mochila-isotermica-en-pet-reciclado-grs-para-personalizar-con-logo\/#primaryimage\",\"url\":\"https:\/\/adl-regalosempresa.com\/tiendaonline\/wp-content\/uploads\/2022\/06\/12061680.jpg\",\"contentUrl\":\"https:\/\/adl-regalosempresa.com\/tiendaonline\/wp-content\/uploads\/2022\/06\/12061680.jpg\",\"width\":1600,\"height\":1600,\"caption\":\"Mochila isot\u00e9rmica en PET reciclado GRS &quot;Tundra&quot;\"},{\"@type\":\"BreadcrumbList\",\"@id\":\"https:\/\/adl-regalosempresa.com\/tiendaonline\/articulos\/merchandising\/mochila-isotermica-en-pet-reciclado-grs-para-personalizar-con-logo\/#breadcrumb\",\"itemListElement\":[{\"@type\":\"ListItem\",\"position\":1,\"name\":\"Portada\",\"item\":\"https:\/\/adl-regalosempresa.com\/tiendaonline\/\"},{\"@type\":\"ListItem\",\"position\":2,\"name\":\"Tienda\",\"item\":\"https:\/\/adl-regalosempresa.com\/tiendaonline\/tienda\/\"},{\"@type\":\"ListItem\",\"position\":3,\"name\":\"Mochila isot\u00e9rmica en PET reciclado GRS para personalizar con logo\"}]},{\"@type\":\"WebSite\",\"@id\":\"https:\/\/adl-regalosempresa.com\/tiendaonline\/#website\",\"url\":\"https:\/\/adl-regalosempresa.com\/tiendaonline\/\",\"name\":\"ADL Comunicaci\u00f3n\",\"description\":\"Regalos de empresa\",\"publisher\":{\"@id\":\"https:\/\/adl-regalosempresa.com\/tiendaonline\/#organization\"},\"potentialAction\":[{\"@type\":\"SearchAction\",\"target\":{\"@type\":\"EntryPoint\",\"urlTemplate\":\"https:\/\/adl-regalosempresa.com\/tiendaonline\/?s={search_term_string}\"},\"query-input\":{\"@type\":\"PropertyValueSpecification\",\"valueRequired\":true,\"valueName\":\"search_term_string\"}}],\"inLanguage\":\"es\"},{\"@type\":\"Organization\",\"@id\":\"https:\/\/adl-regalosempresa.com\/tiendaonline\/#organization\",\"name\":\"ADL Comunicaci\u00f3n\",\"url\":\"https:\/\/adl-regalosempresa.com\/tiendaonline\/\",\"logo\":{\"@type\":\"ImageObject\",\"inLanguage\":\"es\",\"@id\":\"https:\/\/adl-regalosempresa.com\/tiendaonline\/#\/schema\/logo\/image\/\",\"url\":\"https:\/\/adl-regalosempresa.com\/tiendaonline\/wp-content\/uploads\/2017\/09\/logo-adl-wp.png\",\"contentUrl\":\"https:\/\/adl-regalosempresa.com\/tiendaonline\/wp-content\/uploads\/2017\/09\/logo-adl-wp.png\",\"width\":407,\"height\":185,\"caption\":\"ADL Comunicaci\u00f3n\"},\"image\":{\"@id\":\"https:\/\/adl-regalosempresa.com\/tiendaonline\/#\/schema\/logo\/image\/\"}}]}<\/script>\n<!-- \/ Yoast SEO plugin. -->","yoast_head_json":{"title":"Merchandising Mochila isot\u00e9rmica en PET reciclado GRS para personalizar con logo - ADL","description":"Art\u00edculo de merchandising Mochila isot\u00e9rmica en PET reciclado GRS \"Tundra\". La mochila isot\u00e9rmica \"Tundra\" cuenta con un gran compartimento principal con cremallera y forro de PEVA, lo que la hace ideal para llev\u00e1rtela de excursi\u00f3n o de p\u00edcnic. La bolsa est\u00e1 fabricada con pl\u00e1stico PET reciclado certificado GRS, lo que la convierte en una opci\u00f3n sostenible. Cuenta con un bolsillo de malla lateral para una botella de agua. El bolsillo frontal con cremallera es adecuado para art\u00edculos m\u00e1s peque\u00f1os. Las asas de hombro acolchadas se pueden adaptar para conseguir un ajuste perfecto y c\u00f3modo.","robots":{"index":"index","follow":"follow","max-snippet":"max-snippet:-1","max-image-preview":"max-image-preview:large","max-video-preview":"max-video-preview:-1"},"canonical":"https:\/\/adl-regalosempresa.com\/tiendaonline\/articulos\/merchandising\/mochila-isotermica-en-pet-reciclado-grs-para-personalizar-con-logo\/","og_locale":"es_ES","og_type":"article","og_title":"Merchandising Mochila isot\u00e9rmica en PET reciclado GRS para personalizar con logo - ADL","og_description":"Art\u00edculo de merchandising Mochila isot\u00e9rmica en PET reciclado GRS \"Tundra\". La mochila isot\u00e9rmica \"Tundra\" cuenta con un gran compartimento principal con cremallera y forro de PEVA, lo que la hace ideal para llev\u00e1rtela de excursi\u00f3n o de p\u00edcnic. La bolsa est\u00e1 fabricada con pl\u00e1stico PET reciclado certificado GRS, lo que la convierte en una opci\u00f3n sostenible. Cuenta con un bolsillo de malla lateral para una botella de agua. El bolsillo frontal con cremallera es adecuado para art\u00edculos m\u00e1s peque\u00f1os. Las asas de hombro acolchadas se pueden adaptar para conseguir un ajuste perfecto y c\u00f3modo.","og_url":"https:\/\/adl-regalosempresa.com\/tiendaonline\/articulos\/merchandising\/mochila-isotermica-en-pet-reciclado-grs-para-personalizar-con-logo\/","og_site_name":"ADL Comunicaci\u00f3n","article_modified_time":"2026-04-23T08:14:12+00:00","og_image":[{"width":1600,"height":1600,"url":"https:\/\/adl-regalosempresa.com\/tiendaonline\/wp-content\/uploads\/2022\/06\/12061680.jpg","type":"image\/jpeg"}],"twitter_card":"summary_large_image","twitter_title":"Merchandising Mochila isot\u00e9rmica en PET reciclado GRS para personalizar con logo - ADL","schema":{"@context":"https:\/\/schema.org","@graph":[{"@type":"WebPage","@id":"https:\/\/adl-regalosempresa.com\/tiendaonline\/articulos\/merchandising\/mochila-isotermica-en-pet-reciclado-grs-para-personalizar-con-logo\/","url":"https:\/\/adl-regalosempresa.com\/tiendaonline\/articulos\/merchandising\/mochila-isotermica-en-pet-reciclado-grs-para-personalizar-con-logo\/","name":"Merchandising Mochila isot\u00e9rmica en PET reciclado GRS para personalizar con logo - ADL","isPartOf":{"@id":"https:\/\/adl-regalosempresa.com\/tiendaonline\/#website"},"primaryImageOfPage":{"@id":"https:\/\/adl-regalosempresa.com\/tiendaonline\/articulos\/merchandising\/mochila-isotermica-en-pet-reciclado-grs-para-personalizar-con-logo\/#primaryimage"},"image":{"@id":"https:\/\/adl-regalosempresa.com\/tiendaonline\/articulos\/merchandising\/mochila-isotermica-en-pet-reciclado-grs-para-personalizar-con-logo\/#primaryimage"},"thumbnailUrl":"https:\/\/adl-regalosempresa.com\/tiendaonline\/wp-content\/uploads\/2022\/06\/12061680.jpg","datePublished":"2026-03-24T05:59:01+00:00","dateModified":"2026-04-23T08:14:12+00:00","description":"Art\u00edculo de merchandising Mochila isot\u00e9rmica en PET reciclado GRS \"Tundra\". La mochila isot\u00e9rmica \"Tundra\" cuenta con un gran compartimento principal con cremallera y forro de PEVA, lo que la hace ideal para llev\u00e1rtela de excursi\u00f3n o de p\u00edcnic. La bolsa est\u00e1 fabricada con pl\u00e1stico PET reciclado certificado GRS, lo que la convierte en una opci\u00f3n sostenible. Cuenta con un bolsillo de malla lateral para una botella de agua. El bolsillo frontal con cremallera es adecuado para art\u00edculos m\u00e1s peque\u00f1os. Las asas de hombro acolchadas se pueden adaptar para conseguir un ajuste perfecto y c\u00f3modo.","breadcrumb":{"@id":"https:\/\/adl-regalosempresa.com\/tiendaonline\/articulos\/merchandising\/mochila-isotermica-en-pet-reciclado-grs-para-personalizar-con-logo\/#breadcrumb"},"inLanguage":"es","potentialAction":[{"@type":"ReadAction","target":["https:\/\/adl-regalosempresa.com\/tiendaonline\/articulos\/merchandising\/mochila-isotermica-en-pet-reciclado-grs-para-personalizar-con-logo\/"]}]},{"@type":"ImageObject","inLanguage":"es","@id":"https:\/\/adl-regalosempresa.com\/tiendaonline\/articulos\/merchandising\/mochila-isotermica-en-pet-reciclado-grs-para-personalizar-con-logo\/#primaryimage","url":"https:\/\/adl-regalosempresa.com\/tiendaonline\/wp-content\/uploads\/2022\/06\/12061680.jpg","contentUrl":"https:\/\/adl-regalosempresa.com\/tiendaonline\/wp-content\/uploads\/2022\/06\/12061680.jpg","width":1600,"height":1600,"caption":"Mochila isot\u00e9rmica en PET reciclado GRS &quot;Tundra&quot;"},{"@type":"BreadcrumbList","@id":"https:\/\/adl-regalosempresa.com\/tiendaonline\/articulos\/merchandising\/mochila-isotermica-en-pet-reciclado-grs-para-personalizar-con-logo\/#breadcrumb","itemListElement":[{"@type":"ListItem","position":1,"name":"Portada","item":"https:\/\/adl-regalosempresa.com\/tiendaonline\/"},{"@type":"ListItem","position":2,"name":"Tienda","item":"https:\/\/adl-regalosempresa.com\/tiendaonline\/tienda\/"},{"@type":"ListItem","position":3,"name":"Mochila isot\u00e9rmica en PET reciclado GRS para personalizar con logo"}]},{"@type":"WebSite","@id":"https:\/\/adl-regalosempresa.com\/tiendaonline\/#website","url":"https:\/\/adl-regalosempresa.com\/tiendaonline\/","name":"ADL Comunicaci\u00f3n","description":"Regalos de empresa","publisher":{"@id":"https:\/\/adl-regalosempresa.com\/tiendaonline\/#organization"},"potentialAction":[{"@type":"SearchAction","target":{"@type":"EntryPoint","urlTemplate":"https:\/\/adl-regalosempresa.com\/tiendaonline\/?s={search_term_string}"},"query-input":{"@type":"PropertyValueSpecification","valueRequired":true,"valueName":"search_term_string"}}],"inLanguage":"es"},{"@type":"Organization","@id":"https:\/\/adl-regalosempresa.com\/tiendaonline\/#organization","name":"ADL Comunicaci\u00f3n","url":"https:\/\/adl-regalosempresa.com\/tiendaonline\/","logo":{"@type":"ImageObject","inLanguage":"es","@id":"https:\/\/adl-regalosempresa.com\/tiendaonline\/#\/schema\/logo\/image\/","url":"https:\/\/adl-regalosempresa.com\/tiendaonline\/wp-content\/uploads\/2017\/09\/logo-adl-wp.png","contentUrl":"https:\/\/adl-regalosempresa.com\/tiendaonline\/wp-content\/uploads\/2017\/09\/logo-adl-wp.png","width":407,"height":185,"caption":"ADL Comunicaci\u00f3n"},"image":{"@id":"https:\/\/adl-regalosempresa.com\/tiendaonline\/#\/schema\/logo\/image\/"}}]}},"_links":{"self":[{"href":"https:\/\/adl-regalosempresa.com\/tiendaonline\/wp-json\/wp\/v2\/product\/112608","targetHints":{"allow":["GET"]}}],"collection":[{"href":"https:\/\/adl-regalosempresa.com\/tiendaonline\/wp-json\/wp\/v2\/product"}],"about":[{"href":"https:\/\/adl-regalosempresa.com\/tiendaonline\/wp-json\/wp\/v2\/types\/product"}],"wp:featuredmedia":[{"embeddable":true,"href":"https:\/\/adl-regalosempresa.com\/tiendaonline\/wp-json\/wp\/v2\/media\/112610"}],"wp:attachment":[{"href":"https:\/\/adl-regalosempresa.com\/tiendaonline\/wp-json\/wp\/v2\/media?parent=112608"}],"wp:term":[{"taxonomy":"product_brand","embeddable":true,"href":"https:\/\/adl-regalosempresa.com\/tiendaonline\/wp-json\/wp\/v2\/product_brand?post=112608"},{"taxonomy":"product_cat","embeddable":true,"href":"https:\/\/adl-regalosempresa.com\/tiendaonline\/wp-json\/wp\/v2\/product_cat?post=112608"},{"taxonomy":"product_tag","embeddable":true,"href":"https:\/\/adl-regalosempresa.com\/tiendaonline\/wp-json\/wp\/v2\/product_tag?post=112608"}],"curies":[{"name":"wp","href":"https:\/\/api.w.org\/{rel}","templated":true}]}}