{"id":112246,"date":"2026-03-24T05:58:10","date_gmt":"2026-03-24T05:58:10","guid":{"rendered":"https:\/\/adl-regalosempresa.com\/tiendaonline\/articulos\/merchandising\/bidon-deportivo-de-650-ml-con-tapa-flip-h2o-active-para-personalizar-2\/"},"modified":"2026-03-24T08:47:27","modified_gmt":"2026-03-24T08:47:27","slug":"bidon-deportivo-de-650-ml-con-tapa-flip-h2o-active-para-personalizar-con-logo-2","status":"publish","type":"product","link":"https:\/\/adl-regalosempresa.com\/tiendaonline\/articulos\/merchandising\/bidon-deportivo-de-650-ml-con-tapa-flip-h2o-active-para-personalizar-con-logo-2\/","title":{"rendered":"Bid\u00f3n deportivo de 650\u00a0ml con tapa Flip H2O Active\u00ae  para personalizar con logo"},"content":{"rendered":"<p>Bid\u00f3n deportivo de una sola capa con dise\u00f1o ergon\u00f3mico. Botella fabricada con material Tritan\u2122 duradero y sin BPA. Cuenta con una tapa a prueba de derrames con tapa Flip. Capacidad de 650 ml. Mezcla y combina colores para crear el bid\u00f3n perfecto. Fabricado en Europa. Embalado en una bolsa compostable para el hogar.<\/p>\n","protected":false},"excerpt":{"rendered":"<p><strong>Descuentos por cantidades<\/strong><br \/>&#8211; a partir de 100 unidades: 4,56 \u20ac\/ud<br \/>&#8211; a partir de 250 unidades: 4,39 \u20ac\/ud<br \/>&#8211; a partir de 500 unidades: 4,3 \u20ac\/ud<\/p>\n<p>Para cantidades superiores a las aqu\u00ed indicadas, no dudes en ponerte en contacto con nuestro departamento comercial o <a href='https:\/\/adl-regalosempresa.com\/tiendaonline\/solicitud-presupuesto\/'>pedirnos presupuesto personalizado<\/a>, ajustaremos el presupuesto a tus necesidades.<\/p>\n","protected":false},"featured_media":112248,"template":"","meta":{"_kad_post_transparent":"","_kad_post_title":"","_kad_post_layout":"","_kad_post_sidebar_id":"","_kad_post_content_style":"","_kad_post_vertical_padding":"","_kad_post_feature":"","_kad_post_feature_position":"","_kad_post_header":false,"_kad_post_footer":false,"_kad_post_classname":""},"product_brand":[],"product_cat":[3805,3372],"product_tag":[],"class_list":{"0":"post-112246","1":"product","2":"type-product","3":"status-publish","4":"has-post-thumbnail","6":"product_cat-bidones-deportivos","7":"product_cat-articulos-para-bebidas","8":"pa_alto-221-cm","9":"pa_color-azul-azul","10":"pa_color-azul-blanco","11":"pa_color-carbon-amarillo","12":"pa_color-carbon-azul","13":"pa_color-carbon-blanco","14":"pa_color-carbon-naranja","15":"pa_color-carbon-negro-intenso","16":"pa_color-carbon-rojo","17":"pa_color-rojo-blanco","18":"pa_color-rojo-rojo","19":"pa_color-transparente-claro-amarillo","20":"pa_color-transparente-claro-azul","21":"pa_color-transparente-claro-azul-aqua","22":"pa_color-transparente-claro-blanco","23":"pa_color-transparente-claro-gris","24":"pa_color-transparente-claro-morado","25":"pa_color-transparente-claro-naranja","26":"pa_color-transparente-claro-negro-intenso","27":"pa_color-transparente-claro-rojo","28":"pa_color-simple-amarillo","29":"pa_color-simple-azul","30":"pa_color-simple-blanco","31":"pa_color-simple-gris","32":"pa_color-simple-naranja","33":"pa_color-simple-negro-intenso","34":"pa_color-simple-purpura","35":"pa_color-simple-rojo","36":"pa_diametro-735-cm","37":"pa_marca-unbranded","38":"pa_material-plastico-eastman-tritan","39":"pa_peso-105-gr","41":"first","42":"instock","43":"taxable","44":"shipping-taxable","45":"purchasable","46":"product-type-variable","47":"entry","48":"content-bg","49":"loop-entry"},"yoast_head":"<!-- This site is optimized with the Yoast SEO plugin v26.3 - https:\/\/yoast.com\/wordpress\/plugins\/seo\/ -->\n<title>Merchandising Bid\u00f3n deportivo de 650\u00a0ml con tapa Flip H2O Active\u00ae para personalizar con logo - ADL<\/title>\n<meta name=\"description\" content=\"Art\u00edculo de merchandising Bid\u00f3n deportivo de 650\u00a0ml con tapa Flip H2O Active\u00ae &quot;Base Tritan\u2122&quot;. Bid\u00f3n deportivo de una sola capa con dise\u00f1o ergon\u00f3mico. Botella fabricada con material Tritan\u2122 duradero y sin BPA. Cuenta con una tapa a prueba de derrames con tapa Flip. Capacidad de 650 ml. Mezcla y combina colores para crear el bid\u00f3n perfecto. Fabricado en Europa. Embalado en una bolsa compostable para el hogar.\" \/>\n<meta name=\"robots\" content=\"index, follow, max-snippet:-1, max-image-preview:large, max-video-preview:-1\" \/>\n<link rel=\"canonical\" href=\"https:\/\/adl-regalosempresa.com\/tiendaonline\/articulos\/merchandising\/bidon-deportivo-de-650-ml-con-tapa-flip-h2o-active-para-personalizar-con-logo-2\/\" \/>\n<meta property=\"og:locale\" content=\"es_ES\" \/>\n<meta property=\"og:type\" content=\"article\" \/>\n<meta property=\"og:title\" content=\"Merchandising Bid\u00f3n deportivo de 650\u00a0ml con tapa Flip H2O Active\u00ae para personalizar con logo - ADL\" \/>\n<meta property=\"og:description\" content=\"Art\u00edculo de merchandising Bid\u00f3n deportivo de 650\u00a0ml con tapa Flip H2O Active\u00ae &quot;Base Tritan\u2122&quot;. Bid\u00f3n deportivo de una sola capa con dise\u00f1o ergon\u00f3mico. Botella fabricada con material Tritan\u2122 duradero y sin BPA. Cuenta con una tapa a prueba de derrames con tapa Flip. Capacidad de 650 ml. Mezcla y combina colores para crear el bid\u00f3n perfecto. Fabricado en Europa. Embalado en una bolsa compostable para el hogar.\" \/>\n<meta property=\"og:url\" content=\"https:\/\/adl-regalosempresa.com\/tiendaonline\/articulos\/merchandising\/bidon-deportivo-de-650-ml-con-tapa-flip-h2o-active-para-personalizar-con-logo-2\/\" \/>\n<meta property=\"og:site_name\" content=\"ADL Comunicaci\u00f3n\" \/>\n<meta property=\"article:modified_time\" content=\"2026-03-24T08:47:27+00:00\" \/>\n<meta property=\"og:image\" content=\"https:\/\/adl-regalosempresa.com\/tiendaonline\/wp-content\/uploads\/2022\/06\/21043600.jpg\" \/>\n\t<meta property=\"og:image:width\" content=\"1600\" \/>\n\t<meta property=\"og:image:height\" content=\"1600\" \/>\n\t<meta property=\"og:image:type\" content=\"image\/jpeg\" \/>\n<meta name=\"twitter:card\" content=\"summary_large_image\" \/>\n<meta name=\"twitter:title\" content=\"Merchandising Bid\u00f3n deportivo de 650\u00a0ml con tapa Flip H2O Active\u00ae para personalizar con logo - ADL\" \/>\n<script type=\"application\/ld+json\" class=\"yoast-schema-graph\">{\"@context\":\"https:\/\/schema.org\",\"@graph\":[{\"@type\":\"WebPage\",\"@id\":\"https:\/\/adl-regalosempresa.com\/tiendaonline\/articulos\/merchandising\/bidon-deportivo-de-650-ml-con-tapa-flip-h2o-active-para-personalizar-con-logo-2\/\",\"url\":\"https:\/\/adl-regalosempresa.com\/tiendaonline\/articulos\/merchandising\/bidon-deportivo-de-650-ml-con-tapa-flip-h2o-active-para-personalizar-con-logo-2\/\",\"name\":\"Merchandising Bid\u00f3n deportivo de 650\u00a0ml con tapa Flip H2O Active\u00ae para personalizar con logo - ADL\",\"isPartOf\":{\"@id\":\"https:\/\/adl-regalosempresa.com\/tiendaonline\/#website\"},\"primaryImageOfPage\":{\"@id\":\"https:\/\/adl-regalosempresa.com\/tiendaonline\/articulos\/merchandising\/bidon-deportivo-de-650-ml-con-tapa-flip-h2o-active-para-personalizar-con-logo-2\/#primaryimage\"},\"image\":{\"@id\":\"https:\/\/adl-regalosempresa.com\/tiendaonline\/articulos\/merchandising\/bidon-deportivo-de-650-ml-con-tapa-flip-h2o-active-para-personalizar-con-logo-2\/#primaryimage\"},\"thumbnailUrl\":\"https:\/\/adl-regalosempresa.com\/tiendaonline\/wp-content\/uploads\/2022\/06\/21043600.jpg\",\"datePublished\":\"2026-03-24T05:58:10+00:00\",\"dateModified\":\"2026-03-24T08:47:27+00:00\",\"description\":\"Art\u00edculo de merchandising Bid\u00f3n deportivo de 650\u00a0ml con tapa Flip H2O Active\u00ae \\\"Base Tritan\u2122\\\". Bid\u00f3n deportivo de una sola capa con dise\u00f1o ergon\u00f3mico. Botella fabricada con material Tritan\u2122 duradero y sin BPA. Cuenta con una tapa a prueba de derrames con tapa Flip. Capacidad de 650 ml. Mezcla y combina colores para crear el bid\u00f3n perfecto. Fabricado en Europa. Embalado en una bolsa compostable para el hogar.\",\"breadcrumb\":{\"@id\":\"https:\/\/adl-regalosempresa.com\/tiendaonline\/articulos\/merchandising\/bidon-deportivo-de-650-ml-con-tapa-flip-h2o-active-para-personalizar-con-logo-2\/#breadcrumb\"},\"inLanguage\":\"es\",\"potentialAction\":[{\"@type\":\"ReadAction\",\"target\":[\"https:\/\/adl-regalosempresa.com\/tiendaonline\/articulos\/merchandising\/bidon-deportivo-de-650-ml-con-tapa-flip-h2o-active-para-personalizar-con-logo-2\/\"]}]},{\"@type\":\"ImageObject\",\"inLanguage\":\"es\",\"@id\":\"https:\/\/adl-regalosempresa.com\/tiendaonline\/articulos\/merchandising\/bidon-deportivo-de-650-ml-con-tapa-flip-h2o-active-para-personalizar-con-logo-2\/#primaryimage\",\"url\":\"https:\/\/adl-regalosempresa.com\/tiendaonline\/wp-content\/uploads\/2022\/06\/21043600.jpg\",\"contentUrl\":\"https:\/\/adl-regalosempresa.com\/tiendaonline\/wp-content\/uploads\/2022\/06\/21043600.jpg\",\"width\":1600,\"height\":1600,\"caption\":\"Bid\u00f3n deportivo de 650\u00a0ml con tapa Flip H2O Active\u00ae \\\"Base Tritan\u2122\\\"\"},{\"@type\":\"BreadcrumbList\",\"@id\":\"https:\/\/adl-regalosempresa.com\/tiendaonline\/articulos\/merchandising\/bidon-deportivo-de-650-ml-con-tapa-flip-h2o-active-para-personalizar-con-logo-2\/#breadcrumb\",\"itemListElement\":[{\"@type\":\"ListItem\",\"position\":1,\"name\":\"Portada\",\"item\":\"https:\/\/adl-regalosempresa.com\/tiendaonline\/\"},{\"@type\":\"ListItem\",\"position\":2,\"name\":\"Tienda\",\"item\":\"https:\/\/adl-regalosempresa.com\/tiendaonline\/tienda\/\"},{\"@type\":\"ListItem\",\"position\":3,\"name\":\"Bid\u00f3n deportivo de 650\u00a0ml con tapa Flip H2O Active\u00ae para personalizar con logo\"}]},{\"@type\":\"WebSite\",\"@id\":\"https:\/\/adl-regalosempresa.com\/tiendaonline\/#website\",\"url\":\"https:\/\/adl-regalosempresa.com\/tiendaonline\/\",\"name\":\"ADL Comunicaci\u00f3n\",\"description\":\"Regalos de empresa\",\"publisher\":{\"@id\":\"https:\/\/adl-regalosempresa.com\/tiendaonline\/#organization\"},\"potentialAction\":[{\"@type\":\"SearchAction\",\"target\":{\"@type\":\"EntryPoint\",\"urlTemplate\":\"https:\/\/adl-regalosempresa.com\/tiendaonline\/?s={search_term_string}\"},\"query-input\":{\"@type\":\"PropertyValueSpecification\",\"valueRequired\":true,\"valueName\":\"search_term_string\"}}],\"inLanguage\":\"es\"},{\"@type\":\"Organization\",\"@id\":\"https:\/\/adl-regalosempresa.com\/tiendaonline\/#organization\",\"name\":\"ADL Comunicaci\u00f3n\",\"url\":\"https:\/\/adl-regalosempresa.com\/tiendaonline\/\",\"logo\":{\"@type\":\"ImageObject\",\"inLanguage\":\"es\",\"@id\":\"https:\/\/adl-regalosempresa.com\/tiendaonline\/#\/schema\/logo\/image\/\",\"url\":\"https:\/\/adl-regalosempresa.com\/tiendaonline\/wp-content\/uploads\/2017\/09\/logo-adl-wp.png\",\"contentUrl\":\"https:\/\/adl-regalosempresa.com\/tiendaonline\/wp-content\/uploads\/2017\/09\/logo-adl-wp.png\",\"width\":407,\"height\":185,\"caption\":\"ADL Comunicaci\u00f3n\"},\"image\":{\"@id\":\"https:\/\/adl-regalosempresa.com\/tiendaonline\/#\/schema\/logo\/image\/\"}}]}<\/script>\n<!-- \/ Yoast SEO plugin. -->","yoast_head_json":{"title":"Merchandising Bid\u00f3n deportivo de 650\u00a0ml con tapa Flip H2O Active\u00ae para personalizar con logo - ADL","description":"Art\u00edculo de merchandising Bid\u00f3n deportivo de 650\u00a0ml con tapa Flip H2O Active\u00ae \"Base Tritan\u2122\". Bid\u00f3n deportivo de una sola capa con dise\u00f1o ergon\u00f3mico. Botella fabricada con material Tritan\u2122 duradero y sin BPA. Cuenta con una tapa a prueba de derrames con tapa Flip. Capacidad de 650 ml. Mezcla y combina colores para crear el bid\u00f3n perfecto. Fabricado en Europa. Embalado en una bolsa compostable para el hogar.","robots":{"index":"index","follow":"follow","max-snippet":"max-snippet:-1","max-image-preview":"max-image-preview:large","max-video-preview":"max-video-preview:-1"},"canonical":"https:\/\/adl-regalosempresa.com\/tiendaonline\/articulos\/merchandising\/bidon-deportivo-de-650-ml-con-tapa-flip-h2o-active-para-personalizar-con-logo-2\/","og_locale":"es_ES","og_type":"article","og_title":"Merchandising Bid\u00f3n deportivo de 650\u00a0ml con tapa Flip H2O Active\u00ae para personalizar con logo - ADL","og_description":"Art\u00edculo de merchandising Bid\u00f3n deportivo de 650\u00a0ml con tapa Flip H2O Active\u00ae \"Base Tritan\u2122\". Bid\u00f3n deportivo de una sola capa con dise\u00f1o ergon\u00f3mico. Botella fabricada con material Tritan\u2122 duradero y sin BPA. Cuenta con una tapa a prueba de derrames con tapa Flip. Capacidad de 650 ml. Mezcla y combina colores para crear el bid\u00f3n perfecto. Fabricado en Europa. Embalado en una bolsa compostable para el hogar.","og_url":"https:\/\/adl-regalosempresa.com\/tiendaonline\/articulos\/merchandising\/bidon-deportivo-de-650-ml-con-tapa-flip-h2o-active-para-personalizar-con-logo-2\/","og_site_name":"ADL Comunicaci\u00f3n","article_modified_time":"2026-03-24T08:47:27+00:00","og_image":[{"width":1600,"height":1600,"url":"https:\/\/adl-regalosempresa.com\/tiendaonline\/wp-content\/uploads\/2022\/06\/21043600.jpg","type":"image\/jpeg"}],"twitter_card":"summary_large_image","twitter_title":"Merchandising Bid\u00f3n deportivo de 650\u00a0ml con tapa Flip H2O Active\u00ae para personalizar con logo - ADL","schema":{"@context":"https:\/\/schema.org","@graph":[{"@type":"WebPage","@id":"https:\/\/adl-regalosempresa.com\/tiendaonline\/articulos\/merchandising\/bidon-deportivo-de-650-ml-con-tapa-flip-h2o-active-para-personalizar-con-logo-2\/","url":"https:\/\/adl-regalosempresa.com\/tiendaonline\/articulos\/merchandising\/bidon-deportivo-de-650-ml-con-tapa-flip-h2o-active-para-personalizar-con-logo-2\/","name":"Merchandising Bid\u00f3n deportivo de 650\u00a0ml con tapa Flip H2O Active\u00ae para personalizar con logo - ADL","isPartOf":{"@id":"https:\/\/adl-regalosempresa.com\/tiendaonline\/#website"},"primaryImageOfPage":{"@id":"https:\/\/adl-regalosempresa.com\/tiendaonline\/articulos\/merchandising\/bidon-deportivo-de-650-ml-con-tapa-flip-h2o-active-para-personalizar-con-logo-2\/#primaryimage"},"image":{"@id":"https:\/\/adl-regalosempresa.com\/tiendaonline\/articulos\/merchandising\/bidon-deportivo-de-650-ml-con-tapa-flip-h2o-active-para-personalizar-con-logo-2\/#primaryimage"},"thumbnailUrl":"https:\/\/adl-regalosempresa.com\/tiendaonline\/wp-content\/uploads\/2022\/06\/21043600.jpg","datePublished":"2026-03-24T05:58:10+00:00","dateModified":"2026-03-24T08:47:27+00:00","description":"Art\u00edculo de merchandising Bid\u00f3n deportivo de 650\u00a0ml con tapa Flip H2O Active\u00ae \"Base Tritan\u2122\". Bid\u00f3n deportivo de una sola capa con dise\u00f1o ergon\u00f3mico. Botella fabricada con material Tritan\u2122 duradero y sin BPA. Cuenta con una tapa a prueba de derrames con tapa Flip. Capacidad de 650 ml. Mezcla y combina colores para crear el bid\u00f3n perfecto. Fabricado en Europa. Embalado en una bolsa compostable para el hogar.","breadcrumb":{"@id":"https:\/\/adl-regalosempresa.com\/tiendaonline\/articulos\/merchandising\/bidon-deportivo-de-650-ml-con-tapa-flip-h2o-active-para-personalizar-con-logo-2\/#breadcrumb"},"inLanguage":"es","potentialAction":[{"@type":"ReadAction","target":["https:\/\/adl-regalosempresa.com\/tiendaonline\/articulos\/merchandising\/bidon-deportivo-de-650-ml-con-tapa-flip-h2o-active-para-personalizar-con-logo-2\/"]}]},{"@type":"ImageObject","inLanguage":"es","@id":"https:\/\/adl-regalosempresa.com\/tiendaonline\/articulos\/merchandising\/bidon-deportivo-de-650-ml-con-tapa-flip-h2o-active-para-personalizar-con-logo-2\/#primaryimage","url":"https:\/\/adl-regalosempresa.com\/tiendaonline\/wp-content\/uploads\/2022\/06\/21043600.jpg","contentUrl":"https:\/\/adl-regalosempresa.com\/tiendaonline\/wp-content\/uploads\/2022\/06\/21043600.jpg","width":1600,"height":1600,"caption":"Bid\u00f3n deportivo de 650\u00a0ml con tapa Flip H2O Active\u00ae \"Base Tritan\u2122\""},{"@type":"BreadcrumbList","@id":"https:\/\/adl-regalosempresa.com\/tiendaonline\/articulos\/merchandising\/bidon-deportivo-de-650-ml-con-tapa-flip-h2o-active-para-personalizar-con-logo-2\/#breadcrumb","itemListElement":[{"@type":"ListItem","position":1,"name":"Portada","item":"https:\/\/adl-regalosempresa.com\/tiendaonline\/"},{"@type":"ListItem","position":2,"name":"Tienda","item":"https:\/\/adl-regalosempresa.com\/tiendaonline\/tienda\/"},{"@type":"ListItem","position":3,"name":"Bid\u00f3n deportivo de 650\u00a0ml con tapa Flip H2O Active\u00ae para personalizar con logo"}]},{"@type":"WebSite","@id":"https:\/\/adl-regalosempresa.com\/tiendaonline\/#website","url":"https:\/\/adl-regalosempresa.com\/tiendaonline\/","name":"ADL Comunicaci\u00f3n","description":"Regalos de empresa","publisher":{"@id":"https:\/\/adl-regalosempresa.com\/tiendaonline\/#organization"},"potentialAction":[{"@type":"SearchAction","target":{"@type":"EntryPoint","urlTemplate":"https:\/\/adl-regalosempresa.com\/tiendaonline\/?s={search_term_string}"},"query-input":{"@type":"PropertyValueSpecification","valueRequired":true,"valueName":"search_term_string"}}],"inLanguage":"es"},{"@type":"Organization","@id":"https:\/\/adl-regalosempresa.com\/tiendaonline\/#organization","name":"ADL Comunicaci\u00f3n","url":"https:\/\/adl-regalosempresa.com\/tiendaonline\/","logo":{"@type":"ImageObject","inLanguage":"es","@id":"https:\/\/adl-regalosempresa.com\/tiendaonline\/#\/schema\/logo\/image\/","url":"https:\/\/adl-regalosempresa.com\/tiendaonline\/wp-content\/uploads\/2017\/09\/logo-adl-wp.png","contentUrl":"https:\/\/adl-regalosempresa.com\/tiendaonline\/wp-content\/uploads\/2017\/09\/logo-adl-wp.png","width":407,"height":185,"caption":"ADL Comunicaci\u00f3n"},"image":{"@id":"https:\/\/adl-regalosempresa.com\/tiendaonline\/#\/schema\/logo\/image\/"}}]}},"_links":{"self":[{"href":"https:\/\/adl-regalosempresa.com\/tiendaonline\/wp-json\/wp\/v2\/product\/112246","targetHints":{"allow":["GET"]}}],"collection":[{"href":"https:\/\/adl-regalosempresa.com\/tiendaonline\/wp-json\/wp\/v2\/product"}],"about":[{"href":"https:\/\/adl-regalosempresa.com\/tiendaonline\/wp-json\/wp\/v2\/types\/product"}],"wp:featuredmedia":[{"embeddable":true,"href":"https:\/\/adl-regalosempresa.com\/tiendaonline\/wp-json\/wp\/v2\/media\/112248"}],"wp:attachment":[{"href":"https:\/\/adl-regalosempresa.com\/tiendaonline\/wp-json\/wp\/v2\/media?parent=112246"}],"wp:term":[{"taxonomy":"product_brand","embeddable":true,"href":"https:\/\/adl-regalosempresa.com\/tiendaonline\/wp-json\/wp\/v2\/product_brand?post=112246"},{"taxonomy":"product_cat","embeddable":true,"href":"https:\/\/adl-regalosempresa.com\/tiendaonline\/wp-json\/wp\/v2\/product_cat?post=112246"},{"taxonomy":"product_tag","embeddable":true,"href":"https:\/\/adl-regalosempresa.com\/tiendaonline\/wp-json\/wp\/v2\/product_tag?post=112246"}],"curies":[{"name":"wp","href":"https:\/\/api.w.org\/{rel}","templated":true}]}}