{"id":112070,"date":"2026-04-09T04:21:30","date_gmt":"2026-04-09T04:21:30","guid":{"rendered":"https:\/\/adl-regalosempresa.com\/tiendaonline\/articulos\/merchandising\/gafas-de-sol-de-bambu-para-personalizar\/"},"modified":"2026-04-18T08:08:10","modified_gmt":"2026-04-18T08:08:10","slug":"gafas-de-sol-de-bambu-para-personalizar-con-logo","status":"publish","type":"product","link":"https:\/\/adl-regalosempresa.com\/tiendaonline\/articulos\/merchandising\/gafas-de-sol-de-bambu-para-personalizar-con-logo\/","title":{"rendered":"Gafas de sol de bamb\u00fa  para personalizar con logo"},"content":{"rendered":"<p>Estas gafas de sol sostenibles con dise\u00f1o retro son el regalo promocional ideal para los festivales y eventos de verano u otras actividades al aire libre soleadas. La montura est\u00e1 fabricada con una mezcla de pl\u00e1stico y bamb\u00fa, lo que reduce el uso de pl\u00e1sticos v\u00edrgenes, y est\u00e1 disponible en varias opciones de color a la moda. Las patillas, con un ajuste ligero y c\u00f3modo, est\u00e1n hechas de bamb\u00fa que procede de fuentes sostenibles, ecol\u00f3gicas y socialmente responsables. Estas gafas cumplen con la norma EN ISO 12312-1 y tienen lentes UV400 que est\u00e1n clasificadas como Categor\u00eda 3, lo que las convierte en la opci\u00f3n perfecta para la protecci\u00f3n contra la luz solar brillante. Se recomienda el l\u00e1ser como opci\u00f3n de grabaci\u00f3n sostenible.<\/p>\n","protected":false},"excerpt":{"rendered":"<p><strong>Descuentos por cantidades<\/strong><br \/>&#8211; a partir de 100 unidades: 2,02 \u20ac\/ud<br \/>&#8211; a partir de 250 unidades: 2,02 \u20ac\/ud<br \/>&#8211; a partir de 1000 unidades: 2,02 \u20ac\/ud<\/p>\n<p>Para cantidades superiores a las aqu\u00ed indicadas, no dudes en ponerte en contacto con nuestro departamento comercial o <a href='https:\/\/adl-regalosempresa.com\/tiendaonline\/solicitud-presupuesto\/'>pedirnos presupuesto personalizado<\/a>, ajustaremos el presupuesto a tus necesidades.<\/p>\n","protected":false},"featured_media":112072,"template":"","meta":{"_kad_post_transparent":"","_kad_post_title":"","_kad_post_layout":"","_kad_post_sidebar_id":"","_kad_post_content_style":"","_kad_post_vertical_padding":"","_kad_post_feature":"","_kad_post_feature_position":"","_kad_post_header":false,"_kad_post_footer":false,"_kad_post_classname":""},"product_brand":[],"product_cat":[3834,3375],"product_tag":[],"class_list":{"0":"post-112070","1":"product","2":"type-product","3":"status-publish","4":"has-post-thumbnail","6":"product_cat-gafas-de-sol","7":"product_cat-deportes-y-ocio","8":"pa_alto-5-cm","9":"pa_ancho-155-cm","10":"pa_color-negro-intenso","11":"pa_color-process-blue","12":"pa_color-rojo","13":"pa_color-verde-lima","14":"pa_color-simple-azul","15":"pa_color-simple-negro-intenso","16":"pa_color-simple-rojo","17":"pa_color-simple-verde","18":"pa_largo-145-cm","19":"pa_marca-unbranded","20":"pa_material-madera-de-bambu-plastico-pp-fibra-de-bambu","21":"pa_peso-26-gr","23":"first","24":"instock","25":"taxable","26":"shipping-taxable","27":"purchasable","28":"product-type-variable","29":"entry","30":"content-bg","31":"loop-entry"},"yoast_head":"<!-- This site is optimized with the Yoast SEO plugin v26.3 - https:\/\/yoast.com\/wordpress\/plugins\/seo\/ -->\n<title>Merchandising Gafas de sol de bamb\u00fa para personalizar con logo - ADL<\/title>\n<meta name=\"description\" content=\"Art\u00edculo de merchandising Gafas de sol de bamb\u00fa &quot;Sun Ray&quot;. Estas gafas de sol sostenibles con dise\u00f1o retro son el regalo promocional ideal para los festivales y eventos de verano u otras actividades al aire libre soleadas. La montura est\u00e1 fabricada con una mezcla de pl\u00e1stico y bamb\u00fa, lo que reduce el uso de pl\u00e1sticos v\u00edrgenes, y est\u00e1 disponible en varias opciones de color a la moda. Las patillas, con un ajuste ligero y c\u00f3modo, est\u00e1n hechas de bamb\u00fa que procede de fuentes sostenibles, ecol\u00f3gicas y socialmente responsables. Estas gafas cumplen con la norma EN ISO 12312-1 y tienen lentes UV400 que est\u00e1n clasificadas como Categor\u00eda 3, lo que las convierte en la opci\u00f3n perfecta para la protecci\u00f3n contra la luz solar brillante. Se recomienda el l\u00e1ser como opci\u00f3n de grabaci\u00f3n sostenible.\" \/>\n<meta name=\"robots\" content=\"index, follow, max-snippet:-1, max-image-preview:large, max-video-preview:-1\" \/>\n<link rel=\"canonical\" href=\"https:\/\/adl-regalosempresa.com\/tiendaonline\/articulos\/merchandising\/gafas-de-sol-de-bambu-para-personalizar-con-logo\/\" \/>\n<meta property=\"og:locale\" content=\"es_ES\" \/>\n<meta property=\"og:type\" content=\"article\" \/>\n<meta property=\"og:title\" content=\"Merchandising Gafas de sol de bamb\u00fa para personalizar con logo - ADL\" \/>\n<meta property=\"og:description\" content=\"Art\u00edculo de merchandising Gafas de sol de bamb\u00fa &quot;Sun Ray&quot;. Estas gafas de sol sostenibles con dise\u00f1o retro son el regalo promocional ideal para los festivales y eventos de verano u otras actividades al aire libre soleadas. La montura est\u00e1 fabricada con una mezcla de pl\u00e1stico y bamb\u00fa, lo que reduce el uso de pl\u00e1sticos v\u00edrgenes, y est\u00e1 disponible en varias opciones de color a la moda. Las patillas, con un ajuste ligero y c\u00f3modo, est\u00e1n hechas de bamb\u00fa que procede de fuentes sostenibles, ecol\u00f3gicas y socialmente responsables. Estas gafas cumplen con la norma EN ISO 12312-1 y tienen lentes UV400 que est\u00e1n clasificadas como Categor\u00eda 3, lo que las convierte en la opci\u00f3n perfecta para la protecci\u00f3n contra la luz solar brillante. Se recomienda el l\u00e1ser como opci\u00f3n de grabaci\u00f3n sostenible.\" \/>\n<meta property=\"og:url\" content=\"https:\/\/adl-regalosempresa.com\/tiendaonline\/articulos\/merchandising\/gafas-de-sol-de-bambu-para-personalizar-con-logo\/\" \/>\n<meta property=\"og:site_name\" content=\"ADL Comunicaci\u00f3n\" \/>\n<meta property=\"article:modified_time\" content=\"2026-04-18T08:08:10+00:00\" \/>\n<meta property=\"og:image\" content=\"https:\/\/adl-regalosempresa.com\/tiendaonline\/wp-content\/uploads\/2022\/06\/12700521.jpg\" \/>\n\t<meta property=\"og:image:width\" content=\"1600\" \/>\n\t<meta property=\"og:image:height\" content=\"1600\" \/>\n\t<meta property=\"og:image:type\" content=\"image\/jpeg\" \/>\n<meta name=\"twitter:card\" content=\"summary_large_image\" \/>\n<meta name=\"twitter:title\" content=\"Merchandising Gafas de sol de bamb\u00fa para personalizar con logo - ADL\" \/>\n<meta name=\"twitter:label1\" content=\"Tiempo de lectura\" \/>\n\t<meta name=\"twitter:data1\" content=\"1 minuto\" \/>\n<script type=\"application\/ld+json\" class=\"yoast-schema-graph\">{\"@context\":\"https:\/\/schema.org\",\"@graph\":[{\"@type\":\"WebPage\",\"@id\":\"https:\/\/adl-regalosempresa.com\/tiendaonline\/articulos\/merchandising\/gafas-de-sol-de-bambu-para-personalizar-con-logo\/\",\"url\":\"https:\/\/adl-regalosempresa.com\/tiendaonline\/articulos\/merchandising\/gafas-de-sol-de-bambu-para-personalizar-con-logo\/\",\"name\":\"Merchandising Gafas de sol de bamb\u00fa para personalizar con logo - ADL\",\"isPartOf\":{\"@id\":\"https:\/\/adl-regalosempresa.com\/tiendaonline\/#website\"},\"primaryImageOfPage\":{\"@id\":\"https:\/\/adl-regalosempresa.com\/tiendaonline\/articulos\/merchandising\/gafas-de-sol-de-bambu-para-personalizar-con-logo\/#primaryimage\"},\"image\":{\"@id\":\"https:\/\/adl-regalosempresa.com\/tiendaonline\/articulos\/merchandising\/gafas-de-sol-de-bambu-para-personalizar-con-logo\/#primaryimage\"},\"thumbnailUrl\":\"https:\/\/adl-regalosempresa.com\/tiendaonline\/wp-content\/uploads\/2022\/06\/12700521.jpg\",\"datePublished\":\"2026-04-09T04:21:30+00:00\",\"dateModified\":\"2026-04-18T08:08:10+00:00\",\"description\":\"Art\u00edculo de merchandising Gafas de sol de bamb\u00fa \\\"Sun Ray\\\". Estas gafas de sol sostenibles con dise\u00f1o retro son el regalo promocional ideal para los festivales y eventos de verano u otras actividades al aire libre soleadas. La montura est\u00e1 fabricada con una mezcla de pl\u00e1stico y bamb\u00fa, lo que reduce el uso de pl\u00e1sticos v\u00edrgenes, y est\u00e1 disponible en varias opciones de color a la moda. Las patillas, con un ajuste ligero y c\u00f3modo, est\u00e1n hechas de bamb\u00fa que procede de fuentes sostenibles, ecol\u00f3gicas y socialmente responsables. Estas gafas cumplen con la norma EN ISO 12312-1 y tienen lentes UV400 que est\u00e1n clasificadas como Categor\u00eda 3, lo que las convierte en la opci\u00f3n perfecta para la protecci\u00f3n contra la luz solar brillante. Se recomienda el l\u00e1ser como opci\u00f3n de grabaci\u00f3n sostenible.\",\"breadcrumb\":{\"@id\":\"https:\/\/adl-regalosempresa.com\/tiendaonline\/articulos\/merchandising\/gafas-de-sol-de-bambu-para-personalizar-con-logo\/#breadcrumb\"},\"inLanguage\":\"es\",\"potentialAction\":[{\"@type\":\"ReadAction\",\"target\":[\"https:\/\/adl-regalosempresa.com\/tiendaonline\/articulos\/merchandising\/gafas-de-sol-de-bambu-para-personalizar-con-logo\/\"]}]},{\"@type\":\"ImageObject\",\"inLanguage\":\"es\",\"@id\":\"https:\/\/adl-regalosempresa.com\/tiendaonline\/articulos\/merchandising\/gafas-de-sol-de-bambu-para-personalizar-con-logo\/#primaryimage\",\"url\":\"https:\/\/adl-regalosempresa.com\/tiendaonline\/wp-content\/uploads\/2022\/06\/12700521.jpg\",\"contentUrl\":\"https:\/\/adl-regalosempresa.com\/tiendaonline\/wp-content\/uploads\/2022\/06\/12700521.jpg\",\"width\":1600,\"height\":1600,\"caption\":\"Gafas de sol de bamb\u00fa \\\"Sun Ray\\\"\"},{\"@type\":\"BreadcrumbList\",\"@id\":\"https:\/\/adl-regalosempresa.com\/tiendaonline\/articulos\/merchandising\/gafas-de-sol-de-bambu-para-personalizar-con-logo\/#breadcrumb\",\"itemListElement\":[{\"@type\":\"ListItem\",\"position\":1,\"name\":\"Portada\",\"item\":\"https:\/\/adl-regalosempresa.com\/tiendaonline\/\"},{\"@type\":\"ListItem\",\"position\":2,\"name\":\"Tienda\",\"item\":\"https:\/\/adl-regalosempresa.com\/tiendaonline\/tienda\/\"},{\"@type\":\"ListItem\",\"position\":3,\"name\":\"Gafas de sol de bamb\u00fa para personalizar con logo\"}]},{\"@type\":\"WebSite\",\"@id\":\"https:\/\/adl-regalosempresa.com\/tiendaonline\/#website\",\"url\":\"https:\/\/adl-regalosempresa.com\/tiendaonline\/\",\"name\":\"ADL Comunicaci\u00f3n\",\"description\":\"Regalos de empresa\",\"publisher\":{\"@id\":\"https:\/\/adl-regalosempresa.com\/tiendaonline\/#organization\"},\"potentialAction\":[{\"@type\":\"SearchAction\",\"target\":{\"@type\":\"EntryPoint\",\"urlTemplate\":\"https:\/\/adl-regalosempresa.com\/tiendaonline\/?s={search_term_string}\"},\"query-input\":{\"@type\":\"PropertyValueSpecification\",\"valueRequired\":true,\"valueName\":\"search_term_string\"}}],\"inLanguage\":\"es\"},{\"@type\":\"Organization\",\"@id\":\"https:\/\/adl-regalosempresa.com\/tiendaonline\/#organization\",\"name\":\"ADL Comunicaci\u00f3n\",\"url\":\"https:\/\/adl-regalosempresa.com\/tiendaonline\/\",\"logo\":{\"@type\":\"ImageObject\",\"inLanguage\":\"es\",\"@id\":\"https:\/\/adl-regalosempresa.com\/tiendaonline\/#\/schema\/logo\/image\/\",\"url\":\"https:\/\/adl-regalosempresa.com\/tiendaonline\/wp-content\/uploads\/2017\/09\/logo-adl-wp.png\",\"contentUrl\":\"https:\/\/adl-regalosempresa.com\/tiendaonline\/wp-content\/uploads\/2017\/09\/logo-adl-wp.png\",\"width\":407,\"height\":185,\"caption\":\"ADL Comunicaci\u00f3n\"},\"image\":{\"@id\":\"https:\/\/adl-regalosempresa.com\/tiendaonline\/#\/schema\/logo\/image\/\"}}]}<\/script>\n<!-- \/ Yoast SEO plugin. -->","yoast_head_json":{"title":"Merchandising Gafas de sol de bamb\u00fa para personalizar con logo - ADL","description":"Art\u00edculo de merchandising Gafas de sol de bamb\u00fa \"Sun Ray\". Estas gafas de sol sostenibles con dise\u00f1o retro son el regalo promocional ideal para los festivales y eventos de verano u otras actividades al aire libre soleadas. La montura est\u00e1 fabricada con una mezcla de pl\u00e1stico y bamb\u00fa, lo que reduce el uso de pl\u00e1sticos v\u00edrgenes, y est\u00e1 disponible en varias opciones de color a la moda. Las patillas, con un ajuste ligero y c\u00f3modo, est\u00e1n hechas de bamb\u00fa que procede de fuentes sostenibles, ecol\u00f3gicas y socialmente responsables. Estas gafas cumplen con la norma EN ISO 12312-1 y tienen lentes UV400 que est\u00e1n clasificadas como Categor\u00eda 3, lo que las convierte en la opci\u00f3n perfecta para la protecci\u00f3n contra la luz solar brillante. Se recomienda el l\u00e1ser como opci\u00f3n de grabaci\u00f3n sostenible.","robots":{"index":"index","follow":"follow","max-snippet":"max-snippet:-1","max-image-preview":"max-image-preview:large","max-video-preview":"max-video-preview:-1"},"canonical":"https:\/\/adl-regalosempresa.com\/tiendaonline\/articulos\/merchandising\/gafas-de-sol-de-bambu-para-personalizar-con-logo\/","og_locale":"es_ES","og_type":"article","og_title":"Merchandising Gafas de sol de bamb\u00fa para personalizar con logo - ADL","og_description":"Art\u00edculo de merchandising Gafas de sol de bamb\u00fa \"Sun Ray\". Estas gafas de sol sostenibles con dise\u00f1o retro son el regalo promocional ideal para los festivales y eventos de verano u otras actividades al aire libre soleadas. La montura est\u00e1 fabricada con una mezcla de pl\u00e1stico y bamb\u00fa, lo que reduce el uso de pl\u00e1sticos v\u00edrgenes, y est\u00e1 disponible en varias opciones de color a la moda. Las patillas, con un ajuste ligero y c\u00f3modo, est\u00e1n hechas de bamb\u00fa que procede de fuentes sostenibles, ecol\u00f3gicas y socialmente responsables. Estas gafas cumplen con la norma EN ISO 12312-1 y tienen lentes UV400 que est\u00e1n clasificadas como Categor\u00eda 3, lo que las convierte en la opci\u00f3n perfecta para la protecci\u00f3n contra la luz solar brillante. Se recomienda el l\u00e1ser como opci\u00f3n de grabaci\u00f3n sostenible.","og_url":"https:\/\/adl-regalosempresa.com\/tiendaonline\/articulos\/merchandising\/gafas-de-sol-de-bambu-para-personalizar-con-logo\/","og_site_name":"ADL Comunicaci\u00f3n","article_modified_time":"2026-04-18T08:08:10+00:00","og_image":[{"width":1600,"height":1600,"url":"https:\/\/adl-regalosempresa.com\/tiendaonline\/wp-content\/uploads\/2022\/06\/12700521.jpg","type":"image\/jpeg"}],"twitter_card":"summary_large_image","twitter_title":"Merchandising Gafas de sol de bamb\u00fa para personalizar con logo - ADL","twitter_misc":{"Tiempo de lectura":"1 minuto"},"schema":{"@context":"https:\/\/schema.org","@graph":[{"@type":"WebPage","@id":"https:\/\/adl-regalosempresa.com\/tiendaonline\/articulos\/merchandising\/gafas-de-sol-de-bambu-para-personalizar-con-logo\/","url":"https:\/\/adl-regalosempresa.com\/tiendaonline\/articulos\/merchandising\/gafas-de-sol-de-bambu-para-personalizar-con-logo\/","name":"Merchandising Gafas de sol de bamb\u00fa para personalizar con logo - ADL","isPartOf":{"@id":"https:\/\/adl-regalosempresa.com\/tiendaonline\/#website"},"primaryImageOfPage":{"@id":"https:\/\/adl-regalosempresa.com\/tiendaonline\/articulos\/merchandising\/gafas-de-sol-de-bambu-para-personalizar-con-logo\/#primaryimage"},"image":{"@id":"https:\/\/adl-regalosempresa.com\/tiendaonline\/articulos\/merchandising\/gafas-de-sol-de-bambu-para-personalizar-con-logo\/#primaryimage"},"thumbnailUrl":"https:\/\/adl-regalosempresa.com\/tiendaonline\/wp-content\/uploads\/2022\/06\/12700521.jpg","datePublished":"2026-04-09T04:21:30+00:00","dateModified":"2026-04-18T08:08:10+00:00","description":"Art\u00edculo de merchandising Gafas de sol de bamb\u00fa \"Sun Ray\". Estas gafas de sol sostenibles con dise\u00f1o retro son el regalo promocional ideal para los festivales y eventos de verano u otras actividades al aire libre soleadas. La montura est\u00e1 fabricada con una mezcla de pl\u00e1stico y bamb\u00fa, lo que reduce el uso de pl\u00e1sticos v\u00edrgenes, y est\u00e1 disponible en varias opciones de color a la moda. Las patillas, con un ajuste ligero y c\u00f3modo, est\u00e1n hechas de bamb\u00fa que procede de fuentes sostenibles, ecol\u00f3gicas y socialmente responsables. Estas gafas cumplen con la norma EN ISO 12312-1 y tienen lentes UV400 que est\u00e1n clasificadas como Categor\u00eda 3, lo que las convierte en la opci\u00f3n perfecta para la protecci\u00f3n contra la luz solar brillante. Se recomienda el l\u00e1ser como opci\u00f3n de grabaci\u00f3n sostenible.","breadcrumb":{"@id":"https:\/\/adl-regalosempresa.com\/tiendaonline\/articulos\/merchandising\/gafas-de-sol-de-bambu-para-personalizar-con-logo\/#breadcrumb"},"inLanguage":"es","potentialAction":[{"@type":"ReadAction","target":["https:\/\/adl-regalosempresa.com\/tiendaonline\/articulos\/merchandising\/gafas-de-sol-de-bambu-para-personalizar-con-logo\/"]}]},{"@type":"ImageObject","inLanguage":"es","@id":"https:\/\/adl-regalosempresa.com\/tiendaonline\/articulos\/merchandising\/gafas-de-sol-de-bambu-para-personalizar-con-logo\/#primaryimage","url":"https:\/\/adl-regalosempresa.com\/tiendaonline\/wp-content\/uploads\/2022\/06\/12700521.jpg","contentUrl":"https:\/\/adl-regalosempresa.com\/tiendaonline\/wp-content\/uploads\/2022\/06\/12700521.jpg","width":1600,"height":1600,"caption":"Gafas de sol de bamb\u00fa \"Sun Ray\""},{"@type":"BreadcrumbList","@id":"https:\/\/adl-regalosempresa.com\/tiendaonline\/articulos\/merchandising\/gafas-de-sol-de-bambu-para-personalizar-con-logo\/#breadcrumb","itemListElement":[{"@type":"ListItem","position":1,"name":"Portada","item":"https:\/\/adl-regalosempresa.com\/tiendaonline\/"},{"@type":"ListItem","position":2,"name":"Tienda","item":"https:\/\/adl-regalosempresa.com\/tiendaonline\/tienda\/"},{"@type":"ListItem","position":3,"name":"Gafas de sol de bamb\u00fa para personalizar con logo"}]},{"@type":"WebSite","@id":"https:\/\/adl-regalosempresa.com\/tiendaonline\/#website","url":"https:\/\/adl-regalosempresa.com\/tiendaonline\/","name":"ADL Comunicaci\u00f3n","description":"Regalos de empresa","publisher":{"@id":"https:\/\/adl-regalosempresa.com\/tiendaonline\/#organization"},"potentialAction":[{"@type":"SearchAction","target":{"@type":"EntryPoint","urlTemplate":"https:\/\/adl-regalosempresa.com\/tiendaonline\/?s={search_term_string}"},"query-input":{"@type":"PropertyValueSpecification","valueRequired":true,"valueName":"search_term_string"}}],"inLanguage":"es"},{"@type":"Organization","@id":"https:\/\/adl-regalosempresa.com\/tiendaonline\/#organization","name":"ADL Comunicaci\u00f3n","url":"https:\/\/adl-regalosempresa.com\/tiendaonline\/","logo":{"@type":"ImageObject","inLanguage":"es","@id":"https:\/\/adl-regalosempresa.com\/tiendaonline\/#\/schema\/logo\/image\/","url":"https:\/\/adl-regalosempresa.com\/tiendaonline\/wp-content\/uploads\/2017\/09\/logo-adl-wp.png","contentUrl":"https:\/\/adl-regalosempresa.com\/tiendaonline\/wp-content\/uploads\/2017\/09\/logo-adl-wp.png","width":407,"height":185,"caption":"ADL Comunicaci\u00f3n"},"image":{"@id":"https:\/\/adl-regalosempresa.com\/tiendaonline\/#\/schema\/logo\/image\/"}}]}},"_links":{"self":[{"href":"https:\/\/adl-regalosempresa.com\/tiendaonline\/wp-json\/wp\/v2\/product\/112070","targetHints":{"allow":["GET"]}}],"collection":[{"href":"https:\/\/adl-regalosempresa.com\/tiendaonline\/wp-json\/wp\/v2\/product"}],"about":[{"href":"https:\/\/adl-regalosempresa.com\/tiendaonline\/wp-json\/wp\/v2\/types\/product"}],"wp:featuredmedia":[{"embeddable":true,"href":"https:\/\/adl-regalosempresa.com\/tiendaonline\/wp-json\/wp\/v2\/media\/112072"}],"wp:attachment":[{"href":"https:\/\/adl-regalosempresa.com\/tiendaonline\/wp-json\/wp\/v2\/media?parent=112070"}],"wp:term":[{"taxonomy":"product_brand","embeddable":true,"href":"https:\/\/adl-regalosempresa.com\/tiendaonline\/wp-json\/wp\/v2\/product_brand?post=112070"},{"taxonomy":"product_cat","embeddable":true,"href":"https:\/\/adl-regalosempresa.com\/tiendaonline\/wp-json\/wp\/v2\/product_cat?post=112070"},{"taxonomy":"product_tag","embeddable":true,"href":"https:\/\/adl-regalosempresa.com\/tiendaonline\/wp-json\/wp\/v2\/product_tag?post=112070"}],"curies":[{"name":"wp","href":"https:\/\/api.w.org\/{rel}","templated":true}]}}