{"id":111386,"date":"2026-03-26T05:15:21","date_gmt":"2026-03-26T05:15:21","guid":{"rendered":"https:\/\/adl-regalosempresa.com\/tiendaonline\/articulos\/merchandising\/chaqueta-ligera-para-mujer-para-personalizar\/"},"modified":"2026-05-05T09:14:10","modified_gmt":"2026-05-05T09:14:10","slug":"chaqueta-ligera-para-mujer-para-personalizar-con-logo","status":"publish","type":"product","link":"https:\/\/adl-regalosempresa.com\/tiendaonline\/articulos\/merchandising\/chaqueta-ligera-para-mujer-para-personalizar-con-logo\/","title":{"rendered":"Chaqueta ligera para mujer  para personalizar con logo"},"content":{"rendered":"<p>La chaqueta Dinlas para mujer es ligera y funcional, ideal para todas las actividades al aire libre. Confeccionada en tejido de nailon ripstop 280T de 72 g\/m\u00b2, con forro de poli\u00e9ster tafet\u00e1n 210T de 60 g\/m\u00b2. El revestimiento impermeable de 500 mm ofrece protecci\u00f3n contra la lluvia ligera y la humedad. La capucha enrollable aporta versatilidad y permite adaptarse a las condiciones meteorol\u00f3gicas cambiantes. Gracias a las mangas ragl\u00e1n, proporciona un ajuste c\u00f3modo y mejora la movilidad, por lo que es ideal para estilos de vida activos. Los art\u00edculos esenciales pueden guardarse en el bolsillo interior. La chaqueta Dinlas es un complemento esencial del vestuario para actividades al aire libre. Esta chaqueta est\u00e1 dise\u00f1ada con un corte entallado para un ajuste perfecto.<\/p>\n","protected":false},"excerpt":{"rendered":"<p><strong>Descuentos por cantidades<\/strong><br \/>&#8211; a partir de 25 unidades: 16,98 \u20ac\/ud<br \/>&#8211; a partir de 50 unidades: 16,98 \u20ac\/ud<br \/>&#8211; a partir de 100 unidades: 16,98 \u20ac\/ud<\/p>\n<p>Para cantidades superiores a las aqu\u00ed indicadas, no dudes en ponerte en contacto con nuestro departamento comercial o <a href='https:\/\/adl-regalosempresa.com\/tiendaonline\/solicitud-presupuesto\/'>pedirnos presupuesto personalizado<\/a>, ajustaremos el presupuesto a tus necesidades.<\/p>\n","protected":false},"featured_media":111388,"template":"","meta":{"_kad_post_transparent":"","_kad_post_title":"","_kad_post_layout":"","_kad_post_sidebar_id":"","_kad_post_content_style":"","_kad_post_vertical_padding":"","_kad_post_feature":"","_kad_post_feature_position":"","_kad_post_header":false,"_kad_post_footer":false,"_kad_post_classname":""},"product_brand":[],"product_cat":[5423,3649],"product_tag":[],"class_list":{"0":"post-111386","1":"product","2":"type-product","3":"status-publish","4":"has-post-thumbnail","6":"product_cat-chaquetas-ropa","7":"product_cat-ropa","8":"pa_color-azul","9":"pa_color-azul-marino","10":"pa_color-blanco","11":"pa_color-gris-tormenta","12":"pa_color-naranja","13":"pa_color-negro-intenso","14":"pa_color-rojo","15":"pa_color-simple-azul","16":"pa_color-simple-blanco","17":"pa_color-simple-gris","18":"pa_color-simple-negro-intenso","19":"pa_genero-mujer","20":"pa_marca-elevate","21":"pa_material-280t-ripstop-100-nylon-72-g-m2-lining-210t-taffeta-100-poliester-60-g-m2","22":"pa_peso-280-gr","23":"pa_talla-2xl","24":"pa_talla-xs","25":"pa_talla-s","26":"pa_talla-m","27":"pa_talla-l","28":"pa_talla-xl","29":"pa_talla-xxl","31":"first","32":"instock","33":"taxable","34":"shipping-taxable","35":"purchasable","36":"product-type-variable","37":"entry","38":"content-bg","39":"loop-entry"},"yoast_head":"<!-- This site is optimized with the Yoast SEO plugin v26.3 - https:\/\/yoast.com\/wordpress\/plugins\/seo\/ -->\n<title>Merchandising Chaqueta ligera para mujer para personalizar con logo - ADL<\/title>\n<meta name=\"description\" content=\"Art\u00edculo de merchandising Chaqueta ligera para mujer &quot;Dinlas&quot;. La chaqueta Dinlas para mujer es ligera y funcional, ideal para todas las actividades al aire libre. Confeccionada en tejido de nailon ripstop 280T de 72 g\/m\u00b2, con forro de poli\u00e9ster tafet\u00e1n 210T de 60 g\/m\u00b2. El revestimiento impermeable de 500 mm ofrece protecci\u00f3n contra la lluvia ligera y la humedad. La capucha enrollable aporta versatilidad y permite adaptarse a las condiciones meteorol\u00f3gicas cambiantes. Gracias a las mangas ragl\u00e1n, proporciona un ajuste c\u00f3modo y mejora la movilidad, por lo que es ideal para estilos de vida activos. Los art\u00edculos esenciales pueden guardarse en el bolsillo interior. La chaqueta Dinlas es un complemento esencial del vestuario para actividades al aire libre. Esta chaqueta est\u00e1 dise\u00f1ada con un corte entallado para un ajuste perfecto.\" \/>\n<meta name=\"robots\" content=\"index, follow, max-snippet:-1, max-image-preview:large, max-video-preview:-1\" \/>\n<link rel=\"canonical\" href=\"https:\/\/adl-regalosempresa.com\/tiendaonline\/articulos\/merchandising\/chaqueta-ligera-para-mujer-para-personalizar-con-logo\/\" \/>\n<meta property=\"og:locale\" content=\"es_ES\" \/>\n<meta property=\"og:type\" content=\"article\" \/>\n<meta property=\"og:title\" content=\"Merchandising Chaqueta ligera para mujer para personalizar con logo - ADL\" \/>\n<meta property=\"og:description\" content=\"Art\u00edculo de merchandising Chaqueta ligera para mujer &quot;Dinlas&quot;. La chaqueta Dinlas para mujer es ligera y funcional, ideal para todas las actividades al aire libre. Confeccionada en tejido de nailon ripstop 280T de 72 g\/m\u00b2, con forro de poli\u00e9ster tafet\u00e1n 210T de 60 g\/m\u00b2. El revestimiento impermeable de 500 mm ofrece protecci\u00f3n contra la lluvia ligera y la humedad. La capucha enrollable aporta versatilidad y permite adaptarse a las condiciones meteorol\u00f3gicas cambiantes. Gracias a las mangas ragl\u00e1n, proporciona un ajuste c\u00f3modo y mejora la movilidad, por lo que es ideal para estilos de vida activos. Los art\u00edculos esenciales pueden guardarse en el bolsillo interior. La chaqueta Dinlas es un complemento esencial del vestuario para actividades al aire libre. Esta chaqueta est\u00e1 dise\u00f1ada con un corte entallado para un ajuste perfecto.\" \/>\n<meta property=\"og:url\" content=\"https:\/\/adl-regalosempresa.com\/tiendaonline\/articulos\/merchandising\/chaqueta-ligera-para-mujer-para-personalizar-con-logo\/\" \/>\n<meta property=\"og:site_name\" content=\"ADL Comunicaci\u00f3n\" \/>\n<meta property=\"article:modified_time\" content=\"2026-05-05T09:14:10+00:00\" \/>\n<meta property=\"og:image\" content=\"https:\/\/adl-regalosempresa.com\/tiendaonline\/wp-content\/uploads\/2022\/06\/3833001.jpg\" \/>\n\t<meta property=\"og:image:width\" content=\"1600\" \/>\n\t<meta property=\"og:image:height\" content=\"1600\" \/>\n\t<meta property=\"og:image:type\" content=\"image\/jpeg\" \/>\n<meta name=\"twitter:card\" content=\"summary_large_image\" \/>\n<meta name=\"twitter:title\" content=\"Merchandising Chaqueta ligera para mujer para personalizar con logo - ADL\" \/>\n<meta name=\"twitter:label1\" content=\"Tiempo de lectura\" \/>\n\t<meta name=\"twitter:data1\" content=\"1 minuto\" \/>\n<script type=\"application\/ld+json\" class=\"yoast-schema-graph\">{\"@context\":\"https:\/\/schema.org\",\"@graph\":[{\"@type\":\"WebPage\",\"@id\":\"https:\/\/adl-regalosempresa.com\/tiendaonline\/articulos\/merchandising\/chaqueta-ligera-para-mujer-para-personalizar-con-logo\/\",\"url\":\"https:\/\/adl-regalosempresa.com\/tiendaonline\/articulos\/merchandising\/chaqueta-ligera-para-mujer-para-personalizar-con-logo\/\",\"name\":\"Merchandising Chaqueta ligera para mujer para personalizar con logo - ADL\",\"isPartOf\":{\"@id\":\"https:\/\/adl-regalosempresa.com\/tiendaonline\/#website\"},\"primaryImageOfPage\":{\"@id\":\"https:\/\/adl-regalosempresa.com\/tiendaonline\/articulos\/merchandising\/chaqueta-ligera-para-mujer-para-personalizar-con-logo\/#primaryimage\"},\"image\":{\"@id\":\"https:\/\/adl-regalosempresa.com\/tiendaonline\/articulos\/merchandising\/chaqueta-ligera-para-mujer-para-personalizar-con-logo\/#primaryimage\"},\"thumbnailUrl\":\"https:\/\/adl-regalosempresa.com\/tiendaonline\/wp-content\/uploads\/2022\/06\/3833001.jpg\",\"datePublished\":\"2026-03-26T05:15:21+00:00\",\"dateModified\":\"2026-05-05T09:14:10+00:00\",\"description\":\"Art\u00edculo de merchandising Chaqueta ligera para mujer \\\"Dinlas\\\". La chaqueta Dinlas para mujer es ligera y funcional, ideal para todas las actividades al aire libre. Confeccionada en tejido de nailon ripstop 280T de 72 g\/m\u00b2, con forro de poli\u00e9ster tafet\u00e1n 210T de 60 g\/m\u00b2. El revestimiento impermeable de 500 mm ofrece protecci\u00f3n contra la lluvia ligera y la humedad. La capucha enrollable aporta versatilidad y permite adaptarse a las condiciones meteorol\u00f3gicas cambiantes. Gracias a las mangas ragl\u00e1n, proporciona un ajuste c\u00f3modo y mejora la movilidad, por lo que es ideal para estilos de vida activos. Los art\u00edculos esenciales pueden guardarse en el bolsillo interior. La chaqueta Dinlas es un complemento esencial del vestuario para actividades al aire libre. Esta chaqueta est\u00e1 dise\u00f1ada con un corte entallado para un ajuste perfecto.\",\"breadcrumb\":{\"@id\":\"https:\/\/adl-regalosempresa.com\/tiendaonline\/articulos\/merchandising\/chaqueta-ligera-para-mujer-para-personalizar-con-logo\/#breadcrumb\"},\"inLanguage\":\"es\",\"potentialAction\":[{\"@type\":\"ReadAction\",\"target\":[\"https:\/\/adl-regalosempresa.com\/tiendaonline\/articulos\/merchandising\/chaqueta-ligera-para-mujer-para-personalizar-con-logo\/\"]}]},{\"@type\":\"ImageObject\",\"inLanguage\":\"es\",\"@id\":\"https:\/\/adl-regalosempresa.com\/tiendaonline\/articulos\/merchandising\/chaqueta-ligera-para-mujer-para-personalizar-con-logo\/#primaryimage\",\"url\":\"https:\/\/adl-regalosempresa.com\/tiendaonline\/wp-content\/uploads\/2022\/06\/3833001.jpg\",\"contentUrl\":\"https:\/\/adl-regalosempresa.com\/tiendaonline\/wp-content\/uploads\/2022\/06\/3833001.jpg\",\"width\":1600,\"height\":1600,\"caption\":\"Chaqueta ligera para mujer \\\"Dinlas\\\"\"},{\"@type\":\"BreadcrumbList\",\"@id\":\"https:\/\/adl-regalosempresa.com\/tiendaonline\/articulos\/merchandising\/chaqueta-ligera-para-mujer-para-personalizar-con-logo\/#breadcrumb\",\"itemListElement\":[{\"@type\":\"ListItem\",\"position\":1,\"name\":\"Portada\",\"item\":\"https:\/\/adl-regalosempresa.com\/tiendaonline\/\"},{\"@type\":\"ListItem\",\"position\":2,\"name\":\"Tienda\",\"item\":\"https:\/\/adl-regalosempresa.com\/tiendaonline\/tienda\/\"},{\"@type\":\"ListItem\",\"position\":3,\"name\":\"Chaqueta ligera para mujer para personalizar con logo\"}]},{\"@type\":\"WebSite\",\"@id\":\"https:\/\/adl-regalosempresa.com\/tiendaonline\/#website\",\"url\":\"https:\/\/adl-regalosempresa.com\/tiendaonline\/\",\"name\":\"ADL Comunicaci\u00f3n\",\"description\":\"Regalos de empresa\",\"publisher\":{\"@id\":\"https:\/\/adl-regalosempresa.com\/tiendaonline\/#organization\"},\"potentialAction\":[{\"@type\":\"SearchAction\",\"target\":{\"@type\":\"EntryPoint\",\"urlTemplate\":\"https:\/\/adl-regalosempresa.com\/tiendaonline\/?s={search_term_string}\"},\"query-input\":{\"@type\":\"PropertyValueSpecification\",\"valueRequired\":true,\"valueName\":\"search_term_string\"}}],\"inLanguage\":\"es\"},{\"@type\":\"Organization\",\"@id\":\"https:\/\/adl-regalosempresa.com\/tiendaonline\/#organization\",\"name\":\"ADL Comunicaci\u00f3n\",\"url\":\"https:\/\/adl-regalosempresa.com\/tiendaonline\/\",\"logo\":{\"@type\":\"ImageObject\",\"inLanguage\":\"es\",\"@id\":\"https:\/\/adl-regalosempresa.com\/tiendaonline\/#\/schema\/logo\/image\/\",\"url\":\"https:\/\/adl-regalosempresa.com\/tiendaonline\/wp-content\/uploads\/2017\/09\/logo-adl-wp.png\",\"contentUrl\":\"https:\/\/adl-regalosempresa.com\/tiendaonline\/wp-content\/uploads\/2017\/09\/logo-adl-wp.png\",\"width\":407,\"height\":185,\"caption\":\"ADL Comunicaci\u00f3n\"},\"image\":{\"@id\":\"https:\/\/adl-regalosempresa.com\/tiendaonline\/#\/schema\/logo\/image\/\"}}]}<\/script>\n<!-- \/ Yoast SEO plugin. -->","yoast_head_json":{"title":"Merchandising Chaqueta ligera para mujer para personalizar con logo - ADL","description":"Art\u00edculo de merchandising Chaqueta ligera para mujer \"Dinlas\". La chaqueta Dinlas para mujer es ligera y funcional, ideal para todas las actividades al aire libre. Confeccionada en tejido de nailon ripstop 280T de 72 g\/m\u00b2, con forro de poli\u00e9ster tafet\u00e1n 210T de 60 g\/m\u00b2. El revestimiento impermeable de 500 mm ofrece protecci\u00f3n contra la lluvia ligera y la humedad. La capucha enrollable aporta versatilidad y permite adaptarse a las condiciones meteorol\u00f3gicas cambiantes. Gracias a las mangas ragl\u00e1n, proporciona un ajuste c\u00f3modo y mejora la movilidad, por lo que es ideal para estilos de vida activos. Los art\u00edculos esenciales pueden guardarse en el bolsillo interior. La chaqueta Dinlas es un complemento esencial del vestuario para actividades al aire libre. Esta chaqueta est\u00e1 dise\u00f1ada con un corte entallado para un ajuste perfecto.","robots":{"index":"index","follow":"follow","max-snippet":"max-snippet:-1","max-image-preview":"max-image-preview:large","max-video-preview":"max-video-preview:-1"},"canonical":"https:\/\/adl-regalosempresa.com\/tiendaonline\/articulos\/merchandising\/chaqueta-ligera-para-mujer-para-personalizar-con-logo\/","og_locale":"es_ES","og_type":"article","og_title":"Merchandising Chaqueta ligera para mujer para personalizar con logo - ADL","og_description":"Art\u00edculo de merchandising Chaqueta ligera para mujer \"Dinlas\". La chaqueta Dinlas para mujer es ligera y funcional, ideal para todas las actividades al aire libre. Confeccionada en tejido de nailon ripstop 280T de 72 g\/m\u00b2, con forro de poli\u00e9ster tafet\u00e1n 210T de 60 g\/m\u00b2. El revestimiento impermeable de 500 mm ofrece protecci\u00f3n contra la lluvia ligera y la humedad. La capucha enrollable aporta versatilidad y permite adaptarse a las condiciones meteorol\u00f3gicas cambiantes. Gracias a las mangas ragl\u00e1n, proporciona un ajuste c\u00f3modo y mejora la movilidad, por lo que es ideal para estilos de vida activos. Los art\u00edculos esenciales pueden guardarse en el bolsillo interior. La chaqueta Dinlas es un complemento esencial del vestuario para actividades al aire libre. Esta chaqueta est\u00e1 dise\u00f1ada con un corte entallado para un ajuste perfecto.","og_url":"https:\/\/adl-regalosempresa.com\/tiendaonline\/articulos\/merchandising\/chaqueta-ligera-para-mujer-para-personalizar-con-logo\/","og_site_name":"ADL Comunicaci\u00f3n","article_modified_time":"2026-05-05T09:14:10+00:00","og_image":[{"width":1600,"height":1600,"url":"https:\/\/adl-regalosempresa.com\/tiendaonline\/wp-content\/uploads\/2022\/06\/3833001.jpg","type":"image\/jpeg"}],"twitter_card":"summary_large_image","twitter_title":"Merchandising Chaqueta ligera para mujer para personalizar con logo - ADL","twitter_misc":{"Tiempo de lectura":"1 minuto"},"schema":{"@context":"https:\/\/schema.org","@graph":[{"@type":"WebPage","@id":"https:\/\/adl-regalosempresa.com\/tiendaonline\/articulos\/merchandising\/chaqueta-ligera-para-mujer-para-personalizar-con-logo\/","url":"https:\/\/adl-regalosempresa.com\/tiendaonline\/articulos\/merchandising\/chaqueta-ligera-para-mujer-para-personalizar-con-logo\/","name":"Merchandising Chaqueta ligera para mujer para personalizar con logo - ADL","isPartOf":{"@id":"https:\/\/adl-regalosempresa.com\/tiendaonline\/#website"},"primaryImageOfPage":{"@id":"https:\/\/adl-regalosempresa.com\/tiendaonline\/articulos\/merchandising\/chaqueta-ligera-para-mujer-para-personalizar-con-logo\/#primaryimage"},"image":{"@id":"https:\/\/adl-regalosempresa.com\/tiendaonline\/articulos\/merchandising\/chaqueta-ligera-para-mujer-para-personalizar-con-logo\/#primaryimage"},"thumbnailUrl":"https:\/\/adl-regalosempresa.com\/tiendaonline\/wp-content\/uploads\/2022\/06\/3833001.jpg","datePublished":"2026-03-26T05:15:21+00:00","dateModified":"2026-05-05T09:14:10+00:00","description":"Art\u00edculo de merchandising Chaqueta ligera para mujer \"Dinlas\". La chaqueta Dinlas para mujer es ligera y funcional, ideal para todas las actividades al aire libre. Confeccionada en tejido de nailon ripstop 280T de 72 g\/m\u00b2, con forro de poli\u00e9ster tafet\u00e1n 210T de 60 g\/m\u00b2. El revestimiento impermeable de 500 mm ofrece protecci\u00f3n contra la lluvia ligera y la humedad. La capucha enrollable aporta versatilidad y permite adaptarse a las condiciones meteorol\u00f3gicas cambiantes. Gracias a las mangas ragl\u00e1n, proporciona un ajuste c\u00f3modo y mejora la movilidad, por lo que es ideal para estilos de vida activos. Los art\u00edculos esenciales pueden guardarse en el bolsillo interior. La chaqueta Dinlas es un complemento esencial del vestuario para actividades al aire libre. Esta chaqueta est\u00e1 dise\u00f1ada con un corte entallado para un ajuste perfecto.","breadcrumb":{"@id":"https:\/\/adl-regalosempresa.com\/tiendaonline\/articulos\/merchandising\/chaqueta-ligera-para-mujer-para-personalizar-con-logo\/#breadcrumb"},"inLanguage":"es","potentialAction":[{"@type":"ReadAction","target":["https:\/\/adl-regalosempresa.com\/tiendaonline\/articulos\/merchandising\/chaqueta-ligera-para-mujer-para-personalizar-con-logo\/"]}]},{"@type":"ImageObject","inLanguage":"es","@id":"https:\/\/adl-regalosempresa.com\/tiendaonline\/articulos\/merchandising\/chaqueta-ligera-para-mujer-para-personalizar-con-logo\/#primaryimage","url":"https:\/\/adl-regalosempresa.com\/tiendaonline\/wp-content\/uploads\/2022\/06\/3833001.jpg","contentUrl":"https:\/\/adl-regalosempresa.com\/tiendaonline\/wp-content\/uploads\/2022\/06\/3833001.jpg","width":1600,"height":1600,"caption":"Chaqueta ligera para mujer \"Dinlas\""},{"@type":"BreadcrumbList","@id":"https:\/\/adl-regalosempresa.com\/tiendaonline\/articulos\/merchandising\/chaqueta-ligera-para-mujer-para-personalizar-con-logo\/#breadcrumb","itemListElement":[{"@type":"ListItem","position":1,"name":"Portada","item":"https:\/\/adl-regalosempresa.com\/tiendaonline\/"},{"@type":"ListItem","position":2,"name":"Tienda","item":"https:\/\/adl-regalosempresa.com\/tiendaonline\/tienda\/"},{"@type":"ListItem","position":3,"name":"Chaqueta ligera para mujer para personalizar con logo"}]},{"@type":"WebSite","@id":"https:\/\/adl-regalosempresa.com\/tiendaonline\/#website","url":"https:\/\/adl-regalosempresa.com\/tiendaonline\/","name":"ADL Comunicaci\u00f3n","description":"Regalos de empresa","publisher":{"@id":"https:\/\/adl-regalosempresa.com\/tiendaonline\/#organization"},"potentialAction":[{"@type":"SearchAction","target":{"@type":"EntryPoint","urlTemplate":"https:\/\/adl-regalosempresa.com\/tiendaonline\/?s={search_term_string}"},"query-input":{"@type":"PropertyValueSpecification","valueRequired":true,"valueName":"search_term_string"}}],"inLanguage":"es"},{"@type":"Organization","@id":"https:\/\/adl-regalosempresa.com\/tiendaonline\/#organization","name":"ADL Comunicaci\u00f3n","url":"https:\/\/adl-regalosempresa.com\/tiendaonline\/","logo":{"@type":"ImageObject","inLanguage":"es","@id":"https:\/\/adl-regalosempresa.com\/tiendaonline\/#\/schema\/logo\/image\/","url":"https:\/\/adl-regalosempresa.com\/tiendaonline\/wp-content\/uploads\/2017\/09\/logo-adl-wp.png","contentUrl":"https:\/\/adl-regalosempresa.com\/tiendaonline\/wp-content\/uploads\/2017\/09\/logo-adl-wp.png","width":407,"height":185,"caption":"ADL Comunicaci\u00f3n"},"image":{"@id":"https:\/\/adl-regalosempresa.com\/tiendaonline\/#\/schema\/logo\/image\/"}}]}},"_links":{"self":[{"href":"https:\/\/adl-regalosempresa.com\/tiendaonline\/wp-json\/wp\/v2\/product\/111386","targetHints":{"allow":["GET"]}}],"collection":[{"href":"https:\/\/adl-regalosempresa.com\/tiendaonline\/wp-json\/wp\/v2\/product"}],"about":[{"href":"https:\/\/adl-regalosempresa.com\/tiendaonline\/wp-json\/wp\/v2\/types\/product"}],"wp:featuredmedia":[{"embeddable":true,"href":"https:\/\/adl-regalosempresa.com\/tiendaonline\/wp-json\/wp\/v2\/media\/111388"}],"wp:attachment":[{"href":"https:\/\/adl-regalosempresa.com\/tiendaonline\/wp-json\/wp\/v2\/media?parent=111386"}],"wp:term":[{"taxonomy":"product_brand","embeddable":true,"href":"https:\/\/adl-regalosempresa.com\/tiendaonline\/wp-json\/wp\/v2\/product_brand?post=111386"},{"taxonomy":"product_cat","embeddable":true,"href":"https:\/\/adl-regalosempresa.com\/tiendaonline\/wp-json\/wp\/v2\/product_cat?post=111386"},{"taxonomy":"product_tag","embeddable":true,"href":"https:\/\/adl-regalosempresa.com\/tiendaonline\/wp-json\/wp\/v2\/product_tag?post=111386"}],"curies":[{"name":"wp","href":"https:\/\/api.w.org\/{rel}","templated":true}]}}