{"id":110828,"date":"2026-03-24T05:52:46","date_gmt":"2026-03-24T05:52:46","guid":{"rendered":"https:\/\/adl-regalosempresa.com\/tiendaonline\/articulos\/merchandising\/linterna-tactica-recargable-de-5-w-para-personalizar\/"},"modified":"2026-03-24T05:53:29","modified_gmt":"2026-03-24T05:53:29","slug":"linterna-tactica-recargable-de-5-w-para-personalizar-con-logo","status":"publish","type":"product","link":"https:\/\/adl-regalosempresa.com\/tiendaonline\/articulos\/merchandising\/linterna-tactica-recargable-de-5-w-para-personalizar-con-logo\/","title":{"rendered":"Linterna t\u00e1ctica recargable de 5\u00a0W  para personalizar con logo"},"content":{"rendered":"<p>No te quedes nunca sin bater\u00eda con esta linterna t\u00e1ctica recargable de aluminio de alta potencia. La s\u00f3lida carcasa de aleaci\u00f3n de aluminio negro le confiere un aspecto t\u00e1ctico, con una resistencia a los impactos de 1 metro. La linterna cuenta con un clip para el cintur\u00f3n que facilita su transporte y es resistente a las salpicaduras con una clasificaci\u00f3n IPX4. El LED de 5\u00a0W genera 300 l\u00famenes durante un m\u00e1ximo de 3 horas, y el haz de luz tiene una distancia de 200 metros con 5 modos de luz diferentes: alta, media, baja, estrobosc\u00f3pica y SOS. La alta potencia proviene de una bater\u00eda de litio integrada con una capacidad de 2000\u00a0mAh. La linterna mide 14,5 x 3,4 cm y solo pesa 170 gramos. Viene con un manual de instrucciones y se presenta en una caja de regalo de cart\u00f3n reciclado de 17,5 x 6 x 4 cm. Se recomienda grabar con l\u00e1ser en el cuerpo de aluminio.<\/p>\n","protected":false},"excerpt":{"rendered":"<p><strong>Descuentos por cantidades<\/strong><br \/>&#8211; a partir de 100 unidades: 27,32 \u20ac\/ud<br \/>&#8211; a partir de 250 unidades: 27,32 \u20ac\/ud<br \/>&#8211; a partir de 1000 unidades: 26,81 \u20ac\/ud<\/p>\n<p>Para cantidades superiores a las aqu\u00ed indicadas, no dudes en ponerte en contacto con nuestro departamento comercial o <a href='https:\/\/adl-regalosempresa.com\/tiendaonline\/solicitud-presupuesto\/'>pedirnos presupuesto personalizado<\/a>, ajustaremos el presupuesto a tus necesidades.<\/p>\n","protected":false},"featured_media":110830,"template":"","meta":{"_kad_post_transparent":"","_kad_post_title":"","_kad_post_layout":"","_kad_post_sidebar_id":"","_kad_post_content_style":"","_kad_post_vertical_padding":"","_kad_post_feature":"","_kad_post_feature_position":"","_kad_post_header":false,"_kad_post_footer":false,"_kad_post_classname":""},"product_brand":[],"product_cat":[4154,4249],"product_tag":[],"class_list":{"0":"post-110828","1":"product","2":"type-product","3":"status-publish","4":"has-post-thumbnail","6":"product_cat-herramientas-y-accesorios-del-automovil","7":"product_cat-lamparas","8":"pa_alto-4-cm","9":"pa_ancho-6-cm","10":"pa_color-negro-intenso","11":"pa_color-simple-negro-intenso","12":"pa_largo-175-cm","13":"pa_marca-unbranded","14":"pa_material-aluminio","15":"pa_peso-175-gr","17":"first","18":"outofstock","19":"taxable","20":"shipping-taxable","21":"product-type-variable","22":"entry","23":"content-bg","24":"loop-entry"},"yoast_head":"<!-- This site is optimized with the Yoast SEO plugin v26.3 - https:\/\/yoast.com\/wordpress\/plugins\/seo\/ -->\n<title>Merchandising Linterna t\u00e1ctica recargable de 5\u00a0W para personalizar con logo - ADL<\/title>\n<meta name=\"description\" content=\"Art\u00edculo de merchandising Linterna t\u00e1ctica recargable de 5\u00a0W &quot;Mears&quot;. No te quedes nunca sin bater\u00eda con esta linterna t\u00e1ctica recargable de aluminio de alta potencia. La s\u00f3lida carcasa de aleaci\u00f3n de aluminio negro le confiere un aspecto t\u00e1ctico, con una resistencia a los impactos de 1 metro. La linterna cuenta con un clip para el cintur\u00f3n que facilita su transporte y es resistente a las salpicaduras con una clasificaci\u00f3n IPX4. El LED de 5\u00a0W genera 300 l\u00famenes durante un m\u00e1ximo de 3 horas, y el haz de luz tiene una distancia de 200 metros con 5 modos de luz diferentes: alta, media, baja, estrobosc\u00f3pica y SOS. La alta potencia proviene de una bater\u00eda de litio integrada con una capacidad de 2000\u00a0mAh. La linterna mide 14,5 x 3,4 cm y solo pesa 170 gramos. Viene con un manual de instrucciones y se presenta en una caja de regalo de cart\u00f3n reciclado de 17,5 x 6 x 4 cm. Se recomienda grabar con l\u00e1ser en el cuerpo de aluminio.\" \/>\n<meta name=\"robots\" content=\"index, follow, max-snippet:-1, max-image-preview:large, max-video-preview:-1\" \/>\n<link rel=\"canonical\" href=\"https:\/\/adl-regalosempresa.com\/tiendaonline\/articulos\/merchandising\/linterna-tactica-recargable-de-5-w-para-personalizar-con-logo\/\" \/>\n<meta property=\"og:locale\" content=\"es_ES\" \/>\n<meta property=\"og:type\" content=\"article\" \/>\n<meta property=\"og:title\" content=\"Merchandising Linterna t\u00e1ctica recargable de 5\u00a0W para personalizar con logo - ADL\" \/>\n<meta property=\"og:description\" content=\"Art\u00edculo de merchandising Linterna t\u00e1ctica recargable de 5\u00a0W &quot;Mears&quot;. No te quedes nunca sin bater\u00eda con esta linterna t\u00e1ctica recargable de aluminio de alta potencia. La s\u00f3lida carcasa de aleaci\u00f3n de aluminio negro le confiere un aspecto t\u00e1ctico, con una resistencia a los impactos de 1 metro. La linterna cuenta con un clip para el cintur\u00f3n que facilita su transporte y es resistente a las salpicaduras con una clasificaci\u00f3n IPX4. El LED de 5\u00a0W genera 300 l\u00famenes durante un m\u00e1ximo de 3 horas, y el haz de luz tiene una distancia de 200 metros con 5 modos de luz diferentes: alta, media, baja, estrobosc\u00f3pica y SOS. La alta potencia proviene de una bater\u00eda de litio integrada con una capacidad de 2000\u00a0mAh. La linterna mide 14,5 x 3,4 cm y solo pesa 170 gramos. Viene con un manual de instrucciones y se presenta en una caja de regalo de cart\u00f3n reciclado de 17,5 x 6 x 4 cm. Se recomienda grabar con l\u00e1ser en el cuerpo de aluminio.\" \/>\n<meta property=\"og:url\" content=\"https:\/\/adl-regalosempresa.com\/tiendaonline\/articulos\/merchandising\/linterna-tactica-recargable-de-5-w-para-personalizar-con-logo\/\" \/>\n<meta property=\"og:site_name\" content=\"ADL Comunicaci\u00f3n\" \/>\n<meta property=\"article:modified_time\" content=\"2026-03-24T05:53:29+00:00\" \/>\n<meta property=\"og:image\" content=\"https:\/\/adl-regalosempresa.com\/tiendaonline\/wp-content\/uploads\/2022\/06\/10460290.jpg\" \/>\n\t<meta property=\"og:image:width\" content=\"1600\" \/>\n\t<meta property=\"og:image:height\" content=\"1600\" \/>\n\t<meta property=\"og:image:type\" content=\"image\/jpeg\" \/>\n<meta name=\"twitter:card\" content=\"summary_large_image\" \/>\n<meta name=\"twitter:title\" content=\"Merchandising Linterna t\u00e1ctica recargable de 5\u00a0W para personalizar con logo - ADL\" \/>\n<meta name=\"twitter:label1\" content=\"Tiempo de lectura\" \/>\n\t<meta name=\"twitter:data1\" content=\"1 minuto\" \/>\n<script type=\"application\/ld+json\" class=\"yoast-schema-graph\">{\"@context\":\"https:\/\/schema.org\",\"@graph\":[{\"@type\":\"WebPage\",\"@id\":\"https:\/\/adl-regalosempresa.com\/tiendaonline\/articulos\/merchandising\/linterna-tactica-recargable-de-5-w-para-personalizar-con-logo\/\",\"url\":\"https:\/\/adl-regalosempresa.com\/tiendaonline\/articulos\/merchandising\/linterna-tactica-recargable-de-5-w-para-personalizar-con-logo\/\",\"name\":\"Merchandising Linterna t\u00e1ctica recargable de 5\u00a0W para personalizar con logo - ADL\",\"isPartOf\":{\"@id\":\"https:\/\/adl-regalosempresa.com\/tiendaonline\/#website\"},\"primaryImageOfPage\":{\"@id\":\"https:\/\/adl-regalosempresa.com\/tiendaonline\/articulos\/merchandising\/linterna-tactica-recargable-de-5-w-para-personalizar-con-logo\/#primaryimage\"},\"image\":{\"@id\":\"https:\/\/adl-regalosempresa.com\/tiendaonline\/articulos\/merchandising\/linterna-tactica-recargable-de-5-w-para-personalizar-con-logo\/#primaryimage\"},\"thumbnailUrl\":\"https:\/\/adl-regalosempresa.com\/tiendaonline\/wp-content\/uploads\/2022\/06\/10460290.jpg\",\"datePublished\":\"2026-03-24T05:52:46+00:00\",\"dateModified\":\"2026-03-24T05:53:29+00:00\",\"description\":\"Art\u00edculo de merchandising Linterna t\u00e1ctica recargable de 5\u00a0W \\\"Mears\\\". No te quedes nunca sin bater\u00eda con esta linterna t\u00e1ctica recargable de aluminio de alta potencia. La s\u00f3lida carcasa de aleaci\u00f3n de aluminio negro le confiere un aspecto t\u00e1ctico, con una resistencia a los impactos de 1 metro. La linterna cuenta con un clip para el cintur\u00f3n que facilita su transporte y es resistente a las salpicaduras con una clasificaci\u00f3n IPX4. El LED de 5\u00a0W genera 300 l\u00famenes durante un m\u00e1ximo de 3 horas, y el haz de luz tiene una distancia de 200 metros con 5 modos de luz diferentes: alta, media, baja, estrobosc\u00f3pica y SOS. La alta potencia proviene de una bater\u00eda de litio integrada con una capacidad de 2000\u00a0mAh. La linterna mide 14,5 x 3,4 cm y solo pesa 170 gramos. Viene con un manual de instrucciones y se presenta en una caja de regalo de cart\u00f3n reciclado de 17,5 x 6 x 4 cm. Se recomienda grabar con l\u00e1ser en el cuerpo de aluminio.\",\"breadcrumb\":{\"@id\":\"https:\/\/adl-regalosempresa.com\/tiendaonline\/articulos\/merchandising\/linterna-tactica-recargable-de-5-w-para-personalizar-con-logo\/#breadcrumb\"},\"inLanguage\":\"es\",\"potentialAction\":[{\"@type\":\"ReadAction\",\"target\":[\"https:\/\/adl-regalosempresa.com\/tiendaonline\/articulos\/merchandising\/linterna-tactica-recargable-de-5-w-para-personalizar-con-logo\/\"]}]},{\"@type\":\"ImageObject\",\"inLanguage\":\"es\",\"@id\":\"https:\/\/adl-regalosempresa.com\/tiendaonline\/articulos\/merchandising\/linterna-tactica-recargable-de-5-w-para-personalizar-con-logo\/#primaryimage\",\"url\":\"https:\/\/adl-regalosempresa.com\/tiendaonline\/wp-content\/uploads\/2022\/06\/10460290.jpg\",\"contentUrl\":\"https:\/\/adl-regalosempresa.com\/tiendaonline\/wp-content\/uploads\/2022\/06\/10460290.jpg\",\"width\":1600,\"height\":1600,\"caption\":\"Linterna t\u00e1ctica recargable de 5\u00a0W \\\"Mears\\\"\"},{\"@type\":\"BreadcrumbList\",\"@id\":\"https:\/\/adl-regalosempresa.com\/tiendaonline\/articulos\/merchandising\/linterna-tactica-recargable-de-5-w-para-personalizar-con-logo\/#breadcrumb\",\"itemListElement\":[{\"@type\":\"ListItem\",\"position\":1,\"name\":\"Portada\",\"item\":\"https:\/\/adl-regalosempresa.com\/tiendaonline\/\"},{\"@type\":\"ListItem\",\"position\":2,\"name\":\"Tienda\",\"item\":\"https:\/\/adl-regalosempresa.com\/tiendaonline\/tienda\/\"},{\"@type\":\"ListItem\",\"position\":3,\"name\":\"Linterna t\u00e1ctica recargable de 5\u00a0W para personalizar con logo\"}]},{\"@type\":\"WebSite\",\"@id\":\"https:\/\/adl-regalosempresa.com\/tiendaonline\/#website\",\"url\":\"https:\/\/adl-regalosempresa.com\/tiendaonline\/\",\"name\":\"ADL Comunicaci\u00f3n\",\"description\":\"Regalos de empresa\",\"publisher\":{\"@id\":\"https:\/\/adl-regalosempresa.com\/tiendaonline\/#organization\"},\"potentialAction\":[{\"@type\":\"SearchAction\",\"target\":{\"@type\":\"EntryPoint\",\"urlTemplate\":\"https:\/\/adl-regalosempresa.com\/tiendaonline\/?s={search_term_string}\"},\"query-input\":{\"@type\":\"PropertyValueSpecification\",\"valueRequired\":true,\"valueName\":\"search_term_string\"}}],\"inLanguage\":\"es\"},{\"@type\":\"Organization\",\"@id\":\"https:\/\/adl-regalosempresa.com\/tiendaonline\/#organization\",\"name\":\"ADL Comunicaci\u00f3n\",\"url\":\"https:\/\/adl-regalosempresa.com\/tiendaonline\/\",\"logo\":{\"@type\":\"ImageObject\",\"inLanguage\":\"es\",\"@id\":\"https:\/\/adl-regalosempresa.com\/tiendaonline\/#\/schema\/logo\/image\/\",\"url\":\"https:\/\/adl-regalosempresa.com\/tiendaonline\/wp-content\/uploads\/2017\/09\/logo-adl-wp.png\",\"contentUrl\":\"https:\/\/adl-regalosempresa.com\/tiendaonline\/wp-content\/uploads\/2017\/09\/logo-adl-wp.png\",\"width\":407,\"height\":185,\"caption\":\"ADL Comunicaci\u00f3n\"},\"image\":{\"@id\":\"https:\/\/adl-regalosempresa.com\/tiendaonline\/#\/schema\/logo\/image\/\"}}]}<\/script>\n<!-- \/ Yoast SEO plugin. -->","yoast_head_json":{"title":"Merchandising Linterna t\u00e1ctica recargable de 5\u00a0W para personalizar con logo - ADL","description":"Art\u00edculo de merchandising Linterna t\u00e1ctica recargable de 5\u00a0W \"Mears\". No te quedes nunca sin bater\u00eda con esta linterna t\u00e1ctica recargable de aluminio de alta potencia. La s\u00f3lida carcasa de aleaci\u00f3n de aluminio negro le confiere un aspecto t\u00e1ctico, con una resistencia a los impactos de 1 metro. La linterna cuenta con un clip para el cintur\u00f3n que facilita su transporte y es resistente a las salpicaduras con una clasificaci\u00f3n IPX4. El LED de 5\u00a0W genera 300 l\u00famenes durante un m\u00e1ximo de 3 horas, y el haz de luz tiene una distancia de 200 metros con 5 modos de luz diferentes: alta, media, baja, estrobosc\u00f3pica y SOS. La alta potencia proviene de una bater\u00eda de litio integrada con una capacidad de 2000\u00a0mAh. La linterna mide 14,5 x 3,4 cm y solo pesa 170 gramos. Viene con un manual de instrucciones y se presenta en una caja de regalo de cart\u00f3n reciclado de 17,5 x 6 x 4 cm. Se recomienda grabar con l\u00e1ser en el cuerpo de aluminio.","robots":{"index":"index","follow":"follow","max-snippet":"max-snippet:-1","max-image-preview":"max-image-preview:large","max-video-preview":"max-video-preview:-1"},"canonical":"https:\/\/adl-regalosempresa.com\/tiendaonline\/articulos\/merchandising\/linterna-tactica-recargable-de-5-w-para-personalizar-con-logo\/","og_locale":"es_ES","og_type":"article","og_title":"Merchandising Linterna t\u00e1ctica recargable de 5\u00a0W para personalizar con logo - ADL","og_description":"Art\u00edculo de merchandising Linterna t\u00e1ctica recargable de 5\u00a0W \"Mears\". No te quedes nunca sin bater\u00eda con esta linterna t\u00e1ctica recargable de aluminio de alta potencia. La s\u00f3lida carcasa de aleaci\u00f3n de aluminio negro le confiere un aspecto t\u00e1ctico, con una resistencia a los impactos de 1 metro. La linterna cuenta con un clip para el cintur\u00f3n que facilita su transporte y es resistente a las salpicaduras con una clasificaci\u00f3n IPX4. El LED de 5\u00a0W genera 300 l\u00famenes durante un m\u00e1ximo de 3 horas, y el haz de luz tiene una distancia de 200 metros con 5 modos de luz diferentes: alta, media, baja, estrobosc\u00f3pica y SOS. La alta potencia proviene de una bater\u00eda de litio integrada con una capacidad de 2000\u00a0mAh. La linterna mide 14,5 x 3,4 cm y solo pesa 170 gramos. Viene con un manual de instrucciones y se presenta en una caja de regalo de cart\u00f3n reciclado de 17,5 x 6 x 4 cm. Se recomienda grabar con l\u00e1ser en el cuerpo de aluminio.","og_url":"https:\/\/adl-regalosempresa.com\/tiendaonline\/articulos\/merchandising\/linterna-tactica-recargable-de-5-w-para-personalizar-con-logo\/","og_site_name":"ADL Comunicaci\u00f3n","article_modified_time":"2026-03-24T05:53:29+00:00","og_image":[{"width":1600,"height":1600,"url":"https:\/\/adl-regalosempresa.com\/tiendaonline\/wp-content\/uploads\/2022\/06\/10460290.jpg","type":"image\/jpeg"}],"twitter_card":"summary_large_image","twitter_title":"Merchandising Linterna t\u00e1ctica recargable de 5\u00a0W para personalizar con logo - ADL","twitter_misc":{"Tiempo de lectura":"1 minuto"},"schema":{"@context":"https:\/\/schema.org","@graph":[{"@type":"WebPage","@id":"https:\/\/adl-regalosempresa.com\/tiendaonline\/articulos\/merchandising\/linterna-tactica-recargable-de-5-w-para-personalizar-con-logo\/","url":"https:\/\/adl-regalosempresa.com\/tiendaonline\/articulos\/merchandising\/linterna-tactica-recargable-de-5-w-para-personalizar-con-logo\/","name":"Merchandising Linterna t\u00e1ctica recargable de 5\u00a0W para personalizar con logo - ADL","isPartOf":{"@id":"https:\/\/adl-regalosempresa.com\/tiendaonline\/#website"},"primaryImageOfPage":{"@id":"https:\/\/adl-regalosempresa.com\/tiendaonline\/articulos\/merchandising\/linterna-tactica-recargable-de-5-w-para-personalizar-con-logo\/#primaryimage"},"image":{"@id":"https:\/\/adl-regalosempresa.com\/tiendaonline\/articulos\/merchandising\/linterna-tactica-recargable-de-5-w-para-personalizar-con-logo\/#primaryimage"},"thumbnailUrl":"https:\/\/adl-regalosempresa.com\/tiendaonline\/wp-content\/uploads\/2022\/06\/10460290.jpg","datePublished":"2026-03-24T05:52:46+00:00","dateModified":"2026-03-24T05:53:29+00:00","description":"Art\u00edculo de merchandising Linterna t\u00e1ctica recargable de 5\u00a0W \"Mears\". No te quedes nunca sin bater\u00eda con esta linterna t\u00e1ctica recargable de aluminio de alta potencia. La s\u00f3lida carcasa de aleaci\u00f3n de aluminio negro le confiere un aspecto t\u00e1ctico, con una resistencia a los impactos de 1 metro. La linterna cuenta con un clip para el cintur\u00f3n que facilita su transporte y es resistente a las salpicaduras con una clasificaci\u00f3n IPX4. El LED de 5\u00a0W genera 300 l\u00famenes durante un m\u00e1ximo de 3 horas, y el haz de luz tiene una distancia de 200 metros con 5 modos de luz diferentes: alta, media, baja, estrobosc\u00f3pica y SOS. La alta potencia proviene de una bater\u00eda de litio integrada con una capacidad de 2000\u00a0mAh. La linterna mide 14,5 x 3,4 cm y solo pesa 170 gramos. Viene con un manual de instrucciones y se presenta en una caja de regalo de cart\u00f3n reciclado de 17,5 x 6 x 4 cm. Se recomienda grabar con l\u00e1ser en el cuerpo de aluminio.","breadcrumb":{"@id":"https:\/\/adl-regalosempresa.com\/tiendaonline\/articulos\/merchandising\/linterna-tactica-recargable-de-5-w-para-personalizar-con-logo\/#breadcrumb"},"inLanguage":"es","potentialAction":[{"@type":"ReadAction","target":["https:\/\/adl-regalosempresa.com\/tiendaonline\/articulos\/merchandising\/linterna-tactica-recargable-de-5-w-para-personalizar-con-logo\/"]}]},{"@type":"ImageObject","inLanguage":"es","@id":"https:\/\/adl-regalosempresa.com\/tiendaonline\/articulos\/merchandising\/linterna-tactica-recargable-de-5-w-para-personalizar-con-logo\/#primaryimage","url":"https:\/\/adl-regalosempresa.com\/tiendaonline\/wp-content\/uploads\/2022\/06\/10460290.jpg","contentUrl":"https:\/\/adl-regalosempresa.com\/tiendaonline\/wp-content\/uploads\/2022\/06\/10460290.jpg","width":1600,"height":1600,"caption":"Linterna t\u00e1ctica recargable de 5\u00a0W \"Mears\""},{"@type":"BreadcrumbList","@id":"https:\/\/adl-regalosempresa.com\/tiendaonline\/articulos\/merchandising\/linterna-tactica-recargable-de-5-w-para-personalizar-con-logo\/#breadcrumb","itemListElement":[{"@type":"ListItem","position":1,"name":"Portada","item":"https:\/\/adl-regalosempresa.com\/tiendaonline\/"},{"@type":"ListItem","position":2,"name":"Tienda","item":"https:\/\/adl-regalosempresa.com\/tiendaonline\/tienda\/"},{"@type":"ListItem","position":3,"name":"Linterna t\u00e1ctica recargable de 5\u00a0W para personalizar con logo"}]},{"@type":"WebSite","@id":"https:\/\/adl-regalosempresa.com\/tiendaonline\/#website","url":"https:\/\/adl-regalosempresa.com\/tiendaonline\/","name":"ADL Comunicaci\u00f3n","description":"Regalos de empresa","publisher":{"@id":"https:\/\/adl-regalosempresa.com\/tiendaonline\/#organization"},"potentialAction":[{"@type":"SearchAction","target":{"@type":"EntryPoint","urlTemplate":"https:\/\/adl-regalosempresa.com\/tiendaonline\/?s={search_term_string}"},"query-input":{"@type":"PropertyValueSpecification","valueRequired":true,"valueName":"search_term_string"}}],"inLanguage":"es"},{"@type":"Organization","@id":"https:\/\/adl-regalosempresa.com\/tiendaonline\/#organization","name":"ADL Comunicaci\u00f3n","url":"https:\/\/adl-regalosempresa.com\/tiendaonline\/","logo":{"@type":"ImageObject","inLanguage":"es","@id":"https:\/\/adl-regalosempresa.com\/tiendaonline\/#\/schema\/logo\/image\/","url":"https:\/\/adl-regalosempresa.com\/tiendaonline\/wp-content\/uploads\/2017\/09\/logo-adl-wp.png","contentUrl":"https:\/\/adl-regalosempresa.com\/tiendaonline\/wp-content\/uploads\/2017\/09\/logo-adl-wp.png","width":407,"height":185,"caption":"ADL Comunicaci\u00f3n"},"image":{"@id":"https:\/\/adl-regalosempresa.com\/tiendaonline\/#\/schema\/logo\/image\/"}}]}},"_links":{"self":[{"href":"https:\/\/adl-regalosempresa.com\/tiendaonline\/wp-json\/wp\/v2\/product\/110828","targetHints":{"allow":["GET"]}}],"collection":[{"href":"https:\/\/adl-regalosempresa.com\/tiendaonline\/wp-json\/wp\/v2\/product"}],"about":[{"href":"https:\/\/adl-regalosempresa.com\/tiendaonline\/wp-json\/wp\/v2\/types\/product"}],"wp:featuredmedia":[{"embeddable":true,"href":"https:\/\/adl-regalosempresa.com\/tiendaonline\/wp-json\/wp\/v2\/media\/110830"}],"wp:attachment":[{"href":"https:\/\/adl-regalosempresa.com\/tiendaonline\/wp-json\/wp\/v2\/media?parent=110828"}],"wp:term":[{"taxonomy":"product_brand","embeddable":true,"href":"https:\/\/adl-regalosempresa.com\/tiendaonline\/wp-json\/wp\/v2\/product_brand?post=110828"},{"taxonomy":"product_cat","embeddable":true,"href":"https:\/\/adl-regalosempresa.com\/tiendaonline\/wp-json\/wp\/v2\/product_cat?post=110828"},{"taxonomy":"product_tag","embeddable":true,"href":"https:\/\/adl-regalosempresa.com\/tiendaonline\/wp-json\/wp\/v2\/product_tag?post=110828"}],"curies":[{"name":"wp","href":"https:\/\/api.w.org\/{rel}","templated":true}]}}