{"id":110271,"date":"2026-03-24T05:51:03","date_gmt":"2026-03-24T05:51:03","guid":{"rendered":"https:\/\/adl-regalosempresa.com\/tiendaonline\/articulos\/merchandising\/chaqueta-de-plumon-con-aislamiento-para-mujer-para-personalizar\/"},"modified":"2026-04-15T09:20:20","modified_gmt":"2026-04-15T09:20:20","slug":"chaqueta-de-plumon-con-aislamiento-para-mujer-para-personalizar-con-logo","status":"publish","type":"product","link":"https:\/\/adl-regalosempresa.com\/tiendaonline\/articulos\/merchandising\/chaqueta-de-plumon-con-aislamiento-para-mujer-para-personalizar-con-logo\/","title":{"rendered":"Chaqueta de plum\u00f3n con aislamiento para mujer  para personalizar con logo"},"content":{"rendered":"<p>La chaqueta de plum\u00f3n aislante Macin para mujer: una mezcla perfecta de estilo y calidez. Confeccionada en tejido pongee de doble capa 750T de 164 g\/m\u00b2 en poli\u00e9ster. El tejido mate en combinaci\u00f3n con el acolchado termosellado confiere a la chaqueta un aspecto moderno a la vez que mejora el aislamiento general. Apuesta por la conciencia ecol\u00f3gica con el aislamiento de plum\u00f3n reciclado certificado RDS de plum\u00f3n reciclado y plumas recicladas, que proporciona calidez sin comprometer los principios \u00e9ticos. Con una solapa interior para tormentas, un protector de cuello y pu\u00f1os de canal\u00e9 el\u00e1stico de punto plano, esta chaqueta ofrece la m\u00e1xima protecci\u00f3n contra los elementos. Los bolsillos delanteros con cierre de cremallera a\u00f1aden comodidad y funcionalidad. Adopte tanto el estilo como los valores \u00e9ticos con la chaqueta Macin, perfecta para cualquier aventura al aire libre o para llevar a diario. Esta chaqueta est\u00e1 dise\u00f1ada con un corte entallado para un ajuste perfecto y un look femenino.<\/p>\n","protected":false},"excerpt":{"rendered":"<p><strong>Descuentos por cantidades<\/strong><br \/>&#8211; a partir de 5 unidades: 70,72 \u20ac\/ud<br \/>&#8211; a partir de 25 unidades: 70,72 \u20ac\/ud<br \/>&#8211; a partir de 50 unidades: 69,41 \u20ac\/ud<\/p>\n<p>Para cantidades superiores a las aqu\u00ed indicadas, no dudes en ponerte en contacto con nuestro departamento comercial o <a href='https:\/\/adl-regalosempresa.com\/tiendaonline\/solicitud-presupuesto\/'>pedirnos presupuesto personalizado<\/a>, ajustaremos el presupuesto a tus necesidades.<\/p>\n","protected":false},"featured_media":110283,"template":"","meta":{"_kad_post_transparent":"","_kad_post_title":"","_kad_post_layout":"","_kad_post_sidebar_id":"","_kad_post_content_style":"","_kad_post_vertical_padding":"","_kad_post_feature":"","_kad_post_feature_position":"","_kad_post_header":false,"_kad_post_footer":false,"_kad_post_classname":""},"product_brand":[],"product_cat":[5423,3649],"product_tag":[],"class_list":{"0":"post-110271","1":"product","2":"type-product","3":"status-publish","4":"has-post-thumbnail","6":"product_cat-chaquetas-ropa","7":"product_cat-ropa","8":"pa_color-azul-marino","9":"pa_color-gris-tormenta","10":"pa_color-negro-intenso","11":"pa_color-simple-azul","12":"pa_color-simple-negro-intenso","13":"pa_genero-mujer","14":"pa_marca-elevate","15":"pa_material-pongee-tejido-750t-de-doble-capa-poliester-164-g-m2-padding-filling-down-insulation-responsible-down-standard-rds-plumon-reciclado-plumas-recicladas","16":"pa_peso-440-gr","17":"pa_talla-2xl","18":"pa_talla-xs","19":"pa_talla-s","20":"pa_talla-m","21":"pa_talla-l","22":"pa_talla-xl","23":"pa_talla-xxl","25":"first","26":"instock","27":"taxable","28":"shipping-taxable","29":"purchasable","30":"product-type-variable","31":"entry","32":"content-bg","33":"loop-entry"},"yoast_head":"<!-- This site is optimized with the Yoast SEO plugin v26.3 - https:\/\/yoast.com\/wordpress\/plugins\/seo\/ -->\n<title>Merchandising Chaqueta de plum\u00f3n con aislamiento para mujer para personalizar con logo - ADL<\/title>\n<meta name=\"description\" content=\"Art\u00edculo de merchandising Chaqueta de plum\u00f3n con aislamiento para mujer &quot;Macin&quot;. La chaqueta de plum\u00f3n aislante Macin para mujer: una mezcla perfecta de estilo y calidez. Confeccionada en tejido pongee de doble capa 750T de 164 g\/m\u00b2 en poli\u00e9ster. El tejido mate en combinaci\u00f3n con el acolchado termosellado confiere a la chaqueta un aspecto moderno a la vez que mejora el aislamiento general. Apuesta por la conciencia ecol\u00f3gica con el aislamiento de plum\u00f3n reciclado certificado RDS de plum\u00f3n reciclado y plumas recicladas, que proporciona calidez sin comprometer los principios \u00e9ticos. Con una solapa interior para tormentas, un protector de cuello y pu\u00f1os de canal\u00e9 el\u00e1stico de punto plano, esta chaqueta ofrece la m\u00e1xima protecci\u00f3n contra los elementos. Los bolsillos delanteros con cierre de cremallera a\u00f1aden comodidad y funcionalidad. Adopte tanto el estilo como los valores \u00e9ticos con la chaqueta Macin, perfecta para cualquier aventura al aire libre o para llevar a diario. Esta chaqueta est\u00e1 dise\u00f1ada con un corte entallado para un ajuste perfecto y un look femenino.\" \/>\n<meta name=\"robots\" content=\"index, follow, max-snippet:-1, max-image-preview:large, max-video-preview:-1\" \/>\n<link rel=\"canonical\" href=\"https:\/\/adl-regalosempresa.com\/tiendaonline\/articulos\/merchandising\/chaqueta-de-plumon-con-aislamiento-para-mujer-para-personalizar-con-logo\/\" \/>\n<meta property=\"og:locale\" content=\"es_ES\" \/>\n<meta property=\"og:type\" content=\"article\" \/>\n<meta property=\"og:title\" content=\"Merchandising Chaqueta de plum\u00f3n con aislamiento para mujer para personalizar con logo - ADL\" \/>\n<meta property=\"og:description\" content=\"Art\u00edculo de merchandising Chaqueta de plum\u00f3n con aislamiento para mujer &quot;Macin&quot;. La chaqueta de plum\u00f3n aislante Macin para mujer: una mezcla perfecta de estilo y calidez. Confeccionada en tejido pongee de doble capa 750T de 164 g\/m\u00b2 en poli\u00e9ster. El tejido mate en combinaci\u00f3n con el acolchado termosellado confiere a la chaqueta un aspecto moderno a la vez que mejora el aislamiento general. Apuesta por la conciencia ecol\u00f3gica con el aislamiento de plum\u00f3n reciclado certificado RDS de plum\u00f3n reciclado y plumas recicladas, que proporciona calidez sin comprometer los principios \u00e9ticos. Con una solapa interior para tormentas, un protector de cuello y pu\u00f1os de canal\u00e9 el\u00e1stico de punto plano, esta chaqueta ofrece la m\u00e1xima protecci\u00f3n contra los elementos. Los bolsillos delanteros con cierre de cremallera a\u00f1aden comodidad y funcionalidad. Adopte tanto el estilo como los valores \u00e9ticos con la chaqueta Macin, perfecta para cualquier aventura al aire libre o para llevar a diario. Esta chaqueta est\u00e1 dise\u00f1ada con un corte entallado para un ajuste perfecto y un look femenino.\" \/>\n<meta property=\"og:url\" content=\"https:\/\/adl-regalosempresa.com\/tiendaonline\/articulos\/merchandising\/chaqueta-de-plumon-con-aislamiento-para-mujer-para-personalizar-con-logo\/\" \/>\n<meta property=\"og:site_name\" content=\"ADL Comunicaci\u00f3n\" \/>\n<meta property=\"article:modified_time\" content=\"2026-04-15T09:20:20+00:00\" \/>\n<meta property=\"og:image\" content=\"https:\/\/adl-regalosempresa.com\/tiendaonline\/wp-content\/uploads\/2022\/06\/3934055.jpg\" \/>\n\t<meta property=\"og:image:width\" content=\"1600\" \/>\n\t<meta property=\"og:image:height\" content=\"1600\" \/>\n\t<meta property=\"og:image:type\" content=\"image\/jpeg\" \/>\n<meta name=\"twitter:card\" content=\"summary_large_image\" \/>\n<meta name=\"twitter:title\" content=\"Merchandising Chaqueta de plum\u00f3n con aislamiento para mujer para personalizar con logo - ADL\" \/>\n<meta name=\"twitter:label1\" content=\"Tiempo de lectura\" \/>\n\t<meta name=\"twitter:data1\" content=\"1 minuto\" \/>\n<script type=\"application\/ld+json\" class=\"yoast-schema-graph\">{\"@context\":\"https:\/\/schema.org\",\"@graph\":[{\"@type\":\"WebPage\",\"@id\":\"https:\/\/adl-regalosempresa.com\/tiendaonline\/articulos\/merchandising\/chaqueta-de-plumon-con-aislamiento-para-mujer-para-personalizar-con-logo\/\",\"url\":\"https:\/\/adl-regalosempresa.com\/tiendaonline\/articulos\/merchandising\/chaqueta-de-plumon-con-aislamiento-para-mujer-para-personalizar-con-logo\/\",\"name\":\"Merchandising Chaqueta de plum\u00f3n con aislamiento para mujer para personalizar con logo - ADL\",\"isPartOf\":{\"@id\":\"https:\/\/adl-regalosempresa.com\/tiendaonline\/#website\"},\"primaryImageOfPage\":{\"@id\":\"https:\/\/adl-regalosempresa.com\/tiendaonline\/articulos\/merchandising\/chaqueta-de-plumon-con-aislamiento-para-mujer-para-personalizar-con-logo\/#primaryimage\"},\"image\":{\"@id\":\"https:\/\/adl-regalosempresa.com\/tiendaonline\/articulos\/merchandising\/chaqueta-de-plumon-con-aislamiento-para-mujer-para-personalizar-con-logo\/#primaryimage\"},\"thumbnailUrl\":\"https:\/\/adl-regalosempresa.com\/tiendaonline\/wp-content\/uploads\/2022\/06\/3934055.jpg\",\"datePublished\":\"2026-03-24T05:51:03+00:00\",\"dateModified\":\"2026-04-15T09:20:20+00:00\",\"description\":\"Art\u00edculo de merchandising Chaqueta de plum\u00f3n con aislamiento para mujer \\\"Macin\\\". La chaqueta de plum\u00f3n aislante Macin para mujer: una mezcla perfecta de estilo y calidez. Confeccionada en tejido pongee de doble capa 750T de 164 g\/m\u00b2 en poli\u00e9ster. El tejido mate en combinaci\u00f3n con el acolchado termosellado confiere a la chaqueta un aspecto moderno a la vez que mejora el aislamiento general. Apuesta por la conciencia ecol\u00f3gica con el aislamiento de plum\u00f3n reciclado certificado RDS de plum\u00f3n reciclado y plumas recicladas, que proporciona calidez sin comprometer los principios \u00e9ticos. Con una solapa interior para tormentas, un protector de cuello y pu\u00f1os de canal\u00e9 el\u00e1stico de punto plano, esta chaqueta ofrece la m\u00e1xima protecci\u00f3n contra los elementos. Los bolsillos delanteros con cierre de cremallera a\u00f1aden comodidad y funcionalidad. Adopte tanto el estilo como los valores \u00e9ticos con la chaqueta Macin, perfecta para cualquier aventura al aire libre o para llevar a diario. Esta chaqueta est\u00e1 dise\u00f1ada con un corte entallado para un ajuste perfecto y un look femenino.\",\"breadcrumb\":{\"@id\":\"https:\/\/adl-regalosempresa.com\/tiendaonline\/articulos\/merchandising\/chaqueta-de-plumon-con-aislamiento-para-mujer-para-personalizar-con-logo\/#breadcrumb\"},\"inLanguage\":\"es\",\"potentialAction\":[{\"@type\":\"ReadAction\",\"target\":[\"https:\/\/adl-regalosempresa.com\/tiendaonline\/articulos\/merchandising\/chaqueta-de-plumon-con-aislamiento-para-mujer-para-personalizar-con-logo\/\"]}]},{\"@type\":\"ImageObject\",\"inLanguage\":\"es\",\"@id\":\"https:\/\/adl-regalosempresa.com\/tiendaonline\/articulos\/merchandising\/chaqueta-de-plumon-con-aislamiento-para-mujer-para-personalizar-con-logo\/#primaryimage\",\"url\":\"https:\/\/adl-regalosempresa.com\/tiendaonline\/wp-content\/uploads\/2022\/06\/3934055.jpg\",\"contentUrl\":\"https:\/\/adl-regalosempresa.com\/tiendaonline\/wp-content\/uploads\/2022\/06\/3934055.jpg\",\"width\":1600,\"height\":1600,\"caption\":\"Chaqueta de plum\u00f3n con aislamiento para mujer \\\"Macin\\\"\"},{\"@type\":\"BreadcrumbList\",\"@id\":\"https:\/\/adl-regalosempresa.com\/tiendaonline\/articulos\/merchandising\/chaqueta-de-plumon-con-aislamiento-para-mujer-para-personalizar-con-logo\/#breadcrumb\",\"itemListElement\":[{\"@type\":\"ListItem\",\"position\":1,\"name\":\"Portada\",\"item\":\"https:\/\/adl-regalosempresa.com\/tiendaonline\/\"},{\"@type\":\"ListItem\",\"position\":2,\"name\":\"Tienda\",\"item\":\"https:\/\/adl-regalosempresa.com\/tiendaonline\/tienda\/\"},{\"@type\":\"ListItem\",\"position\":3,\"name\":\"Chaqueta de plum\u00f3n con aislamiento para mujer para personalizar con logo\"}]},{\"@type\":\"WebSite\",\"@id\":\"https:\/\/adl-regalosempresa.com\/tiendaonline\/#website\",\"url\":\"https:\/\/adl-regalosempresa.com\/tiendaonline\/\",\"name\":\"ADL Comunicaci\u00f3n\",\"description\":\"Regalos de empresa\",\"publisher\":{\"@id\":\"https:\/\/adl-regalosempresa.com\/tiendaonline\/#organization\"},\"potentialAction\":[{\"@type\":\"SearchAction\",\"target\":{\"@type\":\"EntryPoint\",\"urlTemplate\":\"https:\/\/adl-regalosempresa.com\/tiendaonline\/?s={search_term_string}\"},\"query-input\":{\"@type\":\"PropertyValueSpecification\",\"valueRequired\":true,\"valueName\":\"search_term_string\"}}],\"inLanguage\":\"es\"},{\"@type\":\"Organization\",\"@id\":\"https:\/\/adl-regalosempresa.com\/tiendaonline\/#organization\",\"name\":\"ADL Comunicaci\u00f3n\",\"url\":\"https:\/\/adl-regalosempresa.com\/tiendaonline\/\",\"logo\":{\"@type\":\"ImageObject\",\"inLanguage\":\"es\",\"@id\":\"https:\/\/adl-regalosempresa.com\/tiendaonline\/#\/schema\/logo\/image\/\",\"url\":\"https:\/\/adl-regalosempresa.com\/tiendaonline\/wp-content\/uploads\/2017\/09\/logo-adl-wp.png\",\"contentUrl\":\"https:\/\/adl-regalosempresa.com\/tiendaonline\/wp-content\/uploads\/2017\/09\/logo-adl-wp.png\",\"width\":407,\"height\":185,\"caption\":\"ADL Comunicaci\u00f3n\"},\"image\":{\"@id\":\"https:\/\/adl-regalosempresa.com\/tiendaonline\/#\/schema\/logo\/image\/\"}}]}<\/script>\n<!-- \/ Yoast SEO plugin. -->","yoast_head_json":{"title":"Merchandising Chaqueta de plum\u00f3n con aislamiento para mujer para personalizar con logo - ADL","description":"Art\u00edculo de merchandising Chaqueta de plum\u00f3n con aislamiento para mujer \"Macin\". La chaqueta de plum\u00f3n aislante Macin para mujer: una mezcla perfecta de estilo y calidez. Confeccionada en tejido pongee de doble capa 750T de 164 g\/m\u00b2 en poli\u00e9ster. El tejido mate en combinaci\u00f3n con el acolchado termosellado confiere a la chaqueta un aspecto moderno a la vez que mejora el aislamiento general. Apuesta por la conciencia ecol\u00f3gica con el aislamiento de plum\u00f3n reciclado certificado RDS de plum\u00f3n reciclado y plumas recicladas, que proporciona calidez sin comprometer los principios \u00e9ticos. Con una solapa interior para tormentas, un protector de cuello y pu\u00f1os de canal\u00e9 el\u00e1stico de punto plano, esta chaqueta ofrece la m\u00e1xima protecci\u00f3n contra los elementos. Los bolsillos delanteros con cierre de cremallera a\u00f1aden comodidad y funcionalidad. Adopte tanto el estilo como los valores \u00e9ticos con la chaqueta Macin, perfecta para cualquier aventura al aire libre o para llevar a diario. Esta chaqueta est\u00e1 dise\u00f1ada con un corte entallado para un ajuste perfecto y un look femenino.","robots":{"index":"index","follow":"follow","max-snippet":"max-snippet:-1","max-image-preview":"max-image-preview:large","max-video-preview":"max-video-preview:-1"},"canonical":"https:\/\/adl-regalosempresa.com\/tiendaonline\/articulos\/merchandising\/chaqueta-de-plumon-con-aislamiento-para-mujer-para-personalizar-con-logo\/","og_locale":"es_ES","og_type":"article","og_title":"Merchandising Chaqueta de plum\u00f3n con aislamiento para mujer para personalizar con logo - ADL","og_description":"Art\u00edculo de merchandising Chaqueta de plum\u00f3n con aislamiento para mujer \"Macin\". La chaqueta de plum\u00f3n aislante Macin para mujer: una mezcla perfecta de estilo y calidez. Confeccionada en tejido pongee de doble capa 750T de 164 g\/m\u00b2 en poli\u00e9ster. El tejido mate en combinaci\u00f3n con el acolchado termosellado confiere a la chaqueta un aspecto moderno a la vez que mejora el aislamiento general. Apuesta por la conciencia ecol\u00f3gica con el aislamiento de plum\u00f3n reciclado certificado RDS de plum\u00f3n reciclado y plumas recicladas, que proporciona calidez sin comprometer los principios \u00e9ticos. Con una solapa interior para tormentas, un protector de cuello y pu\u00f1os de canal\u00e9 el\u00e1stico de punto plano, esta chaqueta ofrece la m\u00e1xima protecci\u00f3n contra los elementos. Los bolsillos delanteros con cierre de cremallera a\u00f1aden comodidad y funcionalidad. Adopte tanto el estilo como los valores \u00e9ticos con la chaqueta Macin, perfecta para cualquier aventura al aire libre o para llevar a diario. Esta chaqueta est\u00e1 dise\u00f1ada con un corte entallado para un ajuste perfecto y un look femenino.","og_url":"https:\/\/adl-regalosempresa.com\/tiendaonline\/articulos\/merchandising\/chaqueta-de-plumon-con-aislamiento-para-mujer-para-personalizar-con-logo\/","og_site_name":"ADL Comunicaci\u00f3n","article_modified_time":"2026-04-15T09:20:20+00:00","og_image":[{"width":1600,"height":1600,"url":"https:\/\/adl-regalosempresa.com\/tiendaonline\/wp-content\/uploads\/2022\/06\/3934055.jpg","type":"image\/jpeg"}],"twitter_card":"summary_large_image","twitter_title":"Merchandising Chaqueta de plum\u00f3n con aislamiento para mujer para personalizar con logo - ADL","twitter_misc":{"Tiempo de lectura":"1 minuto"},"schema":{"@context":"https:\/\/schema.org","@graph":[{"@type":"WebPage","@id":"https:\/\/adl-regalosempresa.com\/tiendaonline\/articulos\/merchandising\/chaqueta-de-plumon-con-aislamiento-para-mujer-para-personalizar-con-logo\/","url":"https:\/\/adl-regalosempresa.com\/tiendaonline\/articulos\/merchandising\/chaqueta-de-plumon-con-aislamiento-para-mujer-para-personalizar-con-logo\/","name":"Merchandising Chaqueta de plum\u00f3n con aislamiento para mujer para personalizar con logo - ADL","isPartOf":{"@id":"https:\/\/adl-regalosempresa.com\/tiendaonline\/#website"},"primaryImageOfPage":{"@id":"https:\/\/adl-regalosempresa.com\/tiendaonline\/articulos\/merchandising\/chaqueta-de-plumon-con-aislamiento-para-mujer-para-personalizar-con-logo\/#primaryimage"},"image":{"@id":"https:\/\/adl-regalosempresa.com\/tiendaonline\/articulos\/merchandising\/chaqueta-de-plumon-con-aislamiento-para-mujer-para-personalizar-con-logo\/#primaryimage"},"thumbnailUrl":"https:\/\/adl-regalosempresa.com\/tiendaonline\/wp-content\/uploads\/2022\/06\/3934055.jpg","datePublished":"2026-03-24T05:51:03+00:00","dateModified":"2026-04-15T09:20:20+00:00","description":"Art\u00edculo de merchandising Chaqueta de plum\u00f3n con aislamiento para mujer \"Macin\". La chaqueta de plum\u00f3n aislante Macin para mujer: una mezcla perfecta de estilo y calidez. Confeccionada en tejido pongee de doble capa 750T de 164 g\/m\u00b2 en poli\u00e9ster. El tejido mate en combinaci\u00f3n con el acolchado termosellado confiere a la chaqueta un aspecto moderno a la vez que mejora el aislamiento general. Apuesta por la conciencia ecol\u00f3gica con el aislamiento de plum\u00f3n reciclado certificado RDS de plum\u00f3n reciclado y plumas recicladas, que proporciona calidez sin comprometer los principios \u00e9ticos. Con una solapa interior para tormentas, un protector de cuello y pu\u00f1os de canal\u00e9 el\u00e1stico de punto plano, esta chaqueta ofrece la m\u00e1xima protecci\u00f3n contra los elementos. Los bolsillos delanteros con cierre de cremallera a\u00f1aden comodidad y funcionalidad. Adopte tanto el estilo como los valores \u00e9ticos con la chaqueta Macin, perfecta para cualquier aventura al aire libre o para llevar a diario. Esta chaqueta est\u00e1 dise\u00f1ada con un corte entallado para un ajuste perfecto y un look femenino.","breadcrumb":{"@id":"https:\/\/adl-regalosempresa.com\/tiendaonline\/articulos\/merchandising\/chaqueta-de-plumon-con-aislamiento-para-mujer-para-personalizar-con-logo\/#breadcrumb"},"inLanguage":"es","potentialAction":[{"@type":"ReadAction","target":["https:\/\/adl-regalosempresa.com\/tiendaonline\/articulos\/merchandising\/chaqueta-de-plumon-con-aislamiento-para-mujer-para-personalizar-con-logo\/"]}]},{"@type":"ImageObject","inLanguage":"es","@id":"https:\/\/adl-regalosempresa.com\/tiendaonline\/articulos\/merchandising\/chaqueta-de-plumon-con-aislamiento-para-mujer-para-personalizar-con-logo\/#primaryimage","url":"https:\/\/adl-regalosempresa.com\/tiendaonline\/wp-content\/uploads\/2022\/06\/3934055.jpg","contentUrl":"https:\/\/adl-regalosempresa.com\/tiendaonline\/wp-content\/uploads\/2022\/06\/3934055.jpg","width":1600,"height":1600,"caption":"Chaqueta de plum\u00f3n con aislamiento para mujer \"Macin\""},{"@type":"BreadcrumbList","@id":"https:\/\/adl-regalosempresa.com\/tiendaonline\/articulos\/merchandising\/chaqueta-de-plumon-con-aislamiento-para-mujer-para-personalizar-con-logo\/#breadcrumb","itemListElement":[{"@type":"ListItem","position":1,"name":"Portada","item":"https:\/\/adl-regalosempresa.com\/tiendaonline\/"},{"@type":"ListItem","position":2,"name":"Tienda","item":"https:\/\/adl-regalosempresa.com\/tiendaonline\/tienda\/"},{"@type":"ListItem","position":3,"name":"Chaqueta de plum\u00f3n con aislamiento para mujer para personalizar con logo"}]},{"@type":"WebSite","@id":"https:\/\/adl-regalosempresa.com\/tiendaonline\/#website","url":"https:\/\/adl-regalosempresa.com\/tiendaonline\/","name":"ADL Comunicaci\u00f3n","description":"Regalos de empresa","publisher":{"@id":"https:\/\/adl-regalosempresa.com\/tiendaonline\/#organization"},"potentialAction":[{"@type":"SearchAction","target":{"@type":"EntryPoint","urlTemplate":"https:\/\/adl-regalosempresa.com\/tiendaonline\/?s={search_term_string}"},"query-input":{"@type":"PropertyValueSpecification","valueRequired":true,"valueName":"search_term_string"}}],"inLanguage":"es"},{"@type":"Organization","@id":"https:\/\/adl-regalosempresa.com\/tiendaonline\/#organization","name":"ADL Comunicaci\u00f3n","url":"https:\/\/adl-regalosempresa.com\/tiendaonline\/","logo":{"@type":"ImageObject","inLanguage":"es","@id":"https:\/\/adl-regalosempresa.com\/tiendaonline\/#\/schema\/logo\/image\/","url":"https:\/\/adl-regalosempresa.com\/tiendaonline\/wp-content\/uploads\/2017\/09\/logo-adl-wp.png","contentUrl":"https:\/\/adl-regalosempresa.com\/tiendaonline\/wp-content\/uploads\/2017\/09\/logo-adl-wp.png","width":407,"height":185,"caption":"ADL Comunicaci\u00f3n"},"image":{"@id":"https:\/\/adl-regalosempresa.com\/tiendaonline\/#\/schema\/logo\/image\/"}}]}},"_links":{"self":[{"href":"https:\/\/adl-regalosempresa.com\/tiendaonline\/wp-json\/wp\/v2\/product\/110271","targetHints":{"allow":["GET"]}}],"collection":[{"href":"https:\/\/adl-regalosempresa.com\/tiendaonline\/wp-json\/wp\/v2\/product"}],"about":[{"href":"https:\/\/adl-regalosempresa.com\/tiendaonline\/wp-json\/wp\/v2\/types\/product"}],"wp:featuredmedia":[{"embeddable":true,"href":"https:\/\/adl-regalosempresa.com\/tiendaonline\/wp-json\/wp\/v2\/media\/110283"}],"wp:attachment":[{"href":"https:\/\/adl-regalosempresa.com\/tiendaonline\/wp-json\/wp\/v2\/media?parent=110271"}],"wp:term":[{"taxonomy":"product_brand","embeddable":true,"href":"https:\/\/adl-regalosempresa.com\/tiendaonline\/wp-json\/wp\/v2\/product_brand?post=110271"},{"taxonomy":"product_cat","embeddable":true,"href":"https:\/\/adl-regalosempresa.com\/tiendaonline\/wp-json\/wp\/v2\/product_cat?post=110271"},{"taxonomy":"product_tag","embeddable":true,"href":"https:\/\/adl-regalosempresa.com\/tiendaonline\/wp-json\/wp\/v2\/product_tag?post=110271"}],"curies":[{"name":"wp","href":"https:\/\/api.w.org\/{rel}","templated":true}]}}