{"id":110081,"date":"2026-04-11T04:18:04","date_gmt":"2026-04-11T04:18:04","guid":{"rendered":"https:\/\/adl-regalosempresa.com\/tiendaonline\/articulos\/merchandising\/sudadera-con-capucha-para-hombre-para-personalizar\/"},"modified":"2026-04-21T08:44:16","modified_gmt":"2026-04-21T08:44:16","slug":"sudadera-con-capucha-unisex-para-personalizar-con-logo-4","status":"publish","type":"product","link":"https:\/\/adl-regalosempresa.com\/tiendaonline\/articulos\/merchandising\/sudadera-con-capucha-unisex-para-personalizar-con-logo-4\/","title":{"rendered":"Sudadera con capucha unisex  para personalizar con logo"},"content":{"rendered":"<p>Sudadera con capucha Charon unisex: lo \u00faltimo en comodidad. Confeccionada con una mezcla de algod\u00f3n y poli\u00e9ster de 240 g\/m\u00b2, ofrece el equilibrio perfecto entre comodidad y transpirabilidad. El interior afelpado proporciona calidez y se complementa con pu\u00f1os y dobladillo inferior de punto plano que mejoran el ajuste y el confort. El cord\u00f3n ajustable de la capucha permite adaptarla f\u00e1cilmente, mientras que el bolsillo tipo canguro a\u00f1ade un toque funcional y urbano. Adem\u00e1s, las opciones de personalizaci\u00f3n interior permiten adaptar la prenda con tu marca o dise\u00f1o. Tanto si est\u00e1s relaj\u00e1ndote en casa como si sales de aventura, la sudadera con capucha Charon es la compa\u00f1era ideal para cualquier ocasi\u00f3n.<\/p>\n","protected":false},"excerpt":{"rendered":"<p><strong>Descuentos por cantidades<\/strong><br \/>&#8211; a partir de 25 unidades: 19,79 \u20ac\/ud<br \/>&#8211; a partir de 50 unidades: 19,79 \u20ac\/ud<br \/>&#8211; a partir de 100 unidades: 19,4 \u20ac\/ud<\/p>\n<p>Para cantidades superiores a las aqu\u00ed indicadas, no dudes en ponerte en contacto con nuestro departamento comercial o <a href='https:\/\/adl-regalosempresa.com\/tiendaonline\/solicitud-presupuesto\/'>pedirnos presupuesto personalizado<\/a>, ajustaremos el presupuesto a tus necesidades.<\/p>\n","protected":false},"featured_media":110087,"template":"","meta":{"_kad_post_transparent":"","_kad_post_title":"","_kad_post_layout":"","_kad_post_sidebar_id":"","_kad_post_content_style":"","_kad_post_vertical_padding":"","_kad_post_feature":"","_kad_post_feature_position":"","_kad_post_header":false,"_kad_post_footer":false,"_kad_post_classname":""},"product_brand":[],"product_cat":[3649,6407],"product_tag":[],"class_list":{"0":"post-110081","1":"product","2":"type-product","3":"status-publish","4":"has-post-thumbnail","6":"product_cat-ropa","7":"product_cat-sudaderas-con-capucha","8":"pa_color-azul","9":"pa_color-azul-marino","10":"pa_color-blanco","11":"pa_color-gris-mezcla","12":"pa_color-gris-tormenta","13":"pa_color-naranja","14":"pa_color-negro-intenso","15":"pa_color-rojo","16":"pa_color-simple-azul","17":"pa_color-simple-blanco","18":"pa_color-simple-gris","19":"pa_color-simple-naranja","20":"pa_color-simple-negro-intenso","21":"pa_color-simple-rojo","22":"pa_genero-hombre","23":"pa_marca-elevate","24":"pa_material-punto-50-algodon-50-poliester-240-g-m2","25":"pa_peso-530-gr","26":"pa_talla-xs","27":"pa_talla-s","28":"pa_talla-m","29":"pa_talla-l","30":"pa_talla-xl","31":"pa_talla-xxl","32":"pa_talla-3xl","33":"pa_talla-4xl","34":"pa_talla-5xl","36":"first","37":"instock","38":"taxable","39":"shipping-taxable","40":"purchasable","41":"product-type-variable","42":"entry","43":"content-bg","44":"loop-entry"},"yoast_head":"<!-- This site is optimized with the Yoast SEO plugin v26.3 - https:\/\/yoast.com\/wordpress\/plugins\/seo\/ -->\n<title>Merchandising Sudadera con capucha unisex para personalizar con logo - ADL<\/title>\n<meta name=\"description\" content=\"Art\u00edculo de merchandising Sudadera con capucha unisex &quot;Charon&quot;. Sudadera con capucha Charon unisex: lo \u00faltimo en comodidad. Confeccionada con una mezcla de algod\u00f3n y poli\u00e9ster de 240 g\/m\u00b2, ofrece el equilibrio perfecto entre comodidad y transpirabilidad. El interior afelpado proporciona calidez y se complementa con pu\u00f1os y dobladillo inferior de punto plano que mejoran el ajuste y el confort. El cord\u00f3n ajustable de la capucha permite adaptarla f\u00e1cilmente, mientras que el bolsillo tipo canguro a\u00f1ade un toque funcional y urbano. Adem\u00e1s, las opciones de personalizaci\u00f3n interior permiten adaptar la prenda con tu marca o dise\u00f1o. Tanto si est\u00e1s relaj\u00e1ndote en casa como si sales de aventura, la sudadera con capucha Charon es la compa\u00f1era ideal para cualquier ocasi\u00f3n.\" \/>\n<meta name=\"robots\" content=\"index, follow, max-snippet:-1, max-image-preview:large, max-video-preview:-1\" \/>\n<link rel=\"canonical\" href=\"https:\/\/adl-regalosempresa.com\/tiendaonline\/articulos\/merchandising\/sudadera-con-capucha-unisex-para-personalizar-con-logo-4\/\" \/>\n<meta property=\"og:locale\" content=\"es_ES\" \/>\n<meta property=\"og:type\" content=\"article\" \/>\n<meta property=\"og:title\" content=\"Merchandising Sudadera con capucha unisex para personalizar con logo - ADL\" \/>\n<meta property=\"og:description\" content=\"Art\u00edculo de merchandising Sudadera con capucha unisex &quot;Charon&quot;. Sudadera con capucha Charon unisex: lo \u00faltimo en comodidad. Confeccionada con una mezcla de algod\u00f3n y poli\u00e9ster de 240 g\/m\u00b2, ofrece el equilibrio perfecto entre comodidad y transpirabilidad. El interior afelpado proporciona calidez y se complementa con pu\u00f1os y dobladillo inferior de punto plano que mejoran el ajuste y el confort. El cord\u00f3n ajustable de la capucha permite adaptarla f\u00e1cilmente, mientras que el bolsillo tipo canguro a\u00f1ade un toque funcional y urbano. Adem\u00e1s, las opciones de personalizaci\u00f3n interior permiten adaptar la prenda con tu marca o dise\u00f1o. Tanto si est\u00e1s relaj\u00e1ndote en casa como si sales de aventura, la sudadera con capucha Charon es la compa\u00f1era ideal para cualquier ocasi\u00f3n.\" \/>\n<meta property=\"og:url\" content=\"https:\/\/adl-regalosempresa.com\/tiendaonline\/articulos\/merchandising\/sudadera-con-capucha-unisex-para-personalizar-con-logo-4\/\" \/>\n<meta property=\"og:site_name\" content=\"ADL Comunicaci\u00f3n\" \/>\n<meta property=\"article:modified_time\" content=\"2026-04-21T08:44:16+00:00\" \/>\n<meta property=\"og:image\" content=\"https:\/\/adl-regalosempresa.com\/tiendaonline\/wp-content\/uploads\/2022\/06\/3823301.jpg\" \/>\n\t<meta property=\"og:image:width\" content=\"1600\" \/>\n\t<meta property=\"og:image:height\" content=\"1600\" \/>\n\t<meta property=\"og:image:type\" content=\"image\/jpeg\" \/>\n<meta name=\"twitter:card\" content=\"summary_large_image\" \/>\n<meta name=\"twitter:title\" content=\"Merchandising Sudadera con capucha unisex para personalizar con logo - ADL\" \/>\n<meta name=\"twitter:label1\" content=\"Tiempo de lectura\" \/>\n\t<meta name=\"twitter:data1\" content=\"1 minuto\" \/>\n<script type=\"application\/ld+json\" class=\"yoast-schema-graph\">{\"@context\":\"https:\/\/schema.org\",\"@graph\":[{\"@type\":\"WebPage\",\"@id\":\"https:\/\/adl-regalosempresa.com\/tiendaonline\/articulos\/merchandising\/sudadera-con-capucha-unisex-para-personalizar-con-logo-4\/\",\"url\":\"https:\/\/adl-regalosempresa.com\/tiendaonline\/articulos\/merchandising\/sudadera-con-capucha-unisex-para-personalizar-con-logo-4\/\",\"name\":\"Merchandising Sudadera con capucha unisex para personalizar con logo - ADL\",\"isPartOf\":{\"@id\":\"https:\/\/adl-regalosempresa.com\/tiendaonline\/#website\"},\"primaryImageOfPage\":{\"@id\":\"https:\/\/adl-regalosempresa.com\/tiendaonline\/articulos\/merchandising\/sudadera-con-capucha-unisex-para-personalizar-con-logo-4\/#primaryimage\"},\"image\":{\"@id\":\"https:\/\/adl-regalosempresa.com\/tiendaonline\/articulos\/merchandising\/sudadera-con-capucha-unisex-para-personalizar-con-logo-4\/#primaryimage\"},\"thumbnailUrl\":\"https:\/\/adl-regalosempresa.com\/tiendaonline\/wp-content\/uploads\/2022\/06\/3823301.jpg\",\"datePublished\":\"2026-04-11T04:18:04+00:00\",\"dateModified\":\"2026-04-21T08:44:16+00:00\",\"description\":\"Art\u00edculo de merchandising Sudadera con capucha unisex \\\"Charon\\\". Sudadera con capucha Charon unisex: lo \u00faltimo en comodidad. Confeccionada con una mezcla de algod\u00f3n y poli\u00e9ster de 240 g\/m\u00b2, ofrece el equilibrio perfecto entre comodidad y transpirabilidad. El interior afelpado proporciona calidez y se complementa con pu\u00f1os y dobladillo inferior de punto plano que mejoran el ajuste y el confort. El cord\u00f3n ajustable de la capucha permite adaptarla f\u00e1cilmente, mientras que el bolsillo tipo canguro a\u00f1ade un toque funcional y urbano. Adem\u00e1s, las opciones de personalizaci\u00f3n interior permiten adaptar la prenda con tu marca o dise\u00f1o. Tanto si est\u00e1s relaj\u00e1ndote en casa como si sales de aventura, la sudadera con capucha Charon es la compa\u00f1era ideal para cualquier ocasi\u00f3n.\",\"breadcrumb\":{\"@id\":\"https:\/\/adl-regalosempresa.com\/tiendaonline\/articulos\/merchandising\/sudadera-con-capucha-unisex-para-personalizar-con-logo-4\/#breadcrumb\"},\"inLanguage\":\"es\",\"potentialAction\":[{\"@type\":\"ReadAction\",\"target\":[\"https:\/\/adl-regalosempresa.com\/tiendaonline\/articulos\/merchandising\/sudadera-con-capucha-unisex-para-personalizar-con-logo-4\/\"]}]},{\"@type\":\"ImageObject\",\"inLanguage\":\"es\",\"@id\":\"https:\/\/adl-regalosempresa.com\/tiendaonline\/articulos\/merchandising\/sudadera-con-capucha-unisex-para-personalizar-con-logo-4\/#primaryimage\",\"url\":\"https:\/\/adl-regalosempresa.com\/tiendaonline\/wp-content\/uploads\/2022\/06\/3823301.jpg\",\"contentUrl\":\"https:\/\/adl-regalosempresa.com\/tiendaonline\/wp-content\/uploads\/2022\/06\/3823301.jpg\",\"width\":1600,\"height\":1600,\"caption\":\"Sudadera con capucha unisex \\\"Charon\\\"\"},{\"@type\":\"BreadcrumbList\",\"@id\":\"https:\/\/adl-regalosempresa.com\/tiendaonline\/articulos\/merchandising\/sudadera-con-capucha-unisex-para-personalizar-con-logo-4\/#breadcrumb\",\"itemListElement\":[{\"@type\":\"ListItem\",\"position\":1,\"name\":\"Portada\",\"item\":\"https:\/\/adl-regalosempresa.com\/tiendaonline\/\"},{\"@type\":\"ListItem\",\"position\":2,\"name\":\"Tienda\",\"item\":\"https:\/\/adl-regalosempresa.com\/tiendaonline\/tienda\/\"},{\"@type\":\"ListItem\",\"position\":3,\"name\":\"Sudadera con capucha unisex para personalizar con logo\"}]},{\"@type\":\"WebSite\",\"@id\":\"https:\/\/adl-regalosempresa.com\/tiendaonline\/#website\",\"url\":\"https:\/\/adl-regalosempresa.com\/tiendaonline\/\",\"name\":\"ADL Comunicaci\u00f3n\",\"description\":\"Regalos de empresa\",\"publisher\":{\"@id\":\"https:\/\/adl-regalosempresa.com\/tiendaonline\/#organization\"},\"potentialAction\":[{\"@type\":\"SearchAction\",\"target\":{\"@type\":\"EntryPoint\",\"urlTemplate\":\"https:\/\/adl-regalosempresa.com\/tiendaonline\/?s={search_term_string}\"},\"query-input\":{\"@type\":\"PropertyValueSpecification\",\"valueRequired\":true,\"valueName\":\"search_term_string\"}}],\"inLanguage\":\"es\"},{\"@type\":\"Organization\",\"@id\":\"https:\/\/adl-regalosempresa.com\/tiendaonline\/#organization\",\"name\":\"ADL Comunicaci\u00f3n\",\"url\":\"https:\/\/adl-regalosempresa.com\/tiendaonline\/\",\"logo\":{\"@type\":\"ImageObject\",\"inLanguage\":\"es\",\"@id\":\"https:\/\/adl-regalosempresa.com\/tiendaonline\/#\/schema\/logo\/image\/\",\"url\":\"https:\/\/adl-regalosempresa.com\/tiendaonline\/wp-content\/uploads\/2017\/09\/logo-adl-wp.png\",\"contentUrl\":\"https:\/\/adl-regalosempresa.com\/tiendaonline\/wp-content\/uploads\/2017\/09\/logo-adl-wp.png\",\"width\":407,\"height\":185,\"caption\":\"ADL Comunicaci\u00f3n\"},\"image\":{\"@id\":\"https:\/\/adl-regalosempresa.com\/tiendaonline\/#\/schema\/logo\/image\/\"}}]}<\/script>\n<!-- \/ Yoast SEO plugin. -->","yoast_head_json":{"title":"Merchandising Sudadera con capucha unisex para personalizar con logo - ADL","description":"Art\u00edculo de merchandising Sudadera con capucha unisex \"Charon\". Sudadera con capucha Charon unisex: lo \u00faltimo en comodidad. Confeccionada con una mezcla de algod\u00f3n y poli\u00e9ster de 240 g\/m\u00b2, ofrece el equilibrio perfecto entre comodidad y transpirabilidad. El interior afelpado proporciona calidez y se complementa con pu\u00f1os y dobladillo inferior de punto plano que mejoran el ajuste y el confort. El cord\u00f3n ajustable de la capucha permite adaptarla f\u00e1cilmente, mientras que el bolsillo tipo canguro a\u00f1ade un toque funcional y urbano. Adem\u00e1s, las opciones de personalizaci\u00f3n interior permiten adaptar la prenda con tu marca o dise\u00f1o. Tanto si est\u00e1s relaj\u00e1ndote en casa como si sales de aventura, la sudadera con capucha Charon es la compa\u00f1era ideal para cualquier ocasi\u00f3n.","robots":{"index":"index","follow":"follow","max-snippet":"max-snippet:-1","max-image-preview":"max-image-preview:large","max-video-preview":"max-video-preview:-1"},"canonical":"https:\/\/adl-regalosempresa.com\/tiendaonline\/articulos\/merchandising\/sudadera-con-capucha-unisex-para-personalizar-con-logo-4\/","og_locale":"es_ES","og_type":"article","og_title":"Merchandising Sudadera con capucha unisex para personalizar con logo - ADL","og_description":"Art\u00edculo de merchandising Sudadera con capucha unisex \"Charon\". Sudadera con capucha Charon unisex: lo \u00faltimo en comodidad. Confeccionada con una mezcla de algod\u00f3n y poli\u00e9ster de 240 g\/m\u00b2, ofrece el equilibrio perfecto entre comodidad y transpirabilidad. El interior afelpado proporciona calidez y se complementa con pu\u00f1os y dobladillo inferior de punto plano que mejoran el ajuste y el confort. El cord\u00f3n ajustable de la capucha permite adaptarla f\u00e1cilmente, mientras que el bolsillo tipo canguro a\u00f1ade un toque funcional y urbano. Adem\u00e1s, las opciones de personalizaci\u00f3n interior permiten adaptar la prenda con tu marca o dise\u00f1o. Tanto si est\u00e1s relaj\u00e1ndote en casa como si sales de aventura, la sudadera con capucha Charon es la compa\u00f1era ideal para cualquier ocasi\u00f3n.","og_url":"https:\/\/adl-regalosempresa.com\/tiendaonline\/articulos\/merchandising\/sudadera-con-capucha-unisex-para-personalizar-con-logo-4\/","og_site_name":"ADL Comunicaci\u00f3n","article_modified_time":"2026-04-21T08:44:16+00:00","og_image":[{"width":1600,"height":1600,"url":"https:\/\/adl-regalosempresa.com\/tiendaonline\/wp-content\/uploads\/2022\/06\/3823301.jpg","type":"image\/jpeg"}],"twitter_card":"summary_large_image","twitter_title":"Merchandising Sudadera con capucha unisex para personalizar con logo - ADL","twitter_misc":{"Tiempo de lectura":"1 minuto"},"schema":{"@context":"https:\/\/schema.org","@graph":[{"@type":"WebPage","@id":"https:\/\/adl-regalosempresa.com\/tiendaonline\/articulos\/merchandising\/sudadera-con-capucha-unisex-para-personalizar-con-logo-4\/","url":"https:\/\/adl-regalosempresa.com\/tiendaonline\/articulos\/merchandising\/sudadera-con-capucha-unisex-para-personalizar-con-logo-4\/","name":"Merchandising Sudadera con capucha unisex para personalizar con logo - ADL","isPartOf":{"@id":"https:\/\/adl-regalosempresa.com\/tiendaonline\/#website"},"primaryImageOfPage":{"@id":"https:\/\/adl-regalosempresa.com\/tiendaonline\/articulos\/merchandising\/sudadera-con-capucha-unisex-para-personalizar-con-logo-4\/#primaryimage"},"image":{"@id":"https:\/\/adl-regalosempresa.com\/tiendaonline\/articulos\/merchandising\/sudadera-con-capucha-unisex-para-personalizar-con-logo-4\/#primaryimage"},"thumbnailUrl":"https:\/\/adl-regalosempresa.com\/tiendaonline\/wp-content\/uploads\/2022\/06\/3823301.jpg","datePublished":"2026-04-11T04:18:04+00:00","dateModified":"2026-04-21T08:44:16+00:00","description":"Art\u00edculo de merchandising Sudadera con capucha unisex \"Charon\". Sudadera con capucha Charon unisex: lo \u00faltimo en comodidad. Confeccionada con una mezcla de algod\u00f3n y poli\u00e9ster de 240 g\/m\u00b2, ofrece el equilibrio perfecto entre comodidad y transpirabilidad. El interior afelpado proporciona calidez y se complementa con pu\u00f1os y dobladillo inferior de punto plano que mejoran el ajuste y el confort. El cord\u00f3n ajustable de la capucha permite adaptarla f\u00e1cilmente, mientras que el bolsillo tipo canguro a\u00f1ade un toque funcional y urbano. Adem\u00e1s, las opciones de personalizaci\u00f3n interior permiten adaptar la prenda con tu marca o dise\u00f1o. Tanto si est\u00e1s relaj\u00e1ndote en casa como si sales de aventura, la sudadera con capucha Charon es la compa\u00f1era ideal para cualquier ocasi\u00f3n.","breadcrumb":{"@id":"https:\/\/adl-regalosempresa.com\/tiendaonline\/articulos\/merchandising\/sudadera-con-capucha-unisex-para-personalizar-con-logo-4\/#breadcrumb"},"inLanguage":"es","potentialAction":[{"@type":"ReadAction","target":["https:\/\/adl-regalosempresa.com\/tiendaonline\/articulos\/merchandising\/sudadera-con-capucha-unisex-para-personalizar-con-logo-4\/"]}]},{"@type":"ImageObject","inLanguage":"es","@id":"https:\/\/adl-regalosempresa.com\/tiendaonline\/articulos\/merchandising\/sudadera-con-capucha-unisex-para-personalizar-con-logo-4\/#primaryimage","url":"https:\/\/adl-regalosempresa.com\/tiendaonline\/wp-content\/uploads\/2022\/06\/3823301.jpg","contentUrl":"https:\/\/adl-regalosempresa.com\/tiendaonline\/wp-content\/uploads\/2022\/06\/3823301.jpg","width":1600,"height":1600,"caption":"Sudadera con capucha unisex \"Charon\""},{"@type":"BreadcrumbList","@id":"https:\/\/adl-regalosempresa.com\/tiendaonline\/articulos\/merchandising\/sudadera-con-capucha-unisex-para-personalizar-con-logo-4\/#breadcrumb","itemListElement":[{"@type":"ListItem","position":1,"name":"Portada","item":"https:\/\/adl-regalosempresa.com\/tiendaonline\/"},{"@type":"ListItem","position":2,"name":"Tienda","item":"https:\/\/adl-regalosempresa.com\/tiendaonline\/tienda\/"},{"@type":"ListItem","position":3,"name":"Sudadera con capucha unisex para personalizar con logo"}]},{"@type":"WebSite","@id":"https:\/\/adl-regalosempresa.com\/tiendaonline\/#website","url":"https:\/\/adl-regalosempresa.com\/tiendaonline\/","name":"ADL Comunicaci\u00f3n","description":"Regalos de empresa","publisher":{"@id":"https:\/\/adl-regalosempresa.com\/tiendaonline\/#organization"},"potentialAction":[{"@type":"SearchAction","target":{"@type":"EntryPoint","urlTemplate":"https:\/\/adl-regalosempresa.com\/tiendaonline\/?s={search_term_string}"},"query-input":{"@type":"PropertyValueSpecification","valueRequired":true,"valueName":"search_term_string"}}],"inLanguage":"es"},{"@type":"Organization","@id":"https:\/\/adl-regalosempresa.com\/tiendaonline\/#organization","name":"ADL Comunicaci\u00f3n","url":"https:\/\/adl-regalosempresa.com\/tiendaonline\/","logo":{"@type":"ImageObject","inLanguage":"es","@id":"https:\/\/adl-regalosempresa.com\/tiendaonline\/#\/schema\/logo\/image\/","url":"https:\/\/adl-regalosempresa.com\/tiendaonline\/wp-content\/uploads\/2017\/09\/logo-adl-wp.png","contentUrl":"https:\/\/adl-regalosempresa.com\/tiendaonline\/wp-content\/uploads\/2017\/09\/logo-adl-wp.png","width":407,"height":185,"caption":"ADL Comunicaci\u00f3n"},"image":{"@id":"https:\/\/adl-regalosempresa.com\/tiendaonline\/#\/schema\/logo\/image\/"}}]}},"_links":{"self":[{"href":"https:\/\/adl-regalosempresa.com\/tiendaonline\/wp-json\/wp\/v2\/product\/110081","targetHints":{"allow":["GET"]}}],"collection":[{"href":"https:\/\/adl-regalosempresa.com\/tiendaonline\/wp-json\/wp\/v2\/product"}],"about":[{"href":"https:\/\/adl-regalosempresa.com\/tiendaonline\/wp-json\/wp\/v2\/types\/product"}],"wp:featuredmedia":[{"embeddable":true,"href":"https:\/\/adl-regalosempresa.com\/tiendaonline\/wp-json\/wp\/v2\/media\/110087"}],"wp:attachment":[{"href":"https:\/\/adl-regalosempresa.com\/tiendaonline\/wp-json\/wp\/v2\/media?parent=110081"}],"wp:term":[{"taxonomy":"product_brand","embeddable":true,"href":"https:\/\/adl-regalosempresa.com\/tiendaonline\/wp-json\/wp\/v2\/product_brand?post=110081"},{"taxonomy":"product_cat","embeddable":true,"href":"https:\/\/adl-regalosempresa.com\/tiendaonline\/wp-json\/wp\/v2\/product_cat?post=110081"},{"taxonomy":"product_tag","embeddable":true,"href":"https:\/\/adl-regalosempresa.com\/tiendaonline\/wp-json\/wp\/v2\/product_tag?post=110081"}],"curies":[{"name":"wp","href":"https:\/\/api.w.org\/{rel}","templated":true}]}}