{"id":109905,"date":"2026-05-17T04:18:23","date_gmt":"2026-05-17T04:18:23","guid":{"rendered":"https:\/\/adl-regalosempresa.com\/tiendaonline\/articulos\/merchandising\/fiambrera-con-aislamiento-para-personalizar\/"},"modified":"2026-05-17T07:24:59","modified_gmt":"2026-05-17T07:24:59","slug":"mepal-fiambrera-doble-500-200-ml-con-aislamiento-ellipse-para-personalizar-con-logo","status":"publish","type":"product","link":"https:\/\/adl-regalosempresa.com\/tiendaonline\/articulos\/merchandising\/mepal-fiambrera-doble-500-200-ml-con-aislamiento-ellipse-para-personalizar-con-logo\/","title":{"rendered":"Mepal fiambrera doble 500+ 200 ml con aislamiento Ellipse para personalizar con logo"},"content":{"rendered":"<p>Fiambrera con aislamiento y dos compartimentos para mantener los ingredientes separados. Ambos recipientes tienen una tapa separada para que los ingredientes no se mezclen. Mantiene la comida caliente durante diez horas y fr\u00eda durante diecis\u00e9is horas. Para que la comida se mantenga caliente o fr\u00eda el mayor tiempo posible, se recomienda enjuagar la fiambrera con agua caliente o fr\u00eda antes de llenarla. El contenido del recipiente transparente superior es de 200 ml, lo que significa que puede contener unos 75 gramos de alimentos s\u00f3lidos. La capacidad del recipiente inferior es de 500 ml. De material duradero, el exterior de la fiambrera se mantiene fresco y seco. Se recomienda lavarla a mano. Las partes de pl\u00e1stico del tap\u00f3n se pueden lavar en el lavavajillas. Herm\u00e9tica. Sin BPA. Garant\u00eda Mepal de 2 a\u00f1os.<\/p>\n","protected":false},"excerpt":{"rendered":"<p><strong>Descuentos por cantidades<\/strong><br \/>&#8211; a partir de 50 unidades: 39,27 \u20ac\/ud<br \/>&#8211; a partir de 100 unidades: 38,49 \u20ac\/ud<br \/>&#8211; a partir de 250 unidades: 38,1 \u20ac\/ud<\/p>\n<p>Para cantidades superiores a las aqu\u00ed indicadas, no dudes en ponerte en contacto con nuestro departamento comercial o <a href='https:\/\/adl-regalosempresa.com\/tiendaonline\/solicitud-presupuesto\/'>pedirnos presupuesto personalizado<\/a>, ajustaremos el presupuesto a tus necesidades.<\/p>\n","protected":false},"featured_media":109907,"template":"","meta":{"_kad_post_transparent":"","_kad_post_title":"","_kad_post_layout":"","_kad_post_sidebar_id":"","_kad_post_content_style":"","_kad_post_vertical_padding":"","_kad_post_feature":"","_kad_post_feature_position":"","_kad_post_header":false,"_kad_post_footer":false,"_kad_post_classname":""},"product_brand":[],"product_cat":[4700,3519],"product_tag":[],"class_list":{"0":"post-109905","1":"product","2":"type-product","3":"status-publish","4":"has-post-thumbnail","6":"product_cat-fiambreras","7":"product_cat-articulos-personalizados-hogar","8":"pa_alto-165-cm","9":"pa_color-plateado","10":"pa_color-titanio","11":"pa_color-simple-gris","12":"pa_diametro-10-cm","13":"pa_marca-mepal","14":"pa_material-plastico-pp-acero-inoxidable-plastico-pctg","15":"pa_peso-363-gr","17":"first","18":"instock","19":"taxable","20":"shipping-taxable","21":"purchasable","22":"product-type-variable","23":"entry","24":"content-bg","25":"loop-entry"},"yoast_head":"<!-- This site is optimized with the Yoast SEO plugin v26.3 - https:\/\/yoast.com\/wordpress\/plugins\/seo\/ -->\n<title>Merchandising Mepal fiambrera doble 500+ 200 ml con aislamiento Ellipse para personalizar con logo - ADL<\/title>\n<meta name=\"description\" content=\"Art\u00edculo de merchandising Mepal fiambrera doble 500+ 200 ml con aislamiento Ellipse. Fiambrera con aislamiento y dos compartimentos para mantener los ingredientes separados. Ambos recipientes tienen una tapa separada para que los ingredientes no se mezclen. Mantiene la comida caliente durante diez horas y fr\u00eda durante diecis\u00e9is horas. Para que la comida se mantenga caliente o fr\u00eda el mayor tiempo posible, se recomienda enjuagar la fiambrera con agua caliente o fr\u00eda antes de llenarla. El contenido del recipiente transparente superior es de 200 ml, lo que significa que puede contener unos 75 gramos de alimentos s\u00f3lidos. La capacidad del recipiente inferior es de 500 ml. De material duradero, el exterior de la fiambrera se mantiene fresco y seco. Se recomienda lavarla a mano. Las partes de pl\u00e1stico del tap\u00f3n se pueden lavar en el lavavajillas. Herm\u00e9tica. Sin BPA. Garant\u00eda Mepal de 2 a\u00f1os.\" \/>\n<meta name=\"robots\" content=\"index, follow, max-snippet:-1, max-image-preview:large, max-video-preview:-1\" \/>\n<link rel=\"canonical\" href=\"https:\/\/adl-regalosempresa.com\/tiendaonline\/articulos\/merchandising\/mepal-fiambrera-doble-500-200-ml-con-aislamiento-ellipse-para-personalizar-con-logo\/\" \/>\n<meta property=\"og:locale\" content=\"es_ES\" \/>\n<meta property=\"og:type\" content=\"article\" \/>\n<meta property=\"og:title\" content=\"Merchandising Mepal fiambrera doble 500+ 200 ml con aislamiento Ellipse para personalizar con logo - ADL\" \/>\n<meta property=\"og:description\" content=\"Art\u00edculo de merchandising Mepal fiambrera doble 500+ 200 ml con aislamiento Ellipse. Fiambrera con aislamiento y dos compartimentos para mantener los ingredientes separados. Ambos recipientes tienen una tapa separada para que los ingredientes no se mezclen. Mantiene la comida caliente durante diez horas y fr\u00eda durante diecis\u00e9is horas. Para que la comida se mantenga caliente o fr\u00eda el mayor tiempo posible, se recomienda enjuagar la fiambrera con agua caliente o fr\u00eda antes de llenarla. El contenido del recipiente transparente superior es de 200 ml, lo que significa que puede contener unos 75 gramos de alimentos s\u00f3lidos. La capacidad del recipiente inferior es de 500 ml. De material duradero, el exterior de la fiambrera se mantiene fresco y seco. Se recomienda lavarla a mano. Las partes de pl\u00e1stico del tap\u00f3n se pueden lavar en el lavavajillas. Herm\u00e9tica. Sin BPA. Garant\u00eda Mepal de 2 a\u00f1os.\" \/>\n<meta property=\"og:url\" content=\"https:\/\/adl-regalosempresa.com\/tiendaonline\/articulos\/merchandising\/mepal-fiambrera-doble-500-200-ml-con-aislamiento-ellipse-para-personalizar-con-logo\/\" \/>\n<meta property=\"og:site_name\" content=\"ADL Comunicaci\u00f3n\" \/>\n<meta property=\"article:modified_time\" content=\"2026-05-17T07:24:59+00:00\" \/>\n<meta property=\"og:image\" content=\"https:\/\/adl-regalosempresa.com\/tiendaonline\/wp-content\/uploads\/2022\/06\/11317781.jpg\" \/>\n\t<meta property=\"og:image:width\" content=\"1600\" \/>\n\t<meta property=\"og:image:height\" content=\"1600\" \/>\n\t<meta property=\"og:image:type\" content=\"image\/jpeg\" \/>\n<meta name=\"twitter:card\" content=\"summary_large_image\" \/>\n<meta name=\"twitter:title\" content=\"Merchandising Mepal fiambrera doble 500+ 200 ml con aislamiento Ellipse para personalizar con logo - ADL\" \/>\n<meta name=\"twitter:label1\" content=\"Tiempo de lectura\" \/>\n\t<meta name=\"twitter:data1\" content=\"1 minuto\" \/>\n<script type=\"application\/ld+json\" class=\"yoast-schema-graph\">{\"@context\":\"https:\/\/schema.org\",\"@graph\":[{\"@type\":\"WebPage\",\"@id\":\"https:\/\/adl-regalosempresa.com\/tiendaonline\/articulos\/merchandising\/mepal-fiambrera-doble-500-200-ml-con-aislamiento-ellipse-para-personalizar-con-logo\/\",\"url\":\"https:\/\/adl-regalosempresa.com\/tiendaonline\/articulos\/merchandising\/mepal-fiambrera-doble-500-200-ml-con-aislamiento-ellipse-para-personalizar-con-logo\/\",\"name\":\"Merchandising Mepal fiambrera doble 500+ 200 ml con aislamiento Ellipse para personalizar con logo - ADL\",\"isPartOf\":{\"@id\":\"https:\/\/adl-regalosempresa.com\/tiendaonline\/#website\"},\"primaryImageOfPage\":{\"@id\":\"https:\/\/adl-regalosempresa.com\/tiendaonline\/articulos\/merchandising\/mepal-fiambrera-doble-500-200-ml-con-aislamiento-ellipse-para-personalizar-con-logo\/#primaryimage\"},\"image\":{\"@id\":\"https:\/\/adl-regalosempresa.com\/tiendaonline\/articulos\/merchandising\/mepal-fiambrera-doble-500-200-ml-con-aislamiento-ellipse-para-personalizar-con-logo\/#primaryimage\"},\"thumbnailUrl\":\"https:\/\/adl-regalosempresa.com\/tiendaonline\/wp-content\/uploads\/2022\/06\/11317781.jpg\",\"datePublished\":\"2026-05-17T04:18:23+00:00\",\"dateModified\":\"2026-05-17T07:24:59+00:00\",\"description\":\"Art\u00edculo de merchandising Mepal fiambrera doble 500+ 200 ml con aislamiento Ellipse. Fiambrera con aislamiento y dos compartimentos para mantener los ingredientes separados. Ambos recipientes tienen una tapa separada para que los ingredientes no se mezclen. Mantiene la comida caliente durante diez horas y fr\u00eda durante diecis\u00e9is horas. Para que la comida se mantenga caliente o fr\u00eda el mayor tiempo posible, se recomienda enjuagar la fiambrera con agua caliente o fr\u00eda antes de llenarla. El contenido del recipiente transparente superior es de 200 ml, lo que significa que puede contener unos 75 gramos de alimentos s\u00f3lidos. La capacidad del recipiente inferior es de 500 ml. De material duradero, el exterior de la fiambrera se mantiene fresco y seco. Se recomienda lavarla a mano. Las partes de pl\u00e1stico del tap\u00f3n se pueden lavar en el lavavajillas. Herm\u00e9tica. Sin BPA. Garant\u00eda Mepal de 2 a\u00f1os.\",\"breadcrumb\":{\"@id\":\"https:\/\/adl-regalosempresa.com\/tiendaonline\/articulos\/merchandising\/mepal-fiambrera-doble-500-200-ml-con-aislamiento-ellipse-para-personalizar-con-logo\/#breadcrumb\"},\"inLanguage\":\"es\",\"potentialAction\":[{\"@type\":\"ReadAction\",\"target\":[\"https:\/\/adl-regalosempresa.com\/tiendaonline\/articulos\/merchandising\/mepal-fiambrera-doble-500-200-ml-con-aislamiento-ellipse-para-personalizar-con-logo\/\"]}]},{\"@type\":\"ImageObject\",\"inLanguage\":\"es\",\"@id\":\"https:\/\/adl-regalosempresa.com\/tiendaonline\/articulos\/merchandising\/mepal-fiambrera-doble-500-200-ml-con-aislamiento-ellipse-para-personalizar-con-logo\/#primaryimage\",\"url\":\"https:\/\/adl-regalosempresa.com\/tiendaonline\/wp-content\/uploads\/2022\/06\/11317781.jpg\",\"contentUrl\":\"https:\/\/adl-regalosempresa.com\/tiendaonline\/wp-content\/uploads\/2022\/06\/11317781.jpg\",\"width\":1600,\"height\":1600,\"caption\":\"Mepal fiambrera doble 500+ 200 ml con aislamiento Ellipse\"},{\"@type\":\"BreadcrumbList\",\"@id\":\"https:\/\/adl-regalosempresa.com\/tiendaonline\/articulos\/merchandising\/mepal-fiambrera-doble-500-200-ml-con-aislamiento-ellipse-para-personalizar-con-logo\/#breadcrumb\",\"itemListElement\":[{\"@type\":\"ListItem\",\"position\":1,\"name\":\"Portada\",\"item\":\"https:\/\/adl-regalosempresa.com\/tiendaonline\/\"},{\"@type\":\"ListItem\",\"position\":2,\"name\":\"Tienda\",\"item\":\"https:\/\/adl-regalosempresa.com\/tiendaonline\/tienda\/\"},{\"@type\":\"ListItem\",\"position\":3,\"name\":\"Mepal fiambrera doble 500+ 200 ml con aislamiento Ellipse para personalizar con logo\"}]},{\"@type\":\"WebSite\",\"@id\":\"https:\/\/adl-regalosempresa.com\/tiendaonline\/#website\",\"url\":\"https:\/\/adl-regalosempresa.com\/tiendaonline\/\",\"name\":\"ADL Comunicaci\u00f3n\",\"description\":\"Regalos de empresa\",\"publisher\":{\"@id\":\"https:\/\/adl-regalosempresa.com\/tiendaonline\/#organization\"},\"potentialAction\":[{\"@type\":\"SearchAction\",\"target\":{\"@type\":\"EntryPoint\",\"urlTemplate\":\"https:\/\/adl-regalosempresa.com\/tiendaonline\/?s={search_term_string}\"},\"query-input\":{\"@type\":\"PropertyValueSpecification\",\"valueRequired\":true,\"valueName\":\"search_term_string\"}}],\"inLanguage\":\"es\"},{\"@type\":\"Organization\",\"@id\":\"https:\/\/adl-regalosempresa.com\/tiendaonline\/#organization\",\"name\":\"ADL Comunicaci\u00f3n\",\"url\":\"https:\/\/adl-regalosempresa.com\/tiendaonline\/\",\"logo\":{\"@type\":\"ImageObject\",\"inLanguage\":\"es\",\"@id\":\"https:\/\/adl-regalosempresa.com\/tiendaonline\/#\/schema\/logo\/image\/\",\"url\":\"https:\/\/adl-regalosempresa.com\/tiendaonline\/wp-content\/uploads\/2017\/09\/logo-adl-wp.png\",\"contentUrl\":\"https:\/\/adl-regalosempresa.com\/tiendaonline\/wp-content\/uploads\/2017\/09\/logo-adl-wp.png\",\"width\":407,\"height\":185,\"caption\":\"ADL Comunicaci\u00f3n\"},\"image\":{\"@id\":\"https:\/\/adl-regalosempresa.com\/tiendaonline\/#\/schema\/logo\/image\/\"}}]}<\/script>\n<!-- \/ Yoast SEO plugin. -->","yoast_head_json":{"title":"Merchandising Mepal fiambrera doble 500+ 200 ml con aislamiento Ellipse para personalizar con logo - ADL","description":"Art\u00edculo de merchandising Mepal fiambrera doble 500+ 200 ml con aislamiento Ellipse. Fiambrera con aislamiento y dos compartimentos para mantener los ingredientes separados. Ambos recipientes tienen una tapa separada para que los ingredientes no se mezclen. Mantiene la comida caliente durante diez horas y fr\u00eda durante diecis\u00e9is horas. Para que la comida se mantenga caliente o fr\u00eda el mayor tiempo posible, se recomienda enjuagar la fiambrera con agua caliente o fr\u00eda antes de llenarla. El contenido del recipiente transparente superior es de 200 ml, lo que significa que puede contener unos 75 gramos de alimentos s\u00f3lidos. La capacidad del recipiente inferior es de 500 ml. De material duradero, el exterior de la fiambrera se mantiene fresco y seco. Se recomienda lavarla a mano. Las partes de pl\u00e1stico del tap\u00f3n se pueden lavar en el lavavajillas. Herm\u00e9tica. Sin BPA. Garant\u00eda Mepal de 2 a\u00f1os.","robots":{"index":"index","follow":"follow","max-snippet":"max-snippet:-1","max-image-preview":"max-image-preview:large","max-video-preview":"max-video-preview:-1"},"canonical":"https:\/\/adl-regalosempresa.com\/tiendaonline\/articulos\/merchandising\/mepal-fiambrera-doble-500-200-ml-con-aislamiento-ellipse-para-personalizar-con-logo\/","og_locale":"es_ES","og_type":"article","og_title":"Merchandising Mepal fiambrera doble 500+ 200 ml con aislamiento Ellipse para personalizar con logo - ADL","og_description":"Art\u00edculo de merchandising Mepal fiambrera doble 500+ 200 ml con aislamiento Ellipse. Fiambrera con aislamiento y dos compartimentos para mantener los ingredientes separados. Ambos recipientes tienen una tapa separada para que los ingredientes no se mezclen. Mantiene la comida caliente durante diez horas y fr\u00eda durante diecis\u00e9is horas. Para que la comida se mantenga caliente o fr\u00eda el mayor tiempo posible, se recomienda enjuagar la fiambrera con agua caliente o fr\u00eda antes de llenarla. El contenido del recipiente transparente superior es de 200 ml, lo que significa que puede contener unos 75 gramos de alimentos s\u00f3lidos. La capacidad del recipiente inferior es de 500 ml. De material duradero, el exterior de la fiambrera se mantiene fresco y seco. Se recomienda lavarla a mano. Las partes de pl\u00e1stico del tap\u00f3n se pueden lavar en el lavavajillas. Herm\u00e9tica. Sin BPA. Garant\u00eda Mepal de 2 a\u00f1os.","og_url":"https:\/\/adl-regalosempresa.com\/tiendaonline\/articulos\/merchandising\/mepal-fiambrera-doble-500-200-ml-con-aislamiento-ellipse-para-personalizar-con-logo\/","og_site_name":"ADL Comunicaci\u00f3n","article_modified_time":"2026-05-17T07:24:59+00:00","og_image":[{"width":1600,"height":1600,"url":"https:\/\/adl-regalosempresa.com\/tiendaonline\/wp-content\/uploads\/2022\/06\/11317781.jpg","type":"image\/jpeg"}],"twitter_card":"summary_large_image","twitter_title":"Merchandising Mepal fiambrera doble 500+ 200 ml con aislamiento Ellipse para personalizar con logo - ADL","twitter_misc":{"Tiempo de lectura":"1 minuto"},"schema":{"@context":"https:\/\/schema.org","@graph":[{"@type":"WebPage","@id":"https:\/\/adl-regalosempresa.com\/tiendaonline\/articulos\/merchandising\/mepal-fiambrera-doble-500-200-ml-con-aislamiento-ellipse-para-personalizar-con-logo\/","url":"https:\/\/adl-regalosempresa.com\/tiendaonline\/articulos\/merchandising\/mepal-fiambrera-doble-500-200-ml-con-aislamiento-ellipse-para-personalizar-con-logo\/","name":"Merchandising Mepal fiambrera doble 500+ 200 ml con aislamiento Ellipse para personalizar con logo - ADL","isPartOf":{"@id":"https:\/\/adl-regalosempresa.com\/tiendaonline\/#website"},"primaryImageOfPage":{"@id":"https:\/\/adl-regalosempresa.com\/tiendaonline\/articulos\/merchandising\/mepal-fiambrera-doble-500-200-ml-con-aislamiento-ellipse-para-personalizar-con-logo\/#primaryimage"},"image":{"@id":"https:\/\/adl-regalosempresa.com\/tiendaonline\/articulos\/merchandising\/mepal-fiambrera-doble-500-200-ml-con-aislamiento-ellipse-para-personalizar-con-logo\/#primaryimage"},"thumbnailUrl":"https:\/\/adl-regalosempresa.com\/tiendaonline\/wp-content\/uploads\/2022\/06\/11317781.jpg","datePublished":"2026-05-17T04:18:23+00:00","dateModified":"2026-05-17T07:24:59+00:00","description":"Art\u00edculo de merchandising Mepal fiambrera doble 500+ 200 ml con aislamiento Ellipse. Fiambrera con aislamiento y dos compartimentos para mantener los ingredientes separados. Ambos recipientes tienen una tapa separada para que los ingredientes no se mezclen. Mantiene la comida caliente durante diez horas y fr\u00eda durante diecis\u00e9is horas. Para que la comida se mantenga caliente o fr\u00eda el mayor tiempo posible, se recomienda enjuagar la fiambrera con agua caliente o fr\u00eda antes de llenarla. El contenido del recipiente transparente superior es de 200 ml, lo que significa que puede contener unos 75 gramos de alimentos s\u00f3lidos. La capacidad del recipiente inferior es de 500 ml. De material duradero, el exterior de la fiambrera se mantiene fresco y seco. Se recomienda lavarla a mano. Las partes de pl\u00e1stico del tap\u00f3n se pueden lavar en el lavavajillas. Herm\u00e9tica. Sin BPA. Garant\u00eda Mepal de 2 a\u00f1os.","breadcrumb":{"@id":"https:\/\/adl-regalosempresa.com\/tiendaonline\/articulos\/merchandising\/mepal-fiambrera-doble-500-200-ml-con-aislamiento-ellipse-para-personalizar-con-logo\/#breadcrumb"},"inLanguage":"es","potentialAction":[{"@type":"ReadAction","target":["https:\/\/adl-regalosempresa.com\/tiendaonline\/articulos\/merchandising\/mepal-fiambrera-doble-500-200-ml-con-aislamiento-ellipse-para-personalizar-con-logo\/"]}]},{"@type":"ImageObject","inLanguage":"es","@id":"https:\/\/adl-regalosempresa.com\/tiendaonline\/articulos\/merchandising\/mepal-fiambrera-doble-500-200-ml-con-aislamiento-ellipse-para-personalizar-con-logo\/#primaryimage","url":"https:\/\/adl-regalosempresa.com\/tiendaonline\/wp-content\/uploads\/2022\/06\/11317781.jpg","contentUrl":"https:\/\/adl-regalosempresa.com\/tiendaonline\/wp-content\/uploads\/2022\/06\/11317781.jpg","width":1600,"height":1600,"caption":"Mepal fiambrera doble 500+ 200 ml con aislamiento Ellipse"},{"@type":"BreadcrumbList","@id":"https:\/\/adl-regalosempresa.com\/tiendaonline\/articulos\/merchandising\/mepal-fiambrera-doble-500-200-ml-con-aislamiento-ellipse-para-personalizar-con-logo\/#breadcrumb","itemListElement":[{"@type":"ListItem","position":1,"name":"Portada","item":"https:\/\/adl-regalosempresa.com\/tiendaonline\/"},{"@type":"ListItem","position":2,"name":"Tienda","item":"https:\/\/adl-regalosempresa.com\/tiendaonline\/tienda\/"},{"@type":"ListItem","position":3,"name":"Mepal fiambrera doble 500+ 200 ml con aislamiento Ellipse para personalizar con logo"}]},{"@type":"WebSite","@id":"https:\/\/adl-regalosempresa.com\/tiendaonline\/#website","url":"https:\/\/adl-regalosempresa.com\/tiendaonline\/","name":"ADL Comunicaci\u00f3n","description":"Regalos de empresa","publisher":{"@id":"https:\/\/adl-regalosempresa.com\/tiendaonline\/#organization"},"potentialAction":[{"@type":"SearchAction","target":{"@type":"EntryPoint","urlTemplate":"https:\/\/adl-regalosempresa.com\/tiendaonline\/?s={search_term_string}"},"query-input":{"@type":"PropertyValueSpecification","valueRequired":true,"valueName":"search_term_string"}}],"inLanguage":"es"},{"@type":"Organization","@id":"https:\/\/adl-regalosempresa.com\/tiendaonline\/#organization","name":"ADL Comunicaci\u00f3n","url":"https:\/\/adl-regalosempresa.com\/tiendaonline\/","logo":{"@type":"ImageObject","inLanguage":"es","@id":"https:\/\/adl-regalosempresa.com\/tiendaonline\/#\/schema\/logo\/image\/","url":"https:\/\/adl-regalosempresa.com\/tiendaonline\/wp-content\/uploads\/2017\/09\/logo-adl-wp.png","contentUrl":"https:\/\/adl-regalosempresa.com\/tiendaonline\/wp-content\/uploads\/2017\/09\/logo-adl-wp.png","width":407,"height":185,"caption":"ADL Comunicaci\u00f3n"},"image":{"@id":"https:\/\/adl-regalosempresa.com\/tiendaonline\/#\/schema\/logo\/image\/"}}]}},"_links":{"self":[{"href":"https:\/\/adl-regalosempresa.com\/tiendaonline\/wp-json\/wp\/v2\/product\/109905","targetHints":{"allow":["GET"]}}],"collection":[{"href":"https:\/\/adl-regalosempresa.com\/tiendaonline\/wp-json\/wp\/v2\/product"}],"about":[{"href":"https:\/\/adl-regalosempresa.com\/tiendaonline\/wp-json\/wp\/v2\/types\/product"}],"wp:featuredmedia":[{"embeddable":true,"href":"https:\/\/adl-regalosempresa.com\/tiendaonline\/wp-json\/wp\/v2\/media\/109907"}],"wp:attachment":[{"href":"https:\/\/adl-regalosempresa.com\/tiendaonline\/wp-json\/wp\/v2\/media?parent=109905"}],"wp:term":[{"taxonomy":"product_brand","embeddable":true,"href":"https:\/\/adl-regalosempresa.com\/tiendaonline\/wp-json\/wp\/v2\/product_brand?post=109905"},{"taxonomy":"product_cat","embeddable":true,"href":"https:\/\/adl-regalosempresa.com\/tiendaonline\/wp-json\/wp\/v2\/product_cat?post=109905"},{"taxonomy":"product_tag","embeddable":true,"href":"https:\/\/adl-regalosempresa.com\/tiendaonline\/wp-json\/wp\/v2\/product_tag?post=109905"}],"curies":[{"name":"wp","href":"https:\/\/api.w.org\/{rel}","templated":true}]}}