{"id":109431,"date":"2026-03-31T04:21:10","date_gmt":"2026-03-31T04:21:10","guid":{"rendered":"https:\/\/adl-regalosempresa.com\/tiendaonline\/articulos\/merchandising\/bateria-externa-inalambrica-de-4000-mah-para-personalizar\/"},"modified":"2026-04-15T08:32:26","modified_gmt":"2026-04-15T08:32:26","slug":"bateria-externa-inalambrica-de-4000-mah-para-personalizar-con-logo","status":"publish","type":"product","link":"https:\/\/adl-regalosempresa.com\/tiendaonline\/articulos\/merchandising\/bateria-externa-inalambrica-de-4000-mah-para-personalizar-con-logo\/","title":{"rendered":"Bater\u00eda externa inal\u00e1mbrica de 4000\u00a0mAh  para personalizar con logo"},"content":{"rendered":"<p>Bater\u00eda externa de 4000\u00a0mAh con carcasa de aluminio. Compatible con carga inal\u00e1mbrica de 5\u00a0W y tambi\u00e9n viene con salida micro USB para realizar la carga con cable. Con la bater\u00eda de pol\u00edmero de litio de 4000\u00a0mAh se puede cargar completamente un smartphone. El indicador de potencia muestra el nivel de la bater\u00eda en todo momento. Puerto de entrada micro USB: Salida 5 V\/2 A: 5 V\/2A. Salida inal\u00e1mbrica de 5\u00a0W. Incluye cable de carga de pl\u00e1stico TPE sin PVC. Se entrega en una caja de regalo est\u00e1ndar.<\/p>\n","protected":false},"excerpt":{"rendered":"<p><strong>Descuentos por cantidades<\/strong><br \/>&#8211; a partir de 25 unidades: 12,85 \u20ac\/ud<br \/>&#8211; a partir de 50 unidades: 12,48 \u20ac\/ud<br \/>&#8211; a partir de 100 unidades: 12,24 \u20ac\/ud<\/p>\n<p>Para cantidades superiores a las aqu\u00ed indicadas, no dudes en ponerte en contacto con nuestro departamento comercial o <a href='https:\/\/adl-regalosempresa.com\/tiendaonline\/solicitud-presupuesto\/'>pedirnos presupuesto personalizado<\/a>, ajustaremos el presupuesto a tus necesidades.<\/p>\n","protected":false},"featured_media":109433,"template":"","meta":{"_kad_post_transparent":"","_kad_post_title":"","_kad_post_layout":"","_kad_post_sidebar_id":"","_kad_post_content_style":"","_kad_post_vertical_padding":"","_kad_post_feature":"","_kad_post_feature_position":"","_kad_post_header":false,"_kad_post_footer":false,"_kad_post_classname":""},"product_brand":[],"product_cat":[5085,486],"product_tag":[],"class_list":{"0":"post-109431","1":"product","2":"type-product","3":"status-publish","4":"has-post-thumbnail","6":"product_cat-baterias-externas","7":"product_cat-tecnologia","8":"pa_alto-1-cm","9":"pa_ancho-68-cm","10":"pa_color-azul-real","11":"pa_color-negro-intenso","12":"pa_color-plateado","13":"pa_color-rojo","14":"pa_color-simple-gris","15":"pa_largo-12-cm","16":"pa_marca-unbranded","17":"pa_material-aluminio-plastico-abs","18":"pa_peso-140-gr","20":"first","21":"instock","22":"taxable","23":"shipping-taxable","24":"purchasable","25":"product-type-variable","26":"entry","27":"content-bg","28":"loop-entry"},"yoast_head":"<!-- This site is optimized with the Yoast SEO plugin v26.3 - https:\/\/yoast.com\/wordpress\/plugins\/seo\/ -->\n<title>Merchandising Bater\u00eda externa inal\u00e1mbrica de 4000\u00a0mAh para personalizar con logo - ADL<\/title>\n<meta name=\"description\" content=\"Art\u00edculo de merchandising Bater\u00eda externa inal\u00e1mbrica de 4000\u00a0mAh &quot;Juice&quot;. Bater\u00eda externa de 4000\u00a0mAh con carcasa de aluminio. Compatible con carga inal\u00e1mbrica de 5\u00a0W y tambi\u00e9n viene con salida micro USB para realizar la carga con cable. Con la bater\u00eda de pol\u00edmero de litio de 4000\u00a0mAh se puede cargar completamente un smartphone. El indicador de potencia muestra el nivel de la bater\u00eda en todo momento. Puerto de entrada micro USB: Salida 5 V\/2 A: 5 V\/2A. Salida inal\u00e1mbrica de 5\u00a0W. Incluye cable de carga de pl\u00e1stico TPE sin PVC. Se entrega en una caja de regalo est\u00e1ndar.\" \/>\n<meta name=\"robots\" content=\"index, follow, max-snippet:-1, max-image-preview:large, max-video-preview:-1\" \/>\n<link rel=\"canonical\" href=\"https:\/\/adl-regalosempresa.com\/tiendaonline\/articulos\/merchandising\/bateria-externa-inalambrica-de-4000-mah-para-personalizar-con-logo\/\" \/>\n<meta property=\"og:locale\" content=\"es_ES\" \/>\n<meta property=\"og:type\" content=\"article\" \/>\n<meta property=\"og:title\" content=\"Merchandising Bater\u00eda externa inal\u00e1mbrica de 4000\u00a0mAh para personalizar con logo - ADL\" \/>\n<meta property=\"og:description\" content=\"Art\u00edculo de merchandising Bater\u00eda externa inal\u00e1mbrica de 4000\u00a0mAh &quot;Juice&quot;. Bater\u00eda externa de 4000\u00a0mAh con carcasa de aluminio. Compatible con carga inal\u00e1mbrica de 5\u00a0W y tambi\u00e9n viene con salida micro USB para realizar la carga con cable. Con la bater\u00eda de pol\u00edmero de litio de 4000\u00a0mAh se puede cargar completamente un smartphone. El indicador de potencia muestra el nivel de la bater\u00eda en todo momento. Puerto de entrada micro USB: Salida 5 V\/2 A: 5 V\/2A. Salida inal\u00e1mbrica de 5\u00a0W. Incluye cable de carga de pl\u00e1stico TPE sin PVC. Se entrega en una caja de regalo est\u00e1ndar.\" \/>\n<meta property=\"og:url\" content=\"https:\/\/adl-regalosempresa.com\/tiendaonline\/articulos\/merchandising\/bateria-externa-inalambrica-de-4000-mah-para-personalizar-con-logo\/\" \/>\n<meta property=\"og:site_name\" content=\"ADL Comunicaci\u00f3n\" \/>\n<meta property=\"article:modified_time\" content=\"2026-04-15T08:32:26+00:00\" \/>\n<meta property=\"og:image\" content=\"https:\/\/adl-regalosempresa.com\/tiendaonline\/wp-content\/uploads\/2022\/06\/12417221.jpg\" \/>\n\t<meta property=\"og:image:width\" content=\"1600\" \/>\n\t<meta property=\"og:image:height\" content=\"1600\" \/>\n\t<meta property=\"og:image:type\" content=\"image\/jpeg\" \/>\n<meta name=\"twitter:card\" content=\"summary_large_image\" \/>\n<meta name=\"twitter:title\" content=\"Merchandising Bater\u00eda externa inal\u00e1mbrica de 4000\u00a0mAh para personalizar con logo - ADL\" \/>\n<script type=\"application\/ld+json\" class=\"yoast-schema-graph\">{\"@context\":\"https:\/\/schema.org\",\"@graph\":[{\"@type\":\"WebPage\",\"@id\":\"https:\/\/adl-regalosempresa.com\/tiendaonline\/articulos\/merchandising\/bateria-externa-inalambrica-de-4000-mah-para-personalizar-con-logo\/\",\"url\":\"https:\/\/adl-regalosempresa.com\/tiendaonline\/articulos\/merchandising\/bateria-externa-inalambrica-de-4000-mah-para-personalizar-con-logo\/\",\"name\":\"Merchandising Bater\u00eda externa inal\u00e1mbrica de 4000\u00a0mAh para personalizar con logo - ADL\",\"isPartOf\":{\"@id\":\"https:\/\/adl-regalosempresa.com\/tiendaonline\/#website\"},\"primaryImageOfPage\":{\"@id\":\"https:\/\/adl-regalosempresa.com\/tiendaonline\/articulos\/merchandising\/bateria-externa-inalambrica-de-4000-mah-para-personalizar-con-logo\/#primaryimage\"},\"image\":{\"@id\":\"https:\/\/adl-regalosempresa.com\/tiendaonline\/articulos\/merchandising\/bateria-externa-inalambrica-de-4000-mah-para-personalizar-con-logo\/#primaryimage\"},\"thumbnailUrl\":\"https:\/\/adl-regalosempresa.com\/tiendaonline\/wp-content\/uploads\/2022\/06\/12417221.jpg\",\"datePublished\":\"2026-03-31T04:21:10+00:00\",\"dateModified\":\"2026-04-15T08:32:26+00:00\",\"description\":\"Art\u00edculo de merchandising Bater\u00eda externa inal\u00e1mbrica de 4000\u00a0mAh \\\"Juice\\\". Bater\u00eda externa de 4000\u00a0mAh con carcasa de aluminio. Compatible con carga inal\u00e1mbrica de 5\u00a0W y tambi\u00e9n viene con salida micro USB para realizar la carga con cable. Con la bater\u00eda de pol\u00edmero de litio de 4000\u00a0mAh se puede cargar completamente un smartphone. El indicador de potencia muestra el nivel de la bater\u00eda en todo momento. Puerto de entrada micro USB: Salida 5 V\/2 A: 5 V\/2A. Salida inal\u00e1mbrica de 5\u00a0W. Incluye cable de carga de pl\u00e1stico TPE sin PVC. Se entrega en una caja de regalo est\u00e1ndar.\",\"breadcrumb\":{\"@id\":\"https:\/\/adl-regalosempresa.com\/tiendaonline\/articulos\/merchandising\/bateria-externa-inalambrica-de-4000-mah-para-personalizar-con-logo\/#breadcrumb\"},\"inLanguage\":\"es\",\"potentialAction\":[{\"@type\":\"ReadAction\",\"target\":[\"https:\/\/adl-regalosempresa.com\/tiendaonline\/articulos\/merchandising\/bateria-externa-inalambrica-de-4000-mah-para-personalizar-con-logo\/\"]}]},{\"@type\":\"ImageObject\",\"inLanguage\":\"es\",\"@id\":\"https:\/\/adl-regalosempresa.com\/tiendaonline\/articulos\/merchandising\/bateria-externa-inalambrica-de-4000-mah-para-personalizar-con-logo\/#primaryimage\",\"url\":\"https:\/\/adl-regalosempresa.com\/tiendaonline\/wp-content\/uploads\/2022\/06\/12417221.jpg\",\"contentUrl\":\"https:\/\/adl-regalosempresa.com\/tiendaonline\/wp-content\/uploads\/2022\/06\/12417221.jpg\",\"width\":1600,\"height\":1600,\"caption\":\"Bater\u00eda externa inal\u00e1mbrica de 4000\u00a0mAh \\\"Juice\\\"\"},{\"@type\":\"BreadcrumbList\",\"@id\":\"https:\/\/adl-regalosempresa.com\/tiendaonline\/articulos\/merchandising\/bateria-externa-inalambrica-de-4000-mah-para-personalizar-con-logo\/#breadcrumb\",\"itemListElement\":[{\"@type\":\"ListItem\",\"position\":1,\"name\":\"Portada\",\"item\":\"https:\/\/adl-regalosempresa.com\/tiendaonline\/\"},{\"@type\":\"ListItem\",\"position\":2,\"name\":\"Tienda\",\"item\":\"https:\/\/adl-regalosempresa.com\/tiendaonline\/tienda\/\"},{\"@type\":\"ListItem\",\"position\":3,\"name\":\"Bater\u00eda externa inal\u00e1mbrica de 4000\u00a0mAh para personalizar con logo\"}]},{\"@type\":\"WebSite\",\"@id\":\"https:\/\/adl-regalosempresa.com\/tiendaonline\/#website\",\"url\":\"https:\/\/adl-regalosempresa.com\/tiendaonline\/\",\"name\":\"ADL Comunicaci\u00f3n\",\"description\":\"Regalos de empresa\",\"publisher\":{\"@id\":\"https:\/\/adl-regalosempresa.com\/tiendaonline\/#organization\"},\"potentialAction\":[{\"@type\":\"SearchAction\",\"target\":{\"@type\":\"EntryPoint\",\"urlTemplate\":\"https:\/\/adl-regalosempresa.com\/tiendaonline\/?s={search_term_string}\"},\"query-input\":{\"@type\":\"PropertyValueSpecification\",\"valueRequired\":true,\"valueName\":\"search_term_string\"}}],\"inLanguage\":\"es\"},{\"@type\":\"Organization\",\"@id\":\"https:\/\/adl-regalosempresa.com\/tiendaonline\/#organization\",\"name\":\"ADL Comunicaci\u00f3n\",\"url\":\"https:\/\/adl-regalosempresa.com\/tiendaonline\/\",\"logo\":{\"@type\":\"ImageObject\",\"inLanguage\":\"es\",\"@id\":\"https:\/\/adl-regalosempresa.com\/tiendaonline\/#\/schema\/logo\/image\/\",\"url\":\"https:\/\/adl-regalosempresa.com\/tiendaonline\/wp-content\/uploads\/2017\/09\/logo-adl-wp.png\",\"contentUrl\":\"https:\/\/adl-regalosempresa.com\/tiendaonline\/wp-content\/uploads\/2017\/09\/logo-adl-wp.png\",\"width\":407,\"height\":185,\"caption\":\"ADL Comunicaci\u00f3n\"},\"image\":{\"@id\":\"https:\/\/adl-regalosempresa.com\/tiendaonline\/#\/schema\/logo\/image\/\"}}]}<\/script>\n<!-- \/ Yoast SEO plugin. -->","yoast_head_json":{"title":"Merchandising Bater\u00eda externa inal\u00e1mbrica de 4000\u00a0mAh para personalizar con logo - ADL","description":"Art\u00edculo de merchandising Bater\u00eda externa inal\u00e1mbrica de 4000\u00a0mAh \"Juice\". Bater\u00eda externa de 4000\u00a0mAh con carcasa de aluminio. Compatible con carga inal\u00e1mbrica de 5\u00a0W y tambi\u00e9n viene con salida micro USB para realizar la carga con cable. Con la bater\u00eda de pol\u00edmero de litio de 4000\u00a0mAh se puede cargar completamente un smartphone. El indicador de potencia muestra el nivel de la bater\u00eda en todo momento. Puerto de entrada micro USB: Salida 5 V\/2 A: 5 V\/2A. Salida inal\u00e1mbrica de 5\u00a0W. Incluye cable de carga de pl\u00e1stico TPE sin PVC. Se entrega en una caja de regalo est\u00e1ndar.","robots":{"index":"index","follow":"follow","max-snippet":"max-snippet:-1","max-image-preview":"max-image-preview:large","max-video-preview":"max-video-preview:-1"},"canonical":"https:\/\/adl-regalosempresa.com\/tiendaonline\/articulos\/merchandising\/bateria-externa-inalambrica-de-4000-mah-para-personalizar-con-logo\/","og_locale":"es_ES","og_type":"article","og_title":"Merchandising Bater\u00eda externa inal\u00e1mbrica de 4000\u00a0mAh para personalizar con logo - ADL","og_description":"Art\u00edculo de merchandising Bater\u00eda externa inal\u00e1mbrica de 4000\u00a0mAh \"Juice\". Bater\u00eda externa de 4000\u00a0mAh con carcasa de aluminio. Compatible con carga inal\u00e1mbrica de 5\u00a0W y tambi\u00e9n viene con salida micro USB para realizar la carga con cable. Con la bater\u00eda de pol\u00edmero de litio de 4000\u00a0mAh se puede cargar completamente un smartphone. El indicador de potencia muestra el nivel de la bater\u00eda en todo momento. Puerto de entrada micro USB: Salida 5 V\/2 A: 5 V\/2A. Salida inal\u00e1mbrica de 5\u00a0W. Incluye cable de carga de pl\u00e1stico TPE sin PVC. Se entrega en una caja de regalo est\u00e1ndar.","og_url":"https:\/\/adl-regalosempresa.com\/tiendaonline\/articulos\/merchandising\/bateria-externa-inalambrica-de-4000-mah-para-personalizar-con-logo\/","og_site_name":"ADL Comunicaci\u00f3n","article_modified_time":"2026-04-15T08:32:26+00:00","og_image":[{"width":1600,"height":1600,"url":"https:\/\/adl-regalosempresa.com\/tiendaonline\/wp-content\/uploads\/2022\/06\/12417221.jpg","type":"image\/jpeg"}],"twitter_card":"summary_large_image","twitter_title":"Merchandising Bater\u00eda externa inal\u00e1mbrica de 4000\u00a0mAh para personalizar con logo - ADL","schema":{"@context":"https:\/\/schema.org","@graph":[{"@type":"WebPage","@id":"https:\/\/adl-regalosempresa.com\/tiendaonline\/articulos\/merchandising\/bateria-externa-inalambrica-de-4000-mah-para-personalizar-con-logo\/","url":"https:\/\/adl-regalosempresa.com\/tiendaonline\/articulos\/merchandising\/bateria-externa-inalambrica-de-4000-mah-para-personalizar-con-logo\/","name":"Merchandising Bater\u00eda externa inal\u00e1mbrica de 4000\u00a0mAh para personalizar con logo - ADL","isPartOf":{"@id":"https:\/\/adl-regalosempresa.com\/tiendaonline\/#website"},"primaryImageOfPage":{"@id":"https:\/\/adl-regalosempresa.com\/tiendaonline\/articulos\/merchandising\/bateria-externa-inalambrica-de-4000-mah-para-personalizar-con-logo\/#primaryimage"},"image":{"@id":"https:\/\/adl-regalosempresa.com\/tiendaonline\/articulos\/merchandising\/bateria-externa-inalambrica-de-4000-mah-para-personalizar-con-logo\/#primaryimage"},"thumbnailUrl":"https:\/\/adl-regalosempresa.com\/tiendaonline\/wp-content\/uploads\/2022\/06\/12417221.jpg","datePublished":"2026-03-31T04:21:10+00:00","dateModified":"2026-04-15T08:32:26+00:00","description":"Art\u00edculo de merchandising Bater\u00eda externa inal\u00e1mbrica de 4000\u00a0mAh \"Juice\". Bater\u00eda externa de 4000\u00a0mAh con carcasa de aluminio. Compatible con carga inal\u00e1mbrica de 5\u00a0W y tambi\u00e9n viene con salida micro USB para realizar la carga con cable. Con la bater\u00eda de pol\u00edmero de litio de 4000\u00a0mAh se puede cargar completamente un smartphone. El indicador de potencia muestra el nivel de la bater\u00eda en todo momento. Puerto de entrada micro USB: Salida 5 V\/2 A: 5 V\/2A. Salida inal\u00e1mbrica de 5\u00a0W. Incluye cable de carga de pl\u00e1stico TPE sin PVC. Se entrega en una caja de regalo est\u00e1ndar.","breadcrumb":{"@id":"https:\/\/adl-regalosempresa.com\/tiendaonline\/articulos\/merchandising\/bateria-externa-inalambrica-de-4000-mah-para-personalizar-con-logo\/#breadcrumb"},"inLanguage":"es","potentialAction":[{"@type":"ReadAction","target":["https:\/\/adl-regalosempresa.com\/tiendaonline\/articulos\/merchandising\/bateria-externa-inalambrica-de-4000-mah-para-personalizar-con-logo\/"]}]},{"@type":"ImageObject","inLanguage":"es","@id":"https:\/\/adl-regalosempresa.com\/tiendaonline\/articulos\/merchandising\/bateria-externa-inalambrica-de-4000-mah-para-personalizar-con-logo\/#primaryimage","url":"https:\/\/adl-regalosempresa.com\/tiendaonline\/wp-content\/uploads\/2022\/06\/12417221.jpg","contentUrl":"https:\/\/adl-regalosempresa.com\/tiendaonline\/wp-content\/uploads\/2022\/06\/12417221.jpg","width":1600,"height":1600,"caption":"Bater\u00eda externa inal\u00e1mbrica de 4000\u00a0mAh \"Juice\""},{"@type":"BreadcrumbList","@id":"https:\/\/adl-regalosempresa.com\/tiendaonline\/articulos\/merchandising\/bateria-externa-inalambrica-de-4000-mah-para-personalizar-con-logo\/#breadcrumb","itemListElement":[{"@type":"ListItem","position":1,"name":"Portada","item":"https:\/\/adl-regalosempresa.com\/tiendaonline\/"},{"@type":"ListItem","position":2,"name":"Tienda","item":"https:\/\/adl-regalosempresa.com\/tiendaonline\/tienda\/"},{"@type":"ListItem","position":3,"name":"Bater\u00eda externa inal\u00e1mbrica de 4000\u00a0mAh para personalizar con logo"}]},{"@type":"WebSite","@id":"https:\/\/adl-regalosempresa.com\/tiendaonline\/#website","url":"https:\/\/adl-regalosempresa.com\/tiendaonline\/","name":"ADL Comunicaci\u00f3n","description":"Regalos de empresa","publisher":{"@id":"https:\/\/adl-regalosempresa.com\/tiendaonline\/#organization"},"potentialAction":[{"@type":"SearchAction","target":{"@type":"EntryPoint","urlTemplate":"https:\/\/adl-regalosempresa.com\/tiendaonline\/?s={search_term_string}"},"query-input":{"@type":"PropertyValueSpecification","valueRequired":true,"valueName":"search_term_string"}}],"inLanguage":"es"},{"@type":"Organization","@id":"https:\/\/adl-regalosempresa.com\/tiendaonline\/#organization","name":"ADL Comunicaci\u00f3n","url":"https:\/\/adl-regalosempresa.com\/tiendaonline\/","logo":{"@type":"ImageObject","inLanguage":"es","@id":"https:\/\/adl-regalosempresa.com\/tiendaonline\/#\/schema\/logo\/image\/","url":"https:\/\/adl-regalosempresa.com\/tiendaonline\/wp-content\/uploads\/2017\/09\/logo-adl-wp.png","contentUrl":"https:\/\/adl-regalosempresa.com\/tiendaonline\/wp-content\/uploads\/2017\/09\/logo-adl-wp.png","width":407,"height":185,"caption":"ADL Comunicaci\u00f3n"},"image":{"@id":"https:\/\/adl-regalosempresa.com\/tiendaonline\/#\/schema\/logo\/image\/"}}]}},"_links":{"self":[{"href":"https:\/\/adl-regalosempresa.com\/tiendaonline\/wp-json\/wp\/v2\/product\/109431","targetHints":{"allow":["GET"]}}],"collection":[{"href":"https:\/\/adl-regalosempresa.com\/tiendaonline\/wp-json\/wp\/v2\/product"}],"about":[{"href":"https:\/\/adl-regalosempresa.com\/tiendaonline\/wp-json\/wp\/v2\/types\/product"}],"wp:featuredmedia":[{"embeddable":true,"href":"https:\/\/adl-regalosempresa.com\/tiendaonline\/wp-json\/wp\/v2\/media\/109433"}],"wp:attachment":[{"href":"https:\/\/adl-regalosempresa.com\/tiendaonline\/wp-json\/wp\/v2\/media?parent=109431"}],"wp:term":[{"taxonomy":"product_brand","embeddable":true,"href":"https:\/\/adl-regalosempresa.com\/tiendaonline\/wp-json\/wp\/v2\/product_brand?post=109431"},{"taxonomy":"product_cat","embeddable":true,"href":"https:\/\/adl-regalosempresa.com\/tiendaonline\/wp-json\/wp\/v2\/product_cat?post=109431"},{"taxonomy":"product_tag","embeddable":true,"href":"https:\/\/adl-regalosempresa.com\/tiendaonline\/wp-json\/wp\/v2\/product_tag?post=109431"}],"curies":[{"name":"wp","href":"https:\/\/api.w.org\/{rel}","templated":true}]}}